{"id":9099,"date":"2022-08-31T11:54:28","date_gmt":"2022-08-31T03:54:28","guid":{"rendered":"https:\/\/myplasticmold.com\/?p=9099"},"modified":"2023-07-19T11:43:06","modified_gmt":"2023-07-19T03:43:06","slug":"por-que-escolher-o-fabricante-de-moldes-plasticos-da-china","status":"publish","type":"page","link":"https:\/\/myplasticmold.com\/pt\/por-que-escolher-o-fabricante-de-moldes-plasticos-da-china","title":{"rendered":"Por que escolher o fabricante de moldes pl\u00e1sticos da China?"},"content":{"rendered":"<p>H\u00e1 muitos motivos para escolher um <a href=\"https:\/\/myplasticmold.com\/pt\/\" target=\"_blank\" rel=\"noreferrer noopener\">Fabricante chin\u00eas de moldes pl\u00e1sticos<\/a> em rela\u00e7\u00e3o a outras op\u00e7\u00f5es. Em primeiro lugar, os fabricantes de moldes chineses costumam ser muito mais baratos do que seus equivalentes nos pa\u00edses desenvolvidos. Isso se deve a uma s\u00e9rie de fatores, incluindo custos de m\u00e3o de obra mais baixos e menos regulamenta\u00e7\u00f5es.<\/p>\n\n\n\n<p>Os fabricantes de moldes chineses t\u00eam acesso a um grande grupo de engenheiros de moldes com uma ampla gama de habilidades. Isso significa que voc\u00ea pode encontrar um fabricante especializado no tipo de molde de pl\u00e1stico que precisa usar.<\/p>\n\n\n\n<figure class=\"wp-block-image aligncenter size-full\"><a href=\"https:\/\/myplasticmold.com\/wp-content\/uploads\/2022\/08\/Water-Well-Drilling.png\"><img loading=\"lazy\" decoding=\"async\" width=\"512\" height=\"512\" src=\"https:\/\/myplasticmold.com\/wp-content\/uploads\/2022\/08\/Water-Well-Drilling.png\" alt=\"\" class=\"wp-image-9062\" srcset=\"https:\/\/myplasticmold.com\/wp-content\/uploads\/2022\/08\/Water-Well-Drilling.png 512w, https:\/\/myplasticmold.com\/wp-content\/uploads\/2022\/08\/Water-Well-Drilling-300x300.png 300w, https:\/\/myplasticmold.com\/wp-content\/uploads\/2022\/08\/Water-Well-Drilling-150x150.png 150w\" sizes=\"auto, (max-width: 512px) 100vw, 512px\" \/><\/a><\/figure>\n\n\n\n<p>Os fabricantes chineses de moldes de inje\u00e7\u00e3o costumam ser muito receptivos a <a href=\"https:\/\/myplasticmold.com\/project-management\/\" target=\"_blank\" rel=\"noreferrer noopener\">necessidades e solicita\u00e7\u00f5es dos clientes<\/a>. Isso significa que voc\u00ea pode ter seu molde de inje\u00e7\u00e3o feito de forma r\u00e1pida e eficiente, sem ter que se preocupar com problemas de controle de qualidade.<\/p>\n\n\n\n<p>Outro motivo para escolher um fabricante chin\u00eas \u00e9 a qualidade de seus produtos e servi\u00e7os. A China tem a reputa\u00e7\u00e3o de produzir produtos de alta qualidade, portanto, voc\u00ea pode ter certeza de que est\u00e1 recebendo o valor do seu dinheiro ao usar um fabricante de moldes de inje\u00e7\u00e3o da China. Al\u00e9m disso, os fabricantes chineses costumam ter um atendimento ao cliente melhor do que outros fornecedores, portanto, voc\u00ea pode esperar ser bem tratado quando trabalhar com eles.<\/p>\n\n\n\n<figure class=\"wp-block-image size-full is-resized\"><a href=\"https:\/\/myplasticmold.com\/wp-content\/uploads\/2022\/05\/40-1-2.jpg\"><img loading=\"lazy\" decoding=\"async\" src=\"https:\/\/myplasticmold.com\/wp-content\/uploads\/2022\/05\/40-1-2.jpg\" alt=\"\" class=\"wp-image-8656\" width=\"670\" height=\"480\" srcset=\"https:\/\/myplasticmold.com\/wp-content\/uploads\/2022\/05\/40-1-2-300x214.jpg 300w, https:\/\/myplasticmold.com\/wp-content\/uploads\/2022\/05\/40-1-2-140x100.jpg 140w\" sizes=\"auto, (max-width: 670px) 100vw, 670px\" \/><\/a><figcaption class=\"wp-element-caption\">Molde pl\u00e1stico da China<\/figcaption><\/figure>\n\n\n\n<h2 class=\"wp-block-heading\">O custo da m\u00e3o de obra no setor de moldes de inje\u00e7\u00e3o da China<\/h2>\n\n\n\n<p>O custo da m\u00e3o de obra no setor de moldes de inje\u00e7\u00e3o da China tem sido um fator importante para que os fabricantes optem por transferir suas opera\u00e7\u00f5es para l\u00e1. Com sal\u00e1rios muito mais baixos do que nos pa\u00edses desenvolvidos, algumas empresas de moldes de pl\u00e1stico podem economizar uma quantia significativa de dinheiro em custos de m\u00e3o de obra.<\/p>\n\n\n\n<p> No entanto, h\u00e1 outros fatores a serem considerados ao escolher um local de fabrica\u00e7\u00e3o de moldes de inje\u00e7\u00e3o, como a qualidade da for\u00e7a de trabalho e da infraestrutura. <\/p>\n\n\n\n<p>Al\u00e9m disso, o governo da China vem investindo pesadamente em intelig\u00eancia artificial e rob\u00f3tica, o que pode levar a custos trabalhistas mais altos \u00e0 medida que mais empregos forem substitu\u00eddos por m\u00e1quinas.<\/p>\n\n\n\n<h2 class=\"wp-block-heading\">A qualidade do molde de pl\u00e1stico da China<\/h2>\n\n\n\n<p>N\u00e3o h\u00e1 como negar que alguns moldes de pl\u00e1stico da China geralmente s\u00e3o de qualidade inferior aos produtos de outros pa\u00edses. Isso se deve a uma s\u00e9rie de fatores, incluindo o fato de que os fabricantes chineses costumam usar materiais de qualidade inferior e nem sempre aderem aos mesmos padr\u00f5es de seguran\u00e7a e qualidade que seus equivalentes nos pa\u00edses desenvolvidos.<\/p>\n\n\n\n<p>Dito isso, n\u00e3o \u00e9 justo agrupar todos os produtos fabricados na China e presumir que s\u00e3o todos inferiores. H\u00e1 muitos moldes de pl\u00e1stico de alta qualidade provenientes da China, especialmente se voc\u00ea souber onde procurar. Em geral, os produtos de fabricantes de moldes pl\u00e1sticos maiores e mais estabelecidos t\u00eam maior probabilidade de serem de melhor qualidade do que os de empresas menores ou menos conhecidas.<\/p>\n\n\n\n<p>Portanto, se voc\u00ea estiver procurando moldes de inje\u00e7\u00e3o de pl\u00e1stico de alta qualidade da China, \u00e9 importante fazer sua pesquisa e escolher seu fornecedor com cuidado.<\/p>\n\n\n\n<h2 class=\"wp-block-heading\">A velocidade do molde de inje\u00e7\u00e3o de pl\u00e1stico na China<\/h2>\n\n\n\n<p>Nos \u00faltimos anos, a velocidade de produ\u00e7\u00e3o na China aumentou drasticamente. Isso se deve a uma s\u00e9rie de fatores, incluindo a crescente disponibilidade de m\u00e3o de obra de alta qualidade e a crescente efici\u00eancia das f\u00e1bricas chinesas.<\/p>\n\n\n\n<p>Um dos fatores mais importantes para a velocidade de produ\u00e7\u00e3o na China \u00e9 a disponibilidade de m\u00e3o de obra de engenharia de alta qualidade. No passado, muitos trabalhadores chineses eram relativamente pouco qualificados e inexperientes. Entretanto, com o desenvolvimento econ\u00f4mico da China, um n\u00famero cada vez maior de trabalhadores tem recebido treinamento e educa\u00e7\u00e3o em t\u00e9cnicas de fabrica\u00e7\u00e3o. Como resultado, eles s\u00e3o capazes de trabalhar com mais rapidez e efici\u00eancia.<\/p>\n\n\n\n<p>Outro fator que contribuiu para a velocidade de produ\u00e7\u00e3o na China \u00e9 a crescente efici\u00eancia das f\u00e1bricas chinesas. Nos \u00faltimos anos, as f\u00e1bricas na China t\u00eam investido pesadamente em novas tecnologias e m\u00e1quinas (CNC, m\u00e1quina de grava\u00e7\u00e3o, EDM...). Como resultado, elas s\u00e3o capazes de produzir bons moldes de pl\u00e1stico em um ritmo muito mais r\u00e1pido do que no passado.<\/p>\n\n\n\n<h2 class=\"wp-block-heading\">O servi\u00e7o: o fabricante de moldes de pl\u00e1stico da China \u00e9 melhor<\/h2>\n\n\n\n<p>H\u00e1 muitos motivos para escolher um fabricante de moldes de inje\u00e7\u00e3o pl\u00e1stica da China em vez de outro servi\u00e7o. Um dos motivos \u00e9 que os fabricantes chineses geralmente t\u00eam pre\u00e7os melhores. Eles podem oferecer pre\u00e7os mais baixos para as ferramentas porque t\u00eam custos indiretos menores e podem fabricar em grandes quantidades. Al\u00e9m disso, os fabricantes chineses geralmente t\u00eam mais experi\u00eancia do que outros servi\u00e7os. Eles est\u00e3o no mercado h\u00e1 mais tempo e estabeleceram rela\u00e7\u00f5es com os fornecedores. Isso significa que eles podem obter produtos de melhor qualidade a pre\u00e7os mais baixos. Por fim, os fabricantes chineses geralmente oferecem melhor atendimento ao cliente. Eles s\u00e3o mais receptivos \u00e0s necessidades e reclama\u00e7\u00f5es dos clientes e t\u00eam maior probabilidade de oferecer uma garantia de satisfa\u00e7\u00e3o.<\/p>\n\n\n\n<h2 class=\"wp-block-heading\">A entrega: o fabricante da China \u00e9 mais r\u00e1pido<\/h2>\n\n\n\n<p>A entrega do fabricante de moldes de pl\u00e1stico da China \u00e9 muito mais r\u00e1pida do que a de outros fornecedores. Isso se deve ao fato de a maioria dos fabricantes estar localizada mais perto dos portos, o que permite que os produtos cheguem mais rapidamente ao cliente. Al\u00e9m disso, o governo chin\u00eas tem investido em projetos de infraestrutura que tornaram mais f\u00e1cil e r\u00e1pido o transporte de mercadorias pelo pa\u00eds.<\/p>\n\n\n\n<p>Os custos de envio dos fabricantes de moldes pl\u00e1sticos da China s\u00e3o muito menores, pois os produtos s\u00e3o enviados diretamente da f\u00e1brica para a sua porta, eliminando a necessidade de armazenamento. A entrega do fabricante de moldes de inje\u00e7\u00e3o da China \u00e9 muito mais r\u00e1pida do que a de outros fornecedores. Isso se deve ao fato de os fabricantes estarem localizados mais perto dos portos, o que permite que os produtos cheguem mais rapidamente ao cliente.<\/p>\n\n\n\n<h2 class=\"wp-block-heading\">Palavras finais: por que devemos escolher o fabricante de moldes de pl\u00e1stico da China<\/h2>\n\n\n\n<p>H\u00e1 muitos motivos para escolher um fabricante chin\u00eas de moldes de inje\u00e7\u00e3o pl\u00e1stica. Eles costumam ser muito mais baratos do que seus equivalentes ocidentais e t\u00eam uma grande variedade de produtos para escolher. Os fabricantes chineses tamb\u00e9m t\u00eam uma boa reputa\u00e7\u00e3o em termos de qualidade e prazos de entrega.<\/p>\n\n\n\n<p>Outro motivo para escolher um fabricante chin\u00eas \u00e9 a variedade de produtos dispon\u00edveis. Eles fazem de tudo, de roupas a eletr\u00f4nicos e brinquedos. Voc\u00ea pode encontrar praticamente tudo o que precisa em um fabricante chin\u00eas.<\/p>\n\n\n\n<p>Por fim, a maioria dos fabricantes chineses tem uma boa reputa\u00e7\u00e3o em termos de qualidade e prazos de entrega. Eles geralmente usam materiais de alta qualidade e seus produtos s\u00e3o feitos para durar.<\/p>","protected":false},"excerpt":{"rendered":"<p>There are many reasons to choose a Chinese plastic mold manufacturer over other options. First, Chinese mold manufacturers are typically much less expensive than their counterparts in developed countries. This is due to a variety of factors, including lower labor costs and fewer regulations. Chinese mold manufacturers have access to a large pool of mold [&hellip;]<\/p>\n","protected":false},"author":3,"featured_media":0,"parent":0,"menu_order":0,"comment_status":"open","ping_status":"open","template":"","meta":{"footnotes":""},"class_list":["post-9099","page","type-page","status-publish","hentry"],"blocksy_meta":{"styles_descriptor":{"styles":{"desktop":"","tablet":"","mobile":""},"google_fonts":[],"version":6}},"_links":{"self":[{"href":"https:\/\/myplasticmold.com\/pt\/wp-json\/wp\/v2\/pages\/9099","targetHints":{"allow":["GET"]}}],"collection":[{"href":"https:\/\/myplasticmold.com\/pt\/wp-json\/wp\/v2\/pages"}],"about":[{"href":"https:\/\/myplasticmold.com\/pt\/wp-json\/wp\/v2\/types\/page"}],"author":[{"embeddable":true,"href":"https:\/\/myplasticmold.com\/pt\/wp-json\/wp\/v2\/users\/3"}],"replies":[{"embeddable":true,"href":"https:\/\/myplasticmold.com\/pt\/wp-json\/wp\/v2\/comments?post=9099"}],"version-history":[{"count":0,"href":"https:\/\/myplasticmold.com\/pt\/wp-json\/wp\/v2\/pages\/9099\/revisions"}],"wp:attachment":[{"href":"https:\/\/myplasticmold.com\/pt\/wp-json\/wp\/v2\/media?parent=9099"}],"curies":[{"name":"wp","href":"https:\/\/api.w.org\/{rel}","templated":true}]}}