{"id":9086,"date":"2022-08-24T19:22:48","date_gmt":"2022-08-24T11:22:48","guid":{"rendered":"https:\/\/myplasticmold.com\/?p=9086"},"modified":"2023-07-19T11:35:24","modified_gmt":"2023-07-19T03:35:24","slug":"o-que-e-moldagem-por-injecao","status":"publish","type":"page","link":"https:\/\/myplasticmold.com\/pt\/o-que-e-moldagem-por-injecao","title":{"rendered":"O que \u00e9 moldagem por inje\u00e7\u00e3o?"},"content":{"rendered":"<h2 class=\"wp-block-heading\">Introdu\u00e7\u00e3o: O que \u00e9 moldagem por inje\u00e7\u00e3o?<\/h2>\n\n\n\n<p>A moldagem por inje\u00e7\u00e3o \u00e9 um processo no qual o material derretido \u00e9 injetado em um molde e deixado esfriar, resultando em uma forma solidificada. A moldagem por inje\u00e7\u00e3o \u00e9 usada para criar uma variedade de objetos, incluindo recipientes para alimentos, dispositivos m\u00e9dicos, brinquedos e muito mais. <\/p>\n\n\n\n<figure class=\"wp-block-image aligncenter size-full\"><a href=\"https:\/\/myplasticmold.com\/wp-content\/uploads\/2022\/08\/Water-Well-Drilling.png\"><img loading=\"lazy\" decoding=\"async\" width=\"512\" height=\"512\" src=\"https:\/\/myplasticmold.com\/wp-content\/uploads\/2022\/08\/Water-Well-Drilling.png\" alt=\"\" class=\"wp-image-9062\" srcset=\"https:\/\/myplasticmold.com\/wp-content\/uploads\/2022\/08\/Water-Well-Drilling.png 512w, https:\/\/myplasticmold.com\/wp-content\/uploads\/2022\/08\/Water-Well-Drilling-300x300.png 300w, https:\/\/myplasticmold.com\/wp-content\/uploads\/2022\/08\/Water-Well-Drilling-150x150.png 150w\" sizes=\"auto, (max-width: 512px) 100vw, 512px\" \/><\/a><\/figure>\n\n\n\n<p>O processo de moldagem por inje\u00e7\u00e3o come\u00e7a com a fus\u00e3o do material pl\u00e1stico. Depois que o material \u00e9 derretido, ele \u00e9 injetado no molde sob alta press\u00e3o. <\/p>\n\n\n\n<p>Em seguida, o pl\u00e1stico derretido esfria e endurece no formato do molde. A moldagem por inje\u00e7\u00e3o \u00e9 uma maneira r\u00e1pida e eficiente de produzir grandes quantidades de objetos.<\/p>\n\n\n\n<h2 class=\"wp-block-heading\">Hist\u00f3ria da moldagem por inje\u00e7\u00e3o<\/h2>\n\n\n\n<p>A moldagem por inje\u00e7\u00e3o \u00e9 um processo que foi inventado em 1800 para criar v\u00e1rios objetos a partir de diferentes materiais. O processo envolve a inje\u00e7\u00e3o de um material fundido em um molde e, em seguida, o resfriamento para que ele assuma a forma do molde. <\/p>\n\n\n\n<p>A moldagem por inje\u00e7\u00e3o tem sido usada para criar tudo, desde objetos pequenos, como bot\u00f5es, at\u00e9 objetos grandes, como pe\u00e7as de autom\u00f3veis.<\/p>\n\n\n\n<figure class=\"wp-block-image aligncenter size-full\"><a href=\"https:\/\/myplasticmold.com\/wp-content\/uploads\/2022\/05\/plastic-molding.jpg\"><img loading=\"lazy\" decoding=\"async\" width=\"448\" height=\"428\" src=\"https:\/\/myplasticmold.com\/wp-content\/uploads\/2022\/05\/plastic-molding.jpg\" alt=\"\" class=\"wp-image-8654\" srcset=\"https:\/\/myplasticmold.com\/wp-content\/uploads\/2022\/05\/plastic-molding.jpg 448w, https:\/\/myplasticmold.com\/wp-content\/uploads\/2022\/05\/plastic-molding-300x287.jpg 300w\" sizes=\"auto, (max-width: 448px) 100vw, 448px\" \/><\/a><\/figure>\n\n\n\n<p>A hist\u00f3ria da moldagem por inje\u00e7\u00e3o pode ser rastreada at\u00e9 1800, quando a primeira m\u00e1quina de moldagem por inje\u00e7\u00e3o foi criada. A m\u00e1quina foi criada por John Wesley Hyatt, que estava tentando encontrar uma maneira de fabricar bolas de bilhar de celuloide. Ele acabou conseguindo criar uma m\u00e1quina capaz de injetar celuloide em um molde e, em seguida, resfri\u00e1-lo para que assumisse a forma desejada.<\/p>\n\n\n\n<h2 class=\"wp-block-heading\">Como funciona a moldagem por inje\u00e7\u00e3o<\/h2>\n\n\n\n<p>A moldagem por inje\u00e7\u00e3o \u00e9 um processo no qual o material fundido \u00e9 injetado em um molde para criar a forma desejada. Normalmente, o material \u00e9 pl\u00e1stico, mas tamb\u00e9m pode ser metal ou cer\u00e2mica. <\/p>\n\n\n\n<p>A moldagem por inje\u00e7\u00e3o \u00e9 usada para criar muitos tipos diferentes de produtos, de dispositivos m\u00e9dicos a brinquedos.<\/p>\n\n\n\n<p>O processo de moldagem por inje\u00e7\u00e3o come\u00e7a com o derretimento do material que ser\u00e1 injetado no molde. Isso pode ser feito usando um aquecedor el\u00e9trico ou uma chama. <\/p>\n\n\n\n<p>Depois que o material \u00e9 derretido, ele \u00e9 injetado no molde sob alta press\u00e3o. Em seguida, o material derretido esfria e endurece dentro do molde para criar a forma desejada.<\/p>\n\n\n\n<p>A moldagem por inje\u00e7\u00e3o \u00e9 uma maneira r\u00e1pida e eficiente de criar um grande n\u00famero de produtos id\u00eanticos. Ela tamb\u00e9m \u00e9 relativamente barata e pode ser usada para criar formas complexas que seriam dif\u00edceis de obter com outros m\u00e9todos de fabrica\u00e7\u00e3o.<\/p>\n\n\n\n<h2 class=\"wp-block-heading\">Os benef\u00edcios da moldagem por inje\u00e7\u00e3o<\/h2>\n\n\n\n<p>A moldagem por inje\u00e7\u00e3o \u00e9 um processo de fabrica\u00e7\u00e3o de pe\u00e7as por meio da inje\u00e7\u00e3o de material fundido em um molde. A moldagem por inje\u00e7\u00e3o pode ser realizada com uma ampla variedade de materiais, incluindo metais, elast\u00f4meros e termopl\u00e1sticos.<\/p>\n\n\n\n<p>A moldagem por inje\u00e7\u00e3o tem muitas vantagens sobre outros m\u00e9todos de fabrica\u00e7\u00e3o de pe\u00e7as pl\u00e1sticas. <\/p>\n\n\n\n<ul class=\"wp-block-list\">\n<li>A moldagem por inje\u00e7\u00e3o \u00e9 <strong>r\u00e1pido, eficiente<\/strong>e pode ser usado para produzir <strong>pe\u00e7as repet\u00edveis e de alta qualidade<\/strong>. Al\u00e9m disso, as pe\u00e7as moldadas por inje\u00e7\u00e3o podem ser feitas de <strong>material reciclado<\/strong>tornando-o uma op\u00e7\u00e3o de fabrica\u00e7\u00e3o sustent\u00e1vel.<\/li>\n<\/ul>\n\n\n\n<ul class=\"wp-block-list\">\n<li><strong>Moldagem por co-inje\u00e7\u00e3o<\/strong> \u00e9 outra vantagem da moldagem por inje\u00e7\u00e3o. A moldagem por co-inje\u00e7\u00e3o permite que dois materiais diferentes sejam injetados no mesmo molde, criando pe\u00e7as com duas cores ou materiais diferentes. Isso pode ser usado para criar uma pe\u00e7a esteticamente mais agrad\u00e1vel ou para criar uma pe\u00e7a com propriedades diferentes (por exemplo, um revestimento externo r\u00edgido e um n\u00facleo interno macio).<\/li>\n<\/ul>\n\n\n\n<ul class=\"wp-block-list\">\n<li> A moldagem por inje\u00e7\u00e3o pode ser realizada com uma ampla variedade de materiais, incluindo <strong>metais, elast\u00f4meros e termopl\u00e1sticos<\/strong>. <strong>Geometrias complexas<\/strong> pode ser produzido com <strong>toler\u00e2ncias r\u00edgidas<\/strong> por meio do uso de moldagem por inje\u00e7\u00e3o. As pe\u00e7as moldadas por inje\u00e7\u00e3o podem ser criadas em uma ampla gama de <strong>variedade de cores e com diferentes acabamentos de superf\u00edcie<\/strong>.<\/li>\n<\/ul>\n\n\n\n<ul class=\"wp-block-list\">\n<li>As pe\u00e7as moldadas por inje\u00e7\u00e3o s\u00e3o normalmente <strong>muito forte<\/strong> e t\u00eam <strong>boa precis\u00e3o dimensional<\/strong>. O processo tamb\u00e9m \u00e9 capaz de produzir pe\u00e7as muito grandes. Outra vantagem da moldagem por inje\u00e7\u00e3o \u00e9 que ela pode ser <strong>automatizado em um alto grau<\/strong>tornando-o adequado para a produ\u00e7\u00e3o em massa.<\/li>\n<\/ul>\n\n\n\n<ul class=\"wp-block-list\">\n<li>As principais vantagens da moldagem por inje\u00e7\u00e3o s\u00e3o <strong>versatilidade e efici\u00eancia<\/strong>. As pe\u00e7as moldadas por inje\u00e7\u00e3o podem ser produzidas muito rapidamente e em grandes quantidades. Al\u00e9m disso, as pe\u00e7as moldadas por inje\u00e7\u00e3o podem ter formatos muito complexos, e o processo de moldagem permite grande precis\u00e3o e repetibilidade.<\/li>\n<\/ul>\n\n\n\n<ul class=\"wp-block-list\">\n<li>A moldagem por inje\u00e7\u00e3o tamb\u00e9m \u00e9 um processo relativamente<strong> processo de fabrica\u00e7\u00e3o de baixo custo<\/strong>. O custo do maquin\u00e1rio necess\u00e1rio para a moldagem por inje\u00e7\u00e3o \u00e9 relativamente alto, <strong>mas, depois que o investimento inicial \u00e9 feito, o custo de produ\u00e7\u00e3o por unidade \u00e9 bastante baixo. <\/strong>Isso torna as pe\u00e7as moldadas por inje\u00e7\u00e3o uma excelente op\u00e7\u00e3o para aplica\u00e7\u00f5es em que s\u00e3o necess\u00e1rias grandes quantidades de pe\u00e7as id\u00eanticas.<\/li>\n<\/ul>\n\n\n\n<figure class=\"wp-block-gallery has-nested-images columns-2 is-cropped wp-block-gallery-1 is-layout-flex wp-block-gallery-is-layout-flex\">\n<figure class=\"wp-block-image size-large\"><a href=\"https:\/\/myplasticmold.com\/wp-content\/uploads\/2022\/05\/28.jpg\"><img loading=\"lazy\" decoding=\"async\" width=\"448\" height=\"428\" data-id=\"8449\" src=\"https:\/\/myplasticmold.com\/wp-content\/uploads\/2022\/05\/28.jpg\" alt=\"Moldagem por inje\u00e7\u00e3o na China\" class=\"wp-image-8449\" srcset=\"https:\/\/myplasticmold.com\/wp-content\/uploads\/2022\/05\/28.jpg 448w, https:\/\/myplasticmold.com\/wp-content\/uploads\/2022\/05\/28-300x287.jpg 300w\" sizes=\"auto, (max-width: 448px) 100vw, 448px\" \/><\/a><figcaption>Moldagem por inje\u00e7\u00e3o na China<\/figcaption><\/figure>\n\n\n\n<figure class=\"wp-block-image size-large\"><a href=\"https:\/\/myplasticmold.com\/wp-content\/uploads\/2022\/05\/21.jpg\"><img loading=\"lazy\" decoding=\"async\" width=\"519\" height=\"427\" data-id=\"8450\" src=\"https:\/\/myplasticmold.com\/wp-content\/uploads\/2022\/05\/21.jpg\" alt=\"moldagem por inje\u00e7\u00e3o\" class=\"wp-image-8450\" srcset=\"https:\/\/myplasticmold.com\/wp-content\/uploads\/2022\/05\/21.jpg 519w, https:\/\/myplasticmold.com\/wp-content\/uploads\/2022\/05\/21-300x247.jpg 300w\" sizes=\"auto, (max-width: 519px) 100vw, 519px\" \/><\/a><figcaption>moldagem por inje\u00e7\u00e3o<\/figcaption><\/figure>\n\n\n\n<figure class=\"wp-block-image size-large\"><a href=\"https:\/\/myplasticmold.com\/wp-content\/uploads\/2022\/05\/29.jpg\"><img loading=\"lazy\" decoding=\"async\" width=\"466\" height=\"323\" data-id=\"8452\" src=\"https:\/\/myplasticmold.com\/wp-content\/uploads\/2022\/05\/29.jpg\" alt=\"moldagem de pl\u00e1stico\" class=\"wp-image-8452\" srcset=\"https:\/\/myplasticmold.com\/wp-content\/uploads\/2022\/05\/29.jpg 466w, https:\/\/myplasticmold.com\/wp-content\/uploads\/2022\/05\/29-300x208.jpg 300w\" sizes=\"auto, (max-width: 466px) 100vw, 466px\" \/><\/a><figcaption>moldagem de pl\u00e1stico<\/figcaption><\/figure>\n\n\n\n<figure class=\"wp-block-image size-large\"><a href=\"https:\/\/myplasticmold.com\/wp-content\/uploads\/2022\/05\/27.jpg\"><img decoding=\"async\" data-id=\"8443\" src=\"https:\/\/myplasticmold.com\/wp-content\/uploads\/2022\/05\/27.jpg\" alt=\"Moldagem por inje\u00e7\u00e3o de ABS\" class=\"wp-image-8443\"\/><\/a><figcaption>Moldagem por inje\u00e7\u00e3o de ABS<\/figcaption><\/figure>\n\n\n\n<figure class=\"wp-block-image size-large\"><a href=\"https:\/\/myplasticmold.com\/wp-content\/uploads\/2022\/05\/25.jpg\"><img loading=\"lazy\" decoding=\"async\" width=\"504\" height=\"440\" data-id=\"8378\" src=\"https:\/\/myplasticmold.com\/wp-content\/uploads\/2022\/05\/25.jpg\" alt=\"moldagem por inje\u00e7\u00e3o de baixo volume\" class=\"wp-image-8378\" srcset=\"https:\/\/myplasticmold.com\/wp-content\/uploads\/2022\/05\/25.jpg 504w, https:\/\/myplasticmold.com\/wp-content\/uploads\/2022\/05\/25-300x262.jpg 300w\" sizes=\"auto, (max-width: 504px) 100vw, 504px\" \/><\/a><figcaption>moldagem por inje\u00e7\u00e3o de baixo volume<\/figcaption><\/figure>\n\n\n\n<figure class=\"wp-block-image size-large\"><a href=\"https:\/\/myplasticmold.com\/wp-content\/uploads\/2020\/10\/4714_injection-molding-1-960x400-1-1_nl9pwd.jpg\"><img loading=\"lazy\" decoding=\"async\" width=\"960\" height=\"400\" data-id=\"6885\" src=\"https:\/\/myplasticmold.com\/wp-content\/uploads\/2020\/10\/4714_injection-molding-1-960x400-1-1_nl9pwd.jpg\" alt=\"moldagem por inje\u00e7\u00e3o de ABS\" class=\"wp-image-6885\" srcset=\"https:\/\/myplasticmold.com\/wp-content\/uploads\/2020\/10\/4714_injection-molding-1-960x400-1-1_nl9pwd.jpg 960w, https:\/\/myplasticmold.com\/wp-content\/uploads\/2020\/10\/4714_injection-molding-1-960x400-1-1_nl9pwd-300x125.jpg 300w, https:\/\/myplasticmold.com\/wp-content\/uploads\/2020\/10\/4714_injection-molding-1-960x400-1-1_nl9pwd-768x320.jpg 768w\" sizes=\"auto, (max-width: 960px) 100vw, 960px\" \/><\/a><figcaption>moldagem por inje\u00e7\u00e3o de ABS<\/figcaption><\/figure>\n<\/figure>\n\n\n\n<h2 class=\"wp-block-heading\">As desvantagens da moldagem por inje\u00e7\u00e3o<\/h2>\n\n\n\n<p>Embora a moldagem por inje\u00e7\u00e3o seja um processo de fabrica\u00e7\u00e3o amplamente utilizado, h\u00e1 v\u00e1rias desvantagens que podem ocorrer durante o processo de moldagem por inje\u00e7\u00e3o. <\/p>\n\n\n\n<ul class=\"wp-block-list\">\n<li>Uma das maiores desvantagens da moldagem por inje\u00e7\u00e3o \u00e9 a<strong> alto custo de investimento inicial<\/strong>. O custo do molde sozinho pode ser de centenas de milhares de d\u00f3lares ou mais. E se voc\u00ea tiver uma produ\u00e7\u00e3o muito pequena, talvez n\u00e3o valha a pena investir no molde. Portanto, se voc\u00ea for uma empresa de pequeno porte e precisar fabricar apenas uma centena de pe\u00e7as para a sua linha de produtos, o uso de ferramentas de alto custo n\u00e3o \u00e9 uma op\u00e7\u00e3o. Mas mesmo as grandes empresas precisam enfrentar esse problema.&nbsp;<\/li>\n<\/ul>\n\n\n\n<ul class=\"wp-block-list\">\n<li>Al\u00e9m do custo do molde, h\u00e1 tamb\u00e9m os custos do <strong>m\u00e1quina de inje\u00e7\u00e3o e equipamento auxiliar<\/strong>. Todos esses fatores se somam para tornar a moldagem por inje\u00e7\u00e3o uma proposta muito cara para pequenas empresas ou para qualquer pessoa que esteja procurando criar prot\u00f3tipos ou pequenas s\u00e9ries de produ\u00e7\u00e3o.<\/li>\n<\/ul>\n\n\n\n<ul class=\"wp-block-list\">\n<li>Outra desvantagem da moldagem por inje\u00e7\u00e3o \u00e9 que <strong>prazos de entrega iniciais<\/strong> para uma pe\u00e7a moldada por inje\u00e7\u00e3o s\u00e3o <strong>bastante longo<\/strong>. Uma pe\u00e7a moldada por inje\u00e7\u00e3o pode levar de 4 a 12 semanas para ser fabricada, dependendo da complexidade do projeto e do tamanho do pedido. Isso pode ser um problema se voc\u00ea precisar de pe\u00e7as rapidamente ou se n\u00e3o tiver tempo para esperar por elas. &nbsp;<\/li>\n<\/ul>\n\n\n\n<h2 class=\"wp-block-heading\">Conclus\u00e3o<\/h2>\n\n\n\n<p>A moldagem por inje\u00e7\u00e3o \u00e9 um processo que existe h\u00e1 s\u00e9culos, mas sua forma moderna remonta ao final do s\u00e9culo XIX. O processo foi desenvolvido inicialmente para a produ\u00e7\u00e3o em massa de objetos de metal, mas logo foi adaptado para uso com pl\u00e1sticos. A moldagem por inje\u00e7\u00e3o tornou-se rapidamente o m\u00e9todo preferido para a fabrica\u00e7\u00e3o de pe\u00e7as pl\u00e1sticas, devido \u00e0 sua alta efici\u00eancia e baixo custo. Atualmente, a moldagem por inje\u00e7\u00e3o \u00e9 usada para produzir uma grande variedade de produtos, de dispositivos m\u00e9dicos a brinquedos.<\/p>\n\n\n\n<p>A conclus\u00e3o da moldagem por inje\u00e7\u00e3o \u00e9 que se trata de um processo de fabrica\u00e7\u00e3o vers\u00e1til e eficiente que pode ser usado para produzir uma ampla gama de produtos. A moldagem por inje\u00e7\u00e3o tem muitas vantagens sobre outros m\u00e9todos de fabrica\u00e7\u00e3o, incluindo a alta velocidade, o baixo custo e a capacidade de produzir formas complexas.<\/p>","protected":false},"excerpt":{"rendered":"<p>Introduction: What is injection molding? Injection molding is a process in which molten material is injected into a mold and allowed to cool, resulting in a solidified shape. Injection molding is used to create a variety of objects, including food containers, medical devices, toys, and more. The injection molding process begins with melting the plastic [&hellip;]<\/p>\n","protected":false},"author":3,"featured_media":0,"parent":0,"menu_order":0,"comment_status":"open","ping_status":"open","template":"","meta":{"footnotes":""},"class_list":["post-9086","page","type-page","status-publish","hentry"],"blocksy_meta":{"styles_descriptor":{"styles":{"desktop":"","tablet":"","mobile":""},"google_fonts":[],"version":6}},"_links":{"self":[{"href":"https:\/\/myplasticmold.com\/pt\/wp-json\/wp\/v2\/pages\/9086","targetHints":{"allow":["GET"]}}],"collection":[{"href":"https:\/\/myplasticmold.com\/pt\/wp-json\/wp\/v2\/pages"}],"about":[{"href":"https:\/\/myplasticmold.com\/pt\/wp-json\/wp\/v2\/types\/page"}],"author":[{"embeddable":true,"href":"https:\/\/myplasticmold.com\/pt\/wp-json\/wp\/v2\/users\/3"}],"replies":[{"embeddable":true,"href":"https:\/\/myplasticmold.com\/pt\/wp-json\/wp\/v2\/comments?post=9086"}],"version-history":[{"count":0,"href":"https:\/\/myplasticmold.com\/pt\/wp-json\/wp\/v2\/pages\/9086\/revisions"}],"wp:attachment":[{"href":"https:\/\/myplasticmold.com\/pt\/wp-json\/wp\/v2\/media?parent=9086"}],"curies":[{"name":"wp","href":"https:\/\/api.w.org\/{rel}","templated":true}]}}