{"id":7871,"date":"2022-02-28T11:18:04","date_gmt":"2022-02-28T03:18:04","guid":{"rendered":"https:\/\/myplasticmold.com\/?p=7871"},"modified":"2022-03-16T17:41:58","modified_gmt":"2022-03-16T09:41:58","slug":"um-guia-para-compradores-de-moldes-nos-eua","status":"publish","type":"page","link":"https:\/\/myplasticmold.com\/pt\/um-guia-para-compradores-de-moldes-nos-eua","title":{"rendered":"Um guia do comprador do USA Mold: O que voc\u00ea precisa saber?"},"content":{"rendered":"<p>Esta \u00e9 uma lista de sugest\u00f5es de compradores de moldes pl\u00e1sticos dos EUA sobre como adquirir um molde pl\u00e1stico bem feito.<\/p>\n\n\n\n<p>\u00c9 um fato conhecido que <a href=\"https:\/\/myplasticmold.com\/pt\/\">moldes de pl\u00e1stico<\/a> s\u00e3o uma commodity. O setor de moldagem por inje\u00e7\u00e3o est\u00e1 muito familiarizado com essa afirma\u00e7\u00e3o, pois ela se tornou a atitude dominante em rela\u00e7\u00e3o \u00e0 contrata\u00e7\u00e3o de funcion\u00e1rios que n\u00e3o entendem o complicado processo envolvido na moldagem por inje\u00e7\u00e3o. Devido \u00e0 minha experi\u00eancia tanto na venda de moldes de inje\u00e7\u00e3o para compradores quanto na compra de moldes de inje\u00e7\u00e3o como gerente de compras, posso oferecer alguns insights que podem ser \u00fateis para aqueles que compram e vendem moldes.<\/p>\n\n\n\n<div class=\"wp-block-image\"><figure class=\"aligncenter\"><img loading=\"lazy\" decoding=\"async\" width=\"960\" height=\"400\" src=\"https:\/\/myplasticmold.com\/wp-content\/uploads\/2020\/04\/5542_CNCE8BDA6E997B4-960x400-1-1_tw1eu4.jpg\" alt=\"f\u00e1brica de moldes de pl\u00e1stico\" class=\"wp-image-6898\" srcset=\"https:\/\/myplasticmold.com\/wp-content\/uploads\/2020\/04\/5542_CNCE8BDA6E997B4-960x400-1-1_tw1eu4.jpg 960w, https:\/\/myplasticmold.com\/wp-content\/uploads\/2020\/04\/5542_CNCE8BDA6E997B4-960x400-1-1_tw1eu4-300x125.jpg 300w, https:\/\/myplasticmold.com\/wp-content\/uploads\/2020\/04\/5542_CNCE8BDA6E997B4-960x400-1-1_tw1eu4-768x320.jpg 768w\" sizes=\"auto, (max-width: 960px) 100vw, 960px\" \/><\/figure><\/div>\n\n\n\n<p><strong>Respostas a seis perguntas<\/strong><\/p>\n\n\n\n<p>A fun\u00e7\u00e3o dos compradores de moldes \u00e9 implementar<a href=\"https:\/\/myplasticmold.com\/plastic-molding-process-timing-shipment.html\/\"> um processo de fabrica\u00e7\u00e3o bem-sucedido<\/a> ou para garantir que a empresa perca a lucratividade. A compra do produto errado prejudica a produtividade. Um molde deve ser avaliado com base em mais do que pre\u00e7o e entrega. N\u00e3o \u00e9 poss\u00edvel calcular o melhor pre\u00e7o de molde a partir do tamanho da pe\u00e7a, do n\u00famero de a\u00e7\u00f5es deslizantes, do tipo de a\u00e7o e do local de fabrica\u00e7\u00e3o usando uma planilha. Esse n\u00e3o \u00e9 um processo simples.<\/p>\n\n\n\n<p>Essas seis perguntas devem ser respondidas pelos gerentes de compras a fim de maximizar o lucro e aprimorar suas habilidades de compra.<\/p>\n\n\n\n<h3 class=\"wp-block-heading\"> Como funciona um molde de inje\u00e7\u00e3o? <\/h3>\n\n\n\n<p>Pl\u00e1stico que foi aquecido e resfriado em uma pe\u00e7a. Os tempos de reciclagem s\u00e3o mais r\u00e1pidos quando o calor do pl\u00e1stico derretido \u00e9 dissipado rapidamente de um molde. Quais produtos voc\u00ea vende? Tempo de imprensa. Meu objetivo \u00e9 encontrar fornecedores que possam projetar e desenvolver sistemas de resfriamento e sistemas de entrega de material fundido para reduzir o tempo de ciclo, a sucata e o desperd\u00edcio. O custo do molde pode surgir de tempos em tempos, mas por meio de duas ferramentas simples de justificativa, tempo de ciclo e redu\u00e7\u00e3o de sucata, o custo pode ser justificado.<\/p>\n\n\n\n<p>H\u00e1 tamb\u00e9m v\u00e1rios outros fatores que afetam o custo total e o desempenho de um molde, inclusive o tamanho do molde, o n\u00famero de a\u00e7\u00f5es de deslizamento, o tipo de a\u00e7o e a localiza\u00e7\u00e3o da ferramenta. Ao trabalhar com os engenheiros ou fornecedores de ferramentas, voc\u00ea pode saber mais sobre o que est\u00e1 comprando e como justificar os custos. \u00c9 poss\u00edvel aumentar a lucratividade e a produtividade da empresa se o molde for comprado por um pre\u00e7o mais alto.<\/p>\n\n\n\n<h3 class=\"wp-block-heading\"> Voc\u00ea usa muitos fornecedores? <\/h3>\n\n\n\n<p>Para aumentar meu poder de compra, reduzi minha base de fornecedores. Meu fornecedor pode me fornecer um pacote de ferramentas que atenda \u00e0s minhas necessidades e reduza meus custos. Na EIG Industries, um fornecedor automotivo de n\u00edvel e moldador m\u00e9dico, quando comecei como gerente de compras, havia mais de 40 fornecedores de moldes aprovados nas instala\u00e7\u00f5es. Gra\u00e7as aos meus esfor\u00e7os, esse n\u00famero foi reduzido para 18. Meu processo de aprova\u00e7\u00e3o baseou-se nos tipos de moldes que cada fornecedor produzia melhor no pr\u00e9dio, bem como em sua localiza\u00e7\u00e3o.<\/p>\n\n\n\n<p>Sou capaz de negociar o melhor equil\u00edbrio entre pre\u00e7o, qualidade e entrega, buscando o ponto ideal do fornecedor. Quando entrei na EGI, eu era respons\u00e1vel por um programa de ferramentas de $5 milh\u00f5es. Meu or\u00e7amento de ferramentas foi reduzido em $50k ou $450k porque comprei os moldes certos e obtive os pacotes de ferramentas certos.<\/p>\n\n\n\n<div class=\"wp-block-image\"><figure class=\"aligncenter\"><img loading=\"lazy\" decoding=\"async\" width=\"785\" height=\"442\" src=\"https:\/\/myplasticmold.com\/wp-content\/uploads\/2021\/04\/topwox_plastic_mold_0004_1_qfeu3c.jpg\" alt=\"\" class=\"wp-image-6615\" srcset=\"https:\/\/myplasticmold.com\/wp-content\/uploads\/2021\/04\/topwox_plastic_mold_0004_1_qfeu3c.jpg 785w, https:\/\/myplasticmold.com\/wp-content\/uploads\/2021\/04\/topwox_plastic_mold_0004_1_qfeu3c-300x169.jpg 300w, https:\/\/myplasticmold.com\/wp-content\/uploads\/2021\/04\/topwox_plastic_mold_0004_1_qfeu3c-768x432.jpg 768w\" sizes=\"auto, (max-width: 785px) 100vw, 785px\" \/><\/figure><\/div>\n\n\n\n<h3 class=\"wp-block-heading\"> Voc\u00ea est\u00e1 em dia com seus pagamentos? <\/h3>\n\n\n\n<p>A reputa\u00e7\u00e3o de pagar em dia \u00e9 outra forma de reduzir custos. O fornecedor corre um risco maior de n\u00e3o receber o pagamento no prazo, o que pode levar \u00e0 necessidade de financiamento banc\u00e1rio. Sua melhor op\u00e7\u00e3o \u00e9 negociar uma redu\u00e7\u00e3o de custos com seus fornecedores para pagamento imediato ou antecipado. A redu\u00e7\u00e3o de custos deve ser em torno de 2-2,5%.<\/p>\n\n\n\n<h3 class=\"wp-block-heading\"> Sua empresa precisa de condi\u00e7\u00f5es de pagamento estendidas? <\/h3>\n\n\n\n<p>Devido ao fato de que precisamos expandir os termos de pagamento para aumentar o fluxo de caixa e o EBITDA, os termos s\u00e3o dif\u00edceis. No entanto, temos outras op\u00e7\u00f5es. Lojas grandes e financeiramente est\u00e1veis s\u00e3o capazes de oferecer condi\u00e7\u00f5es de pagamento estendidas. Em compara\u00e7\u00e3o com as lojas de moldes dos Estados Unidos, as lojas de moldes canadenses podem obter seguro governamental para receb\u00edveis por meio do Export Development Canada. A oficina agora pode obter melhores taxas de juros e maiores linhas de cr\u00e9dito devido \u00e0 redu\u00e7\u00e3o do risco banc\u00e1rio. Fatorar as contas a receber para um banco que conhece o processo de design de ferramentas automotivas \u00e9 outra maneira de obter prazos mais longos. Ao usar esse processo, reduzi os custos iniciais das ferramentas, o que ajudou a compensar os custos de factoring. Os resultados foram positivos tanto para a empresa quanto para seus fornecedores. Sua equipe financeira e seus fornecedores podem ajud\u00e1-lo a encontrar uma solu\u00e7\u00e3o que atenda \u00e0s suas necessidades.<\/p>\n\n\n\n<h3 class=\"wp-block-heading\"> Por quanto tempo o fornecedor estar\u00e1 em atividade para atender \u00e0s suas necessidades? O neg\u00f3cio \u00e9 saud\u00e1vel? <\/h3>\n\n\n\n<p>Quando um molde est\u00e1 sendo constru\u00eddo, a \u00faltima coisa que se deseja \u00e9 que um fornecedor saia do mercado. A fabrica\u00e7\u00e3o de moldes \u00e9 um neg\u00f3cio desafiador. Um construtor de moldes n\u00e3o \u00e9 apreciado pelos bancos porque s\u00e3o ca\u00e7adores e coletores que n\u00e3o sabem onde encontrar\u00e3o o pr\u00f3ximo emprego. Fornecedores financeiramente saud\u00e1veis devem capacitar sua equipe, investir no futuro com programas de treinamento e aprendizagem e ter um plano de sucess\u00e3o. Levar em conta esses fatores o ajudar\u00e1 a determinar se uma empresa \u00e9 gerenciada adequadamente ou se est\u00e1 sendo gerenciada pela empresa, o que nunca \u00e9 uma boa ideia. Os construtores de moldes geralmente s\u00e3o privados, portanto, descobrir esses detalhes pode ser um desafio, por isso recomendo conhecer seus propriet\u00e1rios e executivos.<\/p>\n\n\n\n<h3 class=\"wp-block-heading\"> Qual fornecedor voc\u00ea deve escolher? <\/h3>\n\n\n\n<p>V\u00e1rios fatores influenciam as decis\u00f5es de concess\u00e3o de neg\u00f3cios. Al\u00e9m de pre\u00e7o, qualidade e entrega, uma matriz Pugh \u00e9 usada para construir um m\u00e9todo de sele\u00e7\u00e3o que leva em conta a experi\u00eancia do fornecedor, a cultura da empresa, a sa\u00fade financeira e a capacidade do fornecedor de atender aos meus requisitos. Quando escolho um fornecedor em vez de outro, posso ser objetivo em rela\u00e7\u00e3o ao meu processo de tomada de decis\u00e3o e apresentar um motivo quantitativo para minha decis\u00e3o.<\/p>\n\n\n\n<p>Esperamos que, ao seguir algumas das recomenda\u00e7\u00f5es acima, voc\u00ea possa reduzir seus custos com moldes e, ao mesmo tempo, aumentar a for\u00e7a de seus relacionamentos com fornecedores.<\/p>\n\n\n\n<p><\/p>","protected":false},"excerpt":{"rendered":"<p>This is a list of USA plastic mold buyers&#8217; suggestions for how to purchase a well-made plastic mold. It is a known fact that plastic molds are a commodity. The injection molding industry has become all too familiar with this statement as it has become the dominant attitude toward hiring employees that do not understand [&hellip;]<\/p>\n","protected":false},"author":3,"featured_media":0,"parent":0,"menu_order":0,"comment_status":"open","ping_status":"open","template":"","meta":{"footnotes":""},"class_list":["post-7871","page","type-page","status-publish","hentry"],"blocksy_meta":{"styles_descriptor":{"styles":{"desktop":"","tablet":"","mobile":""},"google_fonts":[],"version":6}},"_links":{"self":[{"href":"https:\/\/myplasticmold.com\/pt\/wp-json\/wp\/v2\/pages\/7871","targetHints":{"allow":["GET"]}}],"collection":[{"href":"https:\/\/myplasticmold.com\/pt\/wp-json\/wp\/v2\/pages"}],"about":[{"href":"https:\/\/myplasticmold.com\/pt\/wp-json\/wp\/v2\/types\/page"}],"author":[{"embeddable":true,"href":"https:\/\/myplasticmold.com\/pt\/wp-json\/wp\/v2\/users\/3"}],"replies":[{"embeddable":true,"href":"https:\/\/myplasticmold.com\/pt\/wp-json\/wp\/v2\/comments?post=7871"}],"version-history":[{"count":0,"href":"https:\/\/myplasticmold.com\/pt\/wp-json\/wp\/v2\/pages\/7871\/revisions"}],"wp:attachment":[{"href":"https:\/\/myplasticmold.com\/pt\/wp-json\/wp\/v2\/media?parent=7871"}],"curies":[{"name":"wp","href":"https:\/\/api.w.org\/{rel}","templated":true}]}}