{"id":7755,"date":"2021-05-12T20:35:58","date_gmt":"2021-05-12T12:35:58","guid":{"rendered":"https:\/\/myplasticmold.com\/?page_id=7755"},"modified":"2024-08-14T14:31:52","modified_gmt":"2024-08-14T06:31:52","slug":"empresa-de-moldagem-por-injecao-de-policarbonato","status":"publish","type":"page","link":"https:\/\/myplasticmold.com\/pt\/empresa-de-moldagem-por-injecao-de-policarbonato","title":{"rendered":"Empresa de moldagem por inje\u00e7\u00e3o de policarbonato da China-Topworks"},"content":{"rendered":"<h1 class=\"wp-block-heading\">Empresa de moldagem por inje\u00e7\u00e3o de policarbonato da China<\/h1>\n\n\n\n<figure class=\"wp-block-image aligncenter\"><img decoding=\"async\" src=\"https:\/\/res.cloudinary.com\/dl8a9jvpa\/images\/f_auto,q_auto\/w_1139,h_562\/v1576147197\/20191212182141_1_m6f0tw\/20191212182141_1_m6f0tw.png\" alt=\"moldagem por inje\u00e7\u00e3o de policarbonato\"\/><\/figure>\n\n\n\n<p>Voc\u00ea provavelmente estaria interessado em encontrar um fabricante e designer especializado em <a href=\"https:\/\/myplasticmold.com\/pt\/empresa-de-moldagem-por-injecao-de-policarbonato\">moldagem por inje\u00e7\u00e3o de policarbonato<\/a> que tem a reputa\u00e7\u00e3o de fornecer produtos dur\u00e1veis e econ\u00f4micos. (t\u00e3o baixo quanto $5 por pe\u00e7a em alguns casos).<\/p>\n\n\n\n<p>A Topworks Plastic Mold \u00e9 especializada na moldagem por inje\u00e7\u00e3o de policarbonato na China. Caso esteja procurando uma empresa de moldagem de policarbonato que possa ajud\u00e1-lo, n\u00f3s podemos ajud\u00e1-lo.<\/p>\n\n\n\n<p>Nossa experi\u00eancia em design, ferramental e produ\u00e7\u00e3o de produtos de policarbonato moldado por inje\u00e7\u00e3o de alta qualidade foi desenvolvida nos \u00faltimos dez anos, o que nos permite fornecer produtos excelentes a pre\u00e7os razo\u00e1veis, tanto em n\u00edvel nacional quanto internacional. Por outro lado, a Topworks tem como objetivo oferecer a melhor qualidade do setor.<\/p>\n\n\n\n<figure class=\"wp-block-gallery has-nested-images columns-default is-cropped wp-block-gallery-1 is-layout-flex wp-block-gallery-is-layout-flex\">\n<figure class=\"wp-block-image size-large\"><a href=\"https:\/\/myplasticmold.com\/wp-content\/uploads\/2023\/05\/20191212191435_xpat8o.png\"><img loading=\"lazy\" decoding=\"async\" width=\"720\" height=\"465\" data-id=\"9478\" src=\"https:\/\/myplasticmold.com\/wp-content\/uploads\/2023\/05\/20191212191435_xpat8o.png\" alt=\"\" class=\"wp-image-9478\" srcset=\"https:\/\/myplasticmold.com\/wp-content\/uploads\/2023\/05\/20191212191435_xpat8o.png 720w, https:\/\/myplasticmold.com\/wp-content\/uploads\/2023\/05\/20191212191435_xpat8o-300x194.png 300w\" sizes=\"auto, (max-width: 720px) 100vw, 720px\" \/><\/a><\/figure>\n\n\n\n<figure class=\"wp-block-image size-large\"><a href=\"https:\/\/myplasticmold.com\/wp-content\/uploads\/2023\/05\/20191212191930_y5ya46.png\"><img loading=\"lazy\" decoding=\"async\" width=\"720\" height=\"309\" data-id=\"9479\" src=\"https:\/\/myplasticmold.com\/wp-content\/uploads\/2023\/05\/20191212191930_y5ya46.png\" alt=\"\" class=\"wp-image-9479\" srcset=\"https:\/\/myplasticmold.com\/wp-content\/uploads\/2023\/05\/20191212191930_y5ya46.png 720w, https:\/\/myplasticmold.com\/wp-content\/uploads\/2023\/05\/20191212191930_y5ya46-300x129.png 300w\" sizes=\"auto, (max-width: 720px) 100vw, 720px\" \/><\/a><\/figure>\n\n\n\n<figure class=\"wp-block-image size-large\"><a href=\"https:\/\/myplasticmold.com\/wp-content\/uploads\/2023\/05\/20191212192000_c3oduj.png\"><img loading=\"lazy\" decoding=\"async\" width=\"720\" height=\"348\" data-id=\"9480\" src=\"https:\/\/myplasticmold.com\/wp-content\/uploads\/2023\/05\/20191212192000_c3oduj.png\" alt=\"\" class=\"wp-image-9480\" srcset=\"https:\/\/myplasticmold.com\/wp-content\/uploads\/2023\/05\/20191212192000_c3oduj.png 720w, https:\/\/myplasticmold.com\/wp-content\/uploads\/2023\/05\/20191212192000_c3oduj-300x145.png 300w\" sizes=\"auto, (max-width: 720px) 100vw, 720px\" \/><\/a><\/figure>\n\n\n\n<figure class=\"wp-block-image size-large\"><a href=\"https:\/\/myplasticmold.com\/wp-content\/uploads\/2023\/05\/20191212192035_htlex5.png\"><img loading=\"lazy\" decoding=\"async\" width=\"720\" height=\"328\" data-id=\"9481\" src=\"https:\/\/myplasticmold.com\/wp-content\/uploads\/2023\/05\/20191212192035_htlex5.png\" alt=\"\" class=\"wp-image-9481\" srcset=\"https:\/\/myplasticmold.com\/wp-content\/uploads\/2023\/05\/20191212192035_htlex5.png 720w, https:\/\/myplasticmold.com\/wp-content\/uploads\/2023\/05\/20191212192035_htlex5-300x137.png 300w\" sizes=\"auto, (max-width: 720px) 100vw, 720px\" \/><\/a><\/figure>\n<\/figure>\n\n\n\n<p>Isso nos permite ser uma das poucas empresas capazes de desenvolver ferramentas e processos de moldagem de policarbonato, produzir componentes de moldagem de policarbonato e fornecer componentes pl\u00e1sticos de policarbonato por meio de nossa linha completa de servi\u00e7os de moldagem por inje\u00e7\u00e3o de PC.<\/p>\n\n\n\n<p>N\u00e3o importa se voc\u00ea est\u00e1 planejando desenvolver um trabalho em andamento ou um conceito existente, nossos processos s\u00e3o capazes de simplificar cada etapa do processo de moldagem por inje\u00e7\u00e3o de policarbonato.<\/p>\n\n\n\n<p><strong>Por que escolher a moldagem por inje\u00e7\u00e3o de policarbonato?<\/strong><\/p>\n\n\n\n<p>Na Topworks, oferecemos moldagem por inje\u00e7\u00e3o de policarbonato l\u00edder do setor para fornecer pe\u00e7as de alto desempenho para suas aplica\u00e7\u00f5es mais exigentes. O policarbonato \u00e9 o pl\u00e1stico ideal para uma ampla gama de produtos porque combina os seguintes benef\u00edcios imbat\u00edveis:<\/p>\n\n\n\n<ul class=\"wp-block-list\">\n<li><strong>Durabilidade inigual\u00e1vel:<\/strong>&nbsp;O policarbonato \u00e9 excepcionalmente resistente a impactos, o que o torna perfeito para produtos que precisam resistir ao desgaste.<\/li>\n\n\n\n<li><strong>Op\u00e7\u00f5es cristalinas ou opacas:<\/strong>&nbsp;Escolha o n\u00edvel perfeito de transpar\u00eancia para atender \u00e0s suas necessidades, desde cristalino para lentes e displays at\u00e9 opaco para componentes estruturais.<\/li>\n\n\n\n<li><strong>Resistente ao calor:<\/strong>&nbsp;O policarbonato tem bom desempenho em altas temperaturas, o que o torna adequado para ambientes exigentes.<\/li>\n\n\n\n<li><strong>Produ\u00e7\u00e3o r\u00e1pida e econ\u00f4mica:<\/strong>&nbsp;A moldagem por inje\u00e7\u00e3o oferece produ\u00e7\u00e3o de alto volume com excelente consist\u00eancia de pe\u00e7a a pe\u00e7a, reduzindo os custos por unidade.<\/li>\n\n\n\n<li><strong>Liberdade de design:<\/strong>\u00a0Crie geometrias complexas e integre recursos para uma montagem eficiente.<\/li>\n<\/ul>\n\n\n\n<h2 class=\"wp-block-heading\">Aplica\u00e7\u00f5es do policarbonato<\/h2>\n\n\n\n<p>O policarbonato \u00e9 super flex\u00edvel, perfeito para uma s\u00e9rie de trabalhos diferentes, como:<\/p>\n\n\n\n<ul class=\"wp-block-list\">\n<li><strong>Automotivo:<\/strong> Fazendo coisas como as tampas transparentes dos far\u00f3is, lanternas traseiras e placas de controle dos carros.<\/li>\n\n\n\n<li><strong>Eletr\u00f4nicos:<\/strong> Cria estojos de prote\u00e7\u00e3o para pe\u00e7as el\u00e9tricas, bits de computador e plugues.<\/li>\n\n\n\n<li><strong>Produtos de consumo:<\/strong> Usado na fabrica\u00e7\u00e3o de \u00f3culos, eletrodom\u00e9sticos, equipamentos esportivos e muito mais.<\/li>\n\n\n\n<li><strong>Dispositivos m\u00e9dicos:<\/strong> Utilizado para pe\u00e7as que precisam ser limpas minuciosamente e que s\u00e3o seguras para uso pr\u00f3ximo ou em pessoas.<\/li>\n<\/ul>\n\n\n\n<h2 class=\"wp-block-heading\">Moldagem por inje\u00e7\u00e3o de policarbonato<\/h2>\n\n\n\n<p>Se voc\u00ea est\u00e1 procurando moldagem por inje\u00e7\u00e3o de policarbonato, n\u00f3s o ajudamos:<\/p>\n\n\n\n<ul class=\"wp-block-list\">\n<li><strong>Engenheiros inteligentes:<\/strong> Temos especialistas que trabalhar\u00e3o com voc\u00ea para garantir que o design do seu produto seja de alto n\u00edvel e econ\u00f4mico.<\/li>\n\n\n\n<li><strong>O melhor equipamento:<\/strong> Nossas m\u00e1quinas s\u00e3o modernas, garantindo que seus itens saiam sempre com \u00f3tima apar\u00eancia.<\/li>\n\n\n\n<li><strong>Verifica\u00e7\u00e3o de tudo:<\/strong> Somos rigorosos no controle de qualidade para garantir que cada pe\u00e7a atenda \u00e0s suas especifica\u00e7\u00f5es.<\/li>\n<\/ul>\n\n\n\n<p><\/p>","protected":false},"excerpt":{"rendered":"<p>Polycarbonate injection molding company from China You would probably be interested in finding a manufacturer and designer who specializes in polycarbonate injection molding , who has a reputation for delivering durable yet cost-effective products. (as low as $5 per piece in some cases). Topworks Plastic Mold specializes in the injection molding of polycarbonate in China. [&hellip;]<\/p>\n","protected":false},"author":3,"featured_media":0,"parent":0,"menu_order":0,"comment_status":"closed","ping_status":"closed","template":"","meta":{"footnotes":""},"class_list":["post-7755","page","type-page","status-publish","hentry"],"blocksy_meta":{"styles_descriptor":{"styles":{"desktop":"","tablet":"","mobile":""},"google_fonts":[],"version":6}},"_links":{"self":[{"href":"https:\/\/myplasticmold.com\/pt\/wp-json\/wp\/v2\/pages\/7755","targetHints":{"allow":["GET"]}}],"collection":[{"href":"https:\/\/myplasticmold.com\/pt\/wp-json\/wp\/v2\/pages"}],"about":[{"href":"https:\/\/myplasticmold.com\/pt\/wp-json\/wp\/v2\/types\/page"}],"author":[{"embeddable":true,"href":"https:\/\/myplasticmold.com\/pt\/wp-json\/wp\/v2\/users\/3"}],"replies":[{"embeddable":true,"href":"https:\/\/myplasticmold.com\/pt\/wp-json\/wp\/v2\/comments?post=7755"}],"version-history":[{"count":0,"href":"https:\/\/myplasticmold.com\/pt\/wp-json\/wp\/v2\/pages\/7755\/revisions"}],"wp:attachment":[{"href":"https:\/\/myplasticmold.com\/pt\/wp-json\/wp\/v2\/media?parent=7755"}],"curies":[{"name":"wp","href":"https:\/\/api.w.org\/{rel}","templated":true}]}}