{"id":6684,"date":"2018-01-01T21:57:00","date_gmt":"2018-01-01T13:57:00","guid":{"rendered":"https:\/\/myplasticmold.com\/?page_id=6684"},"modified":"2022-05-03T20:46:23","modified_gmt":"2022-05-03T12:46:23","slug":"fornecedor-de-moldes-plasticos-da-china","status":"publish","type":"page","link":"https:\/\/myplasticmold.com\/pt\/fornecedor-de-moldes-plasticos-da-china","title":{"rendered":"Como selecionar um fornecedor de moldes pl\u00e1sticos na China"},"content":{"rendered":"<p>Antes do in\u00edcio do processo de produ\u00e7\u00e3o, \u00e9 fundamental que voc\u00ea fa\u00e7a a escolha certa no que diz respeito ao seu fornecedor de produtos para moldagem por inje\u00e7\u00e3o. Em vez de optar apenas pela escolha mais barata, voc\u00ea deve escolher um moldador que possa oferecer uma experi\u00eancia inestim\u00e1vel. O setor de moldes de pl\u00e1stico da China teve um grande desenvolvimento nos \u00faltimos anos e muitos compradores decidem comprar moldes de pl\u00e1stico diretamente dos fornecedores de moldes de pl\u00e1stico da China.&nbsp;<\/p>\n\n\n\n<p>Se o seu departamento de produ\u00e7\u00e3o n\u00e3o tiver muita experi\u00eancia com moldagem ou projeto de pe\u00e7as, \u00e9 uma boa ideia obter uma segunda opini\u00e3o antes de iniciar a produ\u00e7\u00e3o. Afinal, \u00e9 mais barato e mais f\u00e1cil consertar quaisquer erros nesse est\u00e1gio, em vez de no futuro.<\/p>\n\n\n\n<figure class=\"wp-block-image\"><img loading=\"lazy\" decoding=\"async\" width=\"960\" height=\"400\" src=\"https:\/\/myplasticmold.com\/wp-content\/uploads\/2020\/04\/4712_large9-960x467_gqpjnr-960x400-1_v6ru0o-2.jpg\" alt=\"Fornecedor de moldes da China\" class=\"wp-image-6686\" srcset=\"https:\/\/myplasticmold.com\/wp-content\/uploads\/2020\/04\/4712_large9-960x467_gqpjnr-960x400-1_v6ru0o-2.jpg 960w, https:\/\/myplasticmold.com\/wp-content\/uploads\/2020\/04\/4712_large9-960x467_gqpjnr-960x400-1_v6ru0o-2-300x125.jpg 300w, https:\/\/myplasticmold.com\/wp-content\/uploads\/2020\/04\/4712_large9-960x467_gqpjnr-960x400-1_v6ru0o-2-768x320.jpg 768w\" sizes=\"auto, (max-width: 960px) 100vw, 960px\" \/><\/figure>\n\n\n\n<p>Se voc\u00ea precisar de muitas pe\u00e7as com o fornecedor da China, talvez seja melhor fazer uma parceria com <a href=\"https:\/\/myplasticmold.com\/pt\/fornecedor-de-moldes-plasticos-da-china\">um fornecedor experiente de moldes personalizados na China<\/a>e pedir que eles quebrem o molde e estabele\u00e7am o ciclo de pe\u00e7as em seu nome, antes de trazer as coisas para dentro da empresa. No entanto, se voc\u00ea optar por esse caminho, certifique-se de que esteja completamente claro com o moldador chin\u00eas que essa \u00e9 a sua inten\u00e7\u00e3o desde o in\u00edcio.<\/p>\n\n\n\n<p>Se necess\u00e1rio, acrescente algum dinheiro ao pre\u00e7o da pe\u00e7a para compens\u00e1-los por sua experi\u00eancia e capacidade. \u00c9 bem poss\u00edvel que voc\u00ea acabe fazendo com que eles continuem a fornecer a pe\u00e7a, a um pre\u00e7o reestimado, quando demonstrarem que podem fornecer resultados \u00f3timos antes do prazo.<\/p>\n\n\n\n<h2 class=\"wp-block-heading\">Pesquisa com fornecedores de moldes pl\u00e1sticos da China<\/h2>\n\n\n\n<p>A escolha da moldadora personalizada certa \u00e9 vital para o sucesso de qualquer novo programa. <a href=\"https:\/\/www.plasticmoulds.net\/plastic-mold-offer-from-china.html\" target=\"_blank\" rel=\"noopener\">Um moldador experiente da China<\/a> ser\u00e1 capaz de trazer conhecimentos essenciais para ajudar seu departamento de engenharia <a href=\"https:\/\/www.plasticmoulds.net\/design\" target=\"_blank\" rel=\"noopener\">design<\/a> e fabricar os melhores produtos pl\u00e1sticos dentro de seu or\u00e7amento.<\/p>\n\n\n\n<figure class=\"wp-block-image\"><img loading=\"lazy\" decoding=\"async\" width=\"960\" height=\"400\" src=\"https:\/\/myplasticmold.com\/wp-content\/uploads\/2020\/04\/4714_injection-molding-1-960x400-1-1_nl9pwd-2.jpg\" alt=\"Moldagem por inje\u00e7\u00e3o na China\" class=\"wp-image-6693\" srcset=\"https:\/\/myplasticmold.com\/wp-content\/uploads\/2020\/04\/4714_injection-molding-1-960x400-1-1_nl9pwd-2.jpg 960w, https:\/\/myplasticmold.com\/wp-content\/uploads\/2020\/04\/4714_injection-molding-1-960x400-1-1_nl9pwd-2-300x125.jpg 300w, https:\/\/myplasticmold.com\/wp-content\/uploads\/2020\/04\/4714_injection-molding-1-960x400-1-1_nl9pwd-2-768x320.jpg 768w\" sizes=\"auto, (max-width: 960px) 100vw, 960px\" \/><\/figure>\n\n\n\n<p>Voc\u00ea precisar\u00e1 analisar cuidadosamente todos os fornecedores externos para verificar se eles t\u00eam o conhecimento, os recursos e a experi\u00eancia necess\u00e1rios para a fabrica\u00e7\u00e3o de produtos moldados por inje\u00e7\u00e3o no material desejado.<\/p>\n\n\n\n<p> Se o moldador escolhido n\u00e3o tiver experi\u00eancia com seus materiais, voc\u00ea poder\u00e1 ter problemas no futuro, como a degrada\u00e7\u00e3o do material, e o moldador n\u00e3o ser\u00e1 capaz de detectar isso. A experi\u00eancia \u00e9 especialmente importante para produtos estruturais e para aqueles com \u00e1reas de exposi\u00e7\u00e3o vis\u00edveis.<\/p>\n\n\n\n<p>Durante a fabrica\u00e7\u00e3o, as superf\u00edcies de alto brilho e aquelas que ser\u00e3o decoradas posteriormente precisam ser cuidadosamente protegidas para que n\u00e3o sejam contaminadas. Essa contamina\u00e7\u00e3o pode ser causada de v\u00e1rias maneiras, incluindo o manuseio inadequado do produto, ventiladores que sopram poeira sobre o produto e o tipo de desmoldante usado, pois os movimentos do ar podem levar contaminantes para a superf\u00edcie da pe\u00e7a. Esses s\u00e3o apenas alguns dos itens que precisam ser considerados, portanto, escolha com sabedoria.<\/p>\n\n\n\n<p>Sempre que poss\u00edvel, converse com clientes anteriores e obtenha refer\u00eancias, e tamb\u00e9m fa\u00e7a uma auditoria nas instala\u00e7\u00f5es para ver a qualidade do trabalho realizado. Talvez voc\u00ea tamb\u00e9m queira saber se a moldadora poder\u00e1 ajud\u00e1-lo com o projeto da pe\u00e7a e do molde. <a href=\"https:\/\/myplasticmold.com\/plastic-mold-4\/\">Escolha de uma moldadora chinesa personalizada<\/a> \u00e9 t\u00e3o importante quanto contratar um novo parceiro de neg\u00f3cios, pois ele ser\u00e1 uma parte essencial de sua empresa.<\/p>\n\n\n\n<p>Ao auditar cada fornecedor, voc\u00ea ter\u00e1 informa\u00e7\u00f5es suficientes para escolher o melhor moldador personalizado dentro do seu or\u00e7amento. A maneira mais f\u00e1cil de obter informa\u00e7\u00f5es \u00e9 fazer com que sua equipe de auditoria fale diretamente com o fornecedor. Dessa forma, voc\u00ea entender\u00e1 como o moldador personalizado trabalha e como ele compartilhar\u00e1 seu conhecimento para ajudar no processo de fabrica\u00e7\u00e3o.<\/p>\n\n\n\n<figure class=\"wp-block-video\"><video controls src=\"https:\/\/res.cloudinary.com\/dflkco4ig\/video\/upload\/q_88\/v1506037148\/topworks_mold_small_ekbqlv.mp4\"><\/video><\/figure>\n\n\n\n<p>Certifique-se de obter or\u00e7amentos de v\u00e1rios moldadores personalizados e compare essas informa\u00e7\u00f5es para fazer uma escolha informada. Os resultados da auditoria devem ser praticamente id\u00eanticos para o projeto do produto e do molde, embora provavelmente ocorram varia\u00e7\u00f5es devido ao conhecimento e \u00e0 experi\u00eancia dos moldadores.<\/p>\n\n\n\n<p>Depois de conceder o contrato \u00e0 moldadora escolhida, voc\u00ea precisar\u00e1 fazer v\u00e1rios acordos legais. Esses acordos incluem o pre\u00e7o do produto, o cronograma de entrega, os procedimentos a serem usados e como as diverg\u00eancias ser\u00e3o resolvidas. Discuta-os com a sua equipe e selecione os elementos necess\u00e1rios para o seu contrato, bem como os requisitos espec\u00edficos.<\/p>","protected":false},"excerpt":{"rendered":"<p>Before the production process begin, it is vital that you make the right choice when it comes to your injection molding product supplier. Instead of just opting for the cheapest choice, you should instead choose a molder who can offer invaluable experience.China plastic mold industry has seen a great development in recent years and&nbsp; many [&hellip;]<\/p>\n","protected":false},"author":3,"featured_media":0,"parent":0,"menu_order":0,"comment_status":"closed","ping_status":"closed","template":"","meta":{"footnotes":""},"class_list":["post-6684","page","type-page","status-publish","hentry"],"blocksy_meta":{"styles_descriptor":{"styles":{"desktop":"[data-prefix=\"single_page\"] .entry-header .page-title {--theme-font-size:30px;} [data-prefix=\"single_page\"] .entry-header .entry-meta {--theme-font-weight:600;--theme-text-transform:uppercase;--theme-font-size:12px;--theme-line-height:1.3;} [data-prefix=\"single_page\"] .hero-section[data-type=\"type-1\"] {--margin-bottom:40;}","tablet":"","mobile":""},"google_fonts":[],"version":6},"page_title_panel":"","has_hero_section":"enabled","7382c47839fcc42e1f4a8006970588da":"","hero_section":"type-1","hero_elements":[{"id":"custom_title","enabled":true,"heading_tag":"h1","title":"In\u00edcio","__id":"iKIAjL4mz__efS6g6BfPK"},{"id":"custom_description","enabled":false,"description_visibility":{"desktop":true,"tablet":true,"mobile":false},"__id":"CoRiVvWZ_mhZYkX7uwGs-"},{"id":"custom_meta","enabled":false,"meta_elements":[{"id":"author","enabled":true,"label":"By","has_author_avatar":"yes","avatar_size":25},{"id":"post_date","enabled":true,"label":"On","date_format_source":"default","date_format":"M j, Y"},{"id":"updated_date","enabled":false,"label":"On","date_format_source":"default","date_format":"M j, Y"},{"id":"categories","enabled":false,"label":"In","style":"simple"},{"id":"comments","enabled":true}],"page_meta_elements":{"joined":true,"articles_count":true,"comments":true},"__id":"vGgrXdY7tq31PXWBsJUFa"},{"id":"breadcrumbs","enabled":false,"__id":"vtEZ80fbexSL4-C9-wxyV"}],"53347352185d5b7d7dcb2c1ba8dd4ecb":"","hero_alignment1":"CT_CSS_SKIP_RULE","hero_margin":40,"hero_alignment2":"center","hero_vertical_alignment":"center","ee9e24a34a5ba676e54a512d3e8058d5":"","hero_structure":"narrow","912ab2025d527ba2bb7febe37ad971e9":"","page_title_bg_type":"featured_image","custom_hero_background":{"attachment_id":null},"page_title_image_size":"full","parallax":{"desktop":false,"tablet":false,"mobile":false},"027e3e40bad5c080a28102ae3b5eb4c8":"","hero_height":"250px","pageTitleFont":{"family":"Default","variation":"Default","size":"30px","line-height":"CT_CSS_SKIP_RULE","letter-spacing":"CT_CSS_SKIP_RULE","text-transform":"CT_CSS_SKIP_RULE","text-decoration":"CT_CSS_SKIP_RULE"},"pageTitleFontColor":{"default":{"color":"CT_CSS_SKIP_RULEDEFAULT"}},"pageMetaFont":{"family":"Default","variation":"n6","size":"12px","line-height":"1.3","letter-spacing":"CT_CSS_SKIP_RULE","text-transform":"uppercase","text-decoration":"CT_CSS_SKIP_RULE"},"pageMetaFontColor":{"default":{"color":"CT_CSS_SKIP_RULEDEFAULT"},"hover":{"color":"CT_CSS_SKIP_RULEDEFAULT"}},"page_meta_button_type_font_colors":{"default":{"color":"CT_CSS_SKIP_RULEDEFAULT"},"hover":{"color":"CT_CSS_SKIP_RULEDEFAULT"}},"page_meta_button_type_background_colors":{"default":{"color":"CT_CSS_SKIP_RULEDEFAULT"},"hover":{"color":"CT_CSS_SKIP_RULEDEFAULT"}},"pageExcerptFont":{"family":"Default","variation":"Default","size":"CT_CSS_SKIP_RULE","line-height":"CT_CSS_SKIP_RULE","letter-spacing":"CT_CSS_SKIP_RULE","text-transform":"CT_CSS_SKIP_RULE","text-decoration":"CT_CSS_SKIP_RULE"},"pageExcerptColor":{"default":{"color":"CT_CSS_SKIP_RULEDEFAULT"}},"breadcrumbsFont":{"family":"Default","variation":"Default","size":"CT_CSS_SKIP_RULE","line-height":"CT_CSS_SKIP_RULE","letter-spacing":"CT_CSS_SKIP_RULE","text-transform":"CT_CSS_SKIP_RULE","text-decoration":"CT_CSS_SKIP_RULE"},"breadcrumbsFontColor":{"default":{"color":"CT_CSS_SKIP_RULEDEFAULT"},"initial":{"color":"CT_CSS_SKIP_RULEDEFAULT"},"hover":{"color":"CT_CSS_SKIP_RULEDEFAULT"}},"pageTitleOverlay":{"background_type":"color","background_pattern":"type-1","background_image":{"attachment_id":null,"x":0,"y":0},"gradient":"linear-gradient(135deg,rgba(6,147,227,1) 0%,rgb(155,81,224) 100%)","background_repeat":"repeat","background_size":"auto","background_attachment":"scroll","patternColor":{"default":{"color":"#e5e7ea"}},"overlayColor":{"default":{"color":"CT_CSS_SKIP_RULE"}},"backgroundColor":{"default":{"color":"CT_CSS_SKIP_RULE"}}},"pageTitleBackground":{"background_type":"color","background_pattern":"type-1","background_image":{"attachment_id":null,"x":0,"y":0},"gradient":"linear-gradient(135deg,rgba(6,147,227,1) 0%,rgb(155,81,224) 100%)","background_repeat":"repeat","background_size":"auto","background_attachment":"scroll","patternColor":{"default":{"color":"#e5e7ea"}},"overlayColor":{"default":{"color":"CT_CSS_SKIP_RULE"}},"backgroundColor":{"default":{"color":"var(--theme-palette-color-6)"}}},"pageTitlePadding":{"top":"50px","bottom":"50px","left":"auto","right":"auto","linked":true},"1a4447ea37b7ad2455e3f697acb4339c":"","page_structure_type":"default","d690824273613b1b554e660bd8393aee":"","content_style_source":"inherit","content_style":"wide","vertical_spacing_source":"inherit","content_area_spacing":"both","background":{"background_type":"color","background_pattern":"type-1","background_image":{"attachment_id":null,"x":0,"y":0},"gradient":"linear-gradient(135deg,rgba(6,147,227,1) 0%,rgb(155,81,224) 100%)","background_repeat":"repeat","background_size":"auto","background_attachment":"scroll","patternColor":{"default":{"color":"#e5e7ea"}},"overlayColor":{"default":{"color":"CT_CSS_SKIP_RULE"}},"backgroundColor":{"default":{"color":"CT_CSS_SKIP_RULE"}}},"content_background":{"background_type":"color","background_pattern":"type-1","background_image":{"attachment_id":null,"x":0,"y":0},"gradient":"linear-gradient(135deg,rgba(6,147,227,1) 0%,rgb(155,81,224) 100%)","background_repeat":"repeat","background_size":"auto","background_attachment":"scroll","patternColor":{"default":{"color":"#e5e7ea"}},"overlayColor":{"default":{"color":"CT_CSS_SKIP_RULE"}},"backgroundColor":{"default":{"color":"var(--theme-palette-color-8)"}}},"content_boxed_shadow":{"inherit":false,"blur":18,"spread":-6,"v_offset":12,"h_offset":0,"inset":false,"enable":true,"color":{"color":"rgba(34, 56, 101, 0.04)"}},"boxed_content_spacing":{"desktop":{"top":"40px","bottom":"40px","left":"40px","right":"40px","linked":true},"tablet":{"top":"35px","bottom":"35px","left":"35px","right":"35px","linked":true},"mobile":{"top":"20px","bottom":"20px","left":"20px","right":"20px","linked":true}},"content_boxed_radius":{"top":"3px","bottom":"3px","left":"3px","right":"3px","linked":true},"325e59e04ba768b8f15d14f028009e62":"","disable_featured_image":"no","disable_share_box":"no","disable_header":"no","disable_footer":"no","26bd3d08c608fe1fffc1baf5ee3b5d94":"","4da3053edc57e6f193c4067fa9b5a7d4":"","2cdc7cf0d37a314edcddb1f462bb9d56":"","72a7501f2e0eed1f2a371940d2b521fc":"","ba2f4f3d45cad6d0bbef180e79ce964a":"","bc99ea4b0bfb0fa2131f7d1493b41d6f":"","d775ac2803f8222d90d5bd2ed6dc6532":"","1151e894ca60a165ed6faf39ca91dda8":""},"_links":{"self":[{"href":"https:\/\/myplasticmold.com\/pt\/wp-json\/wp\/v2\/pages\/6684","targetHints":{"allow":["GET"]}}],"collection":[{"href":"https:\/\/myplasticmold.com\/pt\/wp-json\/wp\/v2\/pages"}],"about":[{"href":"https:\/\/myplasticmold.com\/pt\/wp-json\/wp\/v2\/types\/page"}],"author":[{"embeddable":true,"href":"https:\/\/myplasticmold.com\/pt\/wp-json\/wp\/v2\/users\/3"}],"replies":[{"embeddable":true,"href":"https:\/\/myplasticmold.com\/pt\/wp-json\/wp\/v2\/comments?post=6684"}],"version-history":[{"count":0,"href":"https:\/\/myplasticmold.com\/pt\/wp-json\/wp\/v2\/pages\/6684\/revisions"}],"wp:attachment":[{"href":"https:\/\/myplasticmold.com\/pt\/wp-json\/wp\/v2\/media?parent=6684"}],"curies":[{"name":"wp","href":"https:\/\/api.w.org\/{rel}","templated":true}]}}