{"id":6403,"date":"2017-06-23T10:01:04","date_gmt":"2017-06-23T02:01:04","guid":{"rendered":"https:\/\/myplasticmold.com\/?page_id=6403"},"modified":"2024-08-26T10:03:54","modified_gmt":"2024-08-26T02:03:54","slug":"fabricante-de-moldes-para-talheres-de-plastico","status":"publish","type":"page","link":"https:\/\/myplasticmold.com\/pt\/fabricante-de-moldes-para-talheres-de-plastico","title":{"rendered":"Fabricante de molde de talheres de pl\u00e1stico na China | Molde de colher de pl\u00e1stico, Molde de garfo, Molde de faca"},"content":{"rendered":"<div class=\"wp-block-cover alignfull has-custom-content-position is-position-bottom-center\"><span aria-hidden=\"true\" class=\"wp-block-cover__background has-background-dim\"><\/span><img loading=\"lazy\" decoding=\"async\" width=\"785\" height=\"413\" class=\"wp-block-cover__image-background wp-image-10504\" alt=\"\" src=\"https:\/\/myplasticmold.com\/wp-content\/uploads\/2020\/04\/N_O4_WWLCS_EBS8DZT_HC.png\" data-object-fit=\"cover\" srcset=\"https:\/\/myplasticmold.com\/wp-content\/uploads\/2020\/04\/N_O4_WWLCS_EBS8DZT_HC.png 785w, https:\/\/myplasticmold.com\/wp-content\/uploads\/2020\/04\/N_O4_WWLCS_EBS8DZT_HC-300x158.png 300w, https:\/\/myplasticmold.com\/wp-content\/uploads\/2020\/04\/N_O4_WWLCS_EBS8DZT_HC-768x404.png 768w\" sizes=\"auto, (max-width: 785px) 100vw, 785px\" \/><div class=\"wp-block-cover__inner-container is-layout-flow wp-block-cover-is-layout-flow\">\n<h2 class=\"wp-block-heading has-text-align-center has-palette-color-8-color has-text-color\">Fabricante de moldes para talheres de pl\u00e1stico<\/h2>\n<\/div><\/div>\n\n\n\n<p><a href=\"https:\/\/myplasticmold.com\/pt\/fabricante-de-moldes-para-talheres-de-plastico\">Fabricante de moldes para talheres de pl\u00e1stico na China<\/a><\/p>\n\n\n\n<div class=\"wp-block-qubely-row qubely-section qubely-block-c94d28\"><div class=\"qubely-row-overlay\"><\/div><div class=\"qubely-container\"><div class=\"qubely-row\">\n<div class=\"wp-block-qubely-column qubely-column qubely-column-front qubely-block-0e5b3e\"><div class=\"qubely-column-inner\">\n<h1 class=\"wp-block-heading\">Empresa de moldes de cutelaria da China<\/h1>\n\n\n\n<p>Convidamos voc\u00ea a se juntar \u00e0 vanguarda da fabrica\u00e7\u00e3o de m\u00f3veis, juntando-se aos especialistas da China Cutlery Mould Company! Somos apaixonados pelo que fazemos e passamos muitos anos aperfei\u00e7oando nosso conhecimento sobre a fabrica\u00e7\u00e3o e o design de moldes para talheres. N\u00e3o nos limitamos a fabricar moldes, mas sim a criar solu\u00e7\u00f5es que atendam \u00e0s suas necessidades.<\/p>\n\n\n\n<h3 class=\"wp-block-heading\">Alta capacidade de produ\u00e7\u00e3o<\/h3>\n\n\n\n<p>No atual mundo da velocidade, \u00e9 evidente a import\u00e2ncia do tempo. Nossa capacidade de produ\u00e7\u00e3o \u00e9 do mais alto padr\u00e3o! Utilizando nossos equipamentos de primeira linha e processos eficazes, produzimos rapidamente moldes de alta qualidade para talheres. Nossa promessa \u00e9 fornecer exatamente o que voc\u00ea deseja, exatamente quando voc\u00ea deseja.<\/p>\n\n\n\n<h4 class=\"wp-block-heading\">Principais recursos:<\/h4>\n\n\n\n<ul class=\"wp-block-list\">\n<li><strong>Processos eficientes:<\/strong> Nossos m\u00e9todos simplificados garantem tempos de resposta r\u00e1pidos sem comprometer a qualidade.<\/li>\n\n\n\n<li><strong>Equipamento avan\u00e7ado:<\/strong> Investimos em tecnologia de ponta para aumentar a efici\u00eancia da produ\u00e7\u00e3o.<\/li>\n\n\n\n<li><strong>Garantia de qualidade:<\/strong> Rigorosos processos de teste garantem a durabilidade e a confiabilidade de nossos moldes.<\/li>\n<\/ul>\n\n\n\n<h3 class=\"wp-block-heading\">Entrega r\u00e1pida<\/h3>\n\n\n\n<p>Na China Cutlery Mould Company, respeitamos seu tempo. A promessa de envio r\u00e1pido significa que voc\u00ea pode contar conosco para cumprir prazos apertados. Gra\u00e7as ao nosso plano de log\u00edstica extremamente eficiente, seu pacote \u00e9 entregue no prazo, independentemente da dist\u00e2ncia que o pedido tenha de ser transportado.<\/p>\n\n\n\n<h3 class=\"wp-block-heading\">Vantagens de entrega:<\/h3>\n\n\n\n<ul class=\"wp-block-list\">\n<li><strong>Envio pontual:<\/strong> Priorizamos a pronta entrega para atender aos seus cronogramas de produ\u00e7\u00e3o.<\/li>\n\n\n\n<li><strong>Log\u00edstica confi\u00e1vel:<\/strong> Nossa equipe de log\u00edstica garante que cada remessa seja rastreada e gerenciada com efici\u00eancia.<\/li>\n\n\n\n<li><strong>Alcance global:<\/strong> N\u00e3o importa onde voc\u00ea esteja, podemos entregar seus pedidos com efici\u00eancia.<\/li>\n<\/ul>\n\n\n\n<h3 class=\"wp-block-heading\">Alta durabilidade do molde<\/h3>\n\n\n\n<p>Para m\u00f3veis, a qualidade \u00e9 fundamental. Os moldes que fabricamos s\u00e3o projetados para durar, usando materiais de alta qualidade e os m\u00e9todos mais avan\u00e7ados. Voc\u00ea receber\u00e1 moldes para talheres que podem suportar as demandas de produ\u00e7\u00e3o e, ao mesmo tempo, proporcionar resultados sempre impec\u00e1veis.<\/p>\n\n\n\n<h4 class=\"wp-block-heading\">Caracter\u00edsticas de durabilidade:<\/h4>\n\n\n\n<ul class=\"wp-block-list\">\n<li><strong>Materiais robustos:<\/strong> Selecionamos apenas materiais de alta qualidade para garantir a longevidade.<\/li>\n\n\n\n<li><strong>Design inovador:<\/strong> Nossos moldes s\u00e3o projetados para funcionar sob press\u00e3o e em grandes volumes.<\/li>\n\n\n\n<li><strong>Desempenho consistente:<\/strong> Espere resultados confi\u00e1veis em cada produ\u00e7\u00e3o.<\/li>\n<\/ul>\n\n\n\n<h3 class=\"wp-block-heading\">Suporte t\u00e9cnico inigual\u00e1vel<\/h3>\n\n\n\n<p>N\u00e3o nos limitamos a vender moldes para talheres. Estamos aqui para ajud\u00e1-lo em todas as etapas do processo com suporte t\u00e9cnico de primeira linha. Nossa equipe de especialistas est\u00e1 dispon\u00edvel para ajud\u00e1-lo com quaisquer d\u00favidas ou problemas que possa enfrentar para garantir que sua produ\u00e7\u00e3o ocorra sem problemas.<\/p>\n\n\n\n<h4 class=\"wp-block-heading\">Servi\u00e7os de suporte:<\/h4>\n\n\n\n<ul class=\"wp-block-list\">\n<li><strong>Orienta\u00e7\u00e3o especializada:<\/strong> Nossa equipe experiente est\u00e1 pronta para prestar assist\u00eancia sempre que necess\u00e1rio.<\/li>\n\n\n\n<li><strong>Resolu\u00e7\u00e3o de problemas:<\/strong> Resolvemos qualquer problema prontamente para minimizar o tempo de inatividade.<\/li>\n\n\n\n<li><strong>Suporte cont\u00ednuo:<\/strong> Nosso compromisso com voc\u00ea continua por muito tempo ap\u00f3s a venda.<\/li>\n<\/ul>\n\n\n\n<p>Ent\u00e3o, por que voc\u00ea deve escolher a China Cutlery Mould Company para atender \u00e0s suas necessidades de cutelaria? Oferecemos desempenho de qualidade, efici\u00eancia e servi\u00e7os excepcionais para ajud\u00e1-lo a transformar suas ideias em realidade. Entre em contato conosco agora para saber mais sobre nossas ofertas e descobrir como podemos ajudar a sua empresa!\n\"`<\/p>\n<\/div><\/div>\n<\/div><\/div><\/div>\n\n\n\n<div class=\"wp-block-qubely-button qubely-block-459b89\" data-qubelyanimation=\"{&quot;animation&quot;:&quot;bounce&quot;,&quot;name&quot;:&quot;bounceCenter&quot;,&quot;repeat&quot;:&quot;once&quot;,&quot;direction&quot;:&quot;Center&quot;,&quot;duration&quot;:1000,&quot;delay&quot;:0,&quot;curve&quot;:&quot;ease-in-out&quot;,&quot;openAnimation&quot;:1}\"><div class=\"qubely-block-btn-wrapper\"><div class=\"qubely-block-btn\"><a class=\"qubely-block-btn-anchor is-large\" href=\"#\"><i class=\"qubely-btn-icon fas fa-hand-point-right\"><\/i><strong><span data-fontsize=\"22\" style=\"font-size: 22px;\" class=\"qubely-custom-font\">OBTENHA UMA COTA\u00c7\u00c3O GRATUITA, PRE\u00c7O 30% MAIS BAIXO E ENTREGA 10 DIAS MENOS<\/span><\/strong><\/a><\/div><\/div><\/div>\n\n\n\n<h2 class=\"wp-block-heading\">Posicionamento e design do port\u00e3o do molde de talheres de pl\u00e1stico<\/h2>\n\n\n\n<p>A localiza\u00e7\u00e3o da porta \u00e9 importante com rela\u00e7\u00e3o \u00e0 maneira como o pol\u00edmero flui para a impress\u00e3o do molde. Outros fatores devem ser levados em considera\u00e7\u00e3o ao escolher o local da porta, que incluem:<\/p>\n\n\n\n<ul class=\"wp-block-list\">\n<li><strong>considera\u00e7\u00f5es est\u00e9ticas da moldagem;<\/strong><\/li>\n\n\n\n<li><strong>requisitos de degrada\u00e7\u00e3o da moldagem;<\/strong><\/li>\n\n\n\n<li><strong>complexidade do projeto da moldagem;<\/strong><\/li>\n\n\n\n<li><strong>Exig\u00eancia de temperatura do molde;<\/strong><\/li>\n\n\n\n<li><strong>natureza do pol\u00edmero a ser processado;<\/strong><\/li>\n\n\n\n<li><strong>volume do pol\u00edmero a ser alimentado pela porta e a taxa de alimenta\u00e7\u00e3o;<\/strong><\/li>\n\n\n\n<li><strong>significado e posi\u00e7\u00f5es das linhas de solda produzidas;<\/strong><\/li>\n\n\n\n<li><strong>poss\u00edveis locais e efeitos de aprisionamento de g\u00e1s criados como resultado do perfil de enchimento.<\/strong><\/li>\n<\/ul>\n\n\n\n<p>Ap\u00f3s a considera\u00e7\u00e3o de todos os pontos anteriores, deve ser evidente que o posicionamento da porta deve ser determinado relativamente cedo e antes do in\u00edcio da constru\u00e7\u00e3o do projeto. Se o componente de garfos, colheres e facas for alimentado de forma convencional, ou seja, sem c\u00e2mara quente, as op\u00e7\u00f5es de localiza\u00e7\u00e3o da porta ser\u00e3o ainda mais restritas devido \u00e0s limita\u00e7\u00f5es do projeto do molde de duas placas. As restri\u00e7\u00f5es existem devido \u00e0 necessidade de ter que fazer o gate em um \u00fanico plano sobre a linha de divis\u00e3o do molde. Quando confrontado com requisitos de porta fora do escopo do design de duas placas, o projetista do molde tem a op\u00e7\u00e3o de selecionar os formatos de design de molde de tr\u00eas placas ou sem canal para obter a posi\u00e7\u00e3o de porta desejada.<\/p>\n\n\n\n<figure class=\"wp-block-image aligncenter\"><img loading=\"lazy\" decoding=\"async\" width=\"600\" height=\"338\" src=\"https:\/\/myplasticmold.com\/wp-content\/uploads\/2020\/04\/12_xrx4z9.jpg\" alt=\"Fabricante de moldes de talheres na China\" class=\"wp-image-6410\" srcset=\"https:\/\/myplasticmold.com\/wp-content\/uploads\/2020\/04\/12_xrx4z9.jpg 600w, https:\/\/myplasticmold.com\/wp-content\/uploads\/2020\/04\/12_xrx4z9-300x169.jpg 300w\" sizes=\"auto, (max-width: 600px) 100vw, 600px\" \/><\/figure>\n\n\n\n<div class=\"wp-block-qubely-row alignfull qubely-section qubely-block-037d9d\" data-qubelyanimation=\"{&quot;animation&quot;:&quot;bounce&quot;,&quot;name&quot;:&quot;bounceCenter&quot;,&quot;repeat&quot;:&quot;once&quot;,&quot;direction&quot;:&quot;Center&quot;,&quot;duration&quot;:1000,&quot;delay&quot;:0,&quot;curve&quot;:&quot;ease-in-out&quot;,&quot;openAnimation&quot;:1}\"><div class=\"qubely-shape-divider qubely-top-shape\"><svg xmlns=\"http:\/\/www.w3.org\/2000\/svg\" viewbox=\"0 0 1000 80\" preserveaspectratio=\"none\">\n    <path d=\"M0,0V71.07l.22.05c2.83,1,7.45-4.57,7.45-4.57s13.36,6.34,14.9,6.6S30,76.45,30,76.45L36.7,71.5s5.4,6,8,4.95,16.19-8.88,17.73-3.55S64.2,80,65,80s5.4-5.59,6.42-5.59,11,2.79,11.82,2.79,7.71-5.84,9.25-6.6,18.24.51,22.1,2.66,14.13.13,19.79,0,25.18,1.9,25.18,1.9l8.48-1.9s0-5.46,1.8-5.2,9.25.51,9.25.51L180.34,65s20.81,2,22.1,2,2.31-3.81,4.37-3.81,14.13,3.81,15.42,3.81,9.25-3.55,11.56-3.81,8.48,5.08,10.28,5.58,55-6.6,55-6.6-.26-5.33,4.88-3.55,15.16,1.27,19.53,2,3.34,6.34,7.71,2.54,5.65-7.36,8.22-6.09,10.28,2.28,11,2.28,4.37-8.12,7.19-6.6,21.59,12.5,30.06,13.48,13.1-10.44,13.1-10.44l13.1,2.54s7.71,10.15,16.19,11.17,11,6.34,19.27,3.55,17.73-9.39,20-8.38,17.47-6.6,18.24-6.85,8.74.76,16.44.25,9.51-5.52,9.51-5.52,25.69-1.08,28.78,1.21,3.6,4.31,6.68,4.31,12.33-5.84,22.35-3.55,26,6.34,27.49,7.11,10.28-5.58,10.28-5.58,5.14,4.57,6.42,5.84,6.17.76,9.25,0,3.85-9.14,10-5.08,20.3-5.08,25.44,1S667,64,667,64s6.68-11.42,14.39-9.9S710.16,66.2,710.16,66.2l6.42-5.49,27.24-1.27s-1.28-7.11,6.17-5.33,10-.89,11-1.71,5.14-3.49,9,0,25.44,8.31,32.89,8.31,15.93-6.35,22.61-4.57,13.36-1.52,14.39-2-.77-4.65,6.42-3.47,19-.76,20.58-.25,6.17-.76,11.31-1.78,6.34-11.63,12.25-4.27,8.68,5.28,11.51,6.74,7.45,1.33,9.25,0-1.54-7.93,7.19-5.39,4.17,3.48,10.08,3,14.13,4.06,14.13,4.06,10.79-2,13.11-2.28,9.25-4.57,12.59-2.79,6.17,1.52,9,2.28,10-.51,11.82-1.78,2.57-6.35,7.71-3.55a11.91,11.91,0,0,1,3.14,2.18V0Z\" style=\"opacity:0.66\"\/>\n    <path d=\"M0,0V59.17c4.84-3,4.08,1,5.36-.23s0,0,2.57-1.27,3.08.51,7.19,1,2.83,2.54,2.83,2.54,8.74,5.08,10.28,4.57,4.88-9.14,4.37-10.15S40,61.22,40,61.22l4.37,3.3s9.76,2,11,1a59.11,59.11,0,0,1,8-4.57c1.8-.76,4.11,2.28,6.68,2.79s8.74,3.81,8.74,3.81S90.92,60.71,94,60.21s16.7,3.55,17.47,2,11.82-3,13.1-2.79,8.48,10.91,8.48,10.91l30.83-.51s6.68-6.09,7.45-7.61.26-1.78.26-1.78,9-4.57,10-4.57S193.18,61,193.18,61s10.54-4.06,14.39-5.08,6.68,1.52,12.85-2,19.79-2.79,20.56-3.3,7.45-6.34,12.85-9.39,11.31.76,13.1.76,7.71,5.33,10.79,4.57,10.28-5.33,13.62-5.33,2.83,2.28,10.28,1.78,5.91.51,12.59,4.32,8-2.29,12.85-3.55,1.8.25,4.63-.51a19,19,0,0,1,5.65-.76c1.29,0,2.57,1.52,8.74,3.55s5.91-.76,9.25-1.78,8.22-3.3,18.76-10.15,2.57,5.33,6.94,6.85,22.87,3.55,24.41,2,4.37-3,7.2-4.57,2.82-.51,3.59-.51,9,2.54,11.31,4.06,3.85,4.57,6.17,4.57,4.62-2.54,11-3.55-.26,4.82,0,5.58,2.06,0,5.4-.25,4.88-2.79,9.76-2.79,5.14,3.3,8.48,4.06,2.83,0,10.54-3.81,6.68-1.78,14.9-3.55,22.61,6.85,24.41,6.09,4.88-1.27,11.3-2.54,11.56,3,16.19,5.58,5.14-1.52,8.74-5.08,12.08.25,14.9.25,9.25-.25,13.36-.51,5.14-3,13.88-5.08,8,4.57,14.65,3.55,14.13-1.27,28-5.08,6.42,3,10.79,5.58,9,1.78,11.56,1.52S676,39.65,679.84,36.35s9.51,4.31,16.19,8.12,9.25,3.81,14.13,1.78,9.51-4.82,14.9-7.87,5.4,5.84,10,2.79,15.42.76,17.21-.25,8.48.76,15.42-1,1.8,2,7.45,6.85,3.08-2.29,15.42,1,28.52-2.29,32.89-3,4.88,5.33,9.25,5.84,5.4-4.82,9.76-7.87,17-.76,20.56-2a17.22,17.22,0,0,0,6.17-4.06s13.36,0,15.16-1.52,10.28-.76,13.36-.76,26,4.57,35.2,2.79,11.82-7.62,16.44-10.91,23.13,2.54,30.32,2.54,20.3-2.54,20.3-2.54V0Z\"\/>\n<\/svg><\/div><div class=\"qubely-row-overlay\"><\/div><div class=\"qubely-container\"><div class=\"qubely-row\">\n<div class=\"wp-block-qubely-column qubely-column qubely-column-front qubely-block-852b79\"><div class=\"qubely-column-inner\">\n<div class=\"wp-block-qubely-testimonial qubely-block-442801\"><div class=\"qubely-block-testimonial\"><div class=\"qubely-testimonial-author\"><div class=\"qubely-testimonial-avatar-layout-top\"><img decoding=\"async\" class=\"qubely-testimonial-avatar\" src=\"https:\/\/myplasticmold.com\/wp-content\/uploads\/2022\/05\/engineers-strategy-business-growth-develop.png\" srcset=\"\" alt=\"\"\/><div class=\"qubely-testimonial-author-info\"><div class=\"qubely-testimonial-author-name\"><span>Cristiano<\/span><\/div><div class=\"qubely-testimonial-author-designation\"><span>Profissional<\/span><\/div><\/div><\/div><\/div><div class=\"qubely-testimonial-content\"><div>\"Tenho o prazer de informar que todas as pe\u00e7as pl\u00e1sticas est\u00e3o perfeitas!!! Estamos muito satisfeitos e, portanto, h\u00e1 boas chances de continuarmos nosso relacionamento para qualquer novo projeto que venha a surgir.\"<\/div><\/div><\/div><\/div>\n<\/div><\/div>\n\n\n\n<div class=\"wp-block-qubely-column qubely-column qubely-column-front qubely-block-f78b45\"><div class=\"qubely-column-inner\">\n<div class=\"wp-block-qubely-testimonial qubely-block-80a536\"><div class=\"qubely-block-testimonial\"><div class=\"qubely-testimonial-author\"><div class=\"qubely-testimonial-avatar-layout-top\"><img decoding=\"async\" class=\"qubely-testimonial-avatar\" src=\"https:\/\/myplasticmold.com\/wp-content\/uploads\/2022\/05\/developers-growth-marketing-service-team.png\" srcset=\"\" alt=\"\"\/><div class=\"qubely-testimonial-author-info\"><div class=\"qubely-testimonial-author-name\"><span>Paulo<\/span><\/div><div class=\"qubely-testimonial-author-designation\"><span>Profissional<\/span><\/div><\/div><\/div><\/div><div class=\"qubely-testimonial-content\"><div>\"Steven \u00e9 um excelente profissional, com grande conhecimento e pr\u00e1tica t\u00e9cnica.\"<\/div><\/div><\/div><\/div>\n<\/div><\/div>\n\n\n\n<div class=\"wp-block-qubely-column qubely-column qubely-column-front qubely-block-a2aa62\"><div class=\"qubely-column-inner\">\n<div class=\"wp-block-qubely-testimonial qubely-block-bbfa94\"><div class=\"qubely-block-testimonial\"><div class=\"qubely-testimonial-author\"><div class=\"qubely-testimonial-avatar-layout-top\"><img decoding=\"async\" class=\"qubely-testimonial-avatar\" src=\"https:\/\/myplasticmold.com\/wp-content\/uploads\/2022\/05\/engineers-strategy-business-growth-develop.png\" srcset=\"\" alt=\"\"\/><div class=\"qubely-testimonial-author-info\"><div class=\"qubely-testimonial-author-name\"><span>Davi<\/span><\/div><div class=\"qubely-testimonial-author-designation\"><span>CEO da empresa<\/span><\/div><\/div><\/div><\/div><div class=\"qubely-testimonial-content\"><div>\"Steven \u00e9 um gerente de projetos e engenheiro muito detalhista, capaz de resolver problemas de forma criativa e tamb\u00e9m de prestar um servi\u00e7o excelente. Foi um prazer trabalhar com ele.\"<\/div><\/div><\/div><\/div>\n<\/div><\/div>\n<\/div><\/div><\/div>\n\n\n\n<h2 class=\"wp-block-heading\">Tipos de porta de molde de talheres de pl\u00e1stico<\/h2>\n\n\n\n<p>O molde de talheres inclui&nbsp;<a href=\"https:\/\/myplasticmold.com\/pt\/fabricante-de-moldes-para-talheres-de-plastico\">Molde pl\u00e1stico para colher, molde para garfo, molde para faca<\/a>. Uma vez decidida a localiza\u00e7\u00e3o mais prov\u00e1vel do port\u00e3o, \u00e9 necess\u00e1rio escolher um port\u00e3o com o design e a geometria corretos. Os projetos de port\u00f5es diferem de acordo com a aplica\u00e7\u00e3o pretendida. Os fatores que afetam a escolha do local do port\u00e3o tamb\u00e9m afetam a escolha do projeto de port\u00e3o a ser adotado. Para moldes de talheres de impress\u00e3o \u00fanica ou componentes individualmente grandes, pode ser empregado um sistema de porta de alimenta\u00e7\u00e3o direta. Nesses casos, um bocal estendido da m\u00e1quina alimenta diretamente a impress\u00e3o do molde, eliminando assim a necessidade de <a href=\"https:\/\/myplasticmold.com\/design-principles-of-runner.html\/\">um sistema de corredores<\/a>. Para obter um preenchimento uniforme da moldagem sem <a href=\"https:\/\/myplasticmold.com\/knit-lines.html\/\">linhas de solda<\/a>As portas de alimenta\u00e7\u00e3o direta geralmente est\u00e3o situadas no centro geom\u00e9trico do componente, por exemplo, corpos de lixeira, talheres, baldes, colheres, garfos, facas, tigelas etc., quando poss\u00edvel.<\/p>\n\n\n\n<figure class=\"wp-block-image aligncenter\"><img loading=\"lazy\" decoding=\"async\" width=\"960\" height=\"1280\" src=\"https:\/\/myplasticmold.com\/wp-content\/uploads\/2020\/04\/mmexport1498313538630_hldali.jpg\" alt=\"molde de colher de pl\u00e1stico\" class=\"wp-image-6418\" srcset=\"https:\/\/myplasticmold.com\/wp-content\/uploads\/2020\/04\/mmexport1498313538630_hldali.jpg 960w, https:\/\/myplasticmold.com\/wp-content\/uploads\/2020\/04\/mmexport1498313538630_hldali-225x300.jpg 225w, https:\/\/myplasticmold.com\/wp-content\/uploads\/2020\/04\/mmexport1498313538630_hldali-768x1024.jpg 768w\" sizes=\"auto, (max-width: 960px) 100vw, 960px\" \/><\/figure>\n\n\n\n<figure class=\"wp-block-image aligncenter\"><img loading=\"lazy\" decoding=\"async\" width=\"960\" height=\"1280\" src=\"https:\/\/myplasticmold.com\/wp-content\/uploads\/2020\/04\/mmexport1498313541991_iiqrqm.jpg\" alt=\"molde de colher\" class=\"wp-image-6419\" srcset=\"https:\/\/myplasticmold.com\/wp-content\/uploads\/2020\/04\/mmexport1498313541991_iiqrqm.jpg 960w, https:\/\/myplasticmold.com\/wp-content\/uploads\/2020\/04\/mmexport1498313541991_iiqrqm-225x300.jpg 225w, https:\/\/myplasticmold.com\/wp-content\/uploads\/2020\/04\/mmexport1498313541991_iiqrqm-768x1024.jpg 768w\" sizes=\"auto, (max-width: 960px) 100vw, 960px\" \/><\/figure>\n\n\n\n<figure class=\"wp-block-image aligncenter\"><img loading=\"lazy\" decoding=\"async\" width=\"1280\" height=\"960\" src=\"https:\/\/myplasticmold.com\/wp-content\/uploads\/2020\/04\/mmexport1498313545092_ni4b42.jpg\" alt=\"Molde para talheres de pl\u00e1stico\" class=\"wp-image-6420\" srcset=\"https:\/\/myplasticmold.com\/wp-content\/uploads\/2020\/04\/mmexport1498313545092_ni4b42.jpg 1280w, https:\/\/myplasticmold.com\/wp-content\/uploads\/2020\/04\/mmexport1498313545092_ni4b42-300x225.jpg 300w, https:\/\/myplasticmold.com\/wp-content\/uploads\/2020\/04\/mmexport1498313545092_ni4b42-1024x768.jpg 1024w, https:\/\/myplasticmold.com\/wp-content\/uploads\/2020\/04\/mmexport1498313545092_ni4b42-768x576.jpg 768w\" sizes=\"auto, (max-width: 1280px) 100vw, 1280px\" \/><\/figure>","protected":false},"excerpt":{"rendered":"<p>China Plastic Cutlery Mould Maker Plastic Cutlery Mould Gate positioning and design The location of the gate is of importance with respect to the way in which the polymer flows into the mould impression. Other factors have to be taken into consideration when choosing a gate location, which includes: After consideration of all the previous [&hellip;]<\/p>\n","protected":false},"author":3,"featured_media":0,"parent":0,"menu_order":0,"comment_status":"closed","ping_status":"closed","template":"","meta":{"footnotes":""},"class_list":["post-6403","page","type-page","status-publish","hentry"],"blocksy_meta":{"styles_descriptor":{"styles":{"desktop":"","tablet":"","mobile":""},"google_fonts":[],"version":6}},"_links":{"self":[{"href":"https:\/\/myplasticmold.com\/pt\/wp-json\/wp\/v2\/pages\/6403","targetHints":{"allow":["GET"]}}],"collection":[{"href":"https:\/\/myplasticmold.com\/pt\/wp-json\/wp\/v2\/pages"}],"about":[{"href":"https:\/\/myplasticmold.com\/pt\/wp-json\/wp\/v2\/types\/page"}],"author":[{"embeddable":true,"href":"https:\/\/myplasticmold.com\/pt\/wp-json\/wp\/v2\/users\/3"}],"replies":[{"embeddable":true,"href":"https:\/\/myplasticmold.com\/pt\/wp-json\/wp\/v2\/comments?post=6403"}],"version-history":[{"count":0,"href":"https:\/\/myplasticmold.com\/pt\/wp-json\/wp\/v2\/pages\/6403\/revisions"}],"wp:attachment":[{"href":"https:\/\/myplasticmold.com\/pt\/wp-json\/wp\/v2\/media?parent=6403"}],"curies":[{"name":"wp","href":"https:\/\/api.w.org\/{rel}","templated":true}]}}