{"id":6335,"date":"2017-06-08T10:58:43","date_gmt":"2017-06-08T02:58:43","guid":{"rendered":"https:\/\/myplasticmold.com\/?page_id=6335"},"modified":"2024-07-05T12:35:06","modified_gmt":"2024-07-05T04:35:06","slug":"molde-de-produto-do-setor","status":"publish","type":"page","link":"https:\/\/myplasticmold.com\/pt\/molde-de-produto-do-setor","title":{"rendered":"Fabricante de molde de capacete de seguran\u00e7a na China, molde de produto servido na ind\u00fastria"},"content":{"rendered":"<div class=\"wp-block-cover alignfull has-custom-content-position is-position-bottom-center\"><span aria-hidden=\"true\" class=\"wp-block-cover__background has-background-dim\"><\/span><img loading=\"lazy\" decoding=\"async\" width=\"620\" height=\"239\" class=\"wp-block-cover__image-background wp-image-7833\" alt=\"\" src=\"https:\/\/myplasticmold.com\/wp-content\/uploads\/2021\/09\/helmet_mold1_gga0mw.jpg\" data-object-fit=\"cover\" srcset=\"https:\/\/myplasticmold.com\/wp-content\/uploads\/2021\/09\/helmet_mold1_gga0mw.jpg 620w, https:\/\/myplasticmold.com\/wp-content\/uploads\/2021\/09\/helmet_mold1_gga0mw-300x116.jpg 300w\" sizes=\"auto, (max-width: 620px) 100vw, 620px\" \/><div class=\"wp-block-cover__inner-container is-layout-flow wp-block-cover-is-layout-flow\">\n<h2 class=\"wp-block-heading has-text-align-center has-palette-color-8-color has-text-color\">molde de capacete de seguran\u00e7a<\/h2>\n<\/div><\/div>\n\n\n\n<h1 class=\"wp-block-heading\">Fabricante de molde de capacete de seguran\u00e7a na China&nbsp;<\/h1>\n\n\n\n<div class=\"wp-block-qubely-row qubely-section qubely-block-65cc5b\"><div class=\"qubely-row-overlay\"><\/div><div class=\"qubely-container\"><div class=\"qubely-row\">\n<div class=\"wp-block-qubely-column qubely-column qubely-column-front qubely-block-162bfc\"><div class=\"qubely-column-inner\">\n<p>Interessado em encontrar um fabricante e projetista de <a href=\"https:\/\/myplasticmold.com\/pt\/molde-de-produto-do-setor\">molde de capacete de seguran\u00e7a<\/a> que ajudar\u00e1 sua empresa a crescer? Se estiver procurando um molde de inje\u00e7\u00e3o de capacete de seguran\u00e7a personalizado com servi\u00e7o completo, a Topworks Plastic Mold \u00e9 o lugar certo.<\/p>\n\n\n\n<p>Seja em uma parceria comercial ou apenas como amigo, estamos aqui para voc\u00ea. Nosso molde pl\u00e1stico para capacete pode ser projetado, fabricado e distribu\u00eddo para atender aos mais altos padr\u00f5es de qualidade a pre\u00e7os competitivos internacionalmente.<\/p>\n\n\n\n<p>Por isso, oferecemos uma ampla gama de servi\u00e7os de ferramental, fabrica\u00e7\u00e3o e remessa para dar vida \u00e0 sua ideia de molde de pl\u00e1stico para capacete.<\/p>\n\n\n\n<p>N\u00e3o importa se voc\u00ea est\u00e1 trabalhando com pe\u00e7as de capacete de seguran\u00e7a que s\u00e3o uma c\u00f3pia da vers\u00e3o pronta para uso ou se ainda \u00e9 um trabalho em andamento, nosso processo simplificar\u00e1 cada est\u00e1gio do ciclo de vida do seu produto.<\/p>\n\n\n\n<p>excelente servi\u00e7o e melhor pre\u00e7o para moldes de produtos industrializados, moldes para caixas de ferramentas, moldes para capacetes de seguran\u00e7a<\/p>\n\n\n\n<div class=\"wp-block-qubely-button qubely-block-fdc426\" data-qubelyanimation=\"{&quot;animation&quot;:&quot;bounce&quot;,&quot;name&quot;:&quot;bounceCenter&quot;,&quot;repeat&quot;:&quot;once&quot;,&quot;direction&quot;:&quot;Center&quot;,&quot;duration&quot;:1000,&quot;delay&quot;:0,&quot;curve&quot;:&quot;ease-in-out&quot;,&quot;openAnimation&quot;:1}\"><div class=\"qubely-block-btn-wrapper\"><div class=\"qubely-block-btn\"><a class=\"qubely-block-btn-anchor is-large\" href=\"https:\/\/myplasticmold.com\/contact-us-2\/\" target=\"_blank\" rel=\"nofollow noopener noreferrer\"><i class=\"qubely-btn-icon fas fa-hand-point-right\"><\/i><strong><span data-fontsize=\"22\" style=\"font-size: 22px;\" class=\"qubely-custom-font\">OBTENHA UMA COTA\u00c7\u00c3O GRATUITA, PRE\u00c7O 30% MAIS BAIXO E ENTREGA 10 DIAS MENOS<\/span><\/strong><\/a><\/div><\/div><\/div>\n<\/div><\/div>\n\n\n\n<div class=\"wp-block-qubely-column qubely-column qubely-column-front qubely-block-b53d99\"><div class=\"qubely-column-inner\">\n<figure class=\"wp-block-image aligncenter size-large\"><img decoding=\"async\" src=\"https:\/\/myplasticmold.com\/wp-content\/uploads\/2021\/09\/helmet_mold.jpg\" alt=\"\"\/><\/figure>\n<\/div><\/div>\n<\/div><\/div><\/div>\n\n\n\n<figure class=\"wp-block-embed is-type-video is-provider-youtube wp-block-embed-youtube wp-embed-aspect-16-9 wp-has-aspect-ratio\"><div class=\"wp-block-embed__wrapper\">\n<iframe loading=\"lazy\" title=\"Uma empresa chinesa de moldes pl\u00e1sticos e moldagem por inje\u00e7\u00e3o\" width=\"1220\" height=\"686\" src=\"https:\/\/www.youtube.com\/embed\/McALhZohbi0?feature=oembed\" frameborder=\"0\" allow=\"accelerometer; autoplay; clipboard-write; encrypted-media; gyroscope; picture-in-picture; web-share\" referrerpolicy=\"strict-origin-when-cross-origin\" allowfullscreen><\/iframe>\n<\/div><\/figure>\n\n\n\n<h1 class=\"wp-block-heading\">Como comprar moldes de inje\u00e7\u00e3o de capacete de pl\u00e1stico da China: Um guia abrangente<\/h1>\n\n\n\n<p>Voc\u00ea est\u00e1 procurando moldes de inje\u00e7\u00e3o para capacetes da China? Este guia auxiliar\u00e1 no processo de sele\u00e7\u00e3o e ajudar\u00e1 a garantir decis\u00f5es informadas com fornecedores confi\u00e1veis para todos os seus requisitos de fabrica\u00e7\u00e3o de capacetes.<\/p>\n\n\n\n<h3 class=\"wp-block-heading\">Entendendo os moldes de inje\u00e7\u00e3o de capacete<\/h3>\n\n\n\n<p>Antes de iniciar o processo de compra de moldes de inje\u00e7\u00e3o para capacetes, \u00e9 essencial que os compradores compreendam essas ferramentas essenciais usadas na produ\u00e7\u00e3o de capacetes. Para isso, \u00e9 preciso se familiarizar com o que s\u00e3o os moldes de inje\u00e7\u00e3o para capacetes e por que seu uso nos processos de produ\u00e7\u00e3o \u00e9 necess\u00e1rio.<\/p>\n\n\n\n<h3 class=\"wp-block-heading\">O que s\u00e3o moldes de inje\u00e7\u00e3o de capacete (HIMs)?<\/h3>\n\n\n\n<p>Os moldes de inje\u00e7\u00e3o de capacete (HIMs) s\u00e3o ferramentas de engenharia de precis\u00e3o usadas na produ\u00e7\u00e3o de capacetes de pl\u00e1stico. Os moldes:<\/p>\n\n\n\n<ul class=\"wp-block-list\">\n<li>Moldar o pl\u00e1stico derretido na forma desejada do capacete <\/li>\n\n\n\n<li>Garantir qualidade e dimens\u00f5es consistentes em toda a produ\u00e7\u00e3o <\/li>\n\n\n\n<li>Permitir a produ\u00e7\u00e3o em massa eficiente de capacetes<\/li>\n<\/ul>\n\n\n\n<p>Est\u00e3o dispon\u00edveis moldes de cavidade \u00fanica (para a fabrica\u00e7\u00e3o de um componente de capacete por vez) e moldes familiares de m\u00faltiplas cavidades, bem como moldes de c\u00e2mara quente para produzir diferentes componentes de capacete simultaneamente.<\/p>\n\n\n\n<p>Para garantir um processo de compra tranquilo, siga estas etapas para identificar e examinar os poss\u00edveis fornecedores:<\/p>\n\n\n\n<ol class=\"wp-block-list\">\n<li>Pesquisar mercados on-line (por exemplo, Alibaba, Made-in-China)<\/li>\n\n\n\n<li>Participar de feiras comerciais (virtualmente ou pessoalmente)<\/li>\n\n\n\n<li>Usar agentes de sourcing ou empresas comerciais<\/li>\n\n\n\n<li>Verifique as credenciais e certifica\u00e7\u00f5es do fornecedor<\/li>\n\n\n\n<li>Solicitar amostras e prot\u00f3tipos<\/li>\n<\/ol>\n\n\n\n<h3 class=\"wp-block-heading\">Principais fatores a serem considerados<\/h3>\n\n\n\n<p>Ao avaliar os fornecedores, preste aten\u00e7\u00e3o a:<\/p>\n\n\n\n<ul class=\"wp-block-list\">\n<li>Anos de experi\u00eancia na fabrica\u00e7\u00e3o de moldes para capacetes<\/li>\n\n\n\n<li>Processos de controle de qualidade<\/li>\n\n\n\n<li>Capacidade de produ\u00e7\u00e3o<\/li>\n\n\n\n<li>Avalia\u00e7\u00f5es e depoimentos de clientes<\/li>\n\n\n\n<li>Capacidade de resposta da comunica\u00e7\u00e3o<\/li>\n<\/ul>\n\n\n\n<h2 class=\"wp-block-heading\">Negocia\u00e7\u00e3o e coloca\u00e7\u00e3o do pedido<\/h2>\n\n\n\n<p>Depois de selecionar os poss\u00edveis fornecedores, \u00e9 hora de negociar os termos e fazer o pedido.<\/p>\n\n\n\n<h3 class=\"wp-block-heading\">Etapas essenciais:<\/h3>\n\n\n\n<ol class=\"wp-block-list\">\n<li>Defina claramente as especifica\u00e7\u00f5es do molde do capacete<\/li>\n\n\n\n<li>Solicitar cota\u00e7\u00f5es detalhadas de v\u00e1rios fornecedores<\/li>\n\n\n\n<li>Negociar pre\u00e7os, condi\u00e7\u00f5es de pagamento e cronogramas de entrega<\/li>\n\n\n\n<li>Discutir medidas de prote\u00e7\u00e3o \u00e0 propriedade intelectual<\/li>\n\n\n\n<li>Concordar com os procedimentos e padr\u00f5es de controle de qualidade<\/li>\n<\/ol>\n\n\n\n<h3 class=\"wp-block-heading\">Cl\u00e1usulas contratuais importantes<\/h3>\n\n\n\n<p>Certifique-se de que seu contrato de compra inclua:<\/p>\n\n\n\n<ul class=\"wp-block-list\">\n<li>Especifica\u00e7\u00f5es detalhadas do produto<\/li>\n\n\n\n<li>Padr\u00f5es de qualidade e procedimentos de teste<\/li>\n\n\n\n<li>Termos de entrega e penalidades por atrasos<\/li>\n\n\n\n<li>Garantia e suporte p\u00f3s-venda<\/li>\n\n\n\n<li>Mecanismos de resolu\u00e7\u00e3o de disputas<\/li>\n<\/ul>\n\n\n\n<h2 class=\"wp-block-heading\">Controle de qualidade e monitoramento da produ\u00e7\u00e3o<\/h2>\n\n\n\n<p>Para garantir a qualidade de seus moldes de inje\u00e7\u00e3o de capacete:<\/p>\n\n\n\n<ol class=\"wp-block-list\">\n<li>Realizar auditorias regulares na f\u00e1brica<\/li>\n\n\n\n<li>Implementar um plano de controle de qualidade<\/li>\n\n\n\n<li>Usar servi\u00e7os de inspe\u00e7\u00e3o de terceiros<\/li>\n\n\n\n<li>Solicitar relat\u00f3rios de progresso e atualiza\u00e7\u00f5es de produ\u00e7\u00e3o<\/li>\n\n\n\n<li>Realizar inspe\u00e7\u00f5es finais antes do embarque<\/li>\n<\/ol>\n\n\n\n<h2 class=\"wp-block-heading\">Expedi\u00e7\u00e3o e log\u00edstica<\/h2>\n\n\n\n<p>Planeje cuidadosamente o transporte dos moldes de inje\u00e7\u00e3o do capacete:<\/p>\n\n\n\n<ol class=\"wp-block-list\">\n<li>Escolha entre frete a\u00e9reo e mar\u00edtimo com base na urg\u00eancia e no custo<\/li>\n\n\n\n<li>Garanta uma embalagem adequada para evitar danos durante o transporte<\/li>\n\n\n\n<li>Obter a documenta\u00e7\u00e3o de importa\u00e7\u00e3o\/exporta\u00e7\u00e3o necess\u00e1ria<\/li>\n\n\n\n<li>Considere a possibilidade de usar um despachante aduaneiro para navegar pelas regulamenta\u00e7\u00f5es<\/li>\n\n\n\n<li>Providencie cobertura de seguro durante o transporte<\/li>\n<\/ol>\n\n\n\n<p>Seguindo este guia abrangente, voc\u00ea estar\u00e1 bem equipado para adquirir moldes de inje\u00e7\u00e3o de capacete de alta qualidade da China com efici\u00eancia e confian\u00e7a. Lembre-se de priorizar a comunica\u00e7\u00e3o clara, a pesquisa completa e o rigoroso controle de qualidade durante todo o processo para garantir uma compra bem-sucedida.<\/p>\n\n\n\n<div class=\"wp-block-group alignfull is-layout-flow wp-block-group-is-layout-flow\">\n<h2 class=\"wp-block-heading has-text-align-center has-palette-color-5-background-color has-background\">O QUE NOSSOS CLIENTES DIZEM<\/h2>\n\n\n\n<div class=\"wp-block-qubely-row alignfull qubely-section qubely-block-95be5f\" data-qubelyanimation=\"{&quot;animation&quot;:&quot;bounce&quot;,&quot;name&quot;:&quot;bounceCenter&quot;,&quot;repeat&quot;:&quot;once&quot;,&quot;direction&quot;:&quot;Center&quot;,&quot;duration&quot;:1000,&quot;delay&quot;:0,&quot;curve&quot;:&quot;ease-in-out&quot;,&quot;openAnimation&quot;:1}\"><div class=\"qubely-shape-divider qubely-top-shape\"><svg xmlns=\"http:\/\/www.w3.org\/2000\/svg\" viewbox=\"0 0 1000 80\" preserveaspectratio=\"none\">\n    <path d=\"M0,0V71.07l.22.05c2.83,1,7.45-4.57,7.45-4.57s13.36,6.34,14.9,6.6S30,76.45,30,76.45L36.7,71.5s5.4,6,8,4.95,16.19-8.88,17.73-3.55S64.2,80,65,80s5.4-5.59,6.42-5.59,11,2.79,11.82,2.79,7.71-5.84,9.25-6.6,18.24.51,22.1,2.66,14.13.13,19.79,0,25.18,1.9,25.18,1.9l8.48-1.9s0-5.46,1.8-5.2,9.25.51,9.25.51L180.34,65s20.81,2,22.1,2,2.31-3.81,4.37-3.81,14.13,3.81,15.42,3.81,9.25-3.55,11.56-3.81,8.48,5.08,10.28,5.58,55-6.6,55-6.6-.26-5.33,4.88-3.55,15.16,1.27,19.53,2,3.34,6.34,7.71,2.54,5.65-7.36,8.22-6.09,10.28,2.28,11,2.28,4.37-8.12,7.19-6.6,21.59,12.5,30.06,13.48,13.1-10.44,13.1-10.44l13.1,2.54s7.71,10.15,16.19,11.17,11,6.34,19.27,3.55,17.73-9.39,20-8.38,17.47-6.6,18.24-6.85,8.74.76,16.44.25,9.51-5.52,9.51-5.52,25.69-1.08,28.78,1.21,3.6,4.31,6.68,4.31,12.33-5.84,22.35-3.55,26,6.34,27.49,7.11,10.28-5.58,10.28-5.58,5.14,4.57,6.42,5.84,6.17.76,9.25,0,3.85-9.14,10-5.08,20.3-5.08,25.44,1S667,64,667,64s6.68-11.42,14.39-9.9S710.16,66.2,710.16,66.2l6.42-5.49,27.24-1.27s-1.28-7.11,6.17-5.33,10-.89,11-1.71,5.14-3.49,9,0,25.44,8.31,32.89,8.31,15.93-6.35,22.61-4.57,13.36-1.52,14.39-2-.77-4.65,6.42-3.47,19-.76,20.58-.25,6.17-.76,11.31-1.78,6.34-11.63,12.25-4.27,8.68,5.28,11.51,6.74,7.45,1.33,9.25,0-1.54-7.93,7.19-5.39,4.17,3.48,10.08,3,14.13,4.06,14.13,4.06,10.79-2,13.11-2.28,9.25-4.57,12.59-2.79,6.17,1.52,9,2.28,10-.51,11.82-1.78,2.57-6.35,7.71-3.55a11.91,11.91,0,0,1,3.14,2.18V0Z\" style=\"opacity:0.66\"\/>\n    <path d=\"M0,0V59.17c4.84-3,4.08,1,5.36-.23s0,0,2.57-1.27,3.08.51,7.19,1,2.83,2.54,2.83,2.54,8.74,5.08,10.28,4.57,4.88-9.14,4.37-10.15S40,61.22,40,61.22l4.37,3.3s9.76,2,11,1a59.11,59.11,0,0,1,8-4.57c1.8-.76,4.11,2.28,6.68,2.79s8.74,3.81,8.74,3.81S90.92,60.71,94,60.21s16.7,3.55,17.47,2,11.82-3,13.1-2.79,8.48,10.91,8.48,10.91l30.83-.51s6.68-6.09,7.45-7.61.26-1.78.26-1.78,9-4.57,10-4.57S193.18,61,193.18,61s10.54-4.06,14.39-5.08,6.68,1.52,12.85-2,19.79-2.79,20.56-3.3,7.45-6.34,12.85-9.39,11.31.76,13.1.76,7.71,5.33,10.79,4.57,10.28-5.33,13.62-5.33,2.83,2.28,10.28,1.78,5.91.51,12.59,4.32,8-2.29,12.85-3.55,1.8.25,4.63-.51a19,19,0,0,1,5.65-.76c1.29,0,2.57,1.52,8.74,3.55s5.91-.76,9.25-1.78,8.22-3.3,18.76-10.15,2.57,5.33,6.94,6.85,22.87,3.55,24.41,2,4.37-3,7.2-4.57,2.82-.51,3.59-.51,9,2.54,11.31,4.06,3.85,4.57,6.17,4.57,4.62-2.54,11-3.55-.26,4.82,0,5.58,2.06,0,5.4-.25,4.88-2.79,9.76-2.79,5.14,3.3,8.48,4.06,2.83,0,10.54-3.81,6.68-1.78,14.9-3.55,22.61,6.85,24.41,6.09,4.88-1.27,11.3-2.54,11.56,3,16.19,5.58,5.14-1.52,8.74-5.08,12.08.25,14.9.25,9.25-.25,13.36-.51,5.14-3,13.88-5.08,8,4.57,14.65,3.55,14.13-1.27,28-5.08,6.42,3,10.79,5.58,9,1.78,11.56,1.52S676,39.65,679.84,36.35s9.51,4.31,16.19,8.12,9.25,3.81,14.13,1.78,9.51-4.82,14.9-7.87,5.4,5.84,10,2.79,15.42.76,17.21-.25,8.48.76,15.42-1,1.8,2,7.45,6.85,3.08-2.29,15.42,1,28.52-2.29,32.89-3,4.88,5.33,9.25,5.84,5.4-4.82,9.76-7.87,17-.76,20.56-2a17.22,17.22,0,0,0,6.17-4.06s13.36,0,15.16-1.52,10.28-.76,13.36-.76,26,4.57,35.2,2.79,11.82-7.62,16.44-10.91,23.13,2.54,30.32,2.54,20.3-2.54,20.3-2.54V0Z\"\/>\n<\/svg><\/div><div class=\"qubely-row-overlay\"><\/div><div class=\"qubely-container\"><div class=\"qubely-row\">\n<div class=\"wp-block-qubely-column qubely-column qubely-column-front qubely-block-4d61b8\"><div class=\"qubely-column-inner\">\n<div class=\"wp-block-qubely-testimonial qubely-block-89e237\"><div class=\"qubely-block-testimonial\"><div class=\"qubely-testimonial-author\"><div class=\"qubely-testimonial-avatar-layout-top\"><img decoding=\"async\" class=\"qubely-testimonial-avatar\" src=\"https:\/\/myplasticmold.com\/wp-content\/uploads\/2022\/05\/engineers-strategy-business-growth-develop.png\" srcset=\"\" alt=\"\"\/><div class=\"qubely-testimonial-author-info\"><div class=\"qubely-testimonial-author-name\"><span>Cristiano<\/span><\/div><div class=\"qubely-testimonial-author-designation\"><span>Profissional<\/span><\/div><\/div><\/div><\/div><div class=\"qubely-testimonial-content\"><div>\"Tenho o prazer de informar que todas as pe\u00e7as pl\u00e1sticas est\u00e3o perfeitas!!! Estamos muito satisfeitos e, portanto, h\u00e1 boas chances de continuarmos nosso relacionamento para qualquer novo projeto que venha a surgir.\"<\/div><\/div><\/div><\/div>\n<\/div><\/div>\n\n\n\n<div class=\"wp-block-qubely-column qubely-column qubely-column-front qubely-block-c7eeaa\"><div class=\"qubely-column-inner\">\n<div class=\"wp-block-qubely-testimonial qubely-block-a80a4a\"><div class=\"qubely-block-testimonial\"><div class=\"qubely-testimonial-author\"><div class=\"qubely-testimonial-avatar-layout-top\"><img decoding=\"async\" class=\"qubely-testimonial-avatar\" src=\"https:\/\/myplasticmold.com\/wp-content\/uploads\/2022\/05\/developers-growth-marketing-service-team.png\" srcset=\"\" alt=\"\"\/><div class=\"qubely-testimonial-author-info\"><div class=\"qubely-testimonial-author-name\"><span>Paulo<\/span><\/div><div class=\"qubely-testimonial-author-designation\"><span>Profissional<\/span><\/div><\/div><\/div><\/div><div class=\"qubely-testimonial-content\"><div>\"Steven \u00e9 um excelente profissional, com grande conhecimento e pr\u00e1tica t\u00e9cnica.\"<\/div><\/div><\/div><\/div>\n<\/div><\/div>\n\n\n\n<div class=\"wp-block-qubely-column qubely-column qubely-column-front qubely-block-a97728\"><div class=\"qubely-column-inner\">\n<div class=\"wp-block-qubely-testimonial qubely-block-a348ba\"><div class=\"qubely-block-testimonial\"><div class=\"qubely-testimonial-author\"><div class=\"qubely-testimonial-avatar-layout-top\"><img decoding=\"async\" class=\"qubely-testimonial-avatar\" src=\"https:\/\/myplasticmold.com\/wp-content\/uploads\/2022\/05\/engineers-strategy-business-growth-develop.png\" srcset=\"\" alt=\"\"\/><div class=\"qubely-testimonial-author-info\"><div class=\"qubely-testimonial-author-name\"><span>Davi<\/span><\/div><div class=\"qubely-testimonial-author-designation\"><span>CEO da empresa<\/span><\/div><\/div><\/div><\/div><div class=\"qubely-testimonial-content\"><div>\"Steven \u00e9 um gerente de projetos e engenheiro muito detalhista, capaz de resolver problemas de forma criativa e tamb\u00e9m de prestar um servi\u00e7o excelente. Foi um prazer trabalhar com ele.\"<\/div><\/div><\/div><\/div>\n<\/div><\/div>\n<\/div><\/div><\/div>\n<\/div>","protected":false},"excerpt":{"rendered":"<p>China safety helmet mould manufacturer&nbsp; How to Buy Plastic Helmet Injection Molds from China: A Comprehensive Guide Are You Searching For Helmet Injection Molds from China? This guide will assist in the selection process and help ensure informed decisions with reliable suppliers for all of your helmet manufacturing requirements. Understanding Helmet Injection Molds Before you [&hellip;]<\/p>\n","protected":false},"author":3,"featured_media":0,"parent":0,"menu_order":0,"comment_status":"closed","ping_status":"closed","template":"","meta":{"footnotes":""},"class_list":["post-6335","page","type-page","status-publish","hentry"],"blocksy_meta":{"styles_descriptor":{"styles":{"desktop":"","tablet":"","mobile":""},"google_fonts":[],"version":6}},"_links":{"self":[{"href":"https:\/\/myplasticmold.com\/pt\/wp-json\/wp\/v2\/pages\/6335","targetHints":{"allow":["GET"]}}],"collection":[{"href":"https:\/\/myplasticmold.com\/pt\/wp-json\/wp\/v2\/pages"}],"about":[{"href":"https:\/\/myplasticmold.com\/pt\/wp-json\/wp\/v2\/types\/page"}],"author":[{"embeddable":true,"href":"https:\/\/myplasticmold.com\/pt\/wp-json\/wp\/v2\/users\/3"}],"replies":[{"embeddable":true,"href":"https:\/\/myplasticmold.com\/pt\/wp-json\/wp\/v2\/comments?post=6335"}],"version-history":[{"count":0,"href":"https:\/\/myplasticmold.com\/pt\/wp-json\/wp\/v2\/pages\/6335\/revisions"}],"wp:attachment":[{"href":"https:\/\/myplasticmold.com\/pt\/wp-json\/wp\/v2\/media?parent=6335"}],"curies":[{"name":"wp","href":"https:\/\/api.w.org\/{rel}","templated":true}]}}