{"id":6294,"date":"2017-05-24T23:38:36","date_gmt":"2017-05-24T15:38:36","guid":{"rendered":"https:\/\/myplasticmold.com\/?page_id=6294"},"modified":"2023-07-20T15:02:14","modified_gmt":"2023-07-20T07:02:14","slug":"molde-de-recipiente-plastico","status":"publish","type":"page","link":"https:\/\/myplasticmold.com\/pt\/molde-de-recipiente-plastico","title":{"rendered":"Molde para recipiente de pl\u00e1stico, molde para cesto de roupa suja fabricante na China, melhor pre\u00e7o"},"content":{"rendered":"<h2 class=\"wp-block-heading\">Molde para recipiente de pl\u00e1stico, molde para cesto de roupa suja fabricante na China, melhor pre\u00e7o<\/h2>\n\n\n\n<p>Descubra os moldes de pl\u00e1stico de alta qualidade para cont\u00eaineres e cestos de roupa suja de nossa f\u00e1brica na China. Como l\u00edder na produ\u00e7\u00e3o de moldes de inje\u00e7\u00e3o, oferecemos uma ampla sele\u00e7\u00e3o de moldes de pl\u00e1stico dur\u00e1veis e acess\u00edveis para atender \u00e0s suas necessidades de produ\u00e7\u00e3o.<\/p>\n\n\n\n<p>Nossos moldes para cont\u00eaineres de pl\u00e1stico s\u00e3o ideais para a produ\u00e7\u00e3o de caixas de armazenamento, baldes, tambores e muito mais. Utilizamos t\u00e9cnicas avan\u00e7adas de fabrica\u00e7\u00e3o de moldes e componentes de a\u00e7o e moldes de qualidade superior para criar moldes que produzem recipientes com acabamentos suaves, detalhes n\u00edtidos e peso leve. Confie em nossos moldes para produzir com efici\u00eancia grandes volumes de cont\u00eaineres uniformes, sempre.<\/p>\n\n\n\n<p>Para cestos de roupa suja, nossos projetos inovadores de moldes permitem a produ\u00e7\u00e3o de cestos em v\u00e1rios formatos e tamanhos. Nossos moldes para cestos de roupa suja s\u00e3o projetados para oferecer confiabilidade e consist\u00eancia, fornecendo moldes para cestos com excelente resist\u00eancia e estabilidade. Personalize os recursos do cesto, como orif\u00edcios de ventila\u00e7\u00e3o, al\u00e7as, op\u00e7\u00f5es de tampa e muito mais.<\/p>\n\n\n\n<p>Com anos de experi\u00eancia na fabrica\u00e7\u00e3o de moldes de pl\u00e1stico, oferecemos uma excelente rela\u00e7\u00e3o custo-benef\u00edcio. Nossa combina\u00e7\u00e3o de m\u00e3o de obra especializada, equipamentos de ponta e pre\u00e7os acess\u00edveis \u00e9 inigual\u00e1vel no setor. Entre em contato conosco hoje mesmo para come\u00e7ar a projetar moldes personalizados que maximizem sua produtividade e lucratividade.<\/p>\n\n\n<p><\/p>\n<h2>Dicas de fabrica\u00e7\u00e3o de moldes para recipientes pl\u00e1sticos e cestos de roupa suja<\/h2>\n<p>Posicionamento e design do port\u00e3o<\/p>\n<p>A localiza\u00e7\u00e3o do port\u00e3o \u00e9 importante em rela\u00e7\u00e3o \u00e0 maneira como o pol\u00edmero flui para o <a href=\"https:\/\/myplasticmold.com\/pt\/molde-de-recipiente-plastico\">molde de recipiente pl\u00e1stico<\/a> impress\u00e3o. Outros fatores devem ser levados em considera\u00e7\u00e3o ao escolher um local para o port\u00e3o, que incluem:<\/p>\n<ul>\n<li><strong>considera\u00e7\u00f5es est\u00e9ticas do <\/strong>moldagem<strong>;<\/strong><\/li>\n<li>degradante<strong> requisitos do <\/strong>moldagem<strong>;<\/strong><\/li>\n<li><strong>complexidade do design do <\/strong>moldagem<strong>;<\/strong><\/li>\n<li><strong>Exig\u00eancia de temperatura do molde;<\/strong><\/li>\n<li><strong>natureza do pol\u00edmero a ser processado;<\/strong><\/li>\n<li><strong>volume do pol\u00edmero a ser alimentado <\/strong>embora<strong> a porta e a taxa de alimenta\u00e7\u00e3o;<\/strong><\/li>\n<li><strong>significado e posi\u00e7\u00f5es das linhas de solda produzidas;<\/strong><\/li>\n<li><strong>poss\u00edveis locais e efeitos de aprisionamento de g\u00e1s criados como resultado do perfil de enchimento.<\/strong><\/li>\n<\/ul>\n<p>Ap\u00f3s a considera\u00e7\u00e3o de todos os pontos anteriores, deve ser evidente que o posicionamento da porta deve ser determinado relativamente cedo e antes do in\u00edcio da constru\u00e7\u00e3o do projeto. Se o componente tiver que ser alimentado convencionalmente, ou seja, sem c\u00e2mara quente, as op\u00e7\u00f5es de localiza\u00e7\u00e3o da porta ser\u00e3o ainda mais restritas devido \u00e0s limita\u00e7\u00f5es do projeto do molde de duas placas.<\/p>\n<div style=\"width: 640px;\" class=\"wp-video\"><video class=\"wp-video-shortcode\" id=\"video-6294-1\" width=\"640\" height=\"360\" preload=\"metadata\" controls=\"controls\"><source type=\"video\/mp4\" src=\"http:\/\/res.cloudinary.com\/steven-cheng\/video\/upload\/v1468030252\/video.mp4?_=1\" \/><a href=\"http:\/\/res.cloudinary.com\/steven-cheng\/video\/upload\/v1468030252\/video.mp4\" target=\"_blank\" rel=\"noopener\">http:\/\/res.cloudinary.com\/steven-cheng\/video\/upload\/v1468030252\/video.mp4<\/a><\/video><\/div>\n<p>As restri\u00e7\u00f5es existem devido \u00e0 necessidade de ter que fazer a passagem em um \u00fanico plano em rela\u00e7\u00e3o \u00e0 linha de divis\u00e3o do molde. Quando confrontado com requisitos de passagem fora do escopo do design de duas placas, o projetista do molde tem a op\u00e7\u00e3o de selecionar os formatos de design de molde de tr\u00eas placas ou sem canal para obter a posi\u00e7\u00e3o de passagem desejada.<\/p>\n<h2>Nossa s\u00e9rie de moldes para cestas inclui:<\/h2>\n<ul>\n<li><strong>Molde de pl\u00e1stico para cestas de frutas e legumes<\/strong><\/li>\n<li><strong>molde de cesta de compras de pl\u00e1stico, <\/strong><\/li>\n<li><strong>Molde de pl\u00e1stico para cesto de roupa suja, <\/strong><\/li>\n<li><strong>Molde pl\u00e1stico para cesto de drenagem, <\/strong><\/li>\n<li><strong>Molde de cestas de frutas dobr\u00e1veis de pl\u00e1stico, <\/strong><\/li>\n<li><strong>molde port\u00e1til de cesta pl\u00e1stica etc.<\/strong><\/li>\n<\/ul>\n<p><img loading=\"lazy\" decoding=\"async\" class=\"aligncenter wp-image-6435 size-full\" src=\"https:\/\/myplasticmold.com\/wp-content\/uploads\/2020\/04\/basket-mould_logc2e.jpg\" alt=\"molde de cesta pl\u00e1stica\" width=\"665\" height=\"925\" srcset=\"https:\/\/myplasticmold.com\/wp-content\/uploads\/2020\/04\/basket-mould_logc2e.jpg 665w, https:\/\/myplasticmold.com\/wp-content\/uploads\/2020\/04\/basket-mould_logc2e-216x300.jpg 216w\" sizes=\"auto, (max-width: 665px) 100vw, 665px\" \/><\/p>\n<h2>Moldes para cestas pl\u00e1sticas de duas placas<\/h2>\n<p>Se o molde da cesta pl\u00e1stica se separar em duas pe\u00e7as principais ou metades, em ambos os lados da linha de divis\u00e3o do molde, ent\u00e3o o molde \u00e9 chamado de molde de inje\u00e7\u00e3o de duas placas. O molde de 2 cavidades produzir\u00e1 duas cestas pl\u00e1sticas (durante cada disparo ou ciclo, \u00e9 um molde de duas impress\u00f5es). Cada cavidade \u00e9 preenchida por meio de um sistema de alimenta\u00e7\u00e3o e esse sistema de alimenta\u00e7\u00e3o.<br>O jito \u00e9 geralmente um canal circular c\u00f4nico pelo qual o material flui ap\u00f3s sair do bico da m\u00e1quina de moldagem por inje\u00e7\u00e3o. No caso de moldes de m\u00faltiplas impress\u00f5es, as cavidades s\u00e3o unidas ao jito por meio de canais. Esses canais s\u00e3o cortados em uma ou ambas as metades do molde e sua fun\u00e7\u00e3o \u00e9 preencher cada cavidade do molde da forma mais eficiente poss\u00edvel.<\/p>\n<p>Entre o canal e a cavidade, geralmente h\u00e1 uma restri\u00e7\u00e3o estreita no sistema de canal e essa restri\u00e7\u00e3o (onde o material entra na cavidade) \u00e9 chamada de<a href=\"https:\/\/myplasticmold.com\/principle-of-gate-design.html\/\"> port\u00e3o<\/a>. (Como o tamanho do port\u00e3o \u00e9 muito menor do que o corredor, a moldagem da cesta pl\u00e1stica pode ser facilmente separada do sistema de alimenta\u00e7\u00e3o nesse ponto, quando desejado).<br>Durante a moldagem, o material pl\u00e1stico \u00e9 for\u00e7ado a passar pelo canal de entrada, pelo sistema de canais e, a partir da\u00ed, pela cavidade (ou cavidades). O cesto de pl\u00e1stico \u00e9 formado entre o n\u00facleo e a cavidade opostos, e o acabamento da superf\u00edcie do componente \u00e9 ditado pelo acabamento da superf\u00edcie dessas duas partes do molde.<br>A metade do molde que se move com a pin\u00e7a \u00e9 chamada de metade do molde m\u00f3vel, e geralmente s\u00e3o tomadas provid\u00eancias para garantir que a moldagem seja retida nessa metade do molde. Isso ocorre porque o sistema de eje\u00e7\u00e3o da moldagem est\u00e1 associado \u00e0 metade do molde m\u00f3vel por motivos de custo, conveni\u00eancia etc. A moldagem da cesta pl\u00e1stica \u00e9 feita para ficar na metade do molde m\u00f3vel usando o que \u00e9 conhecido como \"extrator de jito\". Como esse <a href=\"https:\/\/myplasticmold.com\/plastic-mould-terminology.html\/\">abeto<\/a> O extrator tem um formato reentrante que desaloja ou puxa o jito da bucha do jito quando o molde \u00e9 aberto. No final ou durante o curso de abertura do molde da cesta pl\u00e1stica, o sistema ejetor \u00e9 ativado e isso retira os moldes e o sistema de canal associado do molde. A depress\u00e3o imediatamente oposta ao jito, que cont\u00e9m o pino extrator do jito, tamb\u00e9m \u00e9 ativada. <a href=\"https:\/\/myplasticmold.com\/cold-slug-well.html\/\">conhecido como o \"po\u00e7o da bala fria\".<\/a>\uff0c e sua fun\u00e7\u00e3o \u00e9 aceitar a primeira parte do disparo, aquela parte do disparo que estava localizada na ponta do bocal e que, portanto, poderia estar fria.<br>Para garantir que a produ\u00e7\u00e3o da cesta pl\u00e1stica seja consistente e uniforme, a temperatura do molde da cesta pl\u00e1stica \u00e9 controlada, por exemplo, pela circula\u00e7\u00e3o de \u00e1gua por meio de canais de resfriamento (no caso de termopl\u00e1sticos) ou por meio de elementos de resist\u00eancia el\u00e9trica (no caso de termofixos).<\/p>\n<h2><strong>Molde de pl\u00e1stico para cesto de roupa suja<\/strong><\/h2>\n<p><img loading=\"lazy\" decoding=\"async\" class=\"aligncenter wp-image-6430 size-full\" src=\"https:\/\/myplasticmold.com\/wp-content\/uploads\/2020\/04\/20170629112112_eikp7a.jpg\" alt=\" molde de cesto de roupa suja\" width=\"957\" height=\"599\" srcset=\"https:\/\/myplasticmold.com\/wp-content\/uploads\/2020\/04\/20170629112112_eikp7a.jpg 957w, https:\/\/myplasticmold.com\/wp-content\/uploads\/2020\/04\/20170629112112_eikp7a-300x188.jpg 300w, https:\/\/myplasticmold.com\/wp-content\/uploads\/2020\/04\/20170629112112_eikp7a-768x481.jpg 768w\" sizes=\"auto, (max-width: 957px) 100vw, 957px\" \/> <img loading=\"lazy\" decoding=\"async\" class=\"aligncenter wp-image-6431 size-full\" src=\"https:\/\/myplasticmold.com\/wp-content\/uploads\/2020\/04\/20170629112308_qdhjtx.jpg\" alt=\"Molde de pl\u00e1stico para cesto de roupa suja da China\" width=\"948\" height=\"464\" srcset=\"https:\/\/myplasticmold.com\/wp-content\/uploads\/2020\/04\/20170629112308_qdhjtx.jpg 948w, https:\/\/myplasticmold.com\/wp-content\/uploads\/2020\/04\/20170629112308_qdhjtx-300x147.jpg 300w, https:\/\/myplasticmold.com\/wp-content\/uploads\/2020\/04\/20170629112308_qdhjtx-768x376.jpg 768w\" sizes=\"auto, (max-width: 948px) 100vw, 948px\" \/><\/p>","protected":false},"excerpt":{"rendered":"<p>plastic container mould ,plastic laundry basket mould manufacturer in China,best price Discover high-quality plastic moulds for containers and laundry baskets from our manufacturing facility in China. As a leading producer of injection molds , we offer an extensive selection of durable and affordable plastic moulds to meet your production needs. Our plastic container moulds are [&hellip;]<\/p>\n","protected":false},"author":3,"featured_media":0,"parent":0,"menu_order":0,"comment_status":"closed","ping_status":"closed","template":"","meta":{"footnotes":""},"class_list":["post-6294","page","type-page","status-publish","hentry"],"blocksy_meta":{"styles_descriptor":{"styles":{"desktop":"","tablet":"","mobile":""},"google_fonts":[],"version":6}},"_links":{"self":[{"href":"https:\/\/myplasticmold.com\/pt\/wp-json\/wp\/v2\/pages\/6294","targetHints":{"allow":["GET"]}}],"collection":[{"href":"https:\/\/myplasticmold.com\/pt\/wp-json\/wp\/v2\/pages"}],"about":[{"href":"https:\/\/myplasticmold.com\/pt\/wp-json\/wp\/v2\/types\/page"}],"author":[{"embeddable":true,"href":"https:\/\/myplasticmold.com\/pt\/wp-json\/wp\/v2\/users\/3"}],"replies":[{"embeddable":true,"href":"https:\/\/myplasticmold.com\/pt\/wp-json\/wp\/v2\/comments?post=6294"}],"version-history":[{"count":0,"href":"https:\/\/myplasticmold.com\/pt\/wp-json\/wp\/v2\/pages\/6294\/revisions"}],"wp:attachment":[{"href":"https:\/\/myplasticmold.com\/pt\/wp-json\/wp\/v2\/media?parent=6294"}],"curies":[{"name":"wp","href":"https:\/\/api.w.org\/{rel}","templated":true}]}}