{"id":201,"date":"2012-07-15T09:54:41","date_gmt":"2012-07-15T09:54:41","guid":{"rendered":"https:\/\/myplasticmold.com\/?page_id=201"},"modified":"2020-10-23T09:53:12","modified_gmt":"2020-10-23T01:53:12","slug":"molde-de-lixeira-de-plastico","status":"publish","type":"page","link":"https:\/\/myplasticmold.com\/pt\/molde-de-lixeira-de-plastico","title":{"rendered":"Fabrica\u00e7\u00e3o de moldes para lixeira de pl\u00e1stico industrial (lixeira e cesto de lixo) da China Fornecedor e exportador de moldes para lixeira de pl\u00e1stico"},"content":{"rendered":"<h2>Molde de lixeira de pl\u00e1stico Industrail, molde de lixeira e fabrica\u00e7\u00e3o de molde de lixeira<\/h2>\n<p><img loading=\"lazy\" decoding=\"async\" class=\"alignnone wp-image-5606\" title=\"\" src=\"https:\/\/myplasticmold.com\/wp-content\/uploads\/2020\/04\/dustbin_mould_fbxxqq.jpg\" alt=\"\" width=\"665\" height=\"925\" srcset=\"https:\/\/myplasticmold.com\/wp-content\/uploads\/2020\/04\/dustbin_mould_fbxxqq.jpg 665w, https:\/\/myplasticmold.com\/wp-content\/uploads\/2020\/04\/dustbin_mould_fbxxqq-216x300.jpg 216w\" sizes=\"auto, (max-width: 665px) 100vw, 665px\" \/><\/p>\n<p><strong>Molde para lixeira de 120L \/ Molde para lixeira \/ Molde para lixeira<\/strong><\/p>\n<ul>\n<li>Cavidade :1<\/li>\n<li>Tamanho da lixeira: 932*492*550mm<\/li>\n<li>\u00a0Vida \u00fatil do molde: 200.000 disparos<\/li>\n<li>Porta de inje\u00e7\u00e3o (corpo): c\u00e2mara fria<\/li>\n<li>Porta de inje\u00e7\u00e3o (tampa): 1 gota de c\u00e2mara quente, bobina de calor: marca \"HOTSET\", original da Alemanha.<\/li>\n<li><a title=\"A\u00e7o para moldes\" href=\"https:\/\/myplasticmold.com\/plastic-mold-steel.html\/\">A\u00e7o para moldes<\/a>:P20<\/li>\n<li>Material pl\u00e1stico:<a title=\"PEAD\" href=\"https:\/\/en.wikipedia.org\/wiki\/High-density_polyethylene\" target=\"_blank\" rel=\"noopener noreferrer\">PEAD<\/a><\/li>\n<\/ul>\n<h2>Projeto e fabrica\u00e7\u00e3o de moldes para lixeiras<\/h2>\n<p>Os requisitos de design de uma lixeira de pl\u00e1stico moldado ocasionalmente n\u00e3o permitem que a lixeira seja removida diretamente do <a title=\"molde de lixeira de pl\u00e1stico\" href=\"https:\/\/myplasticmold.com\/pt\/molde-de-lixeira-de-plastico\">molde de lixeira de pl\u00e1stico<\/a> quando ela se abre. Isso \u00e9 verdadeiro quando a lixeira de pl\u00e1stico \u00e9 <strong>rebaixo em rela\u00e7\u00e3o \u00e0 linha de deslocamento ou de abertura e fechamento do molde<\/strong>. A pr\u00e1tica usual \u00e9 modificar o projeto o m\u00e1ximo poss\u00edvel para fazer o molde mais simples.<\/p>\n<p><a href=\"https:\/\/myplasticmold.com\/wp-content\/uploads\/2012\/07\/square-dustbin.jpg\" target=\"_blank\" rel=\"noopener noreferrer\"><img loading=\"lazy\" decoding=\"async\" class=\"alignleft wp-image-325\" title=\"molde de caixote de lixo quadrado\" src=\"https:\/\/myplasticmold.com\/wp-content\/uploads\/2020\/04\/square-dustbin_shk27i.jpg\" alt=\"molde de lixeira\" width=\"220\" height=\"225\" \/><\/a>O tipo de barra solta de <strong>molde de inje\u00e7\u00e3o para cesto de lixo<\/strong> \u00e9 um projeto \u00fatil para superar a dificuldade de ejetar um caixote de lixo de se\u00e7\u00e3o fina e tra\u00e7\u00e3o longa. A tampa da caixa deslizante mostrada na Fig. 1 \u00e9 um exemplo t\u00edpico de um coletor de lixo que n\u00e3o pode ser prontamente ejetado diretamente devido \u00e0 longa tra\u00e7\u00e3o, de 4 polegadas, e \u00e0 se\u00e7\u00e3o fina, de 0,040 polegadas. A moldagem na extremidade, necess\u00e1ria para a eje\u00e7\u00e3o direta ao abrir a prensa, \u00e9 impratic\u00e1vel com essas caracter\u00edsticas. Isso ocorre porque a a\u00e7\u00e3o do mecanismo ejetor depende da quantidade de curso de abertura. Al\u00e9m disso, o molde seria bastante volumoso - pelo menos duas vezes o comprimento do cesto de lixo para permitir espa\u00e7o para o cesto e para o deslocamento do ejetor. Ao moldar sobre um n\u00facleo preso a uma barra solta, ser\u00e1 poss\u00edvel moldar as letras na face superior da caixa, pois elas ser\u00e3o retiradas diretamente da cavidade quando o molde abrir. O molde de barra solta para a tampa da caixa \u00e9 mostrado na Fig. 1. S\u00e3o mostradas uma vista lateral e uma vista voltada para a placa de extremidade de eje\u00e7\u00e3o. A barra deve ser removida manualmente e substitu\u00edda por uma barra duplicada, de modo que os caixotes de lixo possam ser removidos em uma bancada enquanto a segunda barra estiver no molde. Nenhum dispositivo ejetor \u00e9 necess\u00e1rio. O molde \u00e9 simples e consiste em placas adaptadoras frontais e traseiras, blocos de cavidade e retentor, conjunto de barra solta e n\u00facleo, pinos-guia e placa de reten\u00e7\u00e3o e o sistema de passagem.<\/p>\n<h2>Placas adaptadoras<\/h2>\n<p><img loading=\"lazy\" decoding=\"async\" class=\"alignright wp-image-324\" title=\"molde de lixeira\" src=\"https:\/\/myplasticmold.com\/wp-content\/uploads\/2020\/04\/dustbin_oofrdp.jpg\" alt=\"molde de lixeira\" width=\"238\" height=\"238\" srcset=\"https:\/\/myplasticmold.com\/wp-content\/uploads\/2020\/04\/dustbin_oofrdp.jpg 350w, https:\/\/myplasticmold.com\/wp-content\/uploads\/2020\/04\/dustbin_oofrdp-300x300.jpg 300w, https:\/\/myplasticmold.com\/wp-content\/uploads\/2020\/04\/dustbin_oofrdp-150x150.jpg 150w\" sizes=\"auto, (max-width: 238px) 100vw, 238px\" \/>As duas placas adaptadoras servem como placas de apoio para pinos-guia, buchas e blocos de cavidade. A placa da extremidade de eje\u00e7\u00e3o (detalhe 1) n\u00e3o precisa ser endurecida, pois os pinos-guia praticamente n\u00e3o t\u00eam tend\u00eancia a <a title=\"pia\" href=\"https:\/\/myplasticmold.com\/sink.html\/\">pia<\/a> em. Essa placa \u00e9 feita de material plano liso e pode ser usado a\u00e7o laminado a frio. Se for necess\u00e1rio esmerilhar a placa plana, deve-se usar a\u00e7o de m\u00e1quina, pois ele n\u00e3o se deformar\u00e1 quando a pele for removida. A placa da extremidade de inje\u00e7\u00e3o (detalhe 10) recebe um servi\u00e7o mais severo, pois \u00e9 a placa de apoio para os blocos de cavidade. Ela deve ser endurecida. Essa placa tem uma sali\u00eancia de montagem circular e \u00e9 perfurada para a entrada do nariz do cilindro de inje\u00e7\u00e3o. Nenhuma sali\u00eancia de montagem \u00e9 mostrada no adaptador da extremidade de eje\u00e7\u00e3o, pois alguns projetistas preferem deixar essa extremidade flutuar e ser localizada pelos pinos-guia. Um furo grande no cilindro da prensa n\u00e3o \u00e9 desej\u00e1vel, pois enfraquece o cilindro o suficiente para permitir que ele se dobre. Na extremidade de inje\u00e7\u00e3o, \u00e9 necess\u00e1rio ter um orif\u00edcio bastante grande para permitir que o cilindro de inje\u00e7\u00e3o entre o mais pr\u00f3ximo poss\u00edvel do molde, a fim de evitar o resfriamento indevido do material pl\u00e1stico \u00e0 medida que ele passa pelo bico at\u00e9 o jito. Portanto, uma sali\u00eancia de montagem foi inclu\u00edda na placa adaptadora da extremidade de inje\u00e7\u00e3o.<\/p>\n<p><img loading=\"lazy\" decoding=\"async\" class=\"alignnone wp-image-5607\" title=\"\" src=\"https:\/\/myplasticmold.com\/wp-content\/uploads\/2020\/04\/123_emzv2o.png\" alt=\"molde de lixeira\" width=\"595\" height=\"751\" srcset=\"https:\/\/myplasticmold.com\/wp-content\/uploads\/2020\/04\/123_emzv2o.png 595w, https:\/\/myplasticmold.com\/wp-content\/uploads\/2020\/04\/123_emzv2o-238x300.png 238w\" sizes=\"auto, (max-width: 595px) 100vw, 595px\" \/><\/p>\n<p>Figura 1.<\/p>\n<p>Topworks, uma empresa dedicada <a href=\"https:\/\/myplasticmold.com\/pt\/molde-de-lixeira-de-plastico\">molde de lixeira<\/a> e <a href=\"https:\/\/myplasticmold.com\/pt\/molde-de-lixeira-de-plastico\">Fabricante de moldes para lixeiras<\/a><\/p>\n<p>&nbsp;<\/p>","protected":false},"excerpt":{"rendered":"<p>Industrail Plastic Dustbin Mould,waste bin mould and garbage bin mould making 120L Dustbin Mould\/ Garbage bin Mould \/Trash Bin Mould Cavity :1 dustbin\u00a0Size:932*492*550mm \u00a0Mold Life:200,000\u00a0\u00a0shots Injection Gate(Body):cold runner Injection Gate(Lid):1\u00a0drop hot runner,heat coil:\u201dHOTSET\u201d\u00a0 brand,Germany original. Mold Steel:P20 Plastic Material:HDPE Dustbin\u00a0mold making and design Design requirements of a molded plastic dustbin\u00a0occasionally do not allow the\u00a0dustbin\u00a0to be [&hellip;]<\/p>\n","protected":false},"author":3,"featured_media":0,"parent":0,"menu_order":0,"comment_status":"open","ping_status":"open","template":"template_leftsidebar.php","meta":{"footnotes":""},"class_list":["post-201","page","type-page","status-publish","hentry"],"blocksy_meta":{"styles_descriptor":{"styles":{"desktop":"","tablet":"","mobile":""},"google_fonts":[],"version":6}},"_links":{"self":[{"href":"https:\/\/myplasticmold.com\/pt\/wp-json\/wp\/v2\/pages\/201","targetHints":{"allow":["GET"]}}],"collection":[{"href":"https:\/\/myplasticmold.com\/pt\/wp-json\/wp\/v2\/pages"}],"about":[{"href":"https:\/\/myplasticmold.com\/pt\/wp-json\/wp\/v2\/types\/page"}],"author":[{"embeddable":true,"href":"https:\/\/myplasticmold.com\/pt\/wp-json\/wp\/v2\/users\/3"}],"replies":[{"embeddable":true,"href":"https:\/\/myplasticmold.com\/pt\/wp-json\/wp\/v2\/comments?post=201"}],"version-history":[{"count":0,"href":"https:\/\/myplasticmold.com\/pt\/wp-json\/wp\/v2\/pages\/201\/revisions"}],"wp:attachment":[{"href":"https:\/\/myplasticmold.com\/pt\/wp-json\/wp\/v2\/media?parent=201"}],"curies":[{"name":"wp","href":"https:\/\/api.w.org\/{rel}","templated":true}]}}