{"id":190,"date":"2012-07-15T09:50:43","date_gmt":"2012-07-15T09:50:43","guid":{"rendered":"https:\/\/myplasticmold.com\/?page_id=190"},"modified":"2024-08-31T20:03:44","modified_gmt":"2024-08-31T12:03:44","slug":"molde-de-banqueta-de-plastico","status":"publish","type":"page","link":"https:\/\/myplasticmold.com\/pt\/molde-de-banqueta-de-plastico","title":{"rendered":"Molde de banqueta de pl\u00e1stico e molde de mesa, empresa de fabrica\u00e7\u00e3o de molde de banqueta de banheiro da China"},"content":{"rendered":"<figure class=\"wp-block-image aligncenter wp-image-6388\"><img loading=\"lazy\" decoding=\"async\" width=\"960\" height=\"1280\" src=\"https:\/\/myplasticmold.com\/wp-content\/uploads\/2020\/04\/mmexport1497921566374_dqcjr8.jpg\" alt=\"molde de banqueta de pl\u00e1stico China\" class=\"wp-image-6388\" srcset=\"https:\/\/myplasticmold.com\/wp-content\/uploads\/2020\/04\/mmexport1497921566374_dqcjr8.jpg 960w, https:\/\/myplasticmold.com\/wp-content\/uploads\/2020\/04\/mmexport1497921566374_dqcjr8-225x300.jpg 225w, https:\/\/myplasticmold.com\/wp-content\/uploads\/2020\/04\/mmexport1497921566374_dqcjr8-768x1024.jpg 768w\" sizes=\"auto, (max-width: 960px) 100vw, 960px\" \/><figcaption class=\"wp-element-caption\">molde de banqueta<\/figcaption><\/figure>\n\n\n\n<p>Procurando um fabricante e projetista de moldes para banquetas de pl\u00e1stico que possa aumentar a lucratividade de sua empresa? Com um servi\u00e7o completo de moldes para banquetas personalizados, a Topworks Plastic Mold \u00e9 o lugar certo para voc\u00ea.<\/p>\n\n\n\n<p>Cuidar de voc\u00ea \u00e9 o nosso principal objetivo. Nossa capacidade de produzir, fabricar e distribuir moldes de banquetas a pre\u00e7os competitivos atende aos mais altos padr\u00f5es de qualidade e somos competitivos internacionalmente.<\/p>\n\n\n\n<p>Com isso em mente, fornecemos uma ampla gama de servi\u00e7os de ferramental, fabrica\u00e7\u00e3o e remessa para ajudar a transformar seu conceito de molde de banqueta em realidade.<\/p>\n\n\n\n<p>Cada fase do ciclo de vida do seu produto ser\u00e1 simplificada pelo nosso processo; desde o est\u00e1gio conceitual at\u00e9 um trabalho em andamento, nosso servi\u00e7o agiliza seu processo em cada etapa.<\/p>\n\n\n\n<div class=\"wp-block-qubely-button qubely-block-7fdd18\" data-qubelyanimation=\"{&quot;animation&quot;:&quot;bounce&quot;,&quot;name&quot;:&quot;bounceCenter&quot;,&quot;repeat&quot;:&quot;once&quot;,&quot;direction&quot;:&quot;Center&quot;,&quot;duration&quot;:1000,&quot;delay&quot;:0,&quot;curve&quot;:&quot;ease-in-out&quot;,&quot;openAnimation&quot;:1}\"><div class=\"qubely-block-btn-wrapper\"><div class=\"qubely-block-btn\"><a class=\"qubely-block-btn-anchor is-large\" href=\"#\"><i class=\"qubely-btn-icon fas fa-hand-point-right\"><\/i><strong><span data-fontsize=\"22\" style=\"font-size: 22px;\" class=\"qubely-custom-font\">OBTENHA UMA COTA\u00c7\u00c3O GRATUITA, PRE\u00c7O 30% MAIS BAIXO E ENTREGA 10 DIAS MENOS<\/span><\/strong><\/a><\/div><\/div><\/div>\n\n\n\n<h1 class=\"wp-block-heading\">Molde de banqueta de pl\u00e1stico<\/h1>\n\n\n\n<ul class=\"wp-block-list\">\n<li><a href=\"https:\/\/myplasticmold.com\/pt\/molde-de-banqueta-de-plastico\"><strong>molde de banco de pl\u00e1stico<\/strong><\/a><\/li>\n\n\n\n<li>cavidade:1<\/li>\n\n\n\n<li>Hotrunner:1 gotas com bobinas de aquecimento \"HOTSET<\/li>\n\n\n\n<li><strong>molde de banco de pl\u00e1stico<\/strong> a\u00e7o da cavidade: P20<\/li>\n\n\n\n<li><strong>molde de banco de pl\u00e1stico<\/strong> n\u00facleo de a\u00e7o: P20<\/li>\n\n\n\n<li>Material pl\u00e1stico: PP<\/li>\n\n\n\n<li>Tempo de ciclo: 40 segundos<\/li>\n\n\n\n<li>Prazo de entrega: 35 dias<\/li>\n<\/ul>\n\n\n\n<h2 class=\"wp-block-heading\">Compra de um molde de banqueta de pl\u00e1stico da China<\/h2>\n\n\n\n<p>A compra de um molde de banqueta feito de pl\u00e1stico na China pode parecer dif\u00edcil; no entanto, com a estrat\u00e9gia adequada, \u00e9 um procedimento f\u00e1cil e agrad\u00e1vel. Certifique-se de fazer sua li\u00e7\u00e3o de casa e de se comunicar de forma eficaz, priorize a qualidade do seu produto e considere uma vis\u00e3o de longo prazo. Se seguir essas diretrizes, voc\u00ea estar\u00e1 no caminho certo para descobrir um fabricante chin\u00eas de boa reputa\u00e7\u00e3o e receber o molde perfeito de banqueta de pl\u00e1stico que atenda \u00e0s suas expectativas.<\/p>\n\n\n\n<h3 class=\"wp-block-heading\">Principais etapas a serem consideradas<\/h3>\n\n\n\n<ul class=\"wp-block-list\">\n<li><strong>Pesquise suas op\u00e7\u00f5es:<\/strong> Reserve um tempo para pesquisar diferentes marcas. Procure revis\u00f5es e depoimentos para avaliar sua confiabilidade e qualidade.<\/li>\n\n\n\n<li><strong>Comunica\u00e7\u00e3o clara:<\/strong> Estabele\u00e7a canais abertos de comunica\u00e7\u00e3o com o fabricante de sua prefer\u00eancia. Especifica\u00e7\u00f5es e expectativas claras podem ajudar a evitar mal-entendidos.<\/li>\n\n\n\n<li><strong>Qualidade acima do custo:<\/strong> Embora o custo seja essencial, priorizar a qualidade do seu produto pode fazer com que voc\u00ea economize dinheiro a longo prazo, reduzindo falhas e defeitos.<\/li>\n\n\n\n<li><strong>Parcerias de longo prazo:<\/strong> Considere estabelecer uma parceria duradoura com seu fornecedor para projetos futuros. Isso pode resultar em melhores pre\u00e7os e servi\u00e7os aprimorados.<\/li>\n<\/ul>\n\n\n\n<h2 class=\"wp-block-heading\">Perguntas frequentes<\/h2>\n\n\n\n<h3 class=\"wp-block-heading\">Qual \u00e9 o tempo t\u00edpico necess\u00e1rio para criar o molde do banco de pl\u00e1stico na China?<\/h3>\n\n\n\n<p>O tempo de produ\u00e7\u00e3o pode variar de acordo com a complexidade do molde e a carga de trabalho do fabricante. Em geral, o processo pode durar de 30 a 60 dias.<\/p>\n\n\n\n<h3 class=\"wp-block-heading\">Qual \u00e9 a expectativa de vida de um molde de pl\u00e1stico para fezes?<\/h3>\n\n\n\n<p>Quando bem cuidado, um molde de fezes de pl\u00e1stico de alta qualidade pode ser usado por centenas de milhares de ciclos, produzindo potencialmente milhares de fezes durante sua vida \u00fatil.<\/p>\n\n\n\n<h3 class=\"wp-block-heading\">Posso usar o mesmo molde para v\u00e1rios tipos de pl\u00e1stico?<\/h3>\n\n\n\n<p>Certamente \u00e9 poss\u00edvel, mas nem sempre \u00e9 recomendado. Diferentes materiais t\u00eam propriedades variadas de fluxo e encolhimento, o que pode influenciar a qualidade final de seu produto. \u00c9 aconselh\u00e1vel consultar o fabricante sobre suas necessidades espec\u00edficas.\n\"`<\/p>\n\n\n\n<figure class=\"wp-block-image aligncenter is-resized\"><img loading=\"lazy\" decoding=\"async\" width=\"500\" height=\"368\" src=\"https:\/\/myplasticmold.com\/wp-content\/uploads\/2020\/10\/stool-mould1_qkxoap.jpg\" alt=\"molde de banqueta\" class=\"wp-image-372\" style=\"width:715px;height:526px\" srcset=\"https:\/\/myplasticmold.com\/wp-content\/uploads\/2020\/10\/stool-mould1_qkxoap.jpg 500w, https:\/\/myplasticmold.com\/wp-content\/uploads\/2020\/10\/stool-mould1_qkxoap-300x221.jpg 300w\" sizes=\"auto, (max-width: 500px) 100vw, 500px\" \/><\/figure>\n\n\n\n<div class=\"wp-block-qubely-row alignfull qubely-section qubely-block-6d709b\" data-qubelyanimation=\"{&quot;animation&quot;:&quot;bounce&quot;,&quot;name&quot;:&quot;bounceCenter&quot;,&quot;repeat&quot;:&quot;once&quot;,&quot;direction&quot;:&quot;Center&quot;,&quot;duration&quot;:1000,&quot;delay&quot;:0,&quot;curve&quot;:&quot;ease-in-out&quot;,&quot;openAnimation&quot;:1}\"><div class=\"qubely-shape-divider qubely-top-shape\"><svg xmlns=\"http:\/\/www.w3.org\/2000\/svg\" viewbox=\"0 0 1000 80\" preserveaspectratio=\"none\">\n    <path d=\"M0,0V71.07l.22.05c2.83,1,7.45-4.57,7.45-4.57s13.36,6.34,14.9,6.6S30,76.45,30,76.45L36.7,71.5s5.4,6,8,4.95,16.19-8.88,17.73-3.55S64.2,80,65,80s5.4-5.59,6.42-5.59,11,2.79,11.82,2.79,7.71-5.84,9.25-6.6,18.24.51,22.1,2.66,14.13.13,19.79,0,25.18,1.9,25.18,1.9l8.48-1.9s0-5.46,1.8-5.2,9.25.51,9.25.51L180.34,65s20.81,2,22.1,2,2.31-3.81,4.37-3.81,14.13,3.81,15.42,3.81,9.25-3.55,11.56-3.81,8.48,5.08,10.28,5.58,55-6.6,55-6.6-.26-5.33,4.88-3.55,15.16,1.27,19.53,2,3.34,6.34,7.71,2.54,5.65-7.36,8.22-6.09,10.28,2.28,11,2.28,4.37-8.12,7.19-6.6,21.59,12.5,30.06,13.48,13.1-10.44,13.1-10.44l13.1,2.54s7.71,10.15,16.19,11.17,11,6.34,19.27,3.55,17.73-9.39,20-8.38,17.47-6.6,18.24-6.85,8.74.76,16.44.25,9.51-5.52,9.51-5.52,25.69-1.08,28.78,1.21,3.6,4.31,6.68,4.31,12.33-5.84,22.35-3.55,26,6.34,27.49,7.11,10.28-5.58,10.28-5.58,5.14,4.57,6.42,5.84,6.17.76,9.25,0,3.85-9.14,10-5.08,20.3-5.08,25.44,1S667,64,667,64s6.68-11.42,14.39-9.9S710.16,66.2,710.16,66.2l6.42-5.49,27.24-1.27s-1.28-7.11,6.17-5.33,10-.89,11-1.71,5.14-3.49,9,0,25.44,8.31,32.89,8.31,15.93-6.35,22.61-4.57,13.36-1.52,14.39-2-.77-4.65,6.42-3.47,19-.76,20.58-.25,6.17-.76,11.31-1.78,6.34-11.63,12.25-4.27,8.68,5.28,11.51,6.74,7.45,1.33,9.25,0-1.54-7.93,7.19-5.39,4.17,3.48,10.08,3,14.13,4.06,14.13,4.06,10.79-2,13.11-2.28,9.25-4.57,12.59-2.79,6.17,1.52,9,2.28,10-.51,11.82-1.78,2.57-6.35,7.71-3.55a11.91,11.91,0,0,1,3.14,2.18V0Z\" style=\"opacity:0.66\"\/>\n    <path d=\"M0,0V59.17c4.84-3,4.08,1,5.36-.23s0,0,2.57-1.27,3.08.51,7.19,1,2.83,2.54,2.83,2.54,8.74,5.08,10.28,4.57,4.88-9.14,4.37-10.15S40,61.22,40,61.22l4.37,3.3s9.76,2,11,1a59.11,59.11,0,0,1,8-4.57c1.8-.76,4.11,2.28,6.68,2.79s8.74,3.81,8.74,3.81S90.92,60.71,94,60.21s16.7,3.55,17.47,2,11.82-3,13.1-2.79,8.48,10.91,8.48,10.91l30.83-.51s6.68-6.09,7.45-7.61.26-1.78.26-1.78,9-4.57,10-4.57S193.18,61,193.18,61s10.54-4.06,14.39-5.08,6.68,1.52,12.85-2,19.79-2.79,20.56-3.3,7.45-6.34,12.85-9.39,11.31.76,13.1.76,7.71,5.33,10.79,4.57,10.28-5.33,13.62-5.33,2.83,2.28,10.28,1.78,5.91.51,12.59,4.32,8-2.29,12.85-3.55,1.8.25,4.63-.51a19,19,0,0,1,5.65-.76c1.29,0,2.57,1.52,8.74,3.55s5.91-.76,9.25-1.78,8.22-3.3,18.76-10.15,2.57,5.33,6.94,6.85,22.87,3.55,24.41,2,4.37-3,7.2-4.57,2.82-.51,3.59-.51,9,2.54,11.31,4.06,3.85,4.57,6.17,4.57,4.62-2.54,11-3.55-.26,4.82,0,5.58,2.06,0,5.4-.25,4.88-2.79,9.76-2.79,5.14,3.3,8.48,4.06,2.83,0,10.54-3.81,6.68-1.78,14.9-3.55,22.61,6.85,24.41,6.09,4.88-1.27,11.3-2.54,11.56,3,16.19,5.58,5.14-1.52,8.74-5.08,12.08.25,14.9.25,9.25-.25,13.36-.51,5.14-3,13.88-5.08,8,4.57,14.65,3.55,14.13-1.27,28-5.08,6.42,3,10.79,5.58,9,1.78,11.56,1.52S676,39.65,679.84,36.35s9.51,4.31,16.19,8.12,9.25,3.81,14.13,1.78,9.51-4.82,14.9-7.87,5.4,5.84,10,2.79,15.42.76,17.21-.25,8.48.76,15.42-1,1.8,2,7.45,6.85,3.08-2.29,15.42,1,28.52-2.29,32.89-3,4.88,5.33,9.25,5.84,5.4-4.82,9.76-7.87,17-.76,20.56-2a17.22,17.22,0,0,0,6.17-4.06s13.36,0,15.16-1.52,10.28-.76,13.36-.76,26,4.57,35.2,2.79,11.82-7.62,16.44-10.91,23.13,2.54,30.32,2.54,20.3-2.54,20.3-2.54V0Z\"\/>\n<\/svg><\/div><div class=\"qubely-row-overlay\"><\/div><div class=\"qubely-container\"><div class=\"qubely-row\">\n<div class=\"wp-block-qubely-column qubely-column qubely-column-front qubely-block-979111\"><div class=\"qubely-column-inner\">\n<div class=\"wp-block-qubely-testimonial qubely-block-8b23ca\"><div class=\"qubely-block-testimonial\"><div class=\"qubely-testimonial-author\"><div class=\"qubely-testimonial-avatar-layout-top\"><img decoding=\"async\" class=\"qubely-testimonial-avatar\" src=\"https:\/\/myplasticmold.com\/wp-content\/uploads\/2022\/05\/engineers-strategy-business-growth-develop.png\" srcset=\"\" alt=\"\"\/><div class=\"qubely-testimonial-author-info\"><div class=\"qubely-testimonial-author-name\"><span>Cristiano<\/span><\/div><div class=\"qubely-testimonial-author-designation\"><span>Profissional<\/span><\/div><\/div><\/div><\/div><div class=\"qubely-testimonial-content\"><div>\"Tenho o prazer de informar que todas as pe\u00e7as pl\u00e1sticas est\u00e3o perfeitas!!! Estamos muito satisfeitos e, portanto, h\u00e1 boas chances de continuarmos nosso relacionamento para qualquer novo projeto que venha a surgir.\"<\/div><\/div><\/div><\/div>\n<\/div><\/div>\n\n\n\n<div class=\"wp-block-qubely-column qubely-column qubely-column-front qubely-block-75ae4f\"><div class=\"qubely-column-inner\">\n<div class=\"wp-block-qubely-testimonial qubely-block-0139b5\"><div class=\"qubely-block-testimonial\"><div class=\"qubely-testimonial-author\"><div class=\"qubely-testimonial-avatar-layout-top\"><img decoding=\"async\" class=\"qubely-testimonial-avatar\" src=\"https:\/\/myplasticmold.com\/wp-content\/uploads\/2022\/05\/developers-growth-marketing-service-team.png\" srcset=\"\" alt=\"\"\/><div class=\"qubely-testimonial-author-info\"><div class=\"qubely-testimonial-author-name\"><span>Paulo<\/span><\/div><div class=\"qubely-testimonial-author-designation\"><span>Profissional<\/span><\/div><\/div><\/div><\/div><div class=\"qubely-testimonial-content\"><div>\"Steven \u00e9 um excelente profissional, com grande conhecimento e pr\u00e1tica t\u00e9cnica.\"<\/div><\/div><\/div><\/div>\n<\/div><\/div>\n\n\n\n<div class=\"wp-block-qubely-column qubely-column qubely-column-front qubely-block-dbe56d\"><div class=\"qubely-column-inner\">\n<div class=\"wp-block-qubely-testimonial qubely-block-bc0b23\"><div class=\"qubely-block-testimonial\"><div class=\"qubely-testimonial-author\"><div class=\"qubely-testimonial-avatar-layout-top\"><img decoding=\"async\" class=\"qubely-testimonial-avatar\" src=\"https:\/\/myplasticmold.com\/wp-content\/uploads\/2022\/05\/engineers-strategy-business-growth-develop.png\" srcset=\"\" alt=\"\"\/><div class=\"qubely-testimonial-author-info\"><div class=\"qubely-testimonial-author-name\"><span>Davi<\/span><\/div><div class=\"qubely-testimonial-author-designation\"><span>CEO da empresa<\/span><\/div><\/div><\/div><\/div><div class=\"qubely-testimonial-content\"><div>\"Steven \u00e9 um gerente de projetos e engenheiro muito detalhista, capaz de resolver problemas de forma criativa e tamb\u00e9m de prestar um servi\u00e7o excelente. Foi um prazer trabalhar com ele.\"<\/div><\/div><\/div><\/div>\n<\/div><\/div>\n<\/div><\/div><\/div>\n\n\n\n<h1 class=\"wp-block-heading\">Molde de banqueta de pl\u00e1stico, design de molde de banqueta de banheiro<\/h1>\n\n\n\n<p>Os projetistas devem entender que, independentemente de a cavidade ser fechada na borda ou perto do centro do produto de fezes, a maior parte ou todo o pl\u00e1stico fluir\u00e1 em dire\u00e7\u00e3o \u00e0 linha de separa\u00e7\u00e3o.<\/p>\n\n\n\n<p>O ar que estava dentro do espa\u00e7o da cavidade antes de o molde ser fixado deve agora escapar para<\/p>\n\n\n\n<ul class=\"wp-block-list\">\n<li><strong>permitem o f\u00e1cil preenchimento da cavidade,<\/strong><\/li>\n\n\n\n<li><strong>evitar a queima da borda principal do pl\u00e1stico, ou<\/strong><\/li>\n\n\n\n<li><strong>eliminar a possibilidade de forma\u00e7\u00e3o de pontos n\u00e3o preenchidos no produto.<\/strong><\/li>\n<\/ul>\n\n\n\n<figure class=\"wp-block-image aligncenter\"><img loading=\"lazy\" decoding=\"async\" width=\"397\" height=\"268\" src=\"https:\/\/myplasticmold.com\/wp-content\/uploads\/2020\/10\/201204111335431_qm7fn8.jpg\" alt=\"molde de banco de pl\u00e1stico\" class=\"wp-image-368\" srcset=\"https:\/\/myplasticmold.com\/wp-content\/uploads\/2020\/10\/201204111335431_qm7fn8.jpg 397w, https:\/\/myplasticmold.com\/wp-content\/uploads\/2020\/10\/201204111335431_qm7fn8-300x203.jpg 300w\" sizes=\"auto, (max-width: 397px) 100vw, 397px\" \/><\/figure>\n\n\n\n<p>A ventila\u00e7\u00e3o na linha de parti\u00e7\u00e3o n\u00e3o \u00e9 um problema; portanto, uma superf\u00edcie que termina ali sempre pode ser bem ventilada usando m\u00e9todos simples bem conhecidos pelo projetista do molde.<\/p>\n\n\n\n<p>(Infelizmente, o mesmo n\u00e3o pode ser dito sobre a ventila\u00e7\u00e3o para nervuras, cubos, etc.; isso ser\u00e1 abordado posteriormente).<\/p>\n\n\n\n<p>O formato do produto, na linha de separa\u00e7\u00e3o, precisa de considera\u00e7\u00f5es especiais:<\/p>\n\n\n\n<ul class=\"wp-block-list\">\n<li><strong>Qual \u00e9 o formato necess\u00e1rio para o produto? Uma borda afiada? Uma borda arredondada?<\/strong><\/li>\n\n\n\n<li><strong>Qual forma \u00e9 mais f\u00e1cil de produzir ao construir o molde?<\/strong><\/li>\n<\/ul>\n\n\n\n<p>Na Fig. abaixo, a superf\u00edcie da parede termina com um canto agudo (5) na parte externa (: \u00e9 a linha de separa\u00e7\u00e3o) e um raio&nbsp;<em>(R)<\/em>&nbsp;na parte interna. Esse \u00e9 um formato \"natural\".<\/p>\n\n\n\n<p>O canto&nbsp;<em>S<\/em>&nbsp;\u00e9 afiada porque duas partes do molde se encontram ali.<\/p>\n\n\n\n<p>O raio R representa o canto de corte da ferramenta de fresagem, torneamento ou retifica\u00e7\u00e3o usada para produzir esse canto.<\/p>\n\n\n\n<p>Para aumentar a resist\u00eancia do n\u00facleo (para reduzir o efeito de entalhe e a fraqueza resultante do n\u00facleo), o raio R deve ser o maior poss\u00edvel.<\/p>\n\n\n\n<p>N\u00e3o \u00e9 pr\u00e1tico especificar um raio de canto menor que 0,25 mm (0,010 pol.). Com esse formato (Fig. 1), n\u00e3o h\u00e1 problema de incompatibilidade entre a cavidade e o n\u00facleo.<\/p>\n\n\n\n<figure class=\"wp-block-image aligncenter\"><img loading=\"lazy\" decoding=\"async\" width=\"706\" height=\"207\" src=\"https:\/\/myplasticmold.com\/wp-content\/uploads\/2012\/07\/20160322170651.png\" alt=\"molde de banco de pl\u00e1stico\" class=\"wp-image-5142\" srcset=\"https:\/\/myplasticmold.com\/wp-content\/uploads\/2012\/07\/20160322170651.png 706w, https:\/\/myplasticmold.com\/wp-content\/uploads\/2012\/07\/20160322170651-300x88.png 300w\" sizes=\"auto, (max-width: 706px) 100vw, 706px\" \/><\/figure>\n\n\n\n<p class=\"has-text-align-center\">Fig. 1<\/p>\n\n\n\n<figure class=\"wp-block-image aligncenter\"><img loading=\"lazy\" decoding=\"async\" width=\"685\" height=\"213\" src=\"https:\/\/myplasticmold.com\/wp-content\/uploads\/2012\/07\/20160322170705.png\" alt=\"20160322170705\" class=\"wp-image-5143\" srcset=\"https:\/\/myplasticmold.com\/wp-content\/uploads\/2012\/07\/20160322170705.png 685w, https:\/\/myplasticmold.com\/wp-content\/uploads\/2012\/07\/20160322170705-300x93.png 300w\" sizes=\"auto, (max-width: 685px) 100vw, 685px\" \/><\/figure>\n\n\n\n<p class=\"has-text-align-center\">Fig. 2<\/p>\n\n\n\n<p>O raio na parte interna da cavidade mostrada na Fig. 4.12 tamb\u00e9m deve ser o maior poss\u00edvel, em parte pelos mesmos motivos (resist\u00eancia), mas tamb\u00e9m porque um canto arredondado melhorar\u00e1 a condi\u00e7\u00e3o de moldagem, permitindo um fluxo mais f\u00e1cil em torno de um raio.<\/p>\n\n\n\n<p>Por outro lado, um canto afiado aumenta a espessura do produto sem aumentar sua resist\u00eancia.<\/p>\n\n\n\n<p>O canto afiado na parte superior do n\u00facleo \u00e9 f\u00e1cil de fazer, mas n\u00e3o \u00e9 um bom formato para o fluxo de pl\u00e1stico.<\/p>\n\n\n\n<p>Examinaremos essa \u00e1rea espec\u00edfica mais adiante.<\/p>\n\n\n\n<figure class=\"wp-block-image aligncenter wp-image-5929\"><img decoding=\"async\" src=\"https:\/\/myplasticmold.com\/wp-content\/uploads\/2020\/04\/12_g74pep.jpg\" alt=\"Fabricante de moldes para banquetas\" class=\"wp-image-5929\"\/><figcaption class=\"wp-element-caption\">molde de banqueta<\/figcaption><\/figure>\n\n\n\n<p>Na Fig. 1, o <strong>molde de banco de pl\u00e1stico&nbsp;<\/strong>O projeto requer uma borda arredondada na extremidade da parede lateral, portanto, a linha de parti\u00e7\u00e3o deve ser deslocada para onde o raio encontra a parede externa criada pela cavidade.<\/p>\n\n\n\n<p>Normalmente, n\u00e3o h\u00e1 nenhuma raz\u00e3o espec\u00edfica contra esse design, exceto o fato de que sua produ\u00e7\u00e3o \u00e9 um pouco mais cara.<\/p>\n\n\n\n<p>Para produtos muito leves, especialmente quando a eje\u00e7\u00e3o do decapador \u00e9 usada, o raio que \u00e9 cortado no decapador pode fazer com que o produto fique pendurado e n\u00e3o caia livremente do molde.<\/p>\n\n\n\n<p>Recursos especiais do molde, como sopro de ar ou limpadores de molde, podem ser necess\u00e1rios para garantir que todas as pe\u00e7as tenham sido ejetadas.<\/p>\n\n\n\n<p>Normalmente, n\u00e3o h\u00e1 problema com pe\u00e7as moldadas mais pesadas, que pesam talvez 20 gramas ou mais.<\/p>\n\n\n\n<p>O principal problema com uma borda arredondada na extremidade da parede \u00e9 a possibilidade de incompatibilidade entre a cavidade e o n\u00facleo, o que pode resultar em um canto (cume) pequeno, por\u00e9m acentuado, que pode n\u00e3o ser aceit\u00e1vel para o produto (Fig. 2).<\/p>\n\n\n\n<p>Um exemplo \u00e9 a borda de um copo de bebida, em que uma crista pode ser desagrad\u00e1vel para os l\u00e1bios ao beber desse copo.<\/p>\n\n\n\n<p>H\u00e1 v\u00e1rios m\u00e9todos para evitar ou ocultar a incompatibilidade em <strong>molde de banqueta<\/strong>:<\/p>\n\n\n\n<ol class=\"wp-block-list\">\n<li>Reduzir as toler\u00e2ncias significativas de n\u00facleos e cavidades, e nas dimens\u00f5es que afetam o alinhamento (elementos) do pl\u00e1stico <a href=\"https:\/\/myplasticmold.com\/pt\/molde-de-banqueta-de-plastico\" target=\"_blank\" rel=\"noopener noreferrer\">molde de banqueta<\/a>. Isso pode ser&nbsp;<em>muito caro&nbsp;<\/em>mas pode (e deve) ser feito com moldes de produ\u00e7\u00e3o em massa de alta qualidade para garantir que todos os produtos estejam o mais pr\u00f3ximo poss\u00edvel do formato ideal e que os componentes do molde sejam intercambi\u00e1veis.<\/li>\n\n\n\n<li>Corrigir o <strong>molde de banco de pl\u00e1stico<\/strong> depois de conclu\u00eddo e testado: as \u00e1reas incompat\u00edveis s\u00e3o mescladas manualmente, esmerilhando as bordas que n\u00e3o est\u00e3o em conformidade. Isso \u00e9 feito com frequ\u00eancia, mas n\u00e3o \u00e9 recomendado porque, em moldes de m\u00faltiplas cavidades ou quando v\u00e1rios moldes id\u00eanticos s\u00e3o usados para o mesmo produto, cada produto, de cada cavidade, pode ser diferente.<\/li>\n\n\n\n<li>Decida em qual lado uma crista teria o efeito menos desagrad\u00e1vel para o usu\u00e1rio final ou para o desempenho do produto e, em seguida, dimensione um lado diferente do outro para que, no pior caso poss\u00edvel (todas as toler\u00e2ncias na \"dire\u00e7\u00e3o ruim\"), a pe\u00e7a ainda seja aceit\u00e1vel para o uso pretendido. Nessa facilidade, o recesso semicircular no removedor \u00e9 intencionalmente um pouco menor do que a espessura do aro. Com todas as toler\u00e2ncias na dire\u00e7\u00e3o \"ideal\", haver\u00e1 uma crista m\u00ednima. Com todas as toler\u00e2ncias adicionadas na dire\u00e7\u00e3o ruim, o passo da crista ser\u00e1 a soma das toler\u00e2ncias, mas ainda assim ser\u00e1 aceit\u00e1vel. No caso de um recipiente redondo, as dimens\u00f5es afetadas s\u00e3o os di\u00e2metros do aro na cavidade, do n\u00facleo e\/ou do anel removedor.<\/li>\n<\/ol>\n\n\n\n<p>M\u00e9todos semelhantes s\u00e3o usados para evitar qualquer incompatibilidade de linha de parti\u00e7\u00e3o, independentemente da forma pl\u00e1stica da linha de parti\u00e7\u00e3o: redonda, oval, retangular, irregular ou deslocada.<\/p>\n\n\n\n<p>O desafio mais dif\u00edcil \u00e9 prever onde a incompatibilidade pode ocorrer e determinar como dimensionar o produto.<\/p>\n\n\n\n<figure class=\"wp-block-image aligncenter wp-image-6387\"><img loading=\"lazy\" decoding=\"async\" width=\"960\" height=\"1280\" src=\"https:\/\/myplasticmold.com\/wp-content\/uploads\/2020\/04\/mmexport1497921563224_blv9d5.jpg\" alt=\"Fabricante de moldes para banquetas\" class=\"wp-image-6387\" srcset=\"https:\/\/myplasticmold.com\/wp-content\/uploads\/2020\/04\/mmexport1497921563224_blv9d5.jpg 960w, https:\/\/myplasticmold.com\/wp-content\/uploads\/2020\/04\/mmexport1497921563224_blv9d5-225x300.jpg 225w, https:\/\/myplasticmold.com\/wp-content\/uploads\/2020\/04\/mmexport1497921563224_blv9d5-768x1024.jpg 768w\" sizes=\"auto, (max-width: 960px) 100vw, 960px\" \/><figcaption class=\"wp-element-caption\">molde de banqueta<\/figcaption><\/figure>","protected":false},"excerpt":{"rendered":"<p>Looking for a manufacturer and designer of plastic stool mould that can enhance the profitability of your company? Featuring a full-service, custom stool mould offering, Topworks Plastic mold is the place to go. Taking care of you is our primary goal. Our ability to produce, manufacture, and distribute stool mould at competitive prices meets the [&hellip;]<\/p>\n","protected":false},"author":3,"featured_media":0,"parent":0,"menu_order":0,"comment_status":"open","ping_status":"open","template":"","meta":{"footnotes":""},"class_list":["post-190","page","type-page","status-publish","hentry"],"blocksy_meta":{"styles_descriptor":{"styles":{"desktop":"","tablet":"","mobile":""},"google_fonts":[],"version":6}},"_links":{"self":[{"href":"https:\/\/myplasticmold.com\/pt\/wp-json\/wp\/v2\/pages\/190","targetHints":{"allow":["GET"]}}],"collection":[{"href":"https:\/\/myplasticmold.com\/pt\/wp-json\/wp\/v2\/pages"}],"about":[{"href":"https:\/\/myplasticmold.com\/pt\/wp-json\/wp\/v2\/types\/page"}],"author":[{"embeddable":true,"href":"https:\/\/myplasticmold.com\/pt\/wp-json\/wp\/v2\/users\/3"}],"replies":[{"embeddable":true,"href":"https:\/\/myplasticmold.com\/pt\/wp-json\/wp\/v2\/comments?post=190"}],"version-history":[{"count":0,"href":"https:\/\/myplasticmold.com\/pt\/wp-json\/wp\/v2\/pages\/190\/revisions"}],"wp:attachment":[{"href":"https:\/\/myplasticmold.com\/pt\/wp-json\/wp\/v2\/media?parent=190"}],"curies":[{"name":"wp","href":"https:\/\/api.w.org\/{rel}","templated":true}]}}