{"id":188,"date":"2012-07-15T09:50:04","date_gmt":"2012-07-15T09:50:04","guid":{"rendered":"https:\/\/myplasticmold.com\/?page_id=188"},"modified":"2025-10-28T10:53:41","modified_gmt":"2025-10-28T02:53:41","slug":"molde-plastico-para-cadeira","status":"publish","type":"page","link":"https:\/\/myplasticmold.com\/pt\/molde-plastico-para-cadeira","title":{"rendered":"Molde para cadeira,Fabricante de molde para cadeira de pl\u00e1stico"},"content":{"rendered":"<div class=\"wp-block-stackable-columns stk-block-columns stk-block stk-88f6981\" data-block-id=\"88f6981\"><div class=\"stk-row stk-inner-blocks stk-block-content stk-content-align stk-88f6981-column\">\n<div class=\"wp-block-stackable-column stk-block-column stk-column stk-block stk-4987bde\" data-v=\"4\" data-block-id=\"4987bde\"><div class=\"stk-column-wrapper stk-block-column__content stk-container stk-4987bde-container stk--no-background stk--no-padding\"><div class=\"stk-block-content stk-inner-blocks stk-4987bde-inner-blocks\">\n<div class=\"wp-block-stackable-heading stk-block-heading stk-block-heading--v2 stk-block stk-81a8695\" id=\"what-is-chair-mould\" data-block-id=\"81a8695\"><h2 class=\"stk-block-heading__text\">O que \u00e9 molde de cadeira?<\/h2><\/div>\n\n\n\n<div class=\"wp-block-stackable-text stk-block-text stk-block stk-f96ac95\" data-block-id=\"f96ac95\"><p class=\"stk-block-text__text\">Um molde de cadeira funciona como uma ferramenta de fabrica\u00e7\u00e3o avan\u00e7ada que produz componentes de cadeira de alto n\u00edvel. A efici\u00eancia da produ\u00e7\u00e3o depende dos moldes para cadeiras, que proporcionam precis\u00e3o e durabilidade.<\/p><\/div>\n<\/div><\/div><\/div>\n\n\n\n<div class=\"wp-block-stackable-column stk-block-column stk-column stk-block stk-e34a65a\" data-v=\"4\" data-block-id=\"e34a65a\"><div class=\"stk-column-wrapper stk-block-column__content stk-container stk-e34a65a-container stk--no-background stk--no-padding\"><div class=\"stk-block-content stk-inner-blocks stk-e34a65a-inner-blocks\">\n<figure class=\"wp-block-embed is-type-video is-provider-youtube wp-block-embed-youtube wp-embed-aspect-16-9 wp-has-aspect-ratio\"><div class=\"wp-block-embed__wrapper\">\n<iframe loading=\"lazy\" title=\"Uma empresa chinesa de moldes pl\u00e1sticos e moldagem por inje\u00e7\u00e3o\" width=\"563\" height=\"1000\" src=\"https:\/\/www.youtube.com\/embed\/dzL2S9z4R3s?feature=oembed\" frameborder=\"0\" allow=\"accelerometer; autoplay; clipboard-write; encrypted-media; gyroscope; picture-in-picture; web-share\" referrerpolicy=\"strict-origin-when-cross-origin\" allowfullscreen><\/iframe>\n<\/div><\/figure>\n<\/div><\/div><\/div>\n<\/div><\/div>\n\n\n\n<ol class=\"wp-block-list\">\n<li><strong>Avaliar os fornecedores:<\/strong><br><p>Pesquise fornecedores de moldes para cadeiras que tenham uma boa reputa\u00e7\u00e3o. A escolha do fabricante afetar\u00e1 diretamente o bom funcionamento do molde.<\/p><\/li>\n\n\n\n<li><strong>Avaliar o design:<\/strong><br><p>Verifique os diferentes requisitos de design dispon\u00edveis para moldes de cadeiras. Uma melhor efici\u00eancia de produ\u00e7\u00e3o \u00e9 obtida com moldes bem feitos.<\/p><\/li>\n\n\n\n<li><strong>Solicite amostras:<\/strong><br><p>Obtenha amostras de moldes para cadeiras de v\u00e1rios fabricantes diferentes. Voc\u00ea deve verificar a qualidade e as fun\u00e7\u00f5es de um molde de cadeira solicitando amostras de v\u00e1rios fabricantes.<\/p><\/li>\n\n\n\n<li><strong>Fazer um pedido:<\/strong><br><p>Fa\u00e7a o pedido do molde da cadeira quando estiver satisfeito com as amostras e o produto atender \u00e0s suas necessidades.<\/p><\/li>\n<\/ol>\n\n\n\n<h2 class=\"wp-block-heading\">Cen\u00e1rios de uso<\/h2>\n\n\n\n<ul class=\"wp-block-list\">\n<li>A produ\u00e7\u00e3o eficiente de muitas pe\u00e7as de cadeiras \u00e9 poss\u00edvel com o uso da produ\u00e7\u00e3o em massa.<\/li>\n\n\n\n<li>M\u00f3veis personalizados: Uma maneira perfeita de fabricar cadeiras que atendam \u00e0s necessidades exclusivas de um cliente.<\/li>\n\n\n\n<li>Cria\u00e7\u00e3o de um prot\u00f3tipo: Uma \u00f3tima solu\u00e7\u00e3o para verificar o design de uma cadeira antes de ser constru\u00edda em uma escala maior.<\/li>\n<\/ul>\n\n\n\n<h1 class=\"wp-block-heading\">Molde de cadeira, cadeira moldada em pl\u00e1stico<\/h1>\n\n\n\n<div class=\"wp-block-stackable-columns stk-block-columns stk-block stk-dad9bac\" data-block-id=\"dad9bac\"><div class=\"stk-row stk-inner-blocks stk-block-content stk-content-align stk-dad9bac-column\">\n<div class=\"wp-block-stackable-column stk-block-column stk-column stk-block stk-a279f90\" data-v=\"4\" data-block-id=\"a279f90\"><style>.stk-a279f90 {align-self:flex-start !important;}<\/style><div class=\"stk-column-wrapper stk-block-column__content stk-container stk-a279f90-container stk--no-background stk--no-padding\"><div class=\"has-text-align-left stk-block-content stk-inner-blocks stk-a279f90-inner-blocks\">\n<div class=\"wp-block-group is-content-justification-center is-layout-constrained wp-block-group-is-layout-constrained\">\n<p>Apresentamos nosso avan\u00e7ado molde para cadeiras que atende a todos os requisitos do setor em seu n\u00edvel m\u00e1ximo. Nossa experi\u00eancia experiente na fabrica\u00e7\u00e3o de moldes nos permite oferecer um produto que proporciona qualidade excepcional e desempenho m\u00e1ximo.<\/p>\n\n\n\n<h2 class=\"wp-block-heading\">Capacidades de produ\u00e7\u00e3o de alto volume<\/h2>\n\n\n\n<p>Somos capazes de criar muitos moldes de cadeiras usando processos avan\u00e7ados sem reduzir nosso n\u00edvel de qualidade. Voc\u00ea receber\u00e1 seus moldes de cadeira sem demora por meio desse sistema eficaz, o que o torna a melhor solu\u00e7\u00e3o para fabricantes que precisam de velocidades de produ\u00e7\u00e3o mais altas.<\/p>\n\n\n\n<h2 class=\"wp-block-heading\">Entrega r\u00e1pida e confi\u00e1vel de projetos<\/h2>\n\n\n\n<p>O design de nossos moldes para cadeiras enfatiza a durabilidade e a precis\u00e3o exata. Esses moldes para cadeiras s\u00e3o constru\u00eddos com materiais dur\u00e1veis e com modernas t\u00e9cnicas de engenharia, o que os torna altamente resistentes ao uso cont\u00ednuo e proporcionam excelentes resultados na produ\u00e7\u00e3o de cadeiras de acordo com os requisitos de seu produto. Todo e qualquer ciclo de produ\u00e7\u00e3o oferece resultados de primeira qualidade devido aos nossos moldes que atendem a aplica\u00e7\u00f5es residenciais e comerciais.<\/p>\n<\/div>\n<\/div><\/div><\/div>\n\n\n\n<div class=\"wp-block-stackable-column stk-block-column stk-column stk-block stk-39636b3\" data-v=\"4\" data-block-id=\"39636b3\"><div class=\"stk-column-wrapper stk-block-column__content stk-container stk-39636b3-container stk--no-background stk--no-padding\"><div class=\"stk-block-content stk-inner-blocks stk-39636b3-inner-blocks\">\n<div class=\"wp-block-stackable-image stk-block-image stk-block stk-372bf83\" data-block-id=\"372bf83\"><style>.stk-372bf83 .stk-img-wrapper{width:100% !important;height:617px !important;}.stk-372bf83 .stk-img-wrapper img{object-position:67% 59% !important;}<\/style><figure><span class=\"stk-img-wrapper stk-image--shape-stretch\"><img loading=\"lazy\" decoding=\"async\" class=\"stk-img\" src=\"https:\/\/myplasticmold.com\/wp-content\/uploads\/2020\/08\/chair-mould_rxitz2.jpg\" width=\"100\" height=\"617\" alt=\"molde de cadeira\"\/><\/span><\/figure><\/div>\n<\/div><\/div><\/div>\n<\/div><\/div>\n\n\n\n<div class=\"wp-block-stackable-button-group stk-block-button-group stk-block stk-fb03efd\" data-block-id=\"fb03efd\"><style>.stk-fb03efd .stk-button-group{flex-direction:row !important;}@media screen and (max-width: 1023px){.stk-fb03efd .stk-button-group{flex-direction:row !important;}}@media screen and (max-width: 767px){.stk-fb03efd .stk-button-group{flex-direction:row !important;}}<\/style><div class=\"stk-row stk-inner-blocks has-text-align-center stk-block-content stk-button-group\">\n<div class=\"wp-block-stackable-button stk-block-button has-text-align-center stk-block stk-eea1c25 stk-animate\" data-block-id=\"eea1c25\" data-stk-anim-perspective-in=\"100\" data-stk-anim-perspective-out=\"100\"><style>.stk-eea1c25 {border-top-left-radius:50px !important;border-top-right-radius:50px !important;border-bottom-right-radius:50px !important;border-bottom-left-radius:50px !important;overflow:hidden !important;box-shadow:0 0 0 1px #7878781a !important;min-height:68px !important;max-width:1500px !important;min-width:auto !important;padding-top:0px !important;padding-right:0px !important;padding-bottom:0px !important;padding-left:0px !important;margin-right:auto !important;margin-left:auto !important;flex:1 0 var(--stk-button-group-flex-wrap, 0) !important;}.stk-eea1c25 , .stk-eea1c25 .stk-button{width:100% !important;}.stk-eea1c25 .stk-button__inner-text{font-size:43px !important;}@media screen and (max-width: 1023px){.stk-eea1c25 .stk-button__inner-text{font-size:43px !important;}}<\/style><a class=\"stk-link stk-button stk--hover-effect-scale\" href=\"https:\/\/myplasticmold.com\/contact-us-2\/\" target=\"_blank\" rel=\"noreferrer noopener\"><span class=\"stk-button__inner-text\"><strong>30% menor e 10 dias a menos<\/strong><\/span><\/a><\/div>\n<\/div><\/div>\n\n\n\n<figure class=\"wp-block-embed is-type-video is-provider-youtube wp-block-embed-youtube wp-embed-aspect-16-9 wp-has-aspect-ratio\"><div class=\"wp-block-embed__wrapper\">\n<iframe loading=\"lazy\" title=\"Guia definitivo para moldes de cadeiras: Design, produ\u00e7\u00e3o e benef\u00edcios\" width=\"1220\" height=\"686\" src=\"https:\/\/www.youtube.com\/embed\/ALzRxQo78UU?feature=oembed\" frameborder=\"0\" allow=\"accelerometer; autoplay; clipboard-write; encrypted-media; gyroscope; picture-in-picture; web-share\" referrerpolicy=\"strict-origin-when-cross-origin\" allowfullscreen><\/iframe>\n<\/div><\/figure>\n\n\n\n<div class=\"wp-block-stackable-columns stk-block-columns stk-block stk-c28cb1b\" data-block-id=\"c28cb1b\"><div class=\"stk-row stk-inner-blocks stk-block-content stk-content-align stk-c28cb1b-column\">\n<div class=\"wp-block-stackable-column stk-block-column stk-column stk-block stk-3c0d64d\" data-v=\"4\" data-block-id=\"3c0d64d\"><div class=\"stk-column-wrapper stk-block-column__content stk-container stk-3c0d64d-container stk--no-background stk--no-padding\"><div class=\"stk-block-content stk-inner-blocks stk-3c0d64d-inner-blocks\">\n<div class=\"wp-block-stackable-image stk-block-image stk-block stk-1271415\" data-block-id=\"1271415\"><figure><span class=\"stk-img-wrapper stk-image--shape-stretch\"><img loading=\"lazy\" decoding=\"async\" class=\"stk-img\" src=\"https:\/\/myplasticmold.com\/wp-content\/uploads\/2020\/08\/chair_mould_maker_ghmapd.jpg\" width=\"150\" height=\"300\" alt=\"molde de cadeira\"\/><\/span><\/figure><\/div>\n<\/div><\/div><\/div>\n\n\n\n<div class=\"wp-block-stackable-column stk-block-column stk-column stk-block stk-2dc23ed\" data-v=\"4\" data-block-id=\"2dc23ed\"><style>.stk-2dc23ed {align-self:flex-start !important;}<\/style><div class=\"stk-column-wrapper stk-block-column__content stk-container stk-2dc23ed-container stk--no-background stk--no-padding\"><div class=\"has-text-align-left stk-block-content stk-inner-blocks stk-2dc23ed-inner-blocks\">\n<p>A equipe de suporte t\u00e9cnico oferece assist\u00eancia cont\u00ednua a todos os usu\u00e1rios de nossos produtos. A equipe de especialistas est\u00e1 \u00e0 disposi\u00e7\u00e3o para fornecer suporte e responder a quaisquer perguntas que voc\u00ea possa ter, para que seu processo de produ\u00e7\u00e3o se integre sem problemas aos nossos moldes para cadeiras. <\/p>\n\n\n\n<p>Nosso molde para cadeiras representa uma tecnologia de fabrica\u00e7\u00e3o confi\u00e1vel que combina experi\u00eancia, excel\u00eancia operacional e produtividade. Estamos prontos para discutir com voc\u00ea as op\u00e7\u00f5es de suporte comercial como parte de nossas iniciativas de contato atuais.<\/p>\n<\/div><\/div><\/div>\n<\/div><\/div>\n\n\n\n<div class=\"wp-block-stackable-columns stk-block-columns stk-block stk-b0dd61a\" data-block-id=\"b0dd61a\"><div class=\"stk-row stk-inner-blocks stk-block-content stk-content-align stk-b0dd61a-column\">\n<div class=\"wp-block-stackable-column stk-block-column stk-column stk-block stk-4f13d87\" data-v=\"4\" data-block-id=\"4f13d87\"><style>.stk-4f13d87 {align-self:flex-start !important;}<\/style><div class=\"stk-column-wrapper stk-block-column__content stk-container stk-4f13d87-container stk--no-background stk--no-padding\"><div class=\"has-text-align-left stk-block-content stk-inner-blocks stk-4f13d87-inner-blocks\">\n<div class=\"wp-block-group is-content-justification-center is-layout-constrained wp-block-group-is-layout-constrained\">\n<p>A Topworks tem as habilidades necess\u00e1rias para criar moldes de cadeiras totalmente constru\u00eddos usando pl\u00e1stico e a\u00e7o de primeira linha, tudo isso com rapidez e precis\u00e3o. Al\u00e9m disso, voc\u00ea pode personalizar totalmente os moldes para atender \u00e0s suas necessidades exatas.<\/p>\n\n\n\n<p>E aqui est\u00e1 a melhor parte: podemos cuidar de toda a sua fabrica\u00e7\u00e3o diretamente de nossa sede. N\u00e3o importa se voc\u00ea precisa de alguns moldes pequenos para cadeiras ou de um grande n\u00famero deles para uma grande produ\u00e7\u00e3o, n\u00f3s temos o que voc\u00ea precisa. Nossa gama de servi\u00e7os foi projetada para atender \u00e0s necessidades de cada cliente, economizando tempo e dinheiro.<\/p>\n<\/div>\n\n\n\n<p><\/p>\n\n\n\n<p>Arranjo do molde da cadeira<\/p>\n\n\n\n<div class=\"wp-block-group is-content-justification-center is-layout-constrained wp-block-group-is-layout-constrained\">\n<ul class=\"wp-block-list\">\n<li><strong>molde de cadeira<\/strong>:<\/li>\n\n\n\n<li>cavidade do molde: 1<\/li>\n\n\n\n<li>corredor: corredor quente<\/li>\n\n\n\n<li>a\u00e7o da cavidade do molde: P20<\/li>\n\n\n\n<li>a\u00e7o do n\u00facleo do molde: P20<\/li>\n\n\n\n<li>inserto deslizante de molde: DIN 1.2738 com nitreta\u00e7\u00e3o<\/li>\n\n\n\n<li>Ativa\u00e7\u00e3o do inserto principal:2 Cilindros hidr\u00e1ulicos<\/li>\n\n\n\n<li>Material pl\u00e1stico: PEAD<\/li>\n<\/ul>\n<\/div>\n<\/div><\/div><\/div>\n\n\n\n<div class=\"wp-block-stackable-column stk-block-column stk-column stk-block stk-aa63359\" data-v=\"4\" data-block-id=\"aa63359\"><div class=\"stk-column-wrapper stk-block-column__content stk-container stk-aa63359-container stk--no-background stk--no-padding\"><div class=\"stk-block-content stk-inner-blocks stk-aa63359-inner-blocks\">\n<div class=\"wp-block-stackable-image stk-block-image stk-block stk-fef1416\" data-block-id=\"fef1416\"><style>.stk-fef1416 .stk-img-wrapper{width:100% !important;height:850px !important;}<\/style><figure><span class=\"stk-img-wrapper stk-image--shape-stretch\"><img loading=\"lazy\" decoding=\"async\" class=\"stk-img\" src=\"https:\/\/myplasticmold.com\/wp-content\/uploads\/2020\/08\/FB_IMG_1462969789013_tqlx8d.jpg\" width=\"100\" height=\"850\" alt=\"Empresa chinesa de moldes para cadeiras\"\/><\/span><\/figure><\/div>\n<\/div><\/div><\/div>\n<\/div><\/div>\n\n\n\n<p><\/p>\n\n\n\n<div class=\"wp-block-stackable-columns stk-block-columns stk-block stk-6bd20d6\" data-block-id=\"6bd20d6\"><div class=\"stk-row stk-inner-blocks stk-block-content stk-content-align stk-6bd20d6-column\">\n<div class=\"wp-block-stackable-column stk-block-column stk-column stk-block stk-e603efe\" data-v=\"4\" data-block-id=\"e603efe\"><div class=\"stk-column-wrapper stk-block-column__content stk-container stk-e603efe-container stk--no-background stk--no-padding\"><div class=\"stk-block-content stk-inner-blocks stk-e603efe-inner-blocks\">\n<h2 class=\"wp-block-heading\">Topworks chair mold pros:<\/h2>\n\n\n\n<ol class=\"wp-block-list\">\n<li>Somos especialistas em fazer todos os tipos de moldes, como os de banheiros, assentos de cadeiras e at\u00e9 mesmo cadeiras para ambientes externos.<\/li>\n\n\n\n<li>Nossos moldes pl\u00e1sticos para cadeiras s\u00e3o de primeira linha e t\u00eam o pre\u00e7o certo.<\/li>\n\n\n\n<li>Oferecemos suporte regular para qualquer problema t\u00e9cnico ou de servi\u00e7o com o qual voc\u00ea se depare.<\/li>\n\n\n\n<li>Nossa equipe tem muita experi\u00eancia e habilidades para realizar o trabalho.<\/li>\n\n\n\n<li>Os moldes de cadeiras que projetamos s\u00e3o criados por designers qualificados que sabem o que est\u00e3o fazendo.<\/li>\n\n\n\n<li>Voc\u00ea pode contar com nossos moldes para que sejam dur\u00e1veis e durem muito tempo.<\/li>\n\n\n\n<li>Temos orgulho de oferecer um trabalho perfeito e de alta qualidade.<\/li>\n\n\n\n<li>Voc\u00ea pode confiar em n\u00f3s para a entrega pontual de seus moldes para cadeiras.<\/li>\n<\/ol>\n<\/div><\/div><\/div>\n\n\n\n<div class=\"wp-block-stackable-column stk-block-column stk-column stk-block stk-fb4c595\" data-v=\"4\" data-block-id=\"fb4c595\"><div class=\"stk-column-wrapper stk-block-column__content stk-container stk-fb4c595-container stk--no-background stk--no-padding\"><div class=\"stk-block-content stk-inner-blocks stk-fb4c595-inner-blocks\">\n<figure class=\"wp-block-embed is-type-video is-provider-youtube wp-block-embed-youtube wp-embed-aspect-16-9 wp-has-aspect-ratio\"><div class=\"wp-block-embed__wrapper\">\n<iframe loading=\"lazy\" title=\"Um dos principais fabricantes de moldes para cadeiras com sede na China\" width=\"563\" height=\"1000\" src=\"https:\/\/www.youtube.com\/embed\/63uB-Ku3c4k?feature=oembed\" frameborder=\"0\" allow=\"accelerometer; autoplay; clipboard-write; encrypted-media; gyroscope; picture-in-picture; web-share\" referrerpolicy=\"strict-origin-when-cross-origin\" allowfullscreen><\/iframe>\n<\/div><\/figure>\n<\/div><\/div><\/div>\n<\/div><\/div>\n\n\n\n<div class=\"wp-block-stackable-columns stk-block-columns stk-block stk-f73b7cb\" data-block-id=\"f73b7cb\"><div class=\"stk-row stk-inner-blocks stk-block-content stk-content-align stk-f73b7cb-column\">\n<div class=\"wp-block-stackable-column stk-block-column stk-column stk-block stk-6eb11e9\" data-v=\"4\" data-block-id=\"6eb11e9\"><div class=\"stk-column-wrapper stk-block-column__content stk-container stk-6eb11e9-container stk--no-background stk--no-padding\"><div class=\"stk-block-content stk-inner-blocks stk-6eb11e9-inner-blocks\">\n<h2 class=\"wp-block-heading\">PERGUNTAS FREQUENTES: <\/h2>\n\n\n\n<p><strong>Que tipos de molde de cadeira e molde de banqueta voc\u00eas oferecem?<\/strong>Nosso foco s\u00e3o os moldes para cadeiras e banquetas de pl\u00e1stico, que incluem cadeiras de jantar, cadeiras de lazer para ambientes externos, poltronas, cadeiras para beb\u00eas e crian\u00e7as, banquetas de bar, banquetas de escada, banquetas dobr\u00e1veis e cadeiras. Com base em seus projetos ou amostras, tamb\u00e9m oferecemos elabora\u00e7\u00e3o personalizada.<\/p>\n\n\n\n<p><strong>Quais materiais s\u00e3o usados em seus moldes?<\/strong> Os a\u00e7os t\u00edpicos para moldes de cadeiras e banquetas usados s\u00e3o P20, 718, S136 e NAK80, e s\u00e3o selecionados com base nas necessidades do produto e no seu or\u00e7amento.<\/p>\n\n\n\n<p><strong>Placa<\/strong>Rolhas: padr\u00e3o ou personalizadas: pinos-guia de alta precis\u00e3o, buchas, elevadores, controles deslizantes e sistemas ejetores da SMC e de outras marcas. Sistemas de resfriamento e de c\u00e2mara quente est\u00e3o dispon\u00edveis mediante solicita\u00e7\u00e3o.<\/p>\n\n\n\n<p><strong>Quais resinas pl\u00e1sticas s\u00e3o apropriadas para a moldagem de cadeiras e banquetas?<\/strong> PP, HDPE, PC, PA+GF (para alta resist\u00eancia) e, quando poss\u00edvel, reciclado. Com base na resist\u00eancia necess\u00e1ria, no acabamento da superf\u00edcie e no pre\u00e7o, escolhemos a resina mais adequada.<\/p>\n\n\n\n<p><strong>Voc\u00eas podem desenvolver moldes a partir do meu desenho ou amostra?<\/strong> Sim. Desenvolvemos moldes a partir de arquivos 2D\/3D (STEP, IGES, DWG), bem como de amostras f\u00edsicas. Nossa equipe de engenharia realiza o DFM e prop\u00f5e op\u00e7\u00f5es para a espessura da parede, \u00e2ngulos de inclina\u00e7\u00e3o, nervuras e portas e, em seguida, fornecemos um relat\u00f3rio de viabilidade e uma cota\u00e7\u00e3o.<\/p>\n\n\n\n<p><strong>Voc\u00eas fornecem DFM e otimiza\u00e7\u00e3o de projeto?<\/strong> Definitivamente, ajudamos com DFM (Design for Manufacturability), an\u00e1lise de fluxo de molde (preenchimento, embalagem, resfriamento, deforma\u00e7\u00e3o) e otimiza\u00e7\u00f5es estruturais de tempo de ciclo, resist\u00eancia e produ\u00e7\u00e3o est\u00e1vel.<\/p>\n\n\n\n<p><strong>Qual \u00e9 o prazo de entrega t\u00edpico do molde?<\/strong> 30 a 60 dias para moldes padr\u00e3o de cadeiras e banquetas, a partir da aprova\u00e7\u00e3o do projeto.  Os prazos de entrega podem variar devido \u00e0 sele\u00e7\u00e3o do a\u00e7o, ao acabamento da superf\u00edcie e \u00e0 disponibilidade de canais quentes.<\/p>\n\n\n\n<p><strong>Qual \u00e9 o seu modelo de pre\u00e7os? <\/strong>O pre\u00e7o se baseia no tamanho e na complexidade do produto, no tipo de a\u00e7o, no n\u00famero de cavidades, na textura da superf\u00edcie e nos componentes (c\u00e2mara quente, puxadores hidr\u00e1ulicos de n\u00facleo, etc.) inclu\u00eddos. Fornecemos cota\u00e7\u00f5es detalhadas e especificamos o escopo do trabalho, as condi\u00e7\u00f5es de entrega e pagamento e a garantia.<\/p>\n\n\n\n<p><strong>Que informa\u00e7\u00f5es voc\u00ea precisa para fazer a cota\u00e7\u00e3o?<\/strong> Desenhos 2D\/3D do produto ou fotos dimensionadas da cadeira ou banqueta (amostras) Material desejado (resina), peso e espessura da parede Volume anual esperado e tempo de ciclo Tonelagem da prensa e especifica\u00e7\u00f5es da m\u00e1quina (inje\u00e7\u00e3o, for\u00e7a de fixa\u00e7\u00e3o, tamanho do disparo) Superf\u00edcie necess\u00e1ria (polimento, textura, cor) e testes funcionais<\/p>\n\n\n\n<p><strong>Voc\u00eas fornecem amostras e testes de funcionamento?<\/strong> Sim. Fornecemos amostras de pe\u00e7as, relat\u00f3rios de testes e sugest\u00f5es de melhorias. Testes remotos\/no local, v\u00eddeos e planilhas de par\u00e2metros est\u00e3o dispon\u00edveis. S\u00e3o realizados testes de moldes T0\/T1\/T2.<\/p>\n<\/div><\/div><\/div>\n<\/div><\/div>\n\n\n\n<h2 class=\"wp-block-heading\"><strong>Processo de fabrica\u00e7\u00e3o do molde de assento de cadeira e de vaso sanit\u00e1rio<\/strong><\/h2>\n\n\n\n<div class=\"wp-block-stackable-columns stk-block-columns stk-block stk-47c5214\" data-block-id=\"47c5214\"><div class=\"stk-row stk-inner-blocks stk-block-content stk-content-align stk-47c5214-column\">\n<div class=\"wp-block-stackable-column stk-block-column stk-column stk-block stk-e225939\" data-v=\"4\" data-block-id=\"e225939\"><div class=\"stk-column-wrapper stk-block-column__content stk-container stk-e225939-container stk--no-background stk--no-padding\"><div class=\"stk-block-content stk-inner-blocks stk-e225939-inner-blocks\">\n<p>A produ\u00e7\u00e3o de moldes para cadeiras moldes para assentos sanit\u00e1rios geralmente inclui as seguintes a\u00e7\u00f5es:<\/p>\n\n\n\n<ol class=\"wp-block-list\">\n<li><strong>Design e engenharia<\/strong>\n<ul class=\"wp-block-list\">\n<li>Fa\u00e7a esbo\u00e7os 3D e modelos CAD de acordo com os requisitos das cadeiras.<\/li>\n\n\n\n<li>Usar an\u00e1lises de fluxo de molde para copiar o processo de fabrica\u00e7\u00e3o de cadeiras<\/li>\n\n\n\n<li>N\u00facleo, cavidade, l\u00e2minas e ejetores fazem parte de um molde de cadeira de projeto.<\/li>\n<\/ul>\n<\/li>\n\n\n\n<li><strong>Ferramentas e usinagem<\/strong>\n<ul class=\"wp-block-list\">\n<li>Os blocos brutos s\u00e3o moldados em pe\u00e7as usando EDM, CNC e processos de produ\u00e7\u00e3o semelhantes...<\/li>\n\n\n\n<li>A superf\u00edcie da ferramenta do molde n\u00e3o apresenta rugosidade.<\/li>\n\n\n\n<li>Coloque todas as pe\u00e7as, cavidade, n\u00facleo e outras, no molde da cadeira.<\/li>\n<\/ul>\n<\/li>\n\n\n\n<li><strong>Testes e valida\u00e7\u00e3o<\/strong>\n<ul class=\"wp-block-list\">\n<li>Realizar testes de funcionamento a seco para verificar os moldes e os movimentos da m\u00e1quina<\/li>\n\n\n\n<li>Executar testes em execu\u00e7\u00f5es de produ\u00e7\u00e3o reais e ajustar os par\u00e2metros do processo de produ\u00e7\u00e3o<\/li>\n\n\n\n<li>Verificar se o desempenho dos moldes de cadeira est\u00e1 de acordo com os padr\u00f5es<\/li>\n<\/ul>\n<\/li>\n\n\n\n<li><strong>Manuten\u00e7\u00e3o e monitoramento<\/strong>\n<ul class=\"wp-block-list\">\n<li>Certifique-se de verificar e limpar os moldes regularmente.<\/li>\n\n\n\n<li>Verifique a qualidade do desempenho o tempo todo.<\/li>\n\n\n\n<li>Troque os componentes quando necess\u00e1rio, seguindo o cronograma de manuten\u00e7\u00e3o.<\/li>\n<\/ul>\n<\/li>\n<\/ol>\n\n\n\n<p>O artigo abaixo descreve cada um dos principais est\u00e1gios. Mais explica\u00e7\u00f5es podem ser oferecidas sobre os m\u00e9todos, equipamentos, revis\u00f5es e valida\u00e7\u00f5es espec\u00edficos em cada etapa da fabrica\u00e7\u00e3o de moldes de cadeiras e banheiros de alta qualidade.<\/p>\n<\/div><\/div><\/div>\n<\/div><\/div>","protected":false},"excerpt":{"rendered":"<p>What is Chair Mould? A chair mould functions as an advanced manufacturing tool that produces top-tier chair components. The production efficiency depends on chair moulds, which provide both precision and durability. Usage Scenarios Chair Mould, Plastic molded chair We present our advanced Chair Mould which fulfills all industry requirements at their peak. Our seasoned experience [&hellip;]<\/p>\n","protected":false},"author":3,"featured_media":0,"parent":0,"menu_order":0,"comment_status":"closed","ping_status":"open","template":"","meta":{"footnotes":""},"class_list":["post-188","page","type-page","status-publish","hentry"],"blocksy_meta":{"styles_descriptor":{"styles":{"desktop":"","tablet":"","mobile":""},"google_fonts":[],"version":6},"page_structure_type":"type-4"},"_links":{"self":[{"href":"https:\/\/myplasticmold.com\/pt\/wp-json\/wp\/v2\/pages\/188","targetHints":{"allow":["GET"]}}],"collection":[{"href":"https:\/\/myplasticmold.com\/pt\/wp-json\/wp\/v2\/pages"}],"about":[{"href":"https:\/\/myplasticmold.com\/pt\/wp-json\/wp\/v2\/types\/page"}],"author":[{"embeddable":true,"href":"https:\/\/myplasticmold.com\/pt\/wp-json\/wp\/v2\/users\/3"}],"replies":[{"embeddable":true,"href":"https:\/\/myplasticmold.com\/pt\/wp-json\/wp\/v2\/comments?post=188"}],"version-history":[{"count":2,"href":"https:\/\/myplasticmold.com\/pt\/wp-json\/wp\/v2\/pages\/188\/revisions"}],"predecessor-version":[{"id":12677,"href":"https:\/\/myplasticmold.com\/pt\/wp-json\/wp\/v2\/pages\/188\/revisions\/12677"}],"wp:attachment":[{"href":"https:\/\/myplasticmold.com\/pt\/wp-json\/wp\/v2\/media?parent=188"}],"curies":[{"name":"wp","href":"https:\/\/api.w.org\/{rel}","templated":true}]}}