{"id":145,"date":"2012-07-15T07:59:00","date_gmt":"2012-07-15T07:59:00","guid":{"rendered":"https:\/\/myplasticmold.com\/?page_id=145"},"modified":"2020-08-17T18:31:44","modified_gmt":"2020-08-17T10:31:44","slug":"molde-de-equipamento-comercial-de-informatica","status":"publish","type":"page","link":"https:\/\/myplasticmold.com\/pt\/molde-de-equipamento-comercial-de-informatica","title":{"rendered":"Computador Equipamento comercial Molde pl\u00e1stico"},"content":{"rendered":"<p><a href=\"https:\/\/myplasticmold.com\/wp-content\/uploads\/2012\/07\/stacks_image_41_1.png\"><img loading=\"lazy\" decoding=\"async\" class=\"alignnone size-full wp-image-213\" title=\"molde de computador\/equipamento de escrit\u00f3rio\" src=\"https:\/\/myplasticmold.com\/wp-content\/uploads\/2012\/07\/stacks_image_41_1.png\" alt=\"molde de computador\/equipamento de escrit\u00f3rio\" width=\"363\" height=\"285\" srcset=\"https:\/\/myplasticmold.com\/wp-content\/uploads\/2012\/07\/stacks_image_41_1.png 363w, https:\/\/myplasticmold.com\/wp-content\/uploads\/2012\/07\/stacks_image_41_1-300x235.png 300w\" sizes=\"auto, (max-width: 363px) 100vw, 363px\" \/><\/a><a href=\"https:\/\/myplasticmold.com\/wp-content\/uploads\/2012\/07\/cutcaster-photo-100634527-Communication-technology-icon-collection.jpg\"><img loading=\"lazy\" decoding=\"async\" class=\"alignnone  wp-image-214\" title=\"molde de equipamento comercial\/escrit\u00f3rio\" src=\"https:\/\/myplasticmold.com\/wp-content\/uploads\/2012\/07\/cutcaster-photo-100634527-Communication-technology-icon-collection.jpg\" alt=\"molde de equipamento comercial\/escrit\u00f3rio\" width=\"360\" height=\"306\" \/><\/a><\/p>\n<p>Molde de equipamento comercial de computador<\/p>\n<p><a href=\"https:\/\/myplasticmold.com\/wp-content\/uploads\/2012\/07\/20080721193243112171.jpg\"><img loading=\"lazy\" decoding=\"async\" class=\"alignnone size-medium wp-image-288\" title=\"molde pl\u00e1stico para impressora\" src=\"https:\/\/myplasticmold.com\/wp-content\/uploads\/2020\/04\/20080721193243112171_pvoetn-300x219.jpg\" alt=\"molde pl\u00e1stico para impressora\" width=\"300\" height=\"219\" srcset=\"https:\/\/myplasticmold.com\/wp-content\/uploads\/2020\/04\/20080721193243112171_pvoetn-300x219.jpg 300w, https:\/\/myplasticmold.com\/wp-content\/uploads\/2020\/04\/20080721193243112171_pvoetn-768x561.jpg 768w, https:\/\/myplasticmold.com\/wp-content\/uploads\/2020\/04\/20080721193243112171_pvoetn.jpg 1000w\" sizes=\"auto, (max-width: 300px) 100vw, 300px\" \/><\/a><a href=\"https:\/\/myplasticmold.com\/wp-content\/uploads\/2012\/07\/2009111554474249.jpg\"><img loading=\"lazy\" decoding=\"async\" class=\"alignnone  wp-image-289\" title=\"molde pl\u00e1stico para impressora\" src=\"https:\/\/myplasticmold.com\/wp-content\/uploads\/2012\/07\/2009111554474249-300x213.jpg\" alt=\"molde pl\u00e1stico para impressora\" width=\"300\" height=\"219\" \/><\/a><\/p>\n<p>Molde pl\u00e1stico da carca\u00e7a da impressora:\u00a0\u00a0\u00a0\u00a0\u00a0\u00a0\u00a0\u00a0\u00a0\u00a0\u00a0\u00a0\u00a0\u00a0\u00a0\u00a0\u00a0\u00a0\u00a0\u00a0\u00a0\u00a0\u00a0\u00a0\u00a0\u00a0\u00a0\u00a0\u00a0\u00a0\u00a0\u00a0\u00a0\u00a0\u00a0\u00a0\u00a0\u00a0\u00a0\u00a0\u00a0\u00a0\u00a0\u00a0\u00a0\u00a0\u00a0\u00a0\u00a0\u00a0\u00a0\u00a0\u00a0\u00a0\u00a0\u00a0\u00a0\u00a0\u00a0\u00a0\u00a0\u00a0\u00a0\u00a0\u00a0\u00a0\u00a0\u00a0\u00a0\u00a0\u00a0\u00a0\u00a0\u00a0\u00a0\u00a0\u00a0\u00a0\u00a0\u00a0\u00a0\u00a0\u00a0\u00a0 <a href=\"https:\/\/myplasticmold.com\/wp-content\/uploads\/2020\/04\/18363544_1_zaqm4s.jpg\"><img loading=\"lazy\" decoding=\"async\" class=\"wp-image-290 alignright\" title=\"molde de impressora\" src=\"https:\/\/myplasticmold.com\/wp-content\/uploads\/2020\/04\/18363544_1_zaqm4s.jpg\" alt=\"molde de impressora\" width=\"433\" height=\"388\" \/><\/a><\/p>\n<ul>\n<li>Molde de pl\u00e1stico: molde de pl\u00e1stico do inv\u00f3lucro da impressora<\/li>\n<li>cavidade do molde:1<\/li>\n<li>Hotrunner:1 gotas com bobinas de aquecimento \"HOTSET<\/li>\n<li>A\u00e7o da cavidade do molde: DIN 1.2316<\/li>\n<li>A\u00e7o do n\u00facleo do molde: DIN 1.278<\/li>\n<li>inserto deslizante de molde: DIN 1.2738 com nitreta\u00e7\u00e3o<\/li>\n<li>Ativa\u00e7\u00e3o do inserto do n\u00facleo: Cilindros hidr\u00e1ulicos<\/li>\n<li>Material pl\u00e1stico: ABS<\/li>\n<li>Tempo de ciclo: 40 segundos<\/li>\n<li>Prazo de entrega: 50 dias.<\/li>\n<\/ul>","protected":false},"excerpt":{"rendered":"<p>Molde para equipamentos de inform\u00e1tica Molde pl\u00e1stico da carca\u00e7a da impressora: molde pl\u00e1stico: cavidade do molde pl\u00e1stico da carca\u00e7a da impressora: 1 Hotrunner: 1 gotas com bobinas de aquecimento \"HOTSET\" a\u00e7o da cavidade do molde: DIN 1.2316 a\u00e7o do n\u00facleo do molde: DIN 1.278 inserto deslizante do molde: DIN 1.2738 com nitreta\u00e7\u00e3o Ativa\u00e7\u00e3o do inserto do n\u00facleo: Cilindros hidr\u00e1ulicos Material pl\u00e1stico: ABS Tempo de ciclo: 40 segundos Prazo de entrega: 50 dias.<\/p>","protected":false},"author":3,"featured_media":0,"parent":0,"menu_order":0,"comment_status":"open","ping_status":"open","template":"template_leftsidebar.php","meta":{"footnotes":""},"class_list":["post-145","page","type-page","status-publish","hentry"],"blocksy_meta":{"styles_descriptor":{"styles":{"desktop":"","tablet":"","mobile":""},"google_fonts":[],"version":6}},"_links":{"self":[{"href":"https:\/\/myplasticmold.com\/pt\/wp-json\/wp\/v2\/pages\/145","targetHints":{"allow":["GET"]}}],"collection":[{"href":"https:\/\/myplasticmold.com\/pt\/wp-json\/wp\/v2\/pages"}],"about":[{"href":"https:\/\/myplasticmold.com\/pt\/wp-json\/wp\/v2\/types\/page"}],"author":[{"embeddable":true,"href":"https:\/\/myplasticmold.com\/pt\/wp-json\/wp\/v2\/users\/3"}],"replies":[{"embeddable":true,"href":"https:\/\/myplasticmold.com\/pt\/wp-json\/wp\/v2\/comments?post=145"}],"version-history":[{"count":0,"href":"https:\/\/myplasticmold.com\/pt\/wp-json\/wp\/v2\/pages\/145\/revisions"}],"wp:attachment":[{"href":"https:\/\/myplasticmold.com\/pt\/wp-json\/wp\/v2\/media?parent=145"}],"curies":[{"name":"wp","href":"https:\/\/api.w.org\/{rel}","templated":true}]}}