{"id":138,"date":"2012-07-15T08:01:05","date_gmt":"2012-07-15T08:01:05","guid":{"rendered":"https:\/\/myplasticmold.com\/?page_id=138"},"modified":"2025-03-20T10:45:34","modified_gmt":"2025-03-20T02:45:34","slug":"molde-plastico-automotivo","status":"publish","type":"page","link":"https:\/\/myplasticmold.com\/pt\/molde-plastico-automotivo","title":{"rendered":"Solu\u00e7\u00f5es premium para moldes de inje\u00e7\u00e3o automotiva"},"content":{"rendered":"<figure class=\"wp-block-image is-resized\"><a href=\"https:\/\/myplasticmold.com\/wp-content\/uploads\/2020\/04\/autoparts_fbufuh.jpg\"><img loading=\"lazy\" decoding=\"async\" width=\"525\" height=\"292\" src=\"https:\/\/myplasticmold.com\/wp-content\/uploads\/2020\/04\/autoparts_fbufuh.jpg\" alt=\"Fornecedor de moldes para acabamento interno e externo de autom\u00f3veis\" class=\"wp-image-205\" style=\"width:1080px;height:601px\" title=\"molde para autope\u00e7as\" srcset=\"https:\/\/myplasticmold.com\/wp-content\/uploads\/2020\/04\/autoparts_fbufuh.jpg 525w, https:\/\/myplasticmold.com\/wp-content\/uploads\/2020\/04\/autoparts_fbufuh-300x167.jpg 300w\" sizes=\"auto, (max-width: 525px) 100vw, 525px\" \/><\/a><\/figure>\n\n\n\n<h2 class=\"wp-block-heading\"><strong>Solu\u00e7\u00f5es premium para moldes de inje\u00e7\u00e3o automotiva<\/strong><\/h2>\n\n\n\n<p>Gostar\u00edamos de lhe dar as boas-vindas \u00e0 Topworks. Somos um fabricante pioneiro no setor de moldes de inje\u00e7\u00e3o para autom\u00f3veis. Como uma empresa comprometida com a qualidade, oferecemos uma combina\u00e7\u00e3o imbat\u00edvel de mais de 15 anos de conhecimento, recursos avan\u00e7ados de fabrica\u00e7\u00e3o, entrega no prazo, moldes dur\u00e1veis e suporte t\u00e9cnico para atender \u00e0s suas necessidades de moldes pl\u00e1sticos para autom\u00f3veis.<\/p>\n\n\n\n<figure class=\"wp-block-embed is-type-video is-provider-youtube wp-block-embed-youtube wp-embed-aspect-16-9 wp-has-aspect-ratio\"><div class=\"wp-block-embed__wrapper\">\n<iframe loading=\"lazy\" title=\"Como comprar moldes pl\u00e1sticos automotivos da China (guia passo a passo para obter qualidade e economia!)\" width=\"1220\" height=\"686\" src=\"https:\/\/www.youtube.com\/embed\/ExZdSMyuerM?feature=oembed\" frameborder=\"0\" allow=\"accelerometer; autoplay; clipboard-write; encrypted-media; gyroscope; picture-in-picture; web-share\" referrerpolicy=\"strict-origin-when-cross-origin\" allowfullscreen><\/iframe>\n<\/div><\/figure>\n\n\n\n<h3 class=\"wp-block-heading\"><strong>Por que escolher a Topworks?<\/strong><\/h3>\n\n\n\n<h4 class=\"wp-block-heading\"><strong>Especializa\u00e7\u00e3o:&nbsp;<\/strong><\/h4>\n\n\n\n<p>Nossa empresa tem d\u00e9cadas de experi\u00eancia em <a href=\"https:\/\/myplasticmold.com\/pt\/molde-plastico-automotivo\">molde de inje\u00e7\u00e3o automotiva<\/a> A Topworks \u00e9 uma empresa de fabrica\u00e7\u00e3o de moldes de inje\u00e7\u00e3o, o que nos faz entender as necessidades espec\u00edficas dos moldes de inje\u00e7\u00e3o para a produ\u00e7\u00e3o automotiva. A equipe de especialistas da Topworks possui habilidades excepcionais para criar solu\u00e7\u00f5es inovadoras que proporcionam confiabilidade superior e altos padr\u00f5es.<\/p>\n\n\n\n<h4 class=\"wp-block-heading\"><strong>Alto desempenho:<\/strong>&nbsp;<\/h4>\n\n\n\n<p>As abordagens de fabrica\u00e7\u00e3o contempor\u00e2neas e a tecnologia avan\u00e7ada nos permitem produzir moldes de inje\u00e7\u00e3o de alto volume com zero comprometimento. Nossas linhas de projeto e fabrica\u00e7\u00e3o de moldes de pl\u00e1stico se ajustam \u00e0s suas necessidades e tamb\u00e9m garantem a satisfa\u00e7\u00e3o das demandas de efici\u00eancia e produ\u00e7\u00e3o m\u00e1ximas do setor automotivo.<\/p>\n\n\n\n<h4 class=\"wp-block-heading\"><strong>Entrega r\u00e1pida<\/strong>:&nbsp;<\/h4>\n\n\n\n<p>A velocidade de entrega \u00e9 um fator vital no setor automotivo. Nosso servi\u00e7o de entrega r\u00e1pida \u00e9 resultado de nosso sistema log\u00edstico estrat\u00e9gico combinado com nosso fluxo de trabalho eficiente. Seu plano de produ\u00e7\u00e3o permanece intacto por meio dessas medidas.<\/p>\n\n\n\n<h4 class=\"wp-block-heading\"><strong>Molde forte:<\/strong>&nbsp;<\/h4>\n\n\n\n<p>Os moldes que fabricamos s\u00e3o feitos para durar. Utilizando os melhores materiais (a\u00e7o, componentes e sistema hotrunner) e a tecnologia mais sofisticada, criamos moldes robustos e resistentes, capazes de suportar press\u00f5es e temperaturas extremas e produzir pe\u00e7as dur\u00e1veis e de alta qualidade para cada uso.<\/p>\n\n\n\n<h4 class=\"wp-block-heading\"><strong>Suporte t\u00e9cnico<\/strong>:&nbsp;<\/h4>\n\n\n\n<p>Depois de lan\u00e7ar nossas solu\u00e7\u00f5es, continuamos nossa dedica\u00e7\u00e3o para ajudar sua empresa a ter sucesso. Nosso programa de assist\u00eancia t\u00e9cnica n\u00e3o apenas fornece servi\u00e7os completos que incluem consultoria, mas tamb\u00e9m manuten\u00e7\u00e3o e solu\u00e7\u00e3o de problemas. Suas opera\u00e7\u00f5es comerciais continuar\u00e3o sem interrup\u00e7\u00f5es. Nossa equipe de profissionais est\u00e1 pronta para ajud\u00e1-lo a resolver todos os desafios t\u00e9cnicos.<\/p>\n\n\n\n<h4 class=\"wp-block-heading\"><strong>Setores que atendemos:<\/strong><\/h4>\n\n\n\n<ul class=\"wp-block-list\">\n<li>OEMs automotivos<\/li>\n\n\n\n<li>Fornecedores Tier 1 e Tier 2<\/li>\n\n\n\n<li>Fornecedores de pe\u00e7as de reposi\u00e7\u00e3o<\/li>\n<\/ul>\n\n\n\n<h2 class=\"wp-block-heading\"><strong>Nosso compromisso:<\/strong><\/h2>\n\n\n\n<p>Somos a Topworks Company e n\u00e3o somos apenas um fornecedor; somos parceiros no sucesso de sua empresa. Temos orgulho de nossa aten\u00e7\u00e3o a cada detalhe e de nossos padr\u00f5es inabal\u00e1veis de qualidade e de uma abordagem voltada para o cliente. Entre em contato conosco agora para obter mais informa\u00e7\u00f5es sobre o que podemos fazer para ajudar a impulsionar seu projeto de moldagem automotiva para novos patamares.<\/p>\n\n\n\n<h2 class=\"wp-block-heading\"><strong>Entre em contato conosco:<\/strong><\/h2>\n\n\n\n<p>Para obter mais informa\u00e7\u00f5es ou solicitar uma cota\u00e7\u00e3o, entre em contato com nossa equipe de vendas por aqui. Vamos dar o pr\u00f3ximo passo na moldagem por inje\u00e7\u00e3o automotiva.<\/p>\n\n\n\n<p><strong><em>A Topworks trar\u00e1 excel\u00eancia em cada pe\u00e7a.<\/em><\/strong><\/p>\n\n\n\n<figure class=\"wp-block-gallery has-nested-images columns-2 is-cropped wp-block-gallery-1 is-layout-flex wp-block-gallery-is-layout-flex\">\n<figure class=\"wp-block-image size-large\"><a href=\"https:\/\/myplasticmold.com\/wp-content\/uploads\/2023\/10\/2023-10-12-1.jpg\"><img loading=\"lazy\" decoding=\"async\" width=\"1024\" height=\"769\" data-id=\"11226\" src=\"https:\/\/myplasticmold.com\/wp-content\/uploads\/2023\/10\/2023-10-12-1-1024x769.jpg\" alt=\"molde pl\u00e1stico para carro\" class=\"wp-image-11226\" srcset=\"https:\/\/myplasticmold.com\/wp-content\/uploads\/2023\/10\/2023-10-12-1-1024x769.jpg 1024w, https:\/\/myplasticmold.com\/wp-content\/uploads\/2023\/10\/2023-10-12-1-300x225.jpg 300w, https:\/\/myplasticmold.com\/wp-content\/uploads\/2023\/10\/2023-10-12-1-768x577.jpg 768w, https:\/\/myplasticmold.com\/wp-content\/uploads\/2023\/10\/2023-10-12-1-1536x1154.jpg 1536w, https:\/\/myplasticmold.com\/wp-content\/uploads\/2023\/10\/2023-10-12-1-16x12.jpg 16w, https:\/\/myplasticmold.com\/wp-content\/uploads\/2023\/10\/2023-10-12-1.jpg 1704w\" sizes=\"auto, (max-width: 1024px) 100vw, 1024px\" \/><\/a><\/figure>\n\n\n\n<figure class=\"wp-block-image size-large\"><a href=\"https:\/\/myplasticmold.com\/wp-content\/uploads\/2023\/10\/2023-10-12-2.jpg\"><img loading=\"lazy\" decoding=\"async\" width=\"1024\" height=\"769\" data-id=\"11227\" src=\"https:\/\/myplasticmold.com\/wp-content\/uploads\/2023\/10\/2023-10-12-2-1024x769.jpg\" alt=\"Moldagem por inje\u00e7\u00e3o automotiva\" class=\"wp-image-11227\" srcset=\"https:\/\/myplasticmold.com\/wp-content\/uploads\/2023\/10\/2023-10-12-2-1024x769.jpg 1024w, https:\/\/myplasticmold.com\/wp-content\/uploads\/2023\/10\/2023-10-12-2-300x225.jpg 300w, https:\/\/myplasticmold.com\/wp-content\/uploads\/2023\/10\/2023-10-12-2-768x577.jpg 768w, https:\/\/myplasticmold.com\/wp-content\/uploads\/2023\/10\/2023-10-12-2-1536x1154.jpg 1536w, https:\/\/myplasticmold.com\/wp-content\/uploads\/2023\/10\/2023-10-12-2-16x12.jpg 16w, https:\/\/myplasticmold.com\/wp-content\/uploads\/2023\/10\/2023-10-12-2.jpg 1704w\" sizes=\"auto, (max-width: 1024px) 100vw, 1024px\" \/><\/a><\/figure>\n\n\n\n<figure class=\"wp-block-image size-large\"><a href=\"https:\/\/myplasticmold.com\/wp-content\/uploads\/2023\/10\/2023-10-12-3.jpg\"><img loading=\"lazy\" decoding=\"async\" width=\"1024\" height=\"769\" data-id=\"11229\" src=\"https:\/\/myplasticmold.com\/wp-content\/uploads\/2023\/10\/2023-10-12-3-1024x769.jpg\" alt=\"Moldagem de pe\u00e7as automotivas\" class=\"wp-image-11229\" srcset=\"https:\/\/myplasticmold.com\/wp-content\/uploads\/2023\/10\/2023-10-12-3-1024x769.jpg 1024w, https:\/\/myplasticmold.com\/wp-content\/uploads\/2023\/10\/2023-10-12-3-300x225.jpg 300w, https:\/\/myplasticmold.com\/wp-content\/uploads\/2023\/10\/2023-10-12-3-768x577.jpg 768w, https:\/\/myplasticmold.com\/wp-content\/uploads\/2023\/10\/2023-10-12-3-1536x1154.jpg 1536w, https:\/\/myplasticmold.com\/wp-content\/uploads\/2023\/10\/2023-10-12-3-16x12.jpg 16w, https:\/\/myplasticmold.com\/wp-content\/uploads\/2023\/10\/2023-10-12-3.jpg 1704w\" sizes=\"auto, (max-width: 1024px) 100vw, 1024px\" \/><\/a><\/figure>\n\n\n\n<figure class=\"wp-block-image size-large\"><a href=\"https:\/\/myplasticmold.com\/wp-content\/uploads\/2023\/10\/2023-10-12-4.jpg\"><img loading=\"lazy\" decoding=\"async\" width=\"1024\" height=\"769\" data-id=\"11228\" src=\"https:\/\/myplasticmold.com\/wp-content\/uploads\/2023\/10\/2023-10-12-4-1024x769.jpg\" alt=\"Molde automotivo de pl\u00e1stico\" class=\"wp-image-11228\" srcset=\"https:\/\/myplasticmold.com\/wp-content\/uploads\/2023\/10\/2023-10-12-4-1024x769.jpg 1024w, https:\/\/myplasticmold.com\/wp-content\/uploads\/2023\/10\/2023-10-12-4-300x225.jpg 300w, https:\/\/myplasticmold.com\/wp-content\/uploads\/2023\/10\/2023-10-12-4-768x577.jpg 768w, https:\/\/myplasticmold.com\/wp-content\/uploads\/2023\/10\/2023-10-12-4-1536x1154.jpg 1536w, https:\/\/myplasticmold.com\/wp-content\/uploads\/2023\/10\/2023-10-12-4-16x12.jpg 16w, https:\/\/myplasticmold.com\/wp-content\/uploads\/2023\/10\/2023-10-12-4.jpg 1704w\" sizes=\"auto, (max-width: 1024px) 100vw, 1024px\" \/><\/a><\/figure>\n\n\n\n<figure class=\"wp-block-image size-large\"><a href=\"https:\/\/myplasticmold.com\/wp-content\/uploads\/2023\/10\/2023-10-12-5.jpg\"><img loading=\"lazy\" decoding=\"async\" width=\"1024\" height=\"769\" data-id=\"11230\" src=\"https:\/\/myplasticmold.com\/wp-content\/uploads\/2023\/10\/2023-10-12-5-1024x769.jpg\" alt=\"Molde de inje\u00e7\u00e3o para pe\u00e7as automotivas\" class=\"wp-image-11230\" srcset=\"https:\/\/myplasticmold.com\/wp-content\/uploads\/2023\/10\/2023-10-12-5-1024x769.jpg 1024w, https:\/\/myplasticmold.com\/wp-content\/uploads\/2023\/10\/2023-10-12-5-300x225.jpg 300w, https:\/\/myplasticmold.com\/wp-content\/uploads\/2023\/10\/2023-10-12-5-768x577.jpg 768w, https:\/\/myplasticmold.com\/wp-content\/uploads\/2023\/10\/2023-10-12-5-1536x1154.jpg 1536w, https:\/\/myplasticmold.com\/wp-content\/uploads\/2023\/10\/2023-10-12-5-16x12.jpg 16w, https:\/\/myplasticmold.com\/wp-content\/uploads\/2023\/10\/2023-10-12-5.jpg 1704w\" sizes=\"auto, (max-width: 1024px) 100vw, 1024px\" \/><\/a><\/figure>\n\n\n\n<figure class=\"wp-block-image size-large\"><a href=\"https:\/\/myplasticmold.com\/wp-content\/uploads\/2023\/10\/2023-10-12-6.jpg\"><img loading=\"lazy\" decoding=\"async\" width=\"1024\" height=\"769\" data-id=\"11231\" src=\"https:\/\/myplasticmold.com\/wp-content\/uploads\/2023\/10\/2023-10-12-6-1024x769.jpg\" alt=\"Molde de inje\u00e7\u00e3o\" class=\"wp-image-11231\" srcset=\"https:\/\/myplasticmold.com\/wp-content\/uploads\/2023\/10\/2023-10-12-6-1024x769.jpg 1024w, https:\/\/myplasticmold.com\/wp-content\/uploads\/2023\/10\/2023-10-12-6-300x225.jpg 300w, https:\/\/myplasticmold.com\/wp-content\/uploads\/2023\/10\/2023-10-12-6-768x577.jpg 768w, https:\/\/myplasticmold.com\/wp-content\/uploads\/2023\/10\/2023-10-12-6-1536x1154.jpg 1536w, https:\/\/myplasticmold.com\/wp-content\/uploads\/2023\/10\/2023-10-12-6-16x12.jpg 16w, https:\/\/myplasticmold.com\/wp-content\/uploads\/2023\/10\/2023-10-12-6.jpg 1704w\" sizes=\"auto, (max-width: 1024px) 100vw, 1024px\" \/><\/a><\/figure>\n\n\n\n<figure class=\"wp-block-image size-large\"><a href=\"https:\/\/myplasticmold.com\/wp-content\/uploads\/2023\/10\/2023-10-12-7.jpg\"><img loading=\"lazy\" decoding=\"async\" width=\"1024\" height=\"769\" data-id=\"11232\" src=\"https:\/\/myplasticmold.com\/wp-content\/uploads\/2023\/10\/2023-10-12-7-1024x769.jpg\" alt=\"molde de carro\" class=\"wp-image-11232\" srcset=\"https:\/\/myplasticmold.com\/wp-content\/uploads\/2023\/10\/2023-10-12-7-1024x769.jpg 1024w, https:\/\/myplasticmold.com\/wp-content\/uploads\/2023\/10\/2023-10-12-7-300x225.jpg 300w, https:\/\/myplasticmold.com\/wp-content\/uploads\/2023\/10\/2023-10-12-7-768x577.jpg 768w, https:\/\/myplasticmold.com\/wp-content\/uploads\/2023\/10\/2023-10-12-7-1536x1154.jpg 1536w, https:\/\/myplasticmold.com\/wp-content\/uploads\/2023\/10\/2023-10-12-7-16x12.jpg 16w, https:\/\/myplasticmold.com\/wp-content\/uploads\/2023\/10\/2023-10-12-7.jpg 1704w\" sizes=\"auto, (max-width: 1024px) 100vw, 1024px\" \/><\/a><\/figure>\n<\/figure>\n\n\n\n<figure class=\"wp-block-image aligncenter size-full is-resized\"><img loading=\"lazy\" decoding=\"async\" width=\"639\" height=\"417\" src=\"https:\/\/myplasticmold.com\/wp-content\/uploads\/2020\/04\/20160523111325_mbwq8l.jpg\" alt=\"\" class=\"wp-image-6030\" style=\"width:867px;height:566px\" title=\"molde de grelha automotiva\" srcset=\"https:\/\/myplasticmold.com\/wp-content\/uploads\/2020\/04\/20160523111325_mbwq8l.jpg 639w, https:\/\/myplasticmold.com\/wp-content\/uploads\/2020\/04\/20160523111325_mbwq8l-300x196.jpg 300w\" sizes=\"auto, (max-width: 639px) 100vw, 639px\" \/><\/figure>\n\n\n\n<h2 class=\"wp-block-heading\">Comprando moldes de inje\u00e7\u00e3o automotiva da China: Um guia para seguran\u00e7a e efici\u00eancia de custos<\/h2>\n\n\n\n<h3 class=\"wp-block-heading\">I. Introdu\u00e7\u00e3o<\/h3>\n\n\n\n<p>O molde de inje\u00e7\u00e3o automotiva existe h\u00e1 muitos anos para a fabrica\u00e7\u00e3o de componentes pl\u00e1sticos de ve\u00edculos em que a China tem um custo-benef\u00edcio. A seguran\u00e7a e a qualidade representam a maior prioridade quando se trata de desempenho de ve\u00edculos ou componentes de seguran\u00e7a para passageiros. O guia a seguir demonstra o processo essencial para a compra de moldes de inje\u00e7\u00e3o automotiva na China, priorizando a efici\u00eancia de custos e os requisitos de seguran\u00e7a.<\/p>\n\n\n\n<h3 class=\"wp-block-heading\">II. Encontrar fornecedores<\/h3>\n\n\n\n<p>O Alibaba hospeda milhares de fornecedores, mas \u00e9 dif\u00edcil validar seus n\u00edveis de experi\u00eancia e compet\u00eancia por meio de sua plataforma on-line. Sua pesquisa deve se concentrar em fabricantes de pe\u00e7as automotivas com experi\u00eancia e certifica\u00e7\u00e3o ISO 9001, o que garante maior confian\u00e7a ao selecionar fornecedores para fins de produ\u00e7\u00e3o. A sele\u00e7\u00e3o de um parceiro fornecedor com experi\u00eancia no setor automotivo deve se concentrar em trabalhar com um agente de sourcing profissional que mantenha relacionamentos s\u00f3lidos com fabricantes de moldes confi\u00e1veis, capazes de facilitar a comunica\u00e7\u00e3o e as negocia\u00e7\u00f5es de neg\u00f3cios.<\/p>\n\n\n\n<h3 class=\"wp-block-heading\">III. Comunica\u00e7\u00e3o e colabora\u00e7\u00e3o em design<\/h3>\n\n\n\n<p>A comunica\u00e7\u00e3o \u00e9 fundamental. Envie ao fornecedor todas as especifica\u00e7\u00f5es necess\u00e1rias, incluindo modelos 3D, desenhos de engenharia 2D e propriedades dos materiais, juntamente com os requisitos de toler\u00e2ncia para as especifica\u00e7\u00f5es dimensionais. Trabalhe com seu fornecedor para modificar os projetos, pois isso o ajudar\u00e1 a encontrar o melhor equil\u00edbrio de custos sem comprometer a funcionalidade ou os padr\u00f5es de qualidade do produto.<\/p>\n\n\n\n<h3 class=\"wp-block-heading\">IV. Qualidade e seguran\u00e7a<\/h3>\n\n\n\n<p>A seguran\u00e7a nunca deve ser sacrificada.<\/p>\n\n\n\n<p>Somente materiais automotivos de alta qualidade que atendam aos padr\u00f5es do setor devem ser selecionados para uso. Informe o seu fornecedor sobre as op\u00e7\u00f5es de materiais necess\u00e1rios que ser\u00e3o combinados com os requisitos de aplica\u00e7\u00e3o da pe\u00e7a para resist\u00eancia ao calor, retardamento de chama e resist\u00eancia ao impacto. Os procedimentos de controle de qualidade devem incluir v\u00e1rios est\u00e1gios de inspe\u00e7\u00e3o, come\u00e7ando com a avalia\u00e7\u00e3o do material de a\u00e7o, seguida de verifica\u00e7\u00f5es dos componentes do n\u00facleo e da cavidade e concluindo com a inspe\u00e7\u00e3o do primeiro artigo (FAI) at\u00e9 que a pe\u00e7a final atinja as especifica\u00e7\u00f5es exatas. Para obter mais garantias sobre os padr\u00f5es de qualidade e a conformidade com os acordos, contrate uma empresa externa independente para realizar inspe\u00e7\u00f5es de materiais e m\u00e3o de obra.<\/p>\n\n\n\n<h3 class=\"wp-block-heading\">V. Otimiza\u00e7\u00e3o de custos<\/h3>\n\n\n\n<p>O fator custo precisa ser considerado, embora as solu\u00e7\u00f5es baratas geralmente se mostrem mais caras em per\u00edodos prolongados.<\/p>\n\n\n\n<p>Estabele\u00e7a um acordo com os fornecedores sobre os n\u00edveis de complexidade do molde, juntamente com o volume de produ\u00e7\u00e3o e as condi\u00e7\u00f5es de pagamento. Pesquise as cota\u00e7\u00f5es de pre\u00e7os iniciais para determinar as despesas totais de propriedade resultantes de retrabalho e reclama\u00e7\u00f5es de garantia causadas por problemas de qualidade. Nossa declara\u00e7\u00e3o anterior enfatizou que a otimiza\u00e7\u00e3o do projeto do molde para fins de fabrica\u00e7\u00e3o leva a redu\u00e7\u00f5es substanciais nos custos de produ\u00e7\u00e3o. Um molde com caracter\u00edsticas de projeto ideais, incluindo canais de resfriamento adequados, desperd\u00edcio m\u00ednimo e recursos de libera\u00e7\u00e3o autom\u00e1tica de pe\u00e7as, reduzir\u00e1 o tempo de ciclo e o custo de cada unidade produzida. Condi\u00e7\u00f5es de pagamento e mitiga\u00e7\u00e3o de riscos.<\/p>\n\n\n\n<p>Os pagamentos devem seguir as realiza\u00e7\u00f5es de marcos de produ\u00e7\u00e3o predefinidos. Uma combina\u00e7\u00e3o de servi\u00e7o de cust\u00f3dia e contratos oficiais com garantia de qualidade, cl\u00e1usulas de resolu\u00e7\u00e3o de disputas e cl\u00e1usulas de garantia protege ambas as partes.<\/p>\n\n\n\n<h3 class=\"wp-block-heading\">VII. Conclus\u00e3o<\/h3>\n\n\n\n<p>O processo de compra de moldes de inje\u00e7\u00e3o para autom\u00f3veis na China se torna simples. O processo de controle de qualidade, juntamente com as atividades de comunica\u00e7\u00e3o colaborativa, garante a produ\u00e7\u00e3o segura de moldes para a fabrica\u00e7\u00e3o de componentes.<\/p>\n\n\n\n<figure class=\"wp-block-image aligncenter\"><img loading=\"lazy\" decoding=\"async\" width=\"2448\" height=\"2448\" src=\"https:\/\/myplasticmold.com\/wp-content\/uploads\/2020\/04\/IMG_20150724_124910_ll4y0h.jpg\" alt=\"MOLDE DE INJE\u00c7\u00c3O AUTOMOTIVA\" class=\"wp-image-5131\" srcset=\"https:\/\/myplasticmold.com\/wp-content\/uploads\/2020\/04\/IMG_20150724_124910_ll4y0h.jpg 2448w, https:\/\/myplasticmold.com\/wp-content\/uploads\/2020\/04\/IMG_20150724_124910_ll4y0h-300x300.jpg 300w, https:\/\/myplasticmold.com\/wp-content\/uploads\/2020\/04\/IMG_20150724_124910_ll4y0h-1024x1024.jpg 1024w, https:\/\/myplasticmold.com\/wp-content\/uploads\/2020\/04\/IMG_20150724_124910_ll4y0h-150x150.jpg 150w, https:\/\/myplasticmold.com\/wp-content\/uploads\/2020\/04\/IMG_20150724_124910_ll4y0h-768x768.jpg 768w, https:\/\/myplasticmold.com\/wp-content\/uploads\/2020\/04\/IMG_20150724_124910_ll4y0h-1536x1536.jpg 1536w, https:\/\/myplasticmold.com\/wp-content\/uploads\/2020\/04\/IMG_20150724_124910_ll4y0h-2048x2048.jpg 2048w\" sizes=\"auto, (max-width: 2448px) 100vw, 2448px\" \/><\/figure>","protected":false},"excerpt":{"rendered":"<p>Premium Automotive Injection Mold Solutions We would like to welcome you to Topworks, We are a pioneer manufacturer in the injection mould for automotive business.&nbsp;As a company committed to quality, we provide unbeatable combination of 15+ yrs knowledge, advanced manufacturing capabilities, on-time delivery, durable molds and technical support to satisfy your automobile plastic mold requirements. [&hellip;]<\/p>\n","protected":false},"author":3,"featured_media":0,"parent":0,"menu_order":0,"comment_status":"open","ping_status":"open","template":"","meta":{"footnotes":""},"class_list":["post-138","page","type-page","status-publish","hentry"],"blocksy_meta":{"styles_descriptor":{"styles":{"desktop":"","tablet":"","mobile":""},"google_fonts":[],"version":6}},"_links":{"self":[{"href":"https:\/\/myplasticmold.com\/pt\/wp-json\/wp\/v2\/pages\/138","targetHints":{"allow":["GET"]}}],"collection":[{"href":"https:\/\/myplasticmold.com\/pt\/wp-json\/wp\/v2\/pages"}],"about":[{"href":"https:\/\/myplasticmold.com\/pt\/wp-json\/wp\/v2\/types\/page"}],"author":[{"embeddable":true,"href":"https:\/\/myplasticmold.com\/pt\/wp-json\/wp\/v2\/users\/3"}],"replies":[{"embeddable":true,"href":"https:\/\/myplasticmold.com\/pt\/wp-json\/wp\/v2\/comments?post=138"}],"version-history":[{"count":0,"href":"https:\/\/myplasticmold.com\/pt\/wp-json\/wp\/v2\/pages\/138\/revisions"}],"wp:attachment":[{"href":"https:\/\/myplasticmold.com\/pt\/wp-json\/wp\/v2\/media?parent=138"}],"curies":[{"name":"wp","href":"https:\/\/api.w.org\/{rel}","templated":true}]}}