{"id":6684,"date":"2018-01-01T21:57:00","date_gmt":"2018-01-01T13:57:00","guid":{"rendered":"https:\/\/myplasticmold.com\/?page_id=6684"},"modified":"2022-05-03T20:46:23","modified_gmt":"2022-05-03T12:46:23","slug":"fornitore-di-stampi-in-plastica-in-cina","status":"publish","type":"page","link":"https:\/\/myplasticmold.com\/it\/fornitore-di-stampi-in-plastica-in-cina","title":{"rendered":"Come selezionare un fornitore di stampi in plastica in Cina"},"content":{"rendered":"<p>Prima di iniziare il processo di produzione, \u00e8 fondamentale fare la scelta giusta quando si tratta del fornitore di prodotti per lo stampaggio a iniezione. Invece di optare per la scelta pi\u00f9 economica, si dovrebbe scegliere uno stampatore in grado di offrire un'esperienza preziosa. L'industria degli stampi in plastica in Cina ha visto un grande sviluppo negli ultimi anni e molti acquirenti decidono di acquistare stampi in plastica direttamente dai fornitori di stampi in plastica in Cina.&nbsp;<\/p>\n\n\n\n<p>Se il vostro reparto di produzione non ha molta esperienza con lo stampaggio o la progettazione dei pezzi, \u00e8 una buona idea chiedere un secondo parere prima di avviare la produzione. Dopotutto, \u00e8 pi\u00f9 economico e facile correggere eventuali errori in questa fase, piuttosto che pi\u00f9 avanti nel tempo.<\/p>\n\n\n\n<figure class=\"wp-block-image\"><img loading=\"lazy\" decoding=\"async\" width=\"960\" height=\"400\" src=\"https:\/\/myplasticmold.com\/wp-content\/uploads\/2020\/04\/4712_large9-960x467_gqpjnr-960x400-1_v6ru0o-2.jpg\" alt=\"Venditore di stampi in Cina\" class=\"wp-image-6686\" srcset=\"https:\/\/myplasticmold.com\/wp-content\/uploads\/2020\/04\/4712_large9-960x467_gqpjnr-960x400-1_v6ru0o-2.jpg 960w, https:\/\/myplasticmold.com\/wp-content\/uploads\/2020\/04\/4712_large9-960x467_gqpjnr-960x400-1_v6ru0o-2-300x125.jpg 300w, https:\/\/myplasticmold.com\/wp-content\/uploads\/2020\/04\/4712_large9-960x467_gqpjnr-960x400-1_v6ru0o-2-768x320.jpg 768w\" sizes=\"auto, (max-width: 960px) 100vw, 960px\" \/><\/figure>\n\n\n\n<p>Se avete bisogno di molti pezzi con il fornitore cinese, allora potrebbe essere meglio collaborare con <a href=\"https:\/\/myplasticmold.com\/it\/fornitore-di-stampi-in-plastica-in-cina\">un fornitore esperto di stampi personalizzati in Cina<\/a>e chiedere loro di rodare lo stampo e di stabilire il ciclo dei pezzi per conto vostro, prima di portare le cose all'interno dell'azienda. Se si sceglie questa strada, per\u00f2, \u00e8 bene assicurarsi di aver chiarito in anticipo con lo stampatore cinese che questa \u00e8 la propria intenzione.<\/p>\n\n\n\n<p>Se necessario, aggiungete un po' di denaro al prezzo del pezzo per compensare la loro esperienza e le loro capacit\u00e0. Potreste decidere di continuare a fornirvi il pezzo, a un prezzo maggiorato, quando vi dimostreranno di essere in grado di fornire risultati ottimali prima del previsto.<\/p>\n\n\n\n<h2 class=\"wp-block-heading\">Indagine sui fornitori di stampi in plastica in Cina<\/h2>\n\n\n\n<p>La scelta del giusto stampatore \u00e8 fondamentale per il successo di qualsiasi nuovo programma. <a href=\"https:\/\/www.plasticmoulds.net\/plastic-mold-offer-from-china.html\" target=\"_blank\" rel=\"noopener\">Un esperto stampatore di Cina<\/a> saranno in grado di apportare conoscenze essenziali, per aiutare il vostro dipartimento di ingegneria <a href=\"https:\/\/www.plasticmoulds.net\/design\" target=\"_blank\" rel=\"noopener\">design<\/a> e produrre i prodotti in plastica pi\u00f9 adatti al vostro budget.<\/p>\n\n\n\n<figure class=\"wp-block-image\"><img loading=\"lazy\" decoding=\"async\" width=\"960\" height=\"400\" src=\"https:\/\/myplasticmold.com\/wp-content\/uploads\/2020\/04\/4714_injection-molding-1-960x400-1-1_nl9pwd-2.jpg\" alt=\"Cina stampaggio ad iniezione\" class=\"wp-image-6693\" srcset=\"https:\/\/myplasticmold.com\/wp-content\/uploads\/2020\/04\/4714_injection-molding-1-960x400-1-1_nl9pwd-2.jpg 960w, https:\/\/myplasticmold.com\/wp-content\/uploads\/2020\/04\/4714_injection-molding-1-960x400-1-1_nl9pwd-2-300x125.jpg 300w, https:\/\/myplasticmold.com\/wp-content\/uploads\/2020\/04\/4714_injection-molding-1-960x400-1-1_nl9pwd-2-768x320.jpg 768w\" sizes=\"auto, (max-width: 960px) 100vw, 960px\" \/><\/figure>\n\n\n\n<p>Dovrete analizzare attentamente tutti i fornitori esterni per verificare che abbiano le conoscenze, le capacit\u00e0 e l'esperienza necessarie per la produzione di prodotti stampati a iniezione nel materiale richiesto.<\/p>\n\n\n\n<p> Se lo stampatore scelto non ha esperienza con i vostri materiali, potreste incorrere in problemi, come il degrado del materiale, che lo stampatore non sar\u00e0 in grado di individuare. L'esperienza \u00e8 fondamentale soprattutto per i prodotti strutturali e per quelli con aree visibili.<\/p>\n\n\n\n<p>Durante la produzione, le superfici lucide e quelle che saranno successivamente decorate devono essere protette con cura per evitare che vengano contaminate. La contaminazione pu\u00f2 essere causata in molti modi, tra cui la cattiva manipolazione del prodotto, le ventole che soffiano la polvere sul prodotto e il tipo di distaccante utilizzato, poich\u00e9 i movimenti d'aria potrebbero trasportare i contaminanti sulla superficie del pezzo. Questi sono solo alcuni degli elementi che devono essere presi in considerazione.<\/p>\n\n\n\n<p>Se possibile, parlate con i clienti precedenti e ottenete delle referenze, e fate anche un controllo della struttura per verificare la qualit\u00e0 del lavoro svolto. Inoltre, \u00e8 bene sapere se lo stampatore \u00e8 in grado di aiutarvi anche nella progettazione dei pezzi e degli stampi. <a href=\"https:\/\/myplasticmold.com\/plastic-mold-4\/\">Scelta di uno stampatore di porcellana personalizzato<\/a> \u00e8 importante quanto l'assunzione di un nuovo partner commerciale, poich\u00e9 sar\u00e0 una parte essenziale della vostra attivit\u00e0.<\/p>\n\n\n\n<p>Verificando ogni fornitore, potrete disporre di informazioni sufficienti per scegliere il miglior stampatore personalizzato che rientri nel vostro budget. Il modo pi\u00f9 semplice per ottenere informazioni \u00e8 far parlare il team di auditing direttamente con il fornitore. In questo modo, capirete come lavora lo stampatore e come condivider\u00e0 le sue conoscenze per aiutarvi nel processo di produzione.<\/p>\n\n\n\n<figure class=\"wp-block-video\"><video controls src=\"https:\/\/res.cloudinary.com\/dflkco4ig\/video\/upload\/q_88\/v1506037148\/topworks_mold_small_ekbqlv.mp4\"><\/video><\/figure>\n\n\n\n<p>Assicuratevi di ottenere preventivi da pi\u00f9 stampatori personalizzati e confrontate le informazioni per fare una scelta informata. I risultati delle verifiche dovrebbero essere praticamente identici per il prodotto e la progettazione dello stampo, anche se \u00e8 probabile che si verifichino variazioni dovute alle conoscenze e all'esperienza degli stampatori.<\/p>\n\n\n\n<p>Una volta assegnato il contratto allo stampatore scelto, dovrete stipulare vari accordi legali. Questi includono il prezzo del prodotto, il programma di consegna, le procedure da utilizzare e le modalit\u00e0 di risoluzione di eventuali disaccordi. Discutetene con il vostro team e scegliete gli elementi necessari per il vostro contratto e i requisiti specifici.<\/p>","protected":false},"excerpt":{"rendered":"<p>Before the production process begin, it is vital that you make the right choice when it comes to your injection molding product supplier. Instead of just opting for the cheapest choice, you should instead choose a molder who can offer invaluable experience.China plastic mold industry has seen a great development in recent years and&nbsp; many [&hellip;]<\/p>\n","protected":false},"author":3,"featured_media":0,"parent":0,"menu_order":0,"comment_status":"closed","ping_status":"closed","template":"","meta":{"footnotes":""},"class_list":["post-6684","page","type-page","status-publish","hentry"],"blocksy_meta":{"styles_descriptor":{"styles":{"desktop":"[data-prefix=\"single_page\"] .entry-header .page-title {--theme-font-size:30px;} [data-prefix=\"single_page\"] .entry-header .entry-meta {--theme-font-weight:600;--theme-text-transform:uppercase;--theme-font-size:12px;--theme-line-height:1.3;} [data-prefix=\"single_page\"] .hero-section[data-type=\"type-1\"] {--margin-bottom:40;}","tablet":"","mobile":""},"google_fonts":[],"version":6},"page_title_panel":"","has_hero_section":"enabled","7382c47839fcc42e1f4a8006970588da":"","hero_section":"type-1","hero_elements":[{"id":"custom_title","enabled":true,"heading_tag":"h1","title":"Casa","__id":"iKIAjL4mz__efS6g6BfPK"},{"id":"custom_description","enabled":false,"description_visibility":{"desktop":true,"tablet":true,"mobile":false},"__id":"CoRiVvWZ_mhZYkX7uwGs-"},{"id":"custom_meta","enabled":false,"meta_elements":[{"id":"author","enabled":true,"label":"By","has_author_avatar":"yes","avatar_size":25},{"id":"post_date","enabled":true,"label":"On","date_format_source":"default","date_format":"M j, Y"},{"id":"updated_date","enabled":false,"label":"On","date_format_source":"default","date_format":"M j, Y"},{"id":"categories","enabled":false,"label":"In","style":"simple"},{"id":"comments","enabled":true}],"page_meta_elements":{"joined":true,"articles_count":true,"comments":true},"__id":"vGgrXdY7tq31PXWBsJUFa"},{"id":"breadcrumbs","enabled":false,"__id":"vtEZ80fbexSL4-C9-wxyV"}],"53347352185d5b7d7dcb2c1ba8dd4ecb":"","hero_alignment1":"CT_CSS_SKIP_RULE","hero_margin":40,"hero_alignment2":"center","hero_vertical_alignment":"center","ee9e24a34a5ba676e54a512d3e8058d5":"","hero_structure":"narrow","912ab2025d527ba2bb7febe37ad971e9":"","page_title_bg_type":"featured_image","custom_hero_background":{"attachment_id":null},"page_title_image_size":"full","parallax":{"desktop":false,"tablet":false,"mobile":false},"027e3e40bad5c080a28102ae3b5eb4c8":"","hero_height":"250px","pageTitleFont":{"family":"Default","variation":"Default","size":"30px","line-height":"CT_CSS_SKIP_RULE","letter-spacing":"CT_CSS_SKIP_RULE","text-transform":"CT_CSS_SKIP_RULE","text-decoration":"CT_CSS_SKIP_RULE"},"pageTitleFontColor":{"default":{"color":"CT_CSS_SKIP_RULEDEFAULT"}},"pageMetaFont":{"family":"Default","variation":"n6","size":"12px","line-height":"1.3","letter-spacing":"CT_CSS_SKIP_RULE","text-transform":"uppercase","text-decoration":"CT_CSS_SKIP_RULE"},"pageMetaFontColor":{"default":{"color":"CT_CSS_SKIP_RULEDEFAULT"},"hover":{"color":"CT_CSS_SKIP_RULEDEFAULT"}},"page_meta_button_type_font_colors":{"default":{"color":"CT_CSS_SKIP_RULEDEFAULT"},"hover":{"color":"CT_CSS_SKIP_RULEDEFAULT"}},"page_meta_button_type_background_colors":{"default":{"color":"CT_CSS_SKIP_RULEDEFAULT"},"hover":{"color":"CT_CSS_SKIP_RULEDEFAULT"}},"pageExcerptFont":{"family":"Default","variation":"Default","size":"CT_CSS_SKIP_RULE","line-height":"CT_CSS_SKIP_RULE","letter-spacing":"CT_CSS_SKIP_RULE","text-transform":"CT_CSS_SKIP_RULE","text-decoration":"CT_CSS_SKIP_RULE"},"pageExcerptColor":{"default":{"color":"CT_CSS_SKIP_RULEDEFAULT"}},"breadcrumbsFont":{"family":"Default","variation":"Default","size":"CT_CSS_SKIP_RULE","line-height":"CT_CSS_SKIP_RULE","letter-spacing":"CT_CSS_SKIP_RULE","text-transform":"CT_CSS_SKIP_RULE","text-decoration":"CT_CSS_SKIP_RULE"},"breadcrumbsFontColor":{"default":{"color":"CT_CSS_SKIP_RULEDEFAULT"},"initial":{"color":"CT_CSS_SKIP_RULEDEFAULT"},"hover":{"color":"CT_CSS_SKIP_RULEDEFAULT"}},"pageTitleOverlay":{"background_type":"color","background_pattern":"type-1","background_image":{"attachment_id":null,"x":0,"y":0},"gradient":"linear-gradient(135deg,rgba(6,147,227,1) 0%,rgb(155,81,224) 100%)","background_repeat":"repeat","background_size":"auto","background_attachment":"scroll","patternColor":{"default":{"color":"#e5e7ea"}},"overlayColor":{"default":{"color":"CT_CSS_SKIP_RULE"}},"backgroundColor":{"default":{"color":"CT_CSS_SKIP_RULE"}}},"pageTitleBackground":{"background_type":"color","background_pattern":"type-1","background_image":{"attachment_id":null,"x":0,"y":0},"gradient":"linear-gradient(135deg,rgba(6,147,227,1) 0%,rgb(155,81,224) 100%)","background_repeat":"repeat","background_size":"auto","background_attachment":"scroll","patternColor":{"default":{"color":"#e5e7ea"}},"overlayColor":{"default":{"color":"CT_CSS_SKIP_RULE"}},"backgroundColor":{"default":{"color":"var(--theme-palette-color-6)"}}},"pageTitlePadding":{"top":"50px","bottom":"50px","left":"auto","right":"auto","linked":true},"1a4447ea37b7ad2455e3f697acb4339c":"","page_structure_type":"default","d690824273613b1b554e660bd8393aee":"","content_style_source":"inherit","content_style":"wide","vertical_spacing_source":"inherit","content_area_spacing":"both","background":{"background_type":"color","background_pattern":"type-1","background_image":{"attachment_id":null,"x":0,"y":0},"gradient":"linear-gradient(135deg,rgba(6,147,227,1) 0%,rgb(155,81,224) 100%)","background_repeat":"repeat","background_size":"auto","background_attachment":"scroll","patternColor":{"default":{"color":"#e5e7ea"}},"overlayColor":{"default":{"color":"CT_CSS_SKIP_RULE"}},"backgroundColor":{"default":{"color":"CT_CSS_SKIP_RULE"}}},"content_background":{"background_type":"color","background_pattern":"type-1","background_image":{"attachment_id":null,"x":0,"y":0},"gradient":"linear-gradient(135deg,rgba(6,147,227,1) 0%,rgb(155,81,224) 100%)","background_repeat":"repeat","background_size":"auto","background_attachment":"scroll","patternColor":{"default":{"color":"#e5e7ea"}},"overlayColor":{"default":{"color":"CT_CSS_SKIP_RULE"}},"backgroundColor":{"default":{"color":"var(--theme-palette-color-8)"}}},"content_boxed_shadow":{"inherit":false,"blur":18,"spread":-6,"v_offset":12,"h_offset":0,"inset":false,"enable":true,"color":{"color":"rgba(34, 56, 101, 0.04)"}},"boxed_content_spacing":{"desktop":{"top":"40px","bottom":"40px","left":"40px","right":"40px","linked":true},"tablet":{"top":"35px","bottom":"35px","left":"35px","right":"35px","linked":true},"mobile":{"top":"20px","bottom":"20px","left":"20px","right":"20px","linked":true}},"content_boxed_radius":{"top":"3px","bottom":"3px","left":"3px","right":"3px","linked":true},"325e59e04ba768b8f15d14f028009e62":"","disable_featured_image":"no","disable_share_box":"no","disable_header":"no","disable_footer":"no","26bd3d08c608fe1fffc1baf5ee3b5d94":"","4da3053edc57e6f193c4067fa9b5a7d4":"","2cdc7cf0d37a314edcddb1f462bb9d56":"","72a7501f2e0eed1f2a371940d2b521fc":"","ba2f4f3d45cad6d0bbef180e79ce964a":"","bc99ea4b0bfb0fa2131f7d1493b41d6f":"","d775ac2803f8222d90d5bd2ed6dc6532":"","1151e894ca60a165ed6faf39ca91dda8":""},"_links":{"self":[{"href":"https:\/\/myplasticmold.com\/it\/wp-json\/wp\/v2\/pages\/6684","targetHints":{"allow":["GET"]}}],"collection":[{"href":"https:\/\/myplasticmold.com\/it\/wp-json\/wp\/v2\/pages"}],"about":[{"href":"https:\/\/myplasticmold.com\/it\/wp-json\/wp\/v2\/types\/page"}],"author":[{"embeddable":true,"href":"https:\/\/myplasticmold.com\/it\/wp-json\/wp\/v2\/users\/3"}],"replies":[{"embeddable":true,"href":"https:\/\/myplasticmold.com\/it\/wp-json\/wp\/v2\/comments?post=6684"}],"version-history":[{"count":0,"href":"https:\/\/myplasticmold.com\/it\/wp-json\/wp\/v2\/pages\/6684\/revisions"}],"wp:attachment":[{"href":"https:\/\/myplasticmold.com\/it\/wp-json\/wp\/v2\/media?parent=6684"}],"curies":[{"name":"wp","href":"https:\/\/api.w.org\/{rel}","templated":true}]}}