{"id":6403,"date":"2017-06-23T10:01:04","date_gmt":"2017-06-23T02:01:04","guid":{"rendered":"https:\/\/myplasticmold.com\/?page_id=6403"},"modified":"2024-08-26T10:03:54","modified_gmt":"2024-08-26T02:03:54","slug":"produttore-di-stampi-per-posate-in-plastica","status":"publish","type":"page","link":"https:\/\/myplasticmold.com\/it\/produttore-di-stampi-per-posate-in-plastica","title":{"rendered":"Cina Plastica posate Maker | Plastica cucchiaio stampo, forcella stampo, coltello stampo"},"content":{"rendered":"<div class=\"wp-block-cover alignfull has-custom-content-position is-position-bottom-center\"><span aria-hidden=\"true\" class=\"wp-block-cover__background has-background-dim\"><\/span><img loading=\"lazy\" decoding=\"async\" width=\"785\" height=\"413\" class=\"wp-block-cover__image-background wp-image-10504\" alt=\"\" src=\"https:\/\/myplasticmold.com\/wp-content\/uploads\/2020\/04\/N_O4_WWLCS_EBS8DZT_HC.png\" data-object-fit=\"cover\" srcset=\"https:\/\/myplasticmold.com\/wp-content\/uploads\/2020\/04\/N_O4_WWLCS_EBS8DZT_HC.png 785w, https:\/\/myplasticmold.com\/wp-content\/uploads\/2020\/04\/N_O4_WWLCS_EBS8DZT_HC-300x158.png 300w, https:\/\/myplasticmold.com\/wp-content\/uploads\/2020\/04\/N_O4_WWLCS_EBS8DZT_HC-768x404.png 768w\" sizes=\"auto, (max-width: 785px) 100vw, 785px\" \/><div class=\"wp-block-cover__inner-container is-layout-flow wp-block-cover-is-layout-flow\">\n<h2 class=\"wp-block-heading has-text-align-center has-palette-color-8-color has-text-color\">Creatore di stampi per posate in plastica<\/h2>\n<\/div><\/div>\n\n\n\n<p><a href=\"https:\/\/myplasticmold.com\/it\/produttore-di-stampi-per-posate-in-plastica\">Cina Plastica posate Maker<\/a><\/p>\n\n\n\n<div class=\"wp-block-qubely-row qubely-section qubely-block-c94d28\"><div class=\"qubely-row-overlay\"><\/div><div class=\"qubely-container\"><div class=\"qubely-row\">\n<div class=\"wp-block-qubely-column qubely-column qubely-column-front qubely-block-0e5b3e\"><div class=\"qubely-column-inner\">\n<h1 class=\"wp-block-heading\">Azienda cinese di stampi per posate<\/h1>\n\n\n\n<p>Vi invitiamo ad unirvi all'avanguardia della produzione di mobili unendovi agli esperti della China Cutlery Mould Company! Siamo appassionati di ci\u00f2 che facciamo e abbiamo trascorso molti anni a perfezionare le nostre conoscenze in materia di produzione e progettazione di stampi per posate. Non ci limitiamo a produrre stampi, ma realizziamo soluzioni che soddisfano le vostre esigenze.<\/p>\n\n\n\n<h3 class=\"wp-block-heading\">Alta capacit\u00e0 produttiva<\/h3>\n\n\n\n<p>Nell'attuale mondo della velocit\u00e0, \u00e8 evidente l'importanza del tempo. La nostra capacit\u00e0 produttiva \u00e8 di altissimo livello! Utilizzando le nostre attrezzature di punta e i nostri processi efficaci, produciamo rapidamente stampi di alta qualit\u00e0 per posate. La nostra promessa \u00e8 quella di darvi esattamente quello che volete, esattamente quando lo volete.<\/p>\n\n\n\n<h4 class=\"wp-block-heading\">Caratteristiche principali:<\/h4>\n\n\n\n<ul class=\"wp-block-list\">\n<li><strong>Processi efficienti:<\/strong> I nostri metodi snelli garantiscono tempi di consegna rapidi senza compromettere la qualit\u00e0.<\/li>\n\n\n\n<li><strong>Apparecchiature avanzate:<\/strong> Investiamo nelle pi\u00f9 recenti tecnologie per migliorare l'efficienza produttiva.<\/li>\n\n\n\n<li><strong>Garanzia di qualit\u00e0:<\/strong> Rigorosi processi di collaudo garantiscono la durata e l'affidabilit\u00e0 dei nostri stampi.<\/li>\n<\/ul>\n\n\n\n<h3 class=\"wp-block-heading\">Consegna rapida<\/h3>\n\n\n\n<p>Alla China Cutlery Mould Company rispettiamo il vostro tempo. La promessa di spedizioni rapide significa che potete contare su di noi per rispettare le scadenze pi\u00f9 strette. Grazie al nostro piano logistico estremamente efficiente, il vostro pacco viene consegnato in tempo, indipendentemente dalla distanza che l'ordine deve percorrere.<\/p>\n\n\n\n<h3 class=\"wp-block-heading\">Vantaggi della consegna:<\/h3>\n\n\n\n<ul class=\"wp-block-list\">\n<li><strong>Spedizione tempestiva:<\/strong> Diamo priorit\u00e0 alla consegna rapida per soddisfare i vostri programmi di produzione.<\/li>\n\n\n\n<li><strong>Logistica affidabile:<\/strong> Il nostro team logistico garantisce che ogni spedizione sia tracciata e gestita in modo efficace.<\/li>\n\n\n\n<li><strong>Portata globale:<\/strong> Non importa dove vi troviate, possiamo consegnare i vostri ordini in modo efficiente.<\/li>\n<\/ul>\n\n\n\n<h3 class=\"wp-block-heading\">Forte durata dello stampo<\/h3>\n\n\n\n<p>Per i mobili, la qualit\u00e0 \u00e8 fondamentale. Gli stampi che realizziamo sono progettati per durare nel tempo, utilizzando materiali di alta qualit\u00e0 e i metodi pi\u00f9 avanzati. Riceverete stampi per posate in grado di resistere alle esigenze della produzione e di fornire ogni volta risultati impeccabili.<\/p>\n\n\n\n<h4 class=\"wp-block-heading\">Caratteristiche di durata:<\/h4>\n\n\n\n<ul class=\"wp-block-list\">\n<li><strong>Materiali robusti:<\/strong> Selezioniamo solo materiali di alta qualit\u00e0 per garantire una lunga durata.<\/li>\n\n\n\n<li><strong>Design innovativo:<\/strong> I nostri stampi sono progettati per funzionare sotto pressione e con volumi elevati.<\/li>\n\n\n\n<li><strong>Prestazioni costanti:<\/strong> Aspettatevi risultati affidabili ad ogni produzione.<\/li>\n<\/ul>\n\n\n\n<h3 class=\"wp-block-heading\">Assistenza tecnica impareggiabile<\/h3>\n\n\n\n<p>Non ci fermiamo alla semplice vendita di stampi per posate. Siamo al vostro fianco in ogni fase del processo con un'assistenza tecnica di prim'ordine. Il nostro team di esperti \u00e8 a vostra disposizione per assistervi in qualsiasi richiesta o problema per garantire che la vostra produzione proceda senza intoppi.<\/p>\n\n\n\n<h4 class=\"wp-block-heading\">Servizi di supporto:<\/h4>\n\n\n\n<ul class=\"wp-block-list\">\n<li><strong>Guida esperta:<\/strong> Il nostro team di esperti \u00e8 pronto a fornire assistenza in caso di necessit\u00e0.<\/li>\n\n\n\n<li><strong>Risoluzione del problema:<\/strong> Affrontiamo tempestivamente qualsiasi problema per ridurre al minimo i tempi di inattivit\u00e0.<\/li>\n\n\n\n<li><strong>Assistenza continua:<\/strong> Il nostro impegno nei vostri confronti continua anche dopo la vendita.<\/li>\n<\/ul>\n\n\n\n<p>Allora, perch\u00e9 dovreste scegliere China Cutlery Mould Company per le vostre esigenze di posate? Offriamo prestazioni di qualit\u00e0, efficienza e servizi eccellenti per aiutarvi a trasformare le vostre idee in realt\u00e0. Contattateci subito per saperne di pi\u00f9 sulle nostre offerte e scoprire come possiamo aiutare la vostra azienda!\n\"`<\/p>\n<\/div><\/div>\n<\/div><\/div><\/div>\n\n\n\n<div class=\"wp-block-qubely-button qubely-block-459b89\" data-qubelyanimation=\"{&quot;animation&quot;:&quot;bounce&quot;,&quot;name&quot;:&quot;bounceCenter&quot;,&quot;repeat&quot;:&quot;once&quot;,&quot;direction&quot;:&quot;Center&quot;,&quot;duration&quot;:1000,&quot;delay&quot;:0,&quot;curve&quot;:&quot;ease-in-out&quot;,&quot;openAnimation&quot;:1}\"><div class=\"qubely-block-btn-wrapper\"><div class=\"qubely-block-btn\"><a class=\"qubely-block-btn-anchor is-large\" href=\"#\"><i class=\"qubely-btn-icon fas fa-hand-point-right\"><\/i><strong><span data-fontsize=\"22\" style=\"font-size: 22px;\" class=\"qubely-custom-font\">OTTENERE UN PREVENTIVO GRATUITO, PREZZO 30% PI\u00d9 BASSO E CONSEGNA 10 GIORNI MENO<\/span><\/strong><\/a><\/div><\/div><\/div>\n\n\n\n<h2 class=\"wp-block-heading\">Posizionamento e progettazione della porta dello stampo per posate in plastica<\/h2>\n\n\n\n<p>La posizione della porta \u00e8 importante per il modo in cui il polimero fluisce nell'impronta dello stampo. Nella scelta della posizione del cancello si devono prendere in considerazione altri fattori, tra cui:<\/p>\n\n\n\n<ul class=\"wp-block-list\">\n<li><strong>considerazioni estetiche della modanatura;<\/strong><\/li>\n\n\n\n<li><strong>requisiti di degrado dello stampo;<\/strong><\/li>\n\n\n\n<li><strong>complessit\u00e0 progettuale dello stampo;<\/strong><\/li>\n\n\n\n<li><strong>requisiti di temperatura dello stampo;<\/strong><\/li>\n\n\n\n<li><strong>natura del polimero da lavorare;<\/strong><\/li>\n\n\n\n<li><strong>volume del polimero da alimentare attraverso la porta e la velocit\u00e0 di alimentazione;<\/strong><\/li>\n\n\n\n<li><strong>significato e posizione delle linee di saldatura prodotte;<\/strong><\/li>\n\n\n\n<li><strong>i possibili luoghi e gli effetti dell'intrappolamento di gas creato come risultato del profilo di riempimento.<\/strong><\/li>\n<\/ul>\n\n\n\n<p>Dopo aver considerato tutti i punti precedenti, \u00e8 evidente che il posizionamento della porta deve essere determinato relativamente presto e prima dell'inizio della progettazione. Se il componente forchette, cucchiaio e coltello deve essere alimentato in modo convenzionale, cio\u00e8 senza canale caldo, le opzioni di posizionamento della porta sono ulteriormente limitate a causa delle limitazioni del design dello stampo a due piastre. Le limitazioni sono dovute alla necessit\u00e0 di effettuare la chiusura su un unico piano intorno alla linea di divisione dello stampo. Quando si devono affrontare requisiti di chiusura che esulano dalla progettazione a due piastre, il progettista dello stampo pu\u00f2 scegliere tra i formati di progettazione a tre piastre o senza canale per ottenere la posizione desiderata della porta.<\/p>\n\n\n\n<figure class=\"wp-block-image aligncenter\"><img loading=\"lazy\" decoding=\"async\" width=\"600\" height=\"338\" src=\"https:\/\/myplasticmold.com\/wp-content\/uploads\/2020\/04\/12_xrx4z9.jpg\" alt=\"Produttore di stampi per posate in Cina\" class=\"wp-image-6410\" srcset=\"https:\/\/myplasticmold.com\/wp-content\/uploads\/2020\/04\/12_xrx4z9.jpg 600w, https:\/\/myplasticmold.com\/wp-content\/uploads\/2020\/04\/12_xrx4z9-300x169.jpg 300w\" sizes=\"auto, (max-width: 600px) 100vw, 600px\" \/><\/figure>\n\n\n\n<div class=\"wp-block-qubely-row alignfull qubely-section qubely-block-037d9d\" data-qubelyanimation=\"{&quot;animation&quot;:&quot;bounce&quot;,&quot;name&quot;:&quot;bounceCenter&quot;,&quot;repeat&quot;:&quot;once&quot;,&quot;direction&quot;:&quot;Center&quot;,&quot;duration&quot;:1000,&quot;delay&quot;:0,&quot;curve&quot;:&quot;ease-in-out&quot;,&quot;openAnimation&quot;:1}\"><div class=\"qubely-shape-divider qubely-top-shape\"><svg xmlns=\"http:\/\/www.w3.org\/2000\/svg\" viewbox=\"0 0 1000 80\" preserveaspectratio=\"none\">\n    <path d=\"M0,0V71.07l.22.05c2.83,1,7.45-4.57,7.45-4.57s13.36,6.34,14.9,6.6S30,76.45,30,76.45L36.7,71.5s5.4,6,8,4.95,16.19-8.88,17.73-3.55S64.2,80,65,80s5.4-5.59,6.42-5.59,11,2.79,11.82,2.79,7.71-5.84,9.25-6.6,18.24.51,22.1,2.66,14.13.13,19.79,0,25.18,1.9,25.18,1.9l8.48-1.9s0-5.46,1.8-5.2,9.25.51,9.25.51L180.34,65s20.81,2,22.1,2,2.31-3.81,4.37-3.81,14.13,3.81,15.42,3.81,9.25-3.55,11.56-3.81,8.48,5.08,10.28,5.58,55-6.6,55-6.6-.26-5.33,4.88-3.55,15.16,1.27,19.53,2,3.34,6.34,7.71,2.54,5.65-7.36,8.22-6.09,10.28,2.28,11,2.28,4.37-8.12,7.19-6.6,21.59,12.5,30.06,13.48,13.1-10.44,13.1-10.44l13.1,2.54s7.71,10.15,16.19,11.17,11,6.34,19.27,3.55,17.73-9.39,20-8.38,17.47-6.6,18.24-6.85,8.74.76,16.44.25,9.51-5.52,9.51-5.52,25.69-1.08,28.78,1.21,3.6,4.31,6.68,4.31,12.33-5.84,22.35-3.55,26,6.34,27.49,7.11,10.28-5.58,10.28-5.58,5.14,4.57,6.42,5.84,6.17.76,9.25,0,3.85-9.14,10-5.08,20.3-5.08,25.44,1S667,64,667,64s6.68-11.42,14.39-9.9S710.16,66.2,710.16,66.2l6.42-5.49,27.24-1.27s-1.28-7.11,6.17-5.33,10-.89,11-1.71,5.14-3.49,9,0,25.44,8.31,32.89,8.31,15.93-6.35,22.61-4.57,13.36-1.52,14.39-2-.77-4.65,6.42-3.47,19-.76,20.58-.25,6.17-.76,11.31-1.78,6.34-11.63,12.25-4.27,8.68,5.28,11.51,6.74,7.45,1.33,9.25,0-1.54-7.93,7.19-5.39,4.17,3.48,10.08,3,14.13,4.06,14.13,4.06,10.79-2,13.11-2.28,9.25-4.57,12.59-2.79,6.17,1.52,9,2.28,10-.51,11.82-1.78,2.57-6.35,7.71-3.55a11.91,11.91,0,0,1,3.14,2.18V0Z\" style=\"opacity:0.66\"\/>\n    <path d=\"M0,0V59.17c4.84-3,4.08,1,5.36-.23s0,0,2.57-1.27,3.08.51,7.19,1,2.83,2.54,2.83,2.54,8.74,5.08,10.28,4.57,4.88-9.14,4.37-10.15S40,61.22,40,61.22l4.37,3.3s9.76,2,11,1a59.11,59.11,0,0,1,8-4.57c1.8-.76,4.11,2.28,6.68,2.79s8.74,3.81,8.74,3.81S90.92,60.71,94,60.21s16.7,3.55,17.47,2,11.82-3,13.1-2.79,8.48,10.91,8.48,10.91l30.83-.51s6.68-6.09,7.45-7.61.26-1.78.26-1.78,9-4.57,10-4.57S193.18,61,193.18,61s10.54-4.06,14.39-5.08,6.68,1.52,12.85-2,19.79-2.79,20.56-3.3,7.45-6.34,12.85-9.39,11.31.76,13.1.76,7.71,5.33,10.79,4.57,10.28-5.33,13.62-5.33,2.83,2.28,10.28,1.78,5.91.51,12.59,4.32,8-2.29,12.85-3.55,1.8.25,4.63-.51a19,19,0,0,1,5.65-.76c1.29,0,2.57,1.52,8.74,3.55s5.91-.76,9.25-1.78,8.22-3.3,18.76-10.15,2.57,5.33,6.94,6.85,22.87,3.55,24.41,2,4.37-3,7.2-4.57,2.82-.51,3.59-.51,9,2.54,11.31,4.06,3.85,4.57,6.17,4.57,4.62-2.54,11-3.55-.26,4.82,0,5.58,2.06,0,5.4-.25,4.88-2.79,9.76-2.79,5.14,3.3,8.48,4.06,2.83,0,10.54-3.81,6.68-1.78,14.9-3.55,22.61,6.85,24.41,6.09,4.88-1.27,11.3-2.54,11.56,3,16.19,5.58,5.14-1.52,8.74-5.08,12.08.25,14.9.25,9.25-.25,13.36-.51,5.14-3,13.88-5.08,8,4.57,14.65,3.55,14.13-1.27,28-5.08,6.42,3,10.79,5.58,9,1.78,11.56,1.52S676,39.65,679.84,36.35s9.51,4.31,16.19,8.12,9.25,3.81,14.13,1.78,9.51-4.82,14.9-7.87,5.4,5.84,10,2.79,15.42.76,17.21-.25,8.48.76,15.42-1,1.8,2,7.45,6.85,3.08-2.29,15.42,1,28.52-2.29,32.89-3,4.88,5.33,9.25,5.84,5.4-4.82,9.76-7.87,17-.76,20.56-2a17.22,17.22,0,0,0,6.17-4.06s13.36,0,15.16-1.52,10.28-.76,13.36-.76,26,4.57,35.2,2.79,11.82-7.62,16.44-10.91,23.13,2.54,30.32,2.54,20.3-2.54,20.3-2.54V0Z\"\/>\n<\/svg><\/div><div class=\"qubely-row-overlay\"><\/div><div class=\"qubely-container\"><div class=\"qubely-row\">\n<div class=\"wp-block-qubely-column qubely-column qubely-column-front qubely-block-852b79\"><div class=\"qubely-column-inner\">\n<div class=\"wp-block-qubely-testimonial qubely-block-442801\"><div class=\"qubely-block-testimonial\"><div class=\"qubely-testimonial-author\"><div class=\"qubely-testimonial-avatar-layout-top\"><img decoding=\"async\" class=\"qubely-testimonial-avatar\" src=\"https:\/\/myplasticmold.com\/wp-content\/uploads\/2022\/05\/engineers-strategy-business-growth-develop.png\" srcset=\"\" alt=\"\"\/><div class=\"qubely-testimonial-author-info\"><div class=\"qubely-testimonial-author-name\"><span>Cristiano<\/span><\/div><div class=\"qubely-testimonial-author-designation\"><span>Professionale<\/span><\/div><\/div><\/div><\/div><div class=\"qubely-testimonial-content\"><div>\"Sono lieto di informarvi che tutte le parti in plastica sono perfette!!! Siamo entusiasti e quindi ci sono buone possibilit\u00e0 di continuare il nostro rapporto per qualsiasi nuovo progetto in arrivo.\"<\/div><\/div><\/div><\/div>\n<\/div><\/div>\n\n\n\n<div class=\"wp-block-qubely-column qubely-column qubely-column-front qubely-block-f78b45\"><div class=\"qubely-column-inner\">\n<div class=\"wp-block-qubely-testimonial qubely-block-80a536\"><div class=\"qubely-block-testimonial\"><div class=\"qubely-testimonial-author\"><div class=\"qubely-testimonial-avatar-layout-top\"><img decoding=\"async\" class=\"qubely-testimonial-avatar\" src=\"https:\/\/myplasticmold.com\/wp-content\/uploads\/2022\/05\/developers-growth-marketing-service-team.png\" srcset=\"\" alt=\"\"\/><div class=\"qubely-testimonial-author-info\"><div class=\"qubely-testimonial-author-name\"><span>Paulo<\/span><\/div><div class=\"qubely-testimonial-author-designation\"><span>Professionale<\/span><\/div><\/div><\/div><\/div><div class=\"qubely-testimonial-content\"><div>\"Steven \u00e8 un eccellente professionista con una grande conoscenza e pratica tecnica\".<\/div><\/div><\/div><\/div>\n<\/div><\/div>\n\n\n\n<div class=\"wp-block-qubely-column qubely-column qubely-column-front qubely-block-a2aa62\"><div class=\"qubely-column-inner\">\n<div class=\"wp-block-qubely-testimonial qubely-block-bbfa94\"><div class=\"qubely-block-testimonial\"><div class=\"qubely-testimonial-author\"><div class=\"qubely-testimonial-avatar-layout-top\"><img decoding=\"async\" class=\"qubely-testimonial-avatar\" src=\"https:\/\/myplasticmold.com\/wp-content\/uploads\/2022\/05\/engineers-strategy-business-growth-develop.png\" srcset=\"\" alt=\"\"\/><div class=\"qubely-testimonial-author-info\"><div class=\"qubely-testimonial-author-name\"><span>Davide<\/span><\/div><div class=\"qubely-testimonial-author-designation\"><span>CEO aziendale<\/span><\/div><\/div><\/div><\/div><div class=\"qubely-testimonial-content\"><div>\"Steven \u00e8 un project manager e un ingegnere molto attento ai dettagli, in grado di risolvere i problemi in modo creativo e di fornire un servizio eccellente. \u00c8 stato un piacere lavorare con lui\".<\/div><\/div><\/div><\/div>\n<\/div><\/div>\n<\/div><\/div><\/div>\n\n\n\n<h2 class=\"wp-block-heading\">Tipi di stampo per posate in plastica Gate<\/h2>\n\n\n\n<p>Lo stampo per posate include&nbsp;<a href=\"https:\/\/myplasticmold.com\/it\/produttore-di-stampi-per-posate-in-plastica\">Stampo in plastica per cucchiaio, stampo per forchetta, stampo per coltello<\/a>. Una volta decisa la posizione pi\u00f9 probabile del cancello, \u00e8 necessario scegliere un cancello con il design e la geometria corretti. I design dei cancelli differiscono a seconda dell'applicazione prevista. I fattori che influenzano la scelta della posizione della porta influiscono anche sulla scelta del design della porta da adottare. Per gli stampi per posate a impronta singola o per i componenti di grandi dimensioni, \u00e8 possibile utilizzare un sistema di chiusura ad alimentazione diretta. In questi casi un ugello esteso della macchina alimenta direttamente l'impronta dello stampo, eliminando cos\u00ec la necessit\u00e0 di <a href=\"https:\/\/myplasticmold.com\/design-principles-of-runner.html\/\">un sistema di guide<\/a>. Per ottenere un riempimento uniforme dello stampo senza <a href=\"https:\/\/myplasticmold.com\/knit-lines.html\/\">linee di saldatura<\/a>I cancelli ad alimentazione diretta sono di solito situati al centro geometrico del componente, ad esempio corpi di pattumiere, posate, secchi, cucchiai, forchette, coltelli, ciotole, ecc.<\/p>\n\n\n\n<figure class=\"wp-block-image aligncenter\"><img loading=\"lazy\" decoding=\"async\" width=\"960\" height=\"1280\" src=\"https:\/\/myplasticmold.com\/wp-content\/uploads\/2020\/04\/mmexport1498313538630_hldali.jpg\" alt=\"stampo per cucchiaio in plastica\" class=\"wp-image-6418\" srcset=\"https:\/\/myplasticmold.com\/wp-content\/uploads\/2020\/04\/mmexport1498313538630_hldali.jpg 960w, https:\/\/myplasticmold.com\/wp-content\/uploads\/2020\/04\/mmexport1498313538630_hldali-225x300.jpg 225w, https:\/\/myplasticmold.com\/wp-content\/uploads\/2020\/04\/mmexport1498313538630_hldali-768x1024.jpg 768w\" sizes=\"auto, (max-width: 960px) 100vw, 960px\" \/><\/figure>\n\n\n\n<figure class=\"wp-block-image aligncenter\"><img loading=\"lazy\" decoding=\"async\" width=\"960\" height=\"1280\" src=\"https:\/\/myplasticmold.com\/wp-content\/uploads\/2020\/04\/mmexport1498313541991_iiqrqm.jpg\" alt=\"stampo a cucchiaio\" class=\"wp-image-6419\" srcset=\"https:\/\/myplasticmold.com\/wp-content\/uploads\/2020\/04\/mmexport1498313541991_iiqrqm.jpg 960w, https:\/\/myplasticmold.com\/wp-content\/uploads\/2020\/04\/mmexport1498313541991_iiqrqm-225x300.jpg 225w, https:\/\/myplasticmold.com\/wp-content\/uploads\/2020\/04\/mmexport1498313541991_iiqrqm-768x1024.jpg 768w\" sizes=\"auto, (max-width: 960px) 100vw, 960px\" \/><\/figure>\n\n\n\n<figure class=\"wp-block-image aligncenter\"><img loading=\"lazy\" decoding=\"async\" width=\"1280\" height=\"960\" src=\"https:\/\/myplasticmold.com\/wp-content\/uploads\/2020\/04\/mmexport1498313545092_ni4b42.jpg\" alt=\"Stampo per posate in plastica\" class=\"wp-image-6420\" srcset=\"https:\/\/myplasticmold.com\/wp-content\/uploads\/2020\/04\/mmexport1498313545092_ni4b42.jpg 1280w, https:\/\/myplasticmold.com\/wp-content\/uploads\/2020\/04\/mmexport1498313545092_ni4b42-300x225.jpg 300w, https:\/\/myplasticmold.com\/wp-content\/uploads\/2020\/04\/mmexport1498313545092_ni4b42-1024x768.jpg 1024w, https:\/\/myplasticmold.com\/wp-content\/uploads\/2020\/04\/mmexport1498313545092_ni4b42-768x576.jpg 768w\" sizes=\"auto, (max-width: 1280px) 100vw, 1280px\" \/><\/figure>","protected":false},"excerpt":{"rendered":"<p>China Plastic Cutlery Mould Maker Plastic Cutlery Mould Gate positioning and design The location of the gate is of importance with respect to the way in which the polymer flows into the mould impression. Other factors have to be taken into consideration when choosing a gate location, which includes: After consideration of all the previous [&hellip;]<\/p>\n","protected":false},"author":3,"featured_media":0,"parent":0,"menu_order":0,"comment_status":"closed","ping_status":"closed","template":"","meta":{"footnotes":""},"class_list":["post-6403","page","type-page","status-publish","hentry"],"blocksy_meta":{"styles_descriptor":{"styles":{"desktop":"","tablet":"","mobile":""},"google_fonts":[],"version":6}},"_links":{"self":[{"href":"https:\/\/myplasticmold.com\/it\/wp-json\/wp\/v2\/pages\/6403","targetHints":{"allow":["GET"]}}],"collection":[{"href":"https:\/\/myplasticmold.com\/it\/wp-json\/wp\/v2\/pages"}],"about":[{"href":"https:\/\/myplasticmold.com\/it\/wp-json\/wp\/v2\/types\/page"}],"author":[{"embeddable":true,"href":"https:\/\/myplasticmold.com\/it\/wp-json\/wp\/v2\/users\/3"}],"replies":[{"embeddable":true,"href":"https:\/\/myplasticmold.com\/it\/wp-json\/wp\/v2\/comments?post=6403"}],"version-history":[{"count":0,"href":"https:\/\/myplasticmold.com\/it\/wp-json\/wp\/v2\/pages\/6403\/revisions"}],"wp:attachment":[{"href":"https:\/\/myplasticmold.com\/it\/wp-json\/wp\/v2\/media?parent=6403"}],"curies":[{"name":"wp","href":"https:\/\/api.w.org\/{rel}","templated":true}]}}