{"id":6335,"date":"2017-06-08T10:58:43","date_gmt":"2017-06-08T02:58:43","guid":{"rendered":"https:\/\/myplasticmold.com\/?page_id=6335"},"modified":"2024-07-05T12:35:06","modified_gmt":"2024-07-05T04:35:06","slug":"stampo-per-prodotti-industriali","status":"publish","type":"page","link":"https:\/\/myplasticmold.com\/it\/stampo-per-prodotti-industriali","title":{"rendered":"produttore di muffa del casco di sicurezza in Cina, industria servita muffa del prodotto"},"content":{"rendered":"<div class=\"wp-block-cover alignfull has-custom-content-position is-position-bottom-center\"><span aria-hidden=\"true\" class=\"wp-block-cover__background has-background-dim\"><\/span><img loading=\"lazy\" decoding=\"async\" width=\"620\" height=\"239\" class=\"wp-block-cover__image-background wp-image-7833\" alt=\"\" src=\"https:\/\/myplasticmold.com\/wp-content\/uploads\/2021\/09\/helmet_mold1_gga0mw.jpg\" data-object-fit=\"cover\" srcset=\"https:\/\/myplasticmold.com\/wp-content\/uploads\/2021\/09\/helmet_mold1_gga0mw.jpg 620w, https:\/\/myplasticmold.com\/wp-content\/uploads\/2021\/09\/helmet_mold1_gga0mw-300x116.jpg 300w\" sizes=\"auto, (max-width: 620px) 100vw, 620px\" \/><div class=\"wp-block-cover__inner-container is-layout-flow wp-block-cover-is-layout-flow\">\n<h2 class=\"wp-block-heading has-text-align-center has-palette-color-8-color has-text-color\">stampo per casco di sicurezza<\/h2>\n<\/div><\/div>\n\n\n\n<h1 class=\"wp-block-heading\">Cina Stampo per casco di sicurezza produttore&nbsp;<\/h1>\n\n\n\n<div class=\"wp-block-qubely-row qubely-section qubely-block-65cc5b\"><div class=\"qubely-row-overlay\"><\/div><div class=\"qubely-container\"><div class=\"qubely-row\">\n<div class=\"wp-block-qubely-column qubely-column qubely-column-front qubely-block-162bfc\"><div class=\"qubely-column-inner\">\n<p>Interessato a trovare un produttore e progettista di <a href=\"https:\/\/myplasticmold.com\/it\/stampo-per-prodotti-industriali\">stampo per casco di sicurezza<\/a> che aiuter\u00e0 la vostra attivit\u00e0 a crescere? Se siete alla ricerca di uno stampo a iniezione per caschi di sicurezza personalizzato che offra un servizio completo, Topworks Plastic Mold \u00e8 il posto giusto.<\/p>\n\n\n\n<p>Che si tratti di una partnership commerciale o di una semplice amicizia, siamo qui per voi. I nostri stampi per caschi in plastica possono essere progettati, prodotti e distribuiti per soddisfare i pi\u00f9 alti standard di qualit\u00e0 a prezzi competitivi a livello internazionale.<\/p>\n\n\n\n<p>Per questo motivo, forniamo un'ampia gamma di servizi di attrezzaggio, produzione e spedizione per dare vita alla vostra idea di stampo per casco.<\/p>\n\n\n\n<p>Sia che lavoriate con parti di caschi di sicurezza che sono una copia della versione pronta all'uso, sia che siate ancora in fase di lavorazione, il nostro processo ottimizzer\u00e0 ogni fase del ciclo di vita del vostro prodotto.<\/p>\n\n\n\n<p>servizio eccellente e migliore prezzo per l'industria hanno servito la muffa del prodotto, la muffa della cassetta degli attrezzi, muffa del casco di sicurezza<\/p>\n\n\n\n<div class=\"wp-block-qubely-button qubely-block-fdc426\" data-qubelyanimation=\"{&quot;animation&quot;:&quot;bounce&quot;,&quot;name&quot;:&quot;bounceCenter&quot;,&quot;repeat&quot;:&quot;once&quot;,&quot;direction&quot;:&quot;Center&quot;,&quot;duration&quot;:1000,&quot;delay&quot;:0,&quot;curve&quot;:&quot;ease-in-out&quot;,&quot;openAnimation&quot;:1}\"><div class=\"qubely-block-btn-wrapper\"><div class=\"qubely-block-btn\"><a class=\"qubely-block-btn-anchor is-large\" href=\"https:\/\/myplasticmold.com\/contact-us-2\/\" target=\"_blank\" rel=\"nofollow noopener noreferrer\"><i class=\"qubely-btn-icon fas fa-hand-point-right\"><\/i><strong><span data-fontsize=\"22\" style=\"font-size: 22px;\" class=\"qubely-custom-font\">OTTENERE UN PREVENTIVO GRATUITO, PREZZO 30% PI\u00d9 BASSO E CONSEGNA 10 GIORNI MENO<\/span><\/strong><\/a><\/div><\/div><\/div>\n<\/div><\/div>\n\n\n\n<div class=\"wp-block-qubely-column qubely-column qubely-column-front qubely-block-b53d99\"><div class=\"qubely-column-inner\">\n<figure class=\"wp-block-image aligncenter size-large\"><img decoding=\"async\" src=\"https:\/\/myplasticmold.com\/wp-content\/uploads\/2021\/09\/helmet_mold.jpg\" alt=\"\"\/><\/figure>\n<\/div><\/div>\n<\/div><\/div><\/div>\n\n\n\n<figure class=\"wp-block-embed is-type-video is-provider-youtube wp-block-embed-youtube wp-embed-aspect-16-9 wp-has-aspect-ratio\"><div class=\"wp-block-embed__wrapper\">\n<iframe loading=\"lazy\" title=\"Un&#039;azienda cinese di stampi in plastica e stampaggio a iniezione\" width=\"1220\" height=\"686\" src=\"https:\/\/www.youtube.com\/embed\/McALhZohbi0?feature=oembed\" frameborder=\"0\" allow=\"accelerometer; autoplay; clipboard-write; encrypted-media; gyroscope; picture-in-picture; web-share\" referrerpolicy=\"strict-origin-when-cross-origin\" allowfullscreen><\/iframe>\n<\/div><\/figure>\n\n\n\n<h1 class=\"wp-block-heading\">Come acquistare stampi ad iniezione per caschi in plastica dalla Cina: Una guida completa<\/h1>\n\n\n\n<p>Siete alla ricerca di stampi a iniezione per caschi dalla Cina? Questa guida vi assister\u00e0 nel processo di selezione e vi aiuter\u00e0 a prendere decisioni informate con fornitori affidabili per tutte le vostre esigenze di produzione di caschi.<\/p>\n\n\n\n<h3 class=\"wp-block-heading\">Conoscere gli stampi a iniezione per caschi<\/h3>\n\n\n\n<p>Prima di iniziare il processo di acquisto di stampi a iniezione per caschi, \u00e8 essenziale che gli acquirenti acquisiscano una conoscenza di questi strumenti essenziali utilizzati per la produzione di caschi. A tal fine, \u00e8 necessario familiarizzare con gli stampi a iniezione per caschi e con i motivi per cui sono necessari nei processi di produzione.<\/p>\n\n\n\n<h3 class=\"wp-block-heading\">Che cosa sono gli stampi a iniezione per caschi (HIM)?<\/h3>\n\n\n\n<p>Gli stampi a iniezione per caschi (HIM) sono strumenti di precisione utilizzati nella produzione di caschi in plastica. Gli stampi:<\/p>\n\n\n\n<ul class=\"wp-block-list\">\n<li>Modellare la plastica fusa nella forma desiderata del casco <\/li>\n\n\n\n<li>Garantire qualit\u00e0 e dimensioni costanti in tutte le serie di produzione <\/li>\n\n\n\n<li>Consentono una produzione di massa efficiente dei caschi<\/li>\n<\/ul>\n\n\n\n<p>Sono disponibili stampi a cavit\u00e0 singola (per la produzione di un componente del casco alla volta) e stampi a famiglia multicavit\u00e0, nonch\u00e9 stampi a canale caldo per la produzione simultanea di diversi componenti del casco.<\/p>\n\n\n\n<p>Per garantire un processo di acquisto senza intoppi, seguite questi passaggi per identificare e controllare i potenziali fornitori:<\/p>\n\n\n\n<ol class=\"wp-block-list\">\n<li>Ricerca sui mercati online (ad esempio, Alibaba, Made-in-China)<\/li>\n\n\n\n<li>Partecipare a fiere (virtualmente o di persona)<\/li>\n\n\n\n<li>Utilizzare agenti di sourcing o societ\u00e0 commerciali<\/li>\n\n\n\n<li>Controllare le credenziali e le certificazioni dei fornitori<\/li>\n\n\n\n<li>Richiesta di campioni e prototipi<\/li>\n<\/ol>\n\n\n\n<h3 class=\"wp-block-heading\">Fattori chiave da considerare<\/h3>\n\n\n\n<p>Quando si valutano i fornitori, prestare attenzione a:<\/p>\n\n\n\n<ul class=\"wp-block-list\">\n<li>Anni di esperienza nella produzione di stampi per caschi<\/li>\n\n\n\n<li>Processi di controllo della qualit\u00e0<\/li>\n\n\n\n<li>Capacit\u00e0 produttiva<\/li>\n\n\n\n<li>Recensioni e testimonianze dei clienti<\/li>\n\n\n\n<li>Reattivit\u00e0 della comunicazione<\/li>\n<\/ul>\n\n\n\n<h2 class=\"wp-block-heading\">Negoziazione e invio dell'ordine<\/h2>\n\n\n\n<p>Dopo aver selezionato i potenziali fornitori, \u00e8 il momento di negoziare le condizioni e di effettuare l'ordine.<\/p>\n\n\n\n<h3 class=\"wp-block-heading\">Passi essenziali:<\/h3>\n\n\n\n<ol class=\"wp-block-list\">\n<li>Definire chiaramente le specifiche dello stampo del casco<\/li>\n\n\n\n<li>Richiesta di preventivi dettagliati da pi\u00f9 fornitori<\/li>\n\n\n\n<li>Negoziare prezzi, termini di pagamento e tempistiche di consegna.<\/li>\n\n\n\n<li>Discutere le misure di protezione della propriet\u00e0 intellettuale<\/li>\n\n\n\n<li>Concordare le procedure e gli standard di controllo della qualit\u00e0<\/li>\n<\/ol>\n\n\n\n<h3 class=\"wp-block-heading\">Clausole contrattuali importanti<\/h3>\n\n\n\n<p>Assicuratevi che il contratto di acquisto includa:<\/p>\n\n\n\n<ul class=\"wp-block-list\">\n<li>Specifiche di prodotto dettagliate<\/li>\n\n\n\n<li>Standard di qualit\u00e0 e procedure di test<\/li>\n\n\n\n<li>Termini di consegna e penali in caso di ritardo<\/li>\n\n\n\n<li>Garanzia e assistenza post-vendita<\/li>\n\n\n\n<li>Meccanismi di risoluzione delle controversie<\/li>\n<\/ul>\n\n\n\n<h2 class=\"wp-block-heading\">Controllo qualit\u00e0 e monitoraggio della produzione<\/h2>\n\n\n\n<p>Per garantire la qualit\u00e0 degli stampi a iniezione per caschi:<\/p>\n\n\n\n<ol class=\"wp-block-list\">\n<li>Condurre regolari audit di fabbrica<\/li>\n\n\n\n<li>Implementare un piano di controllo della qualit\u00e0<\/li>\n\n\n\n<li>Utilizzare servizi di ispezione di terzi<\/li>\n\n\n\n<li>Richiesta di relazioni sullo stato di avanzamento e aggiornamenti sulla produzione<\/li>\n\n\n\n<li>Eseguire le ispezioni finali prima della spedizione<\/li>\n<\/ol>\n\n\n\n<h2 class=\"wp-block-heading\">Spedizione e logistica<\/h2>\n\n\n\n<p>Pianificate con cura il trasporto degli stampi a iniezione per caschi:<\/p>\n\n\n\n<ol class=\"wp-block-list\">\n<li>Scegliere tra trasporto aereo e marittimo in base all'urgenza e ai costi<\/li>\n\n\n\n<li>Garantire un imballaggio adeguato per evitare danni durante il trasporto<\/li>\n\n\n\n<li>Ottenere la documentazione necessaria per l'importazione\/esportazione<\/li>\n\n\n\n<li>Considerare l'utilizzo di un broker doganale per orientarsi nei regolamenti<\/li>\n\n\n\n<li>Predisporre la copertura assicurativa durante il trasporto<\/li>\n<\/ol>\n\n\n\n<p>Seguendo questa guida completa, sarete ben attrezzati per procurarvi stampi a iniezione per caschi di alta qualit\u00e0 dalla Cina in modo efficiente e sicuro. Ricordate di dare priorit\u00e0 a una comunicazione chiara, a una ricerca approfondita e a un rigoroso controllo di qualit\u00e0 durante tutto il processo per garantire un acquisto di successo.<\/p>\n\n\n\n<div class=\"wp-block-group alignfull is-layout-flow wp-block-group-is-layout-flow\">\n<h2 class=\"wp-block-heading has-text-align-center has-palette-color-5-background-color has-background\">COSA DICONO I NOSTRI CLIENTI<\/h2>\n\n\n\n<div class=\"wp-block-qubely-row alignfull qubely-section qubely-block-95be5f\" data-qubelyanimation=\"{&quot;animation&quot;:&quot;bounce&quot;,&quot;name&quot;:&quot;bounceCenter&quot;,&quot;repeat&quot;:&quot;once&quot;,&quot;direction&quot;:&quot;Center&quot;,&quot;duration&quot;:1000,&quot;delay&quot;:0,&quot;curve&quot;:&quot;ease-in-out&quot;,&quot;openAnimation&quot;:1}\"><div class=\"qubely-shape-divider qubely-top-shape\"><svg xmlns=\"http:\/\/www.w3.org\/2000\/svg\" viewbox=\"0 0 1000 80\" preserveaspectratio=\"none\">\n    <path d=\"M0,0V71.07l.22.05c2.83,1,7.45-4.57,7.45-4.57s13.36,6.34,14.9,6.6S30,76.45,30,76.45L36.7,71.5s5.4,6,8,4.95,16.19-8.88,17.73-3.55S64.2,80,65,80s5.4-5.59,6.42-5.59,11,2.79,11.82,2.79,7.71-5.84,9.25-6.6,18.24.51,22.1,2.66,14.13.13,19.79,0,25.18,1.9,25.18,1.9l8.48-1.9s0-5.46,1.8-5.2,9.25.51,9.25.51L180.34,65s20.81,2,22.1,2,2.31-3.81,4.37-3.81,14.13,3.81,15.42,3.81,9.25-3.55,11.56-3.81,8.48,5.08,10.28,5.58,55-6.6,55-6.6-.26-5.33,4.88-3.55,15.16,1.27,19.53,2,3.34,6.34,7.71,2.54,5.65-7.36,8.22-6.09,10.28,2.28,11,2.28,4.37-8.12,7.19-6.6,21.59,12.5,30.06,13.48,13.1-10.44,13.1-10.44l13.1,2.54s7.71,10.15,16.19,11.17,11,6.34,19.27,3.55,17.73-9.39,20-8.38,17.47-6.6,18.24-6.85,8.74.76,16.44.25,9.51-5.52,9.51-5.52,25.69-1.08,28.78,1.21,3.6,4.31,6.68,4.31,12.33-5.84,22.35-3.55,26,6.34,27.49,7.11,10.28-5.58,10.28-5.58,5.14,4.57,6.42,5.84,6.17.76,9.25,0,3.85-9.14,10-5.08,20.3-5.08,25.44,1S667,64,667,64s6.68-11.42,14.39-9.9S710.16,66.2,710.16,66.2l6.42-5.49,27.24-1.27s-1.28-7.11,6.17-5.33,10-.89,11-1.71,5.14-3.49,9,0,25.44,8.31,32.89,8.31,15.93-6.35,22.61-4.57,13.36-1.52,14.39-2-.77-4.65,6.42-3.47,19-.76,20.58-.25,6.17-.76,11.31-1.78,6.34-11.63,12.25-4.27,8.68,5.28,11.51,6.74,7.45,1.33,9.25,0-1.54-7.93,7.19-5.39,4.17,3.48,10.08,3,14.13,4.06,14.13,4.06,10.79-2,13.11-2.28,9.25-4.57,12.59-2.79,6.17,1.52,9,2.28,10-.51,11.82-1.78,2.57-6.35,7.71-3.55a11.91,11.91,0,0,1,3.14,2.18V0Z\" style=\"opacity:0.66\"\/>\n    <path d=\"M0,0V59.17c4.84-3,4.08,1,5.36-.23s0,0,2.57-1.27,3.08.51,7.19,1,2.83,2.54,2.83,2.54,8.74,5.08,10.28,4.57,4.88-9.14,4.37-10.15S40,61.22,40,61.22l4.37,3.3s9.76,2,11,1a59.11,59.11,0,0,1,8-4.57c1.8-.76,4.11,2.28,6.68,2.79s8.74,3.81,8.74,3.81S90.92,60.71,94,60.21s16.7,3.55,17.47,2,11.82-3,13.1-2.79,8.48,10.91,8.48,10.91l30.83-.51s6.68-6.09,7.45-7.61.26-1.78.26-1.78,9-4.57,10-4.57S193.18,61,193.18,61s10.54-4.06,14.39-5.08,6.68,1.52,12.85-2,19.79-2.79,20.56-3.3,7.45-6.34,12.85-9.39,11.31.76,13.1.76,7.71,5.33,10.79,4.57,10.28-5.33,13.62-5.33,2.83,2.28,10.28,1.78,5.91.51,12.59,4.32,8-2.29,12.85-3.55,1.8.25,4.63-.51a19,19,0,0,1,5.65-.76c1.29,0,2.57,1.52,8.74,3.55s5.91-.76,9.25-1.78,8.22-3.3,18.76-10.15,2.57,5.33,6.94,6.85,22.87,3.55,24.41,2,4.37-3,7.2-4.57,2.82-.51,3.59-.51,9,2.54,11.31,4.06,3.85,4.57,6.17,4.57,4.62-2.54,11-3.55-.26,4.82,0,5.58,2.06,0,5.4-.25,4.88-2.79,9.76-2.79,5.14,3.3,8.48,4.06,2.83,0,10.54-3.81,6.68-1.78,14.9-3.55,22.61,6.85,24.41,6.09,4.88-1.27,11.3-2.54,11.56,3,16.19,5.58,5.14-1.52,8.74-5.08,12.08.25,14.9.25,9.25-.25,13.36-.51,5.14-3,13.88-5.08,8,4.57,14.65,3.55,14.13-1.27,28-5.08,6.42,3,10.79,5.58,9,1.78,11.56,1.52S676,39.65,679.84,36.35s9.51,4.31,16.19,8.12,9.25,3.81,14.13,1.78,9.51-4.82,14.9-7.87,5.4,5.84,10,2.79,15.42.76,17.21-.25,8.48.76,15.42-1,1.8,2,7.45,6.85,3.08-2.29,15.42,1,28.52-2.29,32.89-3,4.88,5.33,9.25,5.84,5.4-4.82,9.76-7.87,17-.76,20.56-2a17.22,17.22,0,0,0,6.17-4.06s13.36,0,15.16-1.52,10.28-.76,13.36-.76,26,4.57,35.2,2.79,11.82-7.62,16.44-10.91,23.13,2.54,30.32,2.54,20.3-2.54,20.3-2.54V0Z\"\/>\n<\/svg><\/div><div class=\"qubely-row-overlay\"><\/div><div class=\"qubely-container\"><div class=\"qubely-row\">\n<div class=\"wp-block-qubely-column qubely-column qubely-column-front qubely-block-4d61b8\"><div class=\"qubely-column-inner\">\n<div class=\"wp-block-qubely-testimonial qubely-block-89e237\"><div class=\"qubely-block-testimonial\"><div class=\"qubely-testimonial-author\"><div class=\"qubely-testimonial-avatar-layout-top\"><img decoding=\"async\" class=\"qubely-testimonial-avatar\" src=\"https:\/\/myplasticmold.com\/wp-content\/uploads\/2022\/05\/engineers-strategy-business-growth-develop.png\" srcset=\"\" alt=\"\"\/><div class=\"qubely-testimonial-author-info\"><div class=\"qubely-testimonial-author-name\"><span>Cristiano<\/span><\/div><div class=\"qubely-testimonial-author-designation\"><span>Professionale<\/span><\/div><\/div><\/div><\/div><div class=\"qubely-testimonial-content\"><div>\"Sono lieto di informarvi che tutte le parti in plastica sono perfette!!! Siamo entusiasti e quindi ci sono buone possibilit\u00e0 di continuare il nostro rapporto per qualsiasi nuovo progetto in arrivo.\"<\/div><\/div><\/div><\/div>\n<\/div><\/div>\n\n\n\n<div class=\"wp-block-qubely-column qubely-column qubely-column-front qubely-block-c7eeaa\"><div class=\"qubely-column-inner\">\n<div class=\"wp-block-qubely-testimonial qubely-block-a80a4a\"><div class=\"qubely-block-testimonial\"><div class=\"qubely-testimonial-author\"><div class=\"qubely-testimonial-avatar-layout-top\"><img decoding=\"async\" class=\"qubely-testimonial-avatar\" src=\"https:\/\/myplasticmold.com\/wp-content\/uploads\/2022\/05\/developers-growth-marketing-service-team.png\" srcset=\"\" alt=\"\"\/><div class=\"qubely-testimonial-author-info\"><div class=\"qubely-testimonial-author-name\"><span>Paulo<\/span><\/div><div class=\"qubely-testimonial-author-designation\"><span>Professionale<\/span><\/div><\/div><\/div><\/div><div class=\"qubely-testimonial-content\"><div>\"Steven \u00e8 un eccellente professionista con una grande conoscenza e pratica tecnica\".<\/div><\/div><\/div><\/div>\n<\/div><\/div>\n\n\n\n<div class=\"wp-block-qubely-column qubely-column qubely-column-front qubely-block-a97728\"><div class=\"qubely-column-inner\">\n<div class=\"wp-block-qubely-testimonial qubely-block-a348ba\"><div class=\"qubely-block-testimonial\"><div class=\"qubely-testimonial-author\"><div class=\"qubely-testimonial-avatar-layout-top\"><img decoding=\"async\" class=\"qubely-testimonial-avatar\" src=\"https:\/\/myplasticmold.com\/wp-content\/uploads\/2022\/05\/engineers-strategy-business-growth-develop.png\" srcset=\"\" alt=\"\"\/><div class=\"qubely-testimonial-author-info\"><div class=\"qubely-testimonial-author-name\"><span>Davide<\/span><\/div><div class=\"qubely-testimonial-author-designation\"><span>CEO aziendale<\/span><\/div><\/div><\/div><\/div><div class=\"qubely-testimonial-content\"><div>\"Steven \u00e8 un project manager e un ingegnere molto attento ai dettagli, in grado di risolvere i problemi in modo creativo e di fornire un servizio eccellente. \u00c8 stato un piacere lavorare con lui\".<\/div><\/div><\/div><\/div>\n<\/div><\/div>\n<\/div><\/div><\/div>\n<\/div>","protected":false},"excerpt":{"rendered":"<p>China safety helmet mould manufacturer&nbsp; How to Buy Plastic Helmet Injection Molds from China: A Comprehensive Guide Are You Searching For Helmet Injection Molds from China? This guide will assist in the selection process and help ensure informed decisions with reliable suppliers for all of your helmet manufacturing requirements. Understanding Helmet Injection Molds Before you [&hellip;]<\/p>\n","protected":false},"author":3,"featured_media":0,"parent":0,"menu_order":0,"comment_status":"closed","ping_status":"closed","template":"","meta":{"footnotes":""},"class_list":["post-6335","page","type-page","status-publish","hentry"],"blocksy_meta":{"styles_descriptor":{"styles":{"desktop":"","tablet":"","mobile":""},"google_fonts":[],"version":6}},"_links":{"self":[{"href":"https:\/\/myplasticmold.com\/it\/wp-json\/wp\/v2\/pages\/6335","targetHints":{"allow":["GET"]}}],"collection":[{"href":"https:\/\/myplasticmold.com\/it\/wp-json\/wp\/v2\/pages"}],"about":[{"href":"https:\/\/myplasticmold.com\/it\/wp-json\/wp\/v2\/types\/page"}],"author":[{"embeddable":true,"href":"https:\/\/myplasticmold.com\/it\/wp-json\/wp\/v2\/users\/3"}],"replies":[{"embeddable":true,"href":"https:\/\/myplasticmold.com\/it\/wp-json\/wp\/v2\/comments?post=6335"}],"version-history":[{"count":0,"href":"https:\/\/myplasticmold.com\/it\/wp-json\/wp\/v2\/pages\/6335\/revisions"}],"wp:attachment":[{"href":"https:\/\/myplasticmold.com\/it\/wp-json\/wp\/v2\/media?parent=6335"}],"curies":[{"name":"wp","href":"https:\/\/api.w.org\/{rel}","templated":true}]}}