{"id":6323,"date":"2017-06-06T13:41:41","date_gmt":"2017-06-06T05:41:41","guid":{"rendered":"https:\/\/myplasticmold.com\/?page_id=6323"},"modified":"2023-07-18T13:48:58","modified_gmt":"2023-07-18T05:48:58","slug":"stampo-per-prodotti-per-bambini","status":"publish","type":"page","link":"https:\/\/myplasticmold.com\/it\/stampo-per-prodotti-per-bambini","title":{"rendered":"muffa del prodotto del bambino, muffa della vasca da bagno del bambino, muffa della sedia del bambino, creatore della muffa del giocattolo del bambino"},"content":{"rendered":"<h2 class=\"wp-block-heading\">Stampo per prodotti per bambini, stampo per vaschetta da bagno per bambini, stampo per sedia per bambini,<a href=\"https:\/\/myplasticmold.com\/it\/stampo-per-prodotti-per-bambini\">stampo per giocattoli per bambini<\/a> creatore<\/h2>\n\n\n\n<p>Alla ricerca di alta qualit\u00e0 <a href=\"https:\/\/myplasticmold.com\/en\/child-product-mould\" target=\"_blank\" rel=\"noreferrer noopener\">stampi per prodotti per bambini<\/a>? Non cercate oltre! Siamo orgogliosi di offrire servizi di stampaggio eccezionali per una serie di prodotti per l'infanzia. Che abbiate bisogno di uno stampo per vaschetta da bagno per bambini, per sedia per bambini o per giocattoli per bambini, il nostro team di professionisti \u00e8 impegnato a fornire risultati eccezionali.<\/p>\n\n\n\n<p>I nostri stampi per bambini sono realizzati con precisione e attenzione ai dettagli. Siamo consapevoli dell'importanza della sicurezza e del comfort per i vostri piccoli. Ogni stampo \u00e8 progettato meticolosamente per garantire funzionalit\u00e0 e durata ottimali, offrendo un'esperienza d'uso senza soluzione di continuit\u00e0.<\/p>\n\n\n\n<p>Quando si tratta dei nostri stampi, diamo priorit\u00e0 ai seguenti vantaggi:<\/p>\n\n\n\n<ul class=\"wp-block-list\">\n<li>Qualit\u00e0 superiore: I nostri stampi sono realizzati con tecniche all'avanguardia e materiali pregiati, per garantire qualit\u00e0 e durata eccellenti.<\/li>\n\n\n\n<li>Personalizzazione: Offriamo stampi personalizzabili per soddisfare le vostre esigenze specifiche. Gli stampi su misura consentono di creare prodotti per bambini unici e innovativi.<\/li>\n\n\n\n<li>Efficienza: Il nostro processo avanzato di costruzione degli stampi ottimizza i tempi di produzione, garantendo una consegna puntuale degli stampi.<\/li>\n\n\n\n<li>Competenza: Con anni di esperienza nel settore, il nostro team possiede una profonda conoscenza e competenza nella costruzione di stampi, garantendo risultati di altissimo livello.<\/li>\n<\/ul>\n\n\n\n<p>Scegliere i nostri stampi per prodotti per bambini significa investire in soluzioni affidabili e ad alte prestazioni. I nostri stampi sono progettati per dare vita alle vostre idee di prodotto, consentendovi di creare prodotti a misura di bambino che si distinguono sul mercato.<\/p>\n\n\n\n<p>Portate i vostri sforzi di creazione di stampi al livello successivo con i nostri servizi eccezionali. Contattateci oggi stesso per discutere le vostre esigenze di stampo e sbloccare il potenziale per la creazione di prodotti per l'infanzia degni di nota.<\/p>\n\n\n\n<p>Per richieste e ulteriori informazioni, visitate il nostro sito web o contattateci direttamente.<\/p>\n\n\n\n<figure class=\"wp-block-image\"><img loading=\"lazy\" decoding=\"async\" width=\"665\" height=\"925\" src=\"https:\/\/myplasticmold.com\/wp-content\/uploads\/2020\/04\/child_products_mould_m5h0j2.jpg\" alt=\"\" class=\"wp-image-6326\" srcset=\"https:\/\/myplasticmold.com\/wp-content\/uploads\/2020\/04\/child_products_mould_m5h0j2.jpg 665w, https:\/\/myplasticmold.com\/wp-content\/uploads\/2020\/04\/child_products_mould_m5h0j2-216x300.jpg 216w\" sizes=\"auto, (max-width: 665px) 100vw, 665px\" \/><\/figure>\n\n\n\n<p><\/p>","protected":false},"excerpt":{"rendered":"<p>Child product mould,baby bathtub mould,baby chair mould,baby toy mould maker Looking for high-quality child product molds? Look no further! We take pride in offering exceptional mold-making services for a range of child products. Whether you need a baby bathtub mold, baby chair mold, or baby toy mold, our skilled team of professionals is dedicated to [&hellip;]<\/p>\n","protected":false},"author":3,"featured_media":0,"parent":0,"menu_order":0,"comment_status":"closed","ping_status":"closed","template":"","meta":{"footnotes":""},"class_list":["post-6323","page","type-page","status-publish","hentry"],"blocksy_meta":{"styles_descriptor":{"styles":{"desktop":"","tablet":"","mobile":""},"google_fonts":[],"version":6}},"_links":{"self":[{"href":"https:\/\/myplasticmold.com\/it\/wp-json\/wp\/v2\/pages\/6323","targetHints":{"allow":["GET"]}}],"collection":[{"href":"https:\/\/myplasticmold.com\/it\/wp-json\/wp\/v2\/pages"}],"about":[{"href":"https:\/\/myplasticmold.com\/it\/wp-json\/wp\/v2\/types\/page"}],"author":[{"embeddable":true,"href":"https:\/\/myplasticmold.com\/it\/wp-json\/wp\/v2\/users\/3"}],"replies":[{"embeddable":true,"href":"https:\/\/myplasticmold.com\/it\/wp-json\/wp\/v2\/comments?post=6323"}],"version-history":[{"count":0,"href":"https:\/\/myplasticmold.com\/it\/wp-json\/wp\/v2\/pages\/6323\/revisions"}],"wp:attachment":[{"href":"https:\/\/myplasticmold.com\/it\/wp-json\/wp\/v2\/media?parent=6323"}],"curies":[{"name":"wp","href":"https:\/\/api.w.org\/{rel}","templated":true}]}}