{"id":6294,"date":"2017-05-24T23:38:36","date_gmt":"2017-05-24T15:38:36","guid":{"rendered":"https:\/\/myplasticmold.com\/?page_id=6294"},"modified":"2023-07-20T15:02:14","modified_gmt":"2023-07-20T07:02:14","slug":"stampo-per-contenitori-in-plastica","status":"publish","type":"page","link":"https:\/\/myplasticmold.com\/it\/stampo-per-contenitori-in-plastica","title":{"rendered":"muffa di plastica del contenitore, muffa di plastica del cestino della lavanderia produttore in Cina, migliore prezzo"},"content":{"rendered":"<h2 class=\"wp-block-heading\">muffa di plastica del contenitore, muffa di plastica del cestino della lavanderia produttore in Cina, migliore prezzo<\/h2>\n\n\n\n<p>Scoprite gli stampi in plastica di alta qualit\u00e0 per contenitori e cesti per la biancheria provenienti dal nostro stabilimento di produzione in Cina. In qualit\u00e0 di produttore leader di stampi a iniezione, offriamo un'ampia selezione di stampi in plastica durevoli e convenienti per soddisfare le vostre esigenze di produzione.<\/p>\n\n\n\n<p>I nostri stampi per contenitori in plastica sono ideali per produrre bidoni, secchi, fusti e altro ancora. Utilizziamo tecniche avanzate di costruzione degli stampi e componenti di acciaio e stampi di qualit\u00e0 superiore per creare stampi che producono contenitori con finiture lisce, dettagli nitidi e peso ridotto. Affidatevi ai nostri stampi per produrre in modo efficiente elevati volumi di contenitori uniformi, volta dopo volta.<\/p>\n\n\n\n<p>Per i cestini da bucato, i nostri stampi innovativi consentono di produrre cestini di varie forme e dimensioni. I nostri stampi per cesti da lavanderia sono progettati per garantire affidabilit\u00e0 e coerenza, offrendo stampi per cesti con eccellente resistenza e stabilit\u00e0. \u00c8 possibile personalizzare le caratteristiche del cesto, come i fori di ventilazione, le maniglie, le opzioni del coperchio e altro ancora.<\/p>\n\n\n\n<p>Con anni di esperienza nella produzione di stampi in plastica, offriamo un eccezionale rapporto qualit\u00e0-prezzo. La nostra combinazione di abilit\u00e0 artigianale, attrezzature di alto livello e prezzi accessibili non ha eguali nel settore. Contattateci oggi stesso per iniziare a progettare stampi personalizzati che massimizzino la vostra produttivit\u00e0 e redditivit\u00e0.<\/p>\n\n\n<p><\/p>\n<h2>Suggerimenti per la costruzione di stampi per contenitori in plastica e cesti per la biancheria<\/h2>\n<p>Posizionamento e progettazione del cancello<\/p>\n<p>La posizione del cancello \u00e8 importante per quanto riguarda il modo in cui il polimero fluisce nel <a href=\"https:\/\/myplasticmold.com\/it\/stampo-per-contenitori-in-plastica\">stampo per contenitori in plastica<\/a> impressione. Nella scelta del luogo in cui collocare il cancello si devono prendere in considerazione altri fattori, tra cui:<\/p>\n<ul>\n<li><strong>considerazioni estetiche del <\/strong>stampaggio<strong>;<\/strong><\/li>\n<li>degradante<strong> requisiti del <\/strong>stampaggio<strong>;<\/strong><\/li>\n<li><strong>complessit\u00e0 progettuale del <\/strong>stampaggio<strong>;<\/strong><\/li>\n<li><strong>requisiti di temperatura dello stampo;<\/strong><\/li>\n<li><strong>natura del polimero da lavorare;<\/strong><\/li>\n<li><strong>volume del polimero da alimentare <\/strong>anche se<strong> la porta e la velocit\u00e0 di avanzamento;<\/strong><\/li>\n<li><strong>significato e posizione delle linee di saldatura prodotte;<\/strong><\/li>\n<li><strong>le possibili ubicazioni e gli effetti degli intrappolamenti di gas che si creano a causa del profilo di riempimento.<\/strong><\/li>\n<\/ul>\n<p>Dopo aver considerato tutti i punti precedenti, \u00e8 evidente che il posizionamento della porta deve essere determinato relativamente presto e prima dell'inizio della costruzione del progetto. Se il componente deve essere alimentato in modo convenzionale, cio\u00e8 non a canale caldo, le opzioni di posizionamento della porta sono ulteriormente limitate a causa delle limitazioni del design dello stampo a due piastre.<\/p>\n<div style=\"width: 640px;\" class=\"wp-video\"><video class=\"wp-video-shortcode\" id=\"video-6294-1\" width=\"640\" height=\"360\" preload=\"metadata\" controls=\"controls\"><source type=\"video\/mp4\" src=\"http:\/\/res.cloudinary.com\/steven-cheng\/video\/upload\/v1468030252\/video.mp4?_=1\" \/><a href=\"http:\/\/res.cloudinary.com\/steven-cheng\/video\/upload\/v1468030252\/video.mp4\" target=\"_blank\" rel=\"noopener\">http:\/\/res.cloudinary.com\/steven-cheng\/video\/upload\/v1468030252\/video.mp4<\/a><\/video><\/div>\n<p>Le limitazioni sono dovute alla necessit\u00e0 di effettuare la chiusura su un unico piano intorno alla linea di divisione dello stampo. Quando si devono affrontare requisiti di chiusura che non rientrano nella progettazione a due piastre, il progettista dello stampo pu\u00f2 scegliere tra i formati a tre piastre o senza guide per ottenere la posizione di chiusura desiderata.<\/p>\n<h2>La nostra serie di stampi per cestini comprende:<\/h2>\n<ul>\n<li><strong>frutta di plastica, verdure cesto stampo<\/strong><\/li>\n<li><strong>stampo per cestino in plastica, <\/strong><\/li>\n<li><strong>stampo per cesto della biancheria in plastica, <\/strong><\/li>\n<li><strong>stampo per cestello di scarico in plastica, <\/strong><\/li>\n<li><strong>stampo per cesti di frutta pieghevoli in plastica, <\/strong><\/li>\n<li><strong>stampo a mano per cestini in plastica e cos\u00ec via.<\/strong><\/li>\n<\/ul>\n<p><img loading=\"lazy\" decoding=\"async\" class=\"aligncenter wp-image-6435 size-full\" src=\"https:\/\/myplasticmold.com\/wp-content\/uploads\/2020\/04\/basket-mould_logc2e.jpg\" alt=\"stampo per cestino in plastica\" width=\"665\" height=\"925\" srcset=\"https:\/\/myplasticmold.com\/wp-content\/uploads\/2020\/04\/basket-mould_logc2e.jpg 665w, https:\/\/myplasticmold.com\/wp-content\/uploads\/2020\/04\/basket-mould_logc2e-216x300.jpg 216w\" sizes=\"auto, (max-width: 665px) 100vw, 665px\" \/><\/p>\n<h2>Stampi per cestini in plastica a due piastre<\/h2>\n<p>Se lo stampo per cestini in plastica si separa in due pezzi principali o met\u00e0, su entrambi i lati della linea di divisione dello stampo, allora lo stampo viene definito stampo a iniezione a due piastre. Lo stampo a 2 cavit\u00e0 produrr\u00e0 due cestelli di plastica (durante ogni ripresa o ciclo, si tratta di uno stampo a due impronte). Ogni cavit\u00e0 viene riempita mediante un sistema di alimentazione e questo sistema di alimentazione.<br>Il canale di colata \u00e8 solitamente un canale circolare affusolato attraverso il quale il materiale scorre dopo essere uscito dall'ugello della pressa a iniezione. Nel caso di stampi multi-impressione, le cavit\u00e0 sono unite al canale di colata per mezzo di guide. Queste guide sono canali tagliati in una o in entrambe le met\u00e0 dello stampo e la loro funzione \u00e8 quella di riempire ogni cavit\u00e0 dello stampo nel modo pi\u00f9 efficiente possibile.<\/p>\n<p>Tra il canale di scorrimento e la cavit\u00e0 c'\u00e8 di solito una stretta restrizione nel sistema di scorrimento e questa restrizione (in cui il materiale entra nella cavit\u00e0) \u00e8 chiamata \"cavit\u00e0\".<a href=\"https:\/\/myplasticmold.com\/principle-of-gate-design.html\/\"> cancello<\/a>. (Poich\u00e9 la dimensione della porta \u00e8 molto pi\u00f9 piccola del canale di scorrimento, lo stampo a cestello in plastica pu\u00f2 essere facilmente separato dal sistema di alimentazione in questo punto, se lo si desidera).<br>Durante lo stampaggio, il materiale plastico viene spinto attraverso il canale di colata, nel sistema di guide e da qui nella cavit\u00e0 (o nelle cavit\u00e0). Il cestello di plastica si forma tra l'anima e la cavit\u00e0 opposte e la finitura superficiale del componente \u00e8 dettata dalla finitura superficiale di queste due parti dello stampo.<br>La met\u00e0 dello stampo che si muove con la pinza \u00e8 detta met\u00e0 mobile e di solito si provvede a garantire che lo stampo sia trattenuto in questa met\u00e0 dello stampo. Questo perch\u00e9 il sistema di espulsione dello stampo \u00e8 associato alla met\u00e0 dello stampo mobile per ragioni di costo, convenienza, ecc. Poich\u00e9 questo <a href=\"https:\/\/myplasticmold.com\/plastic-mould-terminology.html\/\">materozza<\/a> L'estrattore ha una forma rientrante e disloca, o tira, il canale di colata dalla bussola del canale di colata quando lo stampo viene aperto. Alla fine, o durante, la corsa di apertura dello stampo a cestello in plastica, viene attivato il sistema di espulsione, che libera le forme e il relativo sistema di guide dallo stampo. Anche la depressione immediatamente opposta al canale di colata, che contiene il perno di estrazione del canale di colata, viene attivata. <a href=\"https:\/\/myplasticmold.com\/cold-slug-well.html\/\">noto come \"pozzo freddo\".<\/a>e la sua funzione \u00e8 quella di accettare la prima parte del colpo, quella parte del colpo che si trovava sulla punta dell'ugello e che quindi poteva essere fredda.<br>Per garantire che la produzione di cestelli in plastica sia costante e uniforme, la temperatura dello stampo viene controllata, ad esempio facendo circolare l'acqua attraverso canali di raffreddamento (nel caso dei termoplastici) o mediante elementi di resistenza elettrica (nel caso dei termoindurenti).<\/p>\n<h2><strong>stampo per cesto della biancheria in plastica<\/strong><\/h2>\n<p><img loading=\"lazy\" decoding=\"async\" class=\"aligncenter wp-image-6430 size-full\" src=\"https:\/\/myplasticmold.com\/wp-content\/uploads\/2020\/04\/20170629112112_eikp7a.jpg\" alt=\" stampo per cesto della biancheria\" width=\"957\" height=\"599\" srcset=\"https:\/\/myplasticmold.com\/wp-content\/uploads\/2020\/04\/20170629112112_eikp7a.jpg 957w, https:\/\/myplasticmold.com\/wp-content\/uploads\/2020\/04\/20170629112112_eikp7a-300x188.jpg 300w, https:\/\/myplasticmold.com\/wp-content\/uploads\/2020\/04\/20170629112112_eikp7a-768x481.jpg 768w\" sizes=\"auto, (max-width: 957px) 100vw, 957px\" \/> <img loading=\"lazy\" decoding=\"async\" class=\"aligncenter wp-image-6431 size-full\" src=\"https:\/\/myplasticmold.com\/wp-content\/uploads\/2020\/04\/20170629112308_qdhjtx.jpg\" alt=\"muffa di plastica del cestino della biancheria da Porcellana\" width=\"948\" height=\"464\" srcset=\"https:\/\/myplasticmold.com\/wp-content\/uploads\/2020\/04\/20170629112308_qdhjtx.jpg 948w, https:\/\/myplasticmold.com\/wp-content\/uploads\/2020\/04\/20170629112308_qdhjtx-300x147.jpg 300w, https:\/\/myplasticmold.com\/wp-content\/uploads\/2020\/04\/20170629112308_qdhjtx-768x376.jpg 768w\" sizes=\"auto, (max-width: 948px) 100vw, 948px\" \/><\/p>","protected":false},"excerpt":{"rendered":"<p>plastic container mould ,plastic laundry basket mould manufacturer in China,best price Discover high-quality plastic moulds for containers and laundry baskets from our manufacturing facility in China. As a leading producer of injection molds , we offer an extensive selection of durable and affordable plastic moulds to meet your production needs. Our plastic container moulds are [&hellip;]<\/p>\n","protected":false},"author":3,"featured_media":0,"parent":0,"menu_order":0,"comment_status":"closed","ping_status":"closed","template":"","meta":{"footnotes":""},"class_list":["post-6294","page","type-page","status-publish","hentry"],"blocksy_meta":{"styles_descriptor":{"styles":{"desktop":"","tablet":"","mobile":""},"google_fonts":[],"version":6}},"_links":{"self":[{"href":"https:\/\/myplasticmold.com\/it\/wp-json\/wp\/v2\/pages\/6294","targetHints":{"allow":["GET"]}}],"collection":[{"href":"https:\/\/myplasticmold.com\/it\/wp-json\/wp\/v2\/pages"}],"about":[{"href":"https:\/\/myplasticmold.com\/it\/wp-json\/wp\/v2\/types\/page"}],"author":[{"embeddable":true,"href":"https:\/\/myplasticmold.com\/it\/wp-json\/wp\/v2\/users\/3"}],"replies":[{"embeddable":true,"href":"https:\/\/myplasticmold.com\/it\/wp-json\/wp\/v2\/comments?post=6294"}],"version-history":[{"count":0,"href":"https:\/\/myplasticmold.com\/it\/wp-json\/wp\/v2\/pages\/6294\/revisions"}],"wp:attachment":[{"href":"https:\/\/myplasticmold.com\/it\/wp-json\/wp\/v2\/media?parent=6294"}],"curies":[{"name":"wp","href":"https:\/\/api.w.org\/{rel}","templated":true}]}}