{"id":190,"date":"2012-07-15T09:50:43","date_gmt":"2012-07-15T09:50:43","guid":{"rendered":"https:\/\/myplasticmold.com\/?page_id=190"},"modified":"2024-08-31T20:03:44","modified_gmt":"2024-08-31T12:03:44","slug":"stampo-per-sgabello-in-plastica","status":"publish","type":"page","link":"https:\/\/myplasticmold.com\/it\/stampo-per-sgabello-in-plastica","title":{"rendered":"Stampo di plastica dello sgabello e stampo del tavolo, stampo dello sgabello della toilette che fa azienda da Porcellana"},"content":{"rendered":"<figure class=\"wp-block-image aligncenter wp-image-6388\"><img loading=\"lazy\" decoding=\"async\" width=\"960\" height=\"1280\" src=\"https:\/\/myplasticmold.com\/wp-content\/uploads\/2020\/04\/mmexport1497921566374_dqcjr8.jpg\" alt=\"stampo sgabello plastica Cina\" class=\"wp-image-6388\" srcset=\"https:\/\/myplasticmold.com\/wp-content\/uploads\/2020\/04\/mmexport1497921566374_dqcjr8.jpg 960w, https:\/\/myplasticmold.com\/wp-content\/uploads\/2020\/04\/mmexport1497921566374_dqcjr8-225x300.jpg 225w, https:\/\/myplasticmold.com\/wp-content\/uploads\/2020\/04\/mmexport1497921566374_dqcjr8-768x1024.jpg 768w\" sizes=\"auto, (max-width: 960px) 100vw, 960px\" \/><figcaption class=\"wp-element-caption\">stampo per sgabello<\/figcaption><\/figure>\n\n\n\n<p>Siete alla ricerca di un produttore e progettista di stampi per sgabelli in plastica che possa migliorare la redditivit\u00e0 della vostra azienda? Con un servizio completo di stampi per sgabelli personalizzati, Topworks Plastic mold \u00e8 il posto giusto.<\/p>\n\n\n\n<p>Prendersi cura di voi \u00e8 il nostro obiettivo primario. La nostra capacit\u00e0 di produrre, fabbricare e distribuire stampi per sgabelli a prezzi competitivi soddisfa i pi\u00f9 alti standard di qualit\u00e0 e siamo competitivi a livello internazionale.<\/p>\n\n\n\n<p>Per questo motivo, forniamo un'ampia gamma di servizi di attrezzaggio, produzione e spedizione per aiutarvi a trasformare il vostro concetto di stampo per sgabello in realt\u00e0.<\/p>\n\n\n\n<p>Ogni fase del ciclo di vita del vostro prodotto sar\u00e0 semplificata dal nostro processo; dalla fase concettuale fino al work-in-progress, il nostro servizio snellisce il vostro processo in ogni fase.<\/p>\n\n\n\n<div class=\"wp-block-qubely-button qubely-block-7fdd18\" data-qubelyanimation=\"{&quot;animation&quot;:&quot;bounce&quot;,&quot;name&quot;:&quot;bounceCenter&quot;,&quot;repeat&quot;:&quot;once&quot;,&quot;direction&quot;:&quot;Center&quot;,&quot;duration&quot;:1000,&quot;delay&quot;:0,&quot;curve&quot;:&quot;ease-in-out&quot;,&quot;openAnimation&quot;:1}\"><div class=\"qubely-block-btn-wrapper\"><div class=\"qubely-block-btn\"><a class=\"qubely-block-btn-anchor is-large\" href=\"#\"><i class=\"qubely-btn-icon fas fa-hand-point-right\"><\/i><strong><span data-fontsize=\"22\" style=\"font-size: 22px;\" class=\"qubely-custom-font\">OTTENERE UN PREVENTIVO GRATUITO, PREZZO 30% PI\u00d9 BASSO E CONSEGNA 10 GIORNI MENO<\/span><\/strong><\/a><\/div><\/div><\/div>\n\n\n\n<h1 class=\"wp-block-heading\">Stampo per sgabello in plastica<\/h1>\n\n\n\n<ul class=\"wp-block-list\">\n<li><a href=\"https:\/\/myplasticmold.com\/it\/stampo-per-sgabello-in-plastica\"><strong>stampo per sgabello in plastica<\/strong><\/a><\/li>\n\n\n\n<li>cavit\u00e0:1<\/li>\n\n\n\n<li>Hotrunner:1 gocce con serpentine di riscaldamento \"HOTSET<\/li>\n\n\n\n<li><strong>stampo per sgabello in plastica<\/strong> acciaio per cavit\u00e0: P20<\/li>\n\n\n\n<li><strong>stampo per sgabello in plastica<\/strong> acciaio per anime: P20<\/li>\n\n\n\n<li>Materiale plastico: PP<\/li>\n\n\n\n<li>Tempo di ciclo: 40 secondi<\/li>\n\n\n\n<li>Tempo di consegna: 35 giorni<\/li>\n<\/ul>\n\n\n\n<h2 class=\"wp-block-heading\">Acquisto di uno stampo per sgabello in plastica dalla Cina<\/h2>\n\n\n\n<p>L'acquisto di uno stampo per sgabelli in plastica prodotto in Cina pu\u00f2 sembrare un'impresa ardua; tuttavia, con la giusta strategia, si tratta di una procedura facile e piacevole. Assicuratevi di svolgere i vostri compiti e di comunicare in modo efficace, di dare priorit\u00e0 alla qualit\u00e0 del prodotto e di considerare una visione a lungo termine. Se seguite queste linee guida, sarete sulla buona strada per scoprire un produttore cinese affidabile e ricevere lo stampo per sgabello in plastica perfetto per le vostre aspettative.<\/p>\n\n\n\n<h3 class=\"wp-block-heading\">Passi chiave da considerare<\/h3>\n\n\n\n<ul class=\"wp-block-list\">\n<li><strong>Ricercate le vostre opzioni:<\/strong> Prendetevi il tempo necessario per esaminare i diversi marchi. Cercate recensioni e testimonianze per valutarne l'affidabilit\u00e0 e la qualit\u00e0.<\/li>\n\n\n\n<li><strong>Comunicazione chiara:<\/strong> Create canali di comunicazione aperti con il vostro produttore preferito. Specifiche e aspettative chiare possono aiutare a evitare malintesi.<\/li>\n\n\n\n<li><strong>Qualit\u00e0 pi\u00f9 che costo:<\/strong> Sebbene il costo sia essenziale, dare la priorit\u00e0 alla qualit\u00e0 del prodotto pu\u00f2 farvi risparmiare a lungo termine riducendo guasti e difetti.<\/li>\n\n\n\n<li><strong>Partenariati a lungo termine:<\/strong> Considerate la possibilit\u00e0 di stabilire una partnership duratura con il vostro fornitore per progetti futuri. Questo pu\u00f2 portare a prezzi migliori e a un servizio migliore.<\/li>\n<\/ul>\n\n\n\n<h2 class=\"wp-block-heading\">Domande frequenti<\/h2>\n\n\n\n<h3 class=\"wp-block-heading\">Qual \u00e8 il tempo tipico necessario per creare lo stampo dello sgabello in plastica in Cina?<\/h3>\n\n\n\n<p>I tempi di produzione possono variare a seconda della complessit\u00e0 dello stampo e del carico di lavoro del produttore. In generale, il processo pu\u00f2 durare tra i 30 e i 60 giorni.<\/p>\n\n\n\n<h3 class=\"wp-block-heading\">Qual \u00e8 l'aspettativa di vita di uno stampo per feci in plastica?<\/h3>\n\n\n\n<p>Se curato correttamente, uno stampo per sgabelli in plastica di alta qualit\u00e0 pu\u00f2 essere utilizzato per centinaia di migliaia di cicli, producendo potenzialmente migliaia di sgabelli nel corso della sua vita.<\/p>\n\n\n\n<h3 class=\"wp-block-heading\">Posso utilizzare lo stesso stampo per diversi tipi di plastica?<\/h3>\n\n\n\n<p>\u00c8 certamente possibile, ma non sempre consigliato. I diversi materiali hanno propriet\u00e0 di scorrimento e contrazione diverse, che possono influenzare la qualit\u00e0 finale del prodotto. \u00c8 consigliabile consultare il produttore in merito alle proprie esigenze specifiche.\n\"`<\/p>\n\n\n\n<figure class=\"wp-block-image aligncenter is-resized\"><img loading=\"lazy\" decoding=\"async\" width=\"500\" height=\"368\" src=\"https:\/\/myplasticmold.com\/wp-content\/uploads\/2020\/10\/stool-mould1_qkxoap.jpg\" alt=\"stampo per sgabello\" class=\"wp-image-372\" style=\"width:715px;height:526px\" srcset=\"https:\/\/myplasticmold.com\/wp-content\/uploads\/2020\/10\/stool-mould1_qkxoap.jpg 500w, https:\/\/myplasticmold.com\/wp-content\/uploads\/2020\/10\/stool-mould1_qkxoap-300x221.jpg 300w\" sizes=\"auto, (max-width: 500px) 100vw, 500px\" \/><\/figure>\n\n\n\n<div class=\"wp-block-qubely-row alignfull qubely-section qubely-block-6d709b\" data-qubelyanimation=\"{&quot;animation&quot;:&quot;bounce&quot;,&quot;name&quot;:&quot;bounceCenter&quot;,&quot;repeat&quot;:&quot;once&quot;,&quot;direction&quot;:&quot;Center&quot;,&quot;duration&quot;:1000,&quot;delay&quot;:0,&quot;curve&quot;:&quot;ease-in-out&quot;,&quot;openAnimation&quot;:1}\"><div class=\"qubely-shape-divider qubely-top-shape\"><svg xmlns=\"http:\/\/www.w3.org\/2000\/svg\" viewbox=\"0 0 1000 80\" preserveaspectratio=\"none\">\n    <path d=\"M0,0V71.07l.22.05c2.83,1,7.45-4.57,7.45-4.57s13.36,6.34,14.9,6.6S30,76.45,30,76.45L36.7,71.5s5.4,6,8,4.95,16.19-8.88,17.73-3.55S64.2,80,65,80s5.4-5.59,6.42-5.59,11,2.79,11.82,2.79,7.71-5.84,9.25-6.6,18.24.51,22.1,2.66,14.13.13,19.79,0,25.18,1.9,25.18,1.9l8.48-1.9s0-5.46,1.8-5.2,9.25.51,9.25.51L180.34,65s20.81,2,22.1,2,2.31-3.81,4.37-3.81,14.13,3.81,15.42,3.81,9.25-3.55,11.56-3.81,8.48,5.08,10.28,5.58,55-6.6,55-6.6-.26-5.33,4.88-3.55,15.16,1.27,19.53,2,3.34,6.34,7.71,2.54,5.65-7.36,8.22-6.09,10.28,2.28,11,2.28,4.37-8.12,7.19-6.6,21.59,12.5,30.06,13.48,13.1-10.44,13.1-10.44l13.1,2.54s7.71,10.15,16.19,11.17,11,6.34,19.27,3.55,17.73-9.39,20-8.38,17.47-6.6,18.24-6.85,8.74.76,16.44.25,9.51-5.52,9.51-5.52,25.69-1.08,28.78,1.21,3.6,4.31,6.68,4.31,12.33-5.84,22.35-3.55,26,6.34,27.49,7.11,10.28-5.58,10.28-5.58,5.14,4.57,6.42,5.84,6.17.76,9.25,0,3.85-9.14,10-5.08,20.3-5.08,25.44,1S667,64,667,64s6.68-11.42,14.39-9.9S710.16,66.2,710.16,66.2l6.42-5.49,27.24-1.27s-1.28-7.11,6.17-5.33,10-.89,11-1.71,5.14-3.49,9,0,25.44,8.31,32.89,8.31,15.93-6.35,22.61-4.57,13.36-1.52,14.39-2-.77-4.65,6.42-3.47,19-.76,20.58-.25,6.17-.76,11.31-1.78,6.34-11.63,12.25-4.27,8.68,5.28,11.51,6.74,7.45,1.33,9.25,0-1.54-7.93,7.19-5.39,4.17,3.48,10.08,3,14.13,4.06,14.13,4.06,10.79-2,13.11-2.28,9.25-4.57,12.59-2.79,6.17,1.52,9,2.28,10-.51,11.82-1.78,2.57-6.35,7.71-3.55a11.91,11.91,0,0,1,3.14,2.18V0Z\" style=\"opacity:0.66\"\/>\n    <path d=\"M0,0V59.17c4.84-3,4.08,1,5.36-.23s0,0,2.57-1.27,3.08.51,7.19,1,2.83,2.54,2.83,2.54,8.74,5.08,10.28,4.57,4.88-9.14,4.37-10.15S40,61.22,40,61.22l4.37,3.3s9.76,2,11,1a59.11,59.11,0,0,1,8-4.57c1.8-.76,4.11,2.28,6.68,2.79s8.74,3.81,8.74,3.81S90.92,60.71,94,60.21s16.7,3.55,17.47,2,11.82-3,13.1-2.79,8.48,10.91,8.48,10.91l30.83-.51s6.68-6.09,7.45-7.61.26-1.78.26-1.78,9-4.57,10-4.57S193.18,61,193.18,61s10.54-4.06,14.39-5.08,6.68,1.52,12.85-2,19.79-2.79,20.56-3.3,7.45-6.34,12.85-9.39,11.31.76,13.1.76,7.71,5.33,10.79,4.57,10.28-5.33,13.62-5.33,2.83,2.28,10.28,1.78,5.91.51,12.59,4.32,8-2.29,12.85-3.55,1.8.25,4.63-.51a19,19,0,0,1,5.65-.76c1.29,0,2.57,1.52,8.74,3.55s5.91-.76,9.25-1.78,8.22-3.3,18.76-10.15,2.57,5.33,6.94,6.85,22.87,3.55,24.41,2,4.37-3,7.2-4.57,2.82-.51,3.59-.51,9,2.54,11.31,4.06,3.85,4.57,6.17,4.57,4.62-2.54,11-3.55-.26,4.82,0,5.58,2.06,0,5.4-.25,4.88-2.79,9.76-2.79,5.14,3.3,8.48,4.06,2.83,0,10.54-3.81,6.68-1.78,14.9-3.55,22.61,6.85,24.41,6.09,4.88-1.27,11.3-2.54,11.56,3,16.19,5.58,5.14-1.52,8.74-5.08,12.08.25,14.9.25,9.25-.25,13.36-.51,5.14-3,13.88-5.08,8,4.57,14.65,3.55,14.13-1.27,28-5.08,6.42,3,10.79,5.58,9,1.78,11.56,1.52S676,39.65,679.84,36.35s9.51,4.31,16.19,8.12,9.25,3.81,14.13,1.78,9.51-4.82,14.9-7.87,5.4,5.84,10,2.79,15.42.76,17.21-.25,8.48.76,15.42-1,1.8,2,7.45,6.85,3.08-2.29,15.42,1,28.52-2.29,32.89-3,4.88,5.33,9.25,5.84,5.4-4.82,9.76-7.87,17-.76,20.56-2a17.22,17.22,0,0,0,6.17-4.06s13.36,0,15.16-1.52,10.28-.76,13.36-.76,26,4.57,35.2,2.79,11.82-7.62,16.44-10.91,23.13,2.54,30.32,2.54,20.3-2.54,20.3-2.54V0Z\"\/>\n<\/svg><\/div><div class=\"qubely-row-overlay\"><\/div><div class=\"qubely-container\"><div class=\"qubely-row\">\n<div class=\"wp-block-qubely-column qubely-column qubely-column-front qubely-block-979111\"><div class=\"qubely-column-inner\">\n<div class=\"wp-block-qubely-testimonial qubely-block-8b23ca\"><div class=\"qubely-block-testimonial\"><div class=\"qubely-testimonial-author\"><div class=\"qubely-testimonial-avatar-layout-top\"><img decoding=\"async\" class=\"qubely-testimonial-avatar\" src=\"https:\/\/myplasticmold.com\/wp-content\/uploads\/2022\/05\/engineers-strategy-business-growth-develop.png\" srcset=\"\" alt=\"\"\/><div class=\"qubely-testimonial-author-info\"><div class=\"qubely-testimonial-author-name\"><span>Cristiano<\/span><\/div><div class=\"qubely-testimonial-author-designation\"><span>Professionale<\/span><\/div><\/div><\/div><\/div><div class=\"qubely-testimonial-content\"><div>\"Sono lieto di informarvi che tutte le parti in plastica sono perfette!!! Siamo entusiasti e quindi ci sono buone possibilit\u00e0 di continuare il nostro rapporto per qualsiasi nuovo progetto in arrivo.\"<\/div><\/div><\/div><\/div>\n<\/div><\/div>\n\n\n\n<div class=\"wp-block-qubely-column qubely-column qubely-column-front qubely-block-75ae4f\"><div class=\"qubely-column-inner\">\n<div class=\"wp-block-qubely-testimonial qubely-block-0139b5\"><div class=\"qubely-block-testimonial\"><div class=\"qubely-testimonial-author\"><div class=\"qubely-testimonial-avatar-layout-top\"><img decoding=\"async\" class=\"qubely-testimonial-avatar\" src=\"https:\/\/myplasticmold.com\/wp-content\/uploads\/2022\/05\/developers-growth-marketing-service-team.png\" srcset=\"\" alt=\"\"\/><div class=\"qubely-testimonial-author-info\"><div class=\"qubely-testimonial-author-name\"><span>Paulo<\/span><\/div><div class=\"qubely-testimonial-author-designation\"><span>Professionale<\/span><\/div><\/div><\/div><\/div><div class=\"qubely-testimonial-content\"><div>\"Steven \u00e8 un eccellente professionista con una grande conoscenza e pratica tecnica\".<\/div><\/div><\/div><\/div>\n<\/div><\/div>\n\n\n\n<div class=\"wp-block-qubely-column qubely-column qubely-column-front qubely-block-dbe56d\"><div class=\"qubely-column-inner\">\n<div class=\"wp-block-qubely-testimonial qubely-block-bc0b23\"><div class=\"qubely-block-testimonial\"><div class=\"qubely-testimonial-author\"><div class=\"qubely-testimonial-avatar-layout-top\"><img decoding=\"async\" class=\"qubely-testimonial-avatar\" src=\"https:\/\/myplasticmold.com\/wp-content\/uploads\/2022\/05\/engineers-strategy-business-growth-develop.png\" srcset=\"\" alt=\"\"\/><div class=\"qubely-testimonial-author-info\"><div class=\"qubely-testimonial-author-name\"><span>Davide<\/span><\/div><div class=\"qubely-testimonial-author-designation\"><span>CEO aziendale<\/span><\/div><\/div><\/div><\/div><div class=\"qubely-testimonial-content\"><div>\"Steven \u00e8 un project manager e un ingegnere molto attento ai dettagli, in grado di risolvere i problemi in modo creativo e di fornire un servizio eccellente. \u00c8 stato un piacere lavorare con lui\".<\/div><\/div><\/div><\/div>\n<\/div><\/div>\n<\/div><\/div><\/div>\n\n\n\n<h1 class=\"wp-block-heading\">muffa di plastica dello sgabello, progettazione della muffa dello sgabello della toilette<\/h1>\n\n\n\n<p>I progettisti devono capire che, sia che la cavit\u00e0 sia chiusa sul bordo o vicino al centro dello sgabello, la maggior parte o tutta la plastica fluir\u00e0 verso la linea di separazione.<\/p>\n\n\n\n<p>L'aria che si trovava all'interno dell'intercapedine prima del bloccaggio dello stampo deve ora fuoriuscire in<\/p>\n\n\n\n<ul class=\"wp-block-list\">\n<li><strong>permettono di riempire facilmente la cavit\u00e0,<\/strong><\/li>\n\n\n\n<li><strong>evitare la bruciatura del bordo anteriore del materiale plastico, oppure<\/strong><\/li>\n\n\n\n<li><strong>eliminare la possibilit\u00e0 che si formino punti non riempiti nel prodotto.<\/strong><\/li>\n<\/ul>\n\n\n\n<figure class=\"wp-block-image aligncenter\"><img loading=\"lazy\" decoding=\"async\" width=\"397\" height=\"268\" src=\"https:\/\/myplasticmold.com\/wp-content\/uploads\/2020\/10\/201204111335431_qm7fn8.jpg\" alt=\"stampo per sgabello in plastica\" class=\"wp-image-368\" srcset=\"https:\/\/myplasticmold.com\/wp-content\/uploads\/2020\/10\/201204111335431_qm7fn8.jpg 397w, https:\/\/myplasticmold.com\/wp-content\/uploads\/2020\/10\/201204111335431_qm7fn8-300x203.jpg 300w\" sizes=\"auto, (max-width: 397px) 100vw, 397px\" \/><\/figure>\n\n\n\n<p>Lo sfiato sulla linea di divisione non \u00e8 un problema; pertanto, una superficie che termina in quel punto pu\u00f2 sempre essere ben sfiatata con metodi semplici e ben noti al progettista dello stampo.<\/p>\n\n\n\n<p>(Purtroppo non si pu\u00f2 dire lo stesso per lo sfiato di centine, mozzi e cos\u00ec via; questo aspetto sar\u00e0 trattato pi\u00f9 avanti).<\/p>\n\n\n\n<p>La forma del prodotto, in corrispondenza della linea di separazione, richiede considerazioni particolari:<\/p>\n\n\n\n<ul class=\"wp-block-list\">\n<li><strong>Quale forma \u00e8 richiesta per il prodotto? Uno spigolo vivo? Un bordo arrotondato?<\/strong><\/li>\n\n\n\n<li><strong>Quale forma \u00e8 pi\u00f9 facile da produrre quando si costruisce lo stampo?<\/strong><\/li>\n<\/ul>\n\n\n\n<p>Nella Fig. seguente, la superficie della parete termina con un angolo acuto (5) all'esterno (la linea di demarcazione) e con un raggio&nbsp;<em>(R)<\/em>&nbsp;all'interno. Questa \u00e8 una forma \"naturale\".<\/p>\n\n\n\n<p>L'angolo&nbsp;<em>S<\/em>&nbsp;\u00e8 tagliente perch\u00e9 due parti dello stampo si incontrano in quel punto.<\/p>\n\n\n\n<p>Il raggio R rappresenta l'angolo di taglio dell'utensile di fresatura, tornitura o rettifica utilizzato per produrre questo angolo.<\/p>\n\n\n\n<p>Per aumentare la resistenza del nucleo (per ridurre l'effetto di intaglio e la conseguente debolezza del nucleo), il raggio R dovrebbe essere il pi\u00f9 grande possibile.<\/p>\n\n\n\n<p>Non \u00e8 pratico specificare un raggio d'angolo inferiore a 0,25 mm (0,010 in.). Con questa forma (Fig. 1), non ci sono problemi di disallineamento tra cavit\u00e0 e nucleo.<\/p>\n\n\n\n<figure class=\"wp-block-image aligncenter\"><img loading=\"lazy\" decoding=\"async\" width=\"706\" height=\"207\" src=\"https:\/\/myplasticmold.com\/wp-content\/uploads\/2012\/07\/20160322170651.png\" alt=\"stampo per sgabello in plastica\" class=\"wp-image-5142\" srcset=\"https:\/\/myplasticmold.com\/wp-content\/uploads\/2012\/07\/20160322170651.png 706w, https:\/\/myplasticmold.com\/wp-content\/uploads\/2012\/07\/20160322170651-300x88.png 300w\" sizes=\"auto, (max-width: 706px) 100vw, 706px\" \/><\/figure>\n\n\n\n<p class=\"has-text-align-center\">Fig. 1<\/p>\n\n\n\n<figure class=\"wp-block-image aligncenter\"><img loading=\"lazy\" decoding=\"async\" width=\"685\" height=\"213\" src=\"https:\/\/myplasticmold.com\/wp-content\/uploads\/2012\/07\/20160322170705.png\" alt=\"20160322170705\" class=\"wp-image-5143\" srcset=\"https:\/\/myplasticmold.com\/wp-content\/uploads\/2012\/07\/20160322170705.png 685w, https:\/\/myplasticmold.com\/wp-content\/uploads\/2012\/07\/20160322170705-300x93.png 300w\" sizes=\"auto, (max-width: 685px) 100vw, 685px\" \/><\/figure>\n\n\n\n<p class=\"has-text-align-center\">Fig. 2<\/p>\n\n\n\n<p>Anche il raggio all'interno della cavit\u00e0 illustrata nella Fig. 4.12 dovrebbe essere il pi\u00f9 ampio possibile, in parte per le stesse ragioni (resistenza), ma anche perch\u00e9 un bordo rotondo migliorer\u00e0 le condizioni di stampaggio consentendo un flusso pi\u00f9 agevole attorno al raggio.<\/p>\n\n\n\n<p>Al contrario, uno spigolo vivo aumenta lo spessore del prodotto senza aumentarne la resistenza.<\/p>\n\n\n\n<p>L'angolo acuto nella parte superiore dell'anima \u00e8 facile da realizzare, ma non \u00e8 una buona forma per il flusso di plastica.<\/p>\n\n\n\n<p>Analizzeremo quest'area in particolare pi\u00f9 avanti.<\/p>\n\n\n\n<figure class=\"wp-block-image aligncenter wp-image-5929\"><img decoding=\"async\" src=\"https:\/\/myplasticmold.com\/wp-content\/uploads\/2020\/04\/12_g74pep.jpg\" alt=\"stampista di sgabelli\" class=\"wp-image-5929\"\/><figcaption class=\"wp-element-caption\">stampo per sgabello<\/figcaption><\/figure>\n\n\n\n<p>Nella Fig. 1, il <strong>stampo per sgabello in plastica&nbsp;<\/strong>Il progetto richiede un bordo arrotondato all'estremit\u00e0 della parete laterale, quindi la linea di demarcazione deve essere spostata nel punto in cui il raggio incontra la parete esterna creata dalla cavit\u00e0.<\/p>\n\n\n\n<p>Di solito non ci sono ragioni particolari contro questo design, se non il fatto che \u00e8 un po' pi\u00f9 costoso da produrre.<\/p>\n\n\n\n<p>Per i prodotti molto leggeri, in particolare quando si utilizza l'espulsione con stripper, il raggio tagliato nello stripper potrebbe far s\u00ec che il prodotto rimanga appeso e non cada dallo stampo.<\/p>\n\n\n\n<p>Per assicurarsi che tutti i pezzi siano stati espulsi, possono essere necessarie caratteristiche speciali dello stampo, come il soffio d'aria o i tergicristalli.<\/p>\n\n\n\n<p>Di solito non ci sono problemi con i pezzi stampati pi\u00f9 pesanti, che pesano forse 20 grammi o pi\u00f9.<\/p>\n\n\n\n<p>Il problema principale di un bordo arrotondato all'estremit\u00e0 della parete \u00e8 la possibilit\u00e0 di un disallineamento tra la cavit\u00e0 e il nucleo, che pu\u00f2 portare a un piccolo ma netto spigolo (cresta) che potrebbe non essere accettabile per il prodotto (Fig. 2).<\/p>\n\n\n\n<p>Un esempio \u00e8 il bordo di una tazza per bere, dove una cresta potrebbe risultare sgradevole per le labbra quando si beve da tale tazza.<\/p>\n\n\n\n<p>Esistono diversi metodi per evitare o nascondere il mismatch su <strong>stampo per sgabello<\/strong>:<\/p>\n\n\n\n<ol class=\"wp-block-list\">\n<li>Ridurre le tolleranze significative di anime e cavit\u00e0 e sulle dimensioni che influenzano l'allineamento (elementi) della plastica. <a href=\"https:\/\/myplasticmold.com\/it\/stampo-per-sgabello-in-plastica\" target=\"_blank\" rel=\"noopener noreferrer\">stampo per sgabello<\/a>. Questo pu\u00f2 essere&nbsp;<em>molto costoso&nbsp;<\/em>ma pu\u00f2 (e deve) essere fatto con stampi di produzione di massa di alta qualit\u00e0 per garantire che tutti i prodotti siano il pi\u00f9 possibile vicini alla forma ideale e che i componenti dello stampo siano intercambiabili.<\/li>\n\n\n\n<li>Correggere il <strong>stampo per sgabello in plastica<\/strong> dopo che \u00e8 stato completato e testato: le aree non corrispondenti vengono mescolate a mano, smerigliando le creste incriminate. Si tratta di un'operazione frequente, ma sconsigliata perch\u00e9, negli stampi multicavit\u00e0 o quando si utilizzano pi\u00f9 stampi identici per lo stesso prodotto, ogni prodotto, da ogni cavit\u00e0, pu\u00f2 essere diverso.<\/li>\n\n\n\n<li>Decidere su quale lato una cresta avrebbe l'effetto meno sgradevole per l'utente finale o per le prestazioni del prodotto, e quindi dimensionare un lato diverso dall'altro in modo che, nel peggiore dei casi possibili (tutte le tolleranze nella \"direzione sbagliata\"), il pezzo sia ancora accettabile per l'uso previsto. In questo caso, l'incavo semicircolare dello spogliatore \u00e8 intenzionalmente leggermente pi\u00f9 piccolo dello spessore del bordo. Con tutte le tolleranze nella direzione \"ideale\", ci sar\u00e0 una cresta minima. Con tutte le tolleranze che si sommano nella direzione sbagliata, il passo della cresta sar\u00e0 la somma delle tolleranze, ma sar\u00e0 comunque accettabile. Nel caso di un contenitore rotondo, le dimensioni interessate sono i diametri del bordo nella cavit\u00e0, dell'anima e\/o dell'anello di spellatura.<\/li>\n<\/ol>\n\n\n\n<p>Metodi simili vengono utilizzati per evitare qualsiasi disallineamento della linea di divisione, indipendentemente dalla forma plastica della linea di divisione: rotonda, ovale, rettangolare, irregolare o sfalsata.<\/p>\n\n\n\n<p>La sfida pi\u00f9 difficile \u00e8 quella di prevedere i punti in cui pu\u00f2 verificarsi un disallineamento e di determinare come dimensionare il prodotto.<\/p>\n\n\n\n<figure class=\"wp-block-image aligncenter wp-image-6387\"><img loading=\"lazy\" decoding=\"async\" width=\"960\" height=\"1280\" src=\"https:\/\/myplasticmold.com\/wp-content\/uploads\/2020\/04\/mmexport1497921563224_blv9d5.jpg\" alt=\"stampista di sgabelli\" class=\"wp-image-6387\" srcset=\"https:\/\/myplasticmold.com\/wp-content\/uploads\/2020\/04\/mmexport1497921563224_blv9d5.jpg 960w, https:\/\/myplasticmold.com\/wp-content\/uploads\/2020\/04\/mmexport1497921563224_blv9d5-225x300.jpg 225w, https:\/\/myplasticmold.com\/wp-content\/uploads\/2020\/04\/mmexport1497921563224_blv9d5-768x1024.jpg 768w\" sizes=\"auto, (max-width: 960px) 100vw, 960px\" \/><figcaption class=\"wp-element-caption\">stampo per sgabello<\/figcaption><\/figure>","protected":false},"excerpt":{"rendered":"<p>Looking for a manufacturer and designer of plastic stool mould that can enhance the profitability of your company? Featuring a full-service, custom stool mould offering, Topworks Plastic mold is the place to go. Taking care of you is our primary goal. Our ability to produce, manufacture, and distribute stool mould at competitive prices meets the [&hellip;]<\/p>\n","protected":false},"author":3,"featured_media":0,"parent":0,"menu_order":0,"comment_status":"open","ping_status":"open","template":"","meta":{"footnotes":""},"class_list":["post-190","page","type-page","status-publish","hentry"],"blocksy_meta":{"styles_descriptor":{"styles":{"desktop":"","tablet":"","mobile":""},"google_fonts":[],"version":6}},"_links":{"self":[{"href":"https:\/\/myplasticmold.com\/it\/wp-json\/wp\/v2\/pages\/190","targetHints":{"allow":["GET"]}}],"collection":[{"href":"https:\/\/myplasticmold.com\/it\/wp-json\/wp\/v2\/pages"}],"about":[{"href":"https:\/\/myplasticmold.com\/it\/wp-json\/wp\/v2\/types\/page"}],"author":[{"embeddable":true,"href":"https:\/\/myplasticmold.com\/it\/wp-json\/wp\/v2\/users\/3"}],"replies":[{"embeddable":true,"href":"https:\/\/myplasticmold.com\/it\/wp-json\/wp\/v2\/comments?post=190"}],"version-history":[{"count":0,"href":"https:\/\/myplasticmold.com\/it\/wp-json\/wp\/v2\/pages\/190\/revisions"}],"wp:attachment":[{"href":"https:\/\/myplasticmold.com\/it\/wp-json\/wp\/v2\/media?parent=190"}],"curies":[{"name":"wp","href":"https:\/\/api.w.org\/{rel}","templated":true}]}}