{"id":188,"date":"2012-07-15T09:50:04","date_gmt":"2012-07-15T09:50:04","guid":{"rendered":"https:\/\/myplasticmold.com\/?page_id=188"},"modified":"2025-10-28T10:53:41","modified_gmt":"2025-10-28T02:53:41","slug":"stampo-per-sedia-in-plastica","status":"publish","type":"page","link":"https:\/\/myplasticmold.com\/it\/stampo-per-sedia-in-plastica","title":{"rendered":"Sedia Mould, sedia stampata in plastica produttore in Cina"},"content":{"rendered":"<div class=\"wp-block-stackable-columns stk-block-columns stk-block stk-88f6981\" data-block-id=\"88f6981\"><div class=\"stk-row stk-inner-blocks stk-block-content stk-content-align stk-88f6981-column\">\n<div class=\"wp-block-stackable-column stk-block-column stk-column stk-block stk-4987bde\" data-v=\"4\" data-block-id=\"4987bde\"><div class=\"stk-column-wrapper stk-block-column__content stk-container stk-4987bde-container stk--no-background stk--no-padding\"><div class=\"stk-block-content stk-inner-blocks stk-4987bde-inner-blocks\">\n<div class=\"wp-block-stackable-heading stk-block-heading stk-block-heading--v2 stk-block stk-81a8695\" id=\"what-is-chair-mould\" data-block-id=\"81a8695\"><h2 class=\"stk-block-heading__text\">Che cos'\u00e8 lo stampo per sedie?<\/h2><\/div>\n\n\n\n<div class=\"wp-block-stackable-text stk-block-text stk-block stk-f96ac95\" data-block-id=\"f96ac95\"><p class=\"stk-block-text__text\">Uno stampo per sedie funziona come uno strumento di produzione avanzato che produce componenti per sedie di alto livello. L'efficienza della produzione dipende dagli stampi per sedie, che garantiscono precisione e durata.<\/p><\/div>\n<\/div><\/div><\/div>\n\n\n\n<div class=\"wp-block-stackable-column stk-block-column stk-column stk-block stk-e34a65a\" data-v=\"4\" data-block-id=\"e34a65a\"><div class=\"stk-column-wrapper stk-block-column__content stk-container stk-e34a65a-container stk--no-background stk--no-padding\"><div class=\"stk-block-content stk-inner-blocks stk-e34a65a-inner-blocks\">\n<figure class=\"wp-block-embed is-type-video is-provider-youtube wp-block-embed-youtube wp-embed-aspect-16-9 wp-has-aspect-ratio\"><div class=\"wp-block-embed__wrapper\">\n<iframe loading=\"lazy\" title=\"Un&#039;azienda cinese di stampi in plastica e stampaggio a iniezione\" width=\"563\" height=\"1000\" src=\"https:\/\/www.youtube.com\/embed\/dzL2S9z4R3s?feature=oembed\" frameborder=\"0\" allow=\"accelerometer; autoplay; clipboard-write; encrypted-media; gyroscope; picture-in-picture; web-share\" referrerpolicy=\"strict-origin-when-cross-origin\" allowfullscreen><\/iframe>\n<\/div><\/figure>\n<\/div><\/div><\/div>\n<\/div><\/div>\n\n\n\n<ol class=\"wp-block-list\">\n<li><strong>Valutare i fornitori:<\/strong><br><p>Ricercate i fornitori di stampi per sedie che si sono guadagnati una buona reputazione. La scelta del produttore influisce direttamente sul funzionamento dello stampo.<\/p><\/li>\n\n\n\n<li><strong>Valutare il design:<\/strong><br><p>Verificate i diversi requisiti di progettazione disponibili per gli stampi per sedie. Con stampi ben fatti si ottiene una maggiore efficienza produttiva.<\/p><\/li>\n\n\n\n<li><strong>Chiedete dei campioni:<\/strong><br><p>Richiedete campioni di stampi per sedie a diversi produttori. \u00c8 necessario verificare la qualit\u00e0 e le funzioni di uno stampo per sedie richiedendo campioni a diversi produttori.<\/p><\/li>\n\n\n\n<li><strong>Effettuare un ordine:<\/strong><br><p>Ordinate lo stampo della sedia dopo che siete soddisfatti dei campioni e che il prodotto \u00e8 conforme alle vostre esigenze.<\/p><\/li>\n<\/ol>\n\n\n\n<h2 class=\"wp-block-heading\">Scenari d'uso<\/h2>\n\n\n\n<ul class=\"wp-block-list\">\n<li>La produzione efficiente di molte parti di sedie \u00e8 possibile grazie all'uso della produzione di massa.<\/li>\n\n\n\n<li>Mobili su misura: Un modo perfetto per realizzare sedie adatte alle esigenze uniche di un cliente.<\/li>\n\n\n\n<li>Realizzare un prototipo: Un'ottima soluzione per verificare il progetto di una sedia prima di costruirla su scala pi\u00f9 ampia.<\/li>\n<\/ul>\n\n\n\n<h1 class=\"wp-block-heading\">Stampo per sedia, sedia stampata in plastica<\/h1>\n\n\n\n<div class=\"wp-block-stackable-columns stk-block-columns stk-block stk-dad9bac\" data-block-id=\"dad9bac\"><div class=\"stk-row stk-inner-blocks stk-block-content stk-content-align stk-dad9bac-column\">\n<div class=\"wp-block-stackable-column stk-block-column stk-column stk-block stk-a279f90\" data-v=\"4\" data-block-id=\"a279f90\"><style>.stk-a279f90 {align-self:flex-start !important;}<\/style><div class=\"stk-column-wrapper stk-block-column__content stk-container stk-a279f90-container stk--no-background stk--no-padding\"><div class=\"has-text-align-left stk-block-content stk-inner-blocks stk-a279f90-inner-blocks\">\n<div class=\"wp-block-group is-content-justification-center is-layout-constrained wp-block-group-is-layout-constrained\">\n<p>Presentiamo il nostro avanzato stampo per sedie che soddisfa tutti i requisiti dell'industria al loro massimo livello. La nostra esperienza nella produzione di stampi ci permette di fornire un prodotto che offre una qualit\u00e0 eccezionale insieme a prestazioni di punta.<\/p>\n\n\n\n<h2 class=\"wp-block-heading\">Capacit\u00e0 di produzione in grandi volumi<\/h2>\n\n\n\n<p>Siamo in grado di creare molti stampi per sedie utilizzando processi avanzati senza abbassare il livello di qualit\u00e0. Grazie a questo sistema efficace, riceverete gli stampi per sedie senza ritardi, il che lo rende la soluzione migliore per i produttori che necessitano di velocit\u00e0 di produzione pi\u00f9 elevate.<\/p>\n\n\n\n<h2 class=\"wp-block-heading\">Consegna rapida e affidabile del progetto<\/h2>\n\n\n\n<p>Il design dei nostri stampi per sedie enfatizza la durata e la precisione. Questi stampi per sedie sono costruiti con materiali durevoli e moderne tecniche di ingegneria che li rendono altamente resistenti all'uso continuo e forniscono risultati eccellenti nella produzione di sedie in base alle vostre esigenze di prodotto. Ogni ciclo di produzione offre risultati eccellenti grazie ai nostri stampi che servono per applicazioni residenziali e commerciali.<\/p>\n<\/div>\n<\/div><\/div><\/div>\n\n\n\n<div class=\"wp-block-stackable-column stk-block-column stk-column stk-block stk-39636b3\" data-v=\"4\" data-block-id=\"39636b3\"><div class=\"stk-column-wrapper stk-block-column__content stk-container stk-39636b3-container stk--no-background stk--no-padding\"><div class=\"stk-block-content stk-inner-blocks stk-39636b3-inner-blocks\">\n<div class=\"wp-block-stackable-image stk-block-image stk-block stk-372bf83\" data-block-id=\"372bf83\"><style>.stk-372bf83 .stk-img-wrapper{width:100% !important;height:617px !important;}.stk-372bf83 .stk-img-wrapper img{object-position:67% 59% !important;}<\/style><figure><span class=\"stk-img-wrapper stk-image--shape-stretch\"><img loading=\"lazy\" decoding=\"async\" class=\"stk-img\" src=\"https:\/\/myplasticmold.com\/wp-content\/uploads\/2020\/08\/chair-mould_rxitz2.jpg\" width=\"100\" height=\"617\" alt=\"stampo per sedia\"\/><\/span><\/figure><\/div>\n<\/div><\/div><\/div>\n<\/div><\/div>\n\n\n\n<div class=\"wp-block-stackable-button-group stk-block-button-group stk-block stk-fb03efd\" data-block-id=\"fb03efd\"><style>.stk-fb03efd .stk-button-group{flex-direction:row !important;}@media screen and (max-width: 1023px){.stk-fb03efd .stk-button-group{flex-direction:row !important;}}@media screen and (max-width: 767px){.stk-fb03efd .stk-button-group{flex-direction:row !important;}}<\/style><div class=\"stk-row stk-inner-blocks has-text-align-center stk-block-content stk-button-group\">\n<div class=\"wp-block-stackable-button stk-block-button has-text-align-center stk-block stk-eea1c25 stk-animate\" data-block-id=\"eea1c25\" data-stk-anim-perspective-in=\"100\" data-stk-anim-perspective-out=\"100\"><style>.stk-eea1c25 {border-top-left-radius:50px !important;border-top-right-radius:50px !important;border-bottom-right-radius:50px !important;border-bottom-left-radius:50px !important;overflow:hidden !important;box-shadow:0 0 0 1px #7878781a !important;min-height:68px !important;max-width:1500px !important;min-width:auto !important;padding-top:0px !important;padding-right:0px !important;padding-bottom:0px !important;padding-left:0px !important;margin-right:auto !important;margin-left:auto !important;flex:1 0 var(--stk-button-group-flex-wrap, 0) !important;}.stk-eea1c25 , .stk-eea1c25 .stk-button{width:100% !important;}.stk-eea1c25 .stk-button__inner-text{font-size:43px !important;}@media screen and (max-width: 1023px){.stk-eea1c25 .stk-button__inner-text{font-size:43px !important;}}<\/style><a class=\"stk-link stk-button stk--hover-effect-scale\" href=\"https:\/\/myplasticmold.com\/contact-us-2\/\" target=\"_blank\" rel=\"noreferrer noopener\"><span class=\"stk-button__inner-text\"><strong>30% inferiore e 10 giorni in meno<\/strong><\/span><\/a><\/div>\n<\/div><\/div>\n\n\n\n<figure class=\"wp-block-embed is-type-video is-provider-youtube wp-block-embed-youtube wp-embed-aspect-16-9 wp-has-aspect-ratio\"><div class=\"wp-block-embed__wrapper\">\n<iframe loading=\"lazy\" title=\"Guida definitiva agli stampi per sedie: Progettazione, produzione e vantaggi\" width=\"1220\" height=\"686\" src=\"https:\/\/www.youtube.com\/embed\/ALzRxQo78UU?feature=oembed\" frameborder=\"0\" allow=\"accelerometer; autoplay; clipboard-write; encrypted-media; gyroscope; picture-in-picture; web-share\" referrerpolicy=\"strict-origin-when-cross-origin\" allowfullscreen><\/iframe>\n<\/div><\/figure>\n\n\n\n<div class=\"wp-block-stackable-columns stk-block-columns stk-block stk-c28cb1b\" data-block-id=\"c28cb1b\"><div class=\"stk-row stk-inner-blocks stk-block-content stk-content-align stk-c28cb1b-column\">\n<div class=\"wp-block-stackable-column stk-block-column stk-column stk-block stk-3c0d64d\" data-v=\"4\" data-block-id=\"3c0d64d\"><div class=\"stk-column-wrapper stk-block-column__content stk-container stk-3c0d64d-container stk--no-background stk--no-padding\"><div class=\"stk-block-content stk-inner-blocks stk-3c0d64d-inner-blocks\">\n<div class=\"wp-block-stackable-image stk-block-image stk-block stk-1271415\" data-block-id=\"1271415\"><figure><span class=\"stk-img-wrapper stk-image--shape-stretch\"><img loading=\"lazy\" decoding=\"async\" class=\"stk-img\" src=\"https:\/\/myplasticmold.com\/wp-content\/uploads\/2020\/08\/chair_mould_maker_ghmapd.jpg\" width=\"150\" height=\"300\" alt=\"stampo per sedia\"\/><\/span><\/figure><\/div>\n<\/div><\/div><\/div>\n\n\n\n<div class=\"wp-block-stackable-column stk-block-column stk-column stk-block stk-2dc23ed\" data-v=\"4\" data-block-id=\"2dc23ed\"><style>.stk-2dc23ed {align-self:flex-start !important;}<\/style><div class=\"stk-column-wrapper stk-block-column__content stk-container stk-2dc23ed-container stk--no-background stk--no-padding\"><div class=\"has-text-align-left stk-block-content stk-inner-blocks stk-2dc23ed-inner-blocks\">\n<p>Il team di supporto tecnico fornisce assistenza continua a tutti gli utenti dei nostri prodotti. Il team di esperti \u00e8 a disposizione per fornire supporto e rispondere a qualsiasi domanda, in modo che il vostro processo produttivo si integri senza problemi con i nostri stampi per sedie. <\/p>\n\n\n\n<p>Il nostro stampo per sedie rappresenta una tecnologia di produzione affidabile che combina esperienza, eccellenza operativa e produttivit\u00e0. Siamo pronti a discutere con voi le opzioni di supporto commerciale nell'ambito delle nostre attuali iniziative di contatto.<\/p>\n<\/div><\/div><\/div>\n<\/div><\/div>\n\n\n\n<div class=\"wp-block-stackable-columns stk-block-columns stk-block stk-b0dd61a\" data-block-id=\"b0dd61a\"><div class=\"stk-row stk-inner-blocks stk-block-content stk-content-align stk-b0dd61a-column\">\n<div class=\"wp-block-stackable-column stk-block-column stk-column stk-block stk-4f13d87\" data-v=\"4\" data-block-id=\"4f13d87\"><style>.stk-4f13d87 {align-self:flex-start !important;}<\/style><div class=\"stk-column-wrapper stk-block-column__content stk-container stk-4f13d87-container stk--no-background stk--no-padding\"><div class=\"has-text-align-left stk-block-content stk-inner-blocks stk-4f13d87-inner-blocks\">\n<div class=\"wp-block-group is-content-justification-center is-layout-constrained wp-block-group-is-layout-constrained\">\n<p>Topworks \u00e8 in grado di creare stampi per sedie completamente costruiti utilizzando plastica e acciaio di prima qualit\u00e0, il tutto in modo rapido e preciso. Inoltre, \u00e8 possibile personalizzare completamente gli stampi per adattarli alle proprie esigenze.<\/p>\n\n\n\n<p>E il bello \u00e8 che possiamo occuparci di tutte le lavorazioni direttamente da noi. Sia che abbiate bisogno di qualche piccolo stampo per sedie o di un intero gruppo per una grande produzione, siamo a vostra disposizione. La nostra gamma di servizi \u00e8 pensata per soddisfare le esigenze di ogni cliente, facendovi risparmiare tempo e denaro.<\/p>\n<\/div>\n\n\n\n<p><\/p>\n\n\n\n<p>Disposizione dello stampo della sedia<\/p>\n\n\n\n<div class=\"wp-block-group is-content-justification-center is-layout-constrained wp-block-group-is-layout-constrained\">\n<ul class=\"wp-block-list\">\n<li><strong>stampo per sedia<\/strong>:<\/li>\n\n\n\n<li>cavit\u00e0 dello stampo: 1<\/li>\n\n\n\n<li>corridore: corridore caldo<\/li>\n\n\n\n<li>acciaio della cavit\u00e0 dello stampo: P20<\/li>\n\n\n\n<li>acciaio del nucleo dello stampo: P20<\/li>\n\n\n\n<li>inserto di scorrimento per stampi: DIN 1.2738 con nitrurazione<\/li>\n\n\n\n<li>Attivazione dell'inserto centrale: 2 cilindri idraulici<\/li>\n\n\n\n<li>Materiale plastico: HDPE<\/li>\n<\/ul>\n<\/div>\n<\/div><\/div><\/div>\n\n\n\n<div class=\"wp-block-stackable-column stk-block-column stk-column stk-block stk-aa63359\" data-v=\"4\" data-block-id=\"aa63359\"><div class=\"stk-column-wrapper stk-block-column__content stk-container stk-aa63359-container stk--no-background stk--no-padding\"><div class=\"stk-block-content stk-inner-blocks stk-aa63359-inner-blocks\">\n<div class=\"wp-block-stackable-image stk-block-image stk-block stk-fef1416\" data-block-id=\"fef1416\"><style>.stk-fef1416 .stk-img-wrapper{width:100% !important;height:850px !important;}<\/style><figure><span class=\"stk-img-wrapper stk-image--shape-stretch\"><img loading=\"lazy\" decoding=\"async\" class=\"stk-img\" src=\"https:\/\/myplasticmold.com\/wp-content\/uploads\/2020\/08\/FB_IMG_1462969789013_tqlx8d.jpg\" width=\"100\" height=\"850\" alt=\"Azienda cinese produttrice di stampi per sedie\"\/><\/span><\/figure><\/div>\n<\/div><\/div><\/div>\n<\/div><\/div>\n\n\n\n<p><\/p>\n\n\n\n<div class=\"wp-block-stackable-columns stk-block-columns stk-block stk-6bd20d6\" data-block-id=\"6bd20d6\"><div class=\"stk-row stk-inner-blocks stk-block-content stk-content-align stk-6bd20d6-column\">\n<div class=\"wp-block-stackable-column stk-block-column stk-column stk-block stk-e603efe\" data-v=\"4\" data-block-id=\"e603efe\"><div class=\"stk-column-wrapper stk-block-column__content stk-container stk-e603efe-container stk--no-background stk--no-padding\"><div class=\"stk-block-content stk-inner-blocks stk-e603efe-inner-blocks\">\n<h2 class=\"wp-block-heading\">Professionisti dello stampo per sedie Topworks:<\/h2>\n\n\n\n<ol class=\"wp-block-list\">\n<li>Siamo professionisti nella realizzazione di stampi di ogni tipo, come quelli per le toilette, per le sedute delle sedie e persino per le sedie da esterno.<\/li>\n\n\n\n<li>I nostri stampi in plastica per sedie sono di altissimo livello e hanno il giusto prezzo.<\/li>\n\n\n\n<li>Offriamo assistenza regolare per qualsiasi problema tecnico o di servizio.<\/li>\n\n\n\n<li>Il nostro team ha l'esperienza e le competenze necessarie per portare a termine il lavoro.<\/li>\n\n\n\n<li>Gli stampi per sedie che progettiamo sono realizzati da designer qualificati che sanno quello che fanno.<\/li>\n\n\n\n<li>Potete contare sul fatto che i nostri stampi sono resistenti e durano a lungo.<\/li>\n\n\n\n<li>Siamo orgogliosi di fornire un lavoro perfetto e di alta qualit\u00e0.<\/li>\n\n\n\n<li>Potete fidarvi di noi per la consegna puntuale dei vostri stampi per sedie.<\/li>\n<\/ol>\n<\/div><\/div><\/div>\n\n\n\n<div class=\"wp-block-stackable-column stk-block-column stk-column stk-block stk-fb4c595\" data-v=\"4\" data-block-id=\"fb4c595\"><div class=\"stk-column-wrapper stk-block-column__content stk-container stk-fb4c595-container stk--no-background stk--no-padding\"><div class=\"stk-block-content stk-inner-blocks stk-fb4c595-inner-blocks\">\n<figure class=\"wp-block-embed is-type-video is-provider-youtube wp-block-embed-youtube wp-embed-aspect-16-9 wp-has-aspect-ratio\"><div class=\"wp-block-embed__wrapper\">\n<iframe loading=\"lazy\" title=\"Un produttore leader di stampi per sedie con sede in Cina\" width=\"563\" height=\"1000\" src=\"https:\/\/www.youtube.com\/embed\/63uB-Ku3c4k?feature=oembed\" frameborder=\"0\" allow=\"accelerometer; autoplay; clipboard-write; encrypted-media; gyroscope; picture-in-picture; web-share\" referrerpolicy=\"strict-origin-when-cross-origin\" allowfullscreen><\/iframe>\n<\/div><\/figure>\n<\/div><\/div><\/div>\n<\/div><\/div>\n\n\n\n<div class=\"wp-block-stackable-columns stk-block-columns stk-block stk-f73b7cb\" data-block-id=\"f73b7cb\"><div class=\"stk-row stk-inner-blocks stk-block-content stk-content-align stk-f73b7cb-column\">\n<div class=\"wp-block-stackable-column stk-block-column stk-column stk-block stk-6eb11e9\" data-v=\"4\" data-block-id=\"6eb11e9\"><div class=\"stk-column-wrapper stk-block-column__content stk-container stk-6eb11e9-container stk--no-background stk--no-padding\"><div class=\"stk-block-content stk-inner-blocks stk-6eb11e9-inner-blocks\">\n<h2 class=\"wp-block-heading\">FAQ: <\/h2>\n\n\n\n<p><strong>Quali tipi di stampi per sedie e sgabelli offrite?<\/strong>Ci concentriamo sugli stampi per sedie e sgabelli in plastica, che comprendono sedie da pranzo, sedie per il tempo libero all'aperto, poltrone, sedie per bambini e neonati, sgabelli da bar, sgabelli per gradini, sgabelli pieghevoli e sedie. Sulla base dei vostri disegni o campioni, offriamo anche la progettazione personalizzata.<\/p>\n\n\n\n<p><strong>Quali materiali vengono utilizzati per i vostri stampi?<\/strong> Gli acciai per stampi di sedie e sgabelli tipicamente utilizzati sono il P20, il 718, l'S136 e il NAK80, e vengono scelti in base alle esigenze del prodotto e al vostro budget.<\/p>\n\n\n\n<p><strong>Piastra<\/strong>: Stopper standard o personalizzati: perni di guida di alta precisione, boccole, sollevatori, cursori e sistemi di espulsione di SMC e di altri marchi. I sistemi di raffreddamento e di canale caldo sono disponibili su richiesta.<\/p>\n\n\n\n<p><strong>Quali resine plastiche sono adatte allo stampaggio di sedie e sgabelli?<\/strong> PP, HDPE, PC, PA+GF (per le alte resistenze) e, quando possibile, riciclate. In base alla resistenza richiesta, alla finitura superficiale e al prezzo, scegliamo la resina pi\u00f9 adatta.<\/p>\n\n\n\n<p><strong>Potete sviluppare stampi a partire dal mio disegno o campione?<\/strong> S\u00ec. Sviluppiamo stampi da file 2D\/3D (STEP, IGES, DWG) e da campioni fisici. Il nostro team di ingegneri esegue la DFM e propone opzioni per lo spessore delle pareti, gli angoli di sformo, le nervature e le porte, per poi fornirvi un rapporto di fattibilit\u00e0 e un preventivo.<\/p>\n\n\n\n<p><strong>Fornite DFM e ottimizzazione della progettazione?<\/strong> Sicuramente.Assistiamo con il DFM (Design for Manufacturability), l'analisi del flusso dello stampo (riempimento, imballaggio, raffreddamento, deformazione) e le ottimizzazioni strutturali di tempo di ciclo, resistenza e produzione stabile.<\/p>\n\n\n\n<p><strong>Qual \u00e8 il tempo di consegna tipico degli stampi?<\/strong> 30-60 giorni per gli stampi di sedie e sgabelli standard, a partire dall'approvazione del progetto.  I tempi di consegna possono variare a seconda della scelta dell'acciaio, della finitura superficiale e della disponibilit\u00e0 di canali caldi.<\/p>\n\n\n\n<p><strong>Qual \u00e8 il vostro modello di prezzo? <\/strong>I prezzi si basano sulle dimensioni e sulla complessit\u00e0 del prodotto, sulla qualit\u00e0 dell'acciaio, sul numero di cavit\u00e0, sulla struttura della superficie e sui componenti (canale caldo, tiranti idraulici, ecc.) inclusi. Forniamo preventivi dettagliati e specifichiamo l'ambito di lavoro, i termini di consegna e di pagamento e la garanzia.<\/p>\n\n\n\n<p><strong>Quali sono le informazioni necessarie per la citazione?<\/strong> Disegni 2D\/3D del prodotto o foto quotate di sedie o sgabelli (campioni) Materiale di destinazione (resina), peso e spessore delle pareti Volume annuo previsto e tempo di ciclo Tonnellaggio della pressa e specifiche della macchina (iniezione, forza di serraggio, dimensione dei pallini) Superficie richiesta (lucidatura, struttura, colore) e test funzionali<\/p>\n\n\n\n<p><strong>Fornite campioni e prove?<\/strong> S\u00ec. Forniamo pezzi campione, rapporti di prova e suggerimenti per i miglioramenti. Sono disponibili prove a distanza o in loco, video e schede dei parametri. Si eseguono prove su stampi T0\/T1\/T2.<\/p>\n<\/div><\/div><\/div>\n<\/div><\/div>\n\n\n\n<h2 class=\"wp-block-heading\"><strong>Processo di produzione degli stampi per sedie e sedili di toilette<\/strong><\/h2>\n\n\n\n<div class=\"wp-block-stackable-columns stk-block-columns stk-block stk-47c5214\" data-block-id=\"47c5214\"><div class=\"stk-row stk-inner-blocks stk-block-content stk-content-align stk-47c5214-column\">\n<div class=\"wp-block-stackable-column stk-block-column stk-column stk-block stk-e225939\" data-v=\"4\" data-block-id=\"e225939\"><div class=\"stk-column-wrapper stk-block-column__content stk-container stk-e225939-container stk--no-background stk--no-padding\"><div class=\"stk-block-content stk-inner-blocks stk-e225939-inner-blocks\">\n<p>La produzione di stampi per sedie stampi per sedili di toilette comprende generalmente le seguenti azioni:<\/p>\n\n\n\n<ol class=\"wp-block-list\">\n<li><strong>Design e ingegneria<\/strong>\n<ul class=\"wp-block-list\">\n<li>Realizzare schizzi 3D e modelli CAD in base ai requisiti delle sedie.<\/li>\n\n\n\n<li>Utilizzare l'analisi del flusso degli stampi per copiare il processo di produzione delle sedie.<\/li>\n\n\n\n<li>Nucleo, cavit\u00e0, guide ed estrattori fanno parte di uno stampo per sedia di design.<\/li>\n<\/ul>\n<\/li>\n\n\n\n<li><strong>Utensili e lavorazioni meccaniche<\/strong>\n<ul class=\"wp-block-list\">\n<li>I blocchi grezzi vengono modellati in pezzi utilizzando elettroerosione, CNC e processi di produzione simili...<\/li>\n\n\n\n<li>La superficie dello stampo \u00e8 stata resa priva di rugosit\u00e0.<\/li>\n\n\n\n<li>Inserire tutte le parti, cavit\u00e0, anima e altro, nello stampo della sedia.<\/li>\n<\/ul>\n<\/li>\n\n\n\n<li><strong>Test e convalida<\/strong>\n<ul class=\"wp-block-list\">\n<li>Esecuzione di prove a secco per verificare gli stampi e i movimenti della macchina<\/li>\n\n\n\n<li>Eseguire test sui cicli di produzione effettivi e regolare i parametri del processo di produzione.<\/li>\n\n\n\n<li>Verificare che le prestazioni degli stampi per sedie siano in linea con gli standard<\/li>\n<\/ul>\n<\/li>\n\n\n\n<li><strong>Manutenzione e monitoraggio<\/strong>\n<ul class=\"wp-block-list\">\n<li>Assicuratevi di controllare e pulire gli stampi regolarmente.<\/li>\n\n\n\n<li>Controllare costantemente la qualit\u00e0 delle prestazioni.<\/li>\n\n\n\n<li>Sostituire i componenti quando necessario seguendo il programma di manutenzione.<\/li>\n<\/ul>\n<\/li>\n<\/ol>\n\n\n\n<p>L'articolo che segue descrive ciascuna delle fasi principali. Ulteriori spiegazioni possono essere fornite sui metodi specifici, sulle attrezzature, sulle revisioni e sulle convalide in ogni fase della produzione di stampi per sedie e toilette di alta qualit\u00e0.<\/p>\n<\/div><\/div><\/div>\n<\/div><\/div>","protected":false},"excerpt":{"rendered":"<p>What is Chair Mould? A chair mould functions as an advanced manufacturing tool that produces top-tier chair components. The production efficiency depends on chair moulds, which provide both precision and durability. Usage Scenarios Chair Mould, Plastic molded chair We present our advanced Chair Mould which fulfills all industry requirements at their peak. Our seasoned experience [&hellip;]<\/p>\n","protected":false},"author":3,"featured_media":0,"parent":0,"menu_order":0,"comment_status":"closed","ping_status":"open","template":"","meta":{"footnotes":""},"class_list":["post-188","page","type-page","status-publish","hentry"],"blocksy_meta":{"styles_descriptor":{"styles":{"desktop":"","tablet":"","mobile":""},"google_fonts":[],"version":6},"page_structure_type":"type-4"},"_links":{"self":[{"href":"https:\/\/myplasticmold.com\/it\/wp-json\/wp\/v2\/pages\/188","targetHints":{"allow":["GET"]}}],"collection":[{"href":"https:\/\/myplasticmold.com\/it\/wp-json\/wp\/v2\/pages"}],"about":[{"href":"https:\/\/myplasticmold.com\/it\/wp-json\/wp\/v2\/types\/page"}],"author":[{"embeddable":true,"href":"https:\/\/myplasticmold.com\/it\/wp-json\/wp\/v2\/users\/3"}],"replies":[{"embeddable":true,"href":"https:\/\/myplasticmold.com\/it\/wp-json\/wp\/v2\/comments?post=188"}],"version-history":[{"count":2,"href":"https:\/\/myplasticmold.com\/it\/wp-json\/wp\/v2\/pages\/188\/revisions"}],"predecessor-version":[{"id":12677,"href":"https:\/\/myplasticmold.com\/it\/wp-json\/wp\/v2\/pages\/188\/revisions\/12677"}],"wp:attachment":[{"href":"https:\/\/myplasticmold.com\/it\/wp-json\/wp\/v2\/media?parent=188"}],"curies":[{"name":"wp","href":"https:\/\/api.w.org\/{rel}","templated":true}]}}