{"id":9099,"date":"2022-08-31T11:54:28","date_gmt":"2022-08-31T03:54:28","guid":{"rendered":"https:\/\/myplasticmold.com\/?p=9099"},"modified":"2023-07-19T11:43:06","modified_gmt":"2023-07-19T03:43:06","slug":"pourquoi-choisir-le-fabricant-chinois-de-moules-en-plastique","status":"publish","type":"page","link":"https:\/\/myplasticmold.com\/fr\/pourquoi-choisir-le-fabricant-chinois-de-moules-en-plastique","title":{"rendered":"pourquoi choisir le fabricant chinois de moules en plastique ?"},"content":{"rendered":"<p>Il y a de nombreuses raisons de choisir un <a href=\"https:\/\/myplasticmold.com\/fr\/\" target=\"_blank\" rel=\"noreferrer noopener\">Fabricant chinois de moules en plastique<\/a> par rapport \u00e0 d'autres options. Tout d'abord, les fabricants de moules chinois sont g\u00e9n\u00e9ralement beaucoup moins chers que leurs homologues des pays d\u00e9velopp\u00e9s. Cela s'explique par une s\u00e9rie de facteurs, notamment des co\u00fbts de main-d'\u0153uvre moins \u00e9lev\u00e9s et des r\u00e9glementations moins nombreuses.<\/p>\n\n\n\n<p>Les fabricants de moules chinois ont acc\u00e8s \u00e0 un vaste vivier d'ing\u00e9nieurs sp\u00e9cialis\u00e9s dans les moules et disposant d'un large \u00e9ventail de comp\u00e9tences. Cela signifie que vous pouvez trouver un fabricant sp\u00e9cialis\u00e9 dans le type de moule en plastique dont vous avez besoin.<\/p>\n\n\n\n<figure class=\"wp-block-image aligncenter size-full\"><a href=\"https:\/\/myplasticmold.com\/wp-content\/uploads\/2022\/08\/Water-Well-Drilling.png\"><img loading=\"lazy\" decoding=\"async\" width=\"512\" height=\"512\" src=\"https:\/\/myplasticmold.com\/wp-content\/uploads\/2022\/08\/Water-Well-Drilling.png\" alt=\"\" class=\"wp-image-9062\" srcset=\"https:\/\/myplasticmold.com\/wp-content\/uploads\/2022\/08\/Water-Well-Drilling.png 512w, https:\/\/myplasticmold.com\/wp-content\/uploads\/2022\/08\/Water-Well-Drilling-300x300.png 300w, https:\/\/myplasticmold.com\/wp-content\/uploads\/2022\/08\/Water-Well-Drilling-150x150.png 150w\" sizes=\"auto, (max-width: 512px) 100vw, 512px\" \/><\/a><\/figure>\n\n\n\n<p>Les fabricants chinois de moules d'injection sont g\u00e9n\u00e9ralement tr\u00e8s r\u00e9actifs aux demandes d'information. <a href=\"https:\/\/myplasticmold.com\/project-management\/\" target=\"_blank\" rel=\"noreferrer noopener\">les besoins et les demandes des clients<\/a>. Cela signifie que vous pouvez faire fabriquer votre moule d'injection rapidement et efficacement, sans avoir \u00e0 vous soucier des probl\u00e8mes de contr\u00f4le de la qualit\u00e9.<\/p>\n\n\n\n<p>Une autre raison de choisir un fabricant chinois est la qualit\u00e9 de ses produits et services. La Chine a la r\u00e9putation de produire des biens de grande qualit\u00e9 ; vous pouvez donc \u00eatre s\u00fbr d'en avoir pour votre argent lorsque vous faites appel \u00e0 un fabricant chinois de moules \u00e0 injection. En outre, les fabricants chinois offrent g\u00e9n\u00e9ralement un meilleur service \u00e0 la client\u00e8le que les autres fournisseurs ; vous pouvez donc vous attendre \u00e0 \u00eatre bien trait\u00e9 lorsque vous travaillez avec eux.<\/p>\n\n\n\n<figure class=\"wp-block-image size-full is-resized\"><a href=\"https:\/\/myplasticmold.com\/wp-content\/uploads\/2022\/05\/40-1-2.jpg\"><img loading=\"lazy\" decoding=\"async\" src=\"https:\/\/myplasticmold.com\/wp-content\/uploads\/2022\/05\/40-1-2.jpg\" alt=\"\" class=\"wp-image-8656\" width=\"670\" height=\"480\" srcset=\"https:\/\/myplasticmold.com\/wp-content\/uploads\/2022\/05\/40-1-2-300x214.jpg 300w, https:\/\/myplasticmold.com\/wp-content\/uploads\/2022\/05\/40-1-2-140x100.jpg 140w\" sizes=\"auto, (max-width: 670px) 100vw, 670px\" \/><\/a><figcaption class=\"wp-element-caption\">Moules en plastique en Chine<\/figcaption><\/figure>\n\n\n\n<h2 class=\"wp-block-heading\">Le co\u00fbt de la main-d'\u0153uvre dans l'industrie chinoise des moules \u00e0 injection<\/h2>\n\n\n\n<p>Le co\u00fbt de la main-d'\u0153uvre dans l'industrie chinoise des moules d'injection est l'une des principales raisons pour lesquelles les fabricants ont choisi de d\u00e9localiser leurs activit\u00e9s dans ce pays. Les salaires \u00e9tant beaucoup plus bas que dans les pays d\u00e9velopp\u00e9s, certaines entreprises de moules en plastique peuvent \u00e9conomiser une somme importante sur les co\u00fbts de la main-d'\u0153uvre.<\/p>\n\n\n\n<p> Toutefois, d'autres facteurs doivent \u00eatre pris en compte lors du choix d'un site de fabrication de moules par injection, tels que la qualit\u00e9 de la main-d'\u0153uvre et de l'infrastructure. <\/p>\n\n\n\n<p>En outre, le gouvernement chinois investit massivement dans l'intelligence artificielle et la robotique, ce qui pourrait \u00e0 terme entra\u00eener une hausse des co\u00fbts de la main-d'\u0153uvre, car de plus en plus d'emplois sont remplac\u00e9s par des machines.<\/p>\n\n\n\n<h2 class=\"wp-block-heading\">La qualit\u00e9 des moules en plastique de Chine<\/h2>\n\n\n\n<p>Il est ind\u00e9niable que certains moules en plastique provenant de Chine sont souvent de moins bonne qualit\u00e9 que les produits provenant d'autres pays. Cela est d\u00fb \u00e0 divers facteurs, notamment au fait que les fabricants chinois utilisent souvent des mat\u00e9riaux de moindre qualit\u00e9 et ne respectent pas toujours les m\u00eames normes de s\u00e9curit\u00e9 et de qualit\u00e9 que leurs homologues des pays d\u00e9velopp\u00e9s.<\/p>\n\n\n\n<p>Cela dit, il n'est pas juste de mettre tous les produits fabriqu\u00e9s en Chine dans le m\u00eame sac et de supposer qu'ils sont tous de qualit\u00e9 inf\u00e9rieure. Il existe de nombreux moules en plastique de haute qualit\u00e9 en provenance de Chine, surtout si vous savez o\u00f9 chercher. En g\u00e9n\u00e9ral, les produits des grands fabricants de moules en plastique, mieux \u00e9tablis, sont plus susceptibles d'\u00eatre de meilleure qualit\u00e9 que ceux des entreprises plus petites ou moins connues.<\/p>\n\n\n\n<p>Par cons\u00e9quent, si vous recherchez des moules \u00e0 injection plastique de haute qualit\u00e9 en provenance de Chine, il est important de faire vos recherches et de choisir votre fournisseur avec soin.<\/p>\n\n\n\n<h2 class=\"wp-block-heading\">La vitesse des moules d'injection plastique en Chine<\/h2>\n\n\n\n<p>Ces derni\u00e8res ann\u00e9es, la vitesse de production en Chine a consid\u00e9rablement augment\u00e9. Cela est d\u00fb \u00e0 un certain nombre de facteurs, notamment la disponibilit\u00e9 croissante d'une main-d'\u0153uvre de qualit\u00e9 et l'efficacit\u00e9 accrue des usines chinoises.<\/p>\n\n\n\n<p>L'un des facteurs les plus importants de la rapidit\u00e9 de la production en Chine est la disponibilit\u00e9 d'une main-d'\u0153uvre technique de haute qualit\u00e9. Dans le pass\u00e9, de nombreux travailleurs chinois \u00e9taient relativement peu qualifi\u00e9s et inexp\u00e9riment\u00e9s. Toutefois, avec le d\u00e9veloppement \u00e9conomique de la Chine, de plus en plus de travailleurs ont re\u00e7u une formation et un enseignement sur les techniques de fabrication. Ils sont donc en mesure de travailler plus rapidement et plus efficacement.<\/p>\n\n\n\n<p>Un autre facteur qui a contribu\u00e9 \u00e0 la rapidit\u00e9 de la production en Chine est l'efficacit\u00e9 croissante des usines chinoises. Ces derni\u00e8res ann\u00e9es, les usines chinoises ont investi massivement dans les nouvelles technologies et machines (CNC, machine \u00e0 graver, EDM...). Elles sont donc en mesure de produire des moules en plastique de qualit\u00e9 \u00e0 un rythme beaucoup plus rapide que par le pass\u00e9.<\/p>\n\n\n\n<h2 class=\"wp-block-heading\">Le service : le fabricant chinois de moules en plastique est meilleur<\/h2>\n\n\n\n<p>Il existe de nombreuses raisons de choisir un fabricant chinois de moules d'injection plastique plut\u00f4t qu'un autre service. L'une d'entre elles est que les fabricants chinois pratiquent souvent de meilleurs prix. Ils peuvent proposer des prix d'outillage plus bas parce qu'ils ont des frais g\u00e9n\u00e9raux moins \u00e9lev\u00e9s et qu'ils peuvent fabriquer en grande quantit\u00e9. En outre, les fabricants chinois ont souvent plus d'exp\u00e9rience que les autres services. Ils sont en activit\u00e9 depuis plus longtemps et ont \u00e9tabli des relations avec les fournisseurs. Cela signifie qu'ils peuvent obtenir des produits de meilleure qualit\u00e9 \u00e0 des prix plus bas. Enfin, les fabricants chinois offrent g\u00e9n\u00e9ralement un meilleur service \u00e0 la client\u00e8le. Ils sont plus r\u00e9actifs aux besoins et aux plaintes des clients et sont plus susceptibles d'offrir une garantie de satisfaction.<\/p>\n\n\n\n<h2 class=\"wp-block-heading\">Livraison : le fabricant chinois est plus rapide<\/h2>\n\n\n\n<p>La livraison du fabricant chinois de moules en plastique est beaucoup plus rapide que celle des autres fournisseurs. En effet, la plupart des fabricants sont situ\u00e9s \u00e0 proximit\u00e9 des ports, ce qui leur permet d'acheminer les produits vers le client plus rapidement. En outre, le gouvernement chinois a investi dans des projets d'infrastructure qui ont facilit\u00e9 et acc\u00e9l\u00e9r\u00e9 le transport des marchandises dans tout le pays.<\/p>\n\n\n\n<p>Les frais d'exp\u00e9dition des fabricants chinois de moules en plastique sont beaucoup plus bas, car les produits sont exp\u00e9di\u00e9s directement de l'usine \u00e0 votre porte, ce qui \u00e9limine le besoin d'entreposage. La livraison des fabricants chinois de moules \u00e0 injection est beaucoup plus rapide que celle des autres fournisseurs. En effet, les fabricants sont situ\u00e9s plus pr\u00e8s des ports, ce qui leur permet d'acheminer les produits plus rapidement.<\/p>\n\n\n\n<h2 class=\"wp-block-heading\">Conclusion : pourquoi choisir le fabricant chinois de moules en plastique ?<\/h2>\n\n\n\n<p>Il y a de nombreuses raisons de choisir un fabricant chinois de moules pour l'injection plastique. Ils sont souvent beaucoup moins chers que leurs homologues occidentaux et disposent d'une vaste gamme de produits. Les fabricants chinois ont \u00e9galement une bonne r\u00e9putation en mati\u00e8re de qualit\u00e9 et de d\u00e9lais de livraison.<\/p>\n\n\n\n<p>Une autre raison de choisir un fabricant chinois est la vari\u00e9t\u00e9 des produits disponibles. Ils fabriquent tout, des v\u00eatements \u00e0 l'\u00e9lectronique en passant par les jouets. Vous pouvez trouver \u00e0 peu pr\u00e8s tout ce dont vous avez besoin aupr\u00e8s d'un fabricant chinois.<\/p>\n\n\n\n<p>Enfin, la plupart des fabricants chinois ont une bonne r\u00e9putation en mati\u00e8re de qualit\u00e9 et de d\u00e9lais de livraison. Ils utilisent souvent des mat\u00e9riaux de haute qualit\u00e9 et leurs produits sont con\u00e7us pour durer.<\/p>","protected":false},"excerpt":{"rendered":"<p>There are many reasons to choose a Chinese plastic mold manufacturer over other options. First, Chinese mold manufacturers are typically much less expensive than their counterparts in developed countries. This is due to a variety of factors, including lower labor costs and fewer regulations. Chinese mold manufacturers have access to a large pool of mold [&hellip;]<\/p>\n","protected":false},"author":3,"featured_media":0,"parent":0,"menu_order":0,"comment_status":"open","ping_status":"open","template":"","meta":{"footnotes":""},"class_list":["post-9099","page","type-page","status-publish","hentry"],"blocksy_meta":{"styles_descriptor":{"styles":{"desktop":"","tablet":"","mobile":""},"google_fonts":[],"version":6}},"_links":{"self":[{"href":"https:\/\/myplasticmold.com\/fr\/wp-json\/wp\/v2\/pages\/9099","targetHints":{"allow":["GET"]}}],"collection":[{"href":"https:\/\/myplasticmold.com\/fr\/wp-json\/wp\/v2\/pages"}],"about":[{"href":"https:\/\/myplasticmold.com\/fr\/wp-json\/wp\/v2\/types\/page"}],"author":[{"embeddable":true,"href":"https:\/\/myplasticmold.com\/fr\/wp-json\/wp\/v2\/users\/3"}],"replies":[{"embeddable":true,"href":"https:\/\/myplasticmold.com\/fr\/wp-json\/wp\/v2\/comments?post=9099"}],"version-history":[{"count":0,"href":"https:\/\/myplasticmold.com\/fr\/wp-json\/wp\/v2\/pages\/9099\/revisions"}],"wp:attachment":[{"href":"https:\/\/myplasticmold.com\/fr\/wp-json\/wp\/v2\/media?parent=9099"}],"curies":[{"name":"wp","href":"https:\/\/api.w.org\/{rel}","templated":true}]}}