{"id":6684,"date":"2018-01-01T21:57:00","date_gmt":"2018-01-01T13:57:00","guid":{"rendered":"https:\/\/myplasticmold.com\/?page_id=6684"},"modified":"2022-05-03T20:46:23","modified_gmt":"2022-05-03T12:46:23","slug":"vendeur-de-moules-en-plastique-en-chine","status":"publish","type":"page","link":"https:\/\/myplasticmold.com\/fr\/vendeur-de-moules-en-plastique-en-chine","title":{"rendered":"Comment s\u00e9lectionner un fournisseur de moules en plastique en Chine"},"content":{"rendered":"<p>Avant que le processus de production ne commence, il est essentiel que vous fassiez le bon choix en ce qui concerne votre fournisseur de produits de moulage par injection. L'industrie chinoise des moules en plastique a connu un grand d\u00e9veloppement ces derni\u00e8res ann\u00e9es et de nombreux acheteurs d\u00e9cident d'acheter des moules en plastique directement aupr\u00e8s des vendeurs de moules en plastique chinois.&nbsp;<\/p>\n\n\n\n<p>Si votre service de production n'a pas beaucoup d'exp\u00e9rience en mati\u00e8re de moulage ou de conception de pi\u00e8ces, il est judicieux d'obtenir un deuxi\u00e8me avis avant de lancer la production. Apr\u00e8s tout, il est moins co\u00fbteux et plus facile de corriger les erreurs \u00e0 ce stade, plut\u00f4t qu'\u00e0 un stade ult\u00e9rieur.<\/p>\n\n\n\n<figure class=\"wp-block-image\"><img loading=\"lazy\" decoding=\"async\" width=\"960\" height=\"400\" src=\"https:\/\/myplasticmold.com\/wp-content\/uploads\/2020\/04\/4712_large9-960x467_gqpjnr-960x400-1_v6ru0o-2.jpg\" alt=\"Vendeur de moules en Chine\" class=\"wp-image-6686\" srcset=\"https:\/\/myplasticmold.com\/wp-content\/uploads\/2020\/04\/4712_large9-960x467_gqpjnr-960x400-1_v6ru0o-2.jpg 960w, https:\/\/myplasticmold.com\/wp-content\/uploads\/2020\/04\/4712_large9-960x467_gqpjnr-960x400-1_v6ru0o-2-300x125.jpg 300w, https:\/\/myplasticmold.com\/wp-content\/uploads\/2020\/04\/4712_large9-960x467_gqpjnr-960x400-1_v6ru0o-2-768x320.jpg 768w\" sizes=\"auto, (max-width: 960px) 100vw, 960px\" \/><\/figure>\n\n\n\n<p>Si vous avez besoin d'un grand nombre de pi\u00e8ces avec un vendeur chinois, il est pr\u00e9f\u00e9rable que vous fassiez \u00e9quipe avec <a href=\"https:\/\/myplasticmold.com\/fr\/vendeur-de-moules-en-plastique-en-chine\">un fournisseur exp\u00e9riment\u00e9 de moules sur mesure en Chine<\/a>Si vous d\u00e9cidez de faire appel \u00e0 un mouliste chinois, demandez-lui de casser le moule et d'\u00e9tablir le cycle des pi\u00e8ces en votre nom, avant de faire venir les choses en interne. Si vous optez pour cette solution, veillez toutefois \u00e0 ce que votre intention soit parfaitement claire avec le mouleur chinois d\u00e8s le d\u00e9part.<\/p>\n\n\n\n<p>Si n\u00e9cessaire, ajoutez de l'argent au prix de la pi\u00e8ce pour les d\u00e9dommager de leur exp\u00e9rience et de leurs capacit\u00e9s. Il se peut que vous finissiez par leur demander de continuer \u00e0 fournir la pi\u00e8ce, \u00e0 un prix r\u00e9\u00e9valu\u00e9, s'ils vous montrent qu'ils peuvent fournir des r\u00e9sultats optimaux avant la date pr\u00e9vue.<\/p>\n\n\n\n<h2 class=\"wp-block-heading\">Enqu\u00eate sur les fournisseurs de moules en plastique en Chine<\/h2>\n\n\n\n<p>Le choix du bon mouleur \u00e0 fa\u00e7on est essentiel \u00e0 la r\u00e9ussite de tout nouveau programme. <a href=\"https:\/\/www.plasticmoulds.net\/plastic-mold-offer-from-china.html\" target=\"_blank\" rel=\"noopener\">Un mouleur chinois exp\u00e9riment\u00e9<\/a> sera en mesure d'apporter des connaissances essentielles, afin d'aider votre service d'ing\u00e9nierie <a href=\"https:\/\/www.plasticmoulds.net\/design\" target=\"_blank\" rel=\"noopener\">conception<\/a> et fabriquer les produits plastiques optimaux dans le respect de votre budget.<\/p>\n\n\n\n<figure class=\"wp-block-image\"><img loading=\"lazy\" decoding=\"async\" width=\"960\" height=\"400\" src=\"https:\/\/myplasticmold.com\/wp-content\/uploads\/2020\/04\/4714_injection-molding-1-960x400-1-1_nl9pwd-2.jpg\" alt=\"Moulage par injection en Chine\" class=\"wp-image-6693\" srcset=\"https:\/\/myplasticmold.com\/wp-content\/uploads\/2020\/04\/4714_injection-molding-1-960x400-1-1_nl9pwd-2.jpg 960w, https:\/\/myplasticmold.com\/wp-content\/uploads\/2020\/04\/4714_injection-molding-1-960x400-1-1_nl9pwd-2-300x125.jpg 300w, https:\/\/myplasticmold.com\/wp-content\/uploads\/2020\/04\/4714_injection-molding-1-960x400-1-1_nl9pwd-2-768x320.jpg 768w\" sizes=\"auto, (max-width: 960px) 100vw, 960px\" \/><\/figure>\n\n\n\n<p>Vous devrez analyser soigneusement tous les fournisseurs externes pour v\u00e9rifier qu'ils poss\u00e8dent les connaissances, les capacit\u00e9s et l'exp\u00e9rience requises pour la fabrication de produits moul\u00e9s par injection dans le mat\u00e9riau que vous recherchez.<\/p>\n\n\n\n<p> Si le mouleur que vous avez choisi manque d'exp\u00e9rience avec vos mat\u00e9riaux, vous risquez de rencontrer des probl\u00e8mes en cours de route, comme une d\u00e9gradation du mat\u00e9riau, et le mouleur ne sera pas en mesure de s'en rendre compte. L'exp\u00e9rience est particuli\u00e8rement importante pour les produits structurels et ceux qui pr\u00e9sentent des zones visibles.<\/p>\n\n\n\n<p>Au cours de la fabrication, les surfaces brillantes et celles qui seront ult\u00e9rieurement d\u00e9cor\u00e9es doivent \u00eatre soigneusement prot\u00e9g\u00e9es afin de ne pas \u00eatre contamin\u00e9es. Cette contamination peut avoir de nombreuses causes, notamment une mauvaise manipulation du produit, des ventilateurs soufflant de la poussi\u00e8re sur le produit et le type de d\u00e9moulage utilis\u00e9, car les mouvements d'air peuvent transporter des contaminants sur la surface de la pi\u00e8ce. Il ne s'agit l\u00e0 que de quelques-uns des \u00e9l\u00e9ments \u00e0 prendre en consid\u00e9ration, il convient donc de faire un choix judicieux.<\/p>\n\n\n\n<p>Dans la mesure du possible, discutez avec les clients pr\u00e9c\u00e9dents et obtenez des r\u00e9f\u00e9rences. Effectuez \u00e9galement un audit de l'installation pour v\u00e9rifier la qualit\u00e9 du travail qui y est effectu\u00e9. Vous pouvez \u00e9galement vous renseigner sur la capacit\u00e9 du mouleur \u00e0 vous aider dans la conception des pi\u00e8ces et des moules. <a href=\"https:\/\/myplasticmold.com\/plastic-mold-4\/\">Choisir un mouleur de Chine sur mesure<\/a> est tout aussi important que l'embauche d'un nouveau partenaire commercial, puisqu'il sera un \u00e9l\u00e9ment essentiel de votre entreprise.<\/p>\n\n\n\n<p>En auditant chaque fournisseur, vous disposerez de suffisamment d'informations pour choisir le meilleur mouleur \u00e0 fa\u00e7on dans les limites de votre budget. Le moyen le plus simple d'obtenir des informations est de demander \u00e0 votre \u00e9quipe d'audit de s'entretenir directement avec le fournisseur. Vous comprendrez ainsi comment le mouleur \u00e0 fa\u00e7on travaille et comment il partagera ses connaissances pour vous aider dans le processus de fabrication.<\/p>\n\n\n\n<figure class=\"wp-block-video\"><video controls src=\"https:\/\/res.cloudinary.com\/dflkco4ig\/video\/upload\/q_88\/v1506037148\/topworks_mold_small_ekbqlv.mp4\"><\/video><\/figure>\n\n\n\n<p>Veillez \u00e0 obtenir des devis de plusieurs mouleurs \u00e0 fa\u00e7on et comparez ces informations pour faire un choix \u00e9clair\u00e9. Les r\u00e9sultats de l'audit devraient \u00eatre pratiquement identiques pour le produit et la conception du moule, m\u00eame si des variations dues aux connaissances et \u00e0 l'exp\u00e9rience des mouleurs sont probables.<\/p>\n\n\n\n<p>Une fois que vous avez attribu\u00e9 le contrat au mouleur de votre choix, vous devez conclure divers accords juridiques. Il s'agit notamment du prix du produit, du calendrier de livraison, des proc\u00e9dures \u00e0 utiliser et de la mani\u00e8re dont les \u00e9ventuels d\u00e9saccords seront r\u00e9solus. Discutez-en avec votre \u00e9quipe et s\u00e9lectionnez les \u00e9l\u00e9ments n\u00e9cessaires \u00e0 votre contrat, ainsi que les exigences particuli\u00e8res.<\/p>","protected":false},"excerpt":{"rendered":"<p>Before the production process begin, it is vital that you make the right choice when it comes to your injection molding product supplier. Instead of just opting for the cheapest choice, you should instead choose a molder who can offer invaluable experience.China plastic mold industry has seen a great development in recent years and&nbsp; many [&hellip;]<\/p>\n","protected":false},"author":3,"featured_media":0,"parent":0,"menu_order":0,"comment_status":"closed","ping_status":"closed","template":"","meta":{"footnotes":""},"class_list":["post-6684","page","type-page","status-publish","hentry"],"blocksy_meta":{"styles_descriptor":{"styles":{"desktop":"[data-prefix=\"single_page\"] .entry-header .page-title {--theme-font-size:30px;} [data-prefix=\"single_page\"] .entry-header .entry-meta {--theme-font-weight:600;--theme-text-transform:uppercase;--theme-font-size:12px;--theme-line-height:1.3;} [data-prefix=\"single_page\"] .hero-section[data-type=\"type-1\"] {--margin-bottom:40;}","tablet":"","mobile":""},"google_fonts":[],"version":6},"page_title_panel":"","has_hero_section":"enabled","7382c47839fcc42e1f4a8006970588da":"","hero_section":"type-1","hero_elements":[{"id":"custom_title","enabled":true,"heading_tag":"h1","title":"Accueil","__id":"iKIAjL4mz__efS6g6BfPK"},{"id":"custom_description","enabled":false,"description_visibility":{"desktop":true,"tablet":true,"mobile":false},"__id":"CoRiVvWZ_mhZYkX7uwGs-"},{"id":"custom_meta","enabled":false,"meta_elements":[{"id":"author","enabled":true,"label":"By","has_author_avatar":"yes","avatar_size":25},{"id":"post_date","enabled":true,"label":"On","date_format_source":"default","date_format":"M j, Y"},{"id":"updated_date","enabled":false,"label":"On","date_format_source":"default","date_format":"M j, Y"},{"id":"categories","enabled":false,"label":"In","style":"simple"},{"id":"comments","enabled":true}],"page_meta_elements":{"joined":true,"articles_count":true,"comments":true},"__id":"vGgrXdY7tq31PXWBsJUFa"},{"id":"breadcrumbs","enabled":false,"__id":"vtEZ80fbexSL4-C9-wxyV"}],"53347352185d5b7d7dcb2c1ba8dd4ecb":"","hero_alignment1":"CT_CSS_SKIP_RULE","hero_margin":40,"hero_alignment2":"center","hero_vertical_alignment":"center","ee9e24a34a5ba676e54a512d3e8058d5":"","hero_structure":"narrow","912ab2025d527ba2bb7febe37ad971e9":"","page_title_bg_type":"featured_image","custom_hero_background":{"attachment_id":null},"page_title_image_size":"full","parallax":{"desktop":false,"tablet":false,"mobile":false},"027e3e40bad5c080a28102ae3b5eb4c8":"","hero_height":"250px","pageTitleFont":{"family":"Default","variation":"Default","size":"30px","line-height":"CT_CSS_SKIP_RULE","letter-spacing":"CT_CSS_SKIP_RULE","text-transform":"CT_CSS_SKIP_RULE","text-decoration":"CT_CSS_SKIP_RULE"},"pageTitleFontColor":{"default":{"color":"CT_CSS_SKIP_RULEDEFAULT"}},"pageMetaFont":{"family":"Default","variation":"n6","size":"12px","line-height":"1.3","letter-spacing":"CT_CSS_SKIP_RULE","text-transform":"uppercase","text-decoration":"CT_CSS_SKIP_RULE"},"pageMetaFontColor":{"default":{"color":"CT_CSS_SKIP_RULEDEFAULT"},"hover":{"color":"CT_CSS_SKIP_RULEDEFAULT"}},"page_meta_button_type_font_colors":{"default":{"color":"CT_CSS_SKIP_RULEDEFAULT"},"hover":{"color":"CT_CSS_SKIP_RULEDEFAULT"}},"page_meta_button_type_background_colors":{"default":{"color":"CT_CSS_SKIP_RULEDEFAULT"},"hover":{"color":"CT_CSS_SKIP_RULEDEFAULT"}},"pageExcerptFont":{"family":"Default","variation":"Default","size":"CT_CSS_SKIP_RULE","line-height":"CT_CSS_SKIP_RULE","letter-spacing":"CT_CSS_SKIP_RULE","text-transform":"CT_CSS_SKIP_RULE","text-decoration":"CT_CSS_SKIP_RULE"},"pageExcerptColor":{"default":{"color":"CT_CSS_SKIP_RULEDEFAULT"}},"breadcrumbsFont":{"family":"Default","variation":"Default","size":"CT_CSS_SKIP_RULE","line-height":"CT_CSS_SKIP_RULE","letter-spacing":"CT_CSS_SKIP_RULE","text-transform":"CT_CSS_SKIP_RULE","text-decoration":"CT_CSS_SKIP_RULE"},"breadcrumbsFontColor":{"default":{"color":"CT_CSS_SKIP_RULEDEFAULT"},"initial":{"color":"CT_CSS_SKIP_RULEDEFAULT"},"hover":{"color":"CT_CSS_SKIP_RULEDEFAULT"}},"pageTitleOverlay":{"background_type":"color","background_pattern":"type-1","background_image":{"attachment_id":null,"x":0,"y":0},"gradient":"linear-gradient(135deg,rgba(6,147,227,1) 0%,rgb(155,81,224) 100%)","background_repeat":"repeat","background_size":"auto","background_attachment":"scroll","patternColor":{"default":{"color":"#e5e7ea"}},"overlayColor":{"default":{"color":"CT_CSS_SKIP_RULE"}},"backgroundColor":{"default":{"color":"CT_CSS_SKIP_RULE"}}},"pageTitleBackground":{"background_type":"color","background_pattern":"type-1","background_image":{"attachment_id":null,"x":0,"y":0},"gradient":"linear-gradient(135deg,rgba(6,147,227,1) 0%,rgb(155,81,224) 100%)","background_repeat":"repeat","background_size":"auto","background_attachment":"scroll","patternColor":{"default":{"color":"#e5e7ea"}},"overlayColor":{"default":{"color":"CT_CSS_SKIP_RULE"}},"backgroundColor":{"default":{"color":"var(--theme-palette-color-6)"}}},"pageTitlePadding":{"top":"50px","bottom":"50px","left":"auto","right":"auto","linked":true},"1a4447ea37b7ad2455e3f697acb4339c":"","page_structure_type":"default","d690824273613b1b554e660bd8393aee":"","content_style_source":"inherit","content_style":"wide","vertical_spacing_source":"inherit","content_area_spacing":"both","background":{"background_type":"color","background_pattern":"type-1","background_image":{"attachment_id":null,"x":0,"y":0},"gradient":"linear-gradient(135deg,rgba(6,147,227,1) 0%,rgb(155,81,224) 100%)","background_repeat":"repeat","background_size":"auto","background_attachment":"scroll","patternColor":{"default":{"color":"#e5e7ea"}},"overlayColor":{"default":{"color":"CT_CSS_SKIP_RULE"}},"backgroundColor":{"default":{"color":"CT_CSS_SKIP_RULE"}}},"content_background":{"background_type":"color","background_pattern":"type-1","background_image":{"attachment_id":null,"x":0,"y":0},"gradient":"linear-gradient(135deg,rgba(6,147,227,1) 0%,rgb(155,81,224) 100%)","background_repeat":"repeat","background_size":"auto","background_attachment":"scroll","patternColor":{"default":{"color":"#e5e7ea"}},"overlayColor":{"default":{"color":"CT_CSS_SKIP_RULE"}},"backgroundColor":{"default":{"color":"var(--theme-palette-color-8)"}}},"content_boxed_shadow":{"inherit":false,"blur":18,"spread":-6,"v_offset":12,"h_offset":0,"inset":false,"enable":true,"color":{"color":"rgba(34, 56, 101, 0.04)"}},"boxed_content_spacing":{"desktop":{"top":"40px","bottom":"40px","left":"40px","right":"40px","linked":true},"tablet":{"top":"35px","bottom":"35px","left":"35px","right":"35px","linked":true},"mobile":{"top":"20px","bottom":"20px","left":"20px","right":"20px","linked":true}},"content_boxed_radius":{"top":"3px","bottom":"3px","left":"3px","right":"3px","linked":true},"325e59e04ba768b8f15d14f028009e62":"","disable_featured_image":"no","disable_share_box":"no","disable_header":"no","disable_footer":"no","26bd3d08c608fe1fffc1baf5ee3b5d94":"","4da3053edc57e6f193c4067fa9b5a7d4":"","2cdc7cf0d37a314edcddb1f462bb9d56":"","72a7501f2e0eed1f2a371940d2b521fc":"","ba2f4f3d45cad6d0bbef180e79ce964a":"","bc99ea4b0bfb0fa2131f7d1493b41d6f":"","d775ac2803f8222d90d5bd2ed6dc6532":"","1151e894ca60a165ed6faf39ca91dda8":""},"_links":{"self":[{"href":"https:\/\/myplasticmold.com\/fr\/wp-json\/wp\/v2\/pages\/6684","targetHints":{"allow":["GET"]}}],"collection":[{"href":"https:\/\/myplasticmold.com\/fr\/wp-json\/wp\/v2\/pages"}],"about":[{"href":"https:\/\/myplasticmold.com\/fr\/wp-json\/wp\/v2\/types\/page"}],"author":[{"embeddable":true,"href":"https:\/\/myplasticmold.com\/fr\/wp-json\/wp\/v2\/users\/3"}],"replies":[{"embeddable":true,"href":"https:\/\/myplasticmold.com\/fr\/wp-json\/wp\/v2\/comments?post=6684"}],"version-history":[{"count":0,"href":"https:\/\/myplasticmold.com\/fr\/wp-json\/wp\/v2\/pages\/6684\/revisions"}],"wp:attachment":[{"href":"https:\/\/myplasticmold.com\/fr\/wp-json\/wp\/v2\/media?parent=6684"}],"curies":[{"name":"wp","href":"https:\/\/api.w.org\/{rel}","templated":true}]}}