{"id":6403,"date":"2017-06-23T10:01:04","date_gmt":"2017-06-23T02:01:04","guid":{"rendered":"https:\/\/myplasticmold.com\/?page_id=6403"},"modified":"2024-08-26T10:03:54","modified_gmt":"2024-08-26T02:03:54","slug":"fabricant-de-moules-a-couverts-en-plastique","status":"publish","type":"page","link":"https:\/\/myplasticmold.com\/fr\/fabricant-de-moules-a-couverts-en-plastique","title":{"rendered":"Moule \u00e0 Couverts en Plastique de Chine | Moule \u00e0 Cuill\u00e8re en Plastique, Moule \u00e0 Fourchette en Plastique, Moule \u00e0 Couteau en Plastique"},"content":{"rendered":"<div class=\"wp-block-cover alignfull has-custom-content-position is-position-bottom-center\"><span aria-hidden=\"true\" class=\"wp-block-cover__background has-background-dim\"><\/span><img loading=\"lazy\" decoding=\"async\" width=\"785\" height=\"413\" class=\"wp-block-cover__image-background wp-image-10504\" alt=\"\" src=\"https:\/\/myplasticmold.com\/wp-content\/uploads\/2020\/04\/N_O4_WWLCS_EBS8DZT_HC.png\" data-object-fit=\"cover\" srcset=\"https:\/\/myplasticmold.com\/wp-content\/uploads\/2020\/04\/N_O4_WWLCS_EBS8DZT_HC.png 785w, https:\/\/myplasticmold.com\/wp-content\/uploads\/2020\/04\/N_O4_WWLCS_EBS8DZT_HC-300x158.png 300w, https:\/\/myplasticmold.com\/wp-content\/uploads\/2020\/04\/N_O4_WWLCS_EBS8DZT_HC-768x404.png 768w\" sizes=\"auto, (max-width: 785px) 100vw, 785px\" \/><div class=\"wp-block-cover__inner-container is-layout-flow wp-block-cover-is-layout-flow\">\n<h2 class=\"wp-block-heading has-text-align-center has-palette-color-8-color has-text-color\">Fabricant de moules \u00e0 couverts en plastique<\/h2>\n<\/div><\/div>\n\n\n\n<p><a href=\"https:\/\/myplasticmold.com\/fr\/fabricant-de-moules-a-couverts-en-plastique\">Fabricant chinois de moules pour couverts en plastique<\/a><\/p>\n\n\n\n<div class=\"wp-block-qubely-row qubely-section qubely-block-c94d28\"><div class=\"qubely-row-overlay\"><\/div><div class=\"qubely-container\"><div class=\"qubely-row\">\n<div class=\"wp-block-qubely-column qubely-column qubely-column-front qubely-block-0e5b3e\"><div class=\"qubely-column-inner\">\n<h1 class=\"wp-block-heading\">China Cutlery Mould Company (Soci\u00e9t\u00e9 chinoise de moules pour coutellerie)<\/h1>\n\n\n\n<p>Nous vous invitons \u00e0 rejoindre l'avant-garde de la fabrication de meubles en vous joignant aux experts de China Cutlery Mould Company ! Nous sommes passionn\u00e9s par ce que nous faisons et avons pass\u00e9 de nombreuses ann\u00e9es \u00e0 perfectionner nos connaissances en mati\u00e8re de fabrication et de conception de moules \u00e0 coutellerie. Nous ne nous contentons pas de fabriquer des moules, nous concevons des solutions qui r\u00e9pondent \u00e0 vos besoins.<\/p>\n\n\n\n<h3 class=\"wp-block-heading\">Capacit\u00e9 de production \u00e9lev\u00e9e<\/h3>\n\n\n\n<p>Dans le monde actuel de la vitesse, il est \u00e9vident que le temps est important. Notre capacit\u00e9 de production est de tr\u00e8s haut niveau ! Gr\u00e2ce \u00e0 notre \u00e9quipement de pointe et \u00e0 des processus efficaces, nous produisons rapidement des moules de qualit\u00e9 sup\u00e9rieure pour la coutellerie. Nous nous engageons \u00e0 vous fournir exactement ce que vous voulez, quand vous le voulez.<\/p>\n\n\n\n<h4 class=\"wp-block-heading\">Caract\u00e9ristiques principales :<\/h4>\n\n\n\n<ul class=\"wp-block-list\">\n<li><strong>Des processus efficaces :<\/strong> Nos m\u00e9thodes rationalis\u00e9es garantissent des d\u00e9lais d'ex\u00e9cution rapides sans compromettre la qualit\u00e9.<\/li>\n\n\n\n<li><strong>\u00c9quipement avanc\u00e9 :<\/strong> Nous investissons dans les technologies les plus r\u00e9centes pour am\u00e9liorer l'efficacit\u00e9 de la production.<\/li>\n\n\n\n<li><strong>Assurance qualit\u00e9 :<\/strong> Des tests rigoureux garantissent la durabilit\u00e9 et la fiabilit\u00e9 de nos moules.<\/li>\n<\/ul>\n\n\n\n<h3 class=\"wp-block-heading\">Livraison rapide<\/h3>\n\n\n\n<p>Chez China Cutlery Mould Company, nous respectons votre temps. La promesse d'une exp\u00e9dition rapide signifie que vous pouvez compter sur nous pour respecter des d\u00e9lais serr\u00e9s. Gr\u00e2ce \u00e0 notre plan logistique extr\u00eamement efficace, votre colis est livr\u00e9 \u00e0 temps, quelle que soit la distance \u00e0 parcourir.<\/p>\n\n\n\n<h3 class=\"wp-block-heading\">Avantages de la livraison :<\/h3>\n\n\n\n<ul class=\"wp-block-list\">\n<li><strong>Exp\u00e9dition dans les d\u00e9lais :<\/strong> Nous accordons la priorit\u00e9 \u00e0 une livraison rapide afin de respecter vos calendriers de production.<\/li>\n\n\n\n<li><strong>Logistique fiable :<\/strong> Notre \u00e9quipe logistique veille \u00e0 ce que chaque envoi soit suivi et g\u00e9r\u00e9 efficacement.<\/li>\n\n\n\n<li><strong>Une port\u00e9e mondiale :<\/strong> O\u00f9 que vous soyez, nous pouvons livrer vos commandes efficacement.<\/li>\n<\/ul>\n\n\n\n<h3 class=\"wp-block-heading\">Forte durabilit\u00e9 du moule<\/h3>\n\n\n\n<p>Pour les meubles, la qualit\u00e9 est primordiale. Les moules que nous fabriquons sont con\u00e7us pour durer, en utilisant des mat\u00e9riaux de qualit\u00e9 sup\u00e9rieure et les m\u00e9thodes les plus avanc\u00e9es. Vous recevrez des moules \u00e0 couverts capables de r\u00e9sister aux exigences de la production tout en offrant des r\u00e9sultats impeccables \u00e0 chaque fois.<\/p>\n\n\n\n<h4 class=\"wp-block-heading\">Caract\u00e9ristiques de durabilit\u00e9 :<\/h4>\n\n\n\n<ul class=\"wp-block-list\">\n<li><strong>Mat\u00e9riaux robustes :<\/strong> Nous ne s\u00e9lectionnons que des mat\u00e9riaux de haute qualit\u00e9 pour garantir la long\u00e9vit\u00e9.<\/li>\n\n\n\n<li><strong>Conception innovante :<\/strong> Nos moules sont con\u00e7us pour fonctionner sous pression et dans des volumes importants.<\/li>\n\n\n\n<li><strong>Des performances constantes :<\/strong> Attendez-vous \u00e0 des r\u00e9sultats fiables \u00e0 chaque cycle de production.<\/li>\n<\/ul>\n\n\n\n<h3 class=\"wp-block-heading\">Support technique in\u00e9gal\u00e9<\/h3>\n\n\n\n<p>Nous ne nous contentons pas de vendre des moules \u00e0 couverts. Nous sommes l\u00e0 pour vous \u00e0 chaque \u00e9tape du processus, avec une assistance technique de premier ordre. Notre \u00e9quipe d'experts est \u00e0 votre disposition pour r\u00e9pondre \u00e0 toutes vos questions et r\u00e9soudre tous vos probl\u00e8mes afin de garantir le bon d\u00e9roulement de votre production.<\/p>\n\n\n\n<h4 class=\"wp-block-heading\">Services d'appui :<\/h4>\n\n\n\n<ul class=\"wp-block-list\">\n<li><strong>Conseils d'experts :<\/strong> Notre \u00e9quipe comp\u00e9tente est pr\u00eate \u00e0 fournir une assistance \u00e0 tout moment.<\/li>\n\n\n\n<li><strong>R\u00e9solution des probl\u00e8mes :<\/strong> Nous traitons rapidement tout probl\u00e8me afin de minimiser les temps d'arr\u00eat.<\/li>\n\n\n\n<li><strong>Soutien continu :<\/strong> Notre engagement envers vous se poursuit longtemps apr\u00e8s la vente.<\/li>\n<\/ul>\n\n\n\n<p>Alors, pourquoi devriez-vous choisir China Cutlery Mould Company pour vos besoins en coutellerie ? Nous offrons des performances de qualit\u00e9, de l'efficacit\u00e9 et des services exceptionnels pour vous aider \u00e0 concr\u00e9tiser vos id\u00e9es. Contactez-nous d\u00e8s maintenant pour en savoir plus sur nos offres et d\u00e9couvrir comment nous pouvons aider votre entreprise !\n\"`<\/p>\n<\/div><\/div>\n<\/div><\/div><\/div>\n\n\n\n<div class=\"wp-block-qubely-button qubely-block-459b89\" data-qubelyanimation=\"{&quot;animation&quot;:&quot;bounce&quot;,&quot;name&quot;:&quot;bounceCenter&quot;,&quot;repeat&quot;:&quot;once&quot;,&quot;direction&quot;:&quot;Center&quot;,&quot;duration&quot;:1000,&quot;delay&quot;:0,&quot;curve&quot;:&quot;ease-in-out&quot;,&quot;openAnimation&quot;:1}\"><div class=\"qubely-block-btn-wrapper\"><div class=\"qubely-block-btn\"><a class=\"qubely-block-btn-anchor is-large\" href=\"#\"><i class=\"qubely-btn-icon fas fa-hand-point-right\"><\/i><strong><span data-fontsize=\"22\" style=\"font-size: 22px;\" class=\"qubely-custom-font\">OBTENIR UN DEVIS GRATUIT,PRIX 30% PLUS BAS ET LIVRAISON 10 JOURS MOINS<\/span><\/strong><\/a><\/div><\/div><\/div>\n\n\n\n<h2 class=\"wp-block-heading\">Positionnement et conception de la porte du moule \u00e0 couverts en plastique<\/h2>\n\n\n\n<p>L'emplacement de la porte est important pour la mani\u00e8re dont le polym\u00e8re s'\u00e9coule dans l'empreinte du moule. D'autres facteurs doivent \u00eatre pris en consid\u00e9ration lors du choix de l'emplacement de l'obturateur :<\/p>\n\n\n\n<ul class=\"wp-block-list\">\n<li><strong>les consid\u00e9rations esth\u00e9tiques de la moulure ;<\/strong><\/li>\n\n\n\n<li><strong>les exigences de d\u00e9graissage du moulage ;<\/strong><\/li>\n\n\n\n<li><strong>la complexit\u00e9 de la conception du moulage ;<\/strong><\/li>\n\n\n\n<li><strong>temp\u00e9rature requise pour les moules ;<\/strong><\/li>\n\n\n\n<li><strong>la nature du polym\u00e8re \u00e0 transformer ;<\/strong><\/li>\n\n\n\n<li><strong>le volume de polym\u00e8re \u00e0 introduire \u00e0 travers la porte et la vitesse d'introduction ;<\/strong><\/li>\n\n\n\n<li><strong>l'importance et la position des lignes de soudure produites ;<\/strong><\/li>\n\n\n\n<li><strong>les emplacements et les effets possibles du pi\u00e9geage de gaz cr\u00e9\u00e9 par le profil de remplissage.<\/strong><\/li>\n<\/ul>\n\n\n\n<p>Apr\u00e8s avoir examin\u00e9 tous les points pr\u00e9c\u00e9dents, il est \u00e9vident que le positionnement de la porte doit \u00eatre d\u00e9termin\u00e9 relativement t\u00f4t et avant le d\u00e9but de l'\u00e9laboration de la conception. Si les fourchettes, cuill\u00e8res et couteaux doivent \u00eatre aliment\u00e9s de mani\u00e8re conventionnelle, c'est-\u00e0-dire sans canal chaud, les options d'emplacement du point d'injection sont encore plus restreintes en raison des limitations de la conception du moule \u00e0 deux plaques. Des restrictions existent en raison de la n\u00e9cessit\u00e9 d'avoir un point d'injection sur un seul plan autour de la ligne de s\u00e9paration du moule. Lorsqu'il est confront\u00e9 \u00e0 des exigences d'injection qui sortent du cadre de la conception \u00e0 deux plaques, le concepteur du moule a le choix de s\u00e9lectionner les formats de moules \u00e0 trois plaques ou sans canal afin d'obtenir la position d'injection souhait\u00e9e.<\/p>\n\n\n\n<figure class=\"wp-block-image aligncenter\"><img loading=\"lazy\" decoding=\"async\" width=\"600\" height=\"338\" src=\"https:\/\/myplasticmold.com\/wp-content\/uploads\/2020\/04\/12_xrx4z9.jpg\" alt=\"Fabricant chinois de moules \u00e0 coutellerie\" class=\"wp-image-6410\" srcset=\"https:\/\/myplasticmold.com\/wp-content\/uploads\/2020\/04\/12_xrx4z9.jpg 600w, https:\/\/myplasticmold.com\/wp-content\/uploads\/2020\/04\/12_xrx4z9-300x169.jpg 300w\" sizes=\"auto, (max-width: 600px) 100vw, 600px\" \/><\/figure>\n\n\n\n<div class=\"wp-block-qubely-row alignfull qubely-section qubely-block-037d9d\" data-qubelyanimation=\"{&quot;animation&quot;:&quot;bounce&quot;,&quot;name&quot;:&quot;bounceCenter&quot;,&quot;repeat&quot;:&quot;once&quot;,&quot;direction&quot;:&quot;Center&quot;,&quot;duration&quot;:1000,&quot;delay&quot;:0,&quot;curve&quot;:&quot;ease-in-out&quot;,&quot;openAnimation&quot;:1}\"><div class=\"qubely-shape-divider qubely-top-shape\"><svg xmlns=\"http:\/\/www.w3.org\/2000\/svg\" viewbox=\"0 0 1000 80\" preserveaspectratio=\"none\">\n    <path d=\"M0,0V71.07l.22.05c2.83,1,7.45-4.57,7.45-4.57s13.36,6.34,14.9,6.6S30,76.45,30,76.45L36.7,71.5s5.4,6,8,4.95,16.19-8.88,17.73-3.55S64.2,80,65,80s5.4-5.59,6.42-5.59,11,2.79,11.82,2.79,7.71-5.84,9.25-6.6,18.24.51,22.1,2.66,14.13.13,19.79,0,25.18,1.9,25.18,1.9l8.48-1.9s0-5.46,1.8-5.2,9.25.51,9.25.51L180.34,65s20.81,2,22.1,2,2.31-3.81,4.37-3.81,14.13,3.81,15.42,3.81,9.25-3.55,11.56-3.81,8.48,5.08,10.28,5.58,55-6.6,55-6.6-.26-5.33,4.88-3.55,15.16,1.27,19.53,2,3.34,6.34,7.71,2.54,5.65-7.36,8.22-6.09,10.28,2.28,11,2.28,4.37-8.12,7.19-6.6,21.59,12.5,30.06,13.48,13.1-10.44,13.1-10.44l13.1,2.54s7.71,10.15,16.19,11.17,11,6.34,19.27,3.55,17.73-9.39,20-8.38,17.47-6.6,18.24-6.85,8.74.76,16.44.25,9.51-5.52,9.51-5.52,25.69-1.08,28.78,1.21,3.6,4.31,6.68,4.31,12.33-5.84,22.35-3.55,26,6.34,27.49,7.11,10.28-5.58,10.28-5.58,5.14,4.57,6.42,5.84,6.17.76,9.25,0,3.85-9.14,10-5.08,20.3-5.08,25.44,1S667,64,667,64s6.68-11.42,14.39-9.9S710.16,66.2,710.16,66.2l6.42-5.49,27.24-1.27s-1.28-7.11,6.17-5.33,10-.89,11-1.71,5.14-3.49,9,0,25.44,8.31,32.89,8.31,15.93-6.35,22.61-4.57,13.36-1.52,14.39-2-.77-4.65,6.42-3.47,19-.76,20.58-.25,6.17-.76,11.31-1.78,6.34-11.63,12.25-4.27,8.68,5.28,11.51,6.74,7.45,1.33,9.25,0-1.54-7.93,7.19-5.39,4.17,3.48,10.08,3,14.13,4.06,14.13,4.06,10.79-2,13.11-2.28,9.25-4.57,12.59-2.79,6.17,1.52,9,2.28,10-.51,11.82-1.78,2.57-6.35,7.71-3.55a11.91,11.91,0,0,1,3.14,2.18V0Z\" style=\"opacity:0.66\"\/>\n    <path d=\"M0,0V59.17c4.84-3,4.08,1,5.36-.23s0,0,2.57-1.27,3.08.51,7.19,1,2.83,2.54,2.83,2.54,8.74,5.08,10.28,4.57,4.88-9.14,4.37-10.15S40,61.22,40,61.22l4.37,3.3s9.76,2,11,1a59.11,59.11,0,0,1,8-4.57c1.8-.76,4.11,2.28,6.68,2.79s8.74,3.81,8.74,3.81S90.92,60.71,94,60.21s16.7,3.55,17.47,2,11.82-3,13.1-2.79,8.48,10.91,8.48,10.91l30.83-.51s6.68-6.09,7.45-7.61.26-1.78.26-1.78,9-4.57,10-4.57S193.18,61,193.18,61s10.54-4.06,14.39-5.08,6.68,1.52,12.85-2,19.79-2.79,20.56-3.3,7.45-6.34,12.85-9.39,11.31.76,13.1.76,7.71,5.33,10.79,4.57,10.28-5.33,13.62-5.33,2.83,2.28,10.28,1.78,5.91.51,12.59,4.32,8-2.29,12.85-3.55,1.8.25,4.63-.51a19,19,0,0,1,5.65-.76c1.29,0,2.57,1.52,8.74,3.55s5.91-.76,9.25-1.78,8.22-3.3,18.76-10.15,2.57,5.33,6.94,6.85,22.87,3.55,24.41,2,4.37-3,7.2-4.57,2.82-.51,3.59-.51,9,2.54,11.31,4.06,3.85,4.57,6.17,4.57,4.62-2.54,11-3.55-.26,4.82,0,5.58,2.06,0,5.4-.25,4.88-2.79,9.76-2.79,5.14,3.3,8.48,4.06,2.83,0,10.54-3.81,6.68-1.78,14.9-3.55,22.61,6.85,24.41,6.09,4.88-1.27,11.3-2.54,11.56,3,16.19,5.58,5.14-1.52,8.74-5.08,12.08.25,14.9.25,9.25-.25,13.36-.51,5.14-3,13.88-5.08,8,4.57,14.65,3.55,14.13-1.27,28-5.08,6.42,3,10.79,5.58,9,1.78,11.56,1.52S676,39.65,679.84,36.35s9.51,4.31,16.19,8.12,9.25,3.81,14.13,1.78,9.51-4.82,14.9-7.87,5.4,5.84,10,2.79,15.42.76,17.21-.25,8.48.76,15.42-1,1.8,2,7.45,6.85,3.08-2.29,15.42,1,28.52-2.29,32.89-3,4.88,5.33,9.25,5.84,5.4-4.82,9.76-7.87,17-.76,20.56-2a17.22,17.22,0,0,0,6.17-4.06s13.36,0,15.16-1.52,10.28-.76,13.36-.76,26,4.57,35.2,2.79,11.82-7.62,16.44-10.91,23.13,2.54,30.32,2.54,20.3-2.54,20.3-2.54V0Z\"\/>\n<\/svg><\/div><div class=\"qubely-row-overlay\"><\/div><div class=\"qubely-container\"><div class=\"qubely-row\">\n<div class=\"wp-block-qubely-column qubely-column qubely-column-front qubely-block-852b79\"><div class=\"qubely-column-inner\">\n<div class=\"wp-block-qubely-testimonial qubely-block-442801\"><div class=\"qubely-block-testimonial\"><div class=\"qubely-testimonial-author\"><div class=\"qubely-testimonial-avatar-layout-top\"><img decoding=\"async\" class=\"qubely-testimonial-avatar\" src=\"https:\/\/myplasticmold.com\/wp-content\/uploads\/2022\/05\/engineers-strategy-business-growth-develop.png\" srcset=\"\" alt=\"\"\/><div class=\"qubely-testimonial-author-info\"><div class=\"qubely-testimonial-author-name\"><span>Cristiano<\/span><\/div><div class=\"qubely-testimonial-author-designation\"><span>Professionnel<\/span><\/div><\/div><\/div><\/div><div class=\"qubely-testimonial-content\"><div>\"Je suis heureux de vous informer que toutes les pi\u00e8ces en plastique sont parfaites ! Nous sommes ravis, et il y a donc de bonnes chances de poursuivre notre relation pour tout nouveau projet \u00e0 venir.\"<\/div><\/div><\/div><\/div>\n<\/div><\/div>\n\n\n\n<div class=\"wp-block-qubely-column qubely-column qubely-column-front qubely-block-f78b45\"><div class=\"qubely-column-inner\">\n<div class=\"wp-block-qubely-testimonial qubely-block-80a536\"><div class=\"qubely-block-testimonial\"><div class=\"qubely-testimonial-author\"><div class=\"qubely-testimonial-avatar-layout-top\"><img decoding=\"async\" class=\"qubely-testimonial-avatar\" src=\"https:\/\/myplasticmold.com\/wp-content\/uploads\/2022\/05\/developers-growth-marketing-service-team.png\" srcset=\"\" alt=\"\"\/><div class=\"qubely-testimonial-author-info\"><div class=\"qubely-testimonial-author-name\"><span>Paulo<\/span><\/div><div class=\"qubely-testimonial-author-designation\"><span>Professionnel<\/span><\/div><\/div><\/div><\/div><div class=\"qubely-testimonial-content\"><div>\"Steven est un excellent professionnel qui poss\u00e8de de grandes connaissances et une grande pratique technique.<\/div><\/div><\/div><\/div>\n<\/div><\/div>\n\n\n\n<div class=\"wp-block-qubely-column qubely-column qubely-column-front qubely-block-a2aa62\"><div class=\"qubely-column-inner\">\n<div class=\"wp-block-qubely-testimonial qubely-block-bbfa94\"><div class=\"qubely-block-testimonial\"><div class=\"qubely-testimonial-author\"><div class=\"qubely-testimonial-avatar-layout-top\"><img decoding=\"async\" class=\"qubely-testimonial-avatar\" src=\"https:\/\/myplasticmold.com\/wp-content\/uploads\/2022\/05\/engineers-strategy-business-growth-develop.png\" srcset=\"\" alt=\"\"\/><div class=\"qubely-testimonial-author-info\"><div class=\"qubely-testimonial-author-name\"><span>David<\/span><\/div><div class=\"qubely-testimonial-author-designation\"><span>chef d'entreprise<\/span><\/div><\/div><\/div><\/div><div class=\"qubely-testimonial-content\"><div>\"Steven est un chef de projet et un ing\u00e9nieur tr\u00e8s soucieux du d\u00e9tail, capable de r\u00e9soudre les probl\u00e8mes de mani\u00e8re cr\u00e9ative et de fournir un excellent service. Ce fut un plaisir de travailler avec lui.\"<\/div><\/div><\/div><\/div>\n<\/div><\/div>\n<\/div><\/div><\/div>\n\n\n\n<h2 class=\"wp-block-heading\">Moules pour couverts en plastique Types de portes<\/h2>\n\n\n\n<p>Le moule \u00e0 couverts comprend&nbsp;<a href=\"https:\/\/myplasticmold.com\/fr\/fabricant-de-moules-a-couverts-en-plastique\">Moule \u00e0 cuill\u00e8re, moule \u00e0 fourchette, moule \u00e0 couteau en plastique<\/a>. Une fois que l'emplacement le plus probable de la porte a \u00e9t\u00e9 d\u00e9termin\u00e9, il faut choisir une porte de conception et de g\u00e9om\u00e9trie ad\u00e9quates. Les conceptions des vannes diff\u00e8rent en fonction de l'application pr\u00e9vue. Les facteurs qui influencent le choix de l'emplacement de la porte influencent \u00e9galement le choix de la conception de la porte \u00e0 adopter. Pour les moules de coutellerie \u00e0 empreinte unique ou les composants individuels de grande taille, un syst\u00e8me de portillon \u00e0 alimentation directe peut \u00eatre utilis\u00e9. Dans ce cas, une buse de machine \u00e9tendue alimente directement l'empreinte du moule, \u00e9liminant ainsi la n\u00e9cessit\u00e9 d'un syst\u00e8me d'alimentation directe. <a href=\"https:\/\/myplasticmold.com\/design-principles-of-runner.html\/\">un syst\u00e8me de coureur<\/a>. Pour obtenir un remplissage uniforme de la pi\u00e8ce moul\u00e9e sans <a href=\"https:\/\/myplasticmold.com\/knit-lines.html\/\">lignes de soudure<\/a>\uff0c les portes \u00e0 alimentation directe sont g\u00e9n\u00e9ralement situ\u00e9es au centre g\u00e9om\u00e9trique de l'\u00e9l\u00e9ment, par exemple les poubelles, les couverts, les seaux, les cuill\u00e8res, les fourchettes, les couteaux, les bols, etc.\uff0c lorsque c'est possible.<\/p>\n\n\n\n<figure class=\"wp-block-image aligncenter\"><img loading=\"lazy\" decoding=\"async\" width=\"960\" height=\"1280\" src=\"https:\/\/myplasticmold.com\/wp-content\/uploads\/2020\/04\/mmexport1498313538630_hldali.jpg\" alt=\"moule \u00e0 cuill\u00e8re en plastique\" class=\"wp-image-6418\" srcset=\"https:\/\/myplasticmold.com\/wp-content\/uploads\/2020\/04\/mmexport1498313538630_hldali.jpg 960w, https:\/\/myplasticmold.com\/wp-content\/uploads\/2020\/04\/mmexport1498313538630_hldali-225x300.jpg 225w, https:\/\/myplasticmold.com\/wp-content\/uploads\/2020\/04\/mmexport1498313538630_hldali-768x1024.jpg 768w\" sizes=\"auto, (max-width: 960px) 100vw, 960px\" \/><\/figure>\n\n\n\n<figure class=\"wp-block-image aligncenter\"><img loading=\"lazy\" decoding=\"async\" width=\"960\" height=\"1280\" src=\"https:\/\/myplasticmold.com\/wp-content\/uploads\/2020\/04\/mmexport1498313541991_iiqrqm.jpg\" alt=\"moule \u00e0 cuill\u00e8re\" class=\"wp-image-6419\" srcset=\"https:\/\/myplasticmold.com\/wp-content\/uploads\/2020\/04\/mmexport1498313541991_iiqrqm.jpg 960w, https:\/\/myplasticmold.com\/wp-content\/uploads\/2020\/04\/mmexport1498313541991_iiqrqm-225x300.jpg 225w, https:\/\/myplasticmold.com\/wp-content\/uploads\/2020\/04\/mmexport1498313541991_iiqrqm-768x1024.jpg 768w\" sizes=\"auto, (max-width: 960px) 100vw, 960px\" \/><\/figure>\n\n\n\n<figure class=\"wp-block-image aligncenter\"><img loading=\"lazy\" decoding=\"async\" width=\"1280\" height=\"960\" src=\"https:\/\/myplasticmold.com\/wp-content\/uploads\/2020\/04\/mmexport1498313545092_ni4b42.jpg\" alt=\"Moule \u00e0 couverts en plastique\" class=\"wp-image-6420\" srcset=\"https:\/\/myplasticmold.com\/wp-content\/uploads\/2020\/04\/mmexport1498313545092_ni4b42.jpg 1280w, https:\/\/myplasticmold.com\/wp-content\/uploads\/2020\/04\/mmexport1498313545092_ni4b42-300x225.jpg 300w, https:\/\/myplasticmold.com\/wp-content\/uploads\/2020\/04\/mmexport1498313545092_ni4b42-1024x768.jpg 1024w, https:\/\/myplasticmold.com\/wp-content\/uploads\/2020\/04\/mmexport1498313545092_ni4b42-768x576.jpg 768w\" sizes=\"auto, (max-width: 1280px) 100vw, 1280px\" \/><\/figure>","protected":false},"excerpt":{"rendered":"<p>China Plastic Cutlery Mould Maker Plastic Cutlery Mould Gate positioning and design The location of the gate is of importance with respect to the way in which the polymer flows into the mould impression. Other factors have to be taken into consideration when choosing a gate location, which includes: After consideration of all the previous [&hellip;]<\/p>\n","protected":false},"author":3,"featured_media":0,"parent":0,"menu_order":0,"comment_status":"closed","ping_status":"closed","template":"","meta":{"footnotes":""},"class_list":["post-6403","page","type-page","status-publish","hentry"],"blocksy_meta":{"styles_descriptor":{"styles":{"desktop":"","tablet":"","mobile":""},"google_fonts":[],"version":6}},"_links":{"self":[{"href":"https:\/\/myplasticmold.com\/fr\/wp-json\/wp\/v2\/pages\/6403","targetHints":{"allow":["GET"]}}],"collection":[{"href":"https:\/\/myplasticmold.com\/fr\/wp-json\/wp\/v2\/pages"}],"about":[{"href":"https:\/\/myplasticmold.com\/fr\/wp-json\/wp\/v2\/types\/page"}],"author":[{"embeddable":true,"href":"https:\/\/myplasticmold.com\/fr\/wp-json\/wp\/v2\/users\/3"}],"replies":[{"embeddable":true,"href":"https:\/\/myplasticmold.com\/fr\/wp-json\/wp\/v2\/comments?post=6403"}],"version-history":[{"count":0,"href":"https:\/\/myplasticmold.com\/fr\/wp-json\/wp\/v2\/pages\/6403\/revisions"}],"wp:attachment":[{"href":"https:\/\/myplasticmold.com\/fr\/wp-json\/wp\/v2\/media?parent=6403"}],"curies":[{"name":"wp","href":"https:\/\/api.w.org\/{rel}","templated":true}]}}