{"id":6323,"date":"2017-06-06T13:41:41","date_gmt":"2017-06-06T05:41:41","guid":{"rendered":"https:\/\/myplasticmold.com\/?page_id=6323"},"modified":"2023-07-18T13:48:58","modified_gmt":"2023-07-18T05:48:58","slug":"moule-pour-produits-de-lenfance","status":"publish","type":"page","link":"https:\/\/myplasticmold.com\/fr\/moule-pour-produits-de-lenfance","title":{"rendered":"moule pour produits pour enfants,moule pour baignoire de b\u00e9b\u00e9,moule pour chaise de b\u00e9b\u00e9,moule pour jouets de b\u00e9b\u00e9"},"content":{"rendered":"<h2 class=\"wp-block-heading\">Moules pour produits pour enfants, moules pour baignoires de b\u00e9b\u00e9, moules pour chaises de b\u00e9b\u00e9,<a href=\"https:\/\/myplasticmold.com\/fr\/moule-pour-produits-de-lenfance\">moule pour jouets de b\u00e9b\u00e9<\/a> fabricant<\/h2>\n\n\n\n<p>\u00c0 la recherche de produits de haute qualit\u00e9 <a href=\"https:\/\/myplasticmold.com\/en\/child-product-mould\" target=\"_blank\" rel=\"noreferrer noopener\">moules pour produits de l'enfance<\/a>? Ne cherchez pas plus loin ! Nous sommes fiers d'offrir des services exceptionnels de fabrication de moules pour toute une gamme de produits pour enfants. Que vous ayez besoin d'un moule de baignoire, de chaise ou de jouet pour b\u00e9b\u00e9, notre \u00e9quipe de professionnels qualifi\u00e9s s'engage \u00e0 fournir des r\u00e9sultats exceptionnels.<\/p>\n\n\n\n<p>Nos moules pour produits destin\u00e9s aux enfants sont fabriqu\u00e9s avec pr\u00e9cision et dans le souci du d\u00e9tail. Nous comprenons l'importance de la s\u00e9curit\u00e9 et du confort pour vos petits. Chaque moule est m\u00e9ticuleusement con\u00e7u pour garantir une fonctionnalit\u00e9 et une durabilit\u00e9 optimales, afin d'offrir \u00e0 l'utilisateur une exp\u00e9rience sans faille.<\/p>\n\n\n\n<p>En ce qui concerne nos moules, nous accordons la priorit\u00e9 aux avantages suivants :<\/p>\n\n\n\n<ul class=\"wp-block-list\">\n<li>Qualit\u00e9 sup\u00e9rieure : Nos moules sont fabriqu\u00e9s \u00e0 l'aide de techniques de pointe et de mat\u00e9riaux de premi\u00e8re qualit\u00e9, ce qui garantit une excellente qualit\u00e9 et une grande long\u00e9vit\u00e9.<\/li>\n\n\n\n<li>Personnalisation : Nous proposons des conceptions de moules personnalisables pour r\u00e9pondre \u00e0 vos besoins sp\u00e9cifiques. Les moules sur mesure vous permettent de cr\u00e9er des produits uniques et innovants pour les enfants.<\/li>\n\n\n\n<li>Efficacit\u00e9 : Notre processus avanc\u00e9 de fabrication de moules optimise le temps de production, garantissant ainsi la livraison de vos moules dans les d\u00e9lais impartis.<\/li>\n\n\n\n<li>Expertise : Avec des ann\u00e9es d'exp\u00e9rience dans l'industrie, notre \u00e9quipe poss\u00e8de des connaissances et une expertise approfondies en mati\u00e8re de fabrication de moules, ce qui garantit des r\u00e9sultats de premier ordre.<\/li>\n<\/ul>\n\n\n\n<p>Choisir nos moules pour produits destin\u00e9s aux enfants, c'est investir dans des solutions fiables et performantes. Nos moules sont con\u00e7us pour donner vie \u00e0 vos id\u00e9es de produits et vous permettre de cr\u00e9er des produits adapt\u00e9s aux enfants qui se distinguent sur le march\u00e9.<\/p>\n\n\n\n<p>Faites passer vos projets de fabrication de moules au niveau sup\u00e9rieur gr\u00e2ce \u00e0 nos services exceptionnels. Contactez-nous d\u00e8s aujourd'hui pour discuter de vos besoins en mati\u00e8re de moules et lib\u00e9rer le potentiel de cr\u00e9ation de produits pour enfants remarquables.<\/p>\n\n\n\n<p>Pour toute demande de renseignements ou d'informations compl\u00e9mentaires, veuillez consulter notre site web ou nous contacter directement.<\/p>\n\n\n\n<figure class=\"wp-block-image\"><img loading=\"lazy\" decoding=\"async\" width=\"665\" height=\"925\" src=\"https:\/\/myplasticmold.com\/wp-content\/uploads\/2020\/04\/child_products_mould_m5h0j2.jpg\" alt=\"\" class=\"wp-image-6326\" srcset=\"https:\/\/myplasticmold.com\/wp-content\/uploads\/2020\/04\/child_products_mould_m5h0j2.jpg 665w, https:\/\/myplasticmold.com\/wp-content\/uploads\/2020\/04\/child_products_mould_m5h0j2-216x300.jpg 216w\" sizes=\"auto, (max-width: 665px) 100vw, 665px\" \/><\/figure>\n\n\n\n<p><\/p>","protected":false},"excerpt":{"rendered":"<p>Child product mould,baby bathtub mould,baby chair mould,baby toy mould maker Looking for high-quality child product molds? Look no further! We take pride in offering exceptional mold-making services for a range of child products. Whether you need a baby bathtub mold, baby chair mold, or baby toy mold, our skilled team of professionals is dedicated to [&hellip;]<\/p>\n","protected":false},"author":3,"featured_media":0,"parent":0,"menu_order":0,"comment_status":"closed","ping_status":"closed","template":"","meta":{"footnotes":""},"class_list":["post-6323","page","type-page","status-publish","hentry"],"blocksy_meta":{"styles_descriptor":{"styles":{"desktop":"","tablet":"","mobile":""},"google_fonts":[],"version":6}},"_links":{"self":[{"href":"https:\/\/myplasticmold.com\/fr\/wp-json\/wp\/v2\/pages\/6323","targetHints":{"allow":["GET"]}}],"collection":[{"href":"https:\/\/myplasticmold.com\/fr\/wp-json\/wp\/v2\/pages"}],"about":[{"href":"https:\/\/myplasticmold.com\/fr\/wp-json\/wp\/v2\/types\/page"}],"author":[{"embeddable":true,"href":"https:\/\/myplasticmold.com\/fr\/wp-json\/wp\/v2\/users\/3"}],"replies":[{"embeddable":true,"href":"https:\/\/myplasticmold.com\/fr\/wp-json\/wp\/v2\/comments?post=6323"}],"version-history":[{"count":0,"href":"https:\/\/myplasticmold.com\/fr\/wp-json\/wp\/v2\/pages\/6323\/revisions"}],"wp:attachment":[{"href":"https:\/\/myplasticmold.com\/fr\/wp-json\/wp\/v2\/media?parent=6323"}],"curies":[{"name":"wp","href":"https:\/\/api.w.org\/{rel}","templated":true}]}}