{"id":3601,"date":"2015-08-20T19:21:35","date_gmt":"2015-08-20T19:21:35","guid":{"rendered":"https:\/\/myplasticmold.com\/?p=3601"},"modified":"2023-07-22T08:58:00","modified_gmt":"2023-07-22T00:58:00","slug":"5-niveaux-de-maintenance-des-moules-en-plastique","status":"publish","type":"page","link":"https:\/\/myplasticmold.com\/fr\/5-niveaux-de-maintenance-des-moules-en-plastique","title":{"rendered":"5 niveaux de maintenance des moules en plastique"},"content":{"rendered":"<figure class=\"wp-block-image aligncenter\"><img loading=\"lazy\" decoding=\"async\" width=\"960\" height=\"540\" src=\"https:\/\/myplasticmold.com\/wp-content\/uploads\/2020\/04\/12032032_955858837790640_8477703518881429676_n_qthcmy.jpg\" alt=\"\" class=\"wp-image-7177\" srcset=\"https:\/\/myplasticmold.com\/wp-content\/uploads\/2020\/04\/12032032_955858837790640_8477703518881429676_n_qthcmy.jpg 960w, https:\/\/myplasticmold.com\/wp-content\/uploads\/2020\/04\/12032032_955858837790640_8477703518881429676_n_qthcmy-300x169.jpg 300w, https:\/\/myplasticmold.com\/wp-content\/uploads\/2020\/04\/12032032_955858837790640_8477703518881429676_n_qthcmy-768x432.jpg 768w\" sizes=\"auto, (max-width: 960px) 100vw, 960px\" \/><\/figure>\n\n\n\n<ul class=\"wp-block-list\">\n<li><strong>niveau 1.Entretien courant<\/strong><\/li>\n<\/ul>\n\n\n\n<p>Avant que le moule ne soit retir\u00e9 de la presse, il doit \u00eatre chauff\u00e9 (si le moule est r\u00e9frig\u00e9r\u00e9) de mani\u00e8re \u00e0 ce que toute la condensation superficielle s'\u00e9vapore.<\/p>\n\n\n\n<p>Lorsque le moule est encore chaud, les surfaces internes du moule doivent \u00eatre d\u00e9licatement nettoy\u00e9es \u00e0 l'aide d'un solvant de s\u00e9curit\u00e9 pour \u00e9liminer toute salet\u00e9 r\u00e9siduelle, le syst\u00e8me d'\u00e9jection doit \u00eatre d\u00e9plac\u00e9 compl\u00e8tement vers l'avant, puis pulv\u00e9ris\u00e9 avec un produit antirouille approuv\u00e9 avant que le syst\u00e8me d'\u00e9jection ne soit r\u00e9tract\u00e9 et que le moule ne soit ferm\u00e9.<\/p>\n\n\n\n<p>Les lentilles et les surfaces hautement polies doivent \u00eatre prot\u00e9g\u00e9es conform\u00e9ment aux instructions sp\u00e9cifiques.<br>Toutes les conduites d'eau doivent \u00eatre vidang\u00e9es et purg\u00e9es de toute eau r\u00e9siduelle afin d'\u00e9viter la formation de rouille due \u00e0 l'eau stagnante.<br>Il est imp\u00e9ratif qu'il n'y ait pas d'eau \u00e0 l'int\u00e9rieur de la moisissure.<\/p>\n\n\n\n<p>V\u00e9rifier et s'assurer que tous les boulons, plaques, colliers, etc. sont en place et bien serr\u00e9s.<br>Bag le dernier clich\u00e9 comme exemple de la qualit\u00e9 typique de cette s\u00e9rie. Conservez ces pi\u00e8ces avec le moule.<\/p>\n\n\n\n<p><strong>Chaque fois que le moule est retir\u00e9 de la production ou remis en production&nbsp;<\/strong><\/p>\n\n\n\n<hr class=\"wp-block-separator has-alpha-channel-opacity\"\/>\n\n\n\n<ul class=\"wp-block-list\">\n<li><strong>niveau 2.Maintenance pr\u00e9ventive simple <\/strong><\/li>\n<\/ul>\n\n\n\n<p>Ouvrez le moule. \u00c0 l'aide d'un solvant d'atelier de s\u00e9curit\u00e9 approuv\u00e9, retirez le conservateur de moule \u00e0 l'aide d'un tampon non pelucheux.<\/p>\n\n\n\n<div class=\"wp-block-stackable-button-group stk-block-button-group stk-block stk-fb03efd\" data-block-id=\"fb03efd\"><style>.stk-fb03efd .stk-button-group{flex-direction:row !important;}@media screen and (max-width: 1023px){.stk-fb03efd .stk-button-group{flex-direction:row !important;}}@media screen and (max-width: 767px){.stk-fb03efd .stk-button-group{flex-direction:row !important;}}<\/style><div class=\"stk-row stk-inner-blocks has-text-align-center stk-block-content stk-button-group\">\n<div class=\"wp-block-stackable-button stk-block-button has-text-align-center stk-block stk-eea1c25 stk-animate\" data-block-id=\"eea1c25\" data-stk-anim-perspective-in=\"100\" data-stk-anim-perspective-out=\"100\"><style>.stk-eea1c25 {border-top-left-radius:50px !important;border-top-right-radius:50px !important;border-bottom-right-radius:50px !important;border-bottom-left-radius:50px !important;overflow:hidden !important;box-shadow:0 0 0 1px #7878781a !important;min-height:68px !important;max-width:1500px !important;min-width:auto !important;padding-top:0px !important;padding-right:0px !important;padding-bottom:0px !important;padding-left:0px !important;margin-right:auto !important;margin-left:auto !important;flex:1 0 var(--stk-button-group-flex-wrap, 0) !important;}.stk-eea1c25 , .stk-eea1c25 .stk-button{width:100% !important;}.stk-eea1c25 .stk-button__inner-text{font-size:43px !important;}@media screen and (max-width: 1023px){.stk-eea1c25 .stk-button__inner-text{font-size:43px !important;}}<\/style><a class=\"stk-link stk-button stk--hover-effect-scale\" href=\"https:\/\/myplasticmold.com\/contact-us-2\/\" target=\"_blank\" rel=\"noreferrer noopener\"><span class=\"stk-button__inner-text\"><strong>30% inf\u00e9rieur et 10 jours de moins<\/strong><\/span><\/a><\/div>\n<\/div><\/div>\n\n\n\n<p>Il n'est pas souhaitable d'ex\u00e9cuter imm\u00e9diatement les pi\u00e8ces en supposant que les premiers tirs gratteront la couche protectrice et serviront donc \u00e0 nettoyer l'agent de conservation du moule.<\/p>\n\n\n\n<p><strong>Effectu\u00e9 lors du retrait d'un outil de l'entrep\u00f4t<\/strong><\/p>\n\n\n\n<hr class=\"wp-block-separator has-alpha-channel-opacity\"\/>\n\n\n\n<ul class=\"wp-block-list\">\n<li><strong>niveau 3.inspection maintenance<\/strong><\/li>\n<\/ul>\n\n\n\n<p>Cette maintenance est effectu\u00e9e par l'op\u00e9rateur principal ou un fabricant d'outils \u00e0 la fin d'un cycle de production.<\/p>\n\n\n\n<p>\u00c0 l'aide de la liste de contr\u00f4le et des techniques d'inspection visuelle, le moule est examin\u00e9 et les r\u00e9parations mineures n\u00e9cessaires sont not\u00e9es pour faciliter la proc\u00e9dure d'entretien g\u00e9n\u00e9ral.<\/p>\n\n\n\n<p>Si ce n'est pas le cas, les r\u00e9parations n\u00e9cessaires ou les retouches \u00e0 effectuer sont not\u00e9es dans le registre de l'historique des moisissures en vue d'une \u00e9valuation ult\u00e9rieure.<\/p>\n\n\n\n<p>Tout \u00e9l\u00e9ment manquant ou toute cavit\u00e9 obstru\u00e9e doit \u00eatre not\u00e9 et r\u00e9par\u00e9.<\/p>\n\n\n\n<p>Un \u00e9chantillon de la cavit\u00e9 bloqu\u00e9e doit \u00eatre conserv\u00e9 pour que le mouliste puisse effectuer des r\u00e9parations.<\/p>\n\n\n\n<p>Le moule doit \u00eatre lav\u00e9 avec un solvant de s\u00e9curit\u00e9 afin d'\u00e9liminer le vernis et les accumulations r\u00e9sultant du processus de moulage.<\/p>\n\n\n\n<p>La profondeur des \u00e9vents doit \u00eatre v\u00e9rifi\u00e9e \u00e0 au moins quatre endroits en face d'horloge autour de la face de la cavit\u00e9.<\/p>\n\n\n\n<p>Les travaux \u00e0 effectuer au cours de la proc\u00e9dure d'entretien g\u00e9n\u00e9ral doivent \u00eatre not\u00e9s sur le formulaire en vue de travaux ult\u00e9rieurs.<\/p>\n\n\n\n<p>Le moule doit \u00eatre retir\u00e9 de la production et les goupilles remplac\u00e9es.<\/p>\n\n\n\n<p><strong>20 000 cycles ou neuf \u00e9quipes de production<\/strong><\/p>\n\n\n\n<hr class=\"wp-block-separator has-alpha-channel-opacity\"\/>\n\n\n\n<ul class=\"wp-block-list\">\n<li><strong>&nbsp;4. entretien g\u00e9n\u00e9ral<\/strong><\/li>\n<\/ul>\n\n\n\n<p>Seuls les techniciens de l'atelier d'outillage ayant re\u00e7u une formation ad\u00e9quate doivent effectuer cette op\u00e9ration d'entretien<br>Toutes les assiettes sont s\u00e9par\u00e9es et leurs faces nettoy\u00e9es.<\/p>\n\n\n\n<p>Attention : Les surfaces tr\u00e8s polies ne doivent pas \u00eatre nettoy\u00e9es avec des brosses ou des chiffons.<\/p>\n\n\n\n<p>N'utilisez que des mouchoirs ou des boules de coton non contamin\u00e9s. D\u00e9tachez la salet\u00e9 en vaporisant du liquide de nettoyage dans la cavit\u00e9 et en l'essuyant avec des boules de coton propres.<\/p>\n\n\n\n<p>Ne pas toucher avec les doigts, la poussi\u00e8re sur le bout des doigts peut rayer une surface polie.<\/p>\n\n\n\n<p>Soyez prudent lorsque vous soufflez une cavit\u00e9, il peut y avoir de la poussi\u00e8re ou de la rouille dans les conduites d'air, ce qui peut endommager la cavit\u00e9 polie.<br>L'usure de tous les composants est v\u00e9rifi\u00e9e. Toute usure excessive est not\u00e9e et il est d\u00e9cid\u00e9 de la r\u00e9parer, de la remplacer ou de continuer \u00e0 l'utiliser.<\/p>\n\n\n\n<p>Toutes les zones rugueuses situ\u00e9es en dehors de la zone de d\u00e9tail de la cavit\u00e9 doivent \u00eatre travaill\u00e9es. Toute zone \u00e0 l'int\u00e9rieur de la zone de d\u00e9tail de la cavit\u00e9 pr\u00e9sentant des bosses, des creux ou d'autres signes d'usure ou d'abus doit \u00eatre consid\u00e9r\u00e9e comme critique et doit \u00eatre soigneusement analys\u00e9e avant d'entreprendre des remplacements ou des r\u00e9parations.<\/p>\n\n\n\n<p>Toutes les pi\u00e8ces mobiles doivent \u00eatre lubrifi\u00e9es si n\u00e9cessaire. Utilisez le lubrifiant avec parcimonie sur toutes les pi\u00e8ces mobiles qui entrent en contact avec des pi\u00e8ces en plastique.<\/p>\n\n\n\n<p>Les \u00e9vents doivent \u00eatre v\u00e9rifi\u00e9s en termes de profondeur, de largeur et d'espace par rapport aux sp\u00e9cifications du dessin de l'outil.<\/p>\n\n\n\n<p>Ces donn\u00e9es doivent \u00eatre enregistr\u00e9es sur la liste de contr\u00f4le et une r\u00e9paration doit \u00eatre d\u00e9cid\u00e9e si n\u00e9cessaire.<\/p>\n\n\n\n<p>Il convient \u00e9galement de v\u00e9rifier l'absence de corrosion et de br\u00fblures d'a\u00e9ration (une meilleure a\u00e9ration peut \u00eatre n\u00e9cessaire).<\/p>\n\n\n\n<p>\"L'int\u00e9grit\u00e9 des joints toriques, des joints d'\u00e9tanch\u00e9it\u00e9 et des garnitures doit \u00eatre v\u00e9rifi\u00e9e.<\/p>\n\n\n\n<p>Toutes les conduites d'eau doivent faire l'objet d'un test de pression pour d\u00e9tecter les fuites et d'une nouvelle certification de leur capacit\u00e9 d'\u00e9coulement.<\/p>\n\n\n\n<p>Les conduites d'eau entartr\u00e9es et encombr\u00e9es doivent \u00eatre nettoy\u00e9es sous pression \u00e0 l'aide d'un d\u00e9tartrant.<\/p>\n\n\n\n<p>Le syst\u00e8me d'\u00e9jection doit \u00eatre examin\u00e9 pour v\u00e9rifier qu'il est bien align\u00e9. Si les trous des goupilles d'\u00e9jection ont pris une forme ovo\u00efde, il convient de d\u00e9terminer s'il faut les repercer et les al\u00e9ser \u00e0 une taille sup\u00e9rieure et remplacer les goupilles existantes par des goupilles de taille sup\u00e9rieure.<br>Les ressorts de rappel cass\u00e9s, le repl\u00e2trage ou la retexturation en raison de l'\u00e9rosion de la surface du moule par le mat\u00e9riau, le remplacement des portes ou des inserts de porte, les nouveaux blocs de coul\u00e9e, etc. doivent \u00eatre analys\u00e9s et d\u00e9termin\u00e9s.<\/p>\n\n\n\n<p>Remplacer tous les ressorts apr\u00e8s 50 000 cycles<\/p>\n\n\n\n<p><strong>100 000 cycles ou tous les 10 cycles de production<\/strong><\/p>\n\n\n\n<hr class=\"wp-block-separator has-alpha-channel-opacity\"\/>\n\n\n\n<ul class=\"wp-block-list\">\n<li><strong>Niveau 5 : Gros travaux d'entretien<\/strong><\/li>\n<\/ul>\n\n\n\n<p>Cet entretien doit \u00eatre effectu\u00e9 par du personnel qualifi\u00e9 dans le domaine des outils et des matrices.<\/p>\n\n\n\n<p>Elle doit \u00eatre effectu\u00e9e lorsque le moule remplit le nombre de cycles requis pour l'entretien, lorsque l'outil pr\u00e9sente une usure excessive ou lorsqu'il est endommag\u00e9.<\/p>\n\n\n\n<p>La tenue d'un registre est ici tr\u00e8s importante.<\/p>\n\n\n\n<p>Avant le d\u00e9but de la maintenance, quatre plans complets (pi\u00e8ces, carottes et coulisses) doivent \u00eatre livr\u00e9s avec l'outillage pour \u00e9tude.<\/p>\n\n\n\n<p>Deux clich\u00e9s doivent provenir de la qualification initiale du moule.<\/p>\n\n\n\n<p>Cela permet d'avoir un aper\u00e7u visuel de ce qui \u00e9tait acceptable lorsque le moule \u00e9tait neuf et fonctionnait parfaitement.<\/p>\n\n\n\n<p>Les deux derniers clich\u00e9s doivent correspondre aux pi\u00e8ces les plus r\u00e9centes produites avant que l'outil ne soit retir\u00e9 pour maintenance.<\/p>\n\n\n\n<p>La comparaison des clich\u00e9s avant et apr\u00e8s donne une excellente indication de l'usure et des abus subis par l'outil.<\/p>\n\n\n\n<p>Tous les composants dont le remplacement a \u00e9t\u00e9 d\u00e9termin\u00e9 et autoris\u00e9 doivent \u00eatre d\u00e9pos\u00e9s et de nouveaux composants doivent \u00eatre construits et install\u00e9s conform\u00e9ment aux conceptions d'origine si des composants de rechange certifi\u00e9s pr\u00e9c\u00e9demment ne sont pas disponibles.<\/p>\n\n\n\n<p>L'usure des axes d'entra\u00eenement, des bagues et de toutes les surfaces mobiles des roulements doit \u00eatre v\u00e9rifi\u00e9e et, le cas \u00e9ch\u00e9ant, remplac\u00e9e\/r\u00e9par\u00e9e.<\/p>\n\n\n\n<p>Les plaques et les surfaces de la cavit\u00e9 du moule doivent \u00eatre v\u00e9rifi\u00e9es pour les parall\u00e8les et rectifi\u00e9es si n\u00e9cessaire. La surface de la cavit\u00e9 du moule doit \u00eatre nettoy\u00e9e et polie si n\u00e9cessaire pour r\u00e9pondre aux exigences de la surface d'origine.<\/p>\n\n\n\n<p>Les galeries, les bosses et les creux doivent \u00eatre \u00e9limin\u00e9s jusqu'\u00e0 ce que la surface soit enti\u00e8rement conforme aux sp\u00e9cifications de l'impression d'origine.<\/p>\n\n\n\n<p>Tous les composants qui ne r\u00e9pondent pas aux sp\u00e9cifications d'origine de la pi\u00e8ce imprim\u00e9e doivent \u00eatre r\u00e9par\u00e9s, remplac\u00e9s et requalifi\u00e9s selon les besoins.<\/p>\n\n\n\n<p>Tous les composants qui ont \u00e9t\u00e9 plaqu\u00e9s doivent \u00eatre d\u00e9mont\u00e9s et remplac\u00e9s le cas \u00e9ch\u00e9ant.<\/p>\n\n\n\n<p>Tous les composants ayant fait l'objet d'un traitement de surface sp\u00e9cial pour la r\u00e9sistance \u00e0 la corrosion, la lubrification, la duret\u00e9 et autres doivent \u00eatre retrait\u00e9s afin de garantir l'intention initiale de l'outil.<\/p>\n\n\n\n<p>Tous les \u00e9l\u00e9ments mobiles doivent \u00eatre v\u00e9rifi\u00e9s pour s'assurer qu'ils se d\u00e9placent facilement. Des ajustements doivent \u00eatre effectu\u00e9s si n\u00e9cessaire.<\/p>\n\n\n\n<p>Tous les ressorts de rappel de la plaque d'\u00e9jection doivent \u00eatre remplac\u00e9s par des ressorts neufs pour \u00e9viter la fatigue.<\/p>\n\n\n\n<p>Toutes les conduites d'eau doivent \u00eatre rinc\u00e9es avec un d\u00e9tartrant pour \u00e9liminer les d\u00e9p\u00f4ts de calcaire.<\/p>\n\n\n\n<p>Tous les joints toriques, les bouchons internes, les joints et les garnitures doivent \u00eatre remplac\u00e9s.<\/p>\n\n\n\n<p>Pour les outils n\u00e9cessitant une production \u00e9lev\u00e9e, les cavit\u00e9s doivent \u00eatre enlev\u00e9es et d\u00e9tendues pour \u00e9liminer l'\u00e9crouissage et la fragilisation du mat\u00e9riau.<\/p>\n\n\n\n<p>L'ensemble moule\/empreinte doit \u00eatre r\u00e9inspect\u00e9 et requalifi\u00e9 comme s'il s'agissait d'une nouvelle empreinte.<\/p>\n\n\n\n<p>La base du moule doit \u00eatre inspect\u00e9e pour v\u00e9rifier l'absence de fissures, d'\u00e9crouissage, de corrosion, etc. Si la base du moule a \u00e9t\u00e9 plaqu\u00e9e ou peinte pour r\u00e9sister \u00e0 la corrosion, le rev\u00eatement doit \u00eatre enlev\u00e9, la base nettoy\u00e9e et le rev\u00eatement r\u00e9appliqu\u00e9.<\/p>\n\n\n\n<p>L'identification du moule doit \u00eatre refaite pour indiquer que l'outil a \u00e9t\u00e9 reconstruit.<\/p>\n\n\n\n<p>La surface de la cavit\u00e9 doit \u00eatre inspect\u00e9e pour v\u00e9rifier l'absence d'usure ou d'\u00e9rosion du placage ou de la texture.<\/p>\n\n\n\n<p>Si cela s'av\u00e8re n\u00e9cessaire, les surfaces de la cavit\u00e9 doivent \u00eatre d\u00e9cap\u00e9es et replac\u00e9es, ou la texture doit \u00eatre polie et une nouvelle texture doit \u00eatre appliqu\u00e9e.<\/p>\n\n\n\n<p><strong>250 000 cycles ou la moiti\u00e9 de la dur\u00e9e de vie pr\u00e9vue du volume<\/strong><\/p>\n\n\n\n<figure class=\"wp-block-image\"><img decoding=\"async\" src=\"http:\/\/i1283.photobucket.com\/albums\/a555\/stevenchengcn\/QQ20150821094654_zpst17qsbsv.png\" alt=\"\"\/><\/figure>","protected":false},"excerpt":{"rendered":"<p>Before the mold is removed from the press, it is to be heated (if the mold is chilled)so that all surface condensation is evaporated. With the mold still warm, internal mold surfaces should be gently cleaned with shop safety solvent to remove any residual dirt and grime, the ejector system moved fully forward, then sprayed [&hellip;]<\/p>\n","protected":false},"author":3,"featured_media":0,"parent":0,"menu_order":0,"comment_status":"closed","ping_status":"open","template":"","meta":{"footnotes":""},"class_list":["post-3601","page","type-page","status-publish","hentry"],"blocksy_meta":{"styles_descriptor":{"styles":{"desktop":"","tablet":"","mobile":""},"google_fonts":[],"version":6}},"_links":{"self":[{"href":"https:\/\/myplasticmold.com\/fr\/wp-json\/wp\/v2\/pages\/3601","targetHints":{"allow":["GET"]}}],"collection":[{"href":"https:\/\/myplasticmold.com\/fr\/wp-json\/wp\/v2\/pages"}],"about":[{"href":"https:\/\/myplasticmold.com\/fr\/wp-json\/wp\/v2\/types\/page"}],"author":[{"embeddable":true,"href":"https:\/\/myplasticmold.com\/fr\/wp-json\/wp\/v2\/users\/3"}],"replies":[{"embeddable":true,"href":"https:\/\/myplasticmold.com\/fr\/wp-json\/wp\/v2\/comments?post=3601"}],"version-history":[{"count":0,"href":"https:\/\/myplasticmold.com\/fr\/wp-json\/wp\/v2\/pages\/3601\/revisions"}],"wp:attachment":[{"href":"https:\/\/myplasticmold.com\/fr\/wp-json\/wp\/v2\/media?parent=3601"}],"curies":[{"name":"wp","href":"https:\/\/api.w.org\/{rel}","templated":true}]}}