{"id":201,"date":"2012-07-15T09:54:41","date_gmt":"2012-07-15T09:54:41","guid":{"rendered":"https:\/\/myplasticmold.com\/?page_id=201"},"modified":"2020-10-23T09:53:12","modified_gmt":"2020-10-23T01:53:12","slug":"moule-pour-poubelle-en-plastique","status":"publish","type":"page","link":"https:\/\/myplasticmold.com\/fr\/moule-pour-poubelle-en-plastique","title":{"rendered":"Fabrication de moules pour poubelles industrielles en plastique \u00e0 partir de moules pour poubelles industrielles en plastique de Chine."},"content":{"rendered":"<h2>Moule pour poubelle en plastique Industrail, moule pour poubelle et moule pour poubelle \u00e0 ordures<\/h2>\n<p><img loading=\"lazy\" decoding=\"async\" class=\"alignnone wp-image-5606\" title=\"\" src=\"https:\/\/myplasticmold.com\/wp-content\/uploads\/2020\/04\/dustbin_mould_fbxxqq.jpg\" alt=\"\" width=\"665\" height=\"925\" srcset=\"https:\/\/myplasticmold.com\/wp-content\/uploads\/2020\/04\/dustbin_mould_fbxxqq.jpg 665w, https:\/\/myplasticmold.com\/wp-content\/uploads\/2020\/04\/dustbin_mould_fbxxqq-216x300.jpg 216w\" sizes=\"auto, (max-width: 665px) 100vw, 665px\" \/><\/p>\n<p><strong>Moule pour poubelle 120L \/ Moule pour poubelle \/ Moule pour corbeille \u00e0 papier<\/strong><\/p>\n<ul>\n<li>Cavit\u00e9 :1<\/li>\n<li>Taille de la poubelle : 932*492*550mm<\/li>\n<li>\u00a0Dur\u00e9e de vie du moule : 200 000 tirs<\/li>\n<li>Porte d'injection (corps) : canal \u00e0 froid<\/li>\n<li>Porte d'injection (couvercle) : 1 goutte \u00e0 chaud, bobine de chaleur : marque \"HOTSET\", original allemand.<\/li>\n<li><a title=\"Acier pour moules\" href=\"https:\/\/myplasticmold.com\/plastic-mold-steel.html\/\">Acier pour moules<\/a>:P20<\/li>\n<li>Plastique Mat\u00e9riau :<a title=\"PEHD\" href=\"https:\/\/en.wikipedia.org\/wiki\/High-density_polyethylene\" target=\"_blank\" rel=\"noopener noreferrer\">PEHD<\/a><\/li>\n<\/ul>\n<h2>Fabrication et conception de moules pour poubelles<\/h2>\n<p>Les exigences de conception d'une poubelle en plastique moul\u00e9 ne permettent parfois pas de retirer la poubelle directement de l'emballage. <a title=\"moule pour poubelle en plastique\" href=\"https:\/\/myplasticmold.com\/fr\/moule-pour-poubelle-en-plastique\">moule pour poubelle en plastique<\/a> au fur et \u00e0 mesure qu'elle s'ouvre. C'est le cas lorsque la poubelle en plastique est <strong>contre-d\u00e9pouille par rapport \u00e0 la ligne de d\u00e9placement ou d'ouverture et de fermeture du moule<\/strong>. La pratique habituelle consiste \u00e0 modifier le plus possible le dessin afin de r\u00e9aliser le moule le plus simple.<\/p>\n<p><a href=\"https:\/\/myplasticmold.com\/wp-content\/uploads\/2012\/07\/square-dustbin.jpg\" target=\"_blank\" rel=\"noopener noreferrer\"><img loading=\"lazy\" decoding=\"async\" class=\"alignleft wp-image-325\" title=\"moule pour poubelle carr\u00e9e\" src=\"https:\/\/myplasticmold.com\/wp-content\/uploads\/2020\/04\/square-dustbin_shk27i.jpg\" alt=\"moule pour poubelle\" width=\"220\" height=\"225\" \/><\/a>Le type de barre libre de <strong>moule \u00e0 injection pour poubelle<\/strong> est un mod\u00e8le utile pour surmonter la difficult\u00e9 d'\u00e9jection d'une poubelle \u00e0 long tirage et \u00e0 section fine. Le couvercle de bo\u00eete coulissant illustr\u00e9 \u00e0 la figure 1 est un exemple typique de poubelle qui ne peut pas \u00eatre facilement \u00e9ject\u00e9e directement en raison de sa longueur (4 pouces) et de sa section mince (0,040 pouce). Le moulage en bout qui est n\u00e9cessaire pour l'\u00e9jection directe \u00e0 l'ouverture de la presse n'est pas pratique avec ces caract\u00e9ristiques. En effet, l'action du m\u00e9canisme d'\u00e9jection d\u00e9pend de la course d'ouverture. De plus, le moule serait plut\u00f4t encombrant - au moins deux fois la longueur de la poubelle pour laisser de la place \u00e0 la poubelle et \u00e0 la course de l'\u00e9jecteur. En moulant sur un noyau fix\u00e9 \u00e0 une barre libre, il sera possible de mouler des lettres sur la face sup\u00e9rieure de la bo\u00eete, car elles seront tir\u00e9es directement de la cavit\u00e9 lorsque le moule s'ouvrira. Le moule \u00e0 barre mobile pour le couvercle de la bo\u00eete est illustr\u00e9 \u00e0 la figure 1. Une vue lat\u00e9rale et une vue faisant face au plateau d'\u00e9jection sont illustr\u00e9es. La barre doit \u00eatre retir\u00e9e manuellement et remplac\u00e9e par une autre barre, de sorte que les poubelles peuvent \u00eatre d\u00e9pouill\u00e9es sur un banc pendant que la deuxi\u00e8me barre est dans le moule. Aucun dispositif d'\u00e9jection n'est n\u00e9cessaire. Le moule est simple et se compose de plaques d'adaptation avant et arri\u00e8re, de blocs de cavit\u00e9 et d'un dispositif de retenue, d'une barre libre et d'un ensemble de noyau, de broches de guidage et d'une plaque de retenue, ainsi que d'un syst\u00e8me d'obturation.<\/p>\n<h2>Plaques d'adaptation<\/h2>\n<p><img loading=\"lazy\" decoding=\"async\" class=\"alignright wp-image-324\" title=\"moule \u00e0 poubelle\" src=\"https:\/\/myplasticmold.com\/wp-content\/uploads\/2020\/04\/dustbin_oofrdp.jpg\" alt=\"moule pour poubelle\" width=\"238\" height=\"238\" srcset=\"https:\/\/myplasticmold.com\/wp-content\/uploads\/2020\/04\/dustbin_oofrdp.jpg 350w, https:\/\/myplasticmold.com\/wp-content\/uploads\/2020\/04\/dustbin_oofrdp-300x300.jpg 300w, https:\/\/myplasticmold.com\/wp-content\/uploads\/2020\/04\/dustbin_oofrdp-150x150.jpg 150w\" sizes=\"auto, (max-width: 238px) 100vw, 238px\" \/>Les deux plaques d'adaptation servent de support aux broches de guidage, aux douilles et aux blocs de cavit\u00e9. Il n'est pas n\u00e9cessaire de durcir la plaque d'\u00e9jection (d\u00e9tail 1) car les broches de guidage n'ont pratiquement aucune tendance \u00e0 se d\u00e9former. <a title=\"\u00e9vier\" href=\"https:\/\/myplasticmold.com\/sink.html\/\">\u00e9vier<\/a> en. Cette plaque est fabriqu\u00e9e \u00e0 partir d'un mat\u00e9riau plat et ordinaire et l'on peut utiliser de l'acier lamin\u00e9 \u00e0 froid. Si l'on souhaite meuler la plaque \u00e0 plat, il convient d'utiliser de l'acier d'usinage, qui ne se d\u00e9formera pas lorsque la peau sera enlev\u00e9e. La plaque d'extr\u00e9mit\u00e9 d'injection (d\u00e9tail 10) est plus sollicit\u00e9e, car elle sert de support aux blocs de la cavit\u00e9. Elle doit \u00eatre tremp\u00e9e. Cette plaque comporte un bossage de montage circulaire et est perc\u00e9e pour l'entr\u00e9e du nez du cylindre d'injection. L'adaptateur de l'extr\u00e9mit\u00e9 d'\u00e9jection ne comporte pas de bossage de montage, car certains concepteurs pr\u00e9f\u00e8rent laisser cette extr\u00e9mit\u00e9 flotter et \u00eatre rep\u00e9r\u00e9e par les goupilles de guidage. Il n'est pas souhaitable de percer un grand trou dans le plateau de la presse, car cela affaiblit suffisamment le plateau pour lui permettre de se d\u00e9former. Du c\u00f4t\u00e9 de l'injection, il est n\u00e9cessaire d'avoir un trou assez grand pour permettre au cylindre d'injection d'entrer aussi pr\u00e8s que possible du moule afin d'\u00e9viter un refroidissement excessif de la mati\u00e8re plastique lorsqu'elle passe \u00e0 travers la buse dans la carotte. Un bossage de montage a donc \u00e9t\u00e9 inclus sur la plaque d'adaptation de l'extr\u00e9mit\u00e9 injection.<\/p>\n<p><img loading=\"lazy\" decoding=\"async\" class=\"alignnone wp-image-5607\" title=\"\" src=\"https:\/\/myplasticmold.com\/wp-content\/uploads\/2020\/04\/123_emzv2o.png\" alt=\"moule \u00e0 poubelle\" width=\"595\" height=\"751\" srcset=\"https:\/\/myplasticmold.com\/wp-content\/uploads\/2020\/04\/123_emzv2o.png 595w, https:\/\/myplasticmold.com\/wp-content\/uploads\/2020\/04\/123_emzv2o-238x300.png 238w\" sizes=\"auto, (max-width: 595px) 100vw, 595px\" \/><\/p>\n<p>Fig. 1.<\/p>\n<p>Topworks,A d\u00e9di\u00e9 <a href=\"https:\/\/myplasticmold.com\/fr\/moule-pour-poubelle-en-plastique\">moule pour poubelle<\/a> et <a href=\"https:\/\/myplasticmold.com\/fr\/moule-pour-poubelle-en-plastique\">fabricant de moules pour poubelles<\/a><\/p>\n<p>&nbsp;<\/p>","protected":false},"excerpt":{"rendered":"<p>Industrail Plastic Dustbin Mould,waste bin mould and garbage bin mould making 120L Dustbin Mould\/ Garbage bin Mould \/Trash Bin Mould Cavity :1 dustbin\u00a0Size:932*492*550mm \u00a0Mold Life:200,000\u00a0\u00a0shots Injection Gate(Body):cold runner Injection Gate(Lid):1\u00a0drop hot runner,heat coil:\u201dHOTSET\u201d\u00a0 brand,Germany original. Mold Steel:P20 Plastic Material:HDPE Dustbin\u00a0mold making and design Design requirements of a molded plastic dustbin\u00a0occasionally do not allow the\u00a0dustbin\u00a0to be [&hellip;]<\/p>\n","protected":false},"author":3,"featured_media":0,"parent":0,"menu_order":0,"comment_status":"open","ping_status":"open","template":"template_leftsidebar.php","meta":{"footnotes":""},"class_list":["post-201","page","type-page","status-publish","hentry"],"blocksy_meta":{"styles_descriptor":{"styles":{"desktop":"","tablet":"","mobile":""},"google_fonts":[],"version":6}},"_links":{"self":[{"href":"https:\/\/myplasticmold.com\/fr\/wp-json\/wp\/v2\/pages\/201","targetHints":{"allow":["GET"]}}],"collection":[{"href":"https:\/\/myplasticmold.com\/fr\/wp-json\/wp\/v2\/pages"}],"about":[{"href":"https:\/\/myplasticmold.com\/fr\/wp-json\/wp\/v2\/types\/page"}],"author":[{"embeddable":true,"href":"https:\/\/myplasticmold.com\/fr\/wp-json\/wp\/v2\/users\/3"}],"replies":[{"embeddable":true,"href":"https:\/\/myplasticmold.com\/fr\/wp-json\/wp\/v2\/comments?post=201"}],"version-history":[{"count":0,"href":"https:\/\/myplasticmold.com\/fr\/wp-json\/wp\/v2\/pages\/201\/revisions"}],"wp:attachment":[{"href":"https:\/\/myplasticmold.com\/fr\/wp-json\/wp\/v2\/media?parent=201"}],"curies":[{"name":"wp","href":"https:\/\/api.w.org\/{rel}","templated":true}]}}