{"id":190,"date":"2012-07-15T09:50:43","date_gmt":"2012-07-15T09:50:43","guid":{"rendered":"https:\/\/myplasticmold.com\/?page_id=190"},"modified":"2024-08-31T20:03:44","modified_gmt":"2024-08-31T12:03:44","slug":"moule-pour-tabouret-en-plastique","status":"publish","type":"page","link":"https:\/\/myplasticmold.com\/fr\/moule-pour-tabouret-en-plastique","title":{"rendered":"Moules pour tabourets et tables en plastique, moules pour tabourets de toilettes en Chine"},"content":{"rendered":"<figure class=\"wp-block-image aligncenter wp-image-6388\"><img loading=\"lazy\" decoding=\"async\" width=\"960\" height=\"1280\" src=\"https:\/\/myplasticmold.com\/wp-content\/uploads\/2020\/04\/mmexport1497921566374_dqcjr8.jpg\" alt=\"moule pour tabouret en plastique Chine\" class=\"wp-image-6388\" srcset=\"https:\/\/myplasticmold.com\/wp-content\/uploads\/2020\/04\/mmexport1497921566374_dqcjr8.jpg 960w, https:\/\/myplasticmold.com\/wp-content\/uploads\/2020\/04\/mmexport1497921566374_dqcjr8-225x300.jpg 225w, https:\/\/myplasticmold.com\/wp-content\/uploads\/2020\/04\/mmexport1497921566374_dqcjr8-768x1024.jpg 768w\" sizes=\"auto, (max-width: 960px) 100vw, 960px\" \/><figcaption class=\"wp-element-caption\">moule \u00e0 tabouret<\/figcaption><\/figure>\n\n\n\n<p>Vous cherchez un fabricant et un concepteur de moules pour tabourets en plastique qui peut am\u00e9liorer la rentabilit\u00e9 de votre entreprise ? Topworks Plastic mold offre un service complet de moules de tabourets sur mesure.<\/p>\n\n\n\n<p>Prendre soin de vous est notre principal objectif. Notre capacit\u00e9 \u00e0 produire, fabriquer et distribuer des moules pour tabourets \u00e0 des prix comp\u00e9titifs r\u00e9pond aux normes de qualit\u00e9 les plus \u00e9lev\u00e9es et nous sommes comp\u00e9titifs au niveau international.<\/p>\n\n\n\n<p>C'est pourquoi nous proposons un large \u00e9ventail de services d'outillage, de fabrication et d'exp\u00e9dition pour vous aider \u00e0 concr\u00e9tiser votre concept de moule de tabouret.<\/p>\n\n\n\n<p>Chaque phase du cycle de vie de votre produit sera simplifi\u00e9e par notre processus ; de l'\u00e9tape du concept \u00e0 celle d'un travail en cours, notre service rationalise votre processus \u00e0 chaque \u00e9tape.<\/p>\n\n\n\n<div class=\"wp-block-qubely-button qubely-block-7fdd18\" data-qubelyanimation=\"{&quot;animation&quot;:&quot;bounce&quot;,&quot;name&quot;:&quot;bounceCenter&quot;,&quot;repeat&quot;:&quot;once&quot;,&quot;direction&quot;:&quot;Center&quot;,&quot;duration&quot;:1000,&quot;delay&quot;:0,&quot;curve&quot;:&quot;ease-in-out&quot;,&quot;openAnimation&quot;:1}\"><div class=\"qubely-block-btn-wrapper\"><div class=\"qubely-block-btn\"><a class=\"qubely-block-btn-anchor is-large\" href=\"#\"><i class=\"qubely-btn-icon fas fa-hand-point-right\"><\/i><strong><span data-fontsize=\"22\" style=\"font-size: 22px;\" class=\"qubely-custom-font\">OBTENIR UN DEVIS GRATUIT,PRIX 30% PLUS BAS ET LIVRAISON 10 JOURS MOINS<\/span><\/strong><\/a><\/div><\/div><\/div>\n\n\n\n<h1 class=\"wp-block-heading\">Moule pour tabouret en plastique<\/h1>\n\n\n\n<ul class=\"wp-block-list\">\n<li><a href=\"https:\/\/myplasticmold.com\/fr\/moule-pour-tabouret-en-plastique\"><strong>moule pour tabouret en plastique<\/strong><\/a><\/li>\n\n\n\n<li>cavit\u00e9:1<\/li>\n\n\n\n<li>Hotrunner:1 gouttes avec serpentins chauffants \"HOTSET<\/li>\n\n\n\n<li><strong>moule pour tabouret en plastique<\/strong> acier \u00e0 cavit\u00e9 : P20<\/li>\n\n\n\n<li><strong>moule pour tabouret en plastique<\/strong> Acier de base : P20<\/li>\n\n\n\n<li>Mati\u00e8re plastique : PP<\/li>\n\n\n\n<li>Dur\u00e9e du cycle : 40 secondes<\/li>\n\n\n\n<li>D\u00e9lai de livraison : 35 jours<\/li>\n<\/ul>\n\n\n\n<h2 class=\"wp-block-heading\">Achat d'un moule pour tabouret en plastique de Chine<\/h2>\n\n\n\n<p>L'achat d'un tabouret moul\u00e9 en plastique en Chine peut sembler insurmontable ; cependant, avec la bonne strat\u00e9gie, c'est une proc\u00e9dure facile et agr\u00e9able. Assurez-vous de faire vos devoirs et de communiquer efficacement, de donner la priorit\u00e9 \u00e0 la qualit\u00e9 de votre produit et d'avoir une vision \u00e0 long terme. Si vous suivez ces conseils, vous serez sur la bonne voie pour d\u00e9couvrir un fabricant chinois r\u00e9put\u00e9 et recevoir le moule de tabouret en plastique parfait qui r\u00e9pondra \u00e0 vos attentes.<\/p>\n\n\n\n<h3 class=\"wp-block-heading\">Principales \u00e9tapes \u00e0 prendre en compte<\/h3>\n\n\n\n<ul class=\"wp-block-list\">\n<li><strong>\u00c9tudiez vos options :<\/strong> Prenez le temps d'examiner diff\u00e9rentes marques. Recherchez des avis et des t\u00e9moignages pour \u00e9valuer leur fiabilit\u00e9 et leur qualit\u00e9.<\/li>\n\n\n\n<li><strong>Une communication claire :<\/strong> \u00c9tablissez des canaux de communication ouverts avec le fabricant de votre choix. Des sp\u00e9cifications et des attentes claires permettent d'\u00e9viter les malentendus.<\/li>\n\n\n\n<li><strong>La qualit\u00e9 avant le co\u00fbt :<\/strong> Si le co\u00fbt est essentiel, donner la priorit\u00e9 \u00e0 la qualit\u00e9 de votre produit peut vous faire \u00e9conomiser de l'argent \u00e0 long terme en r\u00e9duisant les d\u00e9faillances et les d\u00e9fauts.<\/li>\n\n\n\n<li><strong>Partenariats \u00e0 long terme :<\/strong> Envisagez d'\u00e9tablir un partenariat durable avec votre fournisseur pour les projets futurs. Cela peut conduire \u00e0 des prix plus avantageux et \u00e0 un meilleur service.<\/li>\n<\/ul>\n\n\n\n<h2 class=\"wp-block-heading\">FAQ<\/h2>\n\n\n\n<h3 class=\"wp-block-heading\">Quel est le temps n\u00e9cessaire pour cr\u00e9er le moule d'un tabouret en plastique en Chine ?<\/h3>\n\n\n\n<p>Le temps de production peut varier en fonction de la complexit\u00e9 du moule et de la charge de travail du fabricant. En g\u00e9n\u00e9ral, le processus peut durer entre 30 et 60 jours.<\/p>\n\n\n\n<h3 class=\"wp-block-heading\">Quelle est la dur\u00e9e de vie d'un moule de tabouret en plastique ?<\/h3>\n\n\n\n<p>S'il est correctement entretenu, un moule de tabouret en plastique de haute qualit\u00e9 peut \u00eatre utilis\u00e9 pendant des centaines de milliers de cycles, ce qui permet de produire des milliers de tabourets au cours de sa dur\u00e9e de vie.<\/p>\n\n\n\n<h3 class=\"wp-block-heading\">Puis-je utiliser le m\u00eame moule pour diff\u00e9rents types de plastique ?<\/h3>\n\n\n\n<p>C'est certainement possible, mais pas toujours recommand\u00e9. Les diff\u00e9rents mat\u00e9riaux ont des propri\u00e9t\u00e9s d'\u00e9coulement et de retrait variables, ce qui peut influencer la qualit\u00e9 finale de votre produit. Il est conseill\u00e9 de consulter le fabricant pour conna\u00eetre vos besoins sp\u00e9cifiques.\n\"`<\/p>\n\n\n\n<figure class=\"wp-block-image aligncenter is-resized\"><img loading=\"lazy\" decoding=\"async\" width=\"500\" height=\"368\" src=\"https:\/\/myplasticmold.com\/wp-content\/uploads\/2020\/10\/stool-mould1_qkxoap.jpg\" alt=\"moule \u00e0 tabouret\" class=\"wp-image-372\" style=\"width:715px;height:526px\" srcset=\"https:\/\/myplasticmold.com\/wp-content\/uploads\/2020\/10\/stool-mould1_qkxoap.jpg 500w, https:\/\/myplasticmold.com\/wp-content\/uploads\/2020\/10\/stool-mould1_qkxoap-300x221.jpg 300w\" sizes=\"auto, (max-width: 500px) 100vw, 500px\" \/><\/figure>\n\n\n\n<div class=\"wp-block-qubely-row alignfull qubely-section qubely-block-6d709b\" data-qubelyanimation=\"{&quot;animation&quot;:&quot;bounce&quot;,&quot;name&quot;:&quot;bounceCenter&quot;,&quot;repeat&quot;:&quot;once&quot;,&quot;direction&quot;:&quot;Center&quot;,&quot;duration&quot;:1000,&quot;delay&quot;:0,&quot;curve&quot;:&quot;ease-in-out&quot;,&quot;openAnimation&quot;:1}\"><div class=\"qubely-shape-divider qubely-top-shape\"><svg xmlns=\"http:\/\/www.w3.org\/2000\/svg\" viewbox=\"0 0 1000 80\" preserveaspectratio=\"none\">\n    <path d=\"M0,0V71.07l.22.05c2.83,1,7.45-4.57,7.45-4.57s13.36,6.34,14.9,6.6S30,76.45,30,76.45L36.7,71.5s5.4,6,8,4.95,16.19-8.88,17.73-3.55S64.2,80,65,80s5.4-5.59,6.42-5.59,11,2.79,11.82,2.79,7.71-5.84,9.25-6.6,18.24.51,22.1,2.66,14.13.13,19.79,0,25.18,1.9,25.18,1.9l8.48-1.9s0-5.46,1.8-5.2,9.25.51,9.25.51L180.34,65s20.81,2,22.1,2,2.31-3.81,4.37-3.81,14.13,3.81,15.42,3.81,9.25-3.55,11.56-3.81,8.48,5.08,10.28,5.58,55-6.6,55-6.6-.26-5.33,4.88-3.55,15.16,1.27,19.53,2,3.34,6.34,7.71,2.54,5.65-7.36,8.22-6.09,10.28,2.28,11,2.28,4.37-8.12,7.19-6.6,21.59,12.5,30.06,13.48,13.1-10.44,13.1-10.44l13.1,2.54s7.71,10.15,16.19,11.17,11,6.34,19.27,3.55,17.73-9.39,20-8.38,17.47-6.6,18.24-6.85,8.74.76,16.44.25,9.51-5.52,9.51-5.52,25.69-1.08,28.78,1.21,3.6,4.31,6.68,4.31,12.33-5.84,22.35-3.55,26,6.34,27.49,7.11,10.28-5.58,10.28-5.58,5.14,4.57,6.42,5.84,6.17.76,9.25,0,3.85-9.14,10-5.08,20.3-5.08,25.44,1S667,64,667,64s6.68-11.42,14.39-9.9S710.16,66.2,710.16,66.2l6.42-5.49,27.24-1.27s-1.28-7.11,6.17-5.33,10-.89,11-1.71,5.14-3.49,9,0,25.44,8.31,32.89,8.31,15.93-6.35,22.61-4.57,13.36-1.52,14.39-2-.77-4.65,6.42-3.47,19-.76,20.58-.25,6.17-.76,11.31-1.78,6.34-11.63,12.25-4.27,8.68,5.28,11.51,6.74,7.45,1.33,9.25,0-1.54-7.93,7.19-5.39,4.17,3.48,10.08,3,14.13,4.06,14.13,4.06,10.79-2,13.11-2.28,9.25-4.57,12.59-2.79,6.17,1.52,9,2.28,10-.51,11.82-1.78,2.57-6.35,7.71-3.55a11.91,11.91,0,0,1,3.14,2.18V0Z\" style=\"opacity:0.66\"\/>\n    <path d=\"M0,0V59.17c4.84-3,4.08,1,5.36-.23s0,0,2.57-1.27,3.08.51,7.19,1,2.83,2.54,2.83,2.54,8.74,5.08,10.28,4.57,4.88-9.14,4.37-10.15S40,61.22,40,61.22l4.37,3.3s9.76,2,11,1a59.11,59.11,0,0,1,8-4.57c1.8-.76,4.11,2.28,6.68,2.79s8.74,3.81,8.74,3.81S90.92,60.71,94,60.21s16.7,3.55,17.47,2,11.82-3,13.1-2.79,8.48,10.91,8.48,10.91l30.83-.51s6.68-6.09,7.45-7.61.26-1.78.26-1.78,9-4.57,10-4.57S193.18,61,193.18,61s10.54-4.06,14.39-5.08,6.68,1.52,12.85-2,19.79-2.79,20.56-3.3,7.45-6.34,12.85-9.39,11.31.76,13.1.76,7.71,5.33,10.79,4.57,10.28-5.33,13.62-5.33,2.83,2.28,10.28,1.78,5.91.51,12.59,4.32,8-2.29,12.85-3.55,1.8.25,4.63-.51a19,19,0,0,1,5.65-.76c1.29,0,2.57,1.52,8.74,3.55s5.91-.76,9.25-1.78,8.22-3.3,18.76-10.15,2.57,5.33,6.94,6.85,22.87,3.55,24.41,2,4.37-3,7.2-4.57,2.82-.51,3.59-.51,9,2.54,11.31,4.06,3.85,4.57,6.17,4.57,4.62-2.54,11-3.55-.26,4.82,0,5.58,2.06,0,5.4-.25,4.88-2.79,9.76-2.79,5.14,3.3,8.48,4.06,2.83,0,10.54-3.81,6.68-1.78,14.9-3.55,22.61,6.85,24.41,6.09,4.88-1.27,11.3-2.54,11.56,3,16.19,5.58,5.14-1.52,8.74-5.08,12.08.25,14.9.25,9.25-.25,13.36-.51,5.14-3,13.88-5.08,8,4.57,14.65,3.55,14.13-1.27,28-5.08,6.42,3,10.79,5.58,9,1.78,11.56,1.52S676,39.65,679.84,36.35s9.51,4.31,16.19,8.12,9.25,3.81,14.13,1.78,9.51-4.82,14.9-7.87,5.4,5.84,10,2.79,15.42.76,17.21-.25,8.48.76,15.42-1,1.8,2,7.45,6.85,3.08-2.29,15.42,1,28.52-2.29,32.89-3,4.88,5.33,9.25,5.84,5.4-4.82,9.76-7.87,17-.76,20.56-2a17.22,17.22,0,0,0,6.17-4.06s13.36,0,15.16-1.52,10.28-.76,13.36-.76,26,4.57,35.2,2.79,11.82-7.62,16.44-10.91,23.13,2.54,30.32,2.54,20.3-2.54,20.3-2.54V0Z\"\/>\n<\/svg><\/div><div class=\"qubely-row-overlay\"><\/div><div class=\"qubely-container\"><div class=\"qubely-row\">\n<div class=\"wp-block-qubely-column qubely-column qubely-column-front qubely-block-979111\"><div class=\"qubely-column-inner\">\n<div class=\"wp-block-qubely-testimonial qubely-block-8b23ca\"><div class=\"qubely-block-testimonial\"><div class=\"qubely-testimonial-author\"><div class=\"qubely-testimonial-avatar-layout-top\"><img decoding=\"async\" class=\"qubely-testimonial-avatar\" src=\"https:\/\/myplasticmold.com\/wp-content\/uploads\/2022\/05\/engineers-strategy-business-growth-develop.png\" srcset=\"\" alt=\"\"\/><div class=\"qubely-testimonial-author-info\"><div class=\"qubely-testimonial-author-name\"><span>Cristiano<\/span><\/div><div class=\"qubely-testimonial-author-designation\"><span>Professionnel<\/span><\/div><\/div><\/div><\/div><div class=\"qubely-testimonial-content\"><div>\"Je suis heureux de vous informer que toutes les pi\u00e8ces en plastique sont parfaites ! Nous sommes ravis, et il y a donc de bonnes chances de poursuivre notre relation pour tout nouveau projet \u00e0 venir.\"<\/div><\/div><\/div><\/div>\n<\/div><\/div>\n\n\n\n<div class=\"wp-block-qubely-column qubely-column qubely-column-front qubely-block-75ae4f\"><div class=\"qubely-column-inner\">\n<div class=\"wp-block-qubely-testimonial qubely-block-0139b5\"><div class=\"qubely-block-testimonial\"><div class=\"qubely-testimonial-author\"><div class=\"qubely-testimonial-avatar-layout-top\"><img decoding=\"async\" class=\"qubely-testimonial-avatar\" src=\"https:\/\/myplasticmold.com\/wp-content\/uploads\/2022\/05\/developers-growth-marketing-service-team.png\" srcset=\"\" alt=\"\"\/><div class=\"qubely-testimonial-author-info\"><div class=\"qubely-testimonial-author-name\"><span>Paulo<\/span><\/div><div class=\"qubely-testimonial-author-designation\"><span>Professionnel<\/span><\/div><\/div><\/div><\/div><div class=\"qubely-testimonial-content\"><div>\"Steven est un excellent professionnel qui poss\u00e8de de grandes connaissances et une grande pratique technique.<\/div><\/div><\/div><\/div>\n<\/div><\/div>\n\n\n\n<div class=\"wp-block-qubely-column qubely-column qubely-column-front qubely-block-dbe56d\"><div class=\"qubely-column-inner\">\n<div class=\"wp-block-qubely-testimonial qubely-block-bc0b23\"><div class=\"qubely-block-testimonial\"><div class=\"qubely-testimonial-author\"><div class=\"qubely-testimonial-avatar-layout-top\"><img decoding=\"async\" class=\"qubely-testimonial-avatar\" src=\"https:\/\/myplasticmold.com\/wp-content\/uploads\/2022\/05\/engineers-strategy-business-growth-develop.png\" srcset=\"\" alt=\"\"\/><div class=\"qubely-testimonial-author-info\"><div class=\"qubely-testimonial-author-name\"><span>David<\/span><\/div><div class=\"qubely-testimonial-author-designation\"><span>chef d'entreprise<\/span><\/div><\/div><\/div><\/div><div class=\"qubely-testimonial-content\"><div>\"Steven est un chef de projet et un ing\u00e9nieur tr\u00e8s soucieux du d\u00e9tail, capable de r\u00e9soudre les probl\u00e8mes de mani\u00e8re cr\u00e9ative et de fournir un excellent service. Ce fut un plaisir de travailler avec lui.\"<\/div><\/div><\/div><\/div>\n<\/div><\/div>\n<\/div><\/div><\/div>\n\n\n\n<h1 class=\"wp-block-heading\">moule pour tabouret en plastique ,design du moule pour tabouret de toilette<\/h1>\n\n\n\n<p>Les concepteurs doivent comprendre que, que la cavit\u00e9 soit obtur\u00e9e au bord ou pr\u00e8s du centre du tabouret, la majeure partie ou la totalit\u00e9 du plastique s'\u00e9coulera vers le plan de joint.<\/p>\n\n\n\n<p>L'air qui se trouvait \u00e0 l'int\u00e9rieur de la cavit\u00e9 avant le serrage du moule doit maintenant s'\u00e9chapper vers l'ext\u00e9rieur.<\/p>\n\n\n\n<ul class=\"wp-block-list\">\n<li><strong>permettent de remplir facilement la cavit\u00e9,<\/strong><\/li>\n\n\n\n<li><strong>\u00e9viter que le bord d'attaque du plastique ne br\u00fble, ou<\/strong><\/li>\n\n\n\n<li><strong>\u00e9liminer la possibilit\u00e9 de formation de taches non remplies dans le produit.<\/strong><\/li>\n<\/ul>\n\n\n\n<figure class=\"wp-block-image aligncenter\"><img loading=\"lazy\" decoding=\"async\" width=\"397\" height=\"268\" src=\"https:\/\/myplasticmold.com\/wp-content\/uploads\/2020\/10\/201204111335431_qm7fn8.jpg\" alt=\"moule pour tabouret en plastique\" class=\"wp-image-368\" srcset=\"https:\/\/myplasticmold.com\/wp-content\/uploads\/2020\/10\/201204111335431_qm7fn8.jpg 397w, https:\/\/myplasticmold.com\/wp-content\/uploads\/2020\/10\/201204111335431_qm7fn8-300x203.jpg 300w\" sizes=\"auto, (max-width: 397px) 100vw, 397px\" \/><\/figure>\n\n\n\n<p>La mise \u00e0 l'air libre au niveau du plan de joint ne pose aucun probl\u00e8me ; par cons\u00e9quent, une surface se terminant \u00e0 cet endroit peut toujours \u00eatre bien mise \u00e0 l'air libre \u00e0 l'aide de m\u00e9thodes simples bien connues du concepteur de moules.<\/p>\n\n\n\n<p>(Malheureusement, il n'en va pas de m\u00eame pour la ventilation des nervures, des moyeux, etc.)<\/p>\n\n\n\n<p>La forme du produit, au niveau du plan de joint, doit faire l'objet de consid\u00e9rations particuli\u00e8res :<\/p>\n\n\n\n<ul class=\"wp-block-list\">\n<li><strong>Quelle est la forme requise pour le produit ? Une ar\u00eate vive ? Un bord arrondi ?<\/strong><\/li>\n\n\n\n<li><strong>Quelle forme est la plus facile \u00e0 produire lors de la construction du moule ?<\/strong><\/li>\n<\/ul>\n\n\n\n<p>Dans la figure ci-dessous, la surface du mur se termine par un angle vif (5) \u00e0 l'ext\u00e9rieur ( : c'est le plan de joint) et un rayon&nbsp;<em>(R)<\/em>&nbsp;\u00e0 l'int\u00e9rieur. Il s'agit d'une forme \"naturelle\".<\/p>\n\n\n\n<p>Le coin&nbsp;<em>S<\/em>&nbsp;est tranchante car deux parties du moule s'y rencontrent.<\/p>\n\n\n\n<p>Le rayon R repr\u00e9sente le coin de coupe de l'outil de fraisage, de tournage ou de meulage utilis\u00e9 pour produire ce coin.<\/p>\n\n\n\n<p>Pour augmenter la r\u00e9sistance du noyau (afin de r\u00e9duire l'effet d'entaille et la faiblesse r\u00e9sultante du noyau), le rayon R doit \u00eatre aussi grand que possible.<\/p>\n\n\n\n<p>Il n'est pas pratique de sp\u00e9cifier un rayon d'angle inf\u00e9rieur \u00e0 0,25 mm (0,010 in.). Avec cette forme (Fig. 1), il n'y a pas de probl\u00e8me de d\u00e9calage entre la cavit\u00e9 et le noyau.<\/p>\n\n\n\n<figure class=\"wp-block-image aligncenter\"><img loading=\"lazy\" decoding=\"async\" width=\"706\" height=\"207\" src=\"https:\/\/myplasticmold.com\/wp-content\/uploads\/2012\/07\/20160322170651.png\" alt=\"moule pour tabouret en plastique\" class=\"wp-image-5142\" srcset=\"https:\/\/myplasticmold.com\/wp-content\/uploads\/2012\/07\/20160322170651.png 706w, https:\/\/myplasticmold.com\/wp-content\/uploads\/2012\/07\/20160322170651-300x88.png 300w\" sizes=\"auto, (max-width: 706px) 100vw, 706px\" \/><\/figure>\n\n\n\n<p class=\"has-text-align-center\">Fig. 1<\/p>\n\n\n\n<figure class=\"wp-block-image aligncenter\"><img loading=\"lazy\" decoding=\"async\" width=\"685\" height=\"213\" src=\"https:\/\/myplasticmold.com\/wp-content\/uploads\/2012\/07\/20160322170705.png\" alt=\"20160322170705\" class=\"wp-image-5143\" srcset=\"https:\/\/myplasticmold.com\/wp-content\/uploads\/2012\/07\/20160322170705.png 685w, https:\/\/myplasticmold.com\/wp-content\/uploads\/2012\/07\/20160322170705-300x93.png 300w\" sizes=\"auto, (max-width: 685px) 100vw, 685px\" \/><\/figure>\n\n\n\n<p class=\"has-text-align-center\">Fig. 2<\/p>\n\n\n\n<p>Le rayon \u00e0 l'int\u00e9rieur de la cavit\u00e9 illustr\u00e9e \u00e0 la figure 4.12 doit \u00e9galement \u00eatre aussi grand que possible, en partie pour les m\u00eames raisons (de r\u00e9sistance), mais aussi parce qu'un bord arrondi am\u00e9liore les conditions de moulage en permettant un \u00e9coulement plus facile autour d'un rayon.<\/p>\n\n\n\n<p>En revanche, un angle vif augmente l'\u00e9paisseur du produit sans en accro\u00eetre la r\u00e9sistance.<\/p>\n\n\n\n<p>L'angle vif au sommet du noyau est facile \u00e0 r\u00e9aliser mais n'est pas une bonne forme pour l'\u00e9coulement du plastique.<\/p>\n\n\n\n<p>Nous nous pencherons plus tard sur ce domaine particulier.<\/p>\n\n\n\n<figure class=\"wp-block-image aligncenter wp-image-5929\"><img decoding=\"async\" src=\"https:\/\/myplasticmold.com\/wp-content\/uploads\/2020\/04\/12_g74pep.jpg\" alt=\"mouleur de tabouret\" class=\"wp-image-5929\"\/><figcaption class=\"wp-element-caption\">moule \u00e0 tabouret<\/figcaption><\/figure>\n\n\n\n<p>Dans la figure 1, le <strong>moule pour tabouret en plastique&nbsp;<\/strong>exige un bord arrondi \u00e0 l'extr\u00e9mit\u00e9 de la paroi lat\u00e9rale, de sorte que le plan de joint doit \u00eatre d\u00e9plac\u00e9 \u00e0 l'endroit o\u00f9 le rayon rencontre la paroi ext\u00e9rieure cr\u00e9\u00e9e par la cavit\u00e9.<\/p>\n\n\n\n<p>Il n'y a g\u00e9n\u00e9ralement pas de raison particuli\u00e8re de s'opposer \u00e0 cette conception, si ce n'est qu'elle est un peu plus co\u00fbteuse \u00e0 produire.<\/p>\n\n\n\n<p>Pour les produits tr\u00e8s l\u00e9gers, en particulier lorsque l'\u00e9jection du stripper est utilis\u00e9e, le rayon d\u00e9coup\u00e9 dans le stripper peut faire en sorte que le produit reste accroch\u00e9 et ne se d\u00e9tache pas du moule.<\/p>\n\n\n\n<p>Des caract\u00e9ristiques sp\u00e9ciales du moule, telles que le soufflage d'air ou des racleurs de moule, peuvent alors \u00eatre n\u00e9cessaires pour s'assurer que toutes les pi\u00e8ces ont \u00e9t\u00e9 \u00e9ject\u00e9es.<\/p>\n\n\n\n<p>Il n'y a g\u00e9n\u00e9ralement pas de probl\u00e8me avec les pi\u00e8ces moul\u00e9es plus lourdes, qui p\u00e8sent peut-\u00eatre 20 grammes ou plus.<\/p>\n\n\n\n<p>Le principal probl\u00e8me d'un bord arrondi \u00e0 l'extr\u00e9mit\u00e9 du mur est qu'il peut y avoir un d\u00e9calage entre la cavit\u00e9 et l'\u00e2me, ce qui peut entra\u00eener la formation d'un petit bord aigu (cr\u00eate) qui pourrait ne pas \u00eatre acceptable pour le produit (Fig. 2).<\/p>\n\n\n\n<p>Un exemple est le bord d'une tasse, o\u00f9 une ar\u00eate peut \u00eatre d\u00e9sagr\u00e9able sur les l\u00e8vres lorsque l'on boit dans une telle tasse.<\/p>\n\n\n\n<p>Plusieurs m\u00e9thodes permettent d'\u00e9viter ou de masquer la non-concordance sur <strong>moule \u00e0 tabouret<\/strong>:<\/p>\n\n\n\n<ol class=\"wp-block-list\">\n<li>R\u00e9duire les tol\u00e9rances importantes sur les noyaux et les cavit\u00e9s, et sur les dimensions affectant l'alignement (\u00e9l\u00e9ments) du plastique. <a href=\"https:\/\/myplasticmold.com\/fr\/moule-pour-tabouret-en-plastique\" target=\"_blank\" rel=\"noopener noreferrer\">moule \u00e0 tabouret<\/a>. Il peut s'agir&nbsp;<em>tr\u00e8s cher&nbsp;<\/em>mais elle peut (et doit) \u00eatre r\u00e9alis\u00e9e avec des moules de production de masse de haute qualit\u00e9 pour garantir que tous les produits sont aussi proches que possible de la forme id\u00e9ale et que les composants du moule sont interchangeables.<\/li>\n\n\n\n<li>Corriger la <strong>moule pour tabouret en plastique<\/strong> une fois qu'il est termin\u00e9 et test\u00e9 : les zones non conformes sont m\u00e9lang\u00e9es \u00e0 la main, en meulant les cr\u00eates incrimin\u00e9es. Cette op\u00e9ration est fr\u00e9quente mais n'est pas recommand\u00e9e car, dans les moules \u00e0 plusieurs cavit\u00e9s ou lorsque plusieurs moules identiques sont utilis\u00e9s pour le m\u00eame produit, chaque produit, issu de chaque cavit\u00e9, peut \u00eatre diff\u00e9rent.<\/li>\n\n\n\n<li>D\u00e9cidez de quel c\u00f4t\u00e9 une ar\u00eate aurait l'effet le moins d\u00e9sagr\u00e9able sur l'utilisateur final ou sur la performance du produit, puis dimensionnez un c\u00f4t\u00e9 diff\u00e9remment de l'autre afin que, dans le pire des cas possibles (toutes les tol\u00e9rances dans le \"mauvais sens\"), la pi\u00e8ce soit encore acceptable pour l'usage auquel elle est destin\u00e9e. Dans cette facilit\u00e9 \uff0cle renfoncement demi-rond de l'effeuilleuse est intentionnellement l\u00e9g\u00e8rement plus petit que l'\u00e9paisseur de la jante. Si toutes les tol\u00e9rances vont dans le sens \"id\u00e9al\", il y aura une ar\u00eate minimale. Si toutes les tol\u00e9rances s'additionnent dans le mauvais sens, le pas de l'ar\u00eate sera \u00e9gal \u00e0 la somme des tol\u00e9rances, mais restera acceptable. Dans le cas d'un r\u00e9cipient rond, les dimensions concern\u00e9es sont les diam\u00e8tres du bord dans la cavit\u00e9, du noyau et\/ou de l'anneau d'\u00e9jection.<\/li>\n<\/ol>\n\n\n\n<p>Des m\u00e9thodes similaires sont utilis\u00e9es pour \u00e9viter tout d\u00e9calage du plan de joint, quel que soit le tabouret en plastique du plan de joint : rond, ovale, rectangulaire, irr\u00e9gulier ou d\u00e9cal\u00e9.<\/p>\n\n\n\n<p>Le d\u00e9fi le plus difficile \u00e0 relever consiste \u00e0 pr\u00e9voir les endroits o\u00f9 une inad\u00e9quation peut se produire\uff0cet \u00e0 d\u00e9terminer comment dimensionner le produit.<\/p>\n\n\n\n<figure class=\"wp-block-image aligncenter wp-image-6387\"><img loading=\"lazy\" decoding=\"async\" width=\"960\" height=\"1280\" src=\"https:\/\/myplasticmold.com\/wp-content\/uploads\/2020\/04\/mmexport1497921563224_blv9d5.jpg\" alt=\"mouleur de tabouret\" class=\"wp-image-6387\" srcset=\"https:\/\/myplasticmold.com\/wp-content\/uploads\/2020\/04\/mmexport1497921563224_blv9d5.jpg 960w, https:\/\/myplasticmold.com\/wp-content\/uploads\/2020\/04\/mmexport1497921563224_blv9d5-225x300.jpg 225w, https:\/\/myplasticmold.com\/wp-content\/uploads\/2020\/04\/mmexport1497921563224_blv9d5-768x1024.jpg 768w\" sizes=\"auto, (max-width: 960px) 100vw, 960px\" \/><figcaption class=\"wp-element-caption\">moule \u00e0 tabouret<\/figcaption><\/figure>","protected":false},"excerpt":{"rendered":"<p>Looking for a manufacturer and designer of plastic stool mould that can enhance the profitability of your company? Featuring a full-service, custom stool mould offering, Topworks Plastic mold is the place to go. Taking care of you is our primary goal. Our ability to produce, manufacture, and distribute stool mould at competitive prices meets the [&hellip;]<\/p>\n","protected":false},"author":3,"featured_media":0,"parent":0,"menu_order":0,"comment_status":"open","ping_status":"open","template":"","meta":{"footnotes":""},"class_list":["post-190","page","type-page","status-publish","hentry"],"blocksy_meta":{"styles_descriptor":{"styles":{"desktop":"","tablet":"","mobile":""},"google_fonts":[],"version":6}},"_links":{"self":[{"href":"https:\/\/myplasticmold.com\/fr\/wp-json\/wp\/v2\/pages\/190","targetHints":{"allow":["GET"]}}],"collection":[{"href":"https:\/\/myplasticmold.com\/fr\/wp-json\/wp\/v2\/pages"}],"about":[{"href":"https:\/\/myplasticmold.com\/fr\/wp-json\/wp\/v2\/types\/page"}],"author":[{"embeddable":true,"href":"https:\/\/myplasticmold.com\/fr\/wp-json\/wp\/v2\/users\/3"}],"replies":[{"embeddable":true,"href":"https:\/\/myplasticmold.com\/fr\/wp-json\/wp\/v2\/comments?post=190"}],"version-history":[{"count":0,"href":"https:\/\/myplasticmold.com\/fr\/wp-json\/wp\/v2\/pages\/190\/revisions"}],"wp:attachment":[{"href":"https:\/\/myplasticmold.com\/fr\/wp-json\/wp\/v2\/media?parent=190"}],"curies":[{"name":"wp","href":"https:\/\/api.w.org\/{rel}","templated":true}]}}