{"id":188,"date":"2012-07-15T09:50:04","date_gmt":"2012-07-15T09:50:04","guid":{"rendered":"https:\/\/myplasticmold.com\/?page_id=188"},"modified":"2025-10-28T10:53:41","modified_gmt":"2025-10-28T02:53:41","slug":"moule-pour-chaise-en-plastique","status":"publish","type":"page","link":"https:\/\/myplasticmold.com\/fr\/moule-pour-chaise-en-plastique","title":{"rendered":"Moule pour chaise,Chaise moul\u00e9e en plastique,fabricant de chaises en Chine"},"content":{"rendered":"<div class=\"wp-block-stackable-columns stk-block-columns stk-block stk-88f6981\" data-block-id=\"88f6981\"><div class=\"stk-row stk-inner-blocks stk-block-content stk-content-align stk-88f6981-column\">\n<div class=\"wp-block-stackable-column stk-block-column stk-column stk-block stk-4987bde\" data-v=\"4\" data-block-id=\"4987bde\"><div class=\"stk-column-wrapper stk-block-column__content stk-container stk-4987bde-container stk--no-background stk--no-padding\"><div class=\"stk-block-content stk-inner-blocks stk-4987bde-inner-blocks\">\n<div class=\"wp-block-stackable-heading stk-block-heading stk-block-heading--v2 stk-block stk-81a8695\" id=\"what-is-chair-mould\" data-block-id=\"81a8695\"><h2 class=\"stk-block-heading__text\">Qu'est-ce qu'un moule de chaise ?<\/h2><\/div>\n\n\n\n<div class=\"wp-block-stackable-text stk-block-text stk-block stk-f96ac95\" data-block-id=\"f96ac95\"><p class=\"stk-block-text__text\">Un moule de chaise est un outil de fabrication avanc\u00e9 qui permet de produire des \u00e9l\u00e9ments de chaise de qualit\u00e9 sup\u00e9rieure. L'efficacit\u00e9 de la production d\u00e9pend des moules pour chaises, qui offrent \u00e0 la fois pr\u00e9cision et durabilit\u00e9.<\/p><\/div>\n<\/div><\/div><\/div>\n\n\n\n<div class=\"wp-block-stackable-column stk-block-column stk-column stk-block stk-e34a65a\" data-v=\"4\" data-block-id=\"e34a65a\"><div class=\"stk-column-wrapper stk-block-column__content stk-container stk-e34a65a-container stk--no-background stk--no-padding\"><div class=\"stk-block-content stk-inner-blocks stk-e34a65a-inner-blocks\">\n<figure class=\"wp-block-embed is-type-video is-provider-youtube wp-block-embed-youtube wp-embed-aspect-16-9 wp-has-aspect-ratio\"><div class=\"wp-block-embed__wrapper\">\n<iframe loading=\"lazy\" title=\"Une entreprise chinoise de moulage de plastique et de moulage par injection\" width=\"563\" height=\"1000\" src=\"https:\/\/www.youtube.com\/embed\/dzL2S9z4R3s?feature=oembed\" frameborder=\"0\" allow=\"accelerometer; autoplay; clipboard-write; encrypted-media; gyroscope; picture-in-picture; web-share\" referrerpolicy=\"strict-origin-when-cross-origin\" allowfullscreen><\/iframe>\n<\/div><\/figure>\n<\/div><\/div><\/div>\n<\/div><\/div>\n\n\n\n<ol class=\"wp-block-list\">\n<li><strong>\u00c9valuer les fournisseurs :<\/strong><br><p>Recherchez des fournisseurs de moules pour chaises qui jouissent d'une bonne r\u00e9putation. Le choix du fabricant aura une incidence directe sur le fonctionnement du moule.<\/p><\/li>\n\n\n\n<li><strong>\u00c9valuer la conception :<\/strong><br><p>V\u00e9rifiez les diff\u00e9rentes exigences de conception disponibles pour les moules de chaises. Des moules bien con\u00e7us permettent d'am\u00e9liorer l'efficacit\u00e9 de la production.<\/p><\/li>\n\n\n\n<li><strong>Demandez des \u00e9chantillons :<\/strong><br><p>Obtenez des \u00e9chantillons de moules \u00e0 chaise aupr\u00e8s de plusieurs fabricants. Vous devez v\u00e9rifier la qualit\u00e9 et les fonctions d'un moule de chaise en demandant des \u00e9chantillons \u00e0 plusieurs fabricants.<\/p><\/li>\n\n\n\n<li><strong>Passer une commande :<\/strong><br><p>Commandez le moule de chaise une fois que vous \u00eates satisfait des \u00e9chantillons et que le produit r\u00e9pond \u00e0 vos exigences.<\/p><\/li>\n<\/ol>\n\n\n\n<h2 class=\"wp-block-heading\">Sc\u00e9narios d'utilisation<\/h2>\n\n\n\n<ul class=\"wp-block-list\">\n<li>La production de masse permet de produire efficacement de nombreuses pi\u00e8ces de chaises.<\/li>\n\n\n\n<li>Meubles sur mesure : Un moyen id\u00e9al de fabriquer des chaises qui r\u00e9pondent aux besoins uniques d'un client.<\/li>\n\n\n\n<li>R\u00e9alisation d'un prototype : Une excellente solution pour v\u00e9rifier la conception d'une chaise avant qu'elle ne soit construite \u00e0 plus grande \u00e9chelle.<\/li>\n<\/ul>\n\n\n\n<h1 class=\"wp-block-heading\">Moule pour chaise, chaise moul\u00e9e en plastique<\/h1>\n\n\n\n<div class=\"wp-block-stackable-columns stk-block-columns stk-block stk-dad9bac\" data-block-id=\"dad9bac\"><div class=\"stk-row stk-inner-blocks stk-block-content stk-content-align stk-dad9bac-column\">\n<div class=\"wp-block-stackable-column stk-block-column stk-column stk-block stk-a279f90\" data-v=\"4\" data-block-id=\"a279f90\"><style>.stk-a279f90 {align-self:flex-start !important;}<\/style><div class=\"stk-column-wrapper stk-block-column__content stk-container stk-a279f90-container stk--no-background stk--no-padding\"><div class=\"has-text-align-left stk-block-content stk-inner-blocks stk-a279f90-inner-blocks\">\n<div class=\"wp-block-group is-content-justification-center is-layout-constrained wp-block-group-is-layout-constrained\">\n<p>Nous pr\u00e9sentons notre moule de chaise avanc\u00e9 qui r\u00e9pond \u00e0 toutes les exigences de l'industrie \u00e0 leur maximum. Notre exp\u00e9rience en mati\u00e8re de fabrication de moules nous permet de fournir un produit qui offre une qualit\u00e9 exceptionnelle et des performances de pointe.<\/p>\n\n\n\n<h2 class=\"wp-block-heading\">Capacit\u00e9s de production en grande s\u00e9rie<\/h2>\n\n\n\n<p>Nous sommes en mesure de cr\u00e9er de nombreux moules de chaises \u00e0 l'aide de processus avanc\u00e9s sans diminuer notre niveau de qualit\u00e9. Vous obtiendrez vos moules de chaises sans d\u00e9lai gr\u00e2ce \u00e0 ce syst\u00e8me efficace, ce qui en fait la meilleure solution pour les fabricants ayant besoin de vitesses de production plus \u00e9lev\u00e9es.<\/p>\n\n\n\n<h2 class=\"wp-block-heading\">Livraison rapide et fiable des projets<\/h2>\n\n\n\n<p>La conception de nos moules pour chaises met l'accent sur la durabilit\u00e9 et la pr\u00e9cision. Ces moules pour chaises sont construits \u00e0 l'aide de mat\u00e9riaux durables et de techniques d'ing\u00e9nierie modernes qui les rendent tr\u00e8s r\u00e9sistants \u00e0 une utilisation continue et fournissent d'excellents r\u00e9sultats de production de chaises en fonction des exigences de votre produit. Chaque cycle de production donne des r\u00e9sultats de qualit\u00e9 sup\u00e9rieure gr\u00e2ce \u00e0 nos moules qui servent \u00e0 des applications r\u00e9sidentielles et commerciales.<\/p>\n<\/div>\n<\/div><\/div><\/div>\n\n\n\n<div class=\"wp-block-stackable-column stk-block-column stk-column stk-block stk-39636b3\" data-v=\"4\" data-block-id=\"39636b3\"><div class=\"stk-column-wrapper stk-block-column__content stk-container stk-39636b3-container stk--no-background stk--no-padding\"><div class=\"stk-block-content stk-inner-blocks stk-39636b3-inner-blocks\">\n<div class=\"wp-block-stackable-image stk-block-image stk-block stk-372bf83\" data-block-id=\"372bf83\"><style>.stk-372bf83 .stk-img-wrapper{width:100% !important;height:617px !important;}.stk-372bf83 .stk-img-wrapper img{object-position:67% 59% !important;}<\/style><figure><span class=\"stk-img-wrapper stk-image--shape-stretch\"><img loading=\"lazy\" decoding=\"async\" class=\"stk-img\" src=\"https:\/\/myplasticmold.com\/wp-content\/uploads\/2020\/08\/chair-mould_rxitz2.jpg\" width=\"100\" height=\"617\" alt=\"moule de chaise\"\/><\/span><\/figure><\/div>\n<\/div><\/div><\/div>\n<\/div><\/div>\n\n\n\n<div class=\"wp-block-stackable-button-group stk-block-button-group stk-block stk-fb03efd\" data-block-id=\"fb03efd\"><style>.stk-fb03efd .stk-button-group{flex-direction:row !important;}@media screen and (max-width: 1023px){.stk-fb03efd .stk-button-group{flex-direction:row !important;}}@media screen and (max-width: 767px){.stk-fb03efd .stk-button-group{flex-direction:row !important;}}<\/style><div class=\"stk-row stk-inner-blocks has-text-align-center stk-block-content stk-button-group\">\n<div class=\"wp-block-stackable-button stk-block-button has-text-align-center stk-block stk-eea1c25 stk-animate\" data-block-id=\"eea1c25\" data-stk-anim-perspective-in=\"100\" data-stk-anim-perspective-out=\"100\"><style>.stk-eea1c25 {border-top-left-radius:50px !important;border-top-right-radius:50px !important;border-bottom-right-radius:50px !important;border-bottom-left-radius:50px !important;overflow:hidden !important;box-shadow:0 0 0 1px #7878781a !important;min-height:68px !important;max-width:1500px !important;min-width:auto !important;padding-top:0px !important;padding-right:0px !important;padding-bottom:0px !important;padding-left:0px !important;margin-right:auto !important;margin-left:auto !important;flex:1 0 var(--stk-button-group-flex-wrap, 0) !important;}.stk-eea1c25 , .stk-eea1c25 .stk-button{width:100% !important;}.stk-eea1c25 .stk-button__inner-text{font-size:43px !important;}@media screen and (max-width: 1023px){.stk-eea1c25 .stk-button__inner-text{font-size:43px !important;}}<\/style><a class=\"stk-link stk-button stk--hover-effect-scale\" href=\"https:\/\/myplasticmold.com\/contact-us-2\/\" target=\"_blank\" rel=\"noreferrer noopener\"><span class=\"stk-button__inner-text\"><strong>30% inf\u00e9rieur et 10 jours de moins<\/strong><\/span><\/a><\/div>\n<\/div><\/div>\n\n\n\n<figure class=\"wp-block-embed is-type-video is-provider-youtube wp-block-embed-youtube wp-embed-aspect-16-9 wp-has-aspect-ratio\"><div class=\"wp-block-embed__wrapper\">\n<iframe loading=\"lazy\" title=\"Guide ultime des moules pour chaises : Conception, production et avantages\" width=\"1220\" height=\"686\" src=\"https:\/\/www.youtube.com\/embed\/ALzRxQo78UU?feature=oembed\" frameborder=\"0\" allow=\"accelerometer; autoplay; clipboard-write; encrypted-media; gyroscope; picture-in-picture; web-share\" referrerpolicy=\"strict-origin-when-cross-origin\" allowfullscreen><\/iframe>\n<\/div><\/figure>\n\n\n\n<div class=\"wp-block-stackable-columns stk-block-columns stk-block stk-c28cb1b\" data-block-id=\"c28cb1b\"><div class=\"stk-row stk-inner-blocks stk-block-content stk-content-align stk-c28cb1b-column\">\n<div class=\"wp-block-stackable-column stk-block-column stk-column stk-block stk-3c0d64d\" data-v=\"4\" data-block-id=\"3c0d64d\"><div class=\"stk-column-wrapper stk-block-column__content stk-container stk-3c0d64d-container stk--no-background stk--no-padding\"><div class=\"stk-block-content stk-inner-blocks stk-3c0d64d-inner-blocks\">\n<div class=\"wp-block-stackable-image stk-block-image stk-block stk-1271415\" data-block-id=\"1271415\"><figure><span class=\"stk-img-wrapper stk-image--shape-stretch\"><img loading=\"lazy\" decoding=\"async\" class=\"stk-img\" src=\"https:\/\/myplasticmold.com\/wp-content\/uploads\/2020\/08\/chair_mould_maker_ghmapd.jpg\" width=\"150\" height=\"300\" alt=\"moule \u00e0 chaise\"\/><\/span><\/figure><\/div>\n<\/div><\/div><\/div>\n\n\n\n<div class=\"wp-block-stackable-column stk-block-column stk-column stk-block stk-2dc23ed\" data-v=\"4\" data-block-id=\"2dc23ed\"><style>.stk-2dc23ed {align-self:flex-start !important;}<\/style><div class=\"stk-column-wrapper stk-block-column__content stk-container stk-2dc23ed-container stk--no-background stk--no-padding\"><div class=\"has-text-align-left stk-block-content stk-inner-blocks stk-2dc23ed-inner-blocks\">\n<p>L'\u00e9quipe de support technique fournit une assistance continue \u00e0 tous les utilisateurs de nos produits. L'\u00e9quipe d'experts se tient \u00e0 votre disposition pour vous aider et r\u00e9pondre \u00e0 toutes vos questions afin que votre processus de production int\u00e8gre sans probl\u00e8me nos moules pour chaises. <\/p>\n\n\n\n<p>Notre moule \u00e0 chaise repr\u00e9sente une technologie de fabrication fiable qui allie exp\u00e9rience, excellence op\u00e9rationnelle et productivit\u00e9. Nous sommes pr\u00eats \u00e0 discuter avec vous des options de soutien aux entreprises dans le cadre de nos initiatives de contact actuelles.<\/p>\n<\/div><\/div><\/div>\n<\/div><\/div>\n\n\n\n<div class=\"wp-block-stackable-columns stk-block-columns stk-block stk-b0dd61a\" data-block-id=\"b0dd61a\"><div class=\"stk-row stk-inner-blocks stk-block-content stk-content-align stk-b0dd61a-column\">\n<div class=\"wp-block-stackable-column stk-block-column stk-column stk-block stk-4f13d87\" data-v=\"4\" data-block-id=\"4f13d87\"><style>.stk-4f13d87 {align-self:flex-start !important;}<\/style><div class=\"stk-column-wrapper stk-block-column__content stk-container stk-4f13d87-container stk--no-background stk--no-padding\"><div class=\"has-text-align-left stk-block-content stk-inner-blocks stk-4f13d87-inner-blocks\">\n<div class=\"wp-block-group is-content-justification-center is-layout-constrained wp-block-group-is-layout-constrained\">\n<p>Topworks poss\u00e8de les comp\u00e9tences n\u00e9cessaires pour fabriquer des moules de chaises enti\u00e8rement construits \u00e0 partir de plastique et d'acier de premi\u00e8re qualit\u00e9, tout en restant rapide et pr\u00e9cis. De plus, vous pouvez totalement personnaliser les moules pour qu'ils r\u00e9pondent \u00e0 vos besoins exacts.<\/p>\n\n\n\n<p>Et le plus beau, c'est que nous pouvons prendre en charge toute votre fabrication depuis notre site. Que vous ayez besoin de quelques petits moules pour des chaises ou de toute une s\u00e9rie de moules pour une production importante, nous sommes l\u00e0 pour vous aider. Notre gamme de services est con\u00e7ue pour r\u00e9pondre aux besoins de chaque client, ce qui vous permet d'\u00e9conomiser du temps et de l'argent.<\/p>\n<\/div>\n\n\n\n<p><\/p>\n\n\n\n<p>Disposition des moules de chaises<\/p>\n\n\n\n<div class=\"wp-block-group is-content-justification-center is-layout-constrained wp-block-group-is-layout-constrained\">\n<ul class=\"wp-block-list\">\n<li><strong>moule de chaise<\/strong>:<\/li>\n\n\n\n<li>cavit\u00e9 du moule : 1<\/li>\n\n\n\n<li>coureur : hot runner<\/li>\n\n\n\n<li>acier pour cavit\u00e9 de moule : P20<\/li>\n\n\n\n<li>acier pour noyau de moule : P20<\/li>\n\n\n\n<li>insert de coulisseau de moule : DIN 1.2738 avec nitruration<\/li>\n\n\n\n<li>L'activation de l'insert principal:2 V\u00e9rins hydrauliques<\/li>\n\n\n\n<li>Mati\u00e8re plastique : HDPE<\/li>\n<\/ul>\n<\/div>\n<\/div><\/div><\/div>\n\n\n\n<div class=\"wp-block-stackable-column stk-block-column stk-column stk-block stk-aa63359\" data-v=\"4\" data-block-id=\"aa63359\"><div class=\"stk-column-wrapper stk-block-column__content stk-container stk-aa63359-container stk--no-background stk--no-padding\"><div class=\"stk-block-content stk-inner-blocks stk-aa63359-inner-blocks\">\n<div class=\"wp-block-stackable-image stk-block-image stk-block stk-fef1416\" data-block-id=\"fef1416\"><style>.stk-fef1416 .stk-img-wrapper{width:100% !important;height:850px !important;}<\/style><figure><span class=\"stk-img-wrapper stk-image--shape-stretch\"><img loading=\"lazy\" decoding=\"async\" class=\"stk-img\" src=\"https:\/\/myplasticmold.com\/wp-content\/uploads\/2020\/08\/FB_IMG_1462969789013_tqlx8d.jpg\" width=\"100\" height=\"850\" alt=\"Soci\u00e9t\u00e9 chinoise de moules pour chaises\"\/><\/span><\/figure><\/div>\n<\/div><\/div><\/div>\n<\/div><\/div>\n\n\n\n<p><\/p>\n\n\n\n<div class=\"wp-block-stackable-columns stk-block-columns stk-block stk-6bd20d6\" data-block-id=\"6bd20d6\"><div class=\"stk-row stk-inner-blocks stk-block-content stk-content-align stk-6bd20d6-column\">\n<div class=\"wp-block-stackable-column stk-block-column stk-column stk-block stk-e603efe\" data-v=\"4\" data-block-id=\"e603efe\"><div class=\"stk-column-wrapper stk-block-column__content stk-container stk-e603efe-container stk--no-background stk--no-padding\"><div class=\"stk-block-content stk-inner-blocks stk-e603efe-inner-blocks\">\n<h2 class=\"wp-block-heading\">Topworks chair mold pros :<\/h2>\n\n\n\n<ol class=\"wp-block-list\">\n<li>Nous sommes experts dans la fabrication de toutes sortes de moules, tels que ceux pour les toilettes, les si\u00e8ges de chaise et m\u00eame les chaises d'ext\u00e9rieur.<\/li>\n\n\n\n<li>Nos moules en plastique pour chaises sont de premi\u00e8re qualit\u00e9 et leur prix est juste.<\/li>\n\n\n\n<li>Nous offrons une assistance r\u00e9guli\u00e8re pour tout probl\u00e8me technique ou de service que vous rencontrez.<\/li>\n\n\n\n<li>Notre \u00e9quipe poss\u00e8de l'exp\u00e9rience et les comp\u00e9tences n\u00e9cessaires pour mener \u00e0 bien cette t\u00e2che.<\/li>\n\n\n\n<li>Les moules de chaises que nous concevons sont fabriqu\u00e9s par des designers qualifi\u00e9s qui savent ce qu'ils font.<\/li>\n\n\n\n<li>Vous pouvez compter sur la durabilit\u00e9 de nos moules.<\/li>\n\n\n\n<li>Nous sommes fiers de fournir un travail parfait et de haute qualit\u00e9.<\/li>\n\n\n\n<li>Vous pouvez nous faire confiance pour la livraison dans les d\u00e9lais de vos moules de chaises.<\/li>\n<\/ol>\n<\/div><\/div><\/div>\n\n\n\n<div class=\"wp-block-stackable-column stk-block-column stk-column stk-block stk-fb4c595\" data-v=\"4\" data-block-id=\"fb4c595\"><div class=\"stk-column-wrapper stk-block-column__content stk-container stk-fb4c595-container stk--no-background stk--no-padding\"><div class=\"stk-block-content stk-inner-blocks stk-fb4c595-inner-blocks\">\n<figure class=\"wp-block-embed is-type-video is-provider-youtube wp-block-embed-youtube wp-embed-aspect-16-9 wp-has-aspect-ratio\"><div class=\"wp-block-embed__wrapper\">\n<iframe loading=\"lazy\" title=\"Un important fabricant de moules pour chaises bas\u00e9 en Chine\" width=\"563\" height=\"1000\" src=\"https:\/\/www.youtube.com\/embed\/63uB-Ku3c4k?feature=oembed\" frameborder=\"0\" allow=\"accelerometer; autoplay; clipboard-write; encrypted-media; gyroscope; picture-in-picture; web-share\" referrerpolicy=\"strict-origin-when-cross-origin\" allowfullscreen><\/iframe>\n<\/div><\/figure>\n<\/div><\/div><\/div>\n<\/div><\/div>\n\n\n\n<div class=\"wp-block-stackable-columns stk-block-columns stk-block stk-f73b7cb\" data-block-id=\"f73b7cb\"><div class=\"stk-row stk-inner-blocks stk-block-content stk-content-align stk-f73b7cb-column\">\n<div class=\"wp-block-stackable-column stk-block-column stk-column stk-block stk-6eb11e9\" data-v=\"4\" data-block-id=\"6eb11e9\"><div class=\"stk-column-wrapper stk-block-column__content stk-container stk-6eb11e9-container stk--no-background stk--no-padding\"><div class=\"stk-block-content stk-inner-blocks stk-6eb11e9-inner-blocks\">\n<h2 class=\"wp-block-heading\">FAQ : <\/h2>\n\n\n\n<p><strong>Quels types de moules pour chaises et tabourets proposez-vous ?<\/strong>Nous nous concentrons sur les moules pour chaises et tabourets en plastique, notamment les chaises de salle \u00e0 manger, les chaises d'ext\u00e9rieur, les fauteuils, les chaises pour b\u00e9b\u00e9s et enfants, les tabourets de bar, les tabourets marchepieds, les tabourets pliants et les chaises. Sur la base de vos dessins ou \u00e9chantillons, nous proposons \u00e9galement des dessins sur mesure.<\/p>\n\n\n\n<p><strong>Quels sont les mat\u00e9riaux utilis\u00e9s pour vos moules ?<\/strong> Les aciers utilis\u00e9s pour le moulage des chaises et des tabourets sont g\u00e9n\u00e9ralement P20, 718, S136 et NAK80. Ils sont s\u00e9lectionn\u00e9s en fonction des besoins du produit et de votre budget.<\/p>\n\n\n\n<p><strong>Plateau<\/strong>Stoppers : standards ou personnalis\u00e9s : broches de guidage de haute pr\u00e9cision, douilles, \u00e9l\u00e9vateurs, curseurs et syst\u00e8mes d'\u00e9jection de SMC et d'autres marques. Des syst\u00e8mes de refroidissement et de canaux chauds sont disponibles sur demande.<\/p>\n\n\n\n<p><strong>Quelles sont les r\u00e9sines plastiques appropri\u00e9es pour le moulage de chaises et de tabourets ?<\/strong> PP, HDPE, PC, PA+GF (pour une r\u00e9sistance \u00e9lev\u00e9e) et, dans la mesure du possible, recycl\u00e9. En fonction de la r\u00e9sistance requise, de la finition de surface et du prix, nous choisissons la r\u00e9sine la plus appropri\u00e9e.<\/p>\n\n\n\n<p><strong>Pouvez-vous d\u00e9velopper des moules \u00e0 partir de mon dessin ou de mon \u00e9chantillon ?<\/strong> Oui. Nous d\u00e9veloppons des moules \u00e0 partir de fichiers 2D\/3D (STEP, IGES, DWG), ainsi que d'\u00e9chantillons physiques. Notre \u00e9quipe d'ing\u00e9nieurs effectue un DFM et propose des options pour l'\u00e9paisseur des parois, les angles de d\u00e9pouille, les nervures et les portes, puis nous vous fournissons un rapport de faisabilit\u00e9 et un devis.<\/p>\n\n\n\n<p><strong>Fournissez-vous des services de DFM et d'optimisation de la conception ?<\/strong> Nous apportons notre aide en mati\u00e8re de DFM (conception pour la fabrication), d'analyse du flux des moules (remplissage, emballage, refroidissement, d\u00e9formation) et d'optimisation des temps de cycle, de la r\u00e9sistance et de la stabilit\u00e9 de la production structurelle.<\/p>\n\n\n\n<p><strong>Quel est le d\u00e9lai de fabrication d'un moule ?<\/strong> 30 \u00e0 60 jours pour les moules de chaises et de tabourets standard, \u00e0 partir de l'approbation de la conception.  Les d\u00e9lais peuvent varier en fonction du choix de l'acier, de la finition de la surface et de la disponibilit\u00e9 des canaux chauds.<\/p>\n\n\n\n<p><strong>Quel est votre mod\u00e8le de tarification ? <\/strong>Les prix d\u00e9pendent de la taille et de la complexit\u00e9 du produit, de la qualit\u00e9 de l'acier, du nombre de cavit\u00e9s, de la texture de la surface et des composants (canaux chauds, tireurs de noyaux hydrauliques, etc.) inclus. Nous fournissons des devis d\u00e9taill\u00e9s et pr\u00e9cisons l'\u00e9tendue des travaux, les conditions de livraison et de paiement, ainsi que la garantie.<\/p>\n\n\n\n<p><strong>Quelles sont les informations \u00e0 fournir ?<\/strong> Dessins 2D\/3D du produit ou photos dimensionn\u00e9es de la chaise ou du tabouret (\u00e9chantillons) Mat\u00e9riau cible (r\u00e9sine), poids et \u00e9paisseur de la paroi Volume annuel pr\u00e9vu et dur\u00e9e du cycle Tonnage de la presse et sp\u00e9cifications de la machine (injection, force de serrage, taille de la grenaille) Tests de surface requis (polissage, texture, couleur) et tests fonctionnels<\/p>\n\n\n\n<p><strong>Fournissez-vous des \u00e9chantillons et des essais ?<\/strong> Oui. Nous fournissons des \u00e9chantillons de pi\u00e8ces, des rapports d'essai et des suggestions d'am\u00e9lioration. Des essais \u00e0 distance ou sur site, des vid\u00e9os et des fiches de param\u00e8tres sont disponibles. Des essais de moules T0\/T1\/T2 sont r\u00e9alis\u00e9s.<\/p>\n<\/div><\/div><\/div>\n<\/div><\/div>\n\n\n\n<h2 class=\"wp-block-heading\"><strong>Proc\u00e9d\u00e9 de fabrication des moules pour si\u00e8ges de chaises et de toilettes<\/strong><\/h2>\n\n\n\n<div class=\"wp-block-stackable-columns stk-block-columns stk-block stk-47c5214\" data-block-id=\"47c5214\"><div class=\"stk-row stk-inner-blocks stk-block-content stk-content-align stk-47c5214-column\">\n<div class=\"wp-block-stackable-column stk-block-column stk-column stk-block stk-e225939\" data-v=\"4\" data-block-id=\"e225939\"><div class=\"stk-column-wrapper stk-block-column__content stk-container stk-e225939-container stk--no-background stk--no-padding\"><div class=\"stk-block-content stk-inner-blocks stk-e225939-inner-blocks\">\n<p>La production de moules pour chaises et de moules pour si\u00e8ges de toilettes comprend g\u00e9n\u00e9ralement les actions suivantes :<\/p>\n\n\n\n<ol class=\"wp-block-list\">\n<li><strong>Conception et ing\u00e9nierie<\/strong>\n<ul class=\"wp-block-list\">\n<li>R\u00e9aliser des croquis en 3D et des mod\u00e8les CAO en fonction des exigences des chaises.<\/li>\n\n\n\n<li>Utiliser des analyses de flux de moules pour copier le processus de fabrication de chaises<\/li>\n\n\n\n<li>Le noyau, la cavit\u00e9, les glissi\u00e8res et les \u00e9jecteurs font partie d'un moule de chaise de conception.<\/li>\n<\/ul>\n<\/li>\n\n\n\n<li><strong>Outillage et usinage<\/strong>\n<ul class=\"wp-block-list\">\n<li>Les blocs bruts sont moul\u00e9s en pi\u00e8ces \u00e0 l'aide de proc\u00e9d\u00e9s de production EDM, CNC et similaires...<\/li>\n\n\n\n<li>La surface de l'outil de moulage a \u00e9t\u00e9 rendue exempte de rugosit\u00e9.<\/li>\n\n\n\n<li>Placer toutes les pi\u00e8ces, cavit\u00e9, noyau et autres, dans le moule de la chaise.<\/li>\n<\/ul>\n<\/li>\n\n\n\n<li><strong>Essais et validation<\/strong>\n<ul class=\"wp-block-list\">\n<li>Effectuer des essais \u00e0 sec pour v\u00e9rifier les moules et les mouvements de la machine.<\/li>\n\n\n\n<li>Effectuer des tests sur des s\u00e9ries de production r\u00e9elles et ajuster les param\u00e8tres du processus de production.<\/li>\n\n\n\n<li>V\u00e9rifier que les performances des moules \u00e0 chaises sont conformes aux normes.<\/li>\n<\/ul>\n<\/li>\n\n\n\n<li><strong>Maintenance et surveillance<\/strong>\n<ul class=\"wp-block-list\">\n<li>Veillez \u00e0 v\u00e9rifier et \u00e0 nettoyer r\u00e9guli\u00e8rement les moules.<\/li>\n\n\n\n<li>V\u00e9rifier en permanence la qualit\u00e9 de la prestation.<\/li>\n\n\n\n<li>Remplacer les composants si n\u00e9cessaire en suivant le calendrier d'entretien.<\/li>\n<\/ul>\n<\/li>\n<\/ol>\n\n\n\n<p>L'article ci-dessous d\u00e9crit chacune des \u00e9tapes cl\u00e9s. Des explications suppl\u00e9mentaires peuvent \u00eatre fournies sur les m\u00e9thodes sp\u00e9cifiques, l'\u00e9quipement, les contr\u00f4les et les validations \u00e0 chaque \u00e9tape de la fabrication de moules de chaises et de toilettes de haute qualit\u00e9.<\/p>\n<\/div><\/div><\/div>\n<\/div><\/div>","protected":false},"excerpt":{"rendered":"<p>What is Chair Mould? A chair mould functions as an advanced manufacturing tool that produces top-tier chair components. The production efficiency depends on chair moulds, which provide both precision and durability. Usage Scenarios Chair Mould, Plastic molded chair We present our advanced Chair Mould which fulfills all industry requirements at their peak. Our seasoned experience [&hellip;]<\/p>\n","protected":false},"author":3,"featured_media":0,"parent":0,"menu_order":0,"comment_status":"closed","ping_status":"open","template":"","meta":{"footnotes":""},"class_list":["post-188","page","type-page","status-publish","hentry"],"blocksy_meta":{"styles_descriptor":{"styles":{"desktop":"","tablet":"","mobile":""},"google_fonts":[],"version":6},"page_structure_type":"type-4"},"_links":{"self":[{"href":"https:\/\/myplasticmold.com\/fr\/wp-json\/wp\/v2\/pages\/188","targetHints":{"allow":["GET"]}}],"collection":[{"href":"https:\/\/myplasticmold.com\/fr\/wp-json\/wp\/v2\/pages"}],"about":[{"href":"https:\/\/myplasticmold.com\/fr\/wp-json\/wp\/v2\/types\/page"}],"author":[{"embeddable":true,"href":"https:\/\/myplasticmold.com\/fr\/wp-json\/wp\/v2\/users\/3"}],"replies":[{"embeddable":true,"href":"https:\/\/myplasticmold.com\/fr\/wp-json\/wp\/v2\/comments?post=188"}],"version-history":[{"count":2,"href":"https:\/\/myplasticmold.com\/fr\/wp-json\/wp\/v2\/pages\/188\/revisions"}],"predecessor-version":[{"id":12677,"href":"https:\/\/myplasticmold.com\/fr\/wp-json\/wp\/v2\/pages\/188\/revisions\/12677"}],"wp:attachment":[{"href":"https:\/\/myplasticmold.com\/fr\/wp-json\/wp\/v2\/media?parent=188"}],"curies":[{"name":"wp","href":"https:\/\/api.w.org\/{rel}","templated":true}]}}