{"id":145,"date":"2012-07-15T07:59:00","date_gmt":"2012-07-15T07:59:00","guid":{"rendered":"https:\/\/myplasticmold.com\/?page_id=145"},"modified":"2020-08-17T18:31:44","modified_gmt":"2020-08-17T10:31:44","slug":"ordinateur-equipement-dentreprise-moule","status":"publish","type":"page","link":"https:\/\/myplasticmold.com\/fr\/ordinateur-equipement-dentreprise-moule","title":{"rendered":"Ordinateurs \u00c9quipements professionnels Moules en plastique"},"content":{"rendered":"<p><a href=\"https:\/\/myplasticmold.com\/wp-content\/uploads\/2012\/07\/stacks_image_41_1.png\"><img loading=\"lazy\" decoding=\"async\" class=\"alignnone size-full wp-image-213\" title=\"ordinateur\/\u00e9quipement de bureau moisissure\" src=\"https:\/\/myplasticmold.com\/wp-content\/uploads\/2012\/07\/stacks_image_41_1.png\" alt=\"ordinateur\/\u00e9quipement de bureau moisissure\" width=\"363\" height=\"285\" srcset=\"https:\/\/myplasticmold.com\/wp-content\/uploads\/2012\/07\/stacks_image_41_1.png 363w, https:\/\/myplasticmold.com\/wp-content\/uploads\/2012\/07\/stacks_image_41_1-300x235.png 300w\" sizes=\"auto, (max-width: 363px) 100vw, 363px\" \/><\/a><a href=\"https:\/\/myplasticmold.com\/wp-content\/uploads\/2012\/07\/cutcaster-photo-100634527-Communication-technology-icon-collection.jpg\"><img loading=\"lazy\" decoding=\"async\" class=\"alignnone  wp-image-214\" title=\"\u00e9quipement d&#039;entreprise\/de bureau moisissures\" src=\"https:\/\/myplasticmold.com\/wp-content\/uploads\/2012\/07\/cutcaster-photo-100634527-Communication-technology-icon-collection.jpg\" alt=\"\u00e9quipement d&#039;entreprise\/de bureau moisissures\" width=\"360\" height=\"306\" \/><\/a><\/p>\n<p>\u00c9quipement informatique d'entreprise moisissure<\/p>\n<p><a href=\"https:\/\/myplasticmold.com\/wp-content\/uploads\/2012\/07\/20080721193243112171.jpg\"><img loading=\"lazy\" decoding=\"async\" class=\"alignnone size-medium wp-image-288\" title=\"moule en plastique pour imprimante\" src=\"https:\/\/myplasticmold.com\/wp-content\/uploads\/2020\/04\/20080721193243112171_pvoetn-300x219.jpg\" alt=\"moule en plastique pour imprimante\" width=\"300\" height=\"219\" srcset=\"https:\/\/myplasticmold.com\/wp-content\/uploads\/2020\/04\/20080721193243112171_pvoetn-300x219.jpg 300w, https:\/\/myplasticmold.com\/wp-content\/uploads\/2020\/04\/20080721193243112171_pvoetn-768x561.jpg 768w, https:\/\/myplasticmold.com\/wp-content\/uploads\/2020\/04\/20080721193243112171_pvoetn.jpg 1000w\" sizes=\"auto, (max-width: 300px) 100vw, 300px\" \/><\/a><a href=\"https:\/\/myplasticmold.com\/wp-content\/uploads\/2012\/07\/2009111554474249.jpg\"><img loading=\"lazy\" decoding=\"async\" class=\"alignnone  wp-image-289\" title=\"moule en plastique pour imprimante\" src=\"https:\/\/myplasticmold.com\/wp-content\/uploads\/2012\/07\/2009111554474249-300x213.jpg\" alt=\"moule en plastique pour imprimante\" width=\"300\" height=\"219\" \/><\/a><\/p>\n<p>Moule en plastique pour coque d'imprimante :\u00a0\u00a0\u00a0\u00a0\u00a0\u00a0\u00a0\u00a0\u00a0\u00a0\u00a0\u00a0\u00a0\u00a0\u00a0\u00a0\u00a0\u00a0\u00a0\u00a0\u00a0\u00a0\u00a0\u00a0\u00a0\u00a0\u00a0\u00a0\u00a0\u00a0\u00a0\u00a0\u00a0\u00a0\u00a0\u00a0\u00a0\u00a0\u00a0\u00a0\u00a0\u00a0\u00a0\u00a0\u00a0\u00a0\u00a0\u00a0\u00a0\u00a0\u00a0\u00a0\u00a0\u00a0\u00a0\u00a0\u00a0\u00a0\u00a0\u00a0\u00a0\u00a0\u00a0\u00a0\u00a0\u00a0\u00a0\u00a0\u00a0\u00a0\u00a0\u00a0\u00a0\u00a0\u00a0\u00a0\u00a0\u00a0\u00a0\u00a0\u00a0\u00a0\u00a0\u00a0 <a href=\"https:\/\/myplasticmold.com\/wp-content\/uploads\/2020\/04\/18363544_1_zaqm4s.jpg\"><img loading=\"lazy\" decoding=\"async\" class=\"wp-image-290 alignright\" title=\"moule d&#039;imprimante\" src=\"https:\/\/myplasticmold.com\/wp-content\/uploads\/2020\/04\/18363544_1_zaqm4s.jpg\" alt=\"moule d&#039;imprimante\" width=\"433\" height=\"388\" \/><\/a><\/p>\n<ul>\n<li>moule en plastique:moule en plastique pour coquille d'imprimante<\/li>\n<li>cavit\u00e9 du moule:1<\/li>\n<li>Hotrunner:1 gouttes avec serpentins chauffants \"HOTSET<\/li>\n<li>Acier pour cavit\u00e9 de moule : DIN 1.2316<\/li>\n<li>Acier pour noyau de moule : DIN 1.278<\/li>\n<li>insert de glissi\u00e8re de moule : DIN 1.2738 avec nitruration<\/li>\n<li>Activation de l'insert du noyau : V\u00e9rins hydrauliques<\/li>\n<li>Mati\u00e8re plastique : ABS<\/li>\n<li>Dur\u00e9e du cycle : 40 secondes<\/li>\n<li>D\u00e9lai de livraison : 50 jours.<\/li>\n<\/ul>","protected":false},"excerpt":{"rendered":"<p>Moule pour \u00e9quipement informatique Moule en plastique pour coque d'imprimante : moule en plastique:Moule en plastique pour coque d'imprimante cavit\u00e9 du moule:1 Hotrunner:1 gouttes avec bobines chauffantes \"HOTSET\" acier de la cavit\u00e9 du moule:DIN 1.2316 acier du noyau du moule:DIN 1.278 insert de la glissi\u00e8re du moule:DIN 1.2738 avec activation de l'insert du noyau par nitruration : Cylindres hydrauliques Mati\u00e8re plastique : ABS Dur\u00e9e du cycle : 40 secondes D\u00e9lai de livraison : 50 jours.<\/p>","protected":false},"author":3,"featured_media":0,"parent":0,"menu_order":0,"comment_status":"open","ping_status":"open","template":"template_leftsidebar.php","meta":{"footnotes":""},"class_list":["post-145","page","type-page","status-publish","hentry"],"blocksy_meta":{"styles_descriptor":{"styles":{"desktop":"","tablet":"","mobile":""},"google_fonts":[],"version":6}},"_links":{"self":[{"href":"https:\/\/myplasticmold.com\/fr\/wp-json\/wp\/v2\/pages\/145","targetHints":{"allow":["GET"]}}],"collection":[{"href":"https:\/\/myplasticmold.com\/fr\/wp-json\/wp\/v2\/pages"}],"about":[{"href":"https:\/\/myplasticmold.com\/fr\/wp-json\/wp\/v2\/types\/page"}],"author":[{"embeddable":true,"href":"https:\/\/myplasticmold.com\/fr\/wp-json\/wp\/v2\/users\/3"}],"replies":[{"embeddable":true,"href":"https:\/\/myplasticmold.com\/fr\/wp-json\/wp\/v2\/comments?post=145"}],"version-history":[{"count":0,"href":"https:\/\/myplasticmold.com\/fr\/wp-json\/wp\/v2\/pages\/145\/revisions"}],"wp:attachment":[{"href":"https:\/\/myplasticmold.com\/fr\/wp-json\/wp\/v2\/media?parent=145"}],"curies":[{"name":"wp","href":"https:\/\/api.w.org\/{rel}","templated":true}]}}