{"id":138,"date":"2012-07-15T08:01:05","date_gmt":"2012-07-15T08:01:05","guid":{"rendered":"https:\/\/myplasticmold.com\/?page_id=138"},"modified":"2025-03-20T10:45:34","modified_gmt":"2025-03-20T02:45:34","slug":"moule-en-plastique-pour-lautomobile","status":"publish","type":"page","link":"https:\/\/myplasticmold.com\/fr\/moule-en-plastique-pour-lautomobile","title":{"rendered":"Solutions de moules d'injection de premi\u00e8re qualit\u00e9 pour l'industrie automobile"},"content":{"rendered":"<figure class=\"wp-block-image is-resized\"><a href=\"https:\/\/myplasticmold.com\/wp-content\/uploads\/2020\/04\/autoparts_fbufuh.jpg\"><img loading=\"lazy\" decoding=\"async\" width=\"525\" height=\"292\" src=\"https:\/\/myplasticmold.com\/wp-content\/uploads\/2020\/04\/autoparts_fbufuh.jpg\" alt=\"Fournisseur de moules pour garnitures int\u00e9rieures et ext\u00e9rieures de voitures\" class=\"wp-image-205\" style=\"width:1080px;height:601px\" title=\"moule pour pi\u00e8ces automobiles\" srcset=\"https:\/\/myplasticmold.com\/wp-content\/uploads\/2020\/04\/autoparts_fbufuh.jpg 525w, https:\/\/myplasticmold.com\/wp-content\/uploads\/2020\/04\/autoparts_fbufuh-300x167.jpg 300w\" sizes=\"auto, (max-width: 525px) 100vw, 525px\" \/><\/a><\/figure>\n\n\n\n<h2 class=\"wp-block-heading\"><strong>Solutions de moules d'injection de premi\u00e8re qualit\u00e9 pour l'industrie automobile<\/strong><\/h2>\n\n\n\n<p>Nous sommes un fabricant pionnier dans le domaine des moules d'injection pour l'industrie automobile. En tant qu'entreprise engag\u00e9e dans la qualit\u00e9, nous fournissons une combinaison imbattable de connaissances de plus de 15 ans, de capacit\u00e9s de fabrication avanc\u00e9es, de livraison dans les d\u00e9lais, de moules durables et d'assistance technique pour satisfaire vos exigences en mati\u00e8re de moules en plastique pour l'automobile.<\/p>\n\n\n\n<figure class=\"wp-block-embed is-type-video is-provider-youtube wp-block-embed-youtube wp-embed-aspect-16-9 wp-has-aspect-ratio\"><div class=\"wp-block-embed__wrapper\">\n<iframe loading=\"lazy\" title=\"Comment acheter des moules en plastique pour l&#039;automobile en Chine (Guide \u00e9tape par \u00e9tape pour la qualit\u00e9 et les \u00e9conomies !)\" width=\"1220\" height=\"686\" src=\"https:\/\/www.youtube.com\/embed\/ExZdSMyuerM?feature=oembed\" frameborder=\"0\" allow=\"accelerometer; autoplay; clipboard-write; encrypted-media; gyroscope; picture-in-picture; web-share\" referrerpolicy=\"strict-origin-when-cross-origin\" allowfullscreen><\/iframe>\n<\/div><\/figure>\n\n\n\n<h3 class=\"wp-block-heading\"><strong>Pourquoi choisir Topworks ?<\/strong><\/h3>\n\n\n\n<h4 class=\"wp-block-heading\"><strong>Expertise :&nbsp;<\/strong><\/h4>\n\n\n\n<p>Notre soci\u00e9t\u00e9 a des d\u00e9cennies d'exp\u00e9rience dans les domaines suivants <a href=\"https:\/\/myplasticmold.com\/fr\/moule-en-plastique-pour-lautomobile\">moule d'injection automobile<\/a> qui nous permet de comprendre les besoins sp\u00e9cifiques des moules d'injection pour la production automobile. L'\u00e9quipe d'experts de Topworks poss\u00e8de des capacit\u00e9s exceptionnelles pour cr\u00e9er des solutions innovantes qui offrent une fiabilit\u00e9 sup\u00e9rieure et des normes \u00e9lev\u00e9es.<\/p>\n\n\n\n<h4 class=\"wp-block-heading\"><strong>Haute performance :<\/strong>&nbsp;<\/h4>\n\n\n\n<p>Les m\u00e9thodes de fabrication contemporaines et les technologies de pointe nous permettent de produire des moules d'injection en grande quantit\u00e9 sans aucun compromis. Nos lignes de conception et de fabrication de moules en plastique s'adaptent \u00e0 vos exigences, ce qui nous permet de satisfaire les exigences de l'industrie automobile en mati\u00e8re d'efficacit\u00e9 et de rendement.<\/p>\n\n\n\n<h4 class=\"wp-block-heading\"><strong>Livraison rapide<\/strong>:&nbsp;<\/h4>\n\n\n\n<p>La rapidit\u00e9 de livraison est un facteur essentiel dans le secteur automobile. Notre service de livraison rapide d\u00e9coule de notre syst\u00e8me logistique strat\u00e9gique combin\u00e9 \u00e0 notre flux de travail efficace. Gr\u00e2ce \u00e0 ces mesures, votre plan de production reste intact.<\/p>\n\n\n\n<h4 class=\"wp-block-heading\"><strong>Moule solide :<\/strong>&nbsp;<\/h4>\n\n\n\n<p>Les moules que nous fabriquons sont con\u00e7us pour durer. En utilisant les meilleurs mat\u00e9riaux (acier, composants et syst\u00e8me de canaux chauds) ainsi que la technologie la plus sophistiqu\u00e9e, nous cr\u00e9ons des moules solides et robustes, capables de r\u00e9sister \u00e0 des pressions et temp\u00e9ratures extr\u00eames et de produire des pi\u00e8ces durables et de qualit\u00e9 constante pour chaque utilisation.<\/p>\n\n\n\n<h4 class=\"wp-block-heading\"><strong>Support technique<\/strong>:&nbsp;<\/h4>\n\n\n\n<p>Apr\u00e8s avoir lanc\u00e9 nos solutions, nous continuons \u00e0 nous consacrer \u00e0 la r\u00e9ussite de votre entreprise. Notre programme d'assistance technique ne se contente pas de fournir des services complets de conseil, mais assure \u00e9galement la maintenance et le d\u00e9pannage. Vos activit\u00e9s commerciales se poursuivront sans interruption. Notre \u00e9quipe de professionnels est pr\u00eate \u00e0 vous aider \u00e0 r\u00e9soudre tous les probl\u00e8mes techniques.<\/p>\n\n\n\n<h4 class=\"wp-block-heading\"><strong>Industries que nous servons :<\/strong><\/h4>\n\n\n\n<ul class=\"wp-block-list\">\n<li>Equipementiers automobiles<\/li>\n\n\n\n<li>Fournisseurs de niveau 1 et de niveau 2<\/li>\n\n\n\n<li>Fournisseurs de pi\u00e8ces d\u00e9tach\u00e9es<\/li>\n<\/ul>\n\n\n\n<h2 class=\"wp-block-heading\"><strong>Notre engagement :<\/strong><\/h2>\n\n\n\n<p>En tant que soci\u00e9t\u00e9 Topworks, nous ne sommes pas seulement un fournisseur ; nous sommes des partenaires dans la r\u00e9ussite de votre entreprise. Nous sommes fiers de l'attention que nous portons \u00e0 chaque d\u00e9tail, de nos normes de qualit\u00e9 in\u00e9branlables et de notre approche orient\u00e9e vers le client. Contactez-nous d\u00e8s maintenant pour plus d'informations sur ce que nous pouvons faire pour propulser votre projet de moulage automobile vers de nouveaux sommets.<\/p>\n\n\n\n<h2 class=\"wp-block-heading\"><strong>Nous contacter :<\/strong><\/h2>\n\n\n\n<p>Pour plus d'informations ou pour obtenir un devis, contactez notre \u00e9quipe commerciale en cliquant ici. Faisons le prochain pas dans le moulage par injection automobile.<\/p>\n\n\n\n<p><strong><em>Topworks apportera l'excellence dans chaque pi\u00e8ce.<\/em><\/strong><\/p>\n\n\n\n<figure class=\"wp-block-gallery has-nested-images columns-2 is-cropped wp-block-gallery-1 is-layout-flex wp-block-gallery-is-layout-flex\">\n<figure class=\"wp-block-image size-large\"><a href=\"https:\/\/myplasticmold.com\/wp-content\/uploads\/2023\/10\/2023-10-12-1.jpg\"><img loading=\"lazy\" decoding=\"async\" width=\"1024\" height=\"769\" data-id=\"11226\" src=\"https:\/\/myplasticmold.com\/wp-content\/uploads\/2023\/10\/2023-10-12-1-1024x769.jpg\" alt=\"moule en plastique pour voiture\" class=\"wp-image-11226\" srcset=\"https:\/\/myplasticmold.com\/wp-content\/uploads\/2023\/10\/2023-10-12-1-1024x769.jpg 1024w, https:\/\/myplasticmold.com\/wp-content\/uploads\/2023\/10\/2023-10-12-1-300x225.jpg 300w, https:\/\/myplasticmold.com\/wp-content\/uploads\/2023\/10\/2023-10-12-1-768x577.jpg 768w, https:\/\/myplasticmold.com\/wp-content\/uploads\/2023\/10\/2023-10-12-1-1536x1154.jpg 1536w, https:\/\/myplasticmold.com\/wp-content\/uploads\/2023\/10\/2023-10-12-1-16x12.jpg 16w, https:\/\/myplasticmold.com\/wp-content\/uploads\/2023\/10\/2023-10-12-1.jpg 1704w\" sizes=\"auto, (max-width: 1024px) 100vw, 1024px\" \/><\/a><\/figure>\n\n\n\n<figure class=\"wp-block-image size-large\"><a href=\"https:\/\/myplasticmold.com\/wp-content\/uploads\/2023\/10\/2023-10-12-2.jpg\"><img loading=\"lazy\" decoding=\"async\" width=\"1024\" height=\"769\" data-id=\"11227\" src=\"https:\/\/myplasticmold.com\/wp-content\/uploads\/2023\/10\/2023-10-12-2-1024x769.jpg\" alt=\"Moulage par injection pour l&#039;industrie automobile\" class=\"wp-image-11227\" srcset=\"https:\/\/myplasticmold.com\/wp-content\/uploads\/2023\/10\/2023-10-12-2-1024x769.jpg 1024w, https:\/\/myplasticmold.com\/wp-content\/uploads\/2023\/10\/2023-10-12-2-300x225.jpg 300w, https:\/\/myplasticmold.com\/wp-content\/uploads\/2023\/10\/2023-10-12-2-768x577.jpg 768w, https:\/\/myplasticmold.com\/wp-content\/uploads\/2023\/10\/2023-10-12-2-1536x1154.jpg 1536w, https:\/\/myplasticmold.com\/wp-content\/uploads\/2023\/10\/2023-10-12-2-16x12.jpg 16w, https:\/\/myplasticmold.com\/wp-content\/uploads\/2023\/10\/2023-10-12-2.jpg 1704w\" sizes=\"auto, (max-width: 1024px) 100vw, 1024px\" \/><\/a><\/figure>\n\n\n\n<figure class=\"wp-block-image size-large\"><a href=\"https:\/\/myplasticmold.com\/wp-content\/uploads\/2023\/10\/2023-10-12-3.jpg\"><img loading=\"lazy\" decoding=\"async\" width=\"1024\" height=\"769\" data-id=\"11229\" src=\"https:\/\/myplasticmold.com\/wp-content\/uploads\/2023\/10\/2023-10-12-3-1024x769.jpg\" alt=\"Moulage de pi\u00e8ces automobiles\" class=\"wp-image-11229\" srcset=\"https:\/\/myplasticmold.com\/wp-content\/uploads\/2023\/10\/2023-10-12-3-1024x769.jpg 1024w, https:\/\/myplasticmold.com\/wp-content\/uploads\/2023\/10\/2023-10-12-3-300x225.jpg 300w, https:\/\/myplasticmold.com\/wp-content\/uploads\/2023\/10\/2023-10-12-3-768x577.jpg 768w, https:\/\/myplasticmold.com\/wp-content\/uploads\/2023\/10\/2023-10-12-3-1536x1154.jpg 1536w, https:\/\/myplasticmold.com\/wp-content\/uploads\/2023\/10\/2023-10-12-3-16x12.jpg 16w, https:\/\/myplasticmold.com\/wp-content\/uploads\/2023\/10\/2023-10-12-3.jpg 1704w\" sizes=\"auto, (max-width: 1024px) 100vw, 1024px\" \/><\/a><\/figure>\n\n\n\n<figure class=\"wp-block-image size-large\"><a href=\"https:\/\/myplasticmold.com\/wp-content\/uploads\/2023\/10\/2023-10-12-4.jpg\"><img loading=\"lazy\" decoding=\"async\" width=\"1024\" height=\"769\" data-id=\"11228\" src=\"https:\/\/myplasticmold.com\/wp-content\/uploads\/2023\/10\/2023-10-12-4-1024x769.jpg\" alt=\"Moule en plastique pour l&#039;industrie automobile\" class=\"wp-image-11228\" srcset=\"https:\/\/myplasticmold.com\/wp-content\/uploads\/2023\/10\/2023-10-12-4-1024x769.jpg 1024w, https:\/\/myplasticmold.com\/wp-content\/uploads\/2023\/10\/2023-10-12-4-300x225.jpg 300w, https:\/\/myplasticmold.com\/wp-content\/uploads\/2023\/10\/2023-10-12-4-768x577.jpg 768w, https:\/\/myplasticmold.com\/wp-content\/uploads\/2023\/10\/2023-10-12-4-1536x1154.jpg 1536w, https:\/\/myplasticmold.com\/wp-content\/uploads\/2023\/10\/2023-10-12-4-16x12.jpg 16w, https:\/\/myplasticmold.com\/wp-content\/uploads\/2023\/10\/2023-10-12-4.jpg 1704w\" sizes=\"auto, (max-width: 1024px) 100vw, 1024px\" \/><\/a><\/figure>\n\n\n\n<figure class=\"wp-block-image size-large\"><a href=\"https:\/\/myplasticmold.com\/wp-content\/uploads\/2023\/10\/2023-10-12-5.jpg\"><img loading=\"lazy\" decoding=\"async\" width=\"1024\" height=\"769\" data-id=\"11230\" src=\"https:\/\/myplasticmold.com\/wp-content\/uploads\/2023\/10\/2023-10-12-5-1024x769.jpg\" alt=\"Moules d&#039;injection pour pi\u00e8ces automobiles\" class=\"wp-image-11230\" srcset=\"https:\/\/myplasticmold.com\/wp-content\/uploads\/2023\/10\/2023-10-12-5-1024x769.jpg 1024w, https:\/\/myplasticmold.com\/wp-content\/uploads\/2023\/10\/2023-10-12-5-300x225.jpg 300w, https:\/\/myplasticmold.com\/wp-content\/uploads\/2023\/10\/2023-10-12-5-768x577.jpg 768w, https:\/\/myplasticmold.com\/wp-content\/uploads\/2023\/10\/2023-10-12-5-1536x1154.jpg 1536w, https:\/\/myplasticmold.com\/wp-content\/uploads\/2023\/10\/2023-10-12-5-16x12.jpg 16w, https:\/\/myplasticmold.com\/wp-content\/uploads\/2023\/10\/2023-10-12-5.jpg 1704w\" sizes=\"auto, (max-width: 1024px) 100vw, 1024px\" \/><\/a><\/figure>\n\n\n\n<figure class=\"wp-block-image size-large\"><a href=\"https:\/\/myplasticmold.com\/wp-content\/uploads\/2023\/10\/2023-10-12-6.jpg\"><img loading=\"lazy\" decoding=\"async\" width=\"1024\" height=\"769\" data-id=\"11231\" src=\"https:\/\/myplasticmold.com\/wp-content\/uploads\/2023\/10\/2023-10-12-6-1024x769.jpg\" alt=\"Moule \u00e0 injection\" class=\"wp-image-11231\" srcset=\"https:\/\/myplasticmold.com\/wp-content\/uploads\/2023\/10\/2023-10-12-6-1024x769.jpg 1024w, https:\/\/myplasticmold.com\/wp-content\/uploads\/2023\/10\/2023-10-12-6-300x225.jpg 300w, https:\/\/myplasticmold.com\/wp-content\/uploads\/2023\/10\/2023-10-12-6-768x577.jpg 768w, https:\/\/myplasticmold.com\/wp-content\/uploads\/2023\/10\/2023-10-12-6-1536x1154.jpg 1536w, https:\/\/myplasticmold.com\/wp-content\/uploads\/2023\/10\/2023-10-12-6-16x12.jpg 16w, https:\/\/myplasticmold.com\/wp-content\/uploads\/2023\/10\/2023-10-12-6.jpg 1704w\" sizes=\"auto, (max-width: 1024px) 100vw, 1024px\" \/><\/a><\/figure>\n\n\n\n<figure class=\"wp-block-image size-large\"><a href=\"https:\/\/myplasticmold.com\/wp-content\/uploads\/2023\/10\/2023-10-12-7.jpg\"><img loading=\"lazy\" decoding=\"async\" width=\"1024\" height=\"769\" data-id=\"11232\" src=\"https:\/\/myplasticmold.com\/wp-content\/uploads\/2023\/10\/2023-10-12-7-1024x769.jpg\" alt=\"moule de voiture\" class=\"wp-image-11232\" srcset=\"https:\/\/myplasticmold.com\/wp-content\/uploads\/2023\/10\/2023-10-12-7-1024x769.jpg 1024w, https:\/\/myplasticmold.com\/wp-content\/uploads\/2023\/10\/2023-10-12-7-300x225.jpg 300w, https:\/\/myplasticmold.com\/wp-content\/uploads\/2023\/10\/2023-10-12-7-768x577.jpg 768w, https:\/\/myplasticmold.com\/wp-content\/uploads\/2023\/10\/2023-10-12-7-1536x1154.jpg 1536w, https:\/\/myplasticmold.com\/wp-content\/uploads\/2023\/10\/2023-10-12-7-16x12.jpg 16w, https:\/\/myplasticmold.com\/wp-content\/uploads\/2023\/10\/2023-10-12-7.jpg 1704w\" sizes=\"auto, (max-width: 1024px) 100vw, 1024px\" \/><\/a><\/figure>\n<\/figure>\n\n\n\n<figure class=\"wp-block-image aligncenter size-full is-resized\"><img loading=\"lazy\" decoding=\"async\" width=\"639\" height=\"417\" src=\"https:\/\/myplasticmold.com\/wp-content\/uploads\/2020\/04\/20160523111325_mbwq8l.jpg\" alt=\"\" class=\"wp-image-6030\" style=\"width:867px;height:566px\" title=\"moule pour gril automobile\" srcset=\"https:\/\/myplasticmold.com\/wp-content\/uploads\/2020\/04\/20160523111325_mbwq8l.jpg 639w, https:\/\/myplasticmold.com\/wp-content\/uploads\/2020\/04\/20160523111325_mbwq8l-300x196.jpg 300w\" sizes=\"auto, (max-width: 639px) 100vw, 639px\" \/><\/figure>\n\n\n\n<h2 class=\"wp-block-heading\">Acheter des moules d'injection automobile en Chine : Un guide pour la s\u00e9curit\u00e9 et la rentabilit\u00e9<\/h2>\n\n\n\n<h3 class=\"wp-block-heading\">I. Introduction<\/h3>\n\n\n\n<p>Le moule d'injection automobile existe depuis de nombreuses ann\u00e9es pour fabriquer des composants en plastique de v\u00e9hicules pour lesquels la Chine pr\u00e9sente un avantage en termes de co\u00fbts. La s\u00e9curit\u00e9 et la qualit\u00e9 constituent la priorit\u00e9 absolue lorsqu'il s'agit des performances des v\u00e9hicules ou des composants de s\u00e9curit\u00e9 des passagers. Le guide suivant pr\u00e9sente le processus essentiel d'achat de moules d'injection automobile en Chine, tout en accordant la priorit\u00e9 \u00e0 la rentabilit\u00e9 et aux exigences de s\u00e9curit\u00e9.<\/p>\n\n\n\n<h3 class=\"wp-block-heading\">II. Trouver des fournisseurs<\/h3>\n\n\n\n<p>Alibaba h\u00e9berge des milliers de fournisseurs, mais il est difficile de valider leur exp\u00e9rience et leur niveau de comp\u00e9tence par le biais de sa plateforme en ligne. Votre recherche devrait se concentrer sur les fabricants de pi\u00e8ces automobiles poss\u00e9dant \u00e0 la fois l'exp\u00e9rience et la certification ISO 9001, ce qui garantit une plus grande confiance lors de la s\u00e9lection des fournisseurs \u00e0 des fins de production. La s\u00e9lection d'un fournisseur partenaire disposant d'une expertise dans le domaine de l'automobile doit \u00eatre ax\u00e9e sur la collaboration avec un agent de sourcing professionnel entretenant des relations \u00e9troites avec des fabricants de moules dignes de confiance, capables de faciliter la communication et la n\u00e9gociation des contrats.<\/p>\n\n\n\n<h3 class=\"wp-block-heading\">III. Communication et collaboration en mati\u00e8re de conception<\/h3>\n\n\n\n<p>La communication est essentielle. Envoyez au fournisseur toutes les sp\u00e9cifications n\u00e9cessaires, y compris les mod\u00e8les 3D, les dessins techniques 2D et les propri\u00e9t\u00e9s des mat\u00e9riaux, ainsi que les exigences de tol\u00e9rance pour les sp\u00e9cifications dimensionnelles. Travaillez avec votre fournisseur pour modifier les conceptions, car cela vous aidera \u00e0 trouver le meilleur \u00e9quilibre des co\u00fbts sans compromettre la fonctionnalit\u00e9 ou les normes de qualit\u00e9 du produit.<\/p>\n\n\n\n<h3 class=\"wp-block-heading\">IV. Qualit\u00e9 et s\u00e9curit\u00e9<\/h3>\n\n\n\n<p>La s\u00e9curit\u00e9 ne doit jamais \u00eatre sacrifi\u00e9e.<\/p>\n\n\n\n<p>Seuls les mat\u00e9riaux de qualit\u00e9 automobile sup\u00e9rieure r\u00e9pondant aux normes industrielles doivent \u00eatre s\u00e9lectionn\u00e9s pour l'utilisation des mat\u00e9riaux. Informez votre fournisseur des options de mat\u00e9riaux requises, qu'il adaptera aux exigences de l'application de votre pi\u00e8ce en mati\u00e8re de r\u00e9sistance \u00e0 la chaleur, d'ignifugation et de r\u00e9sistance aux chocs. Les proc\u00e9dures de contr\u00f4le de la qualit\u00e9 doivent comprendre plusieurs \u00e9tapes d'inspection, en commen\u00e7ant par l'\u00e9valuation du mat\u00e9riau de l'acier, suivie par des v\u00e9rifications des composants du noyau et de la cavit\u00e9 et se terminant par l'inspection du premier article (FAI) jusqu'\u00e0 ce que la pi\u00e8ce finale r\u00e9ponde aux sp\u00e9cifications exactes. Pour obtenir une assurance suppl\u00e9mentaire quant au respect des normes de qualit\u00e9 et des accords, il convient de faire appel \u00e0 une soci\u00e9t\u00e9 ext\u00e9rieure ind\u00e9pendante pour proc\u00e9der \u00e0 l'inspection des mat\u00e9riaux et de l'ex\u00e9cution.<\/p>\n\n\n\n<h3 class=\"wp-block-heading\">V. Optimisation des co\u00fbts<\/h3>\n\n\n\n<p>Le facteur co\u00fbt doit \u00eatre pris en consid\u00e9ration, m\u00eame si les solutions bon march\u00e9 s'av\u00e8rent souvent plus co\u00fbteuses \u00e0 long terme.<\/p>\n\n\n\n<p>\u00c9tablir un accord avec les fournisseurs sur les niveaux de complexit\u00e9 des moules ainsi que sur le volume de production et les conditions de paiement. \u00c9tudier les devis initiaux afin de d\u00e9terminer les co\u00fbts de propri\u00e9t\u00e9 complets r\u00e9sultant des retouches et des r\u00e9clamations au titre de la garantie caus\u00e9es par des probl\u00e8mes de qualit\u00e9. Nous avons soulign\u00e9 pr\u00e9c\u00e9demment que l'optimisation de la conception des moules \u00e0 des fins de fabrication permet de r\u00e9duire consid\u00e9rablement les co\u00fbts de production. Un moule pr\u00e9sentant des caract\u00e9ristiques de conception optimales, notamment des canaux de refroidissement appropri\u00e9s, un minimum de d\u00e9chets et des capacit\u00e9s de d\u00e9moulage automatique des pi\u00e8ces, r\u00e9duira \u00e0 la fois la dur\u00e9e du cycle et le co\u00fbt de chaque unit\u00e9 produite. Conditions de paiement et att\u00e9nuation des risques.<\/p>\n\n\n\n<p>Les paiements doivent suivre des \u00e9tapes de production pr\u00e9d\u00e9finies. La combinaison d'un service de d\u00e9p\u00f4t fiduciaire et de contrats officiels comportant des dispositions relatives \u00e0 la garantie de qualit\u00e9 et au r\u00e8glement des litiges, ainsi que des clauses de garantie, permet de prot\u00e9ger les deux parties.<\/p>\n\n\n\n<h3 class=\"wp-block-heading\">VII. Conclusion<\/h3>\n\n\n\n<p>Le processus d'achat de moules d'injection automobile en Chine devient simple. Le processus de contr\u00f4le de la qualit\u00e9 et les activit\u00e9s de communication en collaboration garantissent une production s\u00fbre des moules pour la fabrication des composants.<\/p>\n\n\n\n<figure class=\"wp-block-image aligncenter\"><img loading=\"lazy\" decoding=\"async\" width=\"2448\" height=\"2448\" src=\"https:\/\/myplasticmold.com\/wp-content\/uploads\/2020\/04\/IMG_20150724_124910_ll4y0h.jpg\" alt=\"MOULE D&#039;INJECTION POUR L&#039;INDUSTRIE AUTOMOBILE\" class=\"wp-image-5131\" srcset=\"https:\/\/myplasticmold.com\/wp-content\/uploads\/2020\/04\/IMG_20150724_124910_ll4y0h.jpg 2448w, https:\/\/myplasticmold.com\/wp-content\/uploads\/2020\/04\/IMG_20150724_124910_ll4y0h-300x300.jpg 300w, https:\/\/myplasticmold.com\/wp-content\/uploads\/2020\/04\/IMG_20150724_124910_ll4y0h-1024x1024.jpg 1024w, https:\/\/myplasticmold.com\/wp-content\/uploads\/2020\/04\/IMG_20150724_124910_ll4y0h-150x150.jpg 150w, https:\/\/myplasticmold.com\/wp-content\/uploads\/2020\/04\/IMG_20150724_124910_ll4y0h-768x768.jpg 768w, https:\/\/myplasticmold.com\/wp-content\/uploads\/2020\/04\/IMG_20150724_124910_ll4y0h-1536x1536.jpg 1536w, https:\/\/myplasticmold.com\/wp-content\/uploads\/2020\/04\/IMG_20150724_124910_ll4y0h-2048x2048.jpg 2048w\" sizes=\"auto, (max-width: 2448px) 100vw, 2448px\" \/><\/figure>","protected":false},"excerpt":{"rendered":"<p>Premium Automotive Injection Mold Solutions We would like to welcome you to Topworks, We are a pioneer manufacturer in the injection mould for automotive business.&nbsp;As a company committed to quality, we provide unbeatable combination of 15+ yrs knowledge, advanced manufacturing capabilities, on-time delivery, durable molds and technical support to satisfy your automobile plastic mold requirements. [&hellip;]<\/p>\n","protected":false},"author":3,"featured_media":0,"parent":0,"menu_order":0,"comment_status":"open","ping_status":"open","template":"","meta":{"footnotes":""},"class_list":["post-138","page","type-page","status-publish","hentry"],"blocksy_meta":{"styles_descriptor":{"styles":{"desktop":"","tablet":"","mobile":""},"google_fonts":[],"version":6}},"_links":{"self":[{"href":"https:\/\/myplasticmold.com\/fr\/wp-json\/wp\/v2\/pages\/138","targetHints":{"allow":["GET"]}}],"collection":[{"href":"https:\/\/myplasticmold.com\/fr\/wp-json\/wp\/v2\/pages"}],"about":[{"href":"https:\/\/myplasticmold.com\/fr\/wp-json\/wp\/v2\/types\/page"}],"author":[{"embeddable":true,"href":"https:\/\/myplasticmold.com\/fr\/wp-json\/wp\/v2\/users\/3"}],"replies":[{"embeddable":true,"href":"https:\/\/myplasticmold.com\/fr\/wp-json\/wp\/v2\/comments?post=138"}],"version-history":[{"count":0,"href":"https:\/\/myplasticmold.com\/fr\/wp-json\/wp\/v2\/pages\/138\/revisions"}],"wp:attachment":[{"href":"https:\/\/myplasticmold.com\/fr\/wp-json\/wp\/v2\/media?parent=138"}],"curies":[{"name":"wp","href":"https:\/\/api.w.org\/{rel}","templated":true}]}}