{"id":9099,"date":"2022-08-31T11:54:28","date_gmt":"2022-08-31T03:54:28","guid":{"rendered":"https:\/\/myplasticmold.com\/?p=9099"},"modified":"2023-07-19T11:43:06","modified_gmt":"2023-07-19T03:43:06","slug":"por-que-elegir-china-fabricante-de-moldes-de-plastico","status":"publish","type":"page","link":"https:\/\/myplasticmold.com\/es\/por-que-elegir-china-fabricante-de-moldes-de-plastico","title":{"rendered":"\u00bfpor qu\u00e9 elegir China fabricante de moldes de pl\u00e1stico?"},"content":{"rendered":"<p>Hay muchas razones para elegir un <a href=\"https:\/\/myplasticmold.com\/es\/\" target=\"_blank\" rel=\"noreferrer noopener\">Fabricante chino de moldes de pl\u00e1stico<\/a> sobre otras opciones. En primer lugar, los fabricantes chinos de moldes suelen ser mucho menos caros que sus hom\u00f3logos de los pa\u00edses desarrollados. Esto se debe a diversos factores, como unos costes laborales m\u00e1s bajos y menos normativas.<\/p>\n\n\n\n<p>Los fabricantes chinos de moldes tienen acceso a una gran reserva de ingenieros de moldes con una amplia gama de conocimientos. Esto significa que puede encontrar un fabricante especializado en el tipo de molde de pl\u00e1stico que necesita utilizar.<\/p>\n\n\n\n<figure class=\"wp-block-image aligncenter size-full\"><a href=\"https:\/\/myplasticmold.com\/wp-content\/uploads\/2022\/08\/Water-Well-Drilling.png\"><img loading=\"lazy\" decoding=\"async\" width=\"512\" height=\"512\" src=\"https:\/\/myplasticmold.com\/wp-content\/uploads\/2022\/08\/Water-Well-Drilling.png\" alt=\"\" class=\"wp-image-9062\" srcset=\"https:\/\/myplasticmold.com\/wp-content\/uploads\/2022\/08\/Water-Well-Drilling.png 512w, https:\/\/myplasticmold.com\/wp-content\/uploads\/2022\/08\/Water-Well-Drilling-300x300.png 300w, https:\/\/myplasticmold.com\/wp-content\/uploads\/2022\/08\/Water-Well-Drilling-150x150.png 150w\" sizes=\"auto, (max-width: 512px) 100vw, 512px\" \/><\/a><\/figure>\n\n\n\n<p>Los fabricantes chinos de moldes de inyecci\u00f3n suelen ser muy receptivos a <a href=\"https:\/\/myplasticmold.com\/project-management\/\" target=\"_blank\" rel=\"noreferrer noopener\">necesidades y peticiones de los clientes<\/a>. Esto significa que puede obtener su molde de inyecci\u00f3n de forma r\u00e1pida y eficaz, sin tener que preocuparse por problemas de control de calidad.<\/p>\n\n\n\n<p>Otra raz\u00f3n para elegir un fabricante chino es la calidad de sus productos y servicios. China tiene fama de producir productos de alta calidad, por lo que puede estar seguro de que su dinero valdr\u00e1 la pena cuando recurra a un fabricante chino de moldes de inyecci\u00f3n. Adem\u00e1s, los fabricantes chinos suelen tener un mejor servicio de atenci\u00f3n al cliente que otros proveedores, por lo que puede esperar que le traten bien cuando trabaje con ellos.<\/p>\n\n\n\n<figure class=\"wp-block-image size-full is-resized\"><a href=\"https:\/\/myplasticmold.com\/wp-content\/uploads\/2022\/05\/40-1-2.jpg\"><img loading=\"lazy\" decoding=\"async\" src=\"https:\/\/myplasticmold.com\/wp-content\/uploads\/2022\/05\/40-1-2.jpg\" alt=\"\" class=\"wp-image-8656\" width=\"670\" height=\"480\" srcset=\"https:\/\/myplasticmold.com\/wp-content\/uploads\/2022\/05\/40-1-2-300x214.jpg 300w, https:\/\/myplasticmold.com\/wp-content\/uploads\/2022\/05\/40-1-2-140x100.jpg 140w\" sizes=\"auto, (max-width: 670px) 100vw, 670px\" \/><\/a><figcaption class=\"wp-element-caption\">Molde de pl\u00e1stico en China<\/figcaption><\/figure>\n\n\n\n<h2 class=\"wp-block-heading\">El coste de la mano de obra en la industria china de moldes de inyecci\u00f3n<\/h2>\n\n\n\n<p>El coste de la mano de obra en la industria china de moldes de inyecci\u00f3n ha sido un factor importante por el que los fabricantes han optado por trasladar all\u00ed sus operaciones. Con salarios mucho m\u00e1s bajos que en los pa\u00edses desarrollados, algunas empresas de moldes de pl\u00e1stico pueden ahorrar una cantidad significativa de dinero en costes laborales.<\/p>\n\n\n\n<p> Sin embargo, hay otros factores que deben tenerse en cuenta a la hora de elegir un lugar de fabricaci\u00f3n de moldes de inyecci\u00f3n, como la calidad de la mano de obra y las infraestructuras. <\/p>\n\n\n\n<p>Adem\u00e1s, el gobierno chino ha realizado importantes inversiones en inteligencia artificial y rob\u00f3tica, lo que podr\u00eda traducirse en un aumento de los costes laborales a medida que las m\u00e1quinas sustituyan m\u00e1s puestos de trabajo.<\/p>\n\n\n\n<h2 class=\"wp-block-heading\">La calidad de los moldes de pl\u00e1stico de China<\/h2>\n\n\n\n<p>No se puede negar que los moldes de pl\u00e1stico procedentes de China suelen ser de menor calidad que los productos de otros pa\u00edses. Esto se debe a diversos factores, como el hecho de que los fabricantes chinos suelen utilizar materiales de menor calidad y no siempre cumplen las mismas normas de seguridad y calidad que sus hom\u00f3logos de los pa\u00edses desarrollados.<\/p>\n\n\n\n<p>Dicho esto, no es justo meter en el mismo saco todos los productos fabricados en China y dar por sentado que todos son inferiores. Hay muchos moldes de pl\u00e1stico de alta calidad procedentes de China, sobre todo si se sabe d\u00f3nde buscar. En general, es m\u00e1s probable que los productos de fabricantes de moldes de pl\u00e1stico m\u00e1s grandes y consolidados sean de mejor calidad que los de empresas m\u00e1s peque\u00f1as o menos conocidas.<\/p>\n\n\n\n<p>Por eso, si busca moldes de inyecci\u00f3n de pl\u00e1stico de alta calidad procedentes de China, es importante que investigue y elija cuidadosamente a su proveedor.<\/p>\n\n\n\n<h2 class=\"wp-block-heading\">La velocidad del molde de inyecci\u00f3n de pl\u00e1stico en China<\/h2>\n\n\n\n<p>En los \u00faltimos a\u00f1os, la velocidad de producci\u00f3n en China ha aumentado espectacularmente. Esto se debe a una serie de factores, como la creciente disponibilidad de mano de obra de alta calidad y el aumento de la eficiencia de las f\u00e1bricas chinas.<\/p>\n\n\n\n<p>Uno de los factores m\u00e1s importantes de la velocidad de producci\u00f3n en China es la disponibilidad de mano de obra de ingenier\u00eda de alta calidad. En el pasado, muchos trabajadores chinos eran relativamente poco cualificados e inexpertos. Sin embargo, a medida que China se ha desarrollado econ\u00f3micamente, cada vez m\u00e1s trabajadores han recibido formaci\u00f3n y educaci\u00f3n en t\u00e9cnicas de fabricaci\u00f3n. Gracias a ello, son capaces de trabajar con mayor rapidez y eficacia.<\/p>\n\n\n\n<p>Otro factor que ha contribuido a la velocidad de producci\u00f3n en China es la creciente eficiencia de las f\u00e1bricas chinas. En los \u00faltimos a\u00f1os, las f\u00e1bricas chinas han invertido mucho en nuevas tecnolog\u00edas y m\u00e1quinas (CNC, m\u00e1quina de grabado, EDM...). Como resultado, son capaces de producir buenos moldes de pl\u00e1stico a un ritmo mucho m\u00e1s r\u00e1pido de lo que pod\u00edan hacerlo en el pasado.<\/p>\n\n\n\n<h2 class=\"wp-block-heading\">El servicio: china fabricante de moldes de pl\u00e1stico es mejor<\/h2>\n\n\n\n<p>Hay muchas razones para elegir un fabricante chino de moldes de inyecci\u00f3n de pl\u00e1stico en lugar de otro servicio. Una de ellas es que los fabricantes chinos suelen tener mejores precios. Pueden ofrecer precios de utillaje m\u00e1s bajos porque tienen menos gastos generales y pueden fabricar al por mayor. Adem\u00e1s, los fabricantes chinos suelen tener m\u00e1s experiencia que otros servicios. Llevan m\u00e1s tiempo en el negocio y han establecido relaciones con los proveedores. Esto significa que pueden obtener productos de mejor calidad a precios m\u00e1s bajos. Por \u00faltimo, los fabricantes chinos suelen ofrecer un mejor servicio al cliente. Responden mejor a las necesidades y quejas de los clientes y es m\u00e1s probable que ofrezcan una garant\u00eda de satisfacci\u00f3n.<\/p>\n\n\n\n<h2 class=\"wp-block-heading\">La entrega: el fabricante chino es m\u00e1s r\u00e1pido<\/h2>\n\n\n\n<p>La entrega de los fabricantes de moldes de pl\u00e1stico de China es mucho m\u00e1s r\u00e1pida que la de otros proveedores. Esto se debe a que la mayor\u00eda de los fabricantes est\u00e1n situados m\u00e1s cerca de los puertos, por lo que pueden hacer llegar los productos al cliente con mayor rapidez. Adem\u00e1s, el gobierno chino ha estado invirtiendo en proyectos de infraestructura que han hecho m\u00e1s f\u00e1cil y m\u00e1s r\u00e1pido el transporte de mercanc\u00edas en todo el pa\u00eds.<\/p>\n\n\n\n<p>Los gastos de env\u00edo de los fabricantes de moldes de pl\u00e1stico de China son mucho m\u00e1s bajos, porque los productos se env\u00edan directamente de la f\u00e1brica a su puerta, eliminando la necesidad de almacenamiento. La entrega de los fabricantes de moldes de inyecci\u00f3n de China es mucho m\u00e1s r\u00e1pida que la de otros proveedores. Esto se debe a que los fabricantes est\u00e1n situados m\u00e1s cerca de los puertos, por lo que pueden hacer llegar los productos al cliente m\u00e1s r\u00e1pidamente.<\/p>\n\n\n\n<h2 class=\"wp-block-heading\">Palabras finales: por qu\u00e9 tenemos que elegir China fabricante de moldes de pl\u00e1stico<\/h2>\n\n\n\n<p>Hay muchas razones para elegir un fabricante chino de moldes de inyecci\u00f3n de pl\u00e1stico. Suelen ser mucho m\u00e1s baratos que sus hom\u00f3logos occidentales y tienen una amplia gama de productos entre los que elegir. Los fabricantes chinos tambi\u00e9n tienen una buena reputaci\u00f3n en cuanto a calidad y plazos de entrega.<\/p>\n\n\n\n<p>Otra raz\u00f3n para elegir un fabricante chino es la variedad de productos disponibles. Fabrican de todo, desde ropa hasta electr\u00f3nica y juguetes. Puedes encontrar casi cualquier cosa que necesites de un fabricante chino.<\/p>\n\n\n\n<p>Por \u00faltimo, la mayor\u00eda de los fabricantes chinos tienen buena reputaci\u00f3n en cuanto a calidad y plazos de entrega. Suelen utilizar materiales de alta calidad y sus productos est\u00e1n hechos para durar.<\/p>","protected":false},"excerpt":{"rendered":"<p>There are many reasons to choose a Chinese plastic mold manufacturer over other options. First, Chinese mold manufacturers are typically much less expensive than their counterparts in developed countries. This is due to a variety of factors, including lower labor costs and fewer regulations. Chinese mold manufacturers have access to a large pool of mold [&hellip;]<\/p>\n","protected":false},"author":3,"featured_media":0,"parent":0,"menu_order":0,"comment_status":"open","ping_status":"open","template":"","meta":{"footnotes":""},"class_list":["post-9099","page","type-page","status-publish","hentry"],"blocksy_meta":{"styles_descriptor":{"styles":{"desktop":"","tablet":"","mobile":""},"google_fonts":[],"version":6}},"_links":{"self":[{"href":"https:\/\/myplasticmold.com\/es\/wp-json\/wp\/v2\/pages\/9099","targetHints":{"allow":["GET"]}}],"collection":[{"href":"https:\/\/myplasticmold.com\/es\/wp-json\/wp\/v2\/pages"}],"about":[{"href":"https:\/\/myplasticmold.com\/es\/wp-json\/wp\/v2\/types\/page"}],"author":[{"embeddable":true,"href":"https:\/\/myplasticmold.com\/es\/wp-json\/wp\/v2\/users\/3"}],"replies":[{"embeddable":true,"href":"https:\/\/myplasticmold.com\/es\/wp-json\/wp\/v2\/comments?post=9099"}],"version-history":[{"count":0,"href":"https:\/\/myplasticmold.com\/es\/wp-json\/wp\/v2\/pages\/9099\/revisions"}],"wp:attachment":[{"href":"https:\/\/myplasticmold.com\/es\/wp-json\/wp\/v2\/media?parent=9099"}],"curies":[{"name":"wp","href":"https:\/\/api.w.org\/{rel}","templated":true}]}}