{"id":7755,"date":"2021-05-12T20:35:58","date_gmt":"2021-05-12T12:35:58","guid":{"rendered":"https:\/\/myplasticmold.com\/?page_id=7755"},"modified":"2024-08-14T14:31:52","modified_gmt":"2024-08-14T06:31:52","slug":"empresa-de-moldeo-por-inyeccion-de-policarbonato","status":"publish","type":"page","link":"https:\/\/myplasticmold.com\/es\/empresa-de-moldeo-por-inyeccion-de-policarbonato","title":{"rendered":"Empresa de moldeo por inyecci\u00f3n de policarbonato de China-Topworks"},"content":{"rendered":"<h1 class=\"wp-block-heading\">Empresa china de moldeo por inyecci\u00f3n de policarbonato<\/h1>\n\n\n\n<figure class=\"wp-block-image aligncenter\"><img decoding=\"async\" src=\"https:\/\/res.cloudinary.com\/dl8a9jvpa\/images\/f_auto,q_auto\/w_1139,h_562\/v1576147197\/20191212182141_1_m6f0tw\/20191212182141_1_m6f0tw.png\" alt=\"moldeo por inyecci\u00f3n de policarbonato\"\/><\/figure>\n\n\n\n<p>Probablemente le interese encontrar un fabricante y dise\u00f1ador especializado en <a href=\"https:\/\/myplasticmold.com\/es\/empresa-de-moldeo-por-inyeccion-de-policarbonato\">moldeo por inyecci\u00f3n de policarbonato<\/a> que tiene fama de suministrar productos duraderos y rentables. (tan bajos como $5 por pieza en algunos casos).<\/p>\n\n\n\n<p>Topworks Plastic Mold se especializa en el moldeo por inyecci\u00f3n de policarbonato en China. En caso de que usted est\u00e1 buscando una empresa de moldeo de policarbonato que le puede ayudar, entonces podemos ayudarle.<\/p>\n\n\n\n<p>Nuestra experiencia en el dise\u00f1o, el utillaje y la producci\u00f3n de productos de policarbonato moldeado por inyecci\u00f3n de alta calidad se ha desarrollado a lo largo de los \u00faltimos diez a\u00f1os, lo que nos permite suministrar productos excelentes a precios razonables tanto a escala nacional como internacional. Por otra parte, el objetivo de Topworks es ofrecer la mejor calidad del sector.<\/p>\n\n\n\n<figure class=\"wp-block-gallery has-nested-images columns-default is-cropped wp-block-gallery-1 is-layout-flex wp-block-gallery-is-layout-flex\">\n<figure class=\"wp-block-image size-large\"><a href=\"https:\/\/myplasticmold.com\/wp-content\/uploads\/2023\/05\/20191212191435_xpat8o.png\"><img loading=\"lazy\" decoding=\"async\" width=\"720\" height=\"465\" data-id=\"9478\" src=\"https:\/\/myplasticmold.com\/wp-content\/uploads\/2023\/05\/20191212191435_xpat8o.png\" alt=\"\" class=\"wp-image-9478\" srcset=\"https:\/\/myplasticmold.com\/wp-content\/uploads\/2023\/05\/20191212191435_xpat8o.png 720w, https:\/\/myplasticmold.com\/wp-content\/uploads\/2023\/05\/20191212191435_xpat8o-300x194.png 300w\" sizes=\"auto, (max-width: 720px) 100vw, 720px\" \/><\/a><\/figure>\n\n\n\n<figure class=\"wp-block-image size-large\"><a href=\"https:\/\/myplasticmold.com\/wp-content\/uploads\/2023\/05\/20191212191930_y5ya46.png\"><img loading=\"lazy\" decoding=\"async\" width=\"720\" height=\"309\" data-id=\"9479\" src=\"https:\/\/myplasticmold.com\/wp-content\/uploads\/2023\/05\/20191212191930_y5ya46.png\" alt=\"\" class=\"wp-image-9479\" srcset=\"https:\/\/myplasticmold.com\/wp-content\/uploads\/2023\/05\/20191212191930_y5ya46.png 720w, https:\/\/myplasticmold.com\/wp-content\/uploads\/2023\/05\/20191212191930_y5ya46-300x129.png 300w\" sizes=\"auto, (max-width: 720px) 100vw, 720px\" \/><\/a><\/figure>\n\n\n\n<figure class=\"wp-block-image size-large\"><a href=\"https:\/\/myplasticmold.com\/wp-content\/uploads\/2023\/05\/20191212192000_c3oduj.png\"><img loading=\"lazy\" decoding=\"async\" width=\"720\" height=\"348\" data-id=\"9480\" src=\"https:\/\/myplasticmold.com\/wp-content\/uploads\/2023\/05\/20191212192000_c3oduj.png\" alt=\"\" class=\"wp-image-9480\" srcset=\"https:\/\/myplasticmold.com\/wp-content\/uploads\/2023\/05\/20191212192000_c3oduj.png 720w, https:\/\/myplasticmold.com\/wp-content\/uploads\/2023\/05\/20191212192000_c3oduj-300x145.png 300w\" sizes=\"auto, (max-width: 720px) 100vw, 720px\" \/><\/a><\/figure>\n\n\n\n<figure class=\"wp-block-image size-large\"><a href=\"https:\/\/myplasticmold.com\/wp-content\/uploads\/2023\/05\/20191212192035_htlex5.png\"><img loading=\"lazy\" decoding=\"async\" width=\"720\" height=\"328\" data-id=\"9481\" src=\"https:\/\/myplasticmold.com\/wp-content\/uploads\/2023\/05\/20191212192035_htlex5.png\" alt=\"\" class=\"wp-image-9481\" srcset=\"https:\/\/myplasticmold.com\/wp-content\/uploads\/2023\/05\/20191212192035_htlex5.png 720w, https:\/\/myplasticmold.com\/wp-content\/uploads\/2023\/05\/20191212192035_htlex5-300x137.png 300w\" sizes=\"auto, (max-width: 720px) 100vw, 720px\" \/><\/a><\/figure>\n<\/figure>\n\n\n\n<p>Esto nos permite convertirnos en una de las pocas empresas capaces de desarrollar herramientas y procesos de moldeo de policarbonato, producir componentes de moldeo de policarbonato y suministrar componentes de pl\u00e1stico de policarbonato a trav\u00e9s de nuestra completa gama de servicios de moldeo por inyecci\u00f3n de PC.<\/p>\n\n\n\n<p>No importa si est\u00e1 planeando desarrollar un trabajo en curso o un concepto existente, nuestros procesos son capaces de simplificar cada paso del proceso de moldeo por inyecci\u00f3n de policarbonato.<\/p>\n\n\n\n<p><strong>\u00bfPor qu\u00e9 elegir el moldeo por inyecci\u00f3n de policarbonato?<\/strong><\/p>\n\n\n\n<p>En Topworks, ofrecemos moldeo por inyecci\u00f3n de policarbonato l\u00edder en la industria para ofrecer piezas de alto rendimiento para sus aplicaciones m\u00e1s exigentes. El policarbonato es el pl\u00e1stico ideal para una amplia gama de productos porque combina las siguientes ventajas inmejorables:<\/p>\n\n\n\n<ul class=\"wp-block-list\">\n<li><strong>Durabilidad inigualable:<\/strong>&nbsp;El policarbonato es excepcionalmente duro y resistente a los impactos, por lo que es perfecto para productos que deben soportar el desgaste.<\/li>\n\n\n\n<li><strong>Opciones transparentes u opacas:<\/strong>&nbsp;Elija el nivel perfecto de transparencia para satisfacer sus necesidades, desde cristalina para lentes y pantallas hasta opaca para componentes estructurales.<\/li>\n\n\n\n<li><strong>Resistente al calor:<\/strong>&nbsp;El policarbonato se comporta bien a altas temperaturas, por lo que es adecuado para entornos exigentes.<\/li>\n\n\n\n<li><strong>Producci\u00f3n r\u00e1pida y rentable:<\/strong>&nbsp;El moldeo por inyecci\u00f3n ofrece una producci\u00f3n de gran volumen con una excelente uniformidad entre piezas, lo que reduce los costes por unidad.<\/li>\n\n\n\n<li><strong>Libertad de dise\u00f1o:<\/strong>\u00a0Cree geometr\u00edas complejas e integre caracter\u00edsticas para un montaje eficaz.<\/li>\n<\/ul>\n\n\n\n<h2 class=\"wp-block-heading\">Aplicaciones del policarbonato<\/h2>\n\n\n\n<p>El policarbonato es s\u00faper flexible, perfecto para un mont\u00f3n de trabajos diferentes, como:<\/p>\n\n\n\n<ul class=\"wp-block-list\">\n<li><strong>Autom\u00f3vil:<\/strong> Fabricaci\u00f3n de elementos como las cubiertas transparentes de los faros, las luces traseras y los paneles de control de los coches.<\/li>\n\n\n\n<li><strong>Electr\u00f3nica:<\/strong> Crea fundas protectoras para piezas el\u00e9ctricas, bits de ordenador y enchufes.<\/li>\n\n\n\n<li><strong>Productos de consumo:<\/strong> Se utiliza en la fabricaci\u00f3n de gafas, electrodom\u00e9sticos, equipamiento deportivo y mucho m\u00e1s.<\/li>\n\n\n\n<li><strong>Productos sanitarios:<\/strong> Se utiliza para piezas que deben limpiarse a fondo y son seguras para su uso cerca o en personas.<\/li>\n<\/ul>\n\n\n\n<h2 class=\"wp-block-heading\">Moldeo por inyecci\u00f3n de policarbonato<\/h2>\n\n\n\n<p>Si est\u00e1 buscando Moldeo por inyecci\u00f3n de policarbonato, tenemos lo que necesita:<\/p>\n\n\n\n<ul class=\"wp-block-list\">\n<li><strong>Ingenieros inteligentes:<\/strong> Contamos con expertos que trabajar\u00e1n con usted para garantizar que el dise\u00f1o de su producto sea de primera categor\u00eda y rentable.<\/li>\n\n\n\n<li><strong>El mejor equipo:<\/strong> Nuestras modernas m\u00e1quinas garantizan que sus art\u00edculos tengan siempre un aspecto impecable.<\/li>\n\n\n\n<li><strong>Comprob\u00e1ndolo todo:<\/strong> Somos estrictos en el control de calidad para asegurarnos de que cada pieza cumple sus especificaciones.<\/li>\n<\/ul>\n\n\n\n<p><\/p>","protected":false},"excerpt":{"rendered":"<p>Polycarbonate injection molding company from China You would probably be interested in finding a manufacturer and designer who specializes in polycarbonate injection molding , who has a reputation for delivering durable yet cost-effective products. (as low as $5 per piece in some cases). Topworks Plastic Mold specializes in the injection molding of polycarbonate in China. [&hellip;]<\/p>\n","protected":false},"author":3,"featured_media":0,"parent":0,"menu_order":0,"comment_status":"closed","ping_status":"closed","template":"","meta":{"footnotes":""},"class_list":["post-7755","page","type-page","status-publish","hentry"],"blocksy_meta":{"styles_descriptor":{"styles":{"desktop":"","tablet":"","mobile":""},"google_fonts":[],"version":6}},"_links":{"self":[{"href":"https:\/\/myplasticmold.com\/es\/wp-json\/wp\/v2\/pages\/7755","targetHints":{"allow":["GET"]}}],"collection":[{"href":"https:\/\/myplasticmold.com\/es\/wp-json\/wp\/v2\/pages"}],"about":[{"href":"https:\/\/myplasticmold.com\/es\/wp-json\/wp\/v2\/types\/page"}],"author":[{"embeddable":true,"href":"https:\/\/myplasticmold.com\/es\/wp-json\/wp\/v2\/users\/3"}],"replies":[{"embeddable":true,"href":"https:\/\/myplasticmold.com\/es\/wp-json\/wp\/v2\/comments?post=7755"}],"version-history":[{"count":0,"href":"https:\/\/myplasticmold.com\/es\/wp-json\/wp\/v2\/pages\/7755\/revisions"}],"wp:attachment":[{"href":"https:\/\/myplasticmold.com\/es\/wp-json\/wp\/v2\/media?parent=7755"}],"curies":[{"name":"wp","href":"https:\/\/api.w.org\/{rel}","templated":true}]}}