{"id":6684,"date":"2018-01-01T21:57:00","date_gmt":"2018-01-01T13:57:00","guid":{"rendered":"https:\/\/myplasticmold.com\/?page_id=6684"},"modified":"2022-05-03T20:46:23","modified_gmt":"2022-05-03T12:46:23","slug":"proveedor-de-moldes-de-plastico-en-china","status":"publish","type":"page","link":"https:\/\/myplasticmold.com\/es\/proveedor-de-moldes-de-plastico-en-china","title":{"rendered":"C\u00f3mo seleccionar un proveedor de moldes de pl\u00e1stico en China"},"content":{"rendered":"<p>Antes de que comience el proceso de producci\u00f3n, es vital que haga la elecci\u00f3n correcta cuando se trata de su proveedor de productos de moldeo por inyecci\u00f3n. En lugar de simplemente optar por la opci\u00f3n m\u00e1s barata, en su lugar debe elegir un moldeador que puede ofrecer experiencia invaluable.industria de moldes de pl\u00e1stico de China ha visto un gran desarrollo en los \u00faltimos a\u00f1os y muchos compradores deciden comprar moldes de pl\u00e1stico directamente de los vendedores de moldes de pl\u00e1stico de China.&nbsp;<\/p>\n\n\n\n<p>Si su departamento de producci\u00f3n no tiene mucha experiencia en moldeo o dise\u00f1o de piezas, es una buena idea pedir una segunda opini\u00f3n antes de poner en marcha la producci\u00f3n. Al fin y al cabo, es m\u00e1s barato y f\u00e1cil corregir los errores en esta fase que m\u00e1s adelante.<\/p>\n\n\n\n<figure class=\"wp-block-image\"><img loading=\"lazy\" decoding=\"async\" width=\"960\" height=\"400\" src=\"https:\/\/myplasticmold.com\/wp-content\/uploads\/2020\/04\/4712_large9-960x467_gqpjnr-960x400-1_v6ru0o-2.jpg\" alt=\"Proveedor de moldes de China\" class=\"wp-image-6686\" srcset=\"https:\/\/myplasticmold.com\/wp-content\/uploads\/2020\/04\/4712_large9-960x467_gqpjnr-960x400-1_v6ru0o-2.jpg 960w, https:\/\/myplasticmold.com\/wp-content\/uploads\/2020\/04\/4712_large9-960x467_gqpjnr-960x400-1_v6ru0o-2-300x125.jpg 300w, https:\/\/myplasticmold.com\/wp-content\/uploads\/2020\/04\/4712_large9-960x467_gqpjnr-960x400-1_v6ru0o-2-768x320.jpg 768w\" sizes=\"auto, (max-width: 960px) 100vw, 960px\" \/><\/figure>\n\n\n\n<p>Si necesita muchas piezas con un proveedor chino, quiz\u00e1 le convenga asociarse con <a href=\"https:\/\/myplasticmold.com\/es\/proveedor-de-moldes-de-plastico-en-china\">un proveedor de moldes a medida con experiencia en China<\/a>Si opta por esta v\u00eda, aseg\u00farese de que queda totalmente claro con el moldeador chino que esa es su intenci\u00f3n desde el principio. No obstante, si opta por esta v\u00eda, aseg\u00farese de que el moldeador chino le comunica claramente y por adelantado que esa es su intenci\u00f3n.<\/p>\n\n\n\n<p>Si es necesario, a\u00f1ada algo de dinero al precio de la pieza para compensar su experiencia y capacidad. Puede que acabe pidi\u00e9ndoles que le sigan suministrando la pieza, a un precio rebajado, cuando le demuestren que pueden ofrecer resultados \u00f3ptimos antes de lo previsto.<\/p>\n\n\n\n<h2 class=\"wp-block-heading\">Encuesta sobre proveedores de moldes de pl\u00e1stico en China<\/h2>\n\n\n\n<p>Elegir el moldeador a medida adecuado es vital para el \u00e9xito de cualquier programa nuevo. <a href=\"https:\/\/www.plasticmoulds.net\/plastic-mold-offer-from-china.html\" target=\"_blank\" rel=\"noopener\">Un moldeador de China con experiencia<\/a> podr\u00e1 aportar conocimientos esenciales para ayudar a su departamento de ingenier\u00eda a <a href=\"https:\/\/www.plasticmoulds.net\/design\" target=\"_blank\" rel=\"noopener\">dise\u00f1o<\/a> y fabricar los productos de pl\u00e1stico \u00f3ptimos dentro de su presupuesto.<\/p>\n\n\n\n<figure class=\"wp-block-image\"><img loading=\"lazy\" decoding=\"async\" width=\"960\" height=\"400\" src=\"https:\/\/myplasticmold.com\/wp-content\/uploads\/2020\/04\/4714_injection-molding-1-960x400-1-1_nl9pwd-2.jpg\" alt=\"Moldeo por inyecci\u00f3n en China\" class=\"wp-image-6693\" srcset=\"https:\/\/myplasticmold.com\/wp-content\/uploads\/2020\/04\/4714_injection-molding-1-960x400-1-1_nl9pwd-2.jpg 960w, https:\/\/myplasticmold.com\/wp-content\/uploads\/2020\/04\/4714_injection-molding-1-960x400-1-1_nl9pwd-2-300x125.jpg 300w, https:\/\/myplasticmold.com\/wp-content\/uploads\/2020\/04\/4714_injection-molding-1-960x400-1-1_nl9pwd-2-768x320.jpg 768w\" sizes=\"auto, (max-width: 960px) 100vw, 960px\" \/><\/figure>\n\n\n\n<p>Deber\u00e1 analizar detenidamente a todos los proveedores externos para comprobar que cuentan con los conocimientos, las capacidades y la experiencia necesarios para fabricar productos moldeados por inyecci\u00f3n en el material que usted necesita.<\/p>\n\n\n\n<p> Si el moldeador elegido carece de experiencia con sus materiales, podr\u00edan surgir problemas en el futuro, como la degradaci\u00f3n del material, y el moldeador no ser\u00e1 capaz de detectarlo. La experiencia es especialmente importante en los productos estructurales y en los que presentan zonas visibles.<\/p>\n\n\n\n<p>Durante la fabricaci\u00f3n, las superficies muy brillantes y las que posteriormente se decorar\u00e1n deben protegerse cuidadosamente para que no se contaminen. Esta contaminaci\u00f3n puede producirse de muchas maneras, como una mala manipulaci\u00f3n del producto, ventiladores que soplen polvo sobre el producto y el tipo de desmoldeante utilizado, ya que los movimientos del aire podr\u00edan transportar contaminantes a la superficie de la pieza. \u00c9stos son s\u00f3lo algunos de los aspectos que hay que tener en cuenta, as\u00ed que elija bien.<\/p>\n\n\n\n<p>Siempre que sea posible, hable con clientes anteriores y obtenga referencias, y realice tambi\u00e9n una auditor\u00eda de las instalaciones para ver la calidad del trabajo que all\u00ed se realiza. Averig\u00fce tambi\u00e9n si el moldeador podr\u00e1 ayudarle tambi\u00e9n con el dise\u00f1o de piezas y moldes. <a href=\"https:\/\/myplasticmold.com\/plastic-mold-4\/\">Elegir un moldeador de porcelana a medida<\/a> es tan importante como contratar a un nuevo socio, ya que ser\u00e1 una parte esencial de su empresa.<\/p>\n\n\n\n<p>Al auditar a cada proveedor, dispondr\u00e1 de informaci\u00f3n suficiente para elegir al mejor moldeador a medida dentro de su presupuesto. La forma m\u00e1s sencilla de obtener informaci\u00f3n es que su equipo de auditores hable directamente con el proveedor. De este modo, comprender\u00e1 c\u00f3mo trabaja el moldeador a medida y c\u00f3mo compartir\u00e1 sus conocimientos para ayudarle en el proceso de fabricaci\u00f3n.<\/p>\n\n\n\n<figure class=\"wp-block-video\"><video controls src=\"https:\/\/res.cloudinary.com\/dflkco4ig\/video\/upload\/q_88\/v1506037148\/topworks_mold_small_ekbqlv.mp4\"><\/video><\/figure>\n\n\n\n<p>Aseg\u00farese de obtener presupuestos de varios moldeadores a medida y compare esa informaci\u00f3n para tomar una decisi\u00f3n informada. Los resultados de la auditor\u00eda deber\u00edan ser pr\u00e1cticamente id\u00e9nticos en cuanto al producto y el dise\u00f1o del molde, aunque es probable que surjan variaciones debidas a los conocimientos y la experiencia de los moldeadores.<\/p>\n\n\n\n<p>Una vez que haya adjudicado el contrato al moldeador elegido, tendr\u00e1 que llegar a varios acuerdos legales. Entre ellos se incluyen el precio del producto, el calendario de entrega, los procedimientos que se utilizar\u00e1n y c\u00f3mo se resolver\u00e1n los posibles desacuerdos. Disc\u00fatalos con su equipo y seleccione los elementos que ser\u00e1n necesarios para su contrato, as\u00ed como los requisitos particulares.<\/p>","protected":false},"excerpt":{"rendered":"<p>Before the production process begin, it is vital that you make the right choice when it comes to your injection molding product supplier. Instead of just opting for the cheapest choice, you should instead choose a molder who can offer invaluable experience.China plastic mold industry has seen a great development in recent years and&nbsp; many [&hellip;]<\/p>\n","protected":false},"author":3,"featured_media":0,"parent":0,"menu_order":0,"comment_status":"closed","ping_status":"closed","template":"","meta":{"footnotes":""},"class_list":["post-6684","page","type-page","status-publish","hentry"],"blocksy_meta":{"styles_descriptor":{"styles":{"desktop":"[data-prefix=\"single_page\"] .entry-header .page-title {--theme-font-size:30px;} [data-prefix=\"single_page\"] .entry-header .entry-meta {--theme-font-weight:600;--theme-text-transform:uppercase;--theme-font-size:12px;--theme-line-height:1.3;} [data-prefix=\"single_page\"] .hero-section[data-type=\"type-1\"] {--margin-bottom:40;}","tablet":"","mobile":""},"google_fonts":[],"version":6},"page_title_panel":"","has_hero_section":"enabled","7382c47839fcc42e1f4a8006970588da":"","hero_section":"type-1","hero_elements":[{"id":"custom_title","enabled":true,"heading_tag":"h1","title":"Inicio","__id":"iKIAjL4mz__efS6g6BfPK"},{"id":"custom_description","enabled":false,"description_visibility":{"desktop":true,"tablet":true,"mobile":false},"__id":"CoRiVvWZ_mhZYkX7uwGs-"},{"id":"custom_meta","enabled":false,"meta_elements":[{"id":"author","enabled":true,"label":"By","has_author_avatar":"yes","avatar_size":25},{"id":"post_date","enabled":true,"label":"On","date_format_source":"default","date_format":"M j, Y"},{"id":"updated_date","enabled":false,"label":"On","date_format_source":"default","date_format":"M j, Y"},{"id":"categories","enabled":false,"label":"In","style":"simple"},{"id":"comments","enabled":true}],"page_meta_elements":{"joined":true,"articles_count":true,"comments":true},"__id":"vGgrXdY7tq31PXWBsJUFa"},{"id":"breadcrumbs","enabled":false,"__id":"vtEZ80fbexSL4-C9-wxyV"}],"53347352185d5b7d7dcb2c1ba8dd4ecb":"","hero_alignment1":"CT_CSS_SKIP_RULE","hero_margin":40,"hero_alignment2":"center","hero_vertical_alignment":"center","ee9e24a34a5ba676e54a512d3e8058d5":"","hero_structure":"narrow","912ab2025d527ba2bb7febe37ad971e9":"","page_title_bg_type":"featured_image","custom_hero_background":{"attachment_id":null},"page_title_image_size":"full","parallax":{"desktop":false,"tablet":false,"mobile":false},"027e3e40bad5c080a28102ae3b5eb4c8":"","hero_height":"250px","pageTitleFont":{"family":"Default","variation":"Default","size":"30px","line-height":"CT_CSS_SKIP_RULE","letter-spacing":"CT_CSS_SKIP_RULE","text-transform":"CT_CSS_SKIP_RULE","text-decoration":"CT_CSS_SKIP_RULE"},"pageTitleFontColor":{"default":{"color":"CT_CSS_SKIP_RULEDEFAULT"}},"pageMetaFont":{"family":"Default","variation":"n6","size":"12px","line-height":"1.3","letter-spacing":"CT_CSS_SKIP_RULE","text-transform":"uppercase","text-decoration":"CT_CSS_SKIP_RULE"},"pageMetaFontColor":{"default":{"color":"CT_CSS_SKIP_RULEDEFAULT"},"hover":{"color":"CT_CSS_SKIP_RULEDEFAULT"}},"page_meta_button_type_font_colors":{"default":{"color":"CT_CSS_SKIP_RULEDEFAULT"},"hover":{"color":"CT_CSS_SKIP_RULEDEFAULT"}},"page_meta_button_type_background_colors":{"default":{"color":"CT_CSS_SKIP_RULEDEFAULT"},"hover":{"color":"CT_CSS_SKIP_RULEDEFAULT"}},"pageExcerptFont":{"family":"Default","variation":"Default","size":"CT_CSS_SKIP_RULE","line-height":"CT_CSS_SKIP_RULE","letter-spacing":"CT_CSS_SKIP_RULE","text-transform":"CT_CSS_SKIP_RULE","text-decoration":"CT_CSS_SKIP_RULE"},"pageExcerptColor":{"default":{"color":"CT_CSS_SKIP_RULEDEFAULT"}},"breadcrumbsFont":{"family":"Default","variation":"Default","size":"CT_CSS_SKIP_RULE","line-height":"CT_CSS_SKIP_RULE","letter-spacing":"CT_CSS_SKIP_RULE","text-transform":"CT_CSS_SKIP_RULE","text-decoration":"CT_CSS_SKIP_RULE"},"breadcrumbsFontColor":{"default":{"color":"CT_CSS_SKIP_RULEDEFAULT"},"initial":{"color":"CT_CSS_SKIP_RULEDEFAULT"},"hover":{"color":"CT_CSS_SKIP_RULEDEFAULT"}},"pageTitleOverlay":{"background_type":"color","background_pattern":"type-1","background_image":{"attachment_id":null,"x":0,"y":0},"gradient":"linear-gradient(135deg,rgba(6,147,227,1) 0%,rgb(155,81,224) 100%)","background_repeat":"repeat","background_size":"auto","background_attachment":"scroll","patternColor":{"default":{"color":"#e5e7ea"}},"overlayColor":{"default":{"color":"CT_CSS_SKIP_RULE"}},"backgroundColor":{"default":{"color":"CT_CSS_SKIP_RULE"}}},"pageTitleBackground":{"background_type":"color","background_pattern":"type-1","background_image":{"attachment_id":null,"x":0,"y":0},"gradient":"linear-gradient(135deg,rgba(6,147,227,1) 0%,rgb(155,81,224) 100%)","background_repeat":"repeat","background_size":"auto","background_attachment":"scroll","patternColor":{"default":{"color":"#e5e7ea"}},"overlayColor":{"default":{"color":"CT_CSS_SKIP_RULE"}},"backgroundColor":{"default":{"color":"var(--theme-palette-color-6)"}}},"pageTitlePadding":{"top":"50px","bottom":"50px","left":"auto","right":"auto","linked":true},"1a4447ea37b7ad2455e3f697acb4339c":"","page_structure_type":"default","d690824273613b1b554e660bd8393aee":"","content_style_source":"inherit","content_style":"wide","vertical_spacing_source":"inherit","content_area_spacing":"both","background":{"background_type":"color","background_pattern":"type-1","background_image":{"attachment_id":null,"x":0,"y":0},"gradient":"linear-gradient(135deg,rgba(6,147,227,1) 0%,rgb(155,81,224) 100%)","background_repeat":"repeat","background_size":"auto","background_attachment":"scroll","patternColor":{"default":{"color":"#e5e7ea"}},"overlayColor":{"default":{"color":"CT_CSS_SKIP_RULE"}},"backgroundColor":{"default":{"color":"CT_CSS_SKIP_RULE"}}},"content_background":{"background_type":"color","background_pattern":"type-1","background_image":{"attachment_id":null,"x":0,"y":0},"gradient":"linear-gradient(135deg,rgba(6,147,227,1) 0%,rgb(155,81,224) 100%)","background_repeat":"repeat","background_size":"auto","background_attachment":"scroll","patternColor":{"default":{"color":"#e5e7ea"}},"overlayColor":{"default":{"color":"CT_CSS_SKIP_RULE"}},"backgroundColor":{"default":{"color":"var(--theme-palette-color-8)"}}},"content_boxed_shadow":{"inherit":false,"blur":18,"spread":-6,"v_offset":12,"h_offset":0,"inset":false,"enable":true,"color":{"color":"rgba(34, 56, 101, 0.04)"}},"boxed_content_spacing":{"desktop":{"top":"40px","bottom":"40px","left":"40px","right":"40px","linked":true},"tablet":{"top":"35px","bottom":"35px","left":"35px","right":"35px","linked":true},"mobile":{"top":"20px","bottom":"20px","left":"20px","right":"20px","linked":true}},"content_boxed_radius":{"top":"3px","bottom":"3px","left":"3px","right":"3px","linked":true},"325e59e04ba768b8f15d14f028009e62":"","disable_featured_image":"no","disable_share_box":"no","disable_header":"no","disable_footer":"no","26bd3d08c608fe1fffc1baf5ee3b5d94":"","4da3053edc57e6f193c4067fa9b5a7d4":"","2cdc7cf0d37a314edcddb1f462bb9d56":"","72a7501f2e0eed1f2a371940d2b521fc":"","ba2f4f3d45cad6d0bbef180e79ce964a":"","bc99ea4b0bfb0fa2131f7d1493b41d6f":"","d775ac2803f8222d90d5bd2ed6dc6532":"","1151e894ca60a165ed6faf39ca91dda8":""},"_links":{"self":[{"href":"https:\/\/myplasticmold.com\/es\/wp-json\/wp\/v2\/pages\/6684","targetHints":{"allow":["GET"]}}],"collection":[{"href":"https:\/\/myplasticmold.com\/es\/wp-json\/wp\/v2\/pages"}],"about":[{"href":"https:\/\/myplasticmold.com\/es\/wp-json\/wp\/v2\/types\/page"}],"author":[{"embeddable":true,"href":"https:\/\/myplasticmold.com\/es\/wp-json\/wp\/v2\/users\/3"}],"replies":[{"embeddable":true,"href":"https:\/\/myplasticmold.com\/es\/wp-json\/wp\/v2\/comments?post=6684"}],"version-history":[{"count":0,"href":"https:\/\/myplasticmold.com\/es\/wp-json\/wp\/v2\/pages\/6684\/revisions"}],"wp:attachment":[{"href":"https:\/\/myplasticmold.com\/es\/wp-json\/wp\/v2\/media?parent=6684"}],"curies":[{"name":"wp","href":"https:\/\/api.w.org\/{rel}","templated":true}]}}