{"id":6294,"date":"2017-05-24T23:38:36","date_gmt":"2017-05-24T15:38:36","guid":{"rendered":"https:\/\/myplasticmold.com\/?page_id=6294"},"modified":"2023-07-20T15:02:14","modified_gmt":"2023-07-20T07:02:14","slug":"molde-para-envases-de-plastico","status":"publish","type":"page","link":"https:\/\/myplasticmold.com\/es\/molde-para-envases-de-plastico","title":{"rendered":"moldes de contenedores de pl\u00e1stico ,moldes de cestas de lavander\u00eda de pl\u00e1stico fabricante en China,mejor precio"},"content":{"rendered":"<h2 class=\"wp-block-heading\">moldes de contenedores de pl\u00e1stico ,moldes de cestas de lavander\u00eda de pl\u00e1stico fabricante en China,mejor precio<\/h2>\n\n\n\n<p>Descubra los moldes de pl\u00e1stico de alta calidad para contenedores y cestas de lavander\u00eda de nuestras instalaciones de fabricaci\u00f3n en China. Como productor l\u00edder de moldes de inyecci\u00f3n , ofrecemos una amplia selecci\u00f3n de moldes de pl\u00e1stico duraderos y asequibles para satisfacer sus necesidades de producci\u00f3n.<\/p>\n\n\n\n<p>Nuestros moldes para contenedores de pl\u00e1stico son ideales para fabricar cubos de almacenamiento, cubos, bidones y mucho m\u00e1s. Utilizamos t\u00e9cnicas avanzadas de fabricaci\u00f3n de moldes y componentes de acero y moldes de primera calidad para crear moldes que produzcan recipientes con acabados suaves, detalles n\u00edtidos y peso ligero. Conf\u00ede en nuestros moldes para producir eficazmente grandes vol\u00famenes de recipientes uniformes una y otra vez.<\/p>\n\n\n\n<p>Nuestros innovadores dise\u00f1os de moldes para cestas de lavander\u00eda permiten fabricar cestas de distintas formas y tama\u00f1os. Nuestros moldes para cestas de lavander\u00eda est\u00e1n dise\u00f1ados para ofrecer fiabilidad y consistencia, proporcionando moldes de cestas con una excelente resistencia y estabilidad. Personalice las caracter\u00edsticas de los cestos, como orificios de ventilaci\u00f3n, asas, opciones de tapa y mucho m\u00e1s.<\/p>\n\n\n\n<p>Con a\u00f1os de experiencia en la fabricaci\u00f3n de moldes de pl\u00e1stico, ofrecemos una relaci\u00f3n calidad-precio excepcional. Nuestra combinaci\u00f3n de mano de obra cualificada, equipos de alta gama y precios asequibles no tiene parang\u00f3n en el sector. P\u00f3ngase en contacto con nosotros hoy mismo para empezar a dise\u00f1ar moldes personalizados que maximicen su productividad y rentabilidad.<\/p>\n\n\n<p><\/p>\n<h2>consejos para hacer moldes de contenedores de pl\u00e1stico y cestos de la ropa<\/h2>\n<p>Posicionamiento y dise\u00f1o de las compuertas<\/p>\n<p>La ubicaci\u00f3n de la compuerta es importante con respecto a la forma en que el pol\u00edmero fluye hacia la <a href=\"https:\/\/myplasticmold.com\/es\/molde-para-envases-de-plastico\">molde para envases de pl\u00e1stico<\/a> impresi\u00f3n. A la hora de elegir la ubicaci\u00f3n de un portal, hay que tener en cuenta otros factores:<\/p>\n<ul>\n<li><strong>consideraciones est\u00e9ticas del <\/strong>moldeado<strong>;<\/strong><\/li>\n<li>degeneraci\u00f3n<strong> requisitos de la <\/strong>moldeado<strong>;<\/strong><\/li>\n<li><strong>complejidad de dise\u00f1o del <\/strong>moldeado<strong>;<\/strong><\/li>\n<li><strong>requisito de temperatura del molde;<\/strong><\/li>\n<li><strong>naturaleza del pol\u00edmero a procesar;<\/strong><\/li>\n<li><strong>volumen del pol\u00edmero a alimentar <\/strong>aunque<strong> la compuerta y la velocidad de avance;<\/strong><\/li>\n<li><strong>significado y posiciones de las l\u00edneas de soldadura producidas;<\/strong><\/li>\n<li><strong>posibles ubicaciones y efectos de los atrapamientos de gas creados como resultado del perfil de llenado.<\/strong><\/li>\n<\/ul>\n<p>Tras considerar todos los puntos anteriores, debe quedar claro que la posici\u00f3n de la compuerta debe determinarse relativamente pronto y antes de que comience el dise\u00f1o. Si el componente se va a alimentar de forma convencional, es decir, sin canal caliente, las opciones de ubicaci\u00f3n de la compuerta se restringen a\u00fan m\u00e1s debido a las limitaciones del dise\u00f1o del molde de dos placas.<\/p>\n<div style=\"width: 640px;\" class=\"wp-video\"><video class=\"wp-video-shortcode\" id=\"video-6294-1\" width=\"640\" height=\"360\" preload=\"metadata\" controls=\"controls\"><source type=\"video\/mp4\" src=\"http:\/\/res.cloudinary.com\/steven-cheng\/video\/upload\/v1468030252\/video.mp4?_=1\" \/><a href=\"http:\/\/res.cloudinary.com\/steven-cheng\/video\/upload\/v1468030252\/video.mp4\" target=\"_blank\" rel=\"noopener\">http:\/\/res.cloudinary.com\/steven-cheng\/video\/upload\/v1468030252\/video.mp4<\/a><\/video><\/div>\n<p>Existen restricciones debido a la necesidad de tener que cerrar en un solo plano sobre la l\u00ednea de divisi\u00f3n del molde. Cuando se enfrenta a requisitos de inyecci\u00f3n fuera del alcance del dise\u00f1o de dos placas, el dise\u00f1ador del molde tiene la opci\u00f3n de seleccionar los formatos de dise\u00f1o de molde de tres placas o sin canales para lograr la posici\u00f3n de inyecci\u00f3n deseada.<\/p>\n<h2>Nuestra serie de moldes para cestas incluye:<\/h2>\n<ul>\n<li><strong>molde de cesta de pl\u00e1stico para frutas y verduras<\/strong><\/li>\n<li><strong>molde de cesta de la compra de pl\u00e1stico, <\/strong><\/li>\n<li><strong>molde de cesto de la ropa de pl\u00e1stico, <\/strong><\/li>\n<li><strong>molde de cesta de desag\u00fce de pl\u00e1stico, <\/strong><\/li>\n<li><strong>molde para cestas de fruta plegables de pl\u00e1stico, <\/strong><\/li>\n<li><strong>Molde manual para cestas de pl\u00e1stico, etc.<\/strong><\/li>\n<\/ul>\n<p><img loading=\"lazy\" decoding=\"async\" class=\"aligncenter wp-image-6435 size-full\" src=\"https:\/\/myplasticmold.com\/wp-content\/uploads\/2020\/04\/basket-mould_logc2e.jpg\" alt=\"molde de cesta de pl\u00e1stico\" width=\"665\" height=\"925\" srcset=\"https:\/\/myplasticmold.com\/wp-content\/uploads\/2020\/04\/basket-mould_logc2e.jpg 665w, https:\/\/myplasticmold.com\/wp-content\/uploads\/2020\/04\/basket-mould_logc2e-216x300.jpg 216w\" sizes=\"auto, (max-width: 665px) 100vw, 665px\" \/><\/p>\n<h2>Moldes para cestas de pl\u00e1stico de dos placas<\/h2>\n<p>Si el molde de cesta de pl\u00e1stico se separa en dos piezas principales o mitades, a ambos lados de la l\u00ednea de divisi\u00f3n del molde, entonces el molde se denomina molde de inyecci\u00f3n de dos placas. El molde de 2 cavidades producir\u00e1 dos cestas de pl\u00e1stico (durante cada disparo o ciclo,es un molde de dos impresiones. Cada cavidad se llena por medio de un sistema de alimentaci\u00f3n y este sistema de alimentaci\u00f3n.<br>El bebedero suele ser un canal circular c\u00f3nico por el que fluye el material tras salir de la boquilla de la m\u00e1quina de moldeo por inyecci\u00f3n. En el caso de los moldes de impresi\u00f3n m\u00faltiple, las cavidades se unen al bebedero mediante canales. Estas gu\u00edas son canales que se cortan en una o ambas mitades del molde y su funci\u00f3n es llenar cada cavidad del molde de la forma m\u00e1s eficaz posible.<\/p>\n<p>Entre el canal y la cavidad suele haber una restricci\u00f3n estrecha en el sistema de canal y esta restricci\u00f3n (por donde el material entra en la cavidad) se denomina el<a href=\"https:\/\/myplasticmold.com\/principle-of-gate-design.html\/\"> puerta<\/a>. (Como el tama\u00f1o de la compuerta es mucho m\u00e1s peque\u00f1o que el corredor, el moldeo de cesta de pl\u00e1stico puede separarse f\u00e1cilmente del sistema de alimentaci\u00f3n en este punto cuando se desee).<br>Durante el moldeo, el material pl\u00e1stico es empujado a trav\u00e9s del bebedero, hacia el sistema de canales y de ah\u00ed a la cavidad (o cavidades). La cesta de pl\u00e1stico se forma entre el n\u00facleo opuesto y la cavidad, y el acabado superficial del componente viene dictado por el acabado superficial de estas dos partes del molde.<br>La mitad del molde que se desplaza con la mordaza se denomina mitad m\u00f3vil y, por lo general, se adoptan medidas para garantizar que el molde quede retenido en esta mitad del molde. Esto se debe a que el sistema de expulsi\u00f3n de la pieza moldeada est\u00e1 asociado a la mitad m\u00f3vil del molde por razones de coste, comodidad, etc. La pieza moldeada de pl\u00e1stico se hace permanecer en la mitad m\u00f3vil del molde utilizando lo que se conoce como \"extractor de bebederos\". Dado que este <a href=\"https:\/\/myplasticmold.com\/plastic-mould-terminology.html\/\">bebedero<\/a> tiene una forma reentrante que desaloja, o tira, del bebedero del casquillo del bebedero cuando se abre el molde. Al final de la carrera de apertura del molde de la cesta de pl\u00e1stico, o durante la misma, se activa el sistema eyector, que expulsa del molde las piezas moldeadas y el sistema de canales asociado. La depresi\u00f3n inmediatamente opuesta al bebedero, que contiene el pasador de extracci\u00f3n del bebedero, tambi\u00e9n es <a href=\"https:\/\/myplasticmold.com\/cold-slug-well.html\/\">conocido como el \"pozo de la babosa fr\u00eda\"<\/a>\uff0cy su funci\u00f3n es aceptar la primera parte del disparo, aquella parte del disparo que estaba situada en la punta de la boquilla y que, por tanto, pod\u00eda estar fr\u00eda.<br>Para garantizar que la producci\u00f3n de cestas de pl\u00e1stico sea constante y uniforme, la temperatura del molde de la cesta de pl\u00e1stico se controla, por ejemplo, haciendo circular agua a trav\u00e9s de canales de refrigeraci\u00f3n (en el caso de los termopl\u00e1sticos) o mediante elementos de resistencia el\u00e9ctrica (en el caso de los termoestables).<\/p>\n<h2><strong>molde para cesto de la ropa de pl\u00e1stico<\/strong><\/h2>\n<p><img loading=\"lazy\" decoding=\"async\" class=\"aligncenter wp-image-6430 size-full\" src=\"https:\/\/myplasticmold.com\/wp-content\/uploads\/2020\/04\/20170629112112_eikp7a.jpg\" alt=\" molde del cesto de la ropa\" width=\"957\" height=\"599\" srcset=\"https:\/\/myplasticmold.com\/wp-content\/uploads\/2020\/04\/20170629112112_eikp7a.jpg 957w, https:\/\/myplasticmold.com\/wp-content\/uploads\/2020\/04\/20170629112112_eikp7a-300x188.jpg 300w, https:\/\/myplasticmold.com\/wp-content\/uploads\/2020\/04\/20170629112112_eikp7a-768x481.jpg 768w\" sizes=\"auto, (max-width: 957px) 100vw, 957px\" \/> <img loading=\"lazy\" decoding=\"async\" class=\"aligncenter wp-image-6431 size-full\" src=\"https:\/\/myplasticmold.com\/wp-content\/uploads\/2020\/04\/20170629112308_qdhjtx.jpg\" alt=\"molde para cesto de la ropa de pl\u00e1stico de China\" width=\"948\" height=\"464\" srcset=\"https:\/\/myplasticmold.com\/wp-content\/uploads\/2020\/04\/20170629112308_qdhjtx.jpg 948w, https:\/\/myplasticmold.com\/wp-content\/uploads\/2020\/04\/20170629112308_qdhjtx-300x147.jpg 300w, https:\/\/myplasticmold.com\/wp-content\/uploads\/2020\/04\/20170629112308_qdhjtx-768x376.jpg 768w\" sizes=\"auto, (max-width: 948px) 100vw, 948px\" \/><\/p>","protected":false},"excerpt":{"rendered":"<p>plastic container mould ,plastic laundry basket mould manufacturer in China,best price Discover high-quality plastic moulds for containers and laundry baskets from our manufacturing facility in China. As a leading producer of injection molds , we offer an extensive selection of durable and affordable plastic moulds to meet your production needs. Our plastic container moulds are [&hellip;]<\/p>\n","protected":false},"author":3,"featured_media":0,"parent":0,"menu_order":0,"comment_status":"closed","ping_status":"closed","template":"","meta":{"footnotes":""},"class_list":["post-6294","page","type-page","status-publish","hentry"],"blocksy_meta":{"styles_descriptor":{"styles":{"desktop":"","tablet":"","mobile":""},"google_fonts":[],"version":6}},"_links":{"self":[{"href":"https:\/\/myplasticmold.com\/es\/wp-json\/wp\/v2\/pages\/6294","targetHints":{"allow":["GET"]}}],"collection":[{"href":"https:\/\/myplasticmold.com\/es\/wp-json\/wp\/v2\/pages"}],"about":[{"href":"https:\/\/myplasticmold.com\/es\/wp-json\/wp\/v2\/types\/page"}],"author":[{"embeddable":true,"href":"https:\/\/myplasticmold.com\/es\/wp-json\/wp\/v2\/users\/3"}],"replies":[{"embeddable":true,"href":"https:\/\/myplasticmold.com\/es\/wp-json\/wp\/v2\/comments?post=6294"}],"version-history":[{"count":0,"href":"https:\/\/myplasticmold.com\/es\/wp-json\/wp\/v2\/pages\/6294\/revisions"}],"wp:attachment":[{"href":"https:\/\/myplasticmold.com\/es\/wp-json\/wp\/v2\/media?parent=6294"}],"curies":[{"name":"wp","href":"https:\/\/api.w.org\/{rel}","templated":true}]}}