{"id":5256,"date":"2016-04-21T12:40:04","date_gmt":"2016-04-21T04:40:04","guid":{"rendered":"https:\/\/myplasticmold.com\/?page_id=5256"},"modified":"2024-11-09T11:04:06","modified_gmt":"2024-11-09T03:04:06","slug":"molde-de-paneles-de-instrumentos","status":"publish","type":"page","link":"https:\/\/myplasticmold.com\/es\/molde-de-paneles-de-instrumentos","title":{"rendered":"Moldes de inyecci\u00f3n de alta calidad para tableros de instrumentos de autom\u00f3viles: Excelencia en ingenier\u00eda para interiores de veh\u00edculos"},"content":{"rendered":"<p>Nos dedicamos a <a href=\"https:\/\/myplasticmold.com\/es\/molde-de-paneles-de-instrumentos\" target=\"_blank\" rel=\"noopener noreferrer\">fabricaci\u00f3n de moldes para tableros de instrumentos de autom\u00f3viles<\/a> con entrega a corto plazo y norma mundial para acero de moldes, dise\u00f1o e instrucci\u00f3n.<\/p>\n\n\n\n<figure class=\"wp-block-image aligncenter is-resized\"><img loading=\"lazy\" decoding=\"async\" width=\"728\" height=\"476\" src=\"https:\/\/myplasticmold.com\/wp-content\/uploads\/2020\/04\/20160523111325_mbwq8l-1.jpg\" alt=\"molde de paneles de instrumentos\" class=\"wp-image-5447\" style=\"width:866px;height:auto\" srcset=\"https:\/\/myplasticmold.com\/wp-content\/uploads\/2020\/04\/20160523111325_mbwq8l-1.jpg 728w, https:\/\/myplasticmold.com\/wp-content\/uploads\/2020\/04\/20160523111325_mbwq8l-1-300x196.jpg 300w\" sizes=\"auto, (max-width: 728px) 100vw, 728px\" \/><\/figure>\n\n\n\n<h2 class=\"wp-block-heading\"><\/h2>\n\n\n\n<figure class=\"wp-block-image aligncenter\"><a href=\"http:\/\/_wp_link_placeholder\"><img loading=\"lazy\" decoding=\"async\" width=\"500\" height=\"333\" src=\"https:\/\/myplasticmold.com\/wp-content\/uploads\/2020\/04\/wKhQtFNy_HCEFSJiAAAAABm6WLA209_ax9otu.jpg\" alt=\"fabricaci\u00f3n de moldes para tableros de instrumentos de autom\u00f3viles\" class=\"wp-image-5451\" srcset=\"https:\/\/myplasticmold.com\/wp-content\/uploads\/2020\/04\/wKhQtFNy_HCEFSJiAAAAABm6WLA209_ax9otu.jpg 500w, https:\/\/myplasticmold.com\/wp-content\/uploads\/2020\/04\/wKhQtFNy_HCEFSJiAAAAABm6WLA209_ax9otu-300x200.jpg 300w\" sizes=\"auto, (max-width: 500px) 100vw, 500px\" \/><\/a><\/figure>\n\n\n\n<figure class=\"wp-block-image alignleft is-resized\"><img loading=\"lazy\" decoding=\"async\" width=\"474\" height=\"150\" src=\"https:\/\/myplasticmold.com\/wp-content\/uploads\/2020\/04\/E6ADA3E589AFE4BBAAE8A1A8E58FB0E6A8A1E585B7_qztag5.jpg\" alt=\"fabricaci\u00f3n de moldes para tableros de instrumentos de autom\u00f3viles\" class=\"wp-image-5281\" style=\"width:453px;height:auto\" srcset=\"https:\/\/myplasticmold.com\/wp-content\/uploads\/2020\/04\/E6ADA3E589AFE4BBAAE8A1A8E58FB0E6A8A1E585B7_qztag5.jpg 474w, https:\/\/myplasticmold.com\/wp-content\/uploads\/2020\/04\/E6ADA3E589AFE4BBAAE8A1A8E58FB0E6A8A1E585B7_qztag5-300x95.jpg 300w\" sizes=\"auto, (max-width: 474px) 100vw, 474px\" \/><\/figure>\n\n\n\n<p><\/p>\n\n\n\n<h1 class=\"wp-block-heading\"><\/h1>\n\n\n\n<p><\/p>\n\n\n\n<div class=\"wp-block-stackable-columns stk-block-columns stk-block stk-134a748\" data-block-id=\"134a748\"><div class=\"stk-row stk-inner-blocks stk-block-content stk-content-align stk-134a748-column\">\n<div class=\"wp-block-stackable-column stk-block-column stk-column stk-block stk-31cb2d3\" data-v=\"4\" data-block-id=\"31cb2d3\"><div class=\"stk-column-wrapper stk-block-column__content stk-container stk-31cb2d3-container stk--no-background stk--no-padding\"><div class=\"stk-block-content stk-inner-blocks stk-31cb2d3-inner-blocks\"><\/div><\/div><\/div>\n\n\n\n<div class=\"wp-block-stackable-column stk-block-column stk-column stk-block stk-33a804e\" data-v=\"4\" data-block-id=\"33a804e\"><div class=\"stk-column-wrapper stk-block-column__content stk-container stk-33a804e-container stk--no-background stk--no-padding\"><div class=\"stk-block-content stk-inner-blocks stk-33a804e-inner-blocks\"><\/div><\/div><\/div>\n<\/div><\/div>\n\n\n\n<div class=\"wp-block-group is-layout-constrained wp-block-group-is-layout-constrained\">\n<h2 class=\"wp-block-heading\">Materiales avanzados y ventajas fundamentales<\/h2>\n\n\n\n<p>Nuestros moldes de tableros de instrumentos utilizan materiales de primera calidad:<\/p>\n\n\n\n<ul class=\"wp-block-list\">\n<li>Acero preendurecido P20 o 718H (30-32 HRC) para la cavidad principal y el n\u00facleo<\/li>\n\n\n\n<li>Acero para herramientas H13 para zonas de alto desgaste y componentes deslizantes<\/li>\n\n\n\n<li>Acero NAK80 para superficies visibles que requieren un acabado superior<\/li>\n\n\n\n<li>Canales de refrigeraci\u00f3n de acero inoxidable<\/li>\n\n\n\n<li>Aleaciones de cobre berilio para mejorar las zonas de transferencia de calor<\/li>\n<\/ul>\n\n\n\n<p><strong>Ventajas de rendimiento:<\/strong><\/p>\n\n\n\n<ul class=\"wp-block-list\">\n<li><strong>Durabilidad ampliada:<\/strong> M\u00e1s de 100.000 ciclos con un mantenimiento adecuado<\/li>\n\n\n\n<li><strong>Fabricaci\u00f3n de alta precisi\u00f3n:<\/strong> Mantiene tolerancias de \u00b10,05 mm<\/li>\n\n\n\n<li><strong>Rendimiento t\u00e9rmico:<\/strong> Funciona eficazmente hasta 180\u00b0C (356\u00b0F)<\/li>\n\n\n\n<li><strong>Resistencia superior al desgaste:<\/strong> Tratamientos superficiales y revestimientos especializados<\/li>\n<\/ul>\n\n\n\n<figure class=\"wp-block-gallery has-nested-images columns-default is-cropped wp-block-gallery-1 is-layout-flex wp-block-gallery-is-layout-flex\">\n<figure class=\"wp-block-image size-large\"><a href=\"https:\/\/myplasticmold.com\/wp-content\/uploads\/2022\/05\/unnamed-file.jpg\"><img loading=\"lazy\" decoding=\"async\" width=\"510\" height=\"220\" data-id=\"8698\" src=\"https:\/\/myplasticmold.com\/wp-content\/uploads\/2022\/05\/unnamed-file.jpg\" alt=\"\" class=\"wp-image-8698\" srcset=\"https:\/\/myplasticmold.com\/wp-content\/uploads\/2022\/05\/unnamed-file.jpg 510w, https:\/\/myplasticmold.com\/wp-content\/uploads\/2022\/05\/unnamed-file-300x129.jpg 300w\" sizes=\"auto, (max-width: 510px) 100vw, 510px\" \/><\/a><\/figure>\n\n\n\n<figure class=\"wp-block-image size-large is-resized\"><a href=\"https:\/\/myplasticmold.com\/wp-content\/uploads\/2022\/05\/2011112151012.jpg\"><img loading=\"lazy\" decoding=\"async\" width=\"563\" height=\"212\" data-id=\"8697\" src=\"https:\/\/myplasticmold.com\/wp-content\/uploads\/2022\/05\/2011112151012.jpg\" alt=\"\" class=\"wp-image-8697\" style=\"width:576px;height:auto\" srcset=\"https:\/\/myplasticmold.com\/wp-content\/uploads\/2022\/05\/2011112151012.jpg 563w, https:\/\/myplasticmold.com\/wp-content\/uploads\/2022\/05\/2011112151012-300x113.jpg 300w\" sizes=\"auto, (max-width: 563px) 100vw, 563px\" \/><\/a><\/figure>\n<\/figure>\n<\/div>\n\n\n\n<figure class=\"wp-block-image size-large\"><a href=\"https:\/\/myplasticmold.com\/wp-content\/uploads\/2022\/05\/20090812093508504459.jpg\"><img loading=\"lazy\" decoding=\"async\" width=\"607\" height=\"229\" src=\"https:\/\/myplasticmold.com\/wp-content\/uploads\/2022\/05\/20090812093508504459.jpg\" alt=\"\" class=\"wp-image-8696\" srcset=\"https:\/\/myplasticmold.com\/wp-content\/uploads\/2022\/05\/20090812093508504459.jpg 607w, https:\/\/myplasticmold.com\/wp-content\/uploads\/2022\/05\/20090812093508504459-300x113.jpg 300w\" sizes=\"auto, (max-width: 607px) 100vw, 607px\" \/><\/a><\/figure>\n\n\n\n<h2 class=\"wp-block-heading\">Aplicaciones y capacidades especializadas<\/h2>\n\n\n\n<p>Dise\u00f1ado para componentes integrales del cuadro de instrumentos:<\/p>\n\n\n\n<ul class=\"wp-block-list\">\n<li><strong>Salpicaderos completos<\/strong><\/li>\n\n\n\n<li><strong>Sistemas de ventilaci\u00f3n integrados<\/strong><\/li>\n\n\n\n<li><strong>Expositores<\/strong><\/li>\n\n\n\n<li><strong>Marcos del panel de control<\/strong><\/li>\n\n\n\n<li><strong>Componentes del compartimento de almacenamiento<\/strong><\/li>\n<\/ul>\n\n\n\n<p><strong>Caracter\u00edsticas principales:<\/strong><\/p>\n\n\n\n<ul class=\"wp-block-list\">\n<li>Capacidad de moldeo de una sola pieza a gran escala<\/li>\n\n\n\n<li>Compatibilidad multimaterial<\/li>\n\n\n\n<li>Listo para decoraci\u00f3n en molde<\/li>\n\n\n\n<li>Opciones de superficies suaves al tacto<\/li>\n\n\n\n<li>Integraci\u00f3n con componentes electr\u00f3nicos<\/li>\n<\/ul>\n\n\n\n<h2 class=\"wp-block-heading\">Soluciones de ingenier\u00eda innovadoras<\/h2>\n\n\n\n<p>Entre las caracter\u00edsticas t\u00e9cnicas avanzadas se incluyen:<\/p>\n\n\n\n<ul class=\"wp-block-list\">\n<li>Sistema de inyecci\u00f3n en cascada para un llenado equilibrado<\/li>\n\n\n\n<li>Canales de refrigeraci\u00f3n conformados que reducen el tiempo de ciclo en 35%<\/li>\n\n\n\n<li>Tecnolog\u00eda de inyecci\u00f3n asistida por gas<\/li>\n\n\n\n<li>Sistema de canal caliente con compuerta de v\u00e1lvula secuencial<\/li>\n\n\n\n<li>Optimizaci\u00f3n del grosor variable de las paredes<\/li>\n\n\n\n<li>Tecnolog\u00eda Core-back para reducir el peso<\/li>\n<\/ul>\n\n\n\n<p><strong>Ventajas t\u00e9cnicas:<\/strong><\/p>\n\n\n\n<ul class=\"wp-block-list\">\n<li>Alabeo m\u00ednimo en grandes superficies<\/li>\n\n\n\n<li>Excelente estabilidad dimensional<\/li>\n\n\n\n<li>Calidad superior de acabado superficial<\/li>\n\n\n\n<li>Reducci\u00f3n de la tensi\u00f3n interna<\/li>\n\n\n\n<li>Distribuci\u00f3n optimizada del peso<\/li>\n<\/ul>\n\n\n\n<h2 class=\"wp-block-heading\">Garant\u00eda de calidad y normas de precisi\u00f3n<\/h2>\n\n\n\n<p>Certificaciones y controles de calidad:<\/p>\n\n\n\n<ul class=\"wp-block-list\">\n<li>Certificaci\u00f3n IATF 16949:2016<\/li>\n\n\n\n<li>Conformidad con la norma ISO 9001:2015<\/li>\n\n\n\n<li>Aprobada la auditor\u00eda del proceso VDA 6.3<\/li>\n\n\n\n<li>Protocolo completo de verificaci\u00f3n de la MMC<\/li>\n<\/ul>\n\n\n\n<p><strong>M\u00e9tricas de calidad:<\/strong><\/p>\n\n\n\n<ul class=\"wp-block-list\">\n<li>Tolerancia de la superficie: \u00b10,05 mm<\/li>\n\n\n\n<li>Control de alabeo: &lt;0,5 mm\/metro<\/li>\n\n\n\n<li>Acabado superficial: VDI 3400 ref. 27<\/li>\n\n\n\n<li>Tolerancia de destello: &lt;0,03 mm<\/li>\n\n\n\n<li>Consistencia del peso de la pieza: \u00b10,5%<\/li>\n\n\n\n<li>Tasa de rechazo: &lt;0,5%<\/li>\n<\/ul>\n\n\n\n<h2 class=\"wp-block-heading\">Excelencia en personalizaci\u00f3n y dise\u00f1o<\/h2>\n\n\n\n<p>Servicios integrales de dise\u00f1o:<\/p>\n\n\n\n<ul class=\"wp-block-list\">\n<li>An\u00e1lisis CAE\/FEA completo<\/li>\n\n\n\n<li>Optimizaci\u00f3n del flujo de moldes<\/li>\n\n\n\n<li>Prototipos virtuales<\/li>\n\n\n\n<li>Revisi\u00f3n del dise\u00f1o para la fabricaci\u00f3n (DFM)<\/li>\n\n\n\n<li>Asesoramiento para la selecci\u00f3n de materiales<\/li>\n\n\n\n<li>Opciones de textura y acabado<\/li>\n<\/ul>\n\n\n\n<p><strong>Calendario de desarrollo:<\/strong><\/p>\n\n\n\n<ul class=\"wp-block-list\">\n<li>Del concepto al dise\u00f1o: 15 d\u00edas<\/li>\n\n\n\n<li>Creaci\u00f3n de prototipos: 25-30 d\u00edas<\/li>\n\n\n\n<li>Herramienta de producci\u00f3n: 60-90 d\u00edas<\/li>\n<\/ul>\n\n\n\n<h2 class=\"wp-block-heading\">Protocolo de durabilidad y mantenimiento<\/h2>\n\n\n\n<p><strong>Vida \u00fatil y apoyo:<\/strong><\/p>\n\n\n\n<ul class=\"wp-block-list\">\n<li>Asistencia t\u00e9cnica 24 horas al d\u00eda, 7 d\u00edas a la semana<\/li>\n\n\n\n<li>Documentaci\u00f3n exhaustiva<\/li>\n\n\n\n<li>Programa de mantenimiento preventivo<\/li>\n<\/ul>\n\n\n\n<p><strong>Programa de mantenimiento:<\/strong><\/p>\n\n\n\n<ul class=\"wp-block-list\">\n<li>Inspecciones visuales diarias<\/li>\n\n\n\n<li>Protocolo de limpieza semanal<\/li>\n\n\n\n<li>Mantenimiento preventivo mensual<\/li>\n\n\n\n<li>Revisi\u00f3n trimestral completa del sistema<\/li>\n\n\n\n<li>Mantenimiento semestral del canal caliente<\/li>\n<\/ul>\n\n\n\n<h2 class=\"wp-block-heading\">Caracter\u00edsticas de la fabricaci\u00f3n sostenible<\/h2>\n\n\n\n<p>Consideraciones medioambientales:<\/p>\n\n\n\n<ul class=\"wp-block-list\">\n<li>Servosistemas energ\u00e9ticamente eficientes que reducen el consumo de energ\u00eda en 40%<\/li>\n\n\n\n<li>Circuitos de refrigeraci\u00f3n optimizados para reducir el consumo de agua<\/li>\n\n\n\n<li>Dise\u00f1os de gu\u00edas que ahorran material<\/li>\n\n\n\n<li>Compatible con:<\/li>\n\n\n\n<li>Mezclas de PC\/ABS reciclado<\/li>\n\n\n\n<li>Pol\u00edmeros de origen biol\u00f3gico<\/li>\n\n\n\n<li>Materiales de baja emisi\u00f3n<\/li>\n\n\n\n<li>Dise\u00f1o con m\u00ednimo desperdicio de material<\/li>\n<\/ul>\n\n\n\n<h2 class=\"wp-block-heading\">Comience su proyecto hoy mismo<\/h2>\n\n\n\n<p>P\u00f3ngase en contacto con nuestros especialistas en tableros de instrumentos para:<\/p>\n\n\n\n<ul class=\"wp-block-list\">\n<li>Consultas t\u00e9cnicas detalladas<\/li>\n\n\n\n<li>Propuestas de dise\u00f1o personalizadas<\/li>\n\n\n\n<li>Orientaci\u00f3n para la selecci\u00f3n de materiales<\/li>\n\n\n\n<li>An\u00e1lisis de optimizaci\u00f3n de costes<\/li>\n<\/ul>","protected":false},"excerpt":{"rendered":"<p>We are dedicated to making automotive instrument panels mould with short delivery and global standard for mould steel,design and instruction. Advanced Materials and Core Benefits Our instrument panel molds utilize premium-grade materials: Performance Advantages: Specialized Applications and Capabilities Designed for comprehensive instrument panel components: Key Features: Innovative Engineering Solutions Advanced technical features include: Technical Benefits: [&hellip;]<\/p>\n","protected":false},"author":3,"featured_media":0,"parent":0,"menu_order":0,"comment_status":"closed","ping_status":"closed","template":"","meta":{"footnotes":""},"class_list":["post-5256","page","type-page","status-publish","hentry"],"blocksy_meta":{"styles_descriptor":{"styles":{"desktop":"","tablet":"","mobile":""},"google_fonts":[],"version":6}},"_links":{"self":[{"href":"https:\/\/myplasticmold.com\/es\/wp-json\/wp\/v2\/pages\/5256","targetHints":{"allow":["GET"]}}],"collection":[{"href":"https:\/\/myplasticmold.com\/es\/wp-json\/wp\/v2\/pages"}],"about":[{"href":"https:\/\/myplasticmold.com\/es\/wp-json\/wp\/v2\/types\/page"}],"author":[{"embeddable":true,"href":"https:\/\/myplasticmold.com\/es\/wp-json\/wp\/v2\/users\/3"}],"replies":[{"embeddable":true,"href":"https:\/\/myplasticmold.com\/es\/wp-json\/wp\/v2\/comments?post=5256"}],"version-history":[{"count":0,"href":"https:\/\/myplasticmold.com\/es\/wp-json\/wp\/v2\/pages\/5256\/revisions"}],"wp:attachment":[{"href":"https:\/\/myplasticmold.com\/es\/wp-json\/wp\/v2\/media?parent=5256"}],"curies":[{"name":"wp","href":"https:\/\/api.w.org\/{rel}","templated":true}]}}