{"id":201,"date":"2012-07-15T09:54:41","date_gmt":"2012-07-15T09:54:41","guid":{"rendered":"https:\/\/myplasticmold.com\/?page_id=201"},"modified":"2020-10-23T09:53:12","modified_gmt":"2020-10-23T01:53:12","slug":"molde-de-cubo-de-basura-de-plastico","status":"publish","type":"page","link":"https:\/\/myplasticmold.com\/es\/molde-de-cubo-de-basura-de-plastico","title":{"rendered":"Cubo de basura de pl\u00e1stico industrial (cubo de basura y cubo de basura) Molde de fabricaci\u00f3n de China Cubo de basura de pl\u00e1stico Molde proveedor y exportador"},"content":{"rendered":"<h2>Industrail Plastic Dustbin Mould,molde de cubo de basura y fabricaci\u00f3n de moldes de cubo de basura<\/h2>\n<p><img loading=\"lazy\" decoding=\"async\" class=\"alignnone wp-image-5606\" title=\"\" src=\"https:\/\/myplasticmold.com\/wp-content\/uploads\/2020\/04\/dustbin_mould_fbxxqq.jpg\" alt=\"\" width=\"665\" height=\"925\" srcset=\"https:\/\/myplasticmold.com\/wp-content\/uploads\/2020\/04\/dustbin_mould_fbxxqq.jpg 665w, https:\/\/myplasticmold.com\/wp-content\/uploads\/2020\/04\/dustbin_mould_fbxxqq-216x300.jpg 216w\" sizes=\"auto, (max-width: 665px) 100vw, 665px\" \/><\/p>\n<p><strong>Molde de cubo de basura 120L \/ Molde de cubo de basura \/ Molde de cubo de basura<\/strong><\/p>\n<ul>\n<li>Cavidad :1<\/li>\n<li>Tama\u00f1o del cubo de basura:932*492*550mm<\/li>\n<li>\u00a0Vida \u00fatil del molde:200.000 disparos<\/li>\n<li>Puerta de inyecci\u00f3n (cuerpo): canal fr\u00edo<\/li>\n<li>Puerta de inyecci\u00f3n (tapa): 1 gota de canal caliente, bobina de calor: marca \"HOTSET\", original de Alemania.<\/li>\n<li><a title=\"Molde de acero\" href=\"https:\/\/myplasticmold.com\/plastic-mold-steel.html\/\">Molde de acero<\/a>:P20<\/li>\n<li>Pl\u00e1stico Material:<a title=\"HDPE\" href=\"https:\/\/en.wikipedia.org\/wiki\/High-density_polyethylene\" target=\"_blank\" rel=\"noopener noreferrer\">HDPE<\/a><\/li>\n<\/ul>\n<h2>Fabricaci\u00f3n y dise\u00f1o de moldes para cubos de basura<\/h2>\n<p>Los requisitos de dise\u00f1o de un cubo de basura de pl\u00e1stico moldeado ocasionalmente no permiten que el cubo de basura se extraiga directamente del <a title=\"molde de cubo de basura de pl\u00e1stico\" href=\"https:\/\/myplasticmold.com\/es\/molde-de-cubo-de-basura-de-plastico\">molde de cubo de basura de pl\u00e1stico<\/a> al abrirse. Esto ocurre cuando el cubo de pl\u00e1stico <strong>socavado con respecto a la l\u00ednea de desplazamiento o de apertura y cierre del molde<\/strong>. La pr\u00e1ctica habitual es modificar el dise\u00f1o en la medida de lo posible para hacer el molde m\u00e1s sencillo.<\/p>\n<p><a href=\"https:\/\/myplasticmold.com\/wp-content\/uploads\/2012\/07\/square-dustbin.jpg\" target=\"_blank\" rel=\"noopener noreferrer\"><img loading=\"lazy\" decoding=\"async\" class=\"alignleft wp-image-325\" title=\"molde de cubo de basura cuadrado\" src=\"https:\/\/myplasticmold.com\/wp-content\/uploads\/2020\/04\/square-dustbin_shk27i.jpg\" alt=\"molde de papelera\" width=\"220\" height=\"225\" \/><\/a>El tipo de barra suelta de <strong>molde para cubo de basura de inyecci\u00f3n<\/strong> es un dise\u00f1o \u00fatil para superar la dificultad de expulsar un cubo de basura de secci\u00f3n delgada y tiro largo. La cubierta de la caja deslizante que se muestra en la Fig. 1 es un ejemplo t\u00edpico de un cubo de basura que no puede expulsarse directamente debido a su gran longitud, 4 pulgadas, y a su secci\u00f3n delgada, 0,040 pulgadas. Endwise molding cu\u00e1l est\u00e1 requerido para directo ejection encima abriendo la prensa es impractical con estas caracter\u00edsticas. Esto es porque la acci\u00f3n del mecanismo de eyector depende de la cantidad de abrir recorrido. Adem\u00e1s, el molde ser\u00eda bastante voluminoso -al menos dos veces la longitud del cubo de basura para dejar espacio para el cubo de basura y para el recorrido del eyector. Al moldear sobre un n\u00facleo unido a una barra suelta, ser\u00e1 posible moldear letras en la cara superior de la caja, ya que saldr\u00e1n directamente de la cavidad al abrirse el molde. La Fig. 1 muestra el molde de barra suelta para la tapa de la caja. Se muestran una vista lateral y una vista orientada hacia la platina del extremo de expulsi\u00f3n. La barra debe retirarse manualmente y sustituirse por una barra duplicada, de modo que los cubos de polvo puedan desmoldearse en un banco mientras la segunda barra est\u00e1 en el molde. No se requiere ning\u00fan dispositivo eyector. El molde es sencillo y consta de placas adaptadoras delantera y trasera, bloques de cavidad y retenedor, conjunto de barra suelta y n\u00facleo, pasadores gu\u00eda y placa de retenci\u00f3n y el sistema de compuerta.<\/p>\n<h2>Placas adaptadoras<\/h2>\n<p><img loading=\"lazy\" decoding=\"async\" class=\"alignright wp-image-324\" title=\"molde de cubo de basura\" src=\"https:\/\/myplasticmold.com\/wp-content\/uploads\/2020\/04\/dustbin_oofrdp.jpg\" alt=\"molde de cubo de basura\" width=\"238\" height=\"238\" srcset=\"https:\/\/myplasticmold.com\/wp-content\/uploads\/2020\/04\/dustbin_oofrdp.jpg 350w, https:\/\/myplasticmold.com\/wp-content\/uploads\/2020\/04\/dustbin_oofrdp-300x300.jpg 300w, https:\/\/myplasticmold.com\/wp-content\/uploads\/2020\/04\/dustbin_oofrdp-150x150.jpg 150w\" sizes=\"auto, (max-width: 238px) 100vw, 238px\" \/>Las dos placas adaptadoras sirven como placas de apoyo para los pasadores gu\u00eda, los casquillos y los bloques de cavidades. No es necesario endurecer la placa final de expulsi\u00f3n (detalle 1), ya que los pasadores gu\u00eda pr\u00e1cticamente no tienden a <a title=\"fregadero\" href=\"https:\/\/myplasticmold.com\/sink.html\/\">fregadero<\/a> en. Esta chapa se fabrica con material plano liso y puede utilizarse acero laminado en fr\u00edo. Si se desea rectificar la placa plana, debe utilizarse acero para m\u00e1quinas, ya que no se deformar\u00e1 al retirar la piel. La placa del extremo de inyecci\u00f3n (detalle 10) recibe un servicio m\u00e1s severo, ya que es la placa de apoyo para los bloques de cavidades. Debe endurecerse. Esta placa tiene un saliente de montaje circular y est\u00e1 perforada para la entrada de la nariz del cilindro de inyecci\u00f3n. No se muestra ning\u00fan saliente de montaje en el adaptador del extremo de expulsi\u00f3n, ya que algunos dise\u00f1adores prefieren dejar que este extremo flote y sea localizado por los pasadores gu\u00eda. Un agujero grande en la platina de la prensa no es deseable, ya que debilita la platina lo suficiente como para permitir que se doble fuera de forma. En el extremo de inyecci\u00f3n, es necesario tener un agujero bastante grande para permitir que el cilindro de inyecci\u00f3n entre lo m\u00e1s cerca posible del molde para evitar el enfriamiento indebido del material pl\u00e1stico a medida que viaja a trav\u00e9s de la boquilla en el bebedero. Por ello, se ha incluido un saliente de montaje en la placa adaptadora del extremo de inyecci\u00f3n.<\/p>\n<p><img loading=\"lazy\" decoding=\"async\" class=\"alignnone wp-image-5607\" title=\"\" src=\"https:\/\/myplasticmold.com\/wp-content\/uploads\/2020\/04\/123_emzv2o.png\" alt=\"molde de cubo de basura\" width=\"595\" height=\"751\" srcset=\"https:\/\/myplasticmold.com\/wp-content\/uploads\/2020\/04\/123_emzv2o.png 595w, https:\/\/myplasticmold.com\/wp-content\/uploads\/2020\/04\/123_emzv2o-238x300.png 238w\" sizes=\"auto, (max-width: 595px) 100vw, 595px\" \/><\/p>\n<p>Fig. 1.<\/p>\n<p>Topworks <a href=\"https:\/\/myplasticmold.com\/es\/molde-de-cubo-de-basura-de-plastico\">molde de cubo de basura<\/a> y <a href=\"https:\/\/myplasticmold.com\/es\/molde-de-cubo-de-basura-de-plastico\">fabricante de moldes de papeleras<\/a><\/p>\n<p>&nbsp;<\/p>","protected":false},"excerpt":{"rendered":"<p>Industrail Plastic Dustbin Mould,waste bin mould and garbage bin mould making 120L Dustbin Mould\/ Garbage bin Mould \/Trash Bin Mould Cavity :1 dustbin\u00a0Size:932*492*550mm \u00a0Mold Life:200,000\u00a0\u00a0shots Injection Gate(Body):cold runner Injection Gate(Lid):1\u00a0drop hot runner,heat coil:\u201dHOTSET\u201d\u00a0 brand,Germany original. Mold Steel:P20 Plastic Material:HDPE Dustbin\u00a0mold making and design Design requirements of a molded plastic dustbin\u00a0occasionally do not allow the\u00a0dustbin\u00a0to be [&hellip;]<\/p>\n","protected":false},"author":3,"featured_media":0,"parent":0,"menu_order":0,"comment_status":"open","ping_status":"open","template":"template_leftsidebar.php","meta":{"footnotes":""},"class_list":["post-201","page","type-page","status-publish","hentry"],"blocksy_meta":{"styles_descriptor":{"styles":{"desktop":"","tablet":"","mobile":""},"google_fonts":[],"version":6}},"_links":{"self":[{"href":"https:\/\/myplasticmold.com\/es\/wp-json\/wp\/v2\/pages\/201","targetHints":{"allow":["GET"]}}],"collection":[{"href":"https:\/\/myplasticmold.com\/es\/wp-json\/wp\/v2\/pages"}],"about":[{"href":"https:\/\/myplasticmold.com\/es\/wp-json\/wp\/v2\/types\/page"}],"author":[{"embeddable":true,"href":"https:\/\/myplasticmold.com\/es\/wp-json\/wp\/v2\/users\/3"}],"replies":[{"embeddable":true,"href":"https:\/\/myplasticmold.com\/es\/wp-json\/wp\/v2\/comments?post=201"}],"version-history":[{"count":0,"href":"https:\/\/myplasticmold.com\/es\/wp-json\/wp\/v2\/pages\/201\/revisions"}],"wp:attachment":[{"href":"https:\/\/myplasticmold.com\/es\/wp-json\/wp\/v2\/media?parent=201"}],"curies":[{"name":"wp","href":"https:\/\/api.w.org\/{rel}","templated":true}]}}