{"id":190,"date":"2012-07-15T09:50:43","date_gmt":"2012-07-15T09:50:43","guid":{"rendered":"https:\/\/myplasticmold.com\/?page_id=190"},"modified":"2024-08-31T20:03:44","modified_gmt":"2024-08-31T12:03:44","slug":"molde-para-taburete-de-plastico","status":"publish","type":"page","link":"https:\/\/myplasticmold.com\/es\/molde-para-taburete-de-plastico","title":{"rendered":"Molde de taburete de pl\u00e1stico y molde de mesa, empresa de fabricaci\u00f3n de moldes de taburete de inodoro de China"},"content":{"rendered":"<figure class=\"wp-block-image aligncenter wp-image-6388\"><img loading=\"lazy\" decoding=\"async\" width=\"960\" height=\"1280\" src=\"https:\/\/myplasticmold.com\/wp-content\/uploads\/2020\/04\/mmexport1497921566374_dqcjr8.jpg\" alt=\"molde para taburete de pl\u00e1stico China\" class=\"wp-image-6388\" srcset=\"https:\/\/myplasticmold.com\/wp-content\/uploads\/2020\/04\/mmexport1497921566374_dqcjr8.jpg 960w, https:\/\/myplasticmold.com\/wp-content\/uploads\/2020\/04\/mmexport1497921566374_dqcjr8-225x300.jpg 225w, https:\/\/myplasticmold.com\/wp-content\/uploads\/2020\/04\/mmexport1497921566374_dqcjr8-768x1024.jpg 768w\" sizes=\"auto, (max-width: 960px) 100vw, 960px\" \/><figcaption class=\"wp-element-caption\">molde de taburete<\/figcaption><\/figure>\n\n\n\n<p>\u00bfBusca un fabricante y dise\u00f1ador de moldes de pl\u00e1stico para taburetes que pueda mejorar la rentabilidad de su empresa? Con un servicio completo, la oferta de moldes de heces a medida, Topworks Plastic mold es el lugar al que acudir.<\/p>\n\n\n\n<p>Cuidar de usted es nuestro principal objetivo. Nuestra capacidad para producir, fabricar y distribuir moldes de heces a precios competitivos cumple las normas de calidad m\u00e1s exigentes, y somos competitivos a escala internacional.<\/p>\n\n\n\n<p>Teniendo esto en cuenta, ofrecemos una amplia gama de servicios de utillaje, fabricaci\u00f3n y env\u00edo para ayudarle a hacer realidad su concepto de molde de taburete.<\/p>\n\n\n\n<p>Nuestro proceso simplificar\u00e1 todas las fases del ciclo de vida de su producto; desde la fase de concepto hasta el trabajo en curso, nuestro servicio agiliza el proceso en todas las etapas.<\/p>\n\n\n\n<div class=\"wp-block-qubely-button qubely-block-7fdd18\" data-qubelyanimation=\"{&quot;animation&quot;:&quot;bounce&quot;,&quot;name&quot;:&quot;bounceCenter&quot;,&quot;repeat&quot;:&quot;once&quot;,&quot;direction&quot;:&quot;Center&quot;,&quot;duration&quot;:1000,&quot;delay&quot;:0,&quot;curve&quot;:&quot;ease-in-out&quot;,&quot;openAnimation&quot;:1}\"><div class=\"qubely-block-btn-wrapper\"><div class=\"qubely-block-btn\"><a class=\"qubely-block-btn-anchor is-large\" href=\"#\"><i class=\"qubely-btn-icon fas fa-hand-point-right\"><\/i><strong><span data-fontsize=\"22\" style=\"font-size: 22px;\" class=\"qubely-custom-font\">OBTENER UN PRESUPUESTO GRATUITO,PRECIO 30% M\u00c1S BAJO Y ENTREGA 10 D\u00cdAS MENOS<\/span><\/strong><\/a><\/div><\/div><\/div>\n\n\n\n<h1 class=\"wp-block-heading\">Molde de taburete de pl\u00e1stico<\/h1>\n\n\n\n<ul class=\"wp-block-list\">\n<li><a href=\"https:\/\/myplasticmold.com\/es\/molde-para-taburete-de-plastico\"><strong>molde para taburete de pl\u00e1stico<\/strong><\/a><\/li>\n\n\n\n<li>cavidad:1<\/li>\n\n\n\n<li>Hotrunner:1 gotas con espirales calefactoras \"HOTSET<\/li>\n\n\n\n<li><strong>molde para taburete de pl\u00e1stico<\/strong> acero para cavidades:P20<\/li>\n\n\n\n<li><strong>molde para taburete de pl\u00e1stico<\/strong> n\u00facleo de acero:P20<\/li>\n\n\n\n<li>Material pl\u00e1stico:PP<\/li>\n\n\n\n<li>Duraci\u00f3n del ciclo: 40 segundos<\/li>\n\n\n\n<li>Plazo de entrega: 35 d\u00edas<\/li>\n<\/ul>\n\n\n\n<h2 class=\"wp-block-heading\">Comprar un molde para taburete de pl\u00e1stico en China<\/h2>\n\n\n\n<p>La compra de un molde de taburete de pl\u00e1stico en China puede parecer abrumadora; sin embargo, con la estrategia adecuada, es un procedimiento f\u00e1cil y agradable. Aseg\u00farese de hacer los deberes y comunicarse con eficacia, d\u00e9 prioridad a la calidad del producto y considere una visi\u00f3n a largo plazo. Si sigue estas pautas, estar\u00e1 en el buen camino para descubrir un fabricante chino de confianza y recibir el molde de taburete de pl\u00e1stico perfecto que cumpla sus expectativas.<\/p>\n\n\n\n<h3 class=\"wp-block-heading\">Pasos clave a tener en cuenta<\/h3>\n\n\n\n<ul class=\"wp-block-list\">\n<li><strong>Investiga tus opciones:<\/strong> T\u00f3mate tu tiempo para investigar diferentes marcas. Busca opiniones y testimonios para evaluar su fiabilidad y calidad.<\/li>\n\n\n\n<li><strong>Comunicaci\u00f3n clara:<\/strong> Establezca canales de comunicaci\u00f3n abiertos con su fabricante preferido. Unas especificaciones y expectativas claras pueden evitar malentendidos.<\/li>\n\n\n\n<li><strong>Calidad por encima del coste:<\/strong> Aunque el coste es esencial, dar prioridad a la calidad de su producto puede ahorrarle dinero a largo plazo al reducir los fallos y defectos.<\/li>\n\n\n\n<li><strong>Asociaciones a largo plazo:<\/strong> Considere la posibilidad de establecer una asociaci\u00f3n duradera con su proveedor para futuros proyectos. Esto puede suponer mejores precios y un mejor servicio.<\/li>\n<\/ul>\n\n\n\n<h2 class=\"wp-block-heading\">Preguntas frecuentes<\/h2>\n\n\n\n<h3 class=\"wp-block-heading\">\u00bfCu\u00e1l es el tiempo habitual que se tarda en crear el molde del taburete de pl\u00e1stico en China?<\/h3>\n\n\n\n<p>El tiempo de producci\u00f3n puede variar en funci\u00f3n de la complejidad del molde y de la carga de trabajo del fabricante. En general, el proceso puede durar entre 30 y 60 d\u00edas.<\/p>\n\n\n\n<h3 class=\"wp-block-heading\">\u00bfCu\u00e1l es la vida \u00fatil de un molde de pl\u00e1stico para heces?<\/h3>\n\n\n\n<p>Si se cuida adecuadamente, un molde de pl\u00e1stico de alta calidad puede utilizarse durante cientos de miles de ciclos, produciendo potencialmente miles de taburetes a lo largo de su vida \u00fatil.<\/p>\n\n\n\n<h3 class=\"wp-block-heading\">\u00bfPuedo utilizar el mismo molde para varios tipos de pl\u00e1stico?<\/h3>\n\n\n\n<p>Es posible, pero no siempre recomendable. Los distintos materiales tienen diferentes propiedades de fluidez y contracci\u00f3n, lo que puede influir en la calidad final de su producto. Es aconsejable consultar al fabricante sobre sus necesidades espec\u00edficas.\n\"`<\/p>\n\n\n\n<figure class=\"wp-block-image aligncenter is-resized\"><img loading=\"lazy\" decoding=\"async\" width=\"500\" height=\"368\" src=\"https:\/\/myplasticmold.com\/wp-content\/uploads\/2020\/10\/stool-mould1_qkxoap.jpg\" alt=\"molde de taburete\" class=\"wp-image-372\" style=\"width:715px;height:526px\" srcset=\"https:\/\/myplasticmold.com\/wp-content\/uploads\/2020\/10\/stool-mould1_qkxoap.jpg 500w, https:\/\/myplasticmold.com\/wp-content\/uploads\/2020\/10\/stool-mould1_qkxoap-300x221.jpg 300w\" sizes=\"auto, (max-width: 500px) 100vw, 500px\" \/><\/figure>\n\n\n\n<div class=\"wp-block-qubely-row alignfull qubely-section qubely-block-6d709b\" data-qubelyanimation=\"{&quot;animation&quot;:&quot;bounce&quot;,&quot;name&quot;:&quot;bounceCenter&quot;,&quot;repeat&quot;:&quot;once&quot;,&quot;direction&quot;:&quot;Center&quot;,&quot;duration&quot;:1000,&quot;delay&quot;:0,&quot;curve&quot;:&quot;ease-in-out&quot;,&quot;openAnimation&quot;:1}\"><div class=\"qubely-shape-divider qubely-top-shape\"><svg xmlns=\"http:\/\/www.w3.org\/2000\/svg\" viewbox=\"0 0 1000 80\" preserveaspectratio=\"none\">\n    <path d=\"M0,0V71.07l.22.05c2.83,1,7.45-4.57,7.45-4.57s13.36,6.34,14.9,6.6S30,76.45,30,76.45L36.7,71.5s5.4,6,8,4.95,16.19-8.88,17.73-3.55S64.2,80,65,80s5.4-5.59,6.42-5.59,11,2.79,11.82,2.79,7.71-5.84,9.25-6.6,18.24.51,22.1,2.66,14.13.13,19.79,0,25.18,1.9,25.18,1.9l8.48-1.9s0-5.46,1.8-5.2,9.25.51,9.25.51L180.34,65s20.81,2,22.1,2,2.31-3.81,4.37-3.81,14.13,3.81,15.42,3.81,9.25-3.55,11.56-3.81,8.48,5.08,10.28,5.58,55-6.6,55-6.6-.26-5.33,4.88-3.55,15.16,1.27,19.53,2,3.34,6.34,7.71,2.54,5.65-7.36,8.22-6.09,10.28,2.28,11,2.28,4.37-8.12,7.19-6.6,21.59,12.5,30.06,13.48,13.1-10.44,13.1-10.44l13.1,2.54s7.71,10.15,16.19,11.17,11,6.34,19.27,3.55,17.73-9.39,20-8.38,17.47-6.6,18.24-6.85,8.74.76,16.44.25,9.51-5.52,9.51-5.52,25.69-1.08,28.78,1.21,3.6,4.31,6.68,4.31,12.33-5.84,22.35-3.55,26,6.34,27.49,7.11,10.28-5.58,10.28-5.58,5.14,4.57,6.42,5.84,6.17.76,9.25,0,3.85-9.14,10-5.08,20.3-5.08,25.44,1S667,64,667,64s6.68-11.42,14.39-9.9S710.16,66.2,710.16,66.2l6.42-5.49,27.24-1.27s-1.28-7.11,6.17-5.33,10-.89,11-1.71,5.14-3.49,9,0,25.44,8.31,32.89,8.31,15.93-6.35,22.61-4.57,13.36-1.52,14.39-2-.77-4.65,6.42-3.47,19-.76,20.58-.25,6.17-.76,11.31-1.78,6.34-11.63,12.25-4.27,8.68,5.28,11.51,6.74,7.45,1.33,9.25,0-1.54-7.93,7.19-5.39,4.17,3.48,10.08,3,14.13,4.06,14.13,4.06,10.79-2,13.11-2.28,9.25-4.57,12.59-2.79,6.17,1.52,9,2.28,10-.51,11.82-1.78,2.57-6.35,7.71-3.55a11.91,11.91,0,0,1,3.14,2.18V0Z\" style=\"opacity:0.66\"\/>\n    <path d=\"M0,0V59.17c4.84-3,4.08,1,5.36-.23s0,0,2.57-1.27,3.08.51,7.19,1,2.83,2.54,2.83,2.54,8.74,5.08,10.28,4.57,4.88-9.14,4.37-10.15S40,61.22,40,61.22l4.37,3.3s9.76,2,11,1a59.11,59.11,0,0,1,8-4.57c1.8-.76,4.11,2.28,6.68,2.79s8.74,3.81,8.74,3.81S90.92,60.71,94,60.21s16.7,3.55,17.47,2,11.82-3,13.1-2.79,8.48,10.91,8.48,10.91l30.83-.51s6.68-6.09,7.45-7.61.26-1.78.26-1.78,9-4.57,10-4.57S193.18,61,193.18,61s10.54-4.06,14.39-5.08,6.68,1.52,12.85-2,19.79-2.79,20.56-3.3,7.45-6.34,12.85-9.39,11.31.76,13.1.76,7.71,5.33,10.79,4.57,10.28-5.33,13.62-5.33,2.83,2.28,10.28,1.78,5.91.51,12.59,4.32,8-2.29,12.85-3.55,1.8.25,4.63-.51a19,19,0,0,1,5.65-.76c1.29,0,2.57,1.52,8.74,3.55s5.91-.76,9.25-1.78,8.22-3.3,18.76-10.15,2.57,5.33,6.94,6.85,22.87,3.55,24.41,2,4.37-3,7.2-4.57,2.82-.51,3.59-.51,9,2.54,11.31,4.06,3.85,4.57,6.17,4.57,4.62-2.54,11-3.55-.26,4.82,0,5.58,2.06,0,5.4-.25,4.88-2.79,9.76-2.79,5.14,3.3,8.48,4.06,2.83,0,10.54-3.81,6.68-1.78,14.9-3.55,22.61,6.85,24.41,6.09,4.88-1.27,11.3-2.54,11.56,3,16.19,5.58,5.14-1.52,8.74-5.08,12.08.25,14.9.25,9.25-.25,13.36-.51,5.14-3,13.88-5.08,8,4.57,14.65,3.55,14.13-1.27,28-5.08,6.42,3,10.79,5.58,9,1.78,11.56,1.52S676,39.65,679.84,36.35s9.51,4.31,16.19,8.12,9.25,3.81,14.13,1.78,9.51-4.82,14.9-7.87,5.4,5.84,10,2.79,15.42.76,17.21-.25,8.48.76,15.42-1,1.8,2,7.45,6.85,3.08-2.29,15.42,1,28.52-2.29,32.89-3,4.88,5.33,9.25,5.84,5.4-4.82,9.76-7.87,17-.76,20.56-2a17.22,17.22,0,0,0,6.17-4.06s13.36,0,15.16-1.52,10.28-.76,13.36-.76,26,4.57,35.2,2.79,11.82-7.62,16.44-10.91,23.13,2.54,30.32,2.54,20.3-2.54,20.3-2.54V0Z\"\/>\n<\/svg><\/div><div class=\"qubely-row-overlay\"><\/div><div class=\"qubely-container\"><div class=\"qubely-row\">\n<div class=\"wp-block-qubely-column qubely-column qubely-column-front qubely-block-979111\"><div class=\"qubely-column-inner\">\n<div class=\"wp-block-qubely-testimonial qubely-block-8b23ca\"><div class=\"qubely-block-testimonial\"><div class=\"qubely-testimonial-author\"><div class=\"qubely-testimonial-avatar-layout-top\"><img decoding=\"async\" class=\"qubely-testimonial-avatar\" src=\"https:\/\/myplasticmold.com\/wp-content\/uploads\/2022\/05\/engineers-strategy-business-growth-develop.png\" srcset=\"\" alt=\"\"\/><div class=\"qubely-testimonial-author-info\"><div class=\"qubely-testimonial-author-name\"><span>Cristiano<\/span><\/div><div class=\"qubely-testimonial-author-designation\"><span>Profesional<\/span><\/div><\/div><\/div><\/div><div class=\"qubely-testimonial-content\"><div>\"\u00a1\u00a1\u00a1Me complace informarles de que todas las piezas de pl\u00e1stico son perfectas!!! Estamos encantados, y por lo tanto hay buenas posibilidades de continuar nuestra relaci\u00f3n para cualquier pr\u00f3ximo nuevo proyecto.\"<\/div><\/div><\/div><\/div>\n<\/div><\/div>\n\n\n\n<div class=\"wp-block-qubely-column qubely-column qubely-column-front qubely-block-75ae4f\"><div class=\"qubely-column-inner\">\n<div class=\"wp-block-qubely-testimonial qubely-block-0139b5\"><div class=\"qubely-block-testimonial\"><div class=\"qubely-testimonial-author\"><div class=\"qubely-testimonial-avatar-layout-top\"><img decoding=\"async\" class=\"qubely-testimonial-avatar\" src=\"https:\/\/myplasticmold.com\/wp-content\/uploads\/2022\/05\/developers-growth-marketing-service-team.png\" srcset=\"\" alt=\"\"\/><div class=\"qubely-testimonial-author-info\"><div class=\"qubely-testimonial-author-name\"><span>Paulo<\/span><\/div><div class=\"qubely-testimonial-author-designation\"><span>Profesional<\/span><\/div><\/div><\/div><\/div><div class=\"qubely-testimonial-content\"><div>\"Steven es un excelente profesional con grandes conocimientos y pr\u00e1ctica t\u00e9cnica\".<\/div><\/div><\/div><\/div>\n<\/div><\/div>\n\n\n\n<div class=\"wp-block-qubely-column qubely-column qubely-column-front qubely-block-dbe56d\"><div class=\"qubely-column-inner\">\n<div class=\"wp-block-qubely-testimonial qubely-block-bc0b23\"><div class=\"qubely-block-testimonial\"><div class=\"qubely-testimonial-author\"><div class=\"qubely-testimonial-avatar-layout-top\"><img decoding=\"async\" class=\"qubely-testimonial-avatar\" src=\"https:\/\/myplasticmold.com\/wp-content\/uploads\/2022\/05\/engineers-strategy-business-growth-develop.png\" srcset=\"\" alt=\"\"\/><div class=\"qubely-testimonial-author-info\"><div class=\"qubely-testimonial-author-name\"><span>David<\/span><\/div><div class=\"qubely-testimonial-author-designation\"><span>director general de empresa<\/span><\/div><\/div><\/div><\/div><div class=\"qubely-testimonial-content\"><div>\"Steven es un gestor de proyectos e ingeniero muy detallista, capaz de resolver problemas de forma creativa y que adem\u00e1s ofrece un servicio excelente. Fue un placer trabajar con \u00e9l\".<\/div><\/div><\/div><\/div>\n<\/div><\/div>\n<\/div><\/div><\/div>\n\n\n\n<h1 class=\"wp-block-heading\">molde de taburete de pl\u00e1stico ,dise\u00f1o de molde de taburete de inodoro<\/h1>\n\n\n\n<p>Los dise\u00f1adores deben comprender que, tanto si la cavidad se cierra en el borde como cerca del centro del taburete, la mayor parte o la totalidad del pl\u00e1stico fluir\u00e1 hacia la l\u00ednea de separaci\u00f3n.<\/p>\n\n\n\n<p>El aire que se encontraba en el interior de la cavidad antes de que se cerrara el molde ahora debe escapar a<\/p>\n\n\n\n<ul class=\"wp-block-list\">\n<li><strong>permiten llenar f\u00e1cilmente la cavidad,<\/strong><\/li>\n\n\n\n<li><strong>evitar que se queme el borde de ataque del pl\u00e1stico, o<\/strong><\/li>\n\n\n\n<li><strong>eliminar la posibilidad de que se formen manchas sin relleno en el producto.<\/strong><\/li>\n<\/ul>\n\n\n\n<figure class=\"wp-block-image aligncenter\"><img loading=\"lazy\" decoding=\"async\" width=\"397\" height=\"268\" src=\"https:\/\/myplasticmold.com\/wp-content\/uploads\/2020\/10\/201204111335431_qm7fn8.jpg\" alt=\"molde para taburete de pl\u00e1stico\" class=\"wp-image-368\" srcset=\"https:\/\/myplasticmold.com\/wp-content\/uploads\/2020\/10\/201204111335431_qm7fn8.jpg 397w, https:\/\/myplasticmold.com\/wp-content\/uploads\/2020\/10\/201204111335431_qm7fn8-300x203.jpg 300w\" sizes=\"auto, (max-width: 397px) 100vw, 397px\" \/><\/figure>\n\n\n\n<p>El venteo en la l\u00ednea de partici\u00f3n no supone ning\u00fan problema; por lo tanto, una superficie que termine all\u00ed siempre se puede ventear bien utilizando m\u00e9todos sencillos bien conocidos por el dise\u00f1ador de moldes.<\/p>\n\n\n\n<p>(Lamentablemente, no se puede decir lo mismo de la ventilaci\u00f3n para costillas, cubos, etc.; esto se tratar\u00e1 m\u00e1s adelante).<\/p>\n\n\n\n<p>La forma del producto, en la l\u00ednea de separaci\u00f3n, requiere consideraciones especiales:<\/p>\n\n\n\n<ul class=\"wp-block-list\">\n<li><strong>\u00bfQu\u00e9 forma requiere el producto? \u00bfUn borde afilado? \u00bfUn borde redondeado?<\/strong><\/li>\n\n\n\n<li><strong>\u00bfQu\u00e9 forma es m\u00e1s f\u00e1cil de producir al construir el molde?<\/strong><\/li>\n<\/ul>\n\n\n\n<p>En la Fig. siguiente, la superficie de la pared termina con una esquina afilada (5) en el exterior (: es la l\u00ednea de separaci\u00f3n) y un radio&nbsp;<em>(R)<\/em>&nbsp;en el interior. Se trata de una forma \"natural\".<\/p>\n\n\n\n<p>La esquina&nbsp;<em>S<\/em>&nbsp;es afilado porque dos partes del molde se encuentran all\u00ed.<\/p>\n\n\n\n<p>El radio R representa la esquina de corte de la herramienta de fresado, torneado o rectificado utilizada para producir esta esquina.<\/p>\n\n\n\n<p>Para aumentar la resistencia del n\u00facleo (para reducir el efecto de entalla y la debilidad resultante del n\u00facleo), el radio R debe ser lo mayor posible.<\/p>\n\n\n\n<p>No resulta pr\u00e1ctico especificar un radio de esquina inferior a 0,25 mm (0,010 pulg.). Con esta forma (Fig. 1), no hay problemas de desajuste entre la cavidad y el n\u00facleo.<\/p>\n\n\n\n<figure class=\"wp-block-image aligncenter\"><img loading=\"lazy\" decoding=\"async\" width=\"706\" height=\"207\" src=\"https:\/\/myplasticmold.com\/wp-content\/uploads\/2012\/07\/20160322170651.png\" alt=\"molde para taburete de pl\u00e1stico\" class=\"wp-image-5142\" srcset=\"https:\/\/myplasticmold.com\/wp-content\/uploads\/2012\/07\/20160322170651.png 706w, https:\/\/myplasticmold.com\/wp-content\/uploads\/2012\/07\/20160322170651-300x88.png 300w\" sizes=\"auto, (max-width: 706px) 100vw, 706px\" \/><\/figure>\n\n\n\n<p class=\"has-text-align-center\">Fig. 1<\/p>\n\n\n\n<figure class=\"wp-block-image aligncenter\"><img loading=\"lazy\" decoding=\"async\" width=\"685\" height=\"213\" src=\"https:\/\/myplasticmold.com\/wp-content\/uploads\/2012\/07\/20160322170705.png\" alt=\"20160322170705\" class=\"wp-image-5143\" srcset=\"https:\/\/myplasticmold.com\/wp-content\/uploads\/2012\/07\/20160322170705.png 685w, https:\/\/myplasticmold.com\/wp-content\/uploads\/2012\/07\/20160322170705-300x93.png 300w\" sizes=\"auto, (max-width: 685px) 100vw, 685px\" \/><\/figure>\n\n\n\n<p class=\"has-text-align-center\">Fig. 2<\/p>\n\n\n\n<p>El radio en el interior de la cavidad que se muestra en la Fig. 4.12 tambi\u00e9n debe ser lo m\u00e1s grande posible, en parte por las mismas razones (resistencia), pero tambi\u00e9n porque una esquina redonda mejorar\u00e1 las condiciones de moldeo al permitir un flujo m\u00e1s f\u00e1cil alrededor de un radio.<\/p>\n\n\n\n<p>Por el contrario, una esquina afilada aumenta el grosor del producto sin aumentar su resistencia.<\/p>\n\n\n\n<p>La esquina afilada en la parte superior del n\u00facleo es f\u00e1cil de hacer, pero no es una buena forma para el flujo de pl\u00e1stico.<\/p>\n\n\n\n<p>Examinaremos este aspecto m\u00e1s adelante.<\/p>\n\n\n\n<figure class=\"wp-block-image aligncenter wp-image-5929\"><img decoding=\"async\" src=\"https:\/\/myplasticmold.com\/wp-content\/uploads\/2020\/04\/12_g74pep.jpg\" alt=\"fabricante de moldes para taburetes\" class=\"wp-image-5929\"\/><figcaption class=\"wp-element-caption\">molde de taburete<\/figcaption><\/figure>\n\n\n\n<p>En la Fig. 1, el <strong>molde para taburete de pl\u00e1stico&nbsp;<\/strong>El dise\u00f1o requiere un borde redondeado en el extremo de la pared lateral, por lo que la l\u00ednea de separaci\u00f3n debe desplazarse hasta donde el radio se encuentra con la pared exterior creada por la cavidad.<\/p>\n\n\n\n<p>No suele haber ning\u00fan razonamiento particular en contra de este dise\u00f1o, salvo que su producci\u00f3n es algo m\u00e1s cara.<\/p>\n\n\n\n<p>En el caso de productos muy ligeros, especialmente cuando se utiliza la expulsi\u00f3n del desmoldeador, el radio que se corta en el desmoldeador puede hacer que el producto quede colgando y no se suelte del molde.<\/p>\n\n\n\n<p>Para garantizar que todas las piezas han sido expulsadas, puede ser necesario utilizar dispositivos especiales, como sopladores de aire o limpiadores de moldes.<\/p>\n\n\n\n<p>No suele haber problemas con las piezas moldeadas m\u00e1s pesadas, que pueden pesar 20 gramos o m\u00e1s.<\/p>\n\n\n\n<p>El principal problema de un borde redondeado en el extremo de la pared es que puede producirse un desajuste entre la cavidad y el n\u00facleo, lo que puede dar lugar a un borde peque\u00f1o pero afilado (cresta) que podr\u00eda no ser aceptable para el producto (Fig. 2).<\/p>\n\n\n\n<p>Un ejemplo es el borde de una taza para beber, donde una cresta podr\u00eda resultar desagradable en los labios al beber de dicha taza.<\/p>\n\n\n\n<p>Existen varios m\u00e9todos para evitar u ocultar el desajuste en <strong>molde de taburete<\/strong>:<\/p>\n\n\n\n<ol class=\"wp-block-list\">\n<li>Reducir las tolerancias significativas de n\u00facleos y cavidades, y en las dimensiones que afectan a la alineaci\u00f3n (elementos) del pl\u00e1stico. <a href=\"https:\/\/myplasticmold.com\/es\/molde-para-taburete-de-plastico\" target=\"_blank\" rel=\"noopener noreferrer\">molde de taburete<\/a>. Puede ser&nbsp;<em>muy caro&nbsp;<\/em>pero puede (y debe) hacerse con moldes de producci\u00f3n en serie de alta calidad para garantizar que todos los productos se acerquen lo m\u00e1s posible a la forma ideal y que los componentes del molde sean intercambiables.<\/li>\n\n\n\n<li>Corrija el <strong>molde para taburete de pl\u00e1stico<\/strong> una vez terminado y probado: las zonas que no coinciden se mezclan a mano, esmerilando las crestas que no coinciden. Esto se hace con frecuencia, pero no se recomienda porque, en los moldes de varias cavidades o cuando se utilizan varios moldes id\u00e9nticos para el mismo producto, cada producto, de cada cavidad, puede ser diferente...<\/li>\n\n\n\n<li>Decida en qu\u00e9 lado un reborde tendr\u00eda el efecto menos desagradable para el usuario final o para el rendimiento del producto y, a continuaci\u00f3n, dimensione un lado distinto del otro de modo que, en el peor de los casos posibles (todas las tolerancias en la \"direcci\u00f3n mala\"), la pieza siga siendo aceptable para el uso previsto. En esta facilidad \uff0cel rebaje de media ca\u00f1a en el separador es intencionadamente ligeramente m\u00e1s peque\u00f1o que el grosor de la llanta. Con todas las tolerancias en la direcci\u00f3n \"ideal\", habr\u00e1 una cresta m\u00ednima. Con todas las tolerancias sumando en la direcci\u00f3n mala, el paso de la cresta ser\u00e1 la suma de las tolerancias pero a\u00fan as\u00ed es aceptable. En el caso de un envase redondo, las dimensiones afectadas son los di\u00e1metros del borde en la cavidad, el n\u00facleo y\/o el anillo separador.<\/li>\n<\/ol>\n\n\n\n<p>Se utilizan m\u00e9todos similares para evitar cualquier desajuste de la l\u00ednea de apertura, independientemente de la banqueta pl\u00e1stica de la l\u00ednea de apertura: redonda, ovalada, rectangular, irregular o desplazada.<\/p>\n\n\n\n<p>El reto m\u00e1s dif\u00edcil es prever d\u00f3nde pueden producirse desajustes, y determinar c\u00f3mo dimensionar el producto.<\/p>\n\n\n\n<figure class=\"wp-block-image aligncenter wp-image-6387\"><img loading=\"lazy\" decoding=\"async\" width=\"960\" height=\"1280\" src=\"https:\/\/myplasticmold.com\/wp-content\/uploads\/2020\/04\/mmexport1497921563224_blv9d5.jpg\" alt=\"fabricante de moldes para taburetes\" class=\"wp-image-6387\" srcset=\"https:\/\/myplasticmold.com\/wp-content\/uploads\/2020\/04\/mmexport1497921563224_blv9d5.jpg 960w, https:\/\/myplasticmold.com\/wp-content\/uploads\/2020\/04\/mmexport1497921563224_blv9d5-225x300.jpg 225w, https:\/\/myplasticmold.com\/wp-content\/uploads\/2020\/04\/mmexport1497921563224_blv9d5-768x1024.jpg 768w\" sizes=\"auto, (max-width: 960px) 100vw, 960px\" \/><figcaption class=\"wp-element-caption\">molde de taburete<\/figcaption><\/figure>","protected":false},"excerpt":{"rendered":"<p>Looking for a manufacturer and designer of plastic stool mould that can enhance the profitability of your company? Featuring a full-service, custom stool mould offering, Topworks Plastic mold is the place to go. Taking care of you is our primary goal. Our ability to produce, manufacture, and distribute stool mould at competitive prices meets the [&hellip;]<\/p>\n","protected":false},"author":3,"featured_media":0,"parent":0,"menu_order":0,"comment_status":"open","ping_status":"open","template":"","meta":{"footnotes":""},"class_list":["post-190","page","type-page","status-publish","hentry"],"blocksy_meta":{"styles_descriptor":{"styles":{"desktop":"","tablet":"","mobile":""},"google_fonts":[],"version":6}},"_links":{"self":[{"href":"https:\/\/myplasticmold.com\/es\/wp-json\/wp\/v2\/pages\/190","targetHints":{"allow":["GET"]}}],"collection":[{"href":"https:\/\/myplasticmold.com\/es\/wp-json\/wp\/v2\/pages"}],"about":[{"href":"https:\/\/myplasticmold.com\/es\/wp-json\/wp\/v2\/types\/page"}],"author":[{"embeddable":true,"href":"https:\/\/myplasticmold.com\/es\/wp-json\/wp\/v2\/users\/3"}],"replies":[{"embeddable":true,"href":"https:\/\/myplasticmold.com\/es\/wp-json\/wp\/v2\/comments?post=190"}],"version-history":[{"count":0,"href":"https:\/\/myplasticmold.com\/es\/wp-json\/wp\/v2\/pages\/190\/revisions"}],"wp:attachment":[{"href":"https:\/\/myplasticmold.com\/es\/wp-json\/wp\/v2\/media?parent=190"}],"curies":[{"name":"wp","href":"https:\/\/api.w.org\/{rel}","templated":true}]}}