{"id":188,"date":"2012-07-15T09:50:04","date_gmt":"2012-07-15T09:50:04","guid":{"rendered":"https:\/\/myplasticmold.com\/?page_id=188"},"modified":"2025-10-28T10:53:41","modified_gmt":"2025-10-28T02:53:41","slug":"molde-de-silla-de-plastico","status":"publish","type":"page","link":"https:\/\/myplasticmold.com\/es\/molde-de-silla-de-plastico","title":{"rendered":"Molde de silla,Silla moldeada de pl\u00e1stico"},"content":{"rendered":"<div class=\"wp-block-stackable-columns stk-block-columns stk-block stk-88f6981\" data-block-id=\"88f6981\"><div class=\"stk-row stk-inner-blocks stk-block-content stk-content-align stk-88f6981-column\">\n<div class=\"wp-block-stackable-column stk-block-column stk-column stk-block stk-4987bde\" data-v=\"4\" data-block-id=\"4987bde\"><div class=\"stk-column-wrapper stk-block-column__content stk-container stk-4987bde-container stk--no-background stk--no-padding\"><div class=\"stk-block-content stk-inner-blocks stk-4987bde-inner-blocks\">\n<div class=\"wp-block-stackable-heading stk-block-heading stk-block-heading--v2 stk-block stk-81a8695\" id=\"what-is-chair-mould\" data-block-id=\"81a8695\"><h2 class=\"stk-block-heading__text\">\u00bfQu\u00e9 es el molde de silla?<\/h2><\/div>\n\n\n\n<div class=\"wp-block-stackable-text stk-block-text stk-block stk-f96ac95\" data-block-id=\"f96ac95\"><p class=\"stk-block-text__text\">Un molde para sillas funciona como una herramienta de fabricaci\u00f3n avanzada que produce componentes de sillas de primera calidad. La eficiencia de la producci\u00f3n depende de los moldes para sillas, que proporcionan precisi\u00f3n y durabilidad.<\/p><\/div>\n<\/div><\/div><\/div>\n\n\n\n<div class=\"wp-block-stackable-column stk-block-column stk-column stk-block stk-e34a65a\" data-v=\"4\" data-block-id=\"e34a65a\"><div class=\"stk-column-wrapper stk-block-column__content stk-container stk-e34a65a-container stk--no-background stk--no-padding\"><div class=\"stk-block-content stk-inner-blocks stk-e34a65a-inner-blocks\">\n<figure class=\"wp-block-embed is-type-video is-provider-youtube wp-block-embed-youtube wp-embed-aspect-16-9 wp-has-aspect-ratio\"><div class=\"wp-block-embed__wrapper\">\n<iframe loading=\"lazy\" title=\"Una empresa china de moldes de pl\u00e1stico y moldeo por inyecci\u00f3n\" width=\"563\" height=\"1000\" src=\"https:\/\/www.youtube.com\/embed\/dzL2S9z4R3s?feature=oembed\" frameborder=\"0\" allow=\"accelerometer; autoplay; clipboard-write; encrypted-media; gyroscope; picture-in-picture; web-share\" referrerpolicy=\"strict-origin-when-cross-origin\" allowfullscreen><\/iframe>\n<\/div><\/figure>\n<\/div><\/div><\/div>\n<\/div><\/div>\n\n\n\n<ol class=\"wp-block-list\">\n<li><strong>Evaluar a los proveedores:<\/strong><br><p>Busque proveedores de moldes para sillas que se hayan ganado una buena reputaci\u00f3n. El fabricante que elija influir\u00e1 directamente en el funcionamiento del molde.<\/p><\/li>\n\n\n\n<li><strong>Evaluar el dise\u00f1o:<\/strong><br><p>Compruebe los distintos requisitos de dise\u00f1o disponibles para los moldes de sillas. Se consigue una mayor eficiencia de producci\u00f3n con moldes bien hechos.<\/p><\/li>\n\n\n\n<li><strong>Pida muestras:<\/strong><br><p>Consiga muestras de moldes de sillas de varios fabricantes distintos. Debe comprobar la calidad y las funciones de un molde de silla solicitando muestras a varios fabricantes.<\/p><\/li>\n\n\n\n<li><strong>Haga un pedido:<\/strong><br><p>Encargue el molde de la silla cuando est\u00e9 satisfecho con las muestras y el producto cumpla sus requisitos.<\/p><\/li>\n<\/ol>\n\n\n\n<h2 class=\"wp-block-heading\">Escenarios de uso<\/h2>\n\n\n\n<ul class=\"wp-block-list\">\n<li>La producci\u00f3n en serie permite fabricar de forma eficiente muchas piezas de sillas.<\/li>\n\n\n\n<li>Muebles a medida: Una forma perfecta de fabricar sillas que se adapten a las necesidades \u00fanicas de un cliente.<\/li>\n\n\n\n<li>Fabricar un prototipo: Una gran soluci\u00f3n para comprobar el dise\u00f1o de una silla antes de construirla a mayor escala.<\/li>\n<\/ul>\n\n\n\n<h1 class=\"wp-block-heading\">Molde de silla, Silla moldeada de pl\u00e1stico<\/h1>\n\n\n\n<div class=\"wp-block-stackable-columns stk-block-columns stk-block stk-dad9bac\" data-block-id=\"dad9bac\"><div class=\"stk-row stk-inner-blocks stk-block-content stk-content-align stk-dad9bac-column\">\n<div class=\"wp-block-stackable-column stk-block-column stk-column stk-block stk-a279f90\" data-v=\"4\" data-block-id=\"a279f90\"><style>.stk-a279f90 {align-self:flex-start !important;}<\/style><div class=\"stk-column-wrapper stk-block-column__content stk-container stk-a279f90-container stk--no-background stk--no-padding\"><div class=\"has-text-align-left stk-block-content stk-inner-blocks stk-a279f90-inner-blocks\">\n<div class=\"wp-block-group is-content-justification-center is-layout-constrained wp-block-group-is-layout-constrained\">\n<p>Presentamos nuestro avanzado molde para sillas, que satisface al m\u00e1ximo todos los requisitos de la industria. Nuestra amplia experiencia en la fabricaci\u00f3n de moldes nos permite ofrecer un producto que ofrece una calidad excepcional junto con el m\u00e1ximo rendimiento.<\/p>\n\n\n\n<h2 class=\"wp-block-heading\">Capacidad de producci\u00f3n de grandes vol\u00famenes<\/h2>\n\n\n\n<p>Somos capaces de crear muchos moldes de sillas utilizando procesos avanzados sin rebajar nuestro nivel de calidad. Obtendr\u00e1 sus moldes de sillas sin demora gracias a este eficaz sistema, que lo convierte en la mejor soluci\u00f3n para los fabricantes que necesitan una mayor velocidad de producci\u00f3n.<\/p>\n\n\n\n<h2 class=\"wp-block-heading\">Entrega de proyectos r\u00e1pida y fiable<\/h2>\n\n\n\n<p>El dise\u00f1o de nuestros moldes para sillas hace hincapi\u00e9 en la durabilidad junto con una precisi\u00f3n exacta. Estos moldes para sillas se construyen utilizando materiales duraderos junto con modernas t\u00e9cnicas de ingenier\u00eda que los hacen altamente resistentes al uso continuo y proporcionan excelentes resultados de producci\u00f3n de sillas de acuerdo con los requisitos de su producto. Todos y cada uno de los ciclos de producci\u00f3n ofrecen resultados de primera calidad gracias a nuestros moldes que sirven para aplicaciones residenciales y comerciales.<\/p>\n<\/div>\n<\/div><\/div><\/div>\n\n\n\n<div class=\"wp-block-stackable-column stk-block-column stk-column stk-block stk-39636b3\" data-v=\"4\" data-block-id=\"39636b3\"><div class=\"stk-column-wrapper stk-block-column__content stk-container stk-39636b3-container stk--no-background stk--no-padding\"><div class=\"stk-block-content stk-inner-blocks stk-39636b3-inner-blocks\">\n<div class=\"wp-block-stackable-image stk-block-image stk-block stk-372bf83\" data-block-id=\"372bf83\"><style>.stk-372bf83 .stk-img-wrapper{width:100% !important;height:617px !important;}.stk-372bf83 .stk-img-wrapper img{object-position:67% 59% !important;}<\/style><figure><span class=\"stk-img-wrapper stk-image--shape-stretch\"><img loading=\"lazy\" decoding=\"async\" class=\"stk-img\" src=\"https:\/\/myplasticmold.com\/wp-content\/uploads\/2020\/08\/chair-mould_rxitz2.jpg\" width=\"100\" height=\"617\" alt=\"molde de silla\"\/><\/span><\/figure><\/div>\n<\/div><\/div><\/div>\n<\/div><\/div>\n\n\n\n<div class=\"wp-block-stackable-button-group stk-block-button-group stk-block stk-fb03efd\" data-block-id=\"fb03efd\"><style>.stk-fb03efd .stk-button-group{flex-direction:row !important;}@media screen and (max-width: 1023px){.stk-fb03efd .stk-button-group{flex-direction:row !important;}}@media screen and (max-width: 767px){.stk-fb03efd .stk-button-group{flex-direction:row !important;}}<\/style><div class=\"stk-row stk-inner-blocks has-text-align-center stk-block-content stk-button-group\">\n<div class=\"wp-block-stackable-button stk-block-button has-text-align-center stk-block stk-eea1c25 stk-animate\" data-block-id=\"eea1c25\" data-stk-anim-perspective-in=\"100\" data-stk-anim-perspective-out=\"100\"><style>.stk-eea1c25 {border-top-left-radius:50px !important;border-top-right-radius:50px !important;border-bottom-right-radius:50px !important;border-bottom-left-radius:50px !important;overflow:hidden !important;box-shadow:0 0 0 1px #7878781a !important;min-height:68px !important;max-width:1500px !important;min-width:auto !important;padding-top:0px !important;padding-right:0px !important;padding-bottom:0px !important;padding-left:0px !important;margin-right:auto !important;margin-left:auto !important;flex:1 0 var(--stk-button-group-flex-wrap, 0) !important;}.stk-eea1c25 , .stk-eea1c25 .stk-button{width:100% !important;}.stk-eea1c25 .stk-button__inner-text{font-size:43px !important;}@media screen and (max-width: 1023px){.stk-eea1c25 .stk-button__inner-text{font-size:43px !important;}}<\/style><a class=\"stk-link stk-button stk--hover-effect-scale\" href=\"https:\/\/myplasticmold.com\/contact-us-2\/\" target=\"_blank\" rel=\"noreferrer noopener\"><span class=\"stk-button__inner-text\"><strong>30% inferior y 10 d\u00edas menos<\/strong><\/span><\/a><\/div>\n<\/div><\/div>\n\n\n\n<figure class=\"wp-block-embed is-type-video is-provider-youtube wp-block-embed-youtube wp-embed-aspect-16-9 wp-has-aspect-ratio\"><div class=\"wp-block-embed__wrapper\">\n<iframe loading=\"lazy\" title=\"Gu\u00eda definitiva de moldes para sillas: Dise\u00f1o, producci\u00f3n y ventajas\" width=\"1220\" height=\"686\" src=\"https:\/\/www.youtube.com\/embed\/ALzRxQo78UU?feature=oembed\" frameborder=\"0\" allow=\"accelerometer; autoplay; clipboard-write; encrypted-media; gyroscope; picture-in-picture; web-share\" referrerpolicy=\"strict-origin-when-cross-origin\" allowfullscreen><\/iframe>\n<\/div><\/figure>\n\n\n\n<div class=\"wp-block-stackable-columns stk-block-columns stk-block stk-c28cb1b\" data-block-id=\"c28cb1b\"><div class=\"stk-row stk-inner-blocks stk-block-content stk-content-align stk-c28cb1b-column\">\n<div class=\"wp-block-stackable-column stk-block-column stk-column stk-block stk-3c0d64d\" data-v=\"4\" data-block-id=\"3c0d64d\"><div class=\"stk-column-wrapper stk-block-column__content stk-container stk-3c0d64d-container stk--no-background stk--no-padding\"><div class=\"stk-block-content stk-inner-blocks stk-3c0d64d-inner-blocks\">\n<div class=\"wp-block-stackable-image stk-block-image stk-block stk-1271415\" data-block-id=\"1271415\"><figure><span class=\"stk-img-wrapper stk-image--shape-stretch\"><img loading=\"lazy\" decoding=\"async\" class=\"stk-img\" src=\"https:\/\/myplasticmold.com\/wp-content\/uploads\/2020\/08\/chair_mould_maker_ghmapd.jpg\" width=\"150\" height=\"300\" alt=\"molde de silla\"\/><\/span><\/figure><\/div>\n<\/div><\/div><\/div>\n\n\n\n<div class=\"wp-block-stackable-column stk-block-column stk-column stk-block stk-2dc23ed\" data-v=\"4\" data-block-id=\"2dc23ed\"><style>.stk-2dc23ed {align-self:flex-start !important;}<\/style><div class=\"stk-column-wrapper stk-block-column__content stk-container stk-2dc23ed-container stk--no-background stk--no-padding\"><div class=\"has-text-align-left stk-block-content stk-inner-blocks stk-2dc23ed-inner-blocks\">\n<p>El equipo de soporte t\u00e9cnico ofrece asistencia continua a todos los usuarios de nuestros productos. El equipo de expertos est\u00e1 a su disposici\u00f3n para ofrecerle apoyo y responder a cualquier pregunta que pueda tener para que su proceso de producci\u00f3n integre sin problemas nuestros moldes para sillas. <\/p>\n\n\n\n<p>Nuestro molde para sillas representa una tecnolog\u00eda de fabricaci\u00f3n fiable que combina experiencia, excelencia operativa y productividad. Estamos dispuestos a discutir con usted las opciones de apoyo empresarial como parte de nuestras iniciativas de contacto actuales.<\/p>\n<\/div><\/div><\/div>\n<\/div><\/div>\n\n\n\n<div class=\"wp-block-stackable-columns stk-block-columns stk-block stk-b0dd61a\" data-block-id=\"b0dd61a\"><div class=\"stk-row stk-inner-blocks stk-block-content stk-content-align stk-b0dd61a-column\">\n<div class=\"wp-block-stackable-column stk-block-column stk-column stk-block stk-4f13d87\" data-v=\"4\" data-block-id=\"4f13d87\"><style>.stk-4f13d87 {align-self:flex-start !important;}<\/style><div class=\"stk-column-wrapper stk-block-column__content stk-container stk-4f13d87-container stk--no-background stk--no-padding\"><div class=\"has-text-align-left stk-block-content stk-inner-blocks stk-4f13d87-inner-blocks\">\n<div class=\"wp-block-group is-content-justification-center is-layout-constrained wp-block-group-is-layout-constrained\">\n<p>Topworks tiene la capacidad de fabricar moldes de sillas completas utilizando pl\u00e1stico y acero de primera calidad, con rapidez y precisi\u00f3n. Adem\u00e1s, puede personalizar totalmente los moldes para adaptarlos a sus necesidades exactas.<\/p>\n\n\n\n<p>Y lo mejor de todo es que podemos encargarnos de toda la fabricaci\u00f3n desde nuestras instalaciones. Tanto si necesita unos pocos moldes peque\u00f1os para sillas como un mont\u00f3n de ellos para una gran producci\u00f3n, nosotros le cubrimos las espaldas. Nuestra gama de servicios est\u00e1 dise\u00f1ada para satisfacer las necesidades de cada cliente, ahorr\u00e1ndole tiempo y dinero.<\/p>\n<\/div>\n\n\n\n<p><\/p>\n\n\n\n<p>Disposici\u00f3n del molde de la silla<\/p>\n\n\n\n<div class=\"wp-block-group is-content-justification-center is-layout-constrained wp-block-group-is-layout-constrained\">\n<ul class=\"wp-block-list\">\n<li><strong>molde de silla<\/strong>:<\/li>\n\n\n\n<li>cavidad del molde: 1<\/li>\n\n\n\n<li>corredor: corredor caliente<\/li>\n\n\n\n<li>acero de la cavidad del molde: P20<\/li>\n\n\n\n<li>acero del n\u00facleo del molde: P20<\/li>\n\n\n\n<li>inserto deslizante de molde: DIN 1.2738 con nitruraci\u00f3n<\/li>\n\n\n\n<li>Activaci\u00f3n del inserto central:2 cilindros hidr\u00e1ulicos<\/li>\n\n\n\n<li>Material pl\u00e1stico: HDPE<\/li>\n<\/ul>\n<\/div>\n<\/div><\/div><\/div>\n\n\n\n<div class=\"wp-block-stackable-column stk-block-column stk-column stk-block stk-aa63359\" data-v=\"4\" data-block-id=\"aa63359\"><div class=\"stk-column-wrapper stk-block-column__content stk-container stk-aa63359-container stk--no-background stk--no-padding\"><div class=\"stk-block-content stk-inner-blocks stk-aa63359-inner-blocks\">\n<div class=\"wp-block-stackable-image stk-block-image stk-block stk-fef1416\" data-block-id=\"fef1416\"><style>.stk-fef1416 .stk-img-wrapper{width:100% !important;height:850px !important;}<\/style><figure><span class=\"stk-img-wrapper stk-image--shape-stretch\"><img loading=\"lazy\" decoding=\"async\" class=\"stk-img\" src=\"https:\/\/myplasticmold.com\/wp-content\/uploads\/2020\/08\/FB_IMG_1462969789013_tqlx8d.jpg\" width=\"100\" height=\"850\" alt=\"Empresa china de moldes de sillas\"\/><\/span><\/figure><\/div>\n<\/div><\/div><\/div>\n<\/div><\/div>\n\n\n\n<p><\/p>\n\n\n\n<div class=\"wp-block-stackable-columns stk-block-columns stk-block stk-6bd20d6\" data-block-id=\"6bd20d6\"><div class=\"stk-row stk-inner-blocks stk-block-content stk-content-align stk-6bd20d6-column\">\n<div class=\"wp-block-stackable-column stk-block-column stk-column stk-block stk-e603efe\" data-v=\"4\" data-block-id=\"e603efe\"><div class=\"stk-column-wrapper stk-block-column__content stk-container stk-e603efe-container stk--no-background stk--no-padding\"><div class=\"stk-block-content stk-inner-blocks stk-e603efe-inner-blocks\">\n<h2 class=\"wp-block-heading\">Profesionales del molde para sillas Topworks:<\/h2>\n\n\n\n<ol class=\"wp-block-list\">\n<li>Somos profesionales en la fabricaci\u00f3n de todo tipo de moldes, como los de inodoros, asientos de sillas e incluso sillas de exterior.<\/li>\n\n\n\n<li>Nuestros moldes de pl\u00e1stico para sillas son de primera calidad y tienen el precio justo.<\/li>\n\n\n\n<li>Ofrecemos asistencia peri\u00f3dica para cualquier problema t\u00e9cnico o de servicio con el que te encuentres.<\/li>\n\n\n\n<li>Nuestro equipo cuenta con la experiencia y los conocimientos necesarios para realizar el trabajo.<\/li>\n\n\n\n<li>Los moldes de sillas que dise\u00f1amos son obra de dise\u00f1adores cualificados que saben lo que hacen.<\/li>\n\n\n\n<li>Puede confiar en que nuestros moldes ser\u00e1n duraderos y se conservar\u00e1n durante mucho tiempo.<\/li>\n\n\n\n<li>Nos enorgullecemos de ofrecer un trabajo perfecto y de alta calidad.<\/li>\n\n\n\n<li>Puede confiar en nosotros para la entrega puntual de sus moldes de sillas.<\/li>\n<\/ol>\n<\/div><\/div><\/div>\n\n\n\n<div class=\"wp-block-stackable-column stk-block-column stk-column stk-block stk-fb4c595\" data-v=\"4\" data-block-id=\"fb4c595\"><div class=\"stk-column-wrapper stk-block-column__content stk-container stk-fb4c595-container stk--no-background stk--no-padding\"><div class=\"stk-block-content stk-inner-blocks stk-fb4c595-inner-blocks\">\n<figure class=\"wp-block-embed is-type-video is-provider-youtube wp-block-embed-youtube wp-embed-aspect-16-9 wp-has-aspect-ratio\"><div class=\"wp-block-embed__wrapper\">\n<iframe loading=\"lazy\" title=\"Uno de los principales fabricantes de moldes de sillas de China\" width=\"563\" height=\"1000\" src=\"https:\/\/www.youtube.com\/embed\/63uB-Ku3c4k?feature=oembed\" frameborder=\"0\" allow=\"accelerometer; autoplay; clipboard-write; encrypted-media; gyroscope; picture-in-picture; web-share\" referrerpolicy=\"strict-origin-when-cross-origin\" allowfullscreen><\/iframe>\n<\/div><\/figure>\n<\/div><\/div><\/div>\n<\/div><\/div>\n\n\n\n<div class=\"wp-block-stackable-columns stk-block-columns stk-block stk-f73b7cb\" data-block-id=\"f73b7cb\"><div class=\"stk-row stk-inner-blocks stk-block-content stk-content-align stk-f73b7cb-column\">\n<div class=\"wp-block-stackable-column stk-block-column stk-column stk-block stk-6eb11e9\" data-v=\"4\" data-block-id=\"6eb11e9\"><div class=\"stk-column-wrapper stk-block-column__content stk-container stk-6eb11e9-container stk--no-background stk--no-padding\"><div class=\"stk-block-content stk-inner-blocks stk-6eb11e9-inner-blocks\">\n<h2 class=\"wp-block-heading\">PREGUNTAS FRECUENTES: <\/h2>\n\n\n\n<p><strong>\u00bfQu\u00e9 tipos de moldes para sillas y moldes para taburetes ofrecen?<\/strong>Nos centramos en moldes para sillas y taburetes de pl\u00e1stico, que incluyen sillas de comedor, sillas de ocio para exteriores, sillones, sillas para beb\u00e9s y ni\u00f1os, taburetes de bar, taburetes de pie, taburetes plegables y sillas. Bas\u00e1ndonos en sus dise\u00f1os o muestras, tambi\u00e9n ofrecemos dise\u00f1os personalizados.<\/p>\n\n\n\n<p><strong>\u00bfQu\u00e9 materiales utiliza para sus moldes?<\/strong> Los aceros t\u00edpicos utilizados para moldes de sillas y taburetes son P20, 718, S136 y NAK80, y se seleccionan en funci\u00f3n de las necesidades del producto y de su presupuesto.<\/p>\n\n\n\n<p><strong>Platina<\/strong>Tapones: est\u00e1ndar o personalizados: pasadores gu\u00eda de alta precisi\u00f3n, casquillos, elevadores, deslizadores y sistemas eyectores de SMC y otras marcas. Sistemas de refrigeraci\u00f3n y canal caliente disponibles bajo pedido.<\/p>\n\n\n\n<p><strong>\u00bfQu\u00e9 resinas pl\u00e1sticas son adecuadas para el moldeo de sillas y taburetes?<\/strong> PP, HDPE, PC, PA+GF (para alta resistencia) y, cuando es posible, reciclado. En funci\u00f3n de la resistencia requerida, el acabado superficial y el precio, elegimos la resina m\u00e1s adecuada.<\/p>\n\n\n\n<p><strong>\u00bfPueden desarrollar moldes a partir de mi dibujo o muestra?<\/strong> S\u00ed. Desarrollamos moldes a partir de archivos 2D\/3D (STEP, IGES, DWG), as\u00ed como de muestras f\u00edsicas. Nuestro equipo de ingenier\u00eda realiza DFM y propone opciones de grosor de pared, \u00e1ngulos de desmoldeo, nervaduras y compuertas, y despu\u00e9s le proporcionamos un informe de viabilidad y un presupuesto.<\/p>\n\n\n\n<p><strong>\u00bfOfrecen DFM y optimizaci\u00f3n del dise\u00f1o?<\/strong> Definitivamente, prestamos asistencia en DFM (dise\u00f1o para la fabricaci\u00f3n), an\u00e1lisis de flujo de moldes (llenado, empaquetado, enfriamiento, deformaci\u00f3n) y optimizaciones estructurales de tiempos de ciclo, resistencia y producci\u00f3n estable.<\/p>\n\n\n\n<p><strong>\u00bfCu\u00e1l es el plazo de entrega habitual de un molde?<\/strong> 30-60 d\u00edas para moldes de sillas y taburetes est\u00e1ndar, a partir de la aprobaci\u00f3n del dise\u00f1o.  Los plazos de entrega pueden variar debido a la selecci\u00f3n del acero, el acabado de la superficie y la disponibilidad de canales calientes.<\/p>\n\n\n\n<p><strong>\u00bfCu\u00e1l es su modelo de precios? <\/strong>Los precios se basan en el tama\u00f1o y la complejidad del producto, la calidad del acero, el n\u00famero de cavidades, la textura de la superficie y los componentes incluidos (canal caliente, extracci\u00f3n hidr\u00e1ulica de machos, etc.). Proporcionamos presupuestos detallados y especificamos el alcance del trabajo, las condiciones de entrega y pago, y la garant\u00eda.<\/p>\n\n\n\n<p><strong>\u00bfQu\u00e9 informaci\u00f3n necesita para cotizar?<\/strong> Dibujos 2D\/3D del producto o fotos acotadas de la silla o el taburete (muestras) Material previsto (resina), peso y grosor de la pared Volumen anual previsto y duraci\u00f3n del ciclo Tonelaje de prensado y especificaciones de la m\u00e1quina (inyecci\u00f3n, fuerza de apriete, tama\u00f1o de la inyecci\u00f3n) Superficie requerida (pulido, textura, color) y pruebas funcionales<\/p>\n\n\n\n<p><strong>\u00bfProporcionan muestras y pruebas?<\/strong> S\u00ed. Proporcionamos piezas de muestra, informes de ensayos y sugerencias de mejora. Disponemos de ensayos a distancia o in situ, v\u00eddeos y hojas de par\u00e1metros. Se realizan ensayos de moldes T0\/T1\/T2.<\/p>\n<\/div><\/div><\/div>\n<\/div><\/div>\n\n\n\n<h2 class=\"wp-block-heading\"><strong>Proceso de fabricaci\u00f3n de moldes para sillas y asientos de inodoro<\/strong><\/h2>\n\n\n\n<div class=\"wp-block-stackable-columns stk-block-columns stk-block stk-47c5214\" data-block-id=\"47c5214\"><div class=\"stk-row stk-inner-blocks stk-block-content stk-content-align stk-47c5214-column\">\n<div class=\"wp-block-stackable-column stk-block-column stk-column stk-block stk-e225939\" data-v=\"4\" data-block-id=\"e225939\"><div class=\"stk-column-wrapper stk-block-column__content stk-container stk-e225939-container stk--no-background stk--no-padding\"><div class=\"stk-block-content stk-inner-blocks stk-e225939-inner-blocks\">\n<p>La producci\u00f3n de moldes para sillas moldes para asientos de inodoro incluye generalmente las siguientes acciones:<\/p>\n\n\n\n<ol class=\"wp-block-list\">\n<li><strong>Dise\u00f1o e ingenier\u00eda<\/strong>\n<ul class=\"wp-block-list\">\n<li>Realizar bocetos en 3D y modelos CAD seg\u00fan los requisitos de las sillas.<\/li>\n\n\n\n<li>Utilizar an\u00e1lisis de flujo de moldes para copiar el proceso de fabricaci\u00f3n de sillas<\/li>\n\n\n\n<li>El n\u00facleo, la cavidad, las correderas y los eyectores forman parte de un molde de silla de dise\u00f1o.<\/li>\n<\/ul>\n<\/li>\n\n\n\n<li><strong>Herramientas y mecanizado<\/strong>\n<ul class=\"wp-block-list\">\n<li>Los bloques en bruto se moldean en piezas mediante electroerosi\u00f3n, CNC y procesos de producci\u00f3n similares...<\/li>\n\n\n\n<li>La superficie de la herramienta de moldeo ha quedado libre de rugosidades.<\/li>\n\n\n\n<li>Coloque todas las piezas, cavidad, n\u00facleo y dem\u00e1s, en el molde de la silla.<\/li>\n<\/ul>\n<\/li>\n\n\n\n<li><strong>Pruebas y validaci\u00f3n<\/strong>\n<ul class=\"wp-block-list\">\n<li>Realizaci\u00f3n de pruebas en seco para verificar los moldes y los movimientos de la m\u00e1quina<\/li>\n\n\n\n<li>Realizar pruebas en series de producci\u00f3n reales y ajustar los par\u00e1metros del proceso de producci\u00f3n.<\/li>\n\n\n\n<li>Verificar que el rendimiento de los moldes de sillas se ajusta a las normas<\/li>\n<\/ul>\n<\/li>\n\n\n\n<li><strong>Mantenimiento y control<\/strong>\n<ul class=\"wp-block-list\">\n<li>Aseg\u00farese de comprobar y limpiar los moldes con regularidad.<\/li>\n\n\n\n<li>Comprueba la calidad de la actuaci\u00f3n en todo momento.<\/li>\n\n\n\n<li>Cambie los componentes cuando sea necesario siguiendo el programa de mantenimiento.<\/li>\n<\/ul>\n<\/li>\n<\/ol>\n\n\n\n<p>El art\u00edculo siguiente describe cada una de las etapas clave. Se pueden ofrecer m\u00e1s explicaciones sobre los m\u00e9todos espec\u00edficos, el equipamiento y las revisiones y validaciones en cada paso de la fabricaci\u00f3n de moldes de sillas y aseos de alta calidad.<\/p>\n<\/div><\/div><\/div>\n<\/div><\/div>","protected":false},"excerpt":{"rendered":"<p>What is Chair Mould? A chair mould functions as an advanced manufacturing tool that produces top-tier chair components. The production efficiency depends on chair moulds, which provide both precision and durability. Usage Scenarios Chair Mould, Plastic molded chair We present our advanced Chair Mould which fulfills all industry requirements at their peak. Our seasoned experience [&hellip;]<\/p>\n","protected":false},"author":3,"featured_media":0,"parent":0,"menu_order":0,"comment_status":"closed","ping_status":"open","template":"","meta":{"footnotes":""},"class_list":["post-188","page","type-page","status-publish","hentry"],"blocksy_meta":{"styles_descriptor":{"styles":{"desktop":"","tablet":"","mobile":""},"google_fonts":[],"version":6},"page_structure_type":"type-4"},"_links":{"self":[{"href":"https:\/\/myplasticmold.com\/es\/wp-json\/wp\/v2\/pages\/188","targetHints":{"allow":["GET"]}}],"collection":[{"href":"https:\/\/myplasticmold.com\/es\/wp-json\/wp\/v2\/pages"}],"about":[{"href":"https:\/\/myplasticmold.com\/es\/wp-json\/wp\/v2\/types\/page"}],"author":[{"embeddable":true,"href":"https:\/\/myplasticmold.com\/es\/wp-json\/wp\/v2\/users\/3"}],"replies":[{"embeddable":true,"href":"https:\/\/myplasticmold.com\/es\/wp-json\/wp\/v2\/comments?post=188"}],"version-history":[{"count":2,"href":"https:\/\/myplasticmold.com\/es\/wp-json\/wp\/v2\/pages\/188\/revisions"}],"predecessor-version":[{"id":12677,"href":"https:\/\/myplasticmold.com\/es\/wp-json\/wp\/v2\/pages\/188\/revisions\/12677"}],"wp:attachment":[{"href":"https:\/\/myplasticmold.com\/es\/wp-json\/wp\/v2\/media?parent=188"}],"curies":[{"name":"wp","href":"https:\/\/api.w.org\/{rel}","templated":true}]}}