{"id":186,"date":"2012-07-15T09:49:10","date_gmt":"2012-07-15T09:49:10","guid":{"rendered":"https:\/\/myplasticmold.com\/?page_id=186"},"modified":"2023-07-19T12:45:15","modified_gmt":"2023-07-19T04:45:15","slug":"molde-de-maceta-de-plastico","status":"publish","type":"page","link":"https:\/\/myplasticmold.com\/es\/molde-de-maceta-de-plastico","title":{"rendered":"Molde de pl\u00e1stico para maceta"},"content":{"rendered":"<h2 class=\"wp-block-heading\">china fabricante de moldes de pl\u00e1stico para macetas<\/h2>\n\n\n\n<p>\u00bfBusca moldes de pl\u00e1stico de primera calidad para macetas? No busque m\u00e1s. Somos un importante proveedor chino de moldes de pl\u00e1stico con m\u00e1s de 15 a\u00f1os de experiencia en el sector. Con nuestros productos de alta calidad y un servicio excepcional, nos aseguramos de que su viaje hacia la creaci\u00f3n de impresionantes macetas sea f\u00e1cil y gratificante.<\/p>\n\n\n\n<p>\u00bfPor qu\u00e9 elegir nuestros moldes de pl\u00e1stico para macetas? Veamos sus ventajas:<\/p>\n\n\n\n<ol class=\"wp-block-list\">\n<li><strong>Impecable fabricaci\u00f3n china<\/strong>: Nuestros moldes se fabrican con orgullo en China, donde la precisi\u00f3n y la artesan\u00eda son inigualables. Cada molde se somete a rigurosas medidas de control de calidad, lo que garantiza dise\u00f1os impecables y un rendimiento intachable.<\/li>\n\n\n\n<li><strong>Soluci\u00f3n integral:<\/strong> Diga adi\u00f3s a las molestias de buscar diferentes proveedores. Le ofrecemos una amplia gama de moldes, que le permitir\u00e1n encontrar la combinaci\u00f3n perfecta para los dise\u00f1os de macetas que desee. De peque\u00f1as a grandes, de tradicionales a contempor\u00e1neas, \u00a1tenemos todo lo que necesita!<\/li>\n\n\n\n<li><strong>Rapidez y eficacia:<\/strong> Somos conscientes de la importancia de cumplir los plazos de entrega. Gracias a nuestros \u00e1giles procesos de producci\u00f3n, garantizamos plazos de entrega r\u00e1pidos sin comprometer la calidad. Experimente un desarrollo de productos m\u00e1s r\u00e1pido y haga realidad sus ideas de macetas en un abrir y cerrar de ojos.<\/li>\n\n\n\n<li><strong>Precios competitivos:<\/strong> Creemos que la calidad excepcional debe estar al alcance de todos. Nuestros moldes de pl\u00e1stico para macetas tienen un precio competitivo, lo que le permite maximizar su presupuesto sin comprometer la durabilidad ni el dise\u00f1o. Con nosotros, \u00a1la asequibilidad se une a la excelencia!<\/li>\n<\/ol>\n\n\n\n<p>Descubra las infinitas posibilidades que le esperan con nuestros moldes de pl\u00e1stico para macetas. Cree macetas llamativas y vibrantes que cautiven a sus clientes y realcen cualquier espacio. Revolucione su negocio con nuestras soluciones fiables e innovadoras.<\/p>\n\n\n\n<p>D\u00e9 el primer paso para transformar su producci\u00f3n de macetas. P\u00f3ngase en contacto con nosotros hoy mismo y descubra el potencial de nuestros moldes de pl\u00e1stico para macetas fabricados en China. Eleve su negocio, cautive a su p\u00fablico y cause una impresi\u00f3n duradera. \u00a1No pierda esta oportunidad!<\/p>\n\n\n\n<p>Haga su pedido ahora y experimente la combinaci\u00f3n perfecta de calidad, eficacia y asequibilidad. Perm\u00edtanos ser su socio de confianza en su viaje hacia la creaci\u00f3n de exquisitas macetas de pl\u00e1stico. Juntos haremos florecer su visi\u00f3n.<\/p>\n\n\n\n<p>Molde de pl\u00e1stico para maceta<\/p>\n\n\n\n<figure class=\"wp-block-image\"><a href=\"https:\/\/myplasticmold.com\/wp-content\/uploads\/2020\/04\/garden_qghv3q.jpg\"><img loading=\"lazy\" decoding=\"async\" width=\"470\" height=\"502\" src=\"https:\/\/myplasticmold.com\/wp-content\/uploads\/2020\/04\/garden_qghv3q.jpg\" alt=\"molde de pl\u00e1stico para macetas\" class=\"wp-image-310\" title=\"molde de pl\u00e1stico para macetas\" srcset=\"https:\/\/myplasticmold.com\/wp-content\/uploads\/2020\/04\/garden_qghv3q.jpg 470w, https:\/\/myplasticmold.com\/wp-content\/uploads\/2020\/04\/garden_qghv3q-281x300.jpg 281w\" sizes=\"auto, (max-width: 470px) 100vw, 470px\" \/><\/a><\/figure>\n\n\n\n<figure class=\"wp-block-image alignleft\"><a href=\"https:\/\/myplasticmold.com\/wp-content\/uploads\/2020\/04\/flower-pot-mould_em4hgs.jpg\"><img loading=\"lazy\" decoding=\"async\" width=\"633\" height=\"440\" src=\"https:\/\/myplasticmold.com\/wp-content\/uploads\/2020\/04\/flower-pot-mould_em4hgs.jpg\" alt=\"molde de maceta de pl\u00e1stico\" class=\"wp-image-260\" title=\"molde de maceta\" srcset=\"https:\/\/myplasticmold.com\/wp-content\/uploads\/2020\/04\/flower-pot-mould_em4hgs.jpg 633w, https:\/\/myplasticmold.com\/wp-content\/uploads\/2020\/04\/flower-pot-mould_em4hgs-300x209.jpg 300w\" sizes=\"auto, (max-width: 633px) 100vw, 633px\" \/><\/a><\/figure>\n\n\n\n<ul class=\"wp-block-list\">\n<li>molde de pl\u00e1stico para macetas:<\/li>\n\n\n\n<li>cavidad del molde:1<\/li>\n\n\n\n<li>Hotrunner:1 gotas con espirales calefactoras \"HOTSET<\/li>\n\n\n\n<li>molde de pl\u00e1stico para macetas cavidad de acero:P20<\/li>\n\n\n\n<li>molde de pl\u00e1stico para macetas n\u00facleo de acero:P20<\/li>\n\n\n\n<li>Material pl\u00e1stico:HDPE<\/li>\n\n\n\n<li>Duraci\u00f3n del ciclo: 30 segundos<\/li>\n\n\n\n<li>Plazo de entrega: 35 d\u00edas.<\/li>\n<\/ul>\n\n\n\n<p>Consejos para reducir el coste de los moldes de pl\u00e1stico para macetas<\/p>\n\n\n\n<p>Probablemente una de las razones m\u00e1s comunes para utilizar pl\u00e1sticos en las herramientas es reducir el coste del <a href=\"https:\/\/myplasticmold.com\/es\/molde-de-maceta-de-plastico\">Fabricaci\u00f3n de moldes de pl\u00e1stico para macetas<\/a>. Las siguientes recomendaciones pueden ayudar con frecuencia a reducir los costes al m\u00ednimo:<\/p>\n\n\n\n<ol class=\"wp-block-list\">\n<li>Simplifique <a href=\"https:\/\/myplasticmold.com\/es\/molde-de-maceta-de-plastico\">molde de maceta<\/a>&nbsp;dise\u00f1o. Un dise\u00f1o de molde consistente en descripciones de palabras y bocetos junto con la impresi\u00f3n de la pieza elimina la necesidad de un dibujo complicado y completamente acotado, y puede ser el primer paso hacia la reducci\u00f3n de costes. Por ejemplo, los \u00fatiles de taladrado fabricados con laminados de pl\u00e1stico reforzado con fibra de vidrio y utilizados para taladrar agujeros en piezas de chapa met\u00e1lica conformadas se fabrican con frecuencia a partir de una pieza de muestra que tiene los agujeros taladrados en su ubicaci\u00f3n correcta. Las instrucciones para una herramienta de este tipo pueden consistir en <strong>un boceto a mano alzada, o marcas en la pieza<\/strong> con una descripci\u00f3n escrita en la que se especifique el grosor del laminado y el tama\u00f1o y tipo de casquillos de perforaci\u00f3n necesarios.<\/li>\n\n\n\n<li>Utilice modelos o piezas existentes. Dado que el pl\u00e1stico es esencialmente un material de duplicaci\u00f3n, siempre debe existir una forma, excepto en casos especiales como las construcciones de plantillas de desv\u00e1n. Siempre que sea posible, utilice una forma ya disponible, como un modelo o una pieza prototipo, y reproduzca esta forma en pl\u00e1stico.<\/li>\n\n\n\n<li>Construya nuevos modelos con forma masculina. Cuando haya que hacer modelos maestros, constr\u00fayalos de la forma m\u00e1s f\u00e1cil de duplicar (normalmente una forma masculina), y en el lado del metal que requiera la menor transferencia de grosor de la pieza.<\/li>\n\n\n\n<li>Utilice canales planos. Los canales planos son los m\u00e1s f\u00e1ciles de construir y deben utilizarse siempre que sea posible.<\/li>\n\n\n\n<li>Elimine los destalonamientos y las piezas sueltas. Recuerde que al reproducir una forma en pl\u00e1stico, el pl\u00e1stico <strong>olla de flujo<\/strong> La forma debe eliminarse del modelo. Siempre que sea posible, elimine todos los destalonamientos y piezas sueltas, simplificando la reproducci\u00f3n de la forma.<\/li>\n\n\n\n<li>Utilizar laminados tipo celos\u00eda. Siempre que sea posible, deben utilizarse estructuras laminadas tipo celos\u00eda en lugar de estructuras s\u00f3lidas. Las estructuras reticulares requieren menos material y menos mano de obra, y son m\u00e1s ligeras.<\/li>\n\n\n\n<li>Seleccione cuidadosamente las estructuras de soporte. Cada tipo de estructura de soporte presenta ventajas para determinados tipos de herramientas. La madera es r\u00e1pida y barata, pero tiene una estabilidad dimensional relativamente baja y planos de debilidad bien definidos. La fundici\u00f3n de hierro es m\u00e1s barata que la madera y est\u00e1 m\u00e1s disponible en t\u00e9rminos de plazo de entrega, pero puede requerir un mecanizado costoso y laborioso. El aluminio fundido es m\u00e1s costoso que el hierro, pero suele obtenerse con mayor rapidez y es m\u00e1s f\u00e1cil de mecanizar. El acero fundido es m\u00e1s caro y tarda m\u00e1s en conseguirse, pero ofrece la m\u00e1xima resistencia. Las soldaduras son casi tan caras y tan resistentes como el acero fundido, y pueden obtenerse antes. Las estructuras portantes de pl\u00e1stico fabricadas pueden ser costosas, tanto en materiales como en mano de obra, pero ofrecen poco peso.<\/li>\n\n\n\n<li>Utilizar rellenos en <strong>utillaje para recipientes de flujo de pl\u00e1sticos<\/strong> materiales. Cuando se necesitan masas relativamente grandes de pl\u00e1sticos y la resistencia no es cr\u00edtica, las cargas pueden aumentar el rendimiento de los materiales pl\u00e1sticos relativamente caros.<\/li>\n\n\n\n<li>Encapsulado de grandes superficies planas. El lento y costoso mecanizado de grandes superficies puede eliminarse encapsulando superficies de una placa de superficie en pastillas, nervaduras o superficies continuas completas.<\/li>\n<\/ol>\n\n\n\n<figure class=\"wp-block-image\"><img loading=\"lazy\" decoding=\"async\" width=\"670\" height=\"930\" src=\"https:\/\/myplasticmold.com\/wp-content\/uploads\/2020\/04\/E69CAAE591BDE5908D_meitu_0_q7vqas.jpg\" alt=\"molde de maceta\" class=\"wp-image-5370\" srcset=\"https:\/\/myplasticmold.com\/wp-content\/uploads\/2020\/04\/E69CAAE591BDE5908D_meitu_0_q7vqas.jpg 670w, https:\/\/myplasticmold.com\/wp-content\/uploads\/2020\/04\/E69CAAE591BDE5908D_meitu_0_q7vqas-216x300.jpg 216w\" sizes=\"auto, (max-width: 670px) 100vw, 670px\" \/><\/figure>","protected":false},"excerpt":{"rendered":"<p>china Plastic Flower Pot Mould maker Are you in search of top-notch plastic flower pot moulds? Look no further! We are a leading Chinese plastic mould supplier with over 15 years of industry expertise. With our high-quality products and exceptional service, we ensure your journey to creating stunning flower pots is effortless and rewarding. Why [&hellip;]<\/p>\n","protected":false},"author":3,"featured_media":0,"parent":0,"menu_order":0,"comment_status":"open","ping_status":"open","template":"","meta":{"footnotes":""},"class_list":["post-186","page","type-page","status-publish","hentry"],"blocksy_meta":{"styles_descriptor":{"styles":{"desktop":"","tablet":"","mobile":""},"google_fonts":[],"version":6}},"_links":{"self":[{"href":"https:\/\/myplasticmold.com\/es\/wp-json\/wp\/v2\/pages\/186","targetHints":{"allow":["GET"]}}],"collection":[{"href":"https:\/\/myplasticmold.com\/es\/wp-json\/wp\/v2\/pages"}],"about":[{"href":"https:\/\/myplasticmold.com\/es\/wp-json\/wp\/v2\/types\/page"}],"author":[{"embeddable":true,"href":"https:\/\/myplasticmold.com\/es\/wp-json\/wp\/v2\/users\/3"}],"replies":[{"embeddable":true,"href":"https:\/\/myplasticmold.com\/es\/wp-json\/wp\/v2\/comments?post=186"}],"version-history":[{"count":0,"href":"https:\/\/myplasticmold.com\/es\/wp-json\/wp\/v2\/pages\/186\/revisions"}],"wp:attachment":[{"href":"https:\/\/myplasticmold.com\/es\/wp-json\/wp\/v2\/media?parent=186"}],"curies":[{"name":"wp","href":"https:\/\/api.w.org\/{rel}","templated":true}]}}