{"id":158,"date":"2012-07-15T08:13:59","date_gmt":"2012-07-15T08:13:59","guid":{"rendered":"https:\/\/myplasticmold.com\/?page_id=158"},"modified":"2022-07-08T16:33:35","modified_gmt":"2022-07-08T08:33:35","slug":"molde-por-soplado","status":"publish","type":"page","link":"https:\/\/myplasticmold.com\/es\/molde-por-soplado","title":{"rendered":"Molde de soplado,fabricantes de moldes de soplado,empresas de moldeo por soplado,Pet blow mouldder"},"content":{"rendered":"<h1 class=\"wp-block-heading\">Molde de soplado,soplado de mascotas,fabricantes de moldes de soplado,empresas de soplado<\/h1>\n\n\n\n<figure class=\"wp-block-image alignright\"><a href=\"https:\/\/myplasticmold.com\/wp-content\/uploads\/2012\/07\/blow-mold.jpg\"><img loading=\"lazy\" decoding=\"async\" width=\"500\" height=\"375\" src=\"https:\/\/myplasticmold.com\/wp-content\/uploads\/2012\/07\/blow-mold.jpg\" alt=\"molde por soplado\" class=\"wp-image-396\" title=\"molde por soplado\" srcset=\"https:\/\/myplasticmold.com\/wp-content\/uploads\/2012\/07\/blow-mold.jpg 500w, https:\/\/myplasticmold.com\/wp-content\/uploads\/2012\/07\/blow-mold-300x225.jpg 300w\" sizes=\"auto, (max-width: 500px) 100vw, 500px\" \/><\/a><\/figure>\n\n\n\n<p>Tambi\u00e9n estamos especializados en <a href=\"https:\/\/myplasticmold.com\/es\/molde-por-soplado\"><strong>molde por soplado<\/strong><\/a> y nos enorgullecemos de contar con un equipo de dise\u00f1adores y <a href=\"https:\/\/myplasticmold.com\/es\/molde-por-soplado\">Fabricantes de moldes de soplado<\/a> comprometidos con la excelencia.  Muchos de nuestros empleados llevan m\u00e1s de 20 a\u00f1os en la industria de moldes de soplado de Pet para<\/p>\n\n\n\n<ul class=\"wp-block-list\"><li>Molde de extrusi\u00f3n para botellas<\/li><li>Inyecci\u00f3n <strong>Molde de soplado<\/strong><\/li><li>Molde de estirado-soplado<\/li><\/ul>\n\n\n\n<div class=\"wp-block-qubely-button qubely-block-7e3d7f\" data-qubelyanimation=\"{&quot;animation&quot;:&quot;bounce&quot;,&quot;name&quot;:&quot;bounceCenter&quot;,&quot;repeat&quot;:&quot;once&quot;,&quot;direction&quot;:&quot;Center&quot;,&quot;duration&quot;:1000,&quot;delay&quot;:0,&quot;curve&quot;:&quot;ease-in-out&quot;,&quot;openAnimation&quot;:1}\"><div class=\"qubely-block-btn-wrapper\"><div class=\"qubely-block-btn\"><a class=\"qubely-block-btn-anchor is-large\" href=\"https:\/\/myplasticmold.com\/contact-us-2\/\" target=\"_blank\" rel=\"nofollow noopener noreferrer\"><i class=\"qubely-btn-icon fas fa-hand-point-right\"><\/i><strong><span data-fontsize=\"22\" style=\"font-size: 22px;\" class=\"qubely-custom-font\">OBTENER UN PRESUPUESTO GRATUITO,PRECIO 30% M\u00c1S BAJO Y ENTREGA 10 D\u00cdAS MENOS<\/span><\/strong><\/a><\/div><\/div><\/div>\n\n\n\n<h2 class=\"wp-block-heading\">Nuestro material de molde de soplado:<\/h2>\n\n\n\n<ul class=\"wp-block-list\"><li>aluminio aeron\u00e1utico : 6061 y 7075<\/li><li>Acero para herramientas P-20<\/li><li>NAK-55<\/li><li>aceros inoxidables\uff1aDIN 1.2316<\/li><li>berilio-cobre<\/li><\/ul>\n\n\n\n<p>Cubre las industrias::<\/p>\n\n\n\n<figure class=\"wp-block-image alignright\"><a href=\"https:\/\/myplasticmold.com\/wp-content\/uploads\/2012\/07\/blow-mould.jpg\"><img loading=\"lazy\" decoding=\"async\" width=\"500\" height=\"366\" src=\"https:\/\/myplasticmold.com\/wp-content\/uploads\/2012\/07\/blow-mould.jpg\" alt=\"Fabricantes de moldes de soplado\" class=\"wp-image-399\" title=\"Fabricantes de moldes de soplado\" srcset=\"https:\/\/myplasticmold.com\/wp-content\/uploads\/2012\/07\/blow-mould.jpg 500w, https:\/\/myplasticmold.com\/wp-content\/uploads\/2012\/07\/blow-mould-300x219.jpg 300w\" sizes=\"auto, (max-width: 500px) 100vw, 500px\" \/><\/a><\/figure>\n\n\n\n<p>Embalaje&nbsp;&nbsp;&nbsp;&nbsp;&nbsp;&nbsp;&nbsp;&nbsp;&nbsp;&nbsp;&nbsp;&nbsp;&nbsp;&nbsp;&nbsp;&nbsp;&nbsp;&nbsp;&nbsp;&nbsp;&nbsp;&nbsp;&nbsp;&nbsp;&nbsp;&nbsp;&nbsp;&nbsp;&nbsp;&nbsp;&nbsp;&nbsp;&nbsp;&nbsp;&nbsp;&nbsp;&nbsp;&nbsp;&nbsp;&nbsp;&nbsp;&nbsp;&nbsp;&nbsp;&nbsp;&nbsp;&nbsp;&nbsp;&nbsp;&nbsp;&nbsp;&nbsp;&nbsp;&nbsp;&nbsp;&nbsp;&nbsp;&nbsp;&nbsp;&nbsp;&nbsp;&nbsp;&nbsp;&nbsp;&nbsp;&nbsp;&nbsp;&nbsp;&nbsp;&nbsp;&nbsp;&nbsp;&nbsp;&nbsp;&nbsp;&nbsp;&nbsp;&nbsp;&nbsp;&nbsp;&nbsp;&nbsp;&nbsp;&nbsp;&nbsp;&nbsp;&nbsp;&nbsp;&nbsp;&nbsp;&nbsp;&nbsp;&nbsp;&nbsp;&nbsp;&nbsp;&nbsp;&nbsp;&nbsp; <\/p>\n\n\n\n<ul class=\"wp-block-list\"><li>Recipientes para bebidas calientes y fr\u00edas<\/li><li>Envases de productos dom\u00e9sticos y alimentarios<\/li><li>Envases de bebidas alcoh\u00f3licas<\/li><li>Envases de refrescos<\/li><li>Contenedores de aceite de motor<\/li><li>Envases para productos l\u00e1cteos<\/li><\/ul>\n\n\n\n<p>Industrial<\/p>\n\n\n\n<ul class=\"wp-block-list\"><li>Maletines de herramientas<\/li><li>T\u00f3ner <strong>golpe de mascota<\/strong> botellas<\/li><li>Paneles de dos componentes<\/li><li>Productos de entretenimiento<\/li><li>Sistemas de pal\u00e9s<\/li><li>Muebles&nbsp;&nbsp;&nbsp;&nbsp;&nbsp;&nbsp;&nbsp;&nbsp;&nbsp;&nbsp;&nbsp;&nbsp;&nbsp;&nbsp;&nbsp;&nbsp;&nbsp;&nbsp;&nbsp;&nbsp;&nbsp;&nbsp;&nbsp;&nbsp;&nbsp;&nbsp;&nbsp;&nbsp;&nbsp;&nbsp;&nbsp;&nbsp;&nbsp;&nbsp;&nbsp;&nbsp;&nbsp;&nbsp;&nbsp;&nbsp;&nbsp;&nbsp;&nbsp;&nbsp;&nbsp;&nbsp;&nbsp;&nbsp;&nbsp;&nbsp;&nbsp;&nbsp;&nbsp;&nbsp;&nbsp;&nbsp;&nbsp;&nbsp;&nbsp;&nbsp;&nbsp;&nbsp;&nbsp;&nbsp;&nbsp;&nbsp;&nbsp;&nbsp;&nbsp;&nbsp;&nbsp;&nbsp;&nbsp;&nbsp;&nbsp;&nbsp;&nbsp;&nbsp;&nbsp;&nbsp;&nbsp;&nbsp;&nbsp;&nbsp;&nbsp;&nbsp;&nbsp;&nbsp;&nbsp;&nbsp;&nbsp;&nbsp;&nbsp;&nbsp;&nbsp;&nbsp;&nbsp;&nbsp;&nbsp;&nbsp;&nbsp;&nbsp;&nbsp;&nbsp;&nbsp;&nbsp;&nbsp;&nbsp;&nbsp;&nbsp;&nbsp;&nbsp;&nbsp;&nbsp;&nbsp;&nbsp;<a href=\"https:\/\/myplasticmold.com\/wp-content\/uploads\/2012\/07\/500ML-3.jpg\"><img loading=\"lazy\" decoding=\"async\" class=\"wp-image-400 alignright\" title=\"Molde de soplado PET\" src=\"https:\/\/myplasticmold.com\/wp-content\/uploads\/2012\/07\/500ML-3.jpg\" alt=\"Molde de soplado PET\" width=\"352\" height=\"226\"><\/a><\/li><li>Juguetes<\/li><\/ul>\n\n\n\n<p>T\u00e9cnico<\/p>\n\n\n\n<ul class=\"wp-block-list\"><li>Recipientes para fluidos -<br>lavaparabrisas, rebosadero de refrigerante<\/li><li>Sistemas de inducci\u00f3n de aire<\/li><li>Varios componentes bajo el cap\u00f3<\/li><li>Moldeo por inserci\u00f3n<\/li><li>Paneles de suelo<\/li><\/ul>\n\n\n\n<p>Molde de soplado PET:<\/p>\n\n\n\n<figure class=\"wp-block-gallery has-nested-images columns-default is-cropped wp-block-gallery-1 is-layout-flex wp-block-gallery-is-layout-flex\">\n<figure class=\"wp-block-image size-large\"><a href=\"https:\/\/myplasticmold.com\/wp-content\/uploads\/2022\/05\/0000.jpg\"><img loading=\"lazy\" decoding=\"async\" width=\"500\" height=\"492\" data-id=\"8702\" src=\"https:\/\/myplasticmold.com\/wp-content\/uploads\/2022\/05\/0000.jpg\" alt=\"\" class=\"wp-image-8702\" srcset=\"https:\/\/myplasticmold.com\/wp-content\/uploads\/2022\/05\/0000.jpg 500w, https:\/\/myplasticmold.com\/wp-content\/uploads\/2022\/05\/0000-300x295.jpg 300w\" sizes=\"auto, (max-width: 500px) 100vw, 500px\" \/><\/a><\/figure>\n\n\n\n<figure class=\"wp-block-image size-large\"><a href=\"https:\/\/myplasticmold.com\/wp-content\/uploads\/2022\/05\/2-1.jpg\"><img loading=\"lazy\" decoding=\"async\" width=\"500\" height=\"375\" data-id=\"8703\" src=\"https:\/\/myplasticmold.com\/wp-content\/uploads\/2022\/05\/2-1.jpg\" alt=\"\" class=\"wp-image-8703\" srcset=\"https:\/\/myplasticmold.com\/wp-content\/uploads\/2022\/05\/2-1.jpg 500w, https:\/\/myplasticmold.com\/wp-content\/uploads\/2022\/05\/2-1-300x225.jpg 300w\" sizes=\"auto, (max-width: 500px) 100vw, 500px\" \/><\/a><\/figure>\n\n\n\n<figure class=\"wp-block-image size-large\"><a href=\"https:\/\/myplasticmold.com\/wp-content\/uploads\/2022\/05\/500-1.jpg\"><img loading=\"lazy\" decoding=\"async\" width=\"500\" height=\"375\" data-id=\"8704\" src=\"https:\/\/myplasticmold.com\/wp-content\/uploads\/2022\/05\/500-1.jpg\" alt=\"\" class=\"wp-image-8704\" srcset=\"https:\/\/myplasticmold.com\/wp-content\/uploads\/2022\/05\/500-1.jpg 500w, https:\/\/myplasticmold.com\/wp-content\/uploads\/2022\/05\/500-1-300x225.jpg 300w\" sizes=\"auto, (max-width: 500px) 100vw, 500px\" \/><\/a><\/figure>\n\n\n\n<figure class=\"wp-block-image size-large\"><a href=\"https:\/\/myplasticmold.com\/wp-content\/uploads\/2022\/05\/500ML-3.jpg\"><img loading=\"lazy\" decoding=\"async\" width=\"500\" height=\"375\" data-id=\"8709\" src=\"https:\/\/myplasticmold.com\/wp-content\/uploads\/2022\/05\/500ML-3.jpg\" alt=\"\" class=\"wp-image-8709\" srcset=\"https:\/\/myplasticmold.com\/wp-content\/uploads\/2022\/05\/500ML-3.jpg 500w, https:\/\/myplasticmold.com\/wp-content\/uploads\/2022\/05\/500ML-3-300x225.jpg 300w\" sizes=\"auto, (max-width: 500px) 100vw, 500px\" \/><\/a><\/figure>\n\n\n\n<figure class=\"wp-block-image size-large\"><a href=\"https:\/\/myplasticmold.com\/wp-content\/uploads\/2022\/05\/2011_06290044.jpg\"><img loading=\"lazy\" decoding=\"async\" width=\"500\" height=\"375\" data-id=\"8706\" src=\"https:\/\/myplasticmold.com\/wp-content\/uploads\/2022\/05\/2011_06290044.jpg\" alt=\"\" class=\"wp-image-8706\" srcset=\"https:\/\/myplasticmold.com\/wp-content\/uploads\/2022\/05\/2011_06290044.jpg 500w, https:\/\/myplasticmold.com\/wp-content\/uploads\/2022\/05\/2011_06290044-300x225.jpg 300w\" sizes=\"auto, (max-width: 500px) 100vw, 500px\" \/><\/a><\/figure>\n\n\n\n<figure class=\"wp-block-image size-large\"><a href=\"https:\/\/myplasticmold.com\/wp-content\/uploads\/2022\/05\/2011424-1.jpg\"><img loading=\"lazy\" decoding=\"async\" width=\"500\" height=\"375\" data-id=\"8713\" src=\"https:\/\/myplasticmold.com\/wp-content\/uploads\/2022\/05\/2011424-1.jpg\" alt=\"\" class=\"wp-image-8713\" srcset=\"https:\/\/myplasticmold.com\/wp-content\/uploads\/2022\/05\/2011424-1.jpg 500w, https:\/\/myplasticmold.com\/wp-content\/uploads\/2022\/05\/2011424-1-300x225.jpg 300w\" sizes=\"auto, (max-width: 500px) 100vw, 500px\" \/><\/a><\/figure>\n\n\n\n<figure class=\"wp-block-image size-large\"><a href=\"https:\/\/myplasticmold.com\/wp-content\/uploads\/2022\/05\/20110507-1.jpg\"><img loading=\"lazy\" decoding=\"async\" width=\"500\" height=\"375\" data-id=\"8705\" src=\"https:\/\/myplasticmold.com\/wp-content\/uploads\/2022\/05\/20110507-1.jpg\" alt=\"\" class=\"wp-image-8705\" srcset=\"https:\/\/myplasticmold.com\/wp-content\/uploads\/2022\/05\/20110507-1.jpg 500w, https:\/\/myplasticmold.com\/wp-content\/uploads\/2022\/05\/20110507-1-300x225.jpg 300w\" sizes=\"auto, (max-width: 500px) 100vw, 500px\" \/><\/a><\/figure>\n\n\n\n<figure class=\"wp-block-image size-large\"><a href=\"https:\/\/myplasticmold.com\/wp-content\/uploads\/2022\/05\/DSC02022-1.jpg\"><img loading=\"lazy\" decoding=\"async\" width=\"500\" height=\"375\" data-id=\"8707\" src=\"https:\/\/myplasticmold.com\/wp-content\/uploads\/2022\/05\/DSC02022-1.jpg\" alt=\"\" class=\"wp-image-8707\" srcset=\"https:\/\/myplasticmold.com\/wp-content\/uploads\/2022\/05\/DSC02022-1.jpg 500w, https:\/\/myplasticmold.com\/wp-content\/uploads\/2022\/05\/DSC02022-1-300x225.jpg 300w\" sizes=\"auto, (max-width: 500px) 100vw, 500px\" \/><\/a><\/figure>\n\n\n\n<figure class=\"wp-block-image size-large\"><a href=\"https:\/\/myplasticmold.com\/wp-content\/uploads\/2022\/05\/IMG_1535.jpg\"><img loading=\"lazy\" decoding=\"async\" width=\"500\" height=\"375\" data-id=\"8708\" src=\"https:\/\/myplasticmold.com\/wp-content\/uploads\/2022\/05\/IMG_1535.jpg\" alt=\"\" class=\"wp-image-8708\" srcset=\"https:\/\/myplasticmold.com\/wp-content\/uploads\/2022\/05\/IMG_1535.jpg 500w, https:\/\/myplasticmold.com\/wp-content\/uploads\/2022\/05\/IMG_1535-300x225.jpg 300w\" sizes=\"auto, (max-width: 500px) 100vw, 500px\" \/><\/a><\/figure>\n\n\n\n<figure class=\"wp-block-image size-large\"><a href=\"https:\/\/res.cloudinary.com\/steven-cheng\/images\/f_auto,q_auto\/v1652879625\/S5000674\/S5000674.jpg?_i=AA\" target=\"_blank\" rel=\"noopener\"><img loading=\"lazy\" decoding=\"async\" width=\"500\" height=\"375\" data-id=\"8712\" src=\"https:\/\/myplasticmold.com\/wp-content\/uploads\/2022\/05\/S5000674.jpg\" alt=\"\" class=\"wp-image-8712\" srcset=\"https:\/\/myplasticmold.com\/wp-content\/uploads\/2022\/05\/S5000674.jpg 500w, https:\/\/myplasticmold.com\/wp-content\/uploads\/2022\/05\/S5000674-300x225.jpg 300w\" sizes=\"auto, (max-width: 500px) 100vw, 500px\" \/><\/a><\/figure>\n\n\n\n<figure class=\"wp-block-image size-large\"><a href=\"https:\/\/myplasticmold.com\/wp-content\/uploads\/2022\/05\/S5000924.jpg\"><img loading=\"lazy\" decoding=\"async\" width=\"500\" height=\"375\" data-id=\"8710\" src=\"https:\/\/myplasticmold.com\/wp-content\/uploads\/2022\/05\/S5000924.jpg\" alt=\"\" class=\"wp-image-8710\" srcset=\"https:\/\/myplasticmold.com\/wp-content\/uploads\/2022\/05\/S5000924.jpg 500w, https:\/\/myplasticmold.com\/wp-content\/uploads\/2022\/05\/S5000924-300x225.jpg 300w\" sizes=\"auto, (max-width: 500px) 100vw, 500px\" \/><\/a><\/figure>\n\n\n\n<figure class=\"wp-block-image size-large\"><a href=\"https:\/\/myplasticmold.com\/wp-content\/uploads\/2022\/05\/S5000933-1.jpg\"><img loading=\"lazy\" decoding=\"async\" width=\"500\" height=\"375\" data-id=\"8711\" src=\"https:\/\/myplasticmold.com\/wp-content\/uploads\/2022\/05\/S5000933-1.jpg\" alt=\"\" class=\"wp-image-8711\" srcset=\"https:\/\/myplasticmold.com\/wp-content\/uploads\/2022\/05\/S5000933-1.jpg 500w, https:\/\/myplasticmold.com\/wp-content\/uploads\/2022\/05\/S5000933-1-300x225.jpg 300w\" sizes=\"auto, (max-width: 500px) 100vw, 500px\" \/><\/a><\/figure>\n<\/figure>\n\n\n\n<h1 class=\"wp-block-heading\">Control de calidad para empresas de moldeo por soplado<\/h1>\n\n\n\n<p>El uso final de la botella moldeada por soplado suele dictar el grado de inspecci\u00f3n que se realiza sobre el art\u00edculo. Los \u00e1mbitos de los juguetes y los art\u00edculos para el hogar son algo menos cr\u00edticos, y los principales controles tienen que ver con el peso, las dimensiones generales, el color y la rigidez.<\/p>\n\n\n\n<div class=\"wp-block-group alignfull is-layout-flow wp-block-group-is-layout-flow\">\n<h2 class=\"has-text-align-center has-palette-color-5-background-color has-background wp-block-heading\">LO QUE DICEN NUESTROS CLIENTES<\/h2>\n\n\n\n<div class=\"wp-block-qubely-row alignfull qubely-section qubely-block-aefce2\" data-qubelyanimation=\"{&quot;animation&quot;:&quot;bounce&quot;,&quot;name&quot;:&quot;bounceCenter&quot;,&quot;repeat&quot;:&quot;once&quot;,&quot;direction&quot;:&quot;Center&quot;,&quot;duration&quot;:1000,&quot;delay&quot;:0,&quot;curve&quot;:&quot;ease-in-out&quot;,&quot;openAnimation&quot;:1}\"><div class=\"qubely-shape-divider qubely-top-shape\"><svg xmlns=\"http:\/\/www.w3.org\/2000\/svg\" viewbox=\"0 0 1000 80\" preserveaspectratio=\"none\">\n    <path d=\"M0,0V71.07l.22.05c2.83,1,7.45-4.57,7.45-4.57s13.36,6.34,14.9,6.6S30,76.45,30,76.45L36.7,71.5s5.4,6,8,4.95,16.19-8.88,17.73-3.55S64.2,80,65,80s5.4-5.59,6.42-5.59,11,2.79,11.82,2.79,7.71-5.84,9.25-6.6,18.24.51,22.1,2.66,14.13.13,19.79,0,25.18,1.9,25.18,1.9l8.48-1.9s0-5.46,1.8-5.2,9.25.51,9.25.51L180.34,65s20.81,2,22.1,2,2.31-3.81,4.37-3.81,14.13,3.81,15.42,3.81,9.25-3.55,11.56-3.81,8.48,5.08,10.28,5.58,55-6.6,55-6.6-.26-5.33,4.88-3.55,15.16,1.27,19.53,2,3.34,6.34,7.71,2.54,5.65-7.36,8.22-6.09,10.28,2.28,11,2.28,4.37-8.12,7.19-6.6,21.59,12.5,30.06,13.48,13.1-10.44,13.1-10.44l13.1,2.54s7.71,10.15,16.19,11.17,11,6.34,19.27,3.55,17.73-9.39,20-8.38,17.47-6.6,18.24-6.85,8.74.76,16.44.25,9.51-5.52,9.51-5.52,25.69-1.08,28.78,1.21,3.6,4.31,6.68,4.31,12.33-5.84,22.35-3.55,26,6.34,27.49,7.11,10.28-5.58,10.28-5.58,5.14,4.57,6.42,5.84,6.17.76,9.25,0,3.85-9.14,10-5.08,20.3-5.08,25.44,1S667,64,667,64s6.68-11.42,14.39-9.9S710.16,66.2,710.16,66.2l6.42-5.49,27.24-1.27s-1.28-7.11,6.17-5.33,10-.89,11-1.71,5.14-3.49,9,0,25.44,8.31,32.89,8.31,15.93-6.35,22.61-4.57,13.36-1.52,14.39-2-.77-4.65,6.42-3.47,19-.76,20.58-.25,6.17-.76,11.31-1.78,6.34-11.63,12.25-4.27,8.68,5.28,11.51,6.74,7.45,1.33,9.25,0-1.54-7.93,7.19-5.39,4.17,3.48,10.08,3,14.13,4.06,14.13,4.06,10.79-2,13.11-2.28,9.25-4.57,12.59-2.79,6.17,1.52,9,2.28,10-.51,11.82-1.78,2.57-6.35,7.71-3.55a11.91,11.91,0,0,1,3.14,2.18V0Z\" style=\"opacity:0.66\"\/>\n    <path d=\"M0,0V59.17c4.84-3,4.08,1,5.36-.23s0,0,2.57-1.27,3.08.51,7.19,1,2.83,2.54,2.83,2.54,8.74,5.08,10.28,4.57,4.88-9.14,4.37-10.15S40,61.22,40,61.22l4.37,3.3s9.76,2,11,1a59.11,59.11,0,0,1,8-4.57c1.8-.76,4.11,2.28,6.68,2.79s8.74,3.81,8.74,3.81S90.92,60.71,94,60.21s16.7,3.55,17.47,2,11.82-3,13.1-2.79,8.48,10.91,8.48,10.91l30.83-.51s6.68-6.09,7.45-7.61.26-1.78.26-1.78,9-4.57,10-4.57S193.18,61,193.18,61s10.54-4.06,14.39-5.08,6.68,1.52,12.85-2,19.79-2.79,20.56-3.3,7.45-6.34,12.85-9.39,11.31.76,13.1.76,7.71,5.33,10.79,4.57,10.28-5.33,13.62-5.33,2.83,2.28,10.28,1.78,5.91.51,12.59,4.32,8-2.29,12.85-3.55,1.8.25,4.63-.51a19,19,0,0,1,5.65-.76c1.29,0,2.57,1.52,8.74,3.55s5.91-.76,9.25-1.78,8.22-3.3,18.76-10.15,2.57,5.33,6.94,6.85,22.87,3.55,24.41,2,4.37-3,7.2-4.57,2.82-.51,3.59-.51,9,2.54,11.31,4.06,3.85,4.57,6.17,4.57,4.62-2.54,11-3.55-.26,4.82,0,5.58,2.06,0,5.4-.25,4.88-2.79,9.76-2.79,5.14,3.3,8.48,4.06,2.83,0,10.54-3.81,6.68-1.78,14.9-3.55,22.61,6.85,24.41,6.09,4.88-1.27,11.3-2.54,11.56,3,16.19,5.58,5.14-1.52,8.74-5.08,12.08.25,14.9.25,9.25-.25,13.36-.51,5.14-3,13.88-5.08,8,4.57,14.65,3.55,14.13-1.27,28-5.08,6.42,3,10.79,5.58,9,1.78,11.56,1.52S676,39.65,679.84,36.35s9.51,4.31,16.19,8.12,9.25,3.81,14.13,1.78,9.51-4.82,14.9-7.87,5.4,5.84,10,2.79,15.42.76,17.21-.25,8.48.76,15.42-1,1.8,2,7.45,6.85,3.08-2.29,15.42,1,28.52-2.29,32.89-3,4.88,5.33,9.25,5.84,5.4-4.82,9.76-7.87,17-.76,20.56-2a17.22,17.22,0,0,0,6.17-4.06s13.36,0,15.16-1.52,10.28-.76,13.36-.76,26,4.57,35.2,2.79,11.82-7.62,16.44-10.91,23.13,2.54,30.32,2.54,20.3-2.54,20.3-2.54V0Z\"\/>\n<\/svg><\/div><div class=\"qubely-row-overlay\"><\/div><div class=\"qubely-container\"><div class=\"qubely-row\">\n<div class=\"wp-block-qubely-column qubely-column qubely-column-front qubely-block-af757d\"><div class=\"qubely-column-inner\">\n<div class=\"wp-block-qubely-testimonial qubely-block-04aae0\"><div class=\"qubely-block-testimonial\"><div class=\"qubely-testimonial-author\"><div class=\"qubely-testimonial-avatar-layout-top\"><img decoding=\"async\" class=\"qubely-testimonial-avatar\" src=\"https:\/\/myplasticmold.com\/wp-content\/uploads\/2022\/05\/engineers-strategy-business-growth-develop.png\" srcset=\"\" alt=\"\"\/><div class=\"qubely-testimonial-author-info\"><div class=\"qubely-testimonial-author-name\"><span>Cristiano<\/span><\/div><div class=\"qubely-testimonial-author-designation\"><span>Profesional<\/span><\/div><\/div><\/div><\/div><div class=\"qubely-testimonial-content\"><div>\"\u00a1\u00a1\u00a1Me complace informarles de que todas las piezas de pl\u00e1stico son perfectas!!! Estamos encantados, y por lo tanto hay buenas posibilidades de continuar nuestra relaci\u00f3n para cualquier pr\u00f3ximo nuevo proyecto.\"<\/div><\/div><\/div><\/div>\n<\/div><\/div>\n\n\n\n<div class=\"wp-block-qubely-column qubely-column qubely-column-front qubely-block-8453b7\"><div class=\"qubely-column-inner\">\n<div class=\"wp-block-qubely-testimonial qubely-block-036956\"><div class=\"qubely-block-testimonial\"><div class=\"qubely-testimonial-author\"><div class=\"qubely-testimonial-avatar-layout-top\"><img decoding=\"async\" class=\"qubely-testimonial-avatar\" src=\"https:\/\/myplasticmold.com\/wp-content\/uploads\/2022\/05\/developers-growth-marketing-service-team.png\" srcset=\"\" alt=\"\"\/><div class=\"qubely-testimonial-author-info\"><div class=\"qubely-testimonial-author-name\"><span>Paulo<\/span><\/div><div class=\"qubely-testimonial-author-designation\"><span>Profesional<\/span><\/div><\/div><\/div><\/div><div class=\"qubely-testimonial-content\"><div>\"Steven es un excelente profesional con grandes conocimientos y pr\u00e1ctica t\u00e9cnica\".<\/div><\/div><\/div><\/div>\n<\/div><\/div>\n\n\n\n<div class=\"wp-block-qubely-column qubely-column qubely-column-front qubely-block-eefa01\"><div class=\"qubely-column-inner\">\n<div class=\"wp-block-qubely-testimonial qubely-block-5c70a9\"><div class=\"qubely-block-testimonial\"><div class=\"qubely-testimonial-author\"><div class=\"qubely-testimonial-avatar-layout-top\"><img decoding=\"async\" class=\"qubely-testimonial-avatar\" src=\"https:\/\/myplasticmold.com\/wp-content\/uploads\/2022\/05\/engineers-strategy-business-growth-develop.png\" srcset=\"\" alt=\"\"\/><div class=\"qubely-testimonial-author-info\"><div class=\"qubely-testimonial-author-name\"><span>David<\/span><\/div><div class=\"qubely-testimonial-author-designation\"><span>director general de empresa<\/span><\/div><\/div><\/div><\/div><div class=\"qubely-testimonial-content\"><div>\"Steven es un gestor de proyectos e ingeniero muy detallista, capaz de resolver problemas de forma creativa y que adem\u00e1s ofrece un servicio excelente. Fue un placer trabajar con \u00e9l\".<\/div><\/div><\/div><\/div>\n<\/div><\/div>\n<\/div><\/div><\/div>\n<\/div>\n\n\n\n<p>Las piezas industriales y los envases soplados requieren pruebas e inspecciones mucho m\u00e1s rigurosas y, en consecuencia, dictan la necesidad de un control de calidad durante la fabricaci\u00f3n. Partiendo de esta premisa, repasaremos el control de calidad b\u00e1sico y su uso para la industria de los envases soplados.<\/p>\n\n\n\n<p>Estos se refieren a la resistencia a la tensi\u00f3n y a las grietas, la permeabilidad, el colapso de las paredes, la resistencia al impacto y el cambio de producto, y debe suponerse que el envase cumple estos puntos b\u00e1sicos.<\/p>\n\n\n\n<p>Tambi\u00e9n hay que establecer que estas pruebas se han realizado con \u00e9xito en botellas de producci\u00f3n y no s\u00f3lo en envases de prueba fabricados para obtener el trabajo. Con estos datos a nuestras espaldas, debemos investigar la necesidad y el uso del control de calidad.<\/p>\n\n\n\n<p>Inspecci\u00f3n Las t\u00e9cnicas de control de calidad no deben confundirse con la inspecci\u00f3n de productos, que consiste simplemente en examinar los art\u00edculos producidos y comparar los resultados con las especificaciones establecidas para ver si el producto las cumple o no.<\/p>\n\n\n\n<p>Si el art\u00edculo cumple las especificaciones se acepta, y los que no las cumplen se rechazan. Por desgracia, esto es casi como cerrar la puerta despu\u00e9s de que se haya ido el caballo, porque el da\u00f1o ya est\u00e1 hecho. Adem\u00e1s, esta forma de probar el producto es extremadamente costosa y requiere una mano de obra y unos materiales considerables, y no explica la causa del problema.<\/p>\n\n\n\n<p>No creemos que el soplador de hoy en d\u00eda quiera confiar simplemente en la inspecci\u00f3n de su producto. Existen numerosas t\u00e9cnicas mejoradas que deber\u00edan investigarse; si se utilizan correctamente, redundar\u00e1n en una mayor eficacia de la m\u00e1quina, el material y la mano de obra.<\/p>\n\n\n\n<p>Control La clave del uso de cualquier t\u00e9cnica en el moldeo por soplado de botellas es el control que proporciona del producto fabricado. Para utilizar correctamente el control de calidad, \u00e9ste debe formar parte del proceso de fabricaci\u00f3n y debe producir un m\u00e9todo positivo de control sobre los art\u00edculos fabricados.<\/p>\n\n\n\n<p>Cuando existe este control, el procesador o fabricante puede establecer el grado de calidad deseado para un cliente espec\u00edfico y puede gobernar su operaci\u00f3n para producir estos resultados sobre una base constante. Sin duda, si pregunt\u00e1ramos a un cliente qu\u00e9 grado de calidad desea, dir\u00eda que el 100%. Por supuesto, esto es imposible, aunque se utilice como objetivo; todo el mundo debe conformarse con menos que la perfecci\u00f3n.<\/p>\n\n\n\n<p>De hecho, el verdadero control de calidad se basa en la producci\u00f3n de algunos productos marginales o fuera de norma. El control de calidad se obtiene midiendo la calidad de la producci\u00f3n en las m\u00e1quinas. Esto permite conocer inmediatamente el estado de la calidad y realizar ajustes en las m\u00e1quinas si es necesario.<\/p>\n\n\n\n<p>El control tambi\u00e9n se ofrece al usuario final mediante t\u00e9cnicas de control de calidad, ya que le asegura un producto mejorado y tambi\u00e9n le permite valorar mejor su l\u00ednea. La evaluaci\u00f3n de los lotes de producci\u00f3n se realiza mediante un m\u00e9todo de muestreo para comprobar los defectos visibles y funcionales.<\/p>\n\n\n\n<p>El uso de lotes de muestras es habitual para el control de calidad del proceso, as\u00ed como para el control de calidad de entrada en el decorador o llenador de botellas. Especificaciones El grado de control de calidad deseado debe establecerse entre el fabricante de botellas y su cliente. Adem\u00e1s, las especificaciones en las que se basa el control de calidad deben establecerse antes de un trabajo de producci\u00f3n.<\/p>\n\n\n\n<p>A partir de estas especificaciones, el transformador puede establecer sus l\u00edmites de control. Los l\u00edmites acordados se basan en los requisitos del producto y se determinan a partir de lo que se espera que haga el envase de la botella. El uso de especificaciones es necesario, ya que elimina gran parte del juicio humano o, a veces, las conjeturas que intervienen en la interpretaci\u00f3n de la buena o mala calidad.<\/p>\n\n\n\n<p>En muchas industrias, las especificaciones se han derivado de pr\u00e1cticas antiguas que se han considerado justas. En el caso de los pl\u00e1sticos, no ha habido tiempo suficiente para establecer especificaciones hist\u00f3ricas y a veces es dif\u00edcil llegar a cifras definitivas. Hay que recordar que las especificaciones son, en realidad, variaciones admisibles del producto y, por tanto, criterios para medir la calidad.<\/p>\n\n\n\n<p>A la hora de juzgar la calidad con respecto a una especificaci\u00f3n, debemos tener en cuenta todas las partes del envase y todos los tipos de defectos posibles. Por lo tanto, las especificaciones pueden dividirse en varias clasificaciones en funci\u00f3n de si adoptan la forma de mediciones reales o se manejan como controles visuales. Adem\u00e1s, algunos de los defectos pueden estar ocultos en el envase y s\u00f3lo pueden apreciarse mediante alg\u00fan tipo de prueba destructiva.<\/p>","protected":false},"excerpt":{"rendered":"<p>Blow Mold,Pet blow,Blow mould manufacturers,Blow molding companies We also Specializes in high-quality blow mold and pride ourselves in having a team of highly experienced designers and Blow mould manufacturers who are committed to excellence.&nbsp; Many of our employees have been in Pet blow mold industry over 20 years for Extrusion Bottle Mold Injection Blow Mold [&hellip;]<\/p>\n","protected":false},"author":3,"featured_media":0,"parent":0,"menu_order":0,"comment_status":"open","ping_status":"open","template":"","meta":{"footnotes":""},"class_list":["post-158","page","type-page","status-publish","hentry"],"blocksy_meta":{"styles_descriptor":{"styles":{"desktop":"","tablet":"","mobile":""},"google_fonts":[],"version":6}},"_links":{"self":[{"href":"https:\/\/myplasticmold.com\/es\/wp-json\/wp\/v2\/pages\/158","targetHints":{"allow":["GET"]}}],"collection":[{"href":"https:\/\/myplasticmold.com\/es\/wp-json\/wp\/v2\/pages"}],"about":[{"href":"https:\/\/myplasticmold.com\/es\/wp-json\/wp\/v2\/types\/page"}],"author":[{"embeddable":true,"href":"https:\/\/myplasticmold.com\/es\/wp-json\/wp\/v2\/users\/3"}],"replies":[{"embeddable":true,"href":"https:\/\/myplasticmold.com\/es\/wp-json\/wp\/v2\/comments?post=158"}],"version-history":[{"count":0,"href":"https:\/\/myplasticmold.com\/es\/wp-json\/wp\/v2\/pages\/158\/revisions"}],"wp:attachment":[{"href":"https:\/\/myplasticmold.com\/es\/wp-json\/wp\/v2\/media?parent=158"}],"curies":[{"name":"wp","href":"https:\/\/api.w.org\/{rel}","templated":true}]}}