{"id":145,"date":"2012-07-15T07:59:00","date_gmt":"2012-07-15T07:59:00","guid":{"rendered":"https:\/\/myplasticmold.com\/?page_id=145"},"modified":"2020-08-17T18:31:44","modified_gmt":"2020-08-17T10:31:44","slug":"equipos-informaticos-molde","status":"publish","type":"page","link":"https:\/\/myplasticmold.com\/es\/equipos-informaticos-molde","title":{"rendered":"Ordenador Equipo de oficina Molde de pl\u00e1stico"},"content":{"rendered":"<p><a href=\"https:\/\/myplasticmold.com\/wp-content\/uploads\/2012\/07\/stacks_image_41_1.png\"><img loading=\"lazy\" decoding=\"async\" class=\"alignnone size-full wp-image-213\" title=\"moho para equipos inform\u00e1ticos y de oficina\" src=\"https:\/\/myplasticmold.com\/wp-content\/uploads\/2012\/07\/stacks_image_41_1.png\" alt=\"moho para equipos inform\u00e1ticos y de oficina\" width=\"363\" height=\"285\" srcset=\"https:\/\/myplasticmold.com\/wp-content\/uploads\/2012\/07\/stacks_image_41_1.png 363w, https:\/\/myplasticmold.com\/wp-content\/uploads\/2012\/07\/stacks_image_41_1-300x235.png 300w\" sizes=\"auto, (max-width: 363px) 100vw, 363px\" \/><\/a><a href=\"https:\/\/myplasticmold.com\/wp-content\/uploads\/2012\/07\/cutcaster-photo-100634527-Communication-technology-icon-collection.jpg\"><img loading=\"lazy\" decoding=\"async\" class=\"alignnone  wp-image-214\" title=\"moho para equipos de negocios\/oficina\" src=\"https:\/\/myplasticmold.com\/wp-content\/uploads\/2012\/07\/cutcaster-photo-100634527-Communication-technology-icon-collection.jpg\" alt=\"moho para equipos de negocios\/oficina\" width=\"360\" height=\"306\" \/><\/a><\/p>\n<p>Molde para equipos inform\u00e1ticos<\/p>\n<p><a href=\"https:\/\/myplasticmold.com\/wp-content\/uploads\/2012\/07\/20080721193243112171.jpg\"><img loading=\"lazy\" decoding=\"async\" class=\"alignnone size-medium wp-image-288\" title=\"molde de pl\u00e1stico para impresora\" src=\"https:\/\/myplasticmold.com\/wp-content\/uploads\/2020\/04\/20080721193243112171_pvoetn-300x219.jpg\" alt=\"molde de pl\u00e1stico para impresora\" width=\"300\" height=\"219\" srcset=\"https:\/\/myplasticmold.com\/wp-content\/uploads\/2020\/04\/20080721193243112171_pvoetn-300x219.jpg 300w, https:\/\/myplasticmold.com\/wp-content\/uploads\/2020\/04\/20080721193243112171_pvoetn-768x561.jpg 768w, https:\/\/myplasticmold.com\/wp-content\/uploads\/2020\/04\/20080721193243112171_pvoetn.jpg 1000w\" sizes=\"auto, (max-width: 300px) 100vw, 300px\" \/><\/a><a href=\"https:\/\/myplasticmold.com\/wp-content\/uploads\/2012\/07\/2009111554474249.jpg\"><img loading=\"lazy\" decoding=\"async\" class=\"alignnone  wp-image-289\" title=\"molde de pl\u00e1stico para impresora\" src=\"https:\/\/myplasticmold.com\/wp-content\/uploads\/2012\/07\/2009111554474249-300x213.jpg\" alt=\"molde de pl\u00e1stico para impresora\" width=\"300\" height=\"219\" \/><\/a><\/p>\n<p>Molde de pl\u00e1stico para carcasa de impresora:\u00a0\u00a0\u00a0\u00a0\u00a0\u00a0\u00a0\u00a0\u00a0\u00a0\u00a0\u00a0\u00a0\u00a0\u00a0\u00a0\u00a0\u00a0\u00a0\u00a0\u00a0\u00a0\u00a0\u00a0\u00a0\u00a0\u00a0\u00a0\u00a0\u00a0\u00a0\u00a0\u00a0\u00a0\u00a0\u00a0\u00a0\u00a0\u00a0\u00a0\u00a0\u00a0\u00a0\u00a0\u00a0\u00a0\u00a0\u00a0\u00a0\u00a0\u00a0\u00a0\u00a0\u00a0\u00a0\u00a0\u00a0\u00a0\u00a0\u00a0\u00a0\u00a0\u00a0\u00a0\u00a0\u00a0\u00a0\u00a0\u00a0\u00a0\u00a0\u00a0\u00a0\u00a0\u00a0\u00a0\u00a0\u00a0\u00a0\u00a0\u00a0\u00a0\u00a0\u00a0 <a href=\"https:\/\/myplasticmold.com\/wp-content\/uploads\/2020\/04\/18363544_1_zaqm4s.jpg\"><img loading=\"lazy\" decoding=\"async\" class=\"wp-image-290 alignright\" title=\"molde de impresora\" src=\"https:\/\/myplasticmold.com\/wp-content\/uploads\/2020\/04\/18363544_1_zaqm4s.jpg\" alt=\"molde de impresora\" width=\"433\" height=\"388\" \/><\/a><\/p>\n<ul>\n<li>Molde de pl\u00e1stico:Molde de pl\u00e1stico para carcasa de impresora<\/li>\n<li>cavidad del molde:1<\/li>\n<li>Hotrunner:1 gotas con espirales calefactoras \"HOTSET<\/li>\n<li>acero para cavidades de moldes:DIN 1.2316<\/li>\n<li>Acero del n\u00facleo del molde:DIN 1.278<\/li>\n<li>inserto deslizante de molde:DIN 1.2738 con nitruraci\u00f3n<\/li>\n<li>Activaci\u00f3n del inserto del n\u00facleo: Cilindros hidr\u00e1ulicos<\/li>\n<li>Material pl\u00e1stico:ABS<\/li>\n<li>Duraci\u00f3n del ciclo: 40 segundos<\/li>\n<li>Plazo de entrega: 50 d\u00edas.<\/li>\n<\/ul>","protected":false},"excerpt":{"rendered":"<p>Computer Business Equipment molde Printer shell plastic mold: molde de pl\u00e1stico:Printer shell plastic mold mold cavity:1 Hotrunner:1 drops with \"HOTSET\" heating coils mold cavity steel:DIN 1.2316 mold core steel:DIN 1.278 mold slider insert:DIN 1.2738 with Nitriding Core insert activation: Cilindros hidr\u00e1ulicos Material pl\u00e1stico:ABS Duraci\u00f3n del ciclo:40 segundos Plazo de entrega:50 d\u00edas.<\/p>","protected":false},"author":3,"featured_media":0,"parent":0,"menu_order":0,"comment_status":"open","ping_status":"open","template":"template_leftsidebar.php","meta":{"footnotes":""},"class_list":["post-145","page","type-page","status-publish","hentry"],"blocksy_meta":{"styles_descriptor":{"styles":{"desktop":"","tablet":"","mobile":""},"google_fonts":[],"version":6}},"_links":{"self":[{"href":"https:\/\/myplasticmold.com\/es\/wp-json\/wp\/v2\/pages\/145","targetHints":{"allow":["GET"]}}],"collection":[{"href":"https:\/\/myplasticmold.com\/es\/wp-json\/wp\/v2\/pages"}],"about":[{"href":"https:\/\/myplasticmold.com\/es\/wp-json\/wp\/v2\/types\/page"}],"author":[{"embeddable":true,"href":"https:\/\/myplasticmold.com\/es\/wp-json\/wp\/v2\/users\/3"}],"replies":[{"embeddable":true,"href":"https:\/\/myplasticmold.com\/es\/wp-json\/wp\/v2\/comments?post=145"}],"version-history":[{"count":0,"href":"https:\/\/myplasticmold.com\/es\/wp-json\/wp\/v2\/pages\/145\/revisions"}],"wp:attachment":[{"href":"https:\/\/myplasticmold.com\/es\/wp-json\/wp\/v2\/media?parent=145"}],"curies":[{"name":"wp","href":"https:\/\/api.w.org\/{rel}","templated":true}]}}