{"id":7755,"date":"2021-05-12T20:35:58","date_gmt":"2021-05-12T12:35:58","guid":{"rendered":"https:\/\/myplasticmold.com\/?page_id=7755"},"modified":"2024-08-14T14:31:52","modified_gmt":"2024-08-14T06:31:52","slug":"polycarbonat-spritzgieserei","status":"publish","type":"page","link":"https:\/\/myplasticmold.com\/de\/polycarbonat-spritzgieserei","title":{"rendered":"Polycarbonat-Spritzgie\u00dferei aus China - Topworks"},"content":{"rendered":"<h1 class=\"wp-block-heading\">Polycarbonat-Spritzgie\u00dferei aus China<\/h1>\n\n\n\n<figure class=\"wp-block-image aligncenter\"><img decoding=\"async\" src=\"https:\/\/res.cloudinary.com\/dl8a9jvpa\/images\/f_auto,q_auto\/w_1139,h_562\/v1576147197\/20191212182141_1_m6f0tw\/20191212182141_1_m6f0tw.png\" alt=\"Polycarbonat-Spritzgie\u00dfen\"\/><\/figure>\n\n\n\n<p>Sie sind wahrscheinlich daran interessiert, einen Hersteller und Designer zu finden, der sich auf folgende Bereiche spezialisiert hat <a href=\"https:\/\/myplasticmold.com\/de\/polycarbonat-spritzgieserei\">Polycarbonat-Spritzgie\u00dfen<\/a> der den Ruf hat, langlebige und dennoch kosteng\u00fcnstige Produkte zu liefern. (in manchen F\u00e4llen bereits ab $5 pro St\u00fcck).<\/p>\n\n\n\n<p>Topworks Plastic Mold ist auf das Spritzgie\u00dfen von Polycarbonat in China spezialisiert. Wenn Sie auf der Suche nach einem Unternehmen sind, das Ihnen beim Polycarbonat-Spritzguss helfen kann, dann k\u00f6nnen wir Ihnen helfen.<\/p>\n\n\n\n<p>Unser Fachwissen in den Bereichen Design, Werkzeugbau und Produktion von hochwertigen Spritzgussprodukten aus Polycarbonat haben wir in den letzten zehn Jahren entwickelt, so dass wir in der Lage sind, sowohl national als auch international hervorragende Produkte zu vern\u00fcnftigen Preisen zu liefern. Auf der anderen Seite ist Topworks bestrebt, die beste Qualit\u00e4t in der Branche anzubieten.<\/p>\n\n\n\n<figure class=\"wp-block-gallery has-nested-images columns-default is-cropped wp-block-gallery-1 is-layout-flex wp-block-gallery-is-layout-flex\">\n<figure class=\"wp-block-image size-large\"><a href=\"https:\/\/myplasticmold.com\/wp-content\/uploads\/2023\/05\/20191212191435_xpat8o.png\"><img loading=\"lazy\" decoding=\"async\" width=\"720\" height=\"465\" data-id=\"9478\" src=\"https:\/\/myplasticmold.com\/wp-content\/uploads\/2023\/05\/20191212191435_xpat8o.png\" alt=\"\" class=\"wp-image-9478\" srcset=\"https:\/\/myplasticmold.com\/wp-content\/uploads\/2023\/05\/20191212191435_xpat8o.png 720w, https:\/\/myplasticmold.com\/wp-content\/uploads\/2023\/05\/20191212191435_xpat8o-300x194.png 300w\" sizes=\"auto, (max-width: 720px) 100vw, 720px\" \/><\/a><\/figure>\n\n\n\n<figure class=\"wp-block-image size-large\"><a href=\"https:\/\/myplasticmold.com\/wp-content\/uploads\/2023\/05\/20191212191930_y5ya46.png\"><img loading=\"lazy\" decoding=\"async\" width=\"720\" height=\"309\" data-id=\"9479\" src=\"https:\/\/myplasticmold.com\/wp-content\/uploads\/2023\/05\/20191212191930_y5ya46.png\" alt=\"\" class=\"wp-image-9479\" srcset=\"https:\/\/myplasticmold.com\/wp-content\/uploads\/2023\/05\/20191212191930_y5ya46.png 720w, https:\/\/myplasticmold.com\/wp-content\/uploads\/2023\/05\/20191212191930_y5ya46-300x129.png 300w\" sizes=\"auto, (max-width: 720px) 100vw, 720px\" \/><\/a><\/figure>\n\n\n\n<figure class=\"wp-block-image size-large\"><a href=\"https:\/\/myplasticmold.com\/wp-content\/uploads\/2023\/05\/20191212192000_c3oduj.png\"><img loading=\"lazy\" decoding=\"async\" width=\"720\" height=\"348\" data-id=\"9480\" src=\"https:\/\/myplasticmold.com\/wp-content\/uploads\/2023\/05\/20191212192000_c3oduj.png\" alt=\"\" class=\"wp-image-9480\" srcset=\"https:\/\/myplasticmold.com\/wp-content\/uploads\/2023\/05\/20191212192000_c3oduj.png 720w, https:\/\/myplasticmold.com\/wp-content\/uploads\/2023\/05\/20191212192000_c3oduj-300x145.png 300w\" sizes=\"auto, (max-width: 720px) 100vw, 720px\" \/><\/a><\/figure>\n\n\n\n<figure class=\"wp-block-image size-large\"><a href=\"https:\/\/myplasticmold.com\/wp-content\/uploads\/2023\/05\/20191212192035_htlex5.png\"><img loading=\"lazy\" decoding=\"async\" width=\"720\" height=\"328\" data-id=\"9481\" src=\"https:\/\/myplasticmold.com\/wp-content\/uploads\/2023\/05\/20191212192035_htlex5.png\" alt=\"\" class=\"wp-image-9481\" srcset=\"https:\/\/myplasticmold.com\/wp-content\/uploads\/2023\/05\/20191212192035_htlex5.png 720w, https:\/\/myplasticmold.com\/wp-content\/uploads\/2023\/05\/20191212192035_htlex5-300x137.png 300w\" sizes=\"auto, (max-width: 720px) 100vw, 720px\" \/><\/a><\/figure>\n<\/figure>\n\n\n\n<p>Dies macht uns zu einem der wenigen Unternehmen, die in der Lage sind, Werkzeuge und Verfahren f\u00fcr das Polycarbonat-Spritzgie\u00dfen zu entwickeln, Polycarbonat-Spritzgie\u00dfkomponenten zu produzieren und Polycarbonat-Kunststoffkomponenten durch unser umfassendes Angebot an PC-Spritzgie\u00dfdienstleistungen zu liefern.<\/p>\n\n\n\n<p>Ganz gleich, ob Sie die Entwicklung eines laufenden Projekts oder eines bestehenden Konzepts planen, unsere Verfahren sind in der Lage, jeden Schritt des Polycarbonat-Spritzgie\u00dfprozesses zu vereinfachen.<\/p>\n\n\n\n<p><strong>Warum Polycarbonat-Spritzgie\u00dfen?<\/strong><\/p>\n\n\n\n<p>Bei Topworks bieten wir branchenf\u00fchrenden Polycarbonat-Spritzguss an, um Hochleistungsteile f\u00fcr Ihre anspruchsvollsten Anwendungen zu liefern. Polycarbonat ist der ideale Kunststoff f\u00fcr eine breite Palette von Produkten, da er die folgenden unschlagbaren Vorteile vereint:<\/p>\n\n\n\n<ul class=\"wp-block-list\">\n<li><strong>Unerreichte Langlebigkeit:<\/strong>&nbsp;Polycarbonat ist au\u00dferordentlich z\u00e4h und sto\u00dffest und eignet sich daher perfekt f\u00fcr Produkte, die einer hohen Beanspruchung standhalten m\u00fcssen.<\/li>\n\n\n\n<li><strong>Kristallklar oder undurchsichtig Optionen:<\/strong>&nbsp;W\u00e4hlen Sie den perfekten Transparenzgrad f\u00fcr Ihre Anforderungen, von kristallklar f\u00fcr Linsen und Displays bis hin zu undurchsichtig f\u00fcr Strukturkomponenten.<\/li>\n\n\n\n<li><strong>Hitzebest\u00e4ndig:<\/strong>&nbsp;Polycarbonat h\u00e4lt hohen Temperaturen stand und ist daher f\u00fcr anspruchsvolle Umgebungen geeignet.<\/li>\n\n\n\n<li><strong>Schnelle Produktion und Kosteneffektivit\u00e4t:<\/strong>&nbsp;Das Spritzgie\u00dfen erm\u00f6glicht die Produktion hoher St\u00fcckzahlen mit hervorragender Konsistenz von Teil zu Teil und senkt die Kosten pro Einheit.<\/li>\n\n\n\n<li><strong>Gestaltungsfreiheit:<\/strong>\u00a0Erstellen Sie komplexe Geometrien und integrieren Sie Features f\u00fcr eine effiziente Montage.<\/li>\n<\/ul>\n\n\n\n<h2 class=\"wp-block-heading\">Anwendungen von Polycarbonat<\/h2>\n\n\n\n<p>Polycarbonat ist superflexibel und eignet sich perfekt f\u00fcr eine Reihe verschiedener Aufgaben, z. B:<\/p>\n\n\n\n<ul class=\"wp-block-list\">\n<li><strong>Automobilindustrie:<\/strong> Herstellung von Dingen wie den durchsichtigen Abdeckungen von Scheinwerfern, R\u00fccklichtern und den Steuerplatinen in Autos.<\/li>\n\n\n\n<li><strong>Elektronik:<\/strong> Stellt Schutzh\u00fcllen f\u00fcr elektrische Teile, Computerteile und Stecker her.<\/li>\n\n\n\n<li><strong>Konsumg\u00fcter:<\/strong> Sie werden bei der Herstellung von Gl\u00e4sern, Ger\u00e4ten, Sportartikeln und vielem mehr verwendet.<\/li>\n\n\n\n<li><strong>Medizinische Ger\u00e4te:<\/strong> Wird f\u00fcr Teile verwendet, die gr\u00fcndlich gereinigt werden m\u00fcssen und sicher f\u00fcr die Verwendung in der N\u00e4he von oder in Menschen sind.<\/li>\n<\/ul>\n\n\n\n<h2 class=\"wp-block-heading\">Polycarbonat-Spritzgie\u00dfen<\/h2>\n\n\n\n<p>Wenn Sie auf der Suche nach Polycarbonat-Spritzguss sind, sind Sie bei uns genau richtig:<\/p>\n\n\n\n<ul class=\"wp-block-list\">\n<li><strong>Intelligente Ingenieure:<\/strong> Wir haben Experten, die mit Ihnen zusammenarbeiten, um sicherzustellen, dass Ihr Produktdesign erstklassig und kosteneffektiv ist.<\/li>\n\n\n\n<li><strong>Die beste Ausr\u00fcstung:<\/strong> Unsere Maschinen sind modern und sorgen daf\u00fcr, dass Ihre Artikel jedes Mal gro\u00dfartig aussehen.<\/li>\n\n\n\n<li><strong>Alles \u00fcberpr\u00fcfen:<\/strong> Wir f\u00fchren strenge Qualit\u00e4tskontrollen durch, um sicherzustellen, dass jedes einzelne Teil Ihren Spezifikationen entspricht.<\/li>\n<\/ul>\n\n\n\n<p><\/p>","protected":false},"excerpt":{"rendered":"<p>Polycarbonate injection molding company from China You would probably be interested in finding a manufacturer and designer who specializes in polycarbonate injection molding , who has a reputation for delivering durable yet cost-effective products. (as low as $5 per piece in some cases). Topworks Plastic Mold specializes in the injection molding of polycarbonate in China. [&hellip;]<\/p>\n","protected":false},"author":3,"featured_media":0,"parent":0,"menu_order":0,"comment_status":"closed","ping_status":"closed","template":"","meta":{"footnotes":""},"class_list":["post-7755","page","type-page","status-publish","hentry"],"blocksy_meta":{"styles_descriptor":{"styles":{"desktop":"","tablet":"","mobile":""},"google_fonts":[],"version":6}},"_links":{"self":[{"href":"https:\/\/myplasticmold.com\/de\/wp-json\/wp\/v2\/pages\/7755","targetHints":{"allow":["GET"]}}],"collection":[{"href":"https:\/\/myplasticmold.com\/de\/wp-json\/wp\/v2\/pages"}],"about":[{"href":"https:\/\/myplasticmold.com\/de\/wp-json\/wp\/v2\/types\/page"}],"author":[{"embeddable":true,"href":"https:\/\/myplasticmold.com\/de\/wp-json\/wp\/v2\/users\/3"}],"replies":[{"embeddable":true,"href":"https:\/\/myplasticmold.com\/de\/wp-json\/wp\/v2\/comments?post=7755"}],"version-history":[{"count":0,"href":"https:\/\/myplasticmold.com\/de\/wp-json\/wp\/v2\/pages\/7755\/revisions"}],"wp:attachment":[{"href":"https:\/\/myplasticmold.com\/de\/wp-json\/wp\/v2\/media?parent=7755"}],"curies":[{"name":"wp","href":"https:\/\/api.w.org\/{rel}","templated":true}]}}