{"id":6684,"date":"2018-01-01T21:57:00","date_gmt":"2018-01-01T13:57:00","guid":{"rendered":"https:\/\/myplasticmold.com\/?page_id=6684"},"modified":"2022-05-03T20:46:23","modified_gmt":"2022-05-03T12:46:23","slug":"china-kunststoffform-anbieter","status":"publish","type":"page","link":"https:\/\/myplasticmold.com\/de\/china-kunststoffform-anbieter","title":{"rendered":"Wie man einen Anbieter von Kunststoffformen in China ausw\u00e4hlt"},"content":{"rendered":"<p>Bevor der Produktionsprozess beginnt, ist es wichtig, dass Sie die richtige Wahl treffen, wenn es um Ihren Lieferanten f\u00fcr Spritzgussprodukte geht. Anstatt sich einfach f\u00fcr das billigste Angebot zu entscheiden, sollten Sie stattdessen einen Spritzgie\u00dfer w\u00e4hlen, der \u00fcber unsch\u00e4tzbare Erfahrung verf\u00fcgt.Die chinesische Kunststoffformenindustrie hat sich in den letzten Jahren stark entwickelt, und viele K\u00e4ufer entscheiden sich, Kunststoffformen direkt von chinesischen Kunststoffformenanbietern zu kaufen.&nbsp;<\/p>\n\n\n\n<p>Sollte Ihre Produktionsabteilung nicht viel Erfahrung mit dem Guss oder dem Design von Teilen haben, ist es eine gute Idee, eine zweite Meinung einzuholen, bevor Sie die Produktion starten. Schlie\u00dflich ist es billiger und einfacher, eventuelle Fehler in diesem Stadium zu beheben, als sp\u00e4ter in der Produktion.<\/p>\n\n\n\n<figure class=\"wp-block-image\"><img loading=\"lazy\" decoding=\"async\" width=\"960\" height=\"400\" src=\"https:\/\/myplasticmold.com\/wp-content\/uploads\/2020\/04\/4712_large9-960x467_gqpjnr-960x400-1_v6ru0o-2.jpg\" alt=\"China Form Verk\u00e4ufer\" class=\"wp-image-6686\" srcset=\"https:\/\/myplasticmold.com\/wp-content\/uploads\/2020\/04\/4712_large9-960x467_gqpjnr-960x400-1_v6ru0o-2.jpg 960w, https:\/\/myplasticmold.com\/wp-content\/uploads\/2020\/04\/4712_large9-960x467_gqpjnr-960x400-1_v6ru0o-2-300x125.jpg 300w, https:\/\/myplasticmold.com\/wp-content\/uploads\/2020\/04\/4712_large9-960x467_gqpjnr-960x400-1_v6ru0o-2-768x320.jpg 768w\" sizes=\"auto, (max-width: 960px) 100vw, 960px\" \/><\/figure>\n\n\n\n<p>Wenn Sie viele Teile mit einem chinesischen Anbieter ben\u00f6tigen, ist es vielleicht am besten, wenn Sie sich mit <a href=\"https:\/\/myplasticmold.com\/de\/china-kunststoffform-anbieter\">ein erfahrener Anbieter von kundenspezifischen Formen in China<\/a>und lassen Sie sie die Form einfahren und den Teilezyklus in Ihrem Namen einrichten, bevor Sie die Dinge ins Haus holen. Wenn Sie sich f\u00fcr diesen Weg entscheiden, sollten Sie dem chinesischen Gie\u00dfer von vornherein klar machen, dass dies Ihre Absicht ist.<\/p>\n\n\n\n<p>Legen Sie gegebenenfalls etwas Geld auf den Teilepreis auf, um die Erfahrung und die F\u00e4higkeiten des Unternehmens zu honorieren. Es kann durchaus sein, dass Sie das Teil zu einem g\u00fcnstigeren Preis weiterliefern, wenn das Unternehmen Ihnen zeigt, dass es in der Lage ist, optimale Ergebnisse vor dem Zeitplan zu liefern.<\/p>\n\n\n\n<h2 class=\"wp-block-heading\">Umfrage unter chinesischen Herstellern von Kunststoffformen<\/h2>\n\n\n\n<p>Die Wahl der richtigen Spritzgie\u00dfmaschine ist entscheidend f\u00fcr den Erfolg eines neuen Programms. <a href=\"https:\/\/www.plasticmoulds.net\/plastic-mold-offer-from-china.html\" target=\"_blank\" rel=\"noopener\">Ein erfahrener China-Gie\u00dfer<\/a> werden in der Lage sein, wichtige Kenntnisse einzubringen, um Ihrer technischen Abteilung zu helfen <a href=\"https:\/\/www.plasticmoulds.net\/design\" target=\"_blank\" rel=\"noopener\">Entwurf<\/a> und stellen die optimalen Kunststoffprodukte f\u00fcr Ihr Budget her.<\/p>\n\n\n\n<figure class=\"wp-block-image\"><img loading=\"lazy\" decoding=\"async\" width=\"960\" height=\"400\" src=\"https:\/\/myplasticmold.com\/wp-content\/uploads\/2020\/04\/4714_injection-molding-1-960x400-1-1_nl9pwd-2.jpg\" alt=\"China Spritzgie\u00dfen\" class=\"wp-image-6693\" srcset=\"https:\/\/myplasticmold.com\/wp-content\/uploads\/2020\/04\/4714_injection-molding-1-960x400-1-1_nl9pwd-2.jpg 960w, https:\/\/myplasticmold.com\/wp-content\/uploads\/2020\/04\/4714_injection-molding-1-960x400-1-1_nl9pwd-2-300x125.jpg 300w, https:\/\/myplasticmold.com\/wp-content\/uploads\/2020\/04\/4714_injection-molding-1-960x400-1-1_nl9pwd-2-768x320.jpg 768w\" sizes=\"auto, (max-width: 960px) 100vw, 960px\" \/><\/figure>\n\n\n\n<p>Sie m\u00fcssen alle externen Anbieter sorgf\u00e4ltig pr\u00fcfen, um sicherzustellen, dass sie \u00fcber die erforderlichen Kenntnisse, F\u00e4higkeiten und Erfahrungen mit der Herstellung von Spritzgussprodukten aus dem von Ihnen gew\u00fcnschten Material verf\u00fcgen.<\/p>\n\n\n\n<p> Wenn der von Ihnen gew\u00e4hlte Spritzgie\u00dfer keine Erfahrung mit Ihren Materialien hat, kann es im Laufe der Zeit zu Problemen kommen, z. B. zu einer Verschlechterung des Materials, die der Spritzgie\u00dfer nicht erkennen kann. Erfahrung ist besonders wichtig f\u00fcr strukturelle Produkte und solche mit sichtbaren Bereichen.<\/p>\n\n\n\n<p>W\u00e4hrend der Herstellung m\u00fcssen hochgl\u00e4nzende Oberfl\u00e4chen und solche, die sp\u00e4ter dekoriert werden sollen, sorgf\u00e4ltig gesch\u00fctzt werden, damit sie nicht verunreinigt werden. Diese Verschmutzung kann auf verschiedene Weise verursacht werden, z. B. durch unsachgem\u00e4\u00dfe Handhabung des Produkts, durch Ventilatoren, die Staub auf das Produkt blasen, und durch die Art der verwendeten Trennmittel, da Luftbewegungen Verunreinigungen auf die Oberfl\u00e4che des Teils tragen k\u00f6nnen. Dies sind nur einige der Punkte, die ber\u00fccksichtigt werden m\u00fcssen, also w\u00e4hlen Sie mit Bedacht.<\/p>\n\n\n\n<p>Sprechen Sie nach M\u00f6glichkeit mit fr\u00fcheren Kunden und holen Sie Referenzen ein, und f\u00fchren Sie auch eine Betriebsbesichtigung durch, um sich von der Qualit\u00e4t der dort geleisteten Arbeit zu \u00fcberzeugen. Sie sollten sich auch erkundigen, ob der Hersteller Ihnen bei der Konstruktion von Teilen und Formen behilflich sein kann. <a href=\"https:\/\/myplasticmold.com\/plastic-mold-4\/\">Die Wahl einer individuellen Porzellanformmaschine<\/a> ist ebenso wichtig wie die Aufnahme eines neuen Gesch\u00e4ftspartners, da er ein wesentlicher Bestandteil Ihres Unternehmens sein wird.<\/p>\n\n\n\n<p>Wenn Sie jeden Anbieter pr\u00fcfen, verf\u00fcgen Sie \u00fcber gen\u00fcgend Informationen, um den besten Anbieter im Rahmen Ihres Budgets auszuw\u00e4hlen. Am einfachsten erhalten Sie Informationen, indem Sie Ihr Auditteam direkt mit dem Lieferanten sprechen lassen. Auf diese Weise erfahren Sie, wie der Spritzgie\u00dfer arbeitet und wie er sein Wissen weitergibt, um Ihnen bei der Herstellung zu helfen.<\/p>\n\n\n\n<figure class=\"wp-block-video\"><video controls src=\"https:\/\/res.cloudinary.com\/dflkco4ig\/video\/upload\/q_88\/v1506037148\/topworks_mold_small_ekbqlv.mp4\"><\/video><\/figure>\n\n\n\n<p>Holen Sie unbedingt Angebote von mehreren Formenbauern ein und vergleichen Sie diese Informationen, um eine fundierte Entscheidung zu treffen. Die Ergebnisse des Audits sollten bei Produkt und Werkzeugdesign praktisch identisch sein, auch wenn es aufgrund des Wissens und der Erfahrung des Gie\u00dfers wahrscheinlich zu Abweichungen kommen wird.<\/p>\n\n\n\n<p>Sobald Sie den Auftrag an den ausgew\u00e4hlten Hersteller vergeben haben, m\u00fcssen Sie verschiedene rechtliche Vereinbarungen treffen. Dazu geh\u00f6ren der Produktpreis, der Lieferplan, die anzuwendenden Verfahren und die Art und Weise, wie Meinungsverschiedenheiten beigelegt werden sollen. Besprechen Sie diese Punkte mit Ihrem Team und w\u00e4hlen Sie die Elemente aus, die f\u00fcr Ihren Vertrag erforderlich sind, sowie die besonderen Anforderungen.<\/p>","protected":false},"excerpt":{"rendered":"<p>Before the production process begin, it is vital that you make the right choice when it comes to your injection molding product supplier. Instead of just opting for the cheapest choice, you should instead choose a molder who can offer invaluable experience.China plastic mold industry has seen a great development in recent years and&nbsp; many [&hellip;]<\/p>\n","protected":false},"author":3,"featured_media":0,"parent":0,"menu_order":0,"comment_status":"closed","ping_status":"closed","template":"","meta":{"footnotes":""},"class_list":["post-6684","page","type-page","status-publish","hentry"],"blocksy_meta":{"styles_descriptor":{"styles":{"desktop":"[data-prefix=\"single_page\"] .entry-header .page-title {--theme-font-size:30px;} [data-prefix=\"single_page\"] .entry-header .entry-meta {--theme-font-weight:600;--theme-text-transform:uppercase;--theme-font-size:12px;--theme-line-height:1.3;} [data-prefix=\"single_page\"] .hero-section[data-type=\"type-1\"] {--margin-bottom:40;}","tablet":"","mobile":""},"google_fonts":[],"version":6},"page_title_panel":"","has_hero_section":"enabled","7382c47839fcc42e1f4a8006970588da":"","hero_section":"type-1","hero_elements":[{"id":"custom_title","enabled":true,"heading_tag":"h1","title":"Startseite","__id":"iKIAjL4mz__efS6g6BfPK"},{"id":"custom_description","enabled":false,"description_visibility":{"desktop":true,"tablet":true,"mobile":false},"__id":"CoRiVvWZ_mhZYkX7uwGs-"},{"id":"custom_meta","enabled":false,"meta_elements":[{"id":"author","enabled":true,"label":"By","has_author_avatar":"yes","avatar_size":25},{"id":"post_date","enabled":true,"label":"On","date_format_source":"default","date_format":"M j, Y"},{"id":"updated_date","enabled":false,"label":"On","date_format_source":"default","date_format":"M j, Y"},{"id":"categories","enabled":false,"label":"In","style":"simple"},{"id":"comments","enabled":true}],"page_meta_elements":{"joined":true,"articles_count":true,"comments":true},"__id":"vGgrXdY7tq31PXWBsJUFa"},{"id":"breadcrumbs","enabled":false,"__id":"vtEZ80fbexSL4-C9-wxyV"}],"53347352185d5b7d7dcb2c1ba8dd4ecb":"","hero_alignment1":"CT_CSS_SKIP_RULE","hero_margin":40,"hero_alignment2":"center","hero_vertical_alignment":"center","ee9e24a34a5ba676e54a512d3e8058d5":"","hero_structure":"narrow","912ab2025d527ba2bb7febe37ad971e9":"","page_title_bg_type":"featured_image","custom_hero_background":{"attachment_id":null},"page_title_image_size":"full","parallax":{"desktop":false,"tablet":false,"mobile":false},"027e3e40bad5c080a28102ae3b5eb4c8":"","hero_height":"250px","pageTitleFont":{"family":"Default","variation":"Default","size":"30px","line-height":"CT_CSS_SKIP_RULE","letter-spacing":"CT_CSS_SKIP_RULE","text-transform":"CT_CSS_SKIP_RULE","text-decoration":"CT_CSS_SKIP_RULE"},"pageTitleFontColor":{"default":{"color":"CT_CSS_SKIP_RULEDEFAULT"}},"pageMetaFont":{"family":"Default","variation":"n6","size":"12px","line-height":"1.3","letter-spacing":"CT_CSS_SKIP_RULE","text-transform":"uppercase","text-decoration":"CT_CSS_SKIP_RULE"},"pageMetaFontColor":{"default":{"color":"CT_CSS_SKIP_RULEDEFAULT"},"hover":{"color":"CT_CSS_SKIP_RULEDEFAULT"}},"page_meta_button_type_font_colors":{"default":{"color":"CT_CSS_SKIP_RULEDEFAULT"},"hover":{"color":"CT_CSS_SKIP_RULEDEFAULT"}},"page_meta_button_type_background_colors":{"default":{"color":"CT_CSS_SKIP_RULEDEFAULT"},"hover":{"color":"CT_CSS_SKIP_RULEDEFAULT"}},"pageExcerptFont":{"family":"Default","variation":"Default","size":"CT_CSS_SKIP_RULE","line-height":"CT_CSS_SKIP_RULE","letter-spacing":"CT_CSS_SKIP_RULE","text-transform":"CT_CSS_SKIP_RULE","text-decoration":"CT_CSS_SKIP_RULE"},"pageExcerptColor":{"default":{"color":"CT_CSS_SKIP_RULEDEFAULT"}},"breadcrumbsFont":{"family":"Default","variation":"Default","size":"CT_CSS_SKIP_RULE","line-height":"CT_CSS_SKIP_RULE","letter-spacing":"CT_CSS_SKIP_RULE","text-transform":"CT_CSS_SKIP_RULE","text-decoration":"CT_CSS_SKIP_RULE"},"breadcrumbsFontColor":{"default":{"color":"CT_CSS_SKIP_RULEDEFAULT"},"initial":{"color":"CT_CSS_SKIP_RULEDEFAULT"},"hover":{"color":"CT_CSS_SKIP_RULEDEFAULT"}},"pageTitleOverlay":{"background_type":"color","background_pattern":"type-1","background_image":{"attachment_id":null,"x":0,"y":0},"gradient":"linear-gradient(135deg,rgba(6,147,227,1) 0%,rgb(155,81,224) 100%)","background_repeat":"repeat","background_size":"auto","background_attachment":"scroll","patternColor":{"default":{"color":"#e5e7ea"}},"overlayColor":{"default":{"color":"CT_CSS_SKIP_RULE"}},"backgroundColor":{"default":{"color":"CT_CSS_SKIP_RULE"}}},"pageTitleBackground":{"background_type":"color","background_pattern":"type-1","background_image":{"attachment_id":null,"x":0,"y":0},"gradient":"linear-gradient(135deg,rgba(6,147,227,1) 0%,rgb(155,81,224) 100%)","background_repeat":"repeat","background_size":"auto","background_attachment":"scroll","patternColor":{"default":{"color":"#e5e7ea"}},"overlayColor":{"default":{"color":"CT_CSS_SKIP_RULE"}},"backgroundColor":{"default":{"color":"var(--theme-palette-color-6)"}}},"pageTitlePadding":{"top":"50px","bottom":"50px","left":"auto","right":"auto","linked":true},"1a4447ea37b7ad2455e3f697acb4339c":"","page_structure_type":"default","d690824273613b1b554e660bd8393aee":"","content_style_source":"inherit","content_style":"wide","vertical_spacing_source":"inherit","content_area_spacing":"both","background":{"background_type":"color","background_pattern":"type-1","background_image":{"attachment_id":null,"x":0,"y":0},"gradient":"linear-gradient(135deg,rgba(6,147,227,1) 0%,rgb(155,81,224) 100%)","background_repeat":"repeat","background_size":"auto","background_attachment":"scroll","patternColor":{"default":{"color":"#e5e7ea"}},"overlayColor":{"default":{"color":"CT_CSS_SKIP_RULE"}},"backgroundColor":{"default":{"color":"CT_CSS_SKIP_RULE"}}},"content_background":{"background_type":"color","background_pattern":"type-1","background_image":{"attachment_id":null,"x":0,"y":0},"gradient":"linear-gradient(135deg,rgba(6,147,227,1) 0%,rgb(155,81,224) 100%)","background_repeat":"repeat","background_size":"auto","background_attachment":"scroll","patternColor":{"default":{"color":"#e5e7ea"}},"overlayColor":{"default":{"color":"CT_CSS_SKIP_RULE"}},"backgroundColor":{"default":{"color":"var(--theme-palette-color-8)"}}},"content_boxed_shadow":{"inherit":false,"blur":18,"spread":-6,"v_offset":12,"h_offset":0,"inset":false,"enable":true,"color":{"color":"rgba(34, 56, 101, 0.04)"}},"boxed_content_spacing":{"desktop":{"top":"40px","bottom":"40px","left":"40px","right":"40px","linked":true},"tablet":{"top":"35px","bottom":"35px","left":"35px","right":"35px","linked":true},"mobile":{"top":"20px","bottom":"20px","left":"20px","right":"20px","linked":true}},"content_boxed_radius":{"top":"3px","bottom":"3px","left":"3px","right":"3px","linked":true},"325e59e04ba768b8f15d14f028009e62":"","disable_featured_image":"no","disable_share_box":"no","disable_header":"no","disable_footer":"no","26bd3d08c608fe1fffc1baf5ee3b5d94":"","4da3053edc57e6f193c4067fa9b5a7d4":"","2cdc7cf0d37a314edcddb1f462bb9d56":"","72a7501f2e0eed1f2a371940d2b521fc":"","ba2f4f3d45cad6d0bbef180e79ce964a":"","bc99ea4b0bfb0fa2131f7d1493b41d6f":"","d775ac2803f8222d90d5bd2ed6dc6532":"","1151e894ca60a165ed6faf39ca91dda8":""},"_links":{"self":[{"href":"https:\/\/myplasticmold.com\/de\/wp-json\/wp\/v2\/pages\/6684","targetHints":{"allow":["GET"]}}],"collection":[{"href":"https:\/\/myplasticmold.com\/de\/wp-json\/wp\/v2\/pages"}],"about":[{"href":"https:\/\/myplasticmold.com\/de\/wp-json\/wp\/v2\/types\/page"}],"author":[{"embeddable":true,"href":"https:\/\/myplasticmold.com\/de\/wp-json\/wp\/v2\/users\/3"}],"replies":[{"embeddable":true,"href":"https:\/\/myplasticmold.com\/de\/wp-json\/wp\/v2\/comments?post=6684"}],"version-history":[{"count":0,"href":"https:\/\/myplasticmold.com\/de\/wp-json\/wp\/v2\/pages\/6684\/revisions"}],"wp:attachment":[{"href":"https:\/\/myplasticmold.com\/de\/wp-json\/wp\/v2\/media?parent=6684"}],"curies":[{"name":"wp","href":"https:\/\/api.w.org\/{rel}","templated":true}]}}