{"id":6335,"date":"2017-06-08T10:58:43","date_gmt":"2017-06-08T02:58:43","guid":{"rendered":"https:\/\/myplasticmold.com\/?page_id=6335"},"modified":"2024-07-05T12:35:06","modified_gmt":"2024-07-05T04:35:06","slug":"industrieprodukt-form","status":"publish","type":"page","link":"https:\/\/myplasticmold.com\/de\/industrieprodukt-form","title":{"rendered":"Schutzhelm Form Hersteller in China, Industrie serviert Produkt Form"},"content":{"rendered":"<div class=\"wp-block-cover alignfull has-custom-content-position is-position-bottom-center\"><span aria-hidden=\"true\" class=\"wp-block-cover__background has-background-dim\"><\/span><img loading=\"lazy\" decoding=\"async\" width=\"620\" height=\"239\" class=\"wp-block-cover__image-background wp-image-7833\" alt=\"\" src=\"https:\/\/myplasticmold.com\/wp-content\/uploads\/2021\/09\/helmet_mold1_gga0mw.jpg\" data-object-fit=\"cover\" srcset=\"https:\/\/myplasticmold.com\/wp-content\/uploads\/2021\/09\/helmet_mold1_gga0mw.jpg 620w, https:\/\/myplasticmold.com\/wp-content\/uploads\/2021\/09\/helmet_mold1_gga0mw-300x116.jpg 300w\" sizes=\"auto, (max-width: 620px) 100vw, 620px\" \/><div class=\"wp-block-cover__inner-container is-layout-flow wp-block-cover-is-layout-flow\">\n<h2 class=\"wp-block-heading has-text-align-center has-palette-color-8-color has-text-color\">Schutzhelmform<\/h2>\n<\/div><\/div>\n\n\n\n<h1 class=\"wp-block-heading\">China Schutzhelm Form Hersteller&nbsp;<\/h1>\n\n\n\n<div class=\"wp-block-qubely-row qubely-section qubely-block-65cc5b\"><div class=\"qubely-row-overlay\"><\/div><div class=\"qubely-container\"><div class=\"qubely-row\">\n<div class=\"wp-block-qubely-column qubely-column qubely-column-front qubely-block-162bfc\"><div class=\"qubely-column-inner\">\n<p>Interessiert an der Suche nach einem Hersteller und Designer von <a href=\"https:\/\/myplasticmold.com\/de\/industrieprodukt-form\">Schutzhelmform<\/a> die Ihrem Unternehmen zum Wachstum verhelfen werden? Wenn Sie auf der Suche nach einer ma\u00dfgeschneiderten Spritzgussform f\u00fcr Schutzhelme sind, die einen umfassenden Service bietet, dann sind Sie bei Topworks Plastic Mold genau richtig.<\/p>\n\n\n\n<p>Ob in einer Gesch\u00e4ftspartnerschaft oder nur als Freund, wir sind f\u00fcr Sie da. Unsere Kunststoffformen f\u00fcr Helme k\u00f6nnen nach h\u00f6chsten Qualit\u00e4tsstandards entworfen, hergestellt und vertrieben werden, und das zu international wettbewerbsf\u00e4higen Preisen.<\/p>\n\n\n\n<p>Aus diesem Grund bieten wir eine breite Palette von Werkzeug-, Fertigungs- und Versanddienstleistungen an, um Ihre Idee f\u00fcr eine Kunststoff-Helmform zum Leben zu erwecken.<\/p>\n\n\n\n<p>Ganz gleich, ob Sie mit Schutzhelmteilen arbeiten, die eine Kopie der gebrauchsfertigen Version sind, oder ob Sie sich noch in der Entwicklungsphase befinden, unser Prozess wird jede Phase Ihres Produktlebenszyklus rationalisieren.<\/p>\n\n\n\n<p>Super Service und bester Preis f\u00fcr Industrie serviert Produkt Form, Werkzeugkasten Form, Schutzhelm Form<\/p>\n\n\n\n<div class=\"wp-block-qubely-button qubely-block-fdc426\" data-qubelyanimation=\"{&quot;animation&quot;:&quot;bounce&quot;,&quot;name&quot;:&quot;bounceCenter&quot;,&quot;repeat&quot;:&quot;once&quot;,&quot;direction&quot;:&quot;Center&quot;,&quot;duration&quot;:1000,&quot;delay&quot;:0,&quot;curve&quot;:&quot;ease-in-out&quot;,&quot;openAnimation&quot;:1}\"><div class=\"qubely-block-btn-wrapper\"><div class=\"qubely-block-btn\"><a class=\"qubely-block-btn-anchor is-large\" href=\"https:\/\/myplasticmold.com\/contact-us-2\/\" target=\"_blank\" rel=\"nofollow noopener noreferrer\"><i class=\"qubely-btn-icon fas fa-hand-point-right\"><\/i><strong><span data-fontsize=\"22\" style=\"font-size: 22px;\" class=\"qubely-custom-font\">ERHALTEN SIE EIN KOSTENLOSES ANGEBOT, PREIS 30% NIEDRIGER UND LIEFERUNG 10 TAGE WENIGER<\/span><\/strong><\/a><\/div><\/div><\/div>\n<\/div><\/div>\n\n\n\n<div class=\"wp-block-qubely-column qubely-column qubely-column-front qubely-block-b53d99\"><div class=\"qubely-column-inner\">\n<figure class=\"wp-block-image aligncenter size-large\"><img decoding=\"async\" src=\"https:\/\/myplasticmold.com\/wp-content\/uploads\/2021\/09\/helmet_mold.jpg\" alt=\"\"\/><\/figure>\n<\/div><\/div>\n<\/div><\/div><\/div>\n\n\n\n<figure class=\"wp-block-embed is-type-video is-provider-youtube wp-block-embed-youtube wp-embed-aspect-16-9 wp-has-aspect-ratio\"><div class=\"wp-block-embed__wrapper\">\n<iframe loading=\"lazy\" title=\"Ein chinesisches Unternehmen f\u00fcr Kunststoffformen und Spritzgie\u00dfen\" width=\"1220\" height=\"686\" src=\"https:\/\/www.youtube.com\/embed\/McALhZohbi0?feature=oembed\" frameborder=\"0\" allow=\"accelerometer; autoplay; clipboard-write; encrypted-media; gyroscope; picture-in-picture; web-share\" referrerpolicy=\"strict-origin-when-cross-origin\" allowfullscreen><\/iframe>\n<\/div><\/figure>\n\n\n\n<h1 class=\"wp-block-heading\">Wie kauft man Kunststoffhelmspritzgussformen aus China: Ein umfassender Leitfaden<\/h1>\n\n\n\n<p>Sind Sie auf der Suche nach Helmspritzgussformen aus China? Dieser Leitfaden unterst\u00fctzt Sie bei der Auswahl und hilft Ihnen, fundierte Entscheidungen mit zuverl\u00e4ssigen Lieferanten f\u00fcr alle Ihre Anforderungen an die Helmherstellung zu treffen.<\/p>\n\n\n\n<h3 class=\"wp-block-heading\">Verst\u00e4ndnis von Helmspritzgussformen<\/h3>\n\n\n\n<p>Bevor man mit dem Kauf von Helmspritzgussformen beginnt, ist es wichtig, dass sich die K\u00e4ufer ein Bild von diesen wichtigen Werkzeugen f\u00fcr die Herstellung von Helmen machen. Dazu muss man sich damit vertraut machen, was Helmspritzgie\u00dfformen sind und warum ihr Einsatz in Produktionsprozessen notwendig ist.<\/p>\n\n\n\n<h3 class=\"wp-block-heading\">Was sind Helmspritzgussformen (HIMs)?<\/h3>\n\n\n\n<p>Helmspritzgie\u00dfformen (HIMs) sind pr\u00e4zisionsgefertigte Werkzeuge, die bei der Herstellung von Kunststoffhelmen verwendet werden. Die Gussformen:<\/p>\n\n\n\n<ul class=\"wp-block-list\">\n<li>Formung von geschmolzenem Kunststoff in die gew\u00fcnschte Helmform <\/li>\n\n\n\n<li>Gew\u00e4hrleistung einer gleichbleibenden Qualit\u00e4t und gleichbleibender Abmessungen in allen Produktionsl\u00e4ufen <\/li>\n\n\n\n<li>Erm\u00f6glicht eine effiziente Massenproduktion von Helmen<\/li>\n<\/ul>\n\n\n\n<p>Es gibt Einzelkavit\u00e4tenwerkzeuge (f\u00fcr die Herstellung jeweils einer Helmkomponente) und Mehrkavit\u00e4ten-Familienwerkzeuge sowie Hei\u00dfkanalwerkzeuge zur gleichzeitigen Herstellung verschiedener Helmkomponenten.<\/p>\n\n\n\n<p>Um einen reibungslosen Einkaufsprozess zu gew\u00e4hrleisten, sollten Sie die folgenden Schritte befolgen, um potenzielle Lieferanten zu identifizieren und zu pr\u00fcfen:<\/p>\n\n\n\n<ol class=\"wp-block-list\">\n<li>Recherche auf Online-Marktpl\u00e4tzen (z. B. Alibaba, Made-in-China)<\/li>\n\n\n\n<li>Teilnahme an Fachmessen (virtuell oder pers\u00f6nlich)<\/li>\n\n\n\n<li>Einsatz von Beschaffungsagenten oder Handelsunternehmen<\/li>\n\n\n\n<li>Pr\u00fcfen Sie die Bescheinigungen und Zertifizierungen der Lieferanten<\/li>\n\n\n\n<li>Muster und Prototypen anfordern<\/li>\n<\/ol>\n\n\n\n<h3 class=\"wp-block-heading\">Zu ber\u00fccksichtigende Schl\u00fcsselfaktoren<\/h3>\n\n\n\n<p>Achten Sie bei der Bewertung von Lieferanten auf Folgendes:<\/p>\n\n\n\n<ul class=\"wp-block-list\">\n<li>Jahrelange Erfahrung in der Herstellung von Helmformen<\/li>\n\n\n\n<li>Verfahren zur Qualit\u00e4tskontrolle<\/li>\n\n\n\n<li>Produktionskapazit\u00e4t<\/li>\n\n\n\n<li>Kundenrezensionen und Erfahrungsberichte<\/li>\n\n\n\n<li>Reaktionsf\u00e4higkeit in der Kommunikation<\/li>\n<\/ul>\n\n\n\n<h2 class=\"wp-block-heading\">Verhandlung und Erteilung Ihres Auftrags<\/h2>\n\n\n\n<p>Wenn Sie die potenziellen Lieferanten in die engere Wahl gezogen haben, ist es an der Zeit, die Bedingungen auszuhandeln und Ihre Bestellung aufzugeben.<\/p>\n\n\n\n<h3 class=\"wp-block-heading\">Wesentliche Schritte:<\/h3>\n\n\n\n<ol class=\"wp-block-list\">\n<li>Definieren Sie klar die Spezifikationen Ihrer Helmform<\/li>\n\n\n\n<li>Fordern Sie detaillierte Angebote von mehreren Anbietern an<\/li>\n\n\n\n<li>Aushandeln von Preisen, Zahlungsbedingungen und Lieferfristen<\/li>\n\n\n\n<li>Er\u00f6rterung von Ma\u00dfnahmen zum Schutz des geistigen Eigentums<\/li>\n\n\n\n<li>Einigung auf Qualit\u00e4tskontrollverfahren und -standards<\/li>\n<\/ol>\n\n\n\n<h3 class=\"wp-block-heading\">Wichtige Vertragsklauseln<\/h3>\n\n\n\n<p>Vergewissern Sie sich, dass Ihr Kaufvertrag Folgendes enth\u00e4lt:<\/p>\n\n\n\n<ul class=\"wp-block-list\">\n<li>Detaillierte Produktspezifikationen<\/li>\n\n\n\n<li>Qualit\u00e4tsstandards und Pr\u00fcfverfahren<\/li>\n\n\n\n<li>Lieferfristen und Vertragsstrafen bei Verzug<\/li>\n\n\n\n<li>Garantie und Kundendienst<\/li>\n\n\n\n<li>Mechanismen zur Beilegung von Streitigkeiten<\/li>\n<\/ul>\n\n\n\n<h2 class=\"wp-block-heading\">Qualit\u00e4tskontrolle und Produktions\u00fcberwachung<\/h2>\n\n\n\n<p>Um die Qualit\u00e4t Ihrer Helmspritzgussformen zu gew\u00e4hrleisten:<\/p>\n\n\n\n<ol class=\"wp-block-list\">\n<li>Durchf\u00fchrung regelm\u00e4\u00dfiger Fabrikaudits<\/li>\n\n\n\n<li>Umsetzung eines Qualit\u00e4tskontrollplans<\/li>\n\n\n\n<li>Nutzung von Inspektionsdiensten Dritter<\/li>\n\n\n\n<li>Anforderung von Fortschrittsberichten und Produktionsaktualisierungen<\/li>\n\n\n\n<li>Durchf\u00fchrung von Endkontrollen vor dem Versand<\/li>\n<\/ol>\n\n\n\n<h2 class=\"wp-block-heading\">Versand und Logistik<\/h2>\n\n\n\n<p>Planen Sie den Transport Ihrer Helmspritzgussformen sorgf\u00e4ltig:<\/p>\n\n\n\n<ol class=\"wp-block-list\">\n<li>W\u00e4hlen Sie je nach Dringlichkeit und Kosten zwischen Luft- und Seefracht<\/li>\n\n\n\n<li>Sorgen Sie f\u00fcr eine angemessene Verpackung, um Transportsch\u00e4den zu vermeiden.<\/li>\n\n\n\n<li>Beschaffung der erforderlichen Import-\/Exportdokumente<\/li>\n\n\n\n<li>Ziehen Sie die Einschaltung eines Zollmaklers in Betracht, um die Vorschriften zu umgehen<\/li>\n\n\n\n<li>Sorgen Sie f\u00fcr Versicherungsschutz w\u00e4hrend des Transports<\/li>\n<\/ol>\n\n\n\n<p>Wenn Sie diesen umfassenden Leitfaden befolgen, sind Sie gut ger\u00fcstet, um effizient und sicher hochwertige Helmspritzgussformen aus China zu beziehen. Denken Sie daran, w\u00e4hrend des gesamten Prozesses auf klare Kommunikation, gr\u00fcndliche Recherche und strenge Qualit\u00e4tskontrolle zu achten, um einen erfolgreichen Einkauf zu gew\u00e4hrleisten.<\/p>\n\n\n\n<div class=\"wp-block-group alignfull is-layout-flow wp-block-group-is-layout-flow\">\n<h2 class=\"wp-block-heading has-text-align-center has-palette-color-5-background-color has-background\">WAS UNSERE KUNDEN SAGEN<\/h2>\n\n\n\n<div class=\"wp-block-qubely-row alignfull qubely-section qubely-block-95be5f\" data-qubelyanimation=\"{&quot;animation&quot;:&quot;bounce&quot;,&quot;name&quot;:&quot;bounceCenter&quot;,&quot;repeat&quot;:&quot;once&quot;,&quot;direction&quot;:&quot;Center&quot;,&quot;duration&quot;:1000,&quot;delay&quot;:0,&quot;curve&quot;:&quot;ease-in-out&quot;,&quot;openAnimation&quot;:1}\"><div class=\"qubely-shape-divider qubely-top-shape\"><svg xmlns=\"http:\/\/www.w3.org\/2000\/svg\" viewbox=\"0 0 1000 80\" preserveaspectratio=\"none\">\n    <path d=\"M0,0V71.07l.22.05c2.83,1,7.45-4.57,7.45-4.57s13.36,6.34,14.9,6.6S30,76.45,30,76.45L36.7,71.5s5.4,6,8,4.95,16.19-8.88,17.73-3.55S64.2,80,65,80s5.4-5.59,6.42-5.59,11,2.79,11.82,2.79,7.71-5.84,9.25-6.6,18.24.51,22.1,2.66,14.13.13,19.79,0,25.18,1.9,25.18,1.9l8.48-1.9s0-5.46,1.8-5.2,9.25.51,9.25.51L180.34,65s20.81,2,22.1,2,2.31-3.81,4.37-3.81,14.13,3.81,15.42,3.81,9.25-3.55,11.56-3.81,8.48,5.08,10.28,5.58,55-6.6,55-6.6-.26-5.33,4.88-3.55,15.16,1.27,19.53,2,3.34,6.34,7.71,2.54,5.65-7.36,8.22-6.09,10.28,2.28,11,2.28,4.37-8.12,7.19-6.6,21.59,12.5,30.06,13.48,13.1-10.44,13.1-10.44l13.1,2.54s7.71,10.15,16.19,11.17,11,6.34,19.27,3.55,17.73-9.39,20-8.38,17.47-6.6,18.24-6.85,8.74.76,16.44.25,9.51-5.52,9.51-5.52,25.69-1.08,28.78,1.21,3.6,4.31,6.68,4.31,12.33-5.84,22.35-3.55,26,6.34,27.49,7.11,10.28-5.58,10.28-5.58,5.14,4.57,6.42,5.84,6.17.76,9.25,0,3.85-9.14,10-5.08,20.3-5.08,25.44,1S667,64,667,64s6.68-11.42,14.39-9.9S710.16,66.2,710.16,66.2l6.42-5.49,27.24-1.27s-1.28-7.11,6.17-5.33,10-.89,11-1.71,5.14-3.49,9,0,25.44,8.31,32.89,8.31,15.93-6.35,22.61-4.57,13.36-1.52,14.39-2-.77-4.65,6.42-3.47,19-.76,20.58-.25,6.17-.76,11.31-1.78,6.34-11.63,12.25-4.27,8.68,5.28,11.51,6.74,7.45,1.33,9.25,0-1.54-7.93,7.19-5.39,4.17,3.48,10.08,3,14.13,4.06,14.13,4.06,10.79-2,13.11-2.28,9.25-4.57,12.59-2.79,6.17,1.52,9,2.28,10-.51,11.82-1.78,2.57-6.35,7.71-3.55a11.91,11.91,0,0,1,3.14,2.18V0Z\" style=\"opacity:0.66\"\/>\n    <path d=\"M0,0V59.17c4.84-3,4.08,1,5.36-.23s0,0,2.57-1.27,3.08.51,7.19,1,2.83,2.54,2.83,2.54,8.74,5.08,10.28,4.57,4.88-9.14,4.37-10.15S40,61.22,40,61.22l4.37,3.3s9.76,2,11,1a59.11,59.11,0,0,1,8-4.57c1.8-.76,4.11,2.28,6.68,2.79s8.74,3.81,8.74,3.81S90.92,60.71,94,60.21s16.7,3.55,17.47,2,11.82-3,13.1-2.79,8.48,10.91,8.48,10.91l30.83-.51s6.68-6.09,7.45-7.61.26-1.78.26-1.78,9-4.57,10-4.57S193.18,61,193.18,61s10.54-4.06,14.39-5.08,6.68,1.52,12.85-2,19.79-2.79,20.56-3.3,7.45-6.34,12.85-9.39,11.31.76,13.1.76,7.71,5.33,10.79,4.57,10.28-5.33,13.62-5.33,2.83,2.28,10.28,1.78,5.91.51,12.59,4.32,8-2.29,12.85-3.55,1.8.25,4.63-.51a19,19,0,0,1,5.65-.76c1.29,0,2.57,1.52,8.74,3.55s5.91-.76,9.25-1.78,8.22-3.3,18.76-10.15,2.57,5.33,6.94,6.85,22.87,3.55,24.41,2,4.37-3,7.2-4.57,2.82-.51,3.59-.51,9,2.54,11.31,4.06,3.85,4.57,6.17,4.57,4.62-2.54,11-3.55-.26,4.82,0,5.58,2.06,0,5.4-.25,4.88-2.79,9.76-2.79,5.14,3.3,8.48,4.06,2.83,0,10.54-3.81,6.68-1.78,14.9-3.55,22.61,6.85,24.41,6.09,4.88-1.27,11.3-2.54,11.56,3,16.19,5.58,5.14-1.52,8.74-5.08,12.08.25,14.9.25,9.25-.25,13.36-.51,5.14-3,13.88-5.08,8,4.57,14.65,3.55,14.13-1.27,28-5.08,6.42,3,10.79,5.58,9,1.78,11.56,1.52S676,39.65,679.84,36.35s9.51,4.31,16.19,8.12,9.25,3.81,14.13,1.78,9.51-4.82,14.9-7.87,5.4,5.84,10,2.79,15.42.76,17.21-.25,8.48.76,15.42-1,1.8,2,7.45,6.85,3.08-2.29,15.42,1,28.52-2.29,32.89-3,4.88,5.33,9.25,5.84,5.4-4.82,9.76-7.87,17-.76,20.56-2a17.22,17.22,0,0,0,6.17-4.06s13.36,0,15.16-1.52,10.28-.76,13.36-.76,26,4.57,35.2,2.79,11.82-7.62,16.44-10.91,23.13,2.54,30.32,2.54,20.3-2.54,20.3-2.54V0Z\"\/>\n<\/svg><\/div><div class=\"qubely-row-overlay\"><\/div><div class=\"qubely-container\"><div class=\"qubely-row\">\n<div class=\"wp-block-qubely-column qubely-column qubely-column-front qubely-block-4d61b8\"><div class=\"qubely-column-inner\">\n<div class=\"wp-block-qubely-testimonial qubely-block-89e237\"><div class=\"qubely-block-testimonial\"><div class=\"qubely-testimonial-author\"><div class=\"qubely-testimonial-avatar-layout-top\"><img decoding=\"async\" class=\"qubely-testimonial-avatar\" src=\"https:\/\/myplasticmold.com\/wp-content\/uploads\/2022\/05\/engineers-strategy-business-growth-develop.png\" srcset=\"\" alt=\"\"\/><div class=\"qubely-testimonial-author-info\"><div class=\"qubely-testimonial-author-name\"><span>Cristiano<\/span><\/div><div class=\"qubely-testimonial-author-designation\"><span>Professionell<\/span><\/div><\/div><\/div><\/div><div class=\"qubely-testimonial-content\"><div>\"Ich freue mich, Ihnen mitteilen zu k\u00f6nnen, dass alle Kunststoffteile perfekt sind!!! Wir sind sehr erfreut, und daher bestehen gute Chancen, unsere Beziehung f\u00fcr jedes kommende neue Projekt fortzusetzen.\"<\/div><\/div><\/div><\/div>\n<\/div><\/div>\n\n\n\n<div class=\"wp-block-qubely-column qubely-column qubely-column-front qubely-block-c7eeaa\"><div class=\"qubely-column-inner\">\n<div class=\"wp-block-qubely-testimonial qubely-block-a80a4a\"><div class=\"qubely-block-testimonial\"><div class=\"qubely-testimonial-author\"><div class=\"qubely-testimonial-avatar-layout-top\"><img decoding=\"async\" class=\"qubely-testimonial-avatar\" src=\"https:\/\/myplasticmold.com\/wp-content\/uploads\/2022\/05\/developers-growth-marketing-service-team.png\" srcset=\"\" alt=\"\"\/><div class=\"qubely-testimonial-author-info\"><div class=\"qubely-testimonial-author-name\"><span>Paulo<\/span><\/div><div class=\"qubely-testimonial-author-designation\"><span>Professionell<\/span><\/div><\/div><\/div><\/div><div class=\"qubely-testimonial-content\"><div>\"Steven ist ein hervorragender Fachmann mit gro\u00dfem Wissen und technischer Praxis.\"<\/div><\/div><\/div><\/div>\n<\/div><\/div>\n\n\n\n<div class=\"wp-block-qubely-column qubely-column qubely-column-front qubely-block-a97728\"><div class=\"qubely-column-inner\">\n<div class=\"wp-block-qubely-testimonial qubely-block-a348ba\"><div class=\"qubely-block-testimonial\"><div class=\"qubely-testimonial-author\"><div class=\"qubely-testimonial-avatar-layout-top\"><img decoding=\"async\" class=\"qubely-testimonial-avatar\" src=\"https:\/\/myplasticmold.com\/wp-content\/uploads\/2022\/05\/engineers-strategy-business-growth-develop.png\" srcset=\"\" alt=\"\"\/><div class=\"qubely-testimonial-author-info\"><div class=\"qubely-testimonial-author-name\"><span>David<\/span><\/div><div class=\"qubely-testimonial-author-designation\"><span>Unternehmens-CEO<\/span><\/div><\/div><\/div><\/div><div class=\"qubely-testimonial-content\"><div>\"Steven ist ein sehr detailorientierter Projektmanager und Ingenieur, der Probleme kreativ l\u00f6sen kann und zudem einen hervorragenden Service bietet. Es war ein Vergn\u00fcgen, mit ihm zu arbeiten.\"<\/div><\/div><\/div><\/div>\n<\/div><\/div>\n<\/div><\/div><\/div>\n<\/div>","protected":false},"excerpt":{"rendered":"<p>China safety helmet mould manufacturer&nbsp; How to Buy Plastic Helmet Injection Molds from China: A Comprehensive Guide Are You Searching For Helmet Injection Molds from China? This guide will assist in the selection process and help ensure informed decisions with reliable suppliers for all of your helmet manufacturing requirements. Understanding Helmet Injection Molds Before you [&hellip;]<\/p>\n","protected":false},"author":3,"featured_media":0,"parent":0,"menu_order":0,"comment_status":"closed","ping_status":"closed","template":"","meta":{"footnotes":""},"class_list":["post-6335","page","type-page","status-publish","hentry"],"blocksy_meta":{"styles_descriptor":{"styles":{"desktop":"","tablet":"","mobile":""},"google_fonts":[],"version":6}},"_links":{"self":[{"href":"https:\/\/myplasticmold.com\/de\/wp-json\/wp\/v2\/pages\/6335","targetHints":{"allow":["GET"]}}],"collection":[{"href":"https:\/\/myplasticmold.com\/de\/wp-json\/wp\/v2\/pages"}],"about":[{"href":"https:\/\/myplasticmold.com\/de\/wp-json\/wp\/v2\/types\/page"}],"author":[{"embeddable":true,"href":"https:\/\/myplasticmold.com\/de\/wp-json\/wp\/v2\/users\/3"}],"replies":[{"embeddable":true,"href":"https:\/\/myplasticmold.com\/de\/wp-json\/wp\/v2\/comments?post=6335"}],"version-history":[{"count":0,"href":"https:\/\/myplasticmold.com\/de\/wp-json\/wp\/v2\/pages\/6335\/revisions"}],"wp:attachment":[{"href":"https:\/\/myplasticmold.com\/de\/wp-json\/wp\/v2\/media?parent=6335"}],"curies":[{"name":"wp","href":"https:\/\/api.w.org\/{rel}","templated":true}]}}