{"id":6323,"date":"2017-06-06T13:41:41","date_gmt":"2017-06-06T05:41:41","guid":{"rendered":"https:\/\/myplasticmold.com\/?page_id=6323"},"modified":"2023-07-18T13:48:58","modified_gmt":"2023-07-18T05:48:58","slug":"form-fur-kinderprodukte","status":"publish","type":"page","link":"https:\/\/myplasticmold.com\/de\/form-fur-kinderprodukte","title":{"rendered":"Form f\u00fcr Kinderprodukte, Form f\u00fcr Baby-Badewannen, Form f\u00fcr Babyst\u00fchle, Form f\u00fcr Babyspielzeug"},"content":{"rendered":"<h2 class=\"wp-block-heading\">Form f\u00fcr Kinderprodukte, Form f\u00fcr Baby-Badewannen, Form f\u00fcr Baby-St\u00fchle,<a href=\"https:\/\/myplasticmold.com\/de\/form-fur-kinderprodukte\">Babyspielzeugform<\/a> Hersteller<\/h2>\n\n\n\n<p>Auf der Suche nach hochwertigen <a href=\"https:\/\/myplasticmold.com\/en\/child-product-mould\" target=\"_blank\" rel=\"noreferrer noopener\">Formen f\u00fcr Kinderprodukte<\/a>? Dann suchen Sie nicht weiter! Wir sind stolz darauf, au\u00dfergew\u00f6hnliche Formenbau-Dienstleistungen f\u00fcr eine Reihe von Kinderprodukten anzubieten. Ganz gleich, ob Sie eine Form f\u00fcr eine Babybadewanne, einen Babystuhl oder ein Babyspielzeug ben\u00f6tigen, unser erfahrenes Team von Fachleuten ist stets bem\u00fcht, hervorragende Ergebnisse zu liefern.<\/p>\n\n\n\n<p>Unsere Formen f\u00fcr Kinderprodukte werden mit Pr\u00e4zision und Liebe zum Detail hergestellt. Wir wissen, wie wichtig Sicherheit und Komfort f\u00fcr Ihre Kleinen sind. Jede Form wird sorgf\u00e4ltig entworfen, um optimale Funktionalit\u00e4t und Haltbarkeit zu gew\u00e4hrleisten und eine nahtlose Benutzererfahrung zu erm\u00f6glichen.<\/p>\n\n\n\n<p>Bei unseren Formen legen wir Wert auf die folgenden Vorteile:<\/p>\n\n\n\n<ul class=\"wp-block-list\">\n<li>\u00dcberlegene Qualit\u00e4t: Unsere Formen werden mit modernsten Techniken und hochwertigen Materialien hergestellt, um eine hervorragende Qualit\u00e4t und Langlebigkeit zu gew\u00e4hrleisten.<\/li>\n\n\n\n<li>Anpassung: Wir bieten Ihnen anpassbare Formen, um Ihre spezifischen Anforderungen zu erf\u00fcllen. Ma\u00dfgeschneiderte Formen erm\u00f6glichen es Ihnen, einzigartige und innovative Kinderprodukte herzustellen.<\/li>\n\n\n\n<li>Effizienz: Unser fortschrittlicher Formenbauprozess optimiert die Produktionszeit und gew\u00e4hrleistet die rechtzeitige Lieferung Ihrer Formen.<\/li>\n\n\n\n<li>Fachwissen: Mit jahrelanger Erfahrung in der Branche verf\u00fcgt unser Team \u00fcber fundierte Kenntnisse und Fachwissen im Formenbau und garantiert so erstklassige Ergebnisse.<\/li>\n<\/ul>\n\n\n\n<p>Wenn Sie sich f\u00fcr unsere Formen f\u00fcr Kinderprodukte entscheiden, investieren Sie in zuverl\u00e4ssige und leistungsstarke L\u00f6sungen. Unsere Formen sind so konzipiert, dass sie Ihre Produktideen zum Leben erwecken und es Ihnen erm\u00f6glichen, kinderfreundliche Produkte zu schaffen, die sich auf dem Markt abheben.<\/p>\n\n\n\n<p>Heben Sie Ihre Bem\u00fchungen im Formenbau mit unseren au\u00dfergew\u00f6hnlichen Dienstleistungen auf die n\u00e4chste Stufe. Wenden Sie sich noch heute an uns, um Ihre Anforderungen an die Form zu besprechen und das Potenzial f\u00fcr die Herstellung bemerkenswerter Kinderprodukte zu erschlie\u00dfen.<\/p>\n\n\n\n<p>F\u00fcr Anfragen und weitere Informationen besuchen Sie bitte unsere Website oder kontaktieren Sie uns direkt.<\/p>\n\n\n\n<figure class=\"wp-block-image\"><img loading=\"lazy\" decoding=\"async\" width=\"665\" height=\"925\" src=\"https:\/\/myplasticmold.com\/wp-content\/uploads\/2020\/04\/child_products_mould_m5h0j2.jpg\" alt=\"\" class=\"wp-image-6326\" srcset=\"https:\/\/myplasticmold.com\/wp-content\/uploads\/2020\/04\/child_products_mould_m5h0j2.jpg 665w, https:\/\/myplasticmold.com\/wp-content\/uploads\/2020\/04\/child_products_mould_m5h0j2-216x300.jpg 216w\" sizes=\"auto, (max-width: 665px) 100vw, 665px\" \/><\/figure>\n\n\n\n<p><\/p>","protected":false},"excerpt":{"rendered":"<p>Child product mould,baby bathtub mould,baby chair mould,baby toy mould maker Looking for high-quality child product molds? Look no further! We take pride in offering exceptional mold-making services for a range of child products. Whether you need a baby bathtub mold, baby chair mold, or baby toy mold, our skilled team of professionals is dedicated to [&hellip;]<\/p>\n","protected":false},"author":3,"featured_media":0,"parent":0,"menu_order":0,"comment_status":"closed","ping_status":"closed","template":"","meta":{"footnotes":""},"class_list":["post-6323","page","type-page","status-publish","hentry"],"blocksy_meta":{"styles_descriptor":{"styles":{"desktop":"","tablet":"","mobile":""},"google_fonts":[],"version":6}},"_links":{"self":[{"href":"https:\/\/myplasticmold.com\/de\/wp-json\/wp\/v2\/pages\/6323","targetHints":{"allow":["GET"]}}],"collection":[{"href":"https:\/\/myplasticmold.com\/de\/wp-json\/wp\/v2\/pages"}],"about":[{"href":"https:\/\/myplasticmold.com\/de\/wp-json\/wp\/v2\/types\/page"}],"author":[{"embeddable":true,"href":"https:\/\/myplasticmold.com\/de\/wp-json\/wp\/v2\/users\/3"}],"replies":[{"embeddable":true,"href":"https:\/\/myplasticmold.com\/de\/wp-json\/wp\/v2\/comments?post=6323"}],"version-history":[{"count":0,"href":"https:\/\/myplasticmold.com\/de\/wp-json\/wp\/v2\/pages\/6323\/revisions"}],"wp:attachment":[{"href":"https:\/\/myplasticmold.com\/de\/wp-json\/wp\/v2\/media?parent=6323"}],"curies":[{"name":"wp","href":"https:\/\/api.w.org\/{rel}","templated":true}]}}