{"id":3601,"date":"2015-08-20T19:21:35","date_gmt":"2015-08-20T19:21:35","guid":{"rendered":"https:\/\/myplasticmold.com\/?p=3601"},"modified":"2023-07-22T08:58:00","modified_gmt":"2023-07-22T00:58:00","slug":"5-stufen-der-wartung-von-kunststoffformen","status":"publish","type":"page","link":"https:\/\/myplasticmold.com\/de\/5-stufen-der-wartung-von-kunststoffformen","title":{"rendered":"5 Stufen der Wartung von Kunststoffformen"},"content":{"rendered":"<figure class=\"wp-block-image aligncenter\"><img loading=\"lazy\" decoding=\"async\" width=\"960\" height=\"540\" src=\"https:\/\/myplasticmold.com\/wp-content\/uploads\/2020\/04\/12032032_955858837790640_8477703518881429676_n_qthcmy.jpg\" alt=\"\" class=\"wp-image-7177\" srcset=\"https:\/\/myplasticmold.com\/wp-content\/uploads\/2020\/04\/12032032_955858837790640_8477703518881429676_n_qthcmy.jpg 960w, https:\/\/myplasticmold.com\/wp-content\/uploads\/2020\/04\/12032032_955858837790640_8477703518881429676_n_qthcmy-300x169.jpg 300w, https:\/\/myplasticmold.com\/wp-content\/uploads\/2020\/04\/12032032_955858837790640_8477703518881429676_n_qthcmy-768x432.jpg 768w\" sizes=\"auto, (max-width: 960px) 100vw, 960px\" \/><\/figure>\n\n\n\n<ul class=\"wp-block-list\">\n<li><strong>Ebene 1: Routinem\u00e4\u00dfige Wartung<\/strong><\/li>\n<\/ul>\n\n\n\n<p>Bevor die Form aus der Presse genommen wird, muss sie erw\u00e4rmt werden (wenn die Form gek\u00fchlt ist), damit das gesamte Oberfl\u00e4chenkondensat verdampft.<\/p>\n\n\n\n<p>W\u00e4hrend die Form noch warm ist, sollten die Innenfl\u00e4chen der Form vorsichtig mit einem Sicherheitsl\u00f6sungsmittel gereinigt werden, um alle Schmutzreste zu entfernen, und das Auswerfersystem ganz nach vorne gefahren werden.<\/p>\n\n\n\n<p>Linsen und hochglanzpolierte Oberfl\u00e4chen sollten nach speziellen Anweisungen gesch\u00fctzt werden.<br>Alle Wasserleitungen sollten entleert und von s\u00e4mtlichem Restwasser befreit werden, um Rostbildung durch stehendes Wasser zu vermeiden.<br>Es ist unbedingt darauf zu achten, dass kein Wasser im Schimmel eingeschlossen wird.<\/p>\n\n\n\n<p>Pr\u00fcfen Sie, ob alle Bolzen, Platten, Klammern usw. vorhanden und fest angezogen sind.<br>T\u00fcten Sie die letzte Aufnahme als Beispiel f\u00fcr die typische Qualit\u00e4t dieser Serie ein. Bewahren Sie diese Teile zusammen mit der Form auf.<\/p>\n\n\n\n<p><strong>Jedes Mal, wenn die Form aus der Produktion genommen oder wieder in die Produktion gebracht wird&nbsp;<\/strong><\/p>\n\n\n\n<hr class=\"wp-block-separator has-alpha-channel-opacity\"\/>\n\n\n\n<ul class=\"wp-block-list\">\n<li><strong>Ebene 2: Einfache vorbeugende Wartung <\/strong><\/li>\n<\/ul>\n\n\n\n<p>\u00d6ffnen Sie die Form. Entfernen Sie das Formkonservierungsmittel mit einem fusselfreien Pad unter Verwendung eines zugelassenen Sicherheitsl\u00f6sungsmittels.<\/p>\n\n\n\n<div class=\"wp-block-stackable-button-group stk-block-button-group stk-block stk-fb03efd\" data-block-id=\"fb03efd\"><style>.stk-fb03efd .stk-button-group{flex-direction:row !important;}@media screen and (max-width: 1023px){.stk-fb03efd .stk-button-group{flex-direction:row !important;}}@media screen and (max-width: 767px){.stk-fb03efd .stk-button-group{flex-direction:row !important;}}<\/style><div class=\"stk-row stk-inner-blocks has-text-align-center stk-block-content stk-button-group\">\n<div class=\"wp-block-stackable-button stk-block-button has-text-align-center stk-block stk-eea1c25 stk-animate\" data-block-id=\"eea1c25\" data-stk-anim-perspective-in=\"100\" data-stk-anim-perspective-out=\"100\"><style>.stk-eea1c25 {border-top-left-radius:50px !important;border-top-right-radius:50px !important;border-bottom-right-radius:50px !important;border-bottom-left-radius:50px !important;overflow:hidden !important;box-shadow:0 0 0 1px #7878781a !important;min-height:68px !important;max-width:1500px !important;min-width:auto !important;padding-top:0px !important;padding-right:0px !important;padding-bottom:0px !important;padding-left:0px !important;margin-right:auto !important;margin-left:auto !important;flex:1 0 var(--stk-button-group-flex-wrap, 0) !important;}.stk-eea1c25 , .stk-eea1c25 .stk-button{width:100% !important;}.stk-eea1c25 .stk-button__inner-text{font-size:43px !important;}@media screen and (max-width: 1023px){.stk-eea1c25 .stk-button__inner-text{font-size:43px !important;}}<\/style><a class=\"stk-link stk-button stk--hover-effect-scale\" href=\"https:\/\/myplasticmold.com\/contact-us-2\/\" target=\"_blank\" rel=\"noreferrer noopener\"><span class=\"stk-button__inner-text\"><strong>30% niedriger und 10 Tage weniger<\/strong><\/span><\/a><\/div>\n<\/div><\/div>\n\n\n\n<p>Es ist nicht ratsam, die Teile sofort zu bearbeiten, in der Annahme, dass die ersten Sch\u00fcsse die Schutzschicht abkratzen und daher zur Reinigung des Formschutzmittels verwendet werden.<\/p>\n\n\n\n<p><strong>Erfolgt bei der Entnahme eines Werkzeugs aus dem Lager<\/strong><\/p>\n\n\n\n<hr class=\"wp-block-separator has-alpha-channel-opacity\"\/>\n\n\n\n<ul class=\"wp-block-list\">\n<li><strong>Ebene 3: Inspektion Wartung<\/strong><\/li>\n<\/ul>\n\n\n\n<p>Diese Wartung wird vom leitenden Bediener oder einem Werkzeugmacher am Ende eines Produktionslaufs durchgef\u00fchrt.<\/p>\n\n\n\n<p>Anhand der Checkliste und der visuellen Inspektionstechniken wird der Schimmelpilz untersucht, und eventuell notwendige kleinere Reparaturen werden notiert, damit sie im Rahmen der allgemeinen Wartung durchgef\u00fchrt werden k\u00f6nnen.<\/p>\n\n\n\n<p>Wenn dies nicht der Fall ist, werden notwendige Reparaturen oder zuk\u00fcnftige Nachbesserungen im Schimmelpilzprotokoll f\u00fcr eine sp\u00e4tere Auswertung festgehalten.<\/p>\n\n\n\n<p>Fehlende Komponenten oder verstopfte Hohlr\u00e4ume sollten notiert und behoben werden.<\/p>\n\n\n\n<p>Eine Probe aus dem verstopften Hohlraum sollte aufbewahrt werden, damit der Formenbauer Reparaturen vornehmen kann.<\/p>\n\n\n\n<p>Die Form sollte mit einem Sicherheitsl\u00f6sungsmittel gewaschen werden, um den Lack und die Ablagerungen zu entfernen, die beim Gie\u00dfen entstanden sind.<\/p>\n\n\n\n<p>Die Entl\u00fcftungs\u00f6ffnungen sollten an mindestens vier Stellen im Uhrzeigersinn um den Hohlraum herum auf ihre Tiefe \u00fcberpr\u00fcft werden.<\/p>\n\n\n\n<p>Vermerke f\u00fcr Arbeiten, die im Rahmen der allgemeinen Wartung durchzuf\u00fchren sind, sollten auf dem Formular f\u00fcr k\u00fcnftige Arbeiten vermerkt werden. Abgenutzte oder gebrochene Auswerferstifte sollten vermerkt werden.<\/p>\n\n\n\n<p>Die Form sollte aus der Produktion genommen und die Stifte ersetzt werden.<\/p>\n\n\n\n<p><strong>20.000 Zyklen oder neun Produktionsschichten<\/strong><\/p>\n\n\n\n<hr class=\"wp-block-separator has-alpha-channel-opacity\"\/>\n\n\n\n<ul class=\"wp-block-list\">\n<li><strong>&nbsp;4. allgemeine Wartung<\/strong><\/li>\n<\/ul>\n\n\n\n<p>Diese Wartung sollte nur von fachlich geschulten Technikern des Werkzeugbaus durchgef\u00fchrt werden.<br>Alle Platten werden getrennt und ihre Oberfl\u00e4chen gereinigt.<\/p>\n\n\n\n<p>Vorsicht! Hochglanzpolierte Oberfl\u00e4chen sollten nicht mit B\u00fcrsten oder Lappen gereinigt werden.<\/p>\n\n\n\n<p>Nur nicht kontaminierte Kosmetikt\u00fccher oder Watteb\u00e4usche verwenden. L\u00f6sen Sie Schmutz, indem Sie Reinigungsfl\u00fcssigkeit in den Hohlraum spr\u00fchen und mit sauberen Watteb\u00e4llchen abwischen.<\/p>\n\n\n\n<p>Nicht mit den Fingern ber\u00fchren, Staub auf den Fingerspitzen kann eine polierte Oberfl\u00e4che zerkratzen.<\/p>\n\n\n\n<p>Seien Sie beim Ausblasen eines Hohlraums vorsichtig, da sich in den Luftleitungen Staub oder Rost befinden kann, der den polierten Hohlraum besch\u00e4digen kann.<br>Alle Komponenten werden auf Verschlei\u00df gepr\u00fcft. Jede \u00fcberm\u00e4\u00dfige Abnutzung wird festgestellt und es wird entschieden, ob sie repariert, ersetzt oder weiter verwendet werden sollen<\/p>\n\n\n\n<p>Alle rauen Bereiche au\u00dferhalb des Hohlraum-Detailbereichs m\u00fcssen ausgearbeitet werden. Jeder Bereich innerhalb des Hohlraumdetailbereichs mit Dellen, Beulen oder anderen Anzeichen von Abnutzung oder Missbrauch ist als kritisch zu betrachten und sollte sorgf\u00e4ltig analysiert werden, bevor mit dem Austausch oder der Reparatur begonnen wird<\/p>\n\n\n\n<p>Alle beweglichen Teile sind bei Bedarf zu schmieren. Alle beweglichen Teile, die mit Kunststoffteilen in Ber\u00fchrung kommen, sind sparsam zu schmieren.<\/p>\n\n\n\n<p>Entl\u00fcftungs\u00f6ffnungen sollten auf Tiefe, Breite und Steg im Vergleich zu den Spezifikationen der Werkzeugzeichnung \u00fcberpr\u00fcft werden.<\/p>\n\n\n\n<p>Diese Daten sollten in der Checkliste festgehalten werden, und es sollte festgelegt werden, ob eine Reparatur erforderlich ist.<\/p>\n\n\n\n<p>Sie sollten auch auf Korrosion und Entl\u00fcftungsbr\u00e4nde \u00fcberpr\u00fcft werden (m\u00f6glicherweise ist eine bessere Entl\u00fcftung erforderlich).<\/p>\n\n\n\n<p>\"O-Ringe, Dichtungen und Dichtungsringe sollten auf ihre Unversehrtheit \u00fcberpr\u00fcft werden.<\/p>\n\n\n\n<p>Alle Wasserleitungen sind einer Druckpr\u00fcfung auf Dichtheit zu unterziehen und erneut auf ihre Durchflusskapazit\u00e4t zu \u00fcberpr\u00fcfen.<\/p>\n\n\n\n<p>Wasserleitungen, die verkalkt und verengt sind, sollten mit einem Entkalkungsmittel druckgereinigt werden.<\/p>\n\n\n\n<p>Das Auswerfersystem ist auf korrekte Ausrichtung zu pr\u00fcfen. Wenn die L\u00f6cher der Auswerferstifte eif\u00f6rmig geworden sind, muss entschieden werden, ob sie neu gebohrt und auf eine gr\u00f6\u00dfere Gr\u00f6\u00dfe gebracht und die vorhandenen Stifte durch \u00fcbergro\u00dfe Stifte ersetzt werden sollten.<br>Gebrochene R\u00fcckholfedern, Neutexturierung aufgrund von Materialerosion an der Formoberfl\u00e4che, Austausch von Anschnitten oder Anschnitteins\u00e4tzen, neue Angussbl\u00f6cke usw. m\u00fcssen analysiert und bestimmt werden.<\/p>\n\n\n\n<p>Ersetzen Sie alle Federn nach 50.000 Zyklen<\/p>\n\n\n\n<p><strong>100.000 Zyklen oder alle 10 Produktionsl\u00e4ufe<\/strong><\/p>\n\n\n\n<hr class=\"wp-block-separator has-alpha-channel-opacity\"\/>\n\n\n\n<ul class=\"wp-block-list\">\n<li><strong>Ebene 5: Gro\u00dfe Wartung<\/strong><\/li>\n<\/ul>\n\n\n\n<p>Diese Wartung sollte von qualifiziertem Personal f\u00fcr den Werkzeugbau durchgef\u00fchrt werden.<\/p>\n\n\n\n<p>Sie sollte durchgef\u00fchrt werden, wenn entweder die Form die erforderliche Anzahl von Zyklen f\u00fcr die Wartung, \u00fcberm\u00e4\u00dfige Abnutzung oder Besch\u00e4digung des Werkzeugs erreicht hat.<\/p>\n\n\n\n<p>Das F\u00fchren von Aufzeichnungen ist hier sehr wichtig.<\/p>\n\n\n\n<p>Bevor mit der Wartung begonnen wird, sollten vier vollst\u00e4ndige Aufnahmen (Teile, Ang\u00fcsse und Kufen) zusammen mit den Werkzeugen zur Untersuchung geliefert werden.<\/p>\n\n\n\n<p>Zwei Aufnahmen sollten von der ersten Formqualifikation stammen.<\/p>\n\n\n\n<p>Dadurch wird visuell festgehalten, was akzeptabel war, als die Form noch neu und voll funktionsf\u00e4hig war.<\/p>\n\n\n\n<p>Bei den zweiten beiden Aufnahmen sollte es sich um die letzten Teile handeln, die produziert wurden, bevor das Werkzeug zur Wartung abgezogen wurde.<\/p>\n\n\n\n<p>Ein Vergleich der Vorher- und Nachher-Aufnahmen gibt einen hervorragenden Hinweis auf die Abnutzung und den Missbrauch des Werkzeugs.<\/p>\n\n\n\n<p>Alle Komponenten, deren Austausch beschlossen und genehmigt wurde, sollten entfernt und neue Komponenten entsprechend der urspr\u00fcnglichen Konstruktion konstruiert und eingebaut werden, wenn keine zuvor zertifizierten Ersatzkomponenten verf\u00fcgbar sind.<\/p>\n\n\n\n<p>Verschlissene F\u00fchrungsbolzen, Buchsen und alle beweglichen Lagerfl\u00e4chen sollten auf Verschlei\u00df gepr\u00fcft und bei Bedarf ersetzt\/repariert werden.<\/p>\n\n\n\n<p>Die Oberfl\u00e4chen der Platten und des Formhohlraums sollten auf Parallelen gepr\u00fcft und bei Bedarf plan geschliffen werden; die Oberfl\u00e4che des Formhohlraums sollte gereinigt und poliert werden, um den urspr\u00fcnglichen Oberfl\u00e4chenanforderungen zu entsprechen.<\/p>\n\n\n\n<p>Beulen, Dellen und Beulen sollten ausgearbeitet werden, bis die Oberfl\u00e4che den urspr\u00fcnglichen Druckspezifikationen entspricht.<\/p>\n\n\n\n<p>Alle Komponenten, die nicht den urspr\u00fcnglichen Spezifikationen entsprechen, sollten repariert, ersetzt und bei Bedarf neu qualifiziert werden.<\/p>\n\n\n\n<p>Alle plattierten Bauteile sollten abgenommen und bei Bedarf erneuert werden.<\/p>\n\n\n\n<p>Alle Komponenten, die eine spezielle Oberfl\u00e4chenbehandlung f\u00fcr Korrosionsbest\u00e4ndigkeit, Schmierf\u00e4higkeit, H\u00e4rte und dergleichen erfahren haben, sollten erneut behandelt werden, um den urspr\u00fcnglichen Zweck des Werkzeugs zu gew\u00e4hrleisten.<\/p>\n\n\n\n<p>Alle beweglichen Teile sollten auf ihre Leichtg\u00e4ngigkeit \u00fcberpr\u00fcft werden. Falls erforderlich, sollten Anpassungen vorgenommen werden.<\/p>\n\n\n\n<p>Alle R\u00fcckholfedern in der Auswerferplatte sollten durch neue Federn ersetzt werden, um Erm\u00fcdung zu vermeiden.<\/p>\n\n\n\n<p>Alle Wasserleitungen sollten mit Entkalkungsmittel gesp\u00fclt werden, um Kalkablagerungen zu entfernen.<\/p>\n\n\n\n<p>Alle \"O\"-Ringe, internen Stopfen, Dichtungen und Dichtungsringe sollten ersetzt werden.<\/p>\n\n\n\n<p>Bei Werkzeugen, die eine hohe Produktion erfordern, sollten die Hohlr\u00e4ume entfernt und spannungsarmgegl\u00fcht werden, um Kaltverfestigung und Materialverspr\u00f6dung zu vermeiden.<\/p>\n\n\n\n<p>Die gesamte Form\/der gesamte Kavit\u00e4tensatz muss erneut gepr\u00fcft und qualifiziert werden, als w\u00e4re es eine neue Kavit\u00e4t.<\/p>\n\n\n\n<p>Der Formboden ist auf Risse, Aush\u00e4rtung, Korrosion usw. zu untersuchen. Wurde der Formboden aus Gr\u00fcnden der Korrosionsbest\u00e4ndigkeit beschichtet oder lackiert, ist die Beschichtung zu entfernen, der Boden zu reinigen und die Beschichtung erneut aufzutragen.<\/p>\n\n\n\n<p>Die Kennzeichnung der Form muss neu erstellt werden, um anzuzeigen, dass das Werkzeug wiederhergestellt wurde.<\/p>\n\n\n\n<p>Die Oberfl\u00e4che des Hohlraums ist auf Abnutzung oder Erosion der Beschichtung oder Textur zu untersuchen.<\/p>\n\n\n\n<p>Wenn es sich als notwendig erweist, sind die Hohlraumoberfl\u00e4chen zu entfernen und neu zu beschichten, oder die Textur ist abzuschleifen und dann eine neue Textur aufzubringen.<\/p>\n\n\n\n<p><strong>250.000 Zyklen oder die H\u00e4lfte des erwarteten Lebensvolumens<\/strong><\/p>\n\n\n\n<figure class=\"wp-block-image\"><img decoding=\"async\" src=\"http:\/\/i1283.photobucket.com\/albums\/a555\/stevenchengcn\/QQ20150821094654_zpst17qsbsv.png\" alt=\"\"\/><\/figure>","protected":false},"excerpt":{"rendered":"<p>Before the mold is removed from the press, it is to be heated (if the mold is chilled)so that all surface condensation is evaporated. With the mold still warm, internal mold surfaces should be gently cleaned with shop safety solvent to remove any residual dirt and grime, the ejector system moved fully forward, then sprayed [&hellip;]<\/p>\n","protected":false},"author":3,"featured_media":0,"parent":0,"menu_order":0,"comment_status":"closed","ping_status":"open","template":"","meta":{"footnotes":""},"class_list":["post-3601","page","type-page","status-publish","hentry"],"blocksy_meta":{"styles_descriptor":{"styles":{"desktop":"","tablet":"","mobile":""},"google_fonts":[],"version":6}},"_links":{"self":[{"href":"https:\/\/myplasticmold.com\/de\/wp-json\/wp\/v2\/pages\/3601","targetHints":{"allow":["GET"]}}],"collection":[{"href":"https:\/\/myplasticmold.com\/de\/wp-json\/wp\/v2\/pages"}],"about":[{"href":"https:\/\/myplasticmold.com\/de\/wp-json\/wp\/v2\/types\/page"}],"author":[{"embeddable":true,"href":"https:\/\/myplasticmold.com\/de\/wp-json\/wp\/v2\/users\/3"}],"replies":[{"embeddable":true,"href":"https:\/\/myplasticmold.com\/de\/wp-json\/wp\/v2\/comments?post=3601"}],"version-history":[{"count":0,"href":"https:\/\/myplasticmold.com\/de\/wp-json\/wp\/v2\/pages\/3601\/revisions"}],"wp:attachment":[{"href":"https:\/\/myplasticmold.com\/de\/wp-json\/wp\/v2\/media?parent=3601"}],"curies":[{"name":"wp","href":"https:\/\/api.w.org\/{rel}","templated":true}]}}