{"id":201,"date":"2012-07-15T09:54:41","date_gmt":"2012-07-15T09:54:41","guid":{"rendered":"https:\/\/myplasticmold.com\/?page_id=201"},"modified":"2020-10-23T09:53:12","modified_gmt":"2020-10-23T01:53:12","slug":"mulltonnenform-aus-kunststoff","status":"publish","type":"page","link":"https:\/\/myplasticmold.com\/de\/mulltonnenform-aus-kunststoff","title":{"rendered":"Industrial Plastic Dustbin (Abfalleimer und M\u00fclltonne) Form aus China Plastic Dustbin Mold Lieferant und Exporteur"},"content":{"rendered":"<h2>Industrail Plastic Dustbin Mould, Abfallbeh\u00e4lter Form und M\u00fclltonne Form machen<\/h2>\n<p><img loading=\"lazy\" decoding=\"async\" class=\"alignnone wp-image-5606\" title=\"\" src=\"https:\/\/myplasticmold.com\/wp-content\/uploads\/2020\/04\/dustbin_mould_fbxxqq.jpg\" alt=\"\" width=\"665\" height=\"925\" srcset=\"https:\/\/myplasticmold.com\/wp-content\/uploads\/2020\/04\/dustbin_mould_fbxxqq.jpg 665w, https:\/\/myplasticmold.com\/wp-content\/uploads\/2020\/04\/dustbin_mould_fbxxqq-216x300.jpg 216w\" sizes=\"auto, (max-width: 665px) 100vw, 665px\" \/><\/p>\n<p><strong>120L M\u00fclltonnenform\/M\u00fclltonnenform\/M\u00fclltonnenform<\/strong><\/p>\n<ul>\n<li>Hohlraum :1<\/li>\n<li>M\u00fclltonne Gr\u00f6\u00dfe:932*492*550mm<\/li>\n<li>\u00a0Lebensdauer der Form:200.000 Sch\u00fcsse<\/li>\n<li>Einspritzkanal (K\u00f6rper): Kaltkanal<\/li>\n<li>Einspritz\u00f6ffnung (Deckel): 1 Tropfen Hei\u00dfkanal, Heizschlange: \"HOTSET\" Marke, Deutschland original.<\/li>\n<li><a title=\"Formstahl\" href=\"https:\/\/myplasticmold.com\/plastic-mold-steel.html\/\">Formstahl<\/a>:P20<\/li>\n<li>Kunststoff Material:<a title=\"HDPE\" href=\"https:\/\/en.wikipedia.org\/wiki\/High-density_polyethylene\" target=\"_blank\" rel=\"noopener noreferrer\">HDPE<\/a><\/li>\n<\/ul>\n<h2>Herstellung und Entwurf von M\u00fclltonnenformen<\/h2>\n<p>Die konstruktiven Anforderungen an einen geformten Kunststoffabfalleimer lassen es gelegentlich nicht zu, dass der Abfalleimer direkt aus dem Boden entnommen werden kann. <a title=\"M\u00fclltonnenform aus Kunststoff\" href=\"https:\/\/myplasticmold.com\/de\/mulltonnenform-aus-kunststoff\">M\u00fclltonnenform aus Kunststoff<\/a> wenn er sich \u00f6ffnet. Dies ist der Fall, wenn der Kunststoffm\u00fclleimer <strong>Unterschnitt in Bezug auf die Bewegungslinie oder die \u00d6ffnungs- und Schlie\u00dflinie der Form<\/strong>. In der Regel wird das Design so weit wie m\u00f6glich ver\u00e4ndert, um die einfachste Form zu erstellen.<\/p>\n<p><a href=\"https:\/\/myplasticmold.com\/wp-content\/uploads\/2012\/07\/square-dustbin.jpg\" target=\"_blank\" rel=\"noopener noreferrer\"><img loading=\"lazy\" decoding=\"async\" class=\"alignleft wp-image-325\" title=\"quadratische M\u00fclltonnenform\" src=\"https:\/\/myplasticmold.com\/wp-content\/uploads\/2020\/04\/square-dustbin_shk27i.jpg\" alt=\"M\u00fclltonnenform\" width=\"220\" height=\"225\" \/><\/a>Der Lose-Stab-Typ von <strong>M\u00fclltonnen-Spritzgussform<\/strong> ist eine n\u00fctzliche Konstruktion zur \u00dcberwindung der Schwierigkeiten beim Auswerfen eines M\u00fcllbeh\u00e4lters mit langem Zug und d\u00fcnnem Querschnitt. Der in Abb. 1 gezeigte Schiebekastendeckel ist ein typisches Beispiel f\u00fcr eine M\u00fclltonne, die aufgrund des langen Zugs (4 Zoll) und des d\u00fcnnen Querschnitts (0,040 Zoll) nicht ohne weiteres direkt ausgeworfen werden kann. Das f\u00fcr den direkten Auswurf beim \u00d6ffnen der Presse erforderliche endseitige Ausformen ist bei diesen Merkmalen unpraktisch. Der Grund daf\u00fcr ist, dass die Wirkung des Auswerfermechanismus vom \u00d6ffnungsweg abh\u00e4ngt. Au\u00dferdem w\u00e4re die Form ziemlich sperrig - sie w\u00e4re mindestens doppelt so lang wie die M\u00fclltonne, um Platz f\u00fcr die M\u00fclltonne und den Auswerferweg zu schaffen. Durch das Gie\u00dfen \u00fcber einen Kern, der an einer losen Stange befestigt ist, ist es m\u00f6glich, die Beschriftung auf der Oberseite der Schachtel zu gie\u00dfen, da sie beim \u00d6ffnen der Form direkt aus dem Hohlraum gezogen wird. Die Form f\u00fcr den Schachteldeckel mit losem Stab ist in Abb. 1 dargestellt. Dargestellt sind eine Seitenansicht und eine Ansicht mit Blick auf die Auswerferplatte. Die Stange ist manuell zu entfernen und durch eine zweite Stange zu ersetzen, so dass die M\u00fclltonnen auf einer Werkbank ausgeschalt werden k\u00f6nnen, w\u00e4hrend sich die zweite Stange in der Form befindet. Eine Auswerfervorrichtung ist nicht erforderlich. Die Form ist einfach und besteht aus vorderen und hinteren Adapterplatten, Hohlraumbl\u00f6cken und Halterung, loser Stangen- und Kernbaugruppe, F\u00fchrungsstiften und Halteplatte sowie dem Anschnittsystem.<\/p>\n<h2>Adapterplatten<\/h2>\n<p><img loading=\"lazy\" decoding=\"async\" class=\"alignright wp-image-324\" title=\"M\u00fclltonnenform\" src=\"https:\/\/myplasticmold.com\/wp-content\/uploads\/2020\/04\/dustbin_oofrdp.jpg\" alt=\"M\u00fclltonnenform\" width=\"238\" height=\"238\" srcset=\"https:\/\/myplasticmold.com\/wp-content\/uploads\/2020\/04\/dustbin_oofrdp.jpg 350w, https:\/\/myplasticmold.com\/wp-content\/uploads\/2020\/04\/dustbin_oofrdp-300x300.jpg 300w, https:\/\/myplasticmold.com\/wp-content\/uploads\/2020\/04\/dustbin_oofrdp-150x150.jpg 150w\" sizes=\"auto, (max-width: 238px) 100vw, 238px\" \/>Die beiden Adapterplatten dienen als Tr\u00e4gerplatten f\u00fcr F\u00fchrungsstifte, Buchsen und Hohlraumbl\u00f6cke. Die Auswurfendplatte (Einzelheit 1) braucht nicht geh\u00e4rtet zu werden, da die F\u00fchrungsstifte praktisch keine Neigung zur <a title=\"Waschbecken\" href=\"https:\/\/myplasticmold.com\/sink.html\/\">Waschbecken<\/a> in. Diese Platte wird aus einfachem Flachstahl hergestellt, wobei auch kaltgewalzter Stahl verwendet werden kann. Wenn die Platte flach geschliffen werden soll, sollte Maschinenstahl verwendet werden, da er sich nicht verzieht, wenn die Haut entfernt wird. Die Einspritz-Endplatte (Detail 10) wird st\u00e4rker beansprucht, da sie die Tr\u00e4gerplatte f\u00fcr die Hohlraumbl\u00f6cke ist. Sie sollte geh\u00e4rtet werden. Diese Platte hat einen kreisf\u00f6rmigen Befestigungsvorsprung und ist f\u00fcr den Eintritt des Einspritzzylinders durchbohrt. Am Adapter f\u00fcr das Aussto\u00dfende ist kein Montagevorsprung abgebildet, da einige Konstrukteure es vorziehen, dieses Ende frei schweben zu lassen und durch die F\u00fchrungsstifte zu fixieren. Ein gro\u00dfes Loch im Pressentisch ist nicht w\u00fcnschenswert, da es den Tisch so schw\u00e4cht, dass er sich verbiegen kann. Auf der Einspritzseite ist ein relativ gro\u00dfes Loch erforderlich, damit der Einspritzzylinder so nah wie m\u00f6glich an der Form eindringen kann, um eine \u00fcberm\u00e4\u00dfige Abk\u00fchlung des Kunststoffs auf seinem Weg durch die D\u00fcse in den Anguss zu verhindern. Aus diesem Grund ist auf der Adapterplatte f\u00fcr die Einspritzseite ein Montagevorsprung vorgesehen.<\/p>\n<p><img loading=\"lazy\" decoding=\"async\" class=\"alignnone wp-image-5607\" title=\"\" src=\"https:\/\/myplasticmold.com\/wp-content\/uploads\/2020\/04\/123_emzv2o.png\" alt=\"M\u00fclltonnenform\" width=\"595\" height=\"751\" srcset=\"https:\/\/myplasticmold.com\/wp-content\/uploads\/2020\/04\/123_emzv2o.png 595w, https:\/\/myplasticmold.com\/wp-content\/uploads\/2020\/04\/123_emzv2o-238x300.png 238w\" sizes=\"auto, (max-width: 595px) 100vw, 595px\" \/><\/p>\n<p>Abb. 1.<\/p>\n<p>Topworks,Ein engagiertes <a href=\"https:\/\/myplasticmold.com\/de\/mulltonnenform-aus-kunststoff\">M\u00fclltonnenform<\/a> und <a href=\"https:\/\/myplasticmold.com\/de\/mulltonnenform-aus-kunststoff\">M\u00fclltonnenformenbauer<\/a><\/p>\n<p>&nbsp;<\/p>","protected":false},"excerpt":{"rendered":"<p>Industrail Plastic Dustbin Mould,waste bin mould and garbage bin mould making 120L Dustbin Mould\/ Garbage bin Mould \/Trash Bin Mould Cavity :1 dustbin\u00a0Size:932*492*550mm \u00a0Mold Life:200,000\u00a0\u00a0shots Injection Gate(Body):cold runner Injection Gate(Lid):1\u00a0drop hot runner,heat coil:\u201dHOTSET\u201d\u00a0 brand,Germany original. Mold Steel:P20 Plastic Material:HDPE Dustbin\u00a0mold making and design Design requirements of a molded plastic dustbin\u00a0occasionally do not allow the\u00a0dustbin\u00a0to be [&hellip;]<\/p>\n","protected":false},"author":3,"featured_media":0,"parent":0,"menu_order":0,"comment_status":"open","ping_status":"open","template":"template_leftsidebar.php","meta":{"footnotes":""},"class_list":["post-201","page","type-page","status-publish","hentry"],"blocksy_meta":{"styles_descriptor":{"styles":{"desktop":"","tablet":"","mobile":""},"google_fonts":[],"version":6}},"_links":{"self":[{"href":"https:\/\/myplasticmold.com\/de\/wp-json\/wp\/v2\/pages\/201","targetHints":{"allow":["GET"]}}],"collection":[{"href":"https:\/\/myplasticmold.com\/de\/wp-json\/wp\/v2\/pages"}],"about":[{"href":"https:\/\/myplasticmold.com\/de\/wp-json\/wp\/v2\/types\/page"}],"author":[{"embeddable":true,"href":"https:\/\/myplasticmold.com\/de\/wp-json\/wp\/v2\/users\/3"}],"replies":[{"embeddable":true,"href":"https:\/\/myplasticmold.com\/de\/wp-json\/wp\/v2\/comments?post=201"}],"version-history":[{"count":0,"href":"https:\/\/myplasticmold.com\/de\/wp-json\/wp\/v2\/pages\/201\/revisions"}],"wp:attachment":[{"href":"https:\/\/myplasticmold.com\/de\/wp-json\/wp\/v2\/media?parent=201"}],"curies":[{"name":"wp","href":"https:\/\/api.w.org\/{rel}","templated":true}]}}