{"id":190,"date":"2012-07-15T09:50:43","date_gmt":"2012-07-15T09:50:43","guid":{"rendered":"https:\/\/myplasticmold.com\/?page_id=190"},"modified":"2024-08-31T20:03:44","modified_gmt":"2024-08-31T12:03:44","slug":"plastikhockerform","status":"publish","type":"page","link":"https:\/\/myplasticmold.com\/de\/plastikhockerform","title":{"rendered":"Kunststoffform f\u00fcr Hocker und Tische, Form f\u00fcr Toilettenhocker, Unternehmen aus China"},"content":{"rendered":"<figure class=\"wp-block-image aligncenter wp-image-6388\"><img loading=\"lazy\" decoding=\"async\" width=\"960\" height=\"1280\" src=\"https:\/\/myplasticmold.com\/wp-content\/uploads\/2020\/04\/mmexport1497921566374_dqcjr8.jpg\" alt=\"Kunststoffhocker Form China\" class=\"wp-image-6388\" srcset=\"https:\/\/myplasticmold.com\/wp-content\/uploads\/2020\/04\/mmexport1497921566374_dqcjr8.jpg 960w, https:\/\/myplasticmold.com\/wp-content\/uploads\/2020\/04\/mmexport1497921566374_dqcjr8-225x300.jpg 225w, https:\/\/myplasticmold.com\/wp-content\/uploads\/2020\/04\/mmexport1497921566374_dqcjr8-768x1024.jpg 768w\" sizes=\"auto, (max-width: 960px) 100vw, 960px\" \/><figcaption class=\"wp-element-caption\">Hockerform<\/figcaption><\/figure>\n\n\n\n<p>Suchen Sie einen Hersteller und Designer von Kunststoffformen f\u00fcr Hocker, der die Rentabilit\u00e4t Ihres Unternehmens steigern kann? Topworks Plastic Mold bietet einen umfassenden Service f\u00fcr kundenspezifische Hockerformen und ist die richtige Adresse daf\u00fcr.<\/p>\n\n\n\n<p>Sie zu betreuen ist unser oberstes Ziel. Wir sind in der Lage, Hockerformen zu wettbewerbsf\u00e4higen Preisen zu produzieren, herzustellen und zu vertreiben, die den h\u00f6chsten Qualit\u00e4tsstandards entsprechen, und wir sind international wettbewerbsf\u00e4hig.<\/p>\n\n\n\n<p>Aus diesem Grund bieten wir eine breite Palette von Werkzeug-, Fertigungs- und Versanddienstleistungen an, die Ihnen helfen, Ihr Hockerformkonzept zu verwirklichen.<\/p>\n\n\n\n<p>Jede Phase Ihres Produktlebenszyklus wird durch unseren Prozess vereinfacht; von der Konzeptphase und dar\u00fcber hinaus bis hin zu einer laufenden Arbeit rationalisiert unser Service Ihren Prozess in jeder Phase.<\/p>\n\n\n\n<div class=\"wp-block-qubely-button qubely-block-7fdd18\" data-qubelyanimation=\"{&quot;animation&quot;:&quot;bounce&quot;,&quot;name&quot;:&quot;bounceCenter&quot;,&quot;repeat&quot;:&quot;once&quot;,&quot;direction&quot;:&quot;Center&quot;,&quot;duration&quot;:1000,&quot;delay&quot;:0,&quot;curve&quot;:&quot;ease-in-out&quot;,&quot;openAnimation&quot;:1}\"><div class=\"qubely-block-btn-wrapper\"><div class=\"qubely-block-btn\"><a class=\"qubely-block-btn-anchor is-large\" href=\"#\"><i class=\"qubely-btn-icon fas fa-hand-point-right\"><\/i><strong><span data-fontsize=\"22\" style=\"font-size: 22px;\" class=\"qubely-custom-font\">ERHALTEN SIE EIN KOSTENLOSES ANGEBOT, PREIS 30% NIEDRIGER UND LIEFERUNG 10 TAGE WENIGER<\/span><\/strong><\/a><\/div><\/div><\/div>\n\n\n\n<h1 class=\"wp-block-heading\">Hockerform aus Kunststoff<\/h1>\n\n\n\n<ul class=\"wp-block-list\">\n<li><a href=\"https:\/\/myplasticmold.com\/de\/plastikhockerform\"><strong>Plastikhockerform<\/strong><\/a><\/li>\n\n\n\n<li>Hohlraum:1<\/li>\n\n\n\n<li>Hei\u00dfkanal:1 Tropfen mit \"HOTSET\"-Heizspiralen<\/li>\n\n\n\n<li><strong>Plastikhockerform<\/strong> Hohlraumstahl:P20<\/li>\n\n\n\n<li><strong>Plastikhockerform<\/strong> Kernstahl:P20<\/li>\n\n\n\n<li>Kunststoff:PP<\/li>\n\n\n\n<li>Zykluszeit:40 Sek.<\/li>\n\n\n\n<li>Lieferzeit:35 Tage<\/li>\n<\/ul>\n\n\n\n<h2 class=\"wp-block-heading\">Kauf einer Kunststoffform f\u00fcr Hocker aus China<\/h2>\n\n\n\n<p>Der Kauf einer Hockerform aus Kunststoff in China mag \u00fcberw\u00e4ltigend erscheinen; mit der richtigen Strategie ist es jedoch ein einfacher und angenehmer Vorgang. Stellen Sie sicher, dass Sie Ihre Hausaufgaben machen und effektiv kommunizieren, dass Sie die Qualit\u00e4t Ihres Produkts in den Vordergrund stellen und dass Sie eine langfristige Perspektive haben. Wenn Sie diese Richtlinien befolgen, sind Sie auf dem besten Weg, einen seri\u00f6sen chinesischen Hersteller zu finden und die perfekte Kunststoffform f\u00fcr Ihren Hocker zu erhalten, die Ihren Erwartungen entspricht.<\/p>\n\n\n\n<h3 class=\"wp-block-heading\">Zu beachtende Schritte<\/h3>\n\n\n\n<ul class=\"wp-block-list\">\n<li><strong>Recherchieren Sie Ihre Optionen:<\/strong> Nehmen Sie sich die Zeit, verschiedene Marken zu pr\u00fcfen. Suchen Sie nach Bewertungen und Erfahrungsberichten, um ihre Vertrauensw\u00fcrdigkeit und Qualit\u00e4t zu beurteilen.<\/li>\n\n\n\n<li><strong>Klare Kommunikation:<\/strong> Schaffen Sie offene Kommunikationskan\u00e4le mit Ihrem bevorzugten Hersteller. Klare Spezifikationen und Erwartungen k\u00f6nnen helfen, Missverst\u00e4ndnisse zu vermeiden.<\/li>\n\n\n\n<li><strong>Qualit\u00e4t geht vor Kosten:<\/strong> Auch wenn die Kosten eine wichtige Rolle spielen, k\u00f6nnen Sie langfristig Geld sparen, wenn Sie die Qualit\u00e4t Ihres Produkts in den Vordergrund stellen, indem Sie Fehler und M\u00e4ngel reduzieren.<\/li>\n\n\n\n<li><strong>Langfristige Partnerschaften:<\/strong> Erw\u00e4gen Sie den Aufbau einer dauerhaften Partnerschaft mit Ihrem Lieferanten f\u00fcr k\u00fcnftige Projekte. Dies kann zu besseren Preisen und besserem Service f\u00fchren.<\/li>\n<\/ul>\n\n\n\n<h2 class=\"wp-block-heading\">FAQs<\/h2>\n\n\n\n<h3 class=\"wp-block-heading\">Wie lange dauert es in der Regel, die Form f\u00fcr den Kunststoffhocker in China herzustellen?<\/h3>\n\n\n\n<p>Die Produktionszeit kann je nach der Komplexit\u00e4t der Form und der Arbeitsbelastung des Herstellers unterschiedlich sein. Im Allgemeinen kann der Prozess zwischen 30 und 60 Tagen dauern.<\/p>\n\n\n\n<h3 class=\"wp-block-heading\">Wie hoch ist die Lebenserwartung einer Kunststoff-Hockerform?<\/h3>\n\n\n\n<p>Bei ordnungsgem\u00e4\u00dfer Pflege kann eine hochwertige Kunststoffform f\u00fcr Hunderttausende von Zyklen verwendet werden, so dass im Laufe ihrer Lebensdauer m\u00f6glicherweise Tausende von Hockern hergestellt werden.<\/p>\n\n\n\n<h3 class=\"wp-block-heading\">Kann ich dieselbe Form f\u00fcr verschiedene Arten von Kunststoff verwenden?<\/h3>\n\n\n\n<p>Das ist zwar m\u00f6glich, aber nicht immer empfehlenswert. Verschiedene Materialien haben unterschiedliche Flie\u00df- und Schrumpfungseigenschaften, die die Endqualit\u00e4t Ihres Produkts beeinflussen k\u00f6nnen. Es ist ratsam, sich mit dem Hersteller \u00fcber Ihre spezifischen Bed\u00fcrfnisse zu beraten.\n\"`<\/p>\n\n\n\n<figure class=\"wp-block-image aligncenter is-resized\"><img loading=\"lazy\" decoding=\"async\" width=\"500\" height=\"368\" src=\"https:\/\/myplasticmold.com\/wp-content\/uploads\/2020\/10\/stool-mould1_qkxoap.jpg\" alt=\"Hockerform\" class=\"wp-image-372\" style=\"width:715px;height:526px\" srcset=\"https:\/\/myplasticmold.com\/wp-content\/uploads\/2020\/10\/stool-mould1_qkxoap.jpg 500w, https:\/\/myplasticmold.com\/wp-content\/uploads\/2020\/10\/stool-mould1_qkxoap-300x221.jpg 300w\" sizes=\"auto, (max-width: 500px) 100vw, 500px\" \/><\/figure>\n\n\n\n<div class=\"wp-block-qubely-row alignfull qubely-section qubely-block-6d709b\" data-qubelyanimation=\"{&quot;animation&quot;:&quot;bounce&quot;,&quot;name&quot;:&quot;bounceCenter&quot;,&quot;repeat&quot;:&quot;once&quot;,&quot;direction&quot;:&quot;Center&quot;,&quot;duration&quot;:1000,&quot;delay&quot;:0,&quot;curve&quot;:&quot;ease-in-out&quot;,&quot;openAnimation&quot;:1}\"><div class=\"qubely-shape-divider qubely-top-shape\"><svg xmlns=\"http:\/\/www.w3.org\/2000\/svg\" viewbox=\"0 0 1000 80\" preserveaspectratio=\"none\">\n    <path d=\"M0,0V71.07l.22.05c2.83,1,7.45-4.57,7.45-4.57s13.36,6.34,14.9,6.6S30,76.45,30,76.45L36.7,71.5s5.4,6,8,4.95,16.19-8.88,17.73-3.55S64.2,80,65,80s5.4-5.59,6.42-5.59,11,2.79,11.82,2.79,7.71-5.84,9.25-6.6,18.24.51,22.1,2.66,14.13.13,19.79,0,25.18,1.9,25.18,1.9l8.48-1.9s0-5.46,1.8-5.2,9.25.51,9.25.51L180.34,65s20.81,2,22.1,2,2.31-3.81,4.37-3.81,14.13,3.81,15.42,3.81,9.25-3.55,11.56-3.81,8.48,5.08,10.28,5.58,55-6.6,55-6.6-.26-5.33,4.88-3.55,15.16,1.27,19.53,2,3.34,6.34,7.71,2.54,5.65-7.36,8.22-6.09,10.28,2.28,11,2.28,4.37-8.12,7.19-6.6,21.59,12.5,30.06,13.48,13.1-10.44,13.1-10.44l13.1,2.54s7.71,10.15,16.19,11.17,11,6.34,19.27,3.55,17.73-9.39,20-8.38,17.47-6.6,18.24-6.85,8.74.76,16.44.25,9.51-5.52,9.51-5.52,25.69-1.08,28.78,1.21,3.6,4.31,6.68,4.31,12.33-5.84,22.35-3.55,26,6.34,27.49,7.11,10.28-5.58,10.28-5.58,5.14,4.57,6.42,5.84,6.17.76,9.25,0,3.85-9.14,10-5.08,20.3-5.08,25.44,1S667,64,667,64s6.68-11.42,14.39-9.9S710.16,66.2,710.16,66.2l6.42-5.49,27.24-1.27s-1.28-7.11,6.17-5.33,10-.89,11-1.71,5.14-3.49,9,0,25.44,8.31,32.89,8.31,15.93-6.35,22.61-4.57,13.36-1.52,14.39-2-.77-4.65,6.42-3.47,19-.76,20.58-.25,6.17-.76,11.31-1.78,6.34-11.63,12.25-4.27,8.68,5.28,11.51,6.74,7.45,1.33,9.25,0-1.54-7.93,7.19-5.39,4.17,3.48,10.08,3,14.13,4.06,14.13,4.06,10.79-2,13.11-2.28,9.25-4.57,12.59-2.79,6.17,1.52,9,2.28,10-.51,11.82-1.78,2.57-6.35,7.71-3.55a11.91,11.91,0,0,1,3.14,2.18V0Z\" style=\"opacity:0.66\"\/>\n    <path d=\"M0,0V59.17c4.84-3,4.08,1,5.36-.23s0,0,2.57-1.27,3.08.51,7.19,1,2.83,2.54,2.83,2.54,8.74,5.08,10.28,4.57,4.88-9.14,4.37-10.15S40,61.22,40,61.22l4.37,3.3s9.76,2,11,1a59.11,59.11,0,0,1,8-4.57c1.8-.76,4.11,2.28,6.68,2.79s8.74,3.81,8.74,3.81S90.92,60.71,94,60.21s16.7,3.55,17.47,2,11.82-3,13.1-2.79,8.48,10.91,8.48,10.91l30.83-.51s6.68-6.09,7.45-7.61.26-1.78.26-1.78,9-4.57,10-4.57S193.18,61,193.18,61s10.54-4.06,14.39-5.08,6.68,1.52,12.85-2,19.79-2.79,20.56-3.3,7.45-6.34,12.85-9.39,11.31.76,13.1.76,7.71,5.33,10.79,4.57,10.28-5.33,13.62-5.33,2.83,2.28,10.28,1.78,5.91.51,12.59,4.32,8-2.29,12.85-3.55,1.8.25,4.63-.51a19,19,0,0,1,5.65-.76c1.29,0,2.57,1.52,8.74,3.55s5.91-.76,9.25-1.78,8.22-3.3,18.76-10.15,2.57,5.33,6.94,6.85,22.87,3.55,24.41,2,4.37-3,7.2-4.57,2.82-.51,3.59-.51,9,2.54,11.31,4.06,3.85,4.57,6.17,4.57,4.62-2.54,11-3.55-.26,4.82,0,5.58,2.06,0,5.4-.25,4.88-2.79,9.76-2.79,5.14,3.3,8.48,4.06,2.83,0,10.54-3.81,6.68-1.78,14.9-3.55,22.61,6.85,24.41,6.09,4.88-1.27,11.3-2.54,11.56,3,16.19,5.58,5.14-1.52,8.74-5.08,12.08.25,14.9.25,9.25-.25,13.36-.51,5.14-3,13.88-5.08,8,4.57,14.65,3.55,14.13-1.27,28-5.08,6.42,3,10.79,5.58,9,1.78,11.56,1.52S676,39.65,679.84,36.35s9.51,4.31,16.19,8.12,9.25,3.81,14.13,1.78,9.51-4.82,14.9-7.87,5.4,5.84,10,2.79,15.42.76,17.21-.25,8.48.76,15.42-1,1.8,2,7.45,6.85,3.08-2.29,15.42,1,28.52-2.29,32.89-3,4.88,5.33,9.25,5.84,5.4-4.82,9.76-7.87,17-.76,20.56-2a17.22,17.22,0,0,0,6.17-4.06s13.36,0,15.16-1.52,10.28-.76,13.36-.76,26,4.57,35.2,2.79,11.82-7.62,16.44-10.91,23.13,2.54,30.32,2.54,20.3-2.54,20.3-2.54V0Z\"\/>\n<\/svg><\/div><div class=\"qubely-row-overlay\"><\/div><div class=\"qubely-container\"><div class=\"qubely-row\">\n<div class=\"wp-block-qubely-column qubely-column qubely-column-front qubely-block-979111\"><div class=\"qubely-column-inner\">\n<div class=\"wp-block-qubely-testimonial qubely-block-8b23ca\"><div class=\"qubely-block-testimonial\"><div class=\"qubely-testimonial-author\"><div class=\"qubely-testimonial-avatar-layout-top\"><img decoding=\"async\" class=\"qubely-testimonial-avatar\" src=\"https:\/\/myplasticmold.com\/wp-content\/uploads\/2022\/05\/engineers-strategy-business-growth-develop.png\" srcset=\"\" alt=\"\"\/><div class=\"qubely-testimonial-author-info\"><div class=\"qubely-testimonial-author-name\"><span>Cristiano<\/span><\/div><div class=\"qubely-testimonial-author-designation\"><span>Professionell<\/span><\/div><\/div><\/div><\/div><div class=\"qubely-testimonial-content\"><div>\"Ich freue mich, Ihnen mitteilen zu k\u00f6nnen, dass alle Kunststoffteile perfekt sind!!! Wir sind sehr erfreut, und daher bestehen gute Chancen, unsere Beziehung f\u00fcr jedes kommende neue Projekt fortzusetzen.\"<\/div><\/div><\/div><\/div>\n<\/div><\/div>\n\n\n\n<div class=\"wp-block-qubely-column qubely-column qubely-column-front qubely-block-75ae4f\"><div class=\"qubely-column-inner\">\n<div class=\"wp-block-qubely-testimonial qubely-block-0139b5\"><div class=\"qubely-block-testimonial\"><div class=\"qubely-testimonial-author\"><div class=\"qubely-testimonial-avatar-layout-top\"><img decoding=\"async\" class=\"qubely-testimonial-avatar\" src=\"https:\/\/myplasticmold.com\/wp-content\/uploads\/2022\/05\/developers-growth-marketing-service-team.png\" srcset=\"\" alt=\"\"\/><div class=\"qubely-testimonial-author-info\"><div class=\"qubely-testimonial-author-name\"><span>Paulo<\/span><\/div><div class=\"qubely-testimonial-author-designation\"><span>Professionell<\/span><\/div><\/div><\/div><\/div><div class=\"qubely-testimonial-content\"><div>\"Steven ist ein hervorragender Fachmann mit gro\u00dfem Wissen und technischer Praxis.\"<\/div><\/div><\/div><\/div>\n<\/div><\/div>\n\n\n\n<div class=\"wp-block-qubely-column qubely-column qubely-column-front qubely-block-dbe56d\"><div class=\"qubely-column-inner\">\n<div class=\"wp-block-qubely-testimonial qubely-block-bc0b23\"><div class=\"qubely-block-testimonial\"><div class=\"qubely-testimonial-author\"><div class=\"qubely-testimonial-avatar-layout-top\"><img decoding=\"async\" class=\"qubely-testimonial-avatar\" src=\"https:\/\/myplasticmold.com\/wp-content\/uploads\/2022\/05\/engineers-strategy-business-growth-develop.png\" srcset=\"\" alt=\"\"\/><div class=\"qubely-testimonial-author-info\"><div class=\"qubely-testimonial-author-name\"><span>David<\/span><\/div><div class=\"qubely-testimonial-author-designation\"><span>Unternehmens-CEO<\/span><\/div><\/div><\/div><\/div><div class=\"qubely-testimonial-content\"><div>\"Steven ist ein sehr detailorientierter Projektmanager und Ingenieur, der Probleme kreativ l\u00f6sen kann und zudem einen hervorragenden Service bietet. Es war ein Vergn\u00fcgen, mit ihm zu arbeiten.\"<\/div><\/div><\/div><\/div>\n<\/div><\/div>\n<\/div><\/div><\/div>\n\n\n\n<h1 class=\"wp-block-heading\">Form f\u00fcr Plastikhocker, Form f\u00fcr Toilettenhocker<\/h1>\n\n\n\n<p>Die Konstrukteure m\u00fcssen sich dar\u00fcber im Klaren sein, dass unabh\u00e4ngig davon, ob die Kavit\u00e4t am Rand oder in der Mitte des Hockerprodukts angespritzt wird, der meiste oder der gesamte Kunststoff in Richtung der Trennlinie flie\u00dfen wird.<\/p>\n\n\n\n<p>Die Luft, die sich vor dem Zuhalten der Form im Hohlraum befand, muss nun nach au\u00dfen entweichen.<\/p>\n\n\n\n<ul class=\"wp-block-list\">\n<li><strong>erm\u00f6glichen ein leichtes Bef\u00fcllen des Hohlraums,<\/strong><\/li>\n\n\n\n<li><strong>das Verbrennen der Vorderkante des Kunststoffs zu verhindern, oder<\/strong><\/li>\n\n\n\n<li><strong>die M\u00f6glichkeit auszuschlie\u00dfen, dass sich im Produkt ungef\u00fcllte Stellen bilden.<\/strong><\/li>\n<\/ul>\n\n\n\n<figure class=\"wp-block-image aligncenter\"><img loading=\"lazy\" decoding=\"async\" width=\"397\" height=\"268\" src=\"https:\/\/myplasticmold.com\/wp-content\/uploads\/2020\/10\/201204111335431_qm7fn8.jpg\" alt=\"Plastikhockerform\" class=\"wp-image-368\" srcset=\"https:\/\/myplasticmold.com\/wp-content\/uploads\/2020\/10\/201204111335431_qm7fn8.jpg 397w, https:\/\/myplasticmold.com\/wp-content\/uploads\/2020\/10\/201204111335431_qm7fn8-300x203.jpg 300w\" sizes=\"auto, (max-width: 397px) 100vw, 397px\" \/><\/figure>\n\n\n\n<p>Die Entl\u00fcftung an der Trennebene ist kein Problem; daher kann eine dort endende Fl\u00e4che mit einfachen, dem Formenbauer bekannten Methoden immer gut entl\u00fcftet werden.<\/p>\n\n\n\n<p>(Leider kann das Gleiche nicht \u00fcber die Entl\u00fcftung von Rippen, Naben usw. gesagt werden; dies wird sp\u00e4ter behandelt).<\/p>\n\n\n\n<p>Die Form des Produkts an der Trennfuge muss besonders ber\u00fccksichtigt werden:<\/p>\n\n\n\n<ul class=\"wp-block-list\">\n<li><strong>Welche Form wird f\u00fcr das Produkt ben\u00f6tigt? Eine scharfe Kante? Eine abgerundete Kante?<\/strong><\/li>\n\n\n\n<li><strong>Welche Form l\u00e4sst sich beim Bau der Form leichter herstellen?<\/strong><\/li>\n<\/ul>\n\n\n\n<p>In der nachstehenden Abbildung endet die Wandfl\u00e4che mit einer scharfen Ecke (5) an der Au\u00dfenseite (der Trennlinie) und einem Radius&nbsp;<em>(R)<\/em>&nbsp;auf der Innenseite. Dies ist eine \"nat\u00fcrliche\" Form.<\/p>\n\n\n\n<p>Die Ecke&nbsp;<em>S<\/em>&nbsp;ist scharf, weil dort zwei Formteile aufeinandertreffen.<\/p>\n\n\n\n<p>Der Radius R steht f\u00fcr die Schneidecke des Fr\u00e4s-, Dreh- oder Schleifwerkzeugs, das zur Herstellung dieser Ecke verwendet wird.<\/p>\n\n\n\n<p>Um die Festigkeit des Kerns zu erh\u00f6hen (um die Kerbwirkung und die daraus resultierende Schw\u00e4che des Kerns zu verringern), sollte der Radius R so gro\u00df wie m\u00f6glich sein.<\/p>\n\n\n\n<p>Es ist nicht praktikabel, einen Eckenradius von weniger als 0,25 mm (0,010 in.) anzugeben. Bei dieser Form (Abb. 1) gibt es kein Problem mit einer Fehlanpassung zwischen Hohlraum und Kern.<\/p>\n\n\n\n<figure class=\"wp-block-image aligncenter\"><img loading=\"lazy\" decoding=\"async\" width=\"706\" height=\"207\" src=\"https:\/\/myplasticmold.com\/wp-content\/uploads\/2012\/07\/20160322170651.png\" alt=\"Plastikhockerform\" class=\"wp-image-5142\" srcset=\"https:\/\/myplasticmold.com\/wp-content\/uploads\/2012\/07\/20160322170651.png 706w, https:\/\/myplasticmold.com\/wp-content\/uploads\/2012\/07\/20160322170651-300x88.png 300w\" sizes=\"auto, (max-width: 706px) 100vw, 706px\" \/><\/figure>\n\n\n\n<p class=\"has-text-align-center\">Abb. 1<\/p>\n\n\n\n<figure class=\"wp-block-image aligncenter\"><img loading=\"lazy\" decoding=\"async\" width=\"685\" height=\"213\" src=\"https:\/\/myplasticmold.com\/wp-content\/uploads\/2012\/07\/20160322170705.png\" alt=\"20160322170705\" class=\"wp-image-5143\" srcset=\"https:\/\/myplasticmold.com\/wp-content\/uploads\/2012\/07\/20160322170705.png 685w, https:\/\/myplasticmold.com\/wp-content\/uploads\/2012\/07\/20160322170705-300x93.png 300w\" sizes=\"auto, (max-width: 685px) 100vw, 685px\" \/><\/figure>\n\n\n\n<p class=\"has-text-align-center\">Abb. 2<\/p>\n\n\n\n<p>Der Radius an der Innenseite der in Abb. 4.12 gezeigten Kavit\u00e4t sollte ebenfalls so gro\u00df wie m\u00f6glich sein, zum Teil aus denselben Gr\u00fcnden (Festigkeit), aber auch, weil eine runde Ecke die Formgebungsbedingungen verbessert, indem sie ein leichteres Flie\u00dfen um einen Radius erm\u00f6glicht.<\/p>\n\n\n\n<p>Im Gegensatz dazu erh\u00f6ht eine scharfe Ecke die Dicke des Produkts, ohne seine Festigkeit zu erh\u00f6hen.<\/p>\n\n\n\n<p>Die scharfe Ecke am oberen Ende des Kerns ist einfach herzustellen, aber sie ist nicht gut f\u00fcr den Kunststofffluss.<\/p>\n\n\n\n<p>Auf diesen Bereich werden wir sp\u00e4ter noch eingehen.<\/p>\n\n\n\n<figure class=\"wp-block-image aligncenter wp-image-5929\"><img decoding=\"async\" src=\"https:\/\/myplasticmold.com\/wp-content\/uploads\/2020\/04\/12_g74pep.jpg\" alt=\"Hocker Formenbauer\" class=\"wp-image-5929\"\/><figcaption class=\"wp-element-caption\">Hockerform<\/figcaption><\/figure>\n\n\n\n<p>In Abb. 1 ist die <strong>Plastikhockerform&nbsp;<\/strong>Die Konstruktion erfordert eine abgerundete Kante am Ende der Seitenwand, so dass die Trennlinie dorthin verschoben werden muss, wo der Radius auf die durch den Hohlraum gebildete Au\u00dfenwand trifft.<\/p>\n\n\n\n<p>In der Regel gibt es keine besonderen Gr\u00fcnde, die gegen dieses Design sprechen, au\u00dfer dass es in der Herstellung etwas teurer ist.<\/p>\n\n\n\n<p>Bei sehr leichten Produkten, insbesondere bei Verwendung des Abstreifers, kann der Radius, der in den Abstreifer geschnitten wird, dazu f\u00fchren, dass das Produkt h\u00e4ngen bleibt und nicht aus der Form f\u00e4llt.<\/p>\n\n\n\n<p>Um sicherzustellen, dass alle Teile ausgeworfen wurden, k\u00f6nnen besondere Formmerkmale wie Luftabblasung oder Formabstreifer erforderlich sein.<\/p>\n\n\n\n<p>Bei schwereren Formteilen, die vielleicht 20 Gramm oder mehr wiegen, gibt es normalerweise keine Probleme.<\/p>\n\n\n\n<p>Das Hauptproblem bei einer abgerundeten Kante am Ende der Wand besteht darin, dass eine Fehlanpassung zwischen dem Hohlraum und dem Kern m\u00f6glich ist, was zu einer kleinen, aber scharfen Ecke (Grat) f\u00fchren kann, die f\u00fcr das Produkt m\u00f6glicherweise nicht akzeptabel ist (Abb. 2).<\/p>\n\n\n\n<p>Ein Beispiel daf\u00fcr ist der Rand eines Trinkbechers, wo eine Rippe beim Trinken aus einem solchen Becher unangenehm auf den Lippen sein kann.<\/p>\n\n\n\n<p>Es gibt mehrere Methoden, um die Fehlanpassung zu vermeiden oder zu verbergen <strong>Hockerform<\/strong>:<\/p>\n\n\n\n<ol class=\"wp-block-list\">\n<li>Verringerung der erheblichen Toleranzen bei Kernen und Hohlr\u00e4umen sowie bei den Abmessungen, die die Ausrichtung (Elemente) des Kunststoffs beeinflussen <a href=\"https:\/\/myplasticmold.com\/de\/plastikhockerform\" target=\"_blank\" rel=\"noopener noreferrer\">Hockerform<\/a>. Dies kann sein&nbsp;<em>sehr teuer&nbsp;<\/em>kann (und sollte) jedoch mit qualitativ hochwertigen Formen f\u00fcr die Massenproduktion durchgef\u00fchrt werden, um sicherzustellen, dass alle Produkte der idealen Form so nahe wie m\u00f6glich kommen und dass die Formteile austauschbar sind.<\/li>\n\n\n\n<li>Korrigieren Sie die <strong>Plastikhockerform<\/strong> nach der Fertigstellung und Pr\u00fcfung: Die nicht \u00fcbereinstimmenden Bereiche werden von Hand durch Abschleifen der fehlerhaften Rippen vermengt. Dies wird h\u00e4ufig gemacht, ist aber nicht empfehlenswert, da bei Mehrkavit\u00e4tenformen oder wenn mehrere identische Formen f\u00fcr dasselbe Produkt verwendet werden, jedes Produkt aus jeder Kavit\u00e4t unterschiedlich sein kann.<\/li>\n\n\n\n<li>Entscheiden Sie, auf welcher Seite ein Grat die am wenigsten unangenehme Auswirkung auf den Endverbraucher oder die Leistung des Produkts haben w\u00fcrde, und dimensionieren Sie dann eine Seite anders als die andere, so dass im schlimmsten Fall (alle Toleranzen in die \"schlechte Richtung\"), das St\u00fcck immer noch akzeptabel f\u00fcr seine beabsichtigte Verwendung sein wird. In diesem Fall ist die halbrunde Aussparung im Abstreifer absichtlich etwas kleiner als die Dicke der Felge. Mit allen Toleranzen in der \"idealen\" Richtung, wird es eine minimale Grat sein. Wenn sich alle Toleranzen in der schlechten Richtung addieren, wird die Stufe des Grats die Summe der Toleranzen sein, ist aber immer noch akzeptabel. Im Falle eines runden Beh\u00e4lters sind die betroffenen Abmessungen die Durchmesser des Randes im Hohlraum, des Kerns und\/oder des Abstreifrings.<\/li>\n<\/ol>\n\n\n\n<p>\u00c4hnliche Methoden werden angewandt, um eine Fehlanpassung der Trennebene zu vermeiden, unabh\u00e4ngig von der Form der Trennebene: rund, oval, rechteckig, unregelm\u00e4\u00dfig oder versetzt.<\/p>\n\n\n\n<p>Die schwierigere Herausforderung besteht darin, vorauszusehen, wo eine Fehlanpassung auftreten kann, und zu bestimmen, wie das Produkt zu dimensionieren ist.<\/p>\n\n\n\n<figure class=\"wp-block-image aligncenter wp-image-6387\"><img loading=\"lazy\" decoding=\"async\" width=\"960\" height=\"1280\" src=\"https:\/\/myplasticmold.com\/wp-content\/uploads\/2020\/04\/mmexport1497921563224_blv9d5.jpg\" alt=\"Hocker Formenbauer\" class=\"wp-image-6387\" srcset=\"https:\/\/myplasticmold.com\/wp-content\/uploads\/2020\/04\/mmexport1497921563224_blv9d5.jpg 960w, https:\/\/myplasticmold.com\/wp-content\/uploads\/2020\/04\/mmexport1497921563224_blv9d5-225x300.jpg 225w, https:\/\/myplasticmold.com\/wp-content\/uploads\/2020\/04\/mmexport1497921563224_blv9d5-768x1024.jpg 768w\" sizes=\"auto, (max-width: 960px) 100vw, 960px\" \/><figcaption class=\"wp-element-caption\">Hockerform<\/figcaption><\/figure>","protected":false},"excerpt":{"rendered":"<p>Looking for a manufacturer and designer of plastic stool mould that can enhance the profitability of your company? Featuring a full-service, custom stool mould offering, Topworks Plastic mold is the place to go. Taking care of you is our primary goal. Our ability to produce, manufacture, and distribute stool mould at competitive prices meets the [&hellip;]<\/p>\n","protected":false},"author":3,"featured_media":0,"parent":0,"menu_order":0,"comment_status":"open","ping_status":"open","template":"","meta":{"footnotes":""},"class_list":["post-190","page","type-page","status-publish","hentry"],"blocksy_meta":{"styles_descriptor":{"styles":{"desktop":"","tablet":"","mobile":""},"google_fonts":[],"version":6}},"_links":{"self":[{"href":"https:\/\/myplasticmold.com\/de\/wp-json\/wp\/v2\/pages\/190","targetHints":{"allow":["GET"]}}],"collection":[{"href":"https:\/\/myplasticmold.com\/de\/wp-json\/wp\/v2\/pages"}],"about":[{"href":"https:\/\/myplasticmold.com\/de\/wp-json\/wp\/v2\/types\/page"}],"author":[{"embeddable":true,"href":"https:\/\/myplasticmold.com\/de\/wp-json\/wp\/v2\/users\/3"}],"replies":[{"embeddable":true,"href":"https:\/\/myplasticmold.com\/de\/wp-json\/wp\/v2\/comments?post=190"}],"version-history":[{"count":0,"href":"https:\/\/myplasticmold.com\/de\/wp-json\/wp\/v2\/pages\/190\/revisions"}],"wp:attachment":[{"href":"https:\/\/myplasticmold.com\/de\/wp-json\/wp\/v2\/media?parent=190"}],"curies":[{"name":"wp","href":"https:\/\/api.w.org\/{rel}","templated":true}]}}