{"id":188,"date":"2012-07-15T09:50:04","date_gmt":"2012-07-15T09:50:04","guid":{"rendered":"https:\/\/myplasticmold.com\/?page_id=188"},"modified":"2025-10-28T10:53:41","modified_gmt":"2025-10-28T02:53:41","slug":"plastikstuhlform","status":"publish","type":"page","link":"https:\/\/myplasticmold.com\/de\/plastikstuhlform","title":{"rendered":"Stuhlform, Kunststoff geformter Stuhl Hersteller in China"},"content":{"rendered":"<div class=\"wp-block-stackable-columns stk-block-columns stk-block stk-88f6981\" data-block-id=\"88f6981\"><div class=\"stk-row stk-inner-blocks stk-block-content stk-content-align stk-88f6981-column\">\n<div class=\"wp-block-stackable-column stk-block-column stk-column stk-block stk-4987bde\" data-v=\"4\" data-block-id=\"4987bde\"><div class=\"stk-column-wrapper stk-block-column__content stk-container stk-4987bde-container stk--no-background stk--no-padding\"><div class=\"stk-block-content stk-inner-blocks stk-4987bde-inner-blocks\">\n<div class=\"wp-block-stackable-heading stk-block-heading stk-block-heading--v2 stk-block stk-81a8695\" id=\"what-is-chair-mould\" data-block-id=\"81a8695\"><h2 class=\"stk-block-heading__text\">Was ist Chair Mould?<\/h2><\/div>\n\n\n\n<div class=\"wp-block-stackable-text stk-block-text stk-block stk-f96ac95\" data-block-id=\"f96ac95\"><p class=\"stk-block-text__text\">Eine Stuhlform ist ein fortschrittliches Fertigungswerkzeug, mit dem hochwertige Stuhlkomponenten hergestellt werden. Die Produktionseffizienz h\u00e4ngt von Stuhlformen ab, die sowohl Pr\u00e4zision als auch Haltbarkeit bieten.<\/p><\/div>\n<\/div><\/div><\/div>\n\n\n\n<div class=\"wp-block-stackable-column stk-block-column stk-column stk-block stk-e34a65a\" data-v=\"4\" data-block-id=\"e34a65a\"><div class=\"stk-column-wrapper stk-block-column__content stk-container stk-e34a65a-container stk--no-background stk--no-padding\"><div class=\"stk-block-content stk-inner-blocks stk-e34a65a-inner-blocks\">\n<figure class=\"wp-block-embed is-type-video is-provider-youtube wp-block-embed-youtube wp-embed-aspect-16-9 wp-has-aspect-ratio\"><div class=\"wp-block-embed__wrapper\">\n<iframe loading=\"lazy\" title=\"Ein chinesisches Unternehmen f\u00fcr Kunststoffformen und Spritzgie\u00dfen\" width=\"563\" height=\"1000\" src=\"https:\/\/www.youtube.com\/embed\/dzL2S9z4R3s?feature=oembed\" frameborder=\"0\" allow=\"accelerometer; autoplay; clipboard-write; encrypted-media; gyroscope; picture-in-picture; web-share\" referrerpolicy=\"strict-origin-when-cross-origin\" allowfullscreen><\/iframe>\n<\/div><\/figure>\n<\/div><\/div><\/div>\n<\/div><\/div>\n\n\n\n<ol class=\"wp-block-list\">\n<li><strong>Lieferanten bewerten:<\/strong><br><p>Recherchieren Sie Lieferanten von Stuhlformen, die einen guten Ruf haben. Die Wahl des Herstellers wirkt sich direkt darauf aus, wie gut Ihre Form funktioniert.<\/p><\/li>\n\n\n\n<li><strong>Bewerten Sie das Design:<\/strong><br><p>Informieren Sie sich \u00fcber die verschiedenen Designanforderungen f\u00fcr Stuhlformen. Eine bessere Produktionseffizienz wird mit gut gemachten Formen erreicht.<\/p><\/li>\n\n\n\n<li><strong>Fragen Sie nach Mustern:<\/strong><br><p>Holen Sie sich Muster von Stuhlformen von verschiedenen Herstellern. Sie sollten die Qualit\u00e4t und die Funktionen einer Stuhlform pr\u00fcfen, indem Sie bei mehreren Herstellern Muster anfordern.<\/p><\/li>\n\n\n\n<li><strong>Eine Bestellung aufgeben:<\/strong><br><p>Bestellen Sie die Stuhlform, wenn Sie mit den Mustern zufrieden sind und das Produkt Ihren Anforderungen entspricht.<\/p><\/li>\n<\/ol>\n\n\n\n<h2 class=\"wp-block-heading\">Verwendungsszenarien<\/h2>\n\n\n\n<ul class=\"wp-block-list\">\n<li>Eine effiziente Produktion vieler Stuhlteile ist durch den Einsatz von Massenproduktion m\u00f6glich.<\/li>\n\n\n\n<li>M\u00f6bel nach Ma\u00df: Ein perfekter Weg, um St\u00fchle herzustellen, die den individuellen Bed\u00fcrfnissen eines Kunden entsprechen.<\/li>\n\n\n\n<li>Herstellung eines Prototyps: Eine hervorragende L\u00f6sung, um das Design eines Stuhls zu \u00fcberpr\u00fcfen, bevor er in gr\u00f6\u00dferem Ma\u00dfstab gebaut wird.<\/li>\n<\/ul>\n\n\n\n<h1 class=\"wp-block-heading\">Stuhlform, Kunststoff geformter Stuhl<\/h1>\n\n\n\n<div class=\"wp-block-stackable-columns stk-block-columns stk-block stk-dad9bac\" data-block-id=\"dad9bac\"><div class=\"stk-row stk-inner-blocks stk-block-content stk-content-align stk-dad9bac-column\">\n<div class=\"wp-block-stackable-column stk-block-column stk-column stk-block stk-a279f90\" data-v=\"4\" data-block-id=\"a279f90\"><style>.stk-a279f90 {align-self:flex-start !important;}<\/style><div class=\"stk-column-wrapper stk-block-column__content stk-container stk-a279f90-container stk--no-background stk--no-padding\"><div class=\"has-text-align-left stk-block-content stk-inner-blocks stk-a279f90-inner-blocks\">\n<div class=\"wp-block-group is-content-justification-center is-layout-constrained wp-block-group-is-layout-constrained\">\n<p>Wir pr\u00e4sentieren unsere fortschrittliche Stuhlform, die alle Anforderungen der Industrie auf h\u00f6chstem Niveau erf\u00fcllt. Unsere langj\u00e4hrige Erfahrung in der Formenherstellung erm\u00f6glicht es uns, ein Produkt zu liefern, das hervorragende Qualit\u00e4t mit Spitzenleistung verbindet.<\/p>\n\n\n\n<h2 class=\"wp-block-heading\">Produktionskapazit\u00e4ten f\u00fcr hohe St\u00fcckzahlen<\/h2>\n\n\n\n<p>Wir sind in der Lage, viele Stuhlformen mit fortschrittlichen Verfahren herzustellen, ohne unser Qualit\u00e4tsniveau zu senken. Durch dieses effektive System erhalten Sie Ihre Stuhlformen ohne Verz\u00f6gerung, was es zur besten L\u00f6sung f\u00fcr Hersteller macht, die eine h\u00f6here Produktionsgeschwindigkeit ben\u00f6tigen.<\/p>\n\n\n\n<h2 class=\"wp-block-heading\">Schnelle und verl\u00e4ssliche Projektabwicklung<\/h2>\n\n\n\n<p>Das Design unserer Stuhlformen ist auf Langlebigkeit und exakte Pr\u00e4zision ausgelegt. Diese Stuhlformen werden unter Verwendung langlebiger Materialien in Verbindung mit modernen Konstruktionstechniken hergestellt, die sie sehr widerstandsf\u00e4hig f\u00fcr den Dauereinsatz machen und hervorragende Ergebnisse bei der Stuhlproduktion entsprechend Ihren Produktanforderungen liefern. Jeder einzelne Produktionszyklus liefert erstklassige Ergebnisse dank unserer Formen, die f\u00fcr private und gewerbliche Anwendungen eingesetzt werden.<\/p>\n<\/div>\n<\/div><\/div><\/div>\n\n\n\n<div class=\"wp-block-stackable-column stk-block-column stk-column stk-block stk-39636b3\" data-v=\"4\" data-block-id=\"39636b3\"><div class=\"stk-column-wrapper stk-block-column__content stk-container stk-39636b3-container stk--no-background stk--no-padding\"><div class=\"stk-block-content stk-inner-blocks stk-39636b3-inner-blocks\">\n<div class=\"wp-block-stackable-image stk-block-image stk-block stk-372bf83\" data-block-id=\"372bf83\"><style>.stk-372bf83 .stk-img-wrapper{width:100% !important;height:617px !important;}.stk-372bf83 .stk-img-wrapper img{object-position:67% 59% !important;}<\/style><figure><span class=\"stk-img-wrapper stk-image--shape-stretch\"><img loading=\"lazy\" decoding=\"async\" class=\"stk-img\" src=\"https:\/\/myplasticmold.com\/wp-content\/uploads\/2020\/08\/chair-mould_rxitz2.jpg\" width=\"100\" height=\"617\" alt=\"Stuhlform\"\/><\/span><\/figure><\/div>\n<\/div><\/div><\/div>\n<\/div><\/div>\n\n\n\n<div class=\"wp-block-stackable-button-group stk-block-button-group stk-block stk-fb03efd\" data-block-id=\"fb03efd\"><style>.stk-fb03efd .stk-button-group{flex-direction:row !important;}@media screen and (max-width: 1023px){.stk-fb03efd .stk-button-group{flex-direction:row !important;}}@media screen and (max-width: 767px){.stk-fb03efd .stk-button-group{flex-direction:row !important;}}<\/style><div class=\"stk-row stk-inner-blocks has-text-align-center stk-block-content stk-button-group\">\n<div class=\"wp-block-stackable-button stk-block-button has-text-align-center stk-block stk-eea1c25 stk-animate\" data-block-id=\"eea1c25\" data-stk-anim-perspective-in=\"100\" data-stk-anim-perspective-out=\"100\"><style>.stk-eea1c25 {border-top-left-radius:50px !important;border-top-right-radius:50px !important;border-bottom-right-radius:50px !important;border-bottom-left-radius:50px !important;overflow:hidden !important;box-shadow:0 0 0 1px #7878781a !important;min-height:68px !important;max-width:1500px !important;min-width:auto !important;padding-top:0px !important;padding-right:0px !important;padding-bottom:0px !important;padding-left:0px !important;margin-right:auto !important;margin-left:auto !important;flex:1 0 var(--stk-button-group-flex-wrap, 0) !important;}.stk-eea1c25 , .stk-eea1c25 .stk-button{width:100% !important;}.stk-eea1c25 .stk-button__inner-text{font-size:43px !important;}@media screen and (max-width: 1023px){.stk-eea1c25 .stk-button__inner-text{font-size:43px !important;}}<\/style><a class=\"stk-link stk-button stk--hover-effect-scale\" href=\"https:\/\/myplasticmold.com\/contact-us-2\/\" target=\"_blank\" rel=\"noreferrer noopener\"><span class=\"stk-button__inner-text\"><strong>30% niedriger und 10 Tage weniger<\/strong><\/span><\/a><\/div>\n<\/div><\/div>\n\n\n\n<figure class=\"wp-block-embed is-type-video is-provider-youtube wp-block-embed-youtube wp-embed-aspect-16-9 wp-has-aspect-ratio\"><div class=\"wp-block-embed__wrapper\">\n<iframe loading=\"lazy\" title=\"Ultimativer Leitfaden f\u00fcr Stuhlformen: Design, Produktion und Vorteile\" width=\"1220\" height=\"686\" src=\"https:\/\/www.youtube.com\/embed\/ALzRxQo78UU?feature=oembed\" frameborder=\"0\" allow=\"accelerometer; autoplay; clipboard-write; encrypted-media; gyroscope; picture-in-picture; web-share\" referrerpolicy=\"strict-origin-when-cross-origin\" allowfullscreen><\/iframe>\n<\/div><\/figure>\n\n\n\n<div class=\"wp-block-stackable-columns stk-block-columns stk-block stk-c28cb1b\" data-block-id=\"c28cb1b\"><div class=\"stk-row stk-inner-blocks stk-block-content stk-content-align stk-c28cb1b-column\">\n<div class=\"wp-block-stackable-column stk-block-column stk-column stk-block stk-3c0d64d\" data-v=\"4\" data-block-id=\"3c0d64d\"><div class=\"stk-column-wrapper stk-block-column__content stk-container stk-3c0d64d-container stk--no-background stk--no-padding\"><div class=\"stk-block-content stk-inner-blocks stk-3c0d64d-inner-blocks\">\n<div class=\"wp-block-stackable-image stk-block-image stk-block stk-1271415\" data-block-id=\"1271415\"><figure><span class=\"stk-img-wrapper stk-image--shape-stretch\"><img loading=\"lazy\" decoding=\"async\" class=\"stk-img\" src=\"https:\/\/myplasticmold.com\/wp-content\/uploads\/2020\/08\/chair_mould_maker_ghmapd.jpg\" width=\"150\" height=\"300\" alt=\"Stuhlform\"\/><\/span><\/figure><\/div>\n<\/div><\/div><\/div>\n\n\n\n<div class=\"wp-block-stackable-column stk-block-column stk-column stk-block stk-2dc23ed\" data-v=\"4\" data-block-id=\"2dc23ed\"><style>.stk-2dc23ed {align-self:flex-start !important;}<\/style><div class=\"stk-column-wrapper stk-block-column__content stk-container stk-2dc23ed-container stk--no-background stk--no-padding\"><div class=\"has-text-align-left stk-block-content stk-inner-blocks stk-2dc23ed-inner-blocks\">\n<p>Das Team des technischen Supports bietet allen Benutzern unserer Produkte kontinuierliche Unterst\u00fctzung. Das Expertenteam steht bereit, um Sie zu unterst\u00fctzen und alle Fragen zu beantworten, die Sie haben k\u00f6nnten, damit Ihr Produktionsprozess ohne Probleme unsere Stuhlformen integrieren kann. <\/p>\n\n\n\n<p>Unsere Stuhlform steht f\u00fcr eine zuverl\u00e4ssige Fertigungstechnologie, die Erfahrung, operative Exzellenz und Produktivit\u00e4t vereint. Wir sind bereit, mit Ihnen im Rahmen unserer aktuellen Kontaktinitiativen M\u00f6glichkeiten der Unternehmensf\u00f6rderung zu besprechen.<\/p>\n<\/div><\/div><\/div>\n<\/div><\/div>\n\n\n\n<div class=\"wp-block-stackable-columns stk-block-columns stk-block stk-b0dd61a\" data-block-id=\"b0dd61a\"><div class=\"stk-row stk-inner-blocks stk-block-content stk-content-align stk-b0dd61a-column\">\n<div class=\"wp-block-stackable-column stk-block-column stk-column stk-block stk-4f13d87\" data-v=\"4\" data-block-id=\"4f13d87\"><style>.stk-4f13d87 {align-self:flex-start !important;}<\/style><div class=\"stk-column-wrapper stk-block-column__content stk-container stk-4f13d87-container stk--no-background stk--no-padding\"><div class=\"has-text-align-left stk-block-content stk-inner-blocks stk-4f13d87-inner-blocks\">\n<div class=\"wp-block-group is-content-justification-center is-layout-constrained wp-block-group-is-layout-constrained\">\n<p>Topworks ist in der Lage, aus hochwertigem Kunststoff und Stahl voll funktionsf\u00e4hige Stuhlformen herzustellen, und zwar schnell und pr\u00e4zise. Au\u00dferdem k\u00f6nnen Sie die Formen genau auf Ihre Bed\u00fcrfnisse abstimmen.<\/p>\n\n\n\n<p>Und jetzt kommt das Beste: Wir k\u00f6nnen Ihre gesamte Fertigung direkt bei uns abwickeln. Ganz gleich, ob Sie ein paar kleine Formen f\u00fcr St\u00fchle oder eine ganze Reihe von Formen f\u00fcr eine gro\u00dfe Produktion ben\u00f6tigen, wir haben alles f\u00fcr Sie. Unser Dienstleistungsangebot ist so konzipiert, dass es den Bed\u00fcrfnissen eines jeden Kunden gerecht wird und Ihnen Zeit und Geld spart.<\/p>\n<\/div>\n\n\n\n<p><\/p>\n\n\n\n<p>Anordnung der Stuhlform<\/p>\n\n\n\n<div class=\"wp-block-group is-content-justification-center is-layout-constrained wp-block-group-is-layout-constrained\">\n<ul class=\"wp-block-list\">\n<li><strong>Stuhlform<\/strong>:<\/li>\n\n\n\n<li>Formhohlraum: 1<\/li>\n\n\n\n<li>Kufe: Hei\u00dfkufe<\/li>\n\n\n\n<li>Stahl f\u00fcr den Formhohlraum: P20<\/li>\n\n\n\n<li>Formkernstahl: P20<\/li>\n\n\n\n<li>Formschieber-Einsatz: DIN 1.2738 mit Nitrierung<\/li>\n\n\n\n<li>Der Kerneinsatz Aktivierung:2 Hydraulikzylinder<\/li>\n\n\n\n<li>Kunststoffmaterial: HDPE<\/li>\n<\/ul>\n<\/div>\n<\/div><\/div><\/div>\n\n\n\n<div class=\"wp-block-stackable-column stk-block-column stk-column stk-block stk-aa63359\" data-v=\"4\" data-block-id=\"aa63359\"><div class=\"stk-column-wrapper stk-block-column__content stk-container stk-aa63359-container stk--no-background stk--no-padding\"><div class=\"stk-block-content stk-inner-blocks stk-aa63359-inner-blocks\">\n<div class=\"wp-block-stackable-image stk-block-image stk-block stk-fef1416\" data-block-id=\"fef1416\"><style>.stk-fef1416 .stk-img-wrapper{width:100% !important;height:850px !important;}<\/style><figure><span class=\"stk-img-wrapper stk-image--shape-stretch\"><img loading=\"lazy\" decoding=\"async\" class=\"stk-img\" src=\"https:\/\/myplasticmold.com\/wp-content\/uploads\/2020\/08\/FB_IMG_1462969789013_tqlx8d.jpg\" width=\"100\" height=\"850\" alt=\"China Stuhlform Unternehmen\"\/><\/span><\/figure><\/div>\n<\/div><\/div><\/div>\n<\/div><\/div>\n\n\n\n<p><\/p>\n\n\n\n<div class=\"wp-block-stackable-columns stk-block-columns stk-block stk-6bd20d6\" data-block-id=\"6bd20d6\"><div class=\"stk-row stk-inner-blocks stk-block-content stk-content-align stk-6bd20d6-column\">\n<div class=\"wp-block-stackable-column stk-block-column stk-column stk-block stk-e603efe\" data-v=\"4\" data-block-id=\"e603efe\"><div class=\"stk-column-wrapper stk-block-column__content stk-container stk-e603efe-container stk--no-background stk--no-padding\"><div class=\"stk-block-content stk-inner-blocks stk-e603efe-inner-blocks\">\n<h2 class=\"wp-block-heading\">Topworks Stuhlform-Profis:<\/h2>\n\n\n\n<ol class=\"wp-block-list\">\n<li>Wir sind Profis in der Herstellung aller Arten von Gussformen, z. B. f\u00fcr Toiletten, St\u00fchle und sogar St\u00fchle f\u00fcr den Au\u00dfenbereich.<\/li>\n\n\n\n<li>Unsere Kunststoffformen f\u00fcr St\u00fchle sind erstklassig und preislich angemessen.<\/li>\n\n\n\n<li>Wir bieten regelm\u00e4\u00dfige Unterst\u00fctzung bei allen technischen Fragen und Serviceproblemen, auf die Sie sto\u00dfen.<\/li>\n\n\n\n<li>Unser Team verf\u00fcgt \u00fcber die n\u00f6tige Erfahrung und Kompetenz, um diese Aufgabe zu bew\u00e4ltigen.<\/li>\n\n\n\n<li>Die von uns entworfenen Stuhlformen werden von qualifizierten Designern angefertigt, die wissen, was sie tun.<\/li>\n\n\n\n<li>Sie k\u00f6nnen sich darauf verlassen, dass unsere Formen langlebig sind und eine lange Lebensdauer haben.<\/li>\n\n\n\n<li>Wir sind stolz darauf, perfekte und qualitativ hochwertige Arbeit zu liefern.<\/li>\n\n\n\n<li>Sie k\u00f6nnen sich darauf verlassen, dass wir Ihre Stuhlformen p\u00fcnktlich liefern.<\/li>\n<\/ol>\n<\/div><\/div><\/div>\n\n\n\n<div class=\"wp-block-stackable-column stk-block-column stk-column stk-block stk-fb4c595\" data-v=\"4\" data-block-id=\"fb4c595\"><div class=\"stk-column-wrapper stk-block-column__content stk-container stk-fb4c595-container stk--no-background stk--no-padding\"><div class=\"stk-block-content stk-inner-blocks stk-fb4c595-inner-blocks\">\n<figure class=\"wp-block-embed is-type-video is-provider-youtube wp-block-embed-youtube wp-embed-aspect-16-9 wp-has-aspect-ratio\"><div class=\"wp-block-embed__wrapper\">\n<iframe loading=\"lazy\" title=\"Ein f\u00fchrender Stuhlformenhersteller mit Sitz in China\" width=\"563\" height=\"1000\" src=\"https:\/\/www.youtube.com\/embed\/63uB-Ku3c4k?feature=oembed\" frameborder=\"0\" allow=\"accelerometer; autoplay; clipboard-write; encrypted-media; gyroscope; picture-in-picture; web-share\" referrerpolicy=\"strict-origin-when-cross-origin\" allowfullscreen><\/iframe>\n<\/div><\/figure>\n<\/div><\/div><\/div>\n<\/div><\/div>\n\n\n\n<div class=\"wp-block-stackable-columns stk-block-columns stk-block stk-f73b7cb\" data-block-id=\"f73b7cb\"><div class=\"stk-row stk-inner-blocks stk-block-content stk-content-align stk-f73b7cb-column\">\n<div class=\"wp-block-stackable-column stk-block-column stk-column stk-block stk-6eb11e9\" data-v=\"4\" data-block-id=\"6eb11e9\"><div class=\"stk-column-wrapper stk-block-column__content stk-container stk-6eb11e9-container stk--no-background stk--no-padding\"><div class=\"stk-block-content stk-inner-blocks stk-6eb11e9-inner-blocks\">\n<h2 class=\"wp-block-heading\">FAQ: <\/h2>\n\n\n\n<p><strong>Welche Arten von Stuhlformen und Hockerformen bieten Sie an?<\/strong>Wir konzentrieren uns auf Formen f\u00fcr Kunststoffst\u00fchle und -hocker, darunter Esszimmerst\u00fchle, Outdoor-Freizeitst\u00fchle, Sessel, Baby- und Kinderst\u00fchle, Barhocker, Tritthocker, Klapphocker und St\u00fchle. Auf der Grundlage Ihrer Entw\u00fcrfe oder Muster bieten wir auch Sonderanfertigungen an.<\/p>\n\n\n\n<p><strong>Welche Materialien werden f\u00fcr Ihre Gussformen verwendet?<\/strong> Typische Formenst\u00e4hle f\u00fcr St\u00fchle und Hocker sind P20, 718, S136 und NAK80, die je nach Produktanforderungen und Budget ausgew\u00e4hlt werden.<\/p>\n\n\n\n<p><strong>Tiegel<\/strong>Standard- oder kundenspezifische Stopper: hochpr\u00e4zise F\u00fchrungsstifte, Buchsen, Heber, Schieber und Auswerfersysteme von SMC und anderen Marken. K\u00fchl- und Hei\u00dfkanalsysteme sind auf Anfrage erh\u00e4ltlich.<\/p>\n\n\n\n<p><strong>Welche Kunstharze eignen sich f\u00fcr die Formung von St\u00fchlen und Hockern?<\/strong> PP, HDPE, PC, PA+GF (f\u00fcr hohe Festigkeit) und, wenn m\u00f6glich, aus recyceltem Material. Je nach erforderlicher Festigkeit, Oberfl\u00e4chenbeschaffenheit und Preis w\u00e4hlen wir das am besten geeignete Harz aus.<\/p>\n\n\n\n<p><strong>K\u00f6nnen Sie Formen nach meiner Zeichnung oder meinem Muster entwickeln?<\/strong> Ja. Wir entwickeln Formen auf der Grundlage von 2D\/3D-Dateien (STEP, IGES, DWG) sowie von physischen Mustern. Unser Ingenieurteam f\u00fchrt eine DFM durch und schl\u00e4gt Optionen f\u00fcr Wandst\u00e4rken, Entformungswinkel, Rippen und Anschnitte vor, woraufhin wir Ihnen einen Machbarkeitsbericht und ein Angebot unterbreiten.<\/p>\n\n\n\n<p><strong>Bieten Sie DFM und Designoptimierung an?<\/strong> Wir unterst\u00fctzen Sie bei DFM (Design for Manufacturability), Mold Flow Analysis (F\u00fcllen, Packen, K\u00fchlen, Verziehen) sowie bei der Optimierung von Zykluszeit, Festigkeit und stabiler Produktionsstruktur.<\/p>\n\n\n\n<p><strong>Was ist die typische Vorlaufzeit f\u00fcr Formen?<\/strong> 30-60 Tage f\u00fcr Standardformen von St\u00fchlen und Hockern, ab Genehmigung des Entwurfs.  Die Lieferzeiten k\u00f6nnen aufgrund der Auswahl des Stahls, der Oberfl\u00e4chenbehandlung und der Verf\u00fcgbarkeit von Hei\u00dfkan\u00e4len variieren.<\/p>\n\n\n\n<p><strong>Was ist Ihr Preismodell? <\/strong>Die Preise richten sich nach der Gr\u00f6\u00dfe und Komplexit\u00e4t des Produkts, der Stahlsorte, der Anzahl der Hohlr\u00e4ume, der Oberfl\u00e4chenbeschaffenheit und den enthaltenen Komponenten (Hei\u00dfkanal, hydraulische Kernz\u00fcge usw.). Wir erstellen detaillierte Angebote mit Angaben zum Arbeitsumfang, zu den Liefer- und Zahlungsbedingungen und zur Garantie.<\/p>\n\n\n\n<p><strong>Welche Informationen ben\u00f6tigen Sie f\u00fcr ein Angebot?<\/strong> 2D\/3D-Produktzeichnungen oder bema\u00dfte Fotos von St\u00fchlen oder Hockern (Muster) Zielmaterial (Harz), Gewicht und Wandst\u00e4rke Erwartete Jahresmenge und Zykluszeit Pressentonnage und Maschinenspezifikationen (Einspritzung, Schlie\u00dfkraft, Schussgr\u00f6\u00dfe) Erforderliche Oberfl\u00e4chen (Politur, Textur, Farbe) und Funktionstests<\/p>\n\n\n\n<p><strong>Bieten Sie Muster und Probel\u00e4ufe an?<\/strong> Ja. Wir stellen Musterteile, Pr\u00fcfberichte und Verbesserungsvorschl\u00e4ge zur Verf\u00fcgung. Fern- und Vor-Ort-Versuche, Videos und Parameterbl\u00e4tter sind verf\u00fcgbar. Es werden T0\/T1\/T2-Formversuche durchgef\u00fchrt.<\/p>\n<\/div><\/div><\/div>\n<\/div><\/div>\n\n\n\n<h2 class=\"wp-block-heading\"><strong>Herstellungsverfahren f\u00fcr Stuhl- und Toilettensitzformen<\/strong><\/h2>\n\n\n\n<div class=\"wp-block-stackable-columns stk-block-columns stk-block stk-47c5214\" data-block-id=\"47c5214\"><div class=\"stk-row stk-inner-blocks stk-block-content stk-content-align stk-47c5214-column\">\n<div class=\"wp-block-stackable-column stk-block-column stk-column stk-block stk-e225939\" data-v=\"4\" data-block-id=\"e225939\"><div class=\"stk-column-wrapper stk-block-column__content stk-container stk-e225939-container stk--no-background stk--no-padding\"><div class=\"stk-block-content stk-inner-blocks stk-e225939-inner-blocks\">\n<p>Die Herstellung von Formen f\u00fcr St\u00fchle Formen f\u00fcr Toilettensitze umfasst im Allgemeinen die folgenden Ma\u00dfnahmen:<\/p>\n\n\n\n<ol class=\"wp-block-list\">\n<li><strong>Design und Technik<\/strong>\n<ul class=\"wp-block-list\">\n<li>Anfertigung von 3D-Skizzen und CAD-Modellen entsprechend den Anforderungen der St\u00fchle.<\/li>\n\n\n\n<li>Verwenden Sie Formflussanalysen, um den Prozess der Stuhlherstellung zu kopieren.<\/li>\n\n\n\n<li>Kern, Kavit\u00e4t, Schieber und Auswerfer sind Teil einer Design-Stuhlform.<\/li>\n<\/ul>\n<\/li>\n\n\n\n<li><strong>Werkzeugbau und mechanische Bearbeitung<\/strong>\n<ul class=\"wp-block-list\">\n<li>Die Rohbl\u00f6cke werden mit Hilfe von EDM, CNC und \u00e4hnlichen Produktionsverfahren zu Teilen geformt...<\/li>\n\n\n\n<li>Die Oberfl\u00e4che des Formwerkzeugs ist frei von Unebenheiten.<\/li>\n\n\n\n<li>Legen Sie alle Teile, Hohlraum, Kern und andere, in die Stuhlform.<\/li>\n<\/ul>\n<\/li>\n\n\n\n<li><strong>Pr\u00fcfung und Validierung<\/strong>\n<ul class=\"wp-block-list\">\n<li>Durchf\u00fchrung von Trockenversuchen zur \u00dcberpr\u00fcfung von Formen und Maschinenbewegungen<\/li>\n\n\n\n<li>Durchf\u00fchrung von Tests an tats\u00e4chlichen Produktionsl\u00e4ufen und Anpassung der Parameter des Produktionsprozesses<\/li>\n\n\n\n<li>Pr\u00fcfen, ob die Leistung der Stuhlformen den Normen entspricht<\/li>\n<\/ul>\n<\/li>\n\n\n\n<li><strong>Wartung und \u00dcberwachung<\/strong>\n<ul class=\"wp-block-list\">\n<li>Achten Sie darauf, dass Sie die Schimmelpilze regelm\u00e4\u00dfig kontrollieren und reinigen.<\/li>\n\n\n\n<li>\u00dcberpr\u00fcfen Sie st\u00e4ndig die Qualit\u00e4t der Leistung.<\/li>\n\n\n\n<li>Wechseln Sie die Komponenten bei Bedarf gem\u00e4\u00df dem Wartungsplan aus.<\/li>\n<\/ul>\n<\/li>\n<\/ol>\n\n\n\n<p>Im folgenden Artikel werden die wichtigsten Schritte beschrieben. Weitere Erkl\u00e4rungen zu den spezifischen Methoden, der Ausr\u00fcstung und den \u00dcberpr\u00fcfungen und Validierungen bei jedem Schritt der Herstellung hochwertiger Stuhl- und Toilettenformen k\u00f6nnen angeboten werden.<\/p>\n<\/div><\/div><\/div>\n<\/div><\/div>","protected":false},"excerpt":{"rendered":"<p>What is Chair Mould? A chair mould functions as an advanced manufacturing tool that produces top-tier chair components. The production efficiency depends on chair moulds, which provide both precision and durability. Usage Scenarios Chair Mould, Plastic molded chair We present our advanced Chair Mould which fulfills all industry requirements at their peak. Our seasoned experience [&hellip;]<\/p>\n","protected":false},"author":3,"featured_media":0,"parent":0,"menu_order":0,"comment_status":"closed","ping_status":"open","template":"","meta":{"footnotes":""},"class_list":["post-188","page","type-page","status-publish","hentry"],"blocksy_meta":{"styles_descriptor":{"styles":{"desktop":"","tablet":"","mobile":""},"google_fonts":[],"version":6},"page_structure_type":"type-4"},"_links":{"self":[{"href":"https:\/\/myplasticmold.com\/de\/wp-json\/wp\/v2\/pages\/188","targetHints":{"allow":["GET"]}}],"collection":[{"href":"https:\/\/myplasticmold.com\/de\/wp-json\/wp\/v2\/pages"}],"about":[{"href":"https:\/\/myplasticmold.com\/de\/wp-json\/wp\/v2\/types\/page"}],"author":[{"embeddable":true,"href":"https:\/\/myplasticmold.com\/de\/wp-json\/wp\/v2\/users\/3"}],"replies":[{"embeddable":true,"href":"https:\/\/myplasticmold.com\/de\/wp-json\/wp\/v2\/comments?post=188"}],"version-history":[{"count":2,"href":"https:\/\/myplasticmold.com\/de\/wp-json\/wp\/v2\/pages\/188\/revisions"}],"predecessor-version":[{"id":12677,"href":"https:\/\/myplasticmold.com\/de\/wp-json\/wp\/v2\/pages\/188\/revisions\/12677"}],"wp:attachment":[{"href":"https:\/\/myplasticmold.com\/de\/wp-json\/wp\/v2\/media?parent=188"}],"curies":[{"name":"wp","href":"https:\/\/api.w.org\/{rel}","templated":true}]}}