{"id":138,"date":"2012-07-15T08:01:05","date_gmt":"2012-07-15T08:01:05","guid":{"rendered":"https:\/\/myplasticmold.com\/?page_id=138"},"modified":"2025-03-20T10:45:34","modified_gmt":"2025-03-20T02:45:34","slug":"automobil-kunststoffform","status":"publish","type":"page","link":"https:\/\/myplasticmold.com\/de\/automobil-kunststoffform","title":{"rendered":"Erstklassige L\u00f6sungen f\u00fcr Automobil-Spritzgussformen"},"content":{"rendered":"<figure class=\"wp-block-image is-resized\"><a href=\"https:\/\/myplasticmold.com\/wp-content\/uploads\/2020\/04\/autoparts_fbufuh.jpg\"><img loading=\"lazy\" decoding=\"async\" width=\"525\" height=\"292\" src=\"https:\/\/myplasticmold.com\/wp-content\/uploads\/2020\/04\/autoparts_fbufuh.jpg\" alt=\"Anbieter von Formen f\u00fcr die Innen- und Au\u00dfenverkleidung von Autos\" class=\"wp-image-205\" style=\"width:1080px;height:601px\" title=\"Autoteile-Schimmel\" srcset=\"https:\/\/myplasticmold.com\/wp-content\/uploads\/2020\/04\/autoparts_fbufuh.jpg 525w, https:\/\/myplasticmold.com\/wp-content\/uploads\/2020\/04\/autoparts_fbufuh-300x167.jpg 300w\" sizes=\"auto, (max-width: 525px) 100vw, 525px\" \/><\/a><\/figure>\n\n\n\n<h2 class=\"wp-block-heading\"><strong>Erstklassige L\u00f6sungen f\u00fcr Automobil-Spritzgussformen<\/strong><\/h2>\n\n\n\n<p>Wir m\u00f6chten Sie bei Topworks willkommen hei\u00dfen. Wir sind ein Pionier in der Herstellung von Spritzgussformen f\u00fcr die Automobilbranche. Als ein Unternehmen, das sich der Qualit\u00e4t verschrieben hat, bieten wir eine unschlagbare Kombination aus 15+ Jahren Wissen, fortschrittlichen Fertigungsm\u00f6glichkeiten, p\u00fcnktlicher Lieferung, langlebigen Formen und technischem Support, um Ihre Anforderungen an Kunststoffformen f\u00fcr die Automobilindustrie zu erf\u00fcllen.<\/p>\n\n\n\n<figure class=\"wp-block-embed is-type-video is-provider-youtube wp-block-embed-youtube wp-embed-aspect-16-9 wp-has-aspect-ratio\"><div class=\"wp-block-embed__wrapper\">\n<iframe loading=\"lazy\" title=\"Wie man Kunststoffformen f\u00fcr die Automobilindustrie in China kauft (Schritt-f\u00fcr-Schritt-Anleitung f\u00fcr Qualit\u00e4t und Einsparungen!)\" width=\"1220\" height=\"686\" src=\"https:\/\/www.youtube.com\/embed\/ExZdSMyuerM?feature=oembed\" frameborder=\"0\" allow=\"accelerometer; autoplay; clipboard-write; encrypted-media; gyroscope; picture-in-picture; web-share\" referrerpolicy=\"strict-origin-when-cross-origin\" allowfullscreen><\/iframe>\n<\/div><\/figure>\n\n\n\n<h3 class=\"wp-block-heading\"><strong>Warum Topworks w\u00e4hlen?<\/strong><\/h3>\n\n\n\n<h4 class=\"wp-block-heading\"><strong>Fachwissen:&nbsp;<\/strong><\/h4>\n\n\n\n<p>Unser Unternehmen verf\u00fcgt \u00fcber jahrzehntelange Erfahrung in <a href=\"https:\/\/myplasticmold.com\/de\/automobil-kunststoffform\">Auto-Spritzgussform<\/a> Dadurch kennen wir die spezifischen Anforderungen an Spritzgussformen f\u00fcr die Automobilproduktion. Das Expertenteam von Topworks verf\u00fcgt \u00fcber au\u00dfergew\u00f6hnliche F\u00e4higkeiten, um innovative L\u00f6sungen zu entwickeln, die h\u00f6chste Zuverl\u00e4ssigkeit und hohe Standards bieten.<\/p>\n\n\n\n<h4 class=\"wp-block-heading\"><strong>Leistungsstark:<\/strong>&nbsp;<\/h4>\n\n\n\n<p>Dank der modernen Fertigungsmethoden und der fortschrittlichen Technologie sind wir in der Lage, kompromisslos hochvolumige Spritzgussformen zu produzieren. Unsere Kunststoffform Design und Handwerk Linien passen von Ihren Anforderungen, auch es wird sichergestellt, um die Automobilindustrie maximale Effizienz und Leistung Anforderungen zu erf\u00fcllen.<\/p>\n\n\n\n<h4 class=\"wp-block-heading\"><strong>Schnelle Lieferung<\/strong>:&nbsp;<\/h4>\n\n\n\n<p>Die Schnelligkeit der Lieferung ist ein entscheidender Faktor in der Automobilbranche. Unser schneller Lieferservice ist das Ergebnis unseres strategischen Logistiksystems in Kombination mit unserem effizienten Workflow. Durch diese Ma\u00dfnahmen bleibt Ihr Produktionsplan intakt.<\/p>\n\n\n\n<h4 class=\"wp-block-heading\"><strong>Starke Form:<\/strong>&nbsp;<\/h4>\n\n\n\n<p>Die von uns hergestellten Formen sind f\u00fcr eine lange Lebensdauer ausgelegt. Unter Verwendung der besten Materialien (Stahl, Komponenten und Hei\u00dfkanalsystem) sowie der ausgefeiltesten Technologie stellen wir robuste, widerstandsf\u00e4hige Formen her, die extremen Druck und Temperaturen standhalten und bei jedem Einsatz gleichbleibend hochwertige, langlebige Teile produzieren.<\/p>\n\n\n\n<h4 class=\"wp-block-heading\"><strong>Technische Unterst\u00fctzung<\/strong>:&nbsp;<\/h4>\n\n\n\n<p>Auch nach der Freigabe unserer L\u00f6sungen setzen wir uns daf\u00fcr ein, dass Ihr Unternehmen erfolgreich ist. Unser technisches Hilfsprogramm bietet nicht nur umfassende Dienstleistungen wie Beratung, sondern auch Wartung und Fehlerbehebung. Ihr Gesch\u00e4ftsbetrieb wird ohne Unterbrechungen weiterlaufen. Unser professionelles Team steht bereit, um Ihnen bei der L\u00f6sung aller technischen Herausforderungen zu helfen.<\/p>\n\n\n\n<h4 class=\"wp-block-heading\"><strong>Branchen, die wir bedienen:<\/strong><\/h4>\n\n\n\n<ul class=\"wp-block-list\">\n<li>Automobil-OEMs<\/li>\n\n\n\n<li>Tier-1- und Tier-2-Lieferanten<\/li>\n\n\n\n<li>Lieferanten von Aftermarket-Teilen<\/li>\n<\/ul>\n\n\n\n<h2 class=\"wp-block-heading\"><strong>Unser Engagement:<\/strong><\/h2>\n\n\n\n<p>Wir sind Topworks Company, wir sind nicht nur ein Lieferant, wir sind Partner f\u00fcr den Erfolg Ihres Unternehmens. Wir sind stolz auf unsere Aufmerksamkeit f\u00fcr jedes Detail und unsere unersch\u00fctterlichen Standards f\u00fcr Qualit\u00e4t und kundenorientiertes Handeln. Setzen Sie sich jetzt mit uns in Verbindung, um mehr dar\u00fcber zu erfahren, was wir tun k\u00f6nnen, um Ihr Automobilgussprojekt auf ein neues Niveau zu bringen.<\/p>\n\n\n\n<h2 class=\"wp-block-heading\"><strong>Kontaktieren Sie uns:<\/strong><\/h2>\n\n\n\n<p>Wenn Sie weitere Informationen w\u00fcnschen oder ein Angebot einholen m\u00f6chten, wenden Sie sich bitte an unser Verkaufsteam hier. Lassen Sie uns den n\u00e4chsten Schritt im Automobil-Spritzgie\u00dfen machen.<\/p>\n\n\n\n<p><strong><em>Topworks bringt Exzellenz in jedes Teil.<\/em><\/strong><\/p>\n\n\n\n<figure class=\"wp-block-gallery has-nested-images columns-2 is-cropped wp-block-gallery-1 is-layout-flex wp-block-gallery-is-layout-flex\">\n<figure class=\"wp-block-image size-large\"><a href=\"https:\/\/myplasticmold.com\/wp-content\/uploads\/2023\/10\/2023-10-12-1.jpg\"><img loading=\"lazy\" decoding=\"async\" width=\"1024\" height=\"769\" data-id=\"11226\" src=\"https:\/\/myplasticmold.com\/wp-content\/uploads\/2023\/10\/2023-10-12-1-1024x769.jpg\" alt=\"Auto-Plastikform\" class=\"wp-image-11226\" srcset=\"https:\/\/myplasticmold.com\/wp-content\/uploads\/2023\/10\/2023-10-12-1-1024x769.jpg 1024w, https:\/\/myplasticmold.com\/wp-content\/uploads\/2023\/10\/2023-10-12-1-300x225.jpg 300w, https:\/\/myplasticmold.com\/wp-content\/uploads\/2023\/10\/2023-10-12-1-768x577.jpg 768w, https:\/\/myplasticmold.com\/wp-content\/uploads\/2023\/10\/2023-10-12-1-1536x1154.jpg 1536w, https:\/\/myplasticmold.com\/wp-content\/uploads\/2023\/10\/2023-10-12-1-16x12.jpg 16w, https:\/\/myplasticmold.com\/wp-content\/uploads\/2023\/10\/2023-10-12-1.jpg 1704w\" sizes=\"auto, (max-width: 1024px) 100vw, 1024px\" \/><\/a><\/figure>\n\n\n\n<figure class=\"wp-block-image size-large\"><a href=\"https:\/\/myplasticmold.com\/wp-content\/uploads\/2023\/10\/2023-10-12-2.jpg\"><img loading=\"lazy\" decoding=\"async\" width=\"1024\" height=\"769\" data-id=\"11227\" src=\"https:\/\/myplasticmold.com\/wp-content\/uploads\/2023\/10\/2023-10-12-2-1024x769.jpg\" alt=\"Automobil-Spritzgie\u00dfen\" class=\"wp-image-11227\" srcset=\"https:\/\/myplasticmold.com\/wp-content\/uploads\/2023\/10\/2023-10-12-2-1024x769.jpg 1024w, https:\/\/myplasticmold.com\/wp-content\/uploads\/2023\/10\/2023-10-12-2-300x225.jpg 300w, https:\/\/myplasticmold.com\/wp-content\/uploads\/2023\/10\/2023-10-12-2-768x577.jpg 768w, https:\/\/myplasticmold.com\/wp-content\/uploads\/2023\/10\/2023-10-12-2-1536x1154.jpg 1536w, https:\/\/myplasticmold.com\/wp-content\/uploads\/2023\/10\/2023-10-12-2-16x12.jpg 16w, https:\/\/myplasticmold.com\/wp-content\/uploads\/2023\/10\/2023-10-12-2.jpg 1704w\" sizes=\"auto, (max-width: 1024px) 100vw, 1024px\" \/><\/a><\/figure>\n\n\n\n<figure class=\"wp-block-image size-large\"><a href=\"https:\/\/myplasticmold.com\/wp-content\/uploads\/2023\/10\/2023-10-12-3.jpg\"><img loading=\"lazy\" decoding=\"async\" width=\"1024\" height=\"769\" data-id=\"11229\" src=\"https:\/\/myplasticmold.com\/wp-content\/uploads\/2023\/10\/2023-10-12-3-1024x769.jpg\" alt=\"Gie\u00dfen von Autoteilen\" class=\"wp-image-11229\" srcset=\"https:\/\/myplasticmold.com\/wp-content\/uploads\/2023\/10\/2023-10-12-3-1024x769.jpg 1024w, https:\/\/myplasticmold.com\/wp-content\/uploads\/2023\/10\/2023-10-12-3-300x225.jpg 300w, https:\/\/myplasticmold.com\/wp-content\/uploads\/2023\/10\/2023-10-12-3-768x577.jpg 768w, https:\/\/myplasticmold.com\/wp-content\/uploads\/2023\/10\/2023-10-12-3-1536x1154.jpg 1536w, https:\/\/myplasticmold.com\/wp-content\/uploads\/2023\/10\/2023-10-12-3-16x12.jpg 16w, https:\/\/myplasticmold.com\/wp-content\/uploads\/2023\/10\/2023-10-12-3.jpg 1704w\" sizes=\"auto, (max-width: 1024px) 100vw, 1024px\" \/><\/a><\/figure>\n\n\n\n<figure class=\"wp-block-image size-large\"><a href=\"https:\/\/myplasticmold.com\/wp-content\/uploads\/2023\/10\/2023-10-12-4.jpg\"><img loading=\"lazy\" decoding=\"async\" width=\"1024\" height=\"769\" data-id=\"11228\" src=\"https:\/\/myplasticmold.com\/wp-content\/uploads\/2023\/10\/2023-10-12-4-1024x769.jpg\" alt=\"Kunststoffform f\u00fcr die Automobilindustrie\" class=\"wp-image-11228\" srcset=\"https:\/\/myplasticmold.com\/wp-content\/uploads\/2023\/10\/2023-10-12-4-1024x769.jpg 1024w, https:\/\/myplasticmold.com\/wp-content\/uploads\/2023\/10\/2023-10-12-4-300x225.jpg 300w, https:\/\/myplasticmold.com\/wp-content\/uploads\/2023\/10\/2023-10-12-4-768x577.jpg 768w, https:\/\/myplasticmold.com\/wp-content\/uploads\/2023\/10\/2023-10-12-4-1536x1154.jpg 1536w, https:\/\/myplasticmold.com\/wp-content\/uploads\/2023\/10\/2023-10-12-4-16x12.jpg 16w, https:\/\/myplasticmold.com\/wp-content\/uploads\/2023\/10\/2023-10-12-4.jpg 1704w\" sizes=\"auto, (max-width: 1024px) 100vw, 1024px\" \/><\/a><\/figure>\n\n\n\n<figure class=\"wp-block-image size-large\"><a href=\"https:\/\/myplasticmold.com\/wp-content\/uploads\/2023\/10\/2023-10-12-5.jpg\"><img loading=\"lazy\" decoding=\"async\" width=\"1024\" height=\"769\" data-id=\"11230\" src=\"https:\/\/myplasticmold.com\/wp-content\/uploads\/2023\/10\/2023-10-12-5-1024x769.jpg\" alt=\"Spritzgussform f\u00fcr Automobilteile\" class=\"wp-image-11230\" srcset=\"https:\/\/myplasticmold.com\/wp-content\/uploads\/2023\/10\/2023-10-12-5-1024x769.jpg 1024w, https:\/\/myplasticmold.com\/wp-content\/uploads\/2023\/10\/2023-10-12-5-300x225.jpg 300w, https:\/\/myplasticmold.com\/wp-content\/uploads\/2023\/10\/2023-10-12-5-768x577.jpg 768w, https:\/\/myplasticmold.com\/wp-content\/uploads\/2023\/10\/2023-10-12-5-1536x1154.jpg 1536w, https:\/\/myplasticmold.com\/wp-content\/uploads\/2023\/10\/2023-10-12-5-16x12.jpg 16w, https:\/\/myplasticmold.com\/wp-content\/uploads\/2023\/10\/2023-10-12-5.jpg 1704w\" sizes=\"auto, (max-width: 1024px) 100vw, 1024px\" \/><\/a><\/figure>\n\n\n\n<figure class=\"wp-block-image size-large\"><a href=\"https:\/\/myplasticmold.com\/wp-content\/uploads\/2023\/10\/2023-10-12-6.jpg\"><img loading=\"lazy\" decoding=\"async\" width=\"1024\" height=\"769\" data-id=\"11231\" src=\"https:\/\/myplasticmold.com\/wp-content\/uploads\/2023\/10\/2023-10-12-6-1024x769.jpg\" alt=\"Spritzgussform\" class=\"wp-image-11231\" srcset=\"https:\/\/myplasticmold.com\/wp-content\/uploads\/2023\/10\/2023-10-12-6-1024x769.jpg 1024w, https:\/\/myplasticmold.com\/wp-content\/uploads\/2023\/10\/2023-10-12-6-300x225.jpg 300w, https:\/\/myplasticmold.com\/wp-content\/uploads\/2023\/10\/2023-10-12-6-768x577.jpg 768w, https:\/\/myplasticmold.com\/wp-content\/uploads\/2023\/10\/2023-10-12-6-1536x1154.jpg 1536w, https:\/\/myplasticmold.com\/wp-content\/uploads\/2023\/10\/2023-10-12-6-16x12.jpg 16w, https:\/\/myplasticmold.com\/wp-content\/uploads\/2023\/10\/2023-10-12-6.jpg 1704w\" sizes=\"auto, (max-width: 1024px) 100vw, 1024px\" \/><\/a><\/figure>\n\n\n\n<figure class=\"wp-block-image size-large\"><a href=\"https:\/\/myplasticmold.com\/wp-content\/uploads\/2023\/10\/2023-10-12-7.jpg\"><img loading=\"lazy\" decoding=\"async\" width=\"1024\" height=\"769\" data-id=\"11232\" src=\"https:\/\/myplasticmold.com\/wp-content\/uploads\/2023\/10\/2023-10-12-7-1024x769.jpg\" alt=\"Autoform\" class=\"wp-image-11232\" srcset=\"https:\/\/myplasticmold.com\/wp-content\/uploads\/2023\/10\/2023-10-12-7-1024x769.jpg 1024w, https:\/\/myplasticmold.com\/wp-content\/uploads\/2023\/10\/2023-10-12-7-300x225.jpg 300w, https:\/\/myplasticmold.com\/wp-content\/uploads\/2023\/10\/2023-10-12-7-768x577.jpg 768w, https:\/\/myplasticmold.com\/wp-content\/uploads\/2023\/10\/2023-10-12-7-1536x1154.jpg 1536w, https:\/\/myplasticmold.com\/wp-content\/uploads\/2023\/10\/2023-10-12-7-16x12.jpg 16w, https:\/\/myplasticmold.com\/wp-content\/uploads\/2023\/10\/2023-10-12-7.jpg 1704w\" sizes=\"auto, (max-width: 1024px) 100vw, 1024px\" \/><\/a><\/figure>\n<\/figure>\n\n\n\n<figure class=\"wp-block-image aligncenter size-full is-resized\"><img loading=\"lazy\" decoding=\"async\" width=\"639\" height=\"417\" src=\"https:\/\/myplasticmold.com\/wp-content\/uploads\/2020\/04\/20160523111325_mbwq8l.jpg\" alt=\"\" class=\"wp-image-6030\" style=\"width:867px;height:566px\" title=\"Auto-Grillform\" srcset=\"https:\/\/myplasticmold.com\/wp-content\/uploads\/2020\/04\/20160523111325_mbwq8l.jpg 639w, https:\/\/myplasticmold.com\/wp-content\/uploads\/2020\/04\/20160523111325_mbwq8l-300x196.jpg 300w\" sizes=\"auto, (max-width: 639px) 100vw, 639px\" \/><\/figure>\n\n\n\n<h2 class=\"wp-block-heading\">Spritzgussformen f\u00fcr die Automobilindustrie aus China kaufen: Ein Leitfaden f\u00fcr Sicherheit und Kosteneffizienz<\/h2>\n\n\n\n<h3 class=\"wp-block-heading\">I. Einleitung<\/h3>\n\n\n\n<p>Spritzgussformen f\u00fcr die Automobilindustrie gibt es schon seit vielen Jahren, um Kunststoffteile f\u00fcr Fahrzeuge herzustellen, bei denen China einen Kostenvorteil bietet. Sicherheit und Qualit\u00e4t haben oberste Priorit\u00e4t, wenn es um Komponenten f\u00fcr die Fahrzeugleistung oder die Insassensicherheit geht. Der folgende Leitfaden zeigt den wesentlichen Prozess f\u00fcr den Kauf von Spritzgie\u00dfwerkzeugen f\u00fcr die Automobilindustrie in China auf, wobei sowohl Kosteneffizienz als auch Sicherheitsanforderungen im Vordergrund stehen.<\/p>\n\n\n\n<h3 class=\"wp-block-heading\">II. Lieferanten finden<\/h3>\n\n\n\n<p>Alibaba beherbergt Tausende von Zulieferern, doch ist es schwierig, deren Erfahrung und Kompetenz \u00fcber ihre Online-Plattform zu \u00fcberpr\u00fcfen. Sie sollten sich bei Ihrer Suche auf Hersteller von Automobilteilen konzentrieren, die sowohl \u00fcber Erfahrung als auch \u00fcber eine ISO 9001-Zertifizierung verf\u00fcgen, die ein gr\u00f6\u00dferes Vertrauen bei der Auswahl von Lieferanten f\u00fcr die Produktion gew\u00e4hrleistet. Bei der Auswahl eines Zulieferers mit Fachkenntnissen im Automobilbereich sollten Sie sich auf die Zusammenarbeit mit einem professionellen Beschaffungsagenten konzentrieren, der gute Beziehungen zu vertrauensw\u00fcrdigen Formenbauern unterh\u00e4lt und in der Lage ist, die Kommunikation und die Gesch\u00e4ftsverhandlungen zu erleichtern.<\/p>\n\n\n\n<h3 class=\"wp-block-heading\">III. Kommunikation und Zusammenarbeit bei der Gestaltung<\/h3>\n\n\n\n<p>Kommunikation ist der Schl\u00fcssel. Schicken Sie Ihrem Lieferanten alle erforderlichen Spezifikationen, einschlie\u00dflich 3D-Modelle, 2D-Konstruktionszeichnungen und Materialeigenschaften sowie Toleranzanforderungen f\u00fcr Ma\u00dfangaben. Arbeiten Sie mit Ihrem Lieferanten zusammen, um Entw\u00fcrfe zu \u00e4ndern, denn so k\u00f6nnen Sie das beste Kostengleichgewicht finden, ohne Kompromisse bei der Funktionalit\u00e4t oder den Produktqualit\u00e4tsstandards einzugehen.<\/p>\n\n\n\n<h3 class=\"wp-block-heading\">IV. Qualit\u00e4t und Sicherheit<\/h3>\n\n\n\n<p>Die Sicherheit sollte niemals geopfert werden.<\/p>\n\n\n\n<p>Es sollten nur hochwertige, f\u00fcr die Automobilindustrie geeignete Materialien verwendet werden, die den Industrienormen entsprechen. Informieren Sie Ihren Lieferanten \u00fcber die erforderlichen Materialoptionen, die er auf die Anforderungen Ihrer Teileanwendung in Bezug auf Hitzebest\u00e4ndigkeit, Flammwidrigkeit und Schlagfestigkeit abstimmen wird. Die Qualit\u00e4tskontrollverfahren sollten mehrere Inspektionsstufen umfassen, beginnend mit der Bewertung des Stahlmaterials, gefolgt von Pr\u00fcfungen der Kern- und Hohlraumkomponenten und abschlie\u00dfend mit der Erstmusterpr\u00fcfung (First Article Inspection, FAI), bis das endg\u00fcltige Teil die genauen Spezifikationen erf\u00fcllt. Um zus\u00e4tzliche Sicherheit hinsichtlich der Qualit\u00e4tsstandards und der Einhaltung von Vereinbarungen zu erhalten, sollten Sie ein unabh\u00e4ngiges externes Unternehmen mit der Durchf\u00fchrung von Material- und Verarbeitungsinspektionen beauftragen.<\/p>\n\n\n\n<h3 class=\"wp-block-heading\">V. Optimierung der Kosten<\/h3>\n\n\n\n<p>Der Kostenfaktor muss ber\u00fccksichtigt werden, auch wenn sich billige L\u00f6sungen \u00fcber l\u00e4ngere Zeitr\u00e4ume hinweg oft als teurer erweisen.<\/p>\n\n\n\n<p>Treffen Sie mit den Lieferanten eine Vereinbarung \u00fcber die Komplexit\u00e4t der Formen, das Produktionsvolumen und die Zahlungsbedingungen. Recherchieren Sie anf\u00e4ngliche Preisangebote, um die Gesamtkosten zu ermitteln, die durch Nacharbeit und Garantieanspr\u00fcche aufgrund von Qualit\u00e4tsproblemen entstehen. In der vorangegangenen Erkl\u00e4rung wurde betont, dass die Optimierung des Werkzeugdesigns f\u00fcr Fertigungszwecke zu einer erheblichen Senkung der Produktionskosten f\u00fchrt. Eine Form mit optimalen Konstruktionsmerkmalen, einschlie\u00dflich geeigneter K\u00fchlkan\u00e4le und minimaler Abfallmenge sowie automatischer Teilefreigabe, senkt sowohl die Zykluszeit als auch die Kosten f\u00fcr jede produzierte Einheit. Zahlungsbedingungen und Risikominderung.<\/p>\n\n\n\n<p>Die Zahlungen sollten nach Erreichen vorher festgelegter Produktionsmeilensteine erfolgen. Eine Kombination aus Treuhandservice und offiziellen Vertr\u00e4gen mit Qualit\u00e4tsgarantie- und Streitbeilegungsbestimmungen sowie Garantieklauseln sch\u00fctzt beide Parteien.<\/p>\n\n\n\n<h3 class=\"wp-block-heading\">VII. Schlussfolgerung<\/h3>\n\n\n\n<p>Der Kauf von Automobil-Spritzgie\u00dfformen in China ist einfach. Der Prozess der Qualit\u00e4tskontrolle zusammen mit kooperativen Kommunikationsaktivit\u00e4ten gew\u00e4hrleistet eine sichere Formenproduktion f\u00fcr die Komponentenherstellung.<\/p>\n\n\n\n<figure class=\"wp-block-image aligncenter\"><img loading=\"lazy\" decoding=\"async\" width=\"2448\" height=\"2448\" src=\"https:\/\/myplasticmold.com\/wp-content\/uploads\/2020\/04\/IMG_20150724_124910_ll4y0h.jpg\" alt=\"AUTOMOBIL-SPRITZGUSSFORM\" class=\"wp-image-5131\" srcset=\"https:\/\/myplasticmold.com\/wp-content\/uploads\/2020\/04\/IMG_20150724_124910_ll4y0h.jpg 2448w, https:\/\/myplasticmold.com\/wp-content\/uploads\/2020\/04\/IMG_20150724_124910_ll4y0h-300x300.jpg 300w, https:\/\/myplasticmold.com\/wp-content\/uploads\/2020\/04\/IMG_20150724_124910_ll4y0h-1024x1024.jpg 1024w, https:\/\/myplasticmold.com\/wp-content\/uploads\/2020\/04\/IMG_20150724_124910_ll4y0h-150x150.jpg 150w, https:\/\/myplasticmold.com\/wp-content\/uploads\/2020\/04\/IMG_20150724_124910_ll4y0h-768x768.jpg 768w, https:\/\/myplasticmold.com\/wp-content\/uploads\/2020\/04\/IMG_20150724_124910_ll4y0h-1536x1536.jpg 1536w, https:\/\/myplasticmold.com\/wp-content\/uploads\/2020\/04\/IMG_20150724_124910_ll4y0h-2048x2048.jpg 2048w\" sizes=\"auto, (max-width: 2448px) 100vw, 2448px\" \/><\/figure>","protected":false},"excerpt":{"rendered":"<p>Premium Automotive Injection Mold Solutions We would like to welcome you to Topworks, We are a pioneer manufacturer in the injection mould for automotive business.&nbsp;As a company committed to quality, we provide unbeatable combination of 15+ yrs knowledge, advanced manufacturing capabilities, on-time delivery, durable molds and technical support to satisfy your automobile plastic mold requirements. [&hellip;]<\/p>\n","protected":false},"author":3,"featured_media":0,"parent":0,"menu_order":0,"comment_status":"open","ping_status":"open","template":"","meta":{"footnotes":""},"class_list":["post-138","page","type-page","status-publish","hentry"],"blocksy_meta":{"styles_descriptor":{"styles":{"desktop":"","tablet":"","mobile":""},"google_fonts":[],"version":6}},"_links":{"self":[{"href":"https:\/\/myplasticmold.com\/de\/wp-json\/wp\/v2\/pages\/138","targetHints":{"allow":["GET"]}}],"collection":[{"href":"https:\/\/myplasticmold.com\/de\/wp-json\/wp\/v2\/pages"}],"about":[{"href":"https:\/\/myplasticmold.com\/de\/wp-json\/wp\/v2\/types\/page"}],"author":[{"embeddable":true,"href":"https:\/\/myplasticmold.com\/de\/wp-json\/wp\/v2\/users\/3"}],"replies":[{"embeddable":true,"href":"https:\/\/myplasticmold.com\/de\/wp-json\/wp\/v2\/comments?post=138"}],"version-history":[{"count":0,"href":"https:\/\/myplasticmold.com\/de\/wp-json\/wp\/v2\/pages\/138\/revisions"}],"wp:attachment":[{"href":"https:\/\/myplasticmold.com\/de\/wp-json\/wp\/v2\/media?parent=138"}],"curies":[{"name":"wp","href":"https:\/\/api.w.org\/{rel}","templated":true}]}}